{"id":59867,"date":"2026-04-14T16:30:17","date_gmt":"2026-04-14T14:30:17","guid":{"rendered":"https:\/\/www.koonings.com\/product\/cosmobella-8219\/"},"modified":"2026-02-16T14:43:39","modified_gmt":"2026-02-16T13:43:39","slug":"cosmobella-8219","status":"publish","type":"product","link":"https:\/\/www.koonings.com\/de\/product\/cosmobella-8219\/","title":{"rendered":"Cosmobella 8219"},"content":{"rendered":"<p>Eine Mischung aus sexy und s\u00fc\u00df ergibt eine atemberaubende Mischung im Brautdesign 8219. Der schulterfreie Stil geht anmutig in ein eng anliegendes Korsettmieder, einen leichten Rock und einen oberschenkelhohen Schlitz \u00fcber. Diese Elemente sind mit romantischer Spitze und 3D-Bl\u00fctenbl\u00e4ttern verziert, die einen Hauch von Zartheit und Charme verleihen.  <\/p>\n","protected":false},"featured_media":55879,"template":"","meta":{"_acf_changed":false,"ghostkit_customizer_options":"","ghostkit_custom_css":"","ghostkit_custom_js_head":"","ghostkit_custom_js_foot":"","ghostkit_typography":""},"productdetails":[376,378,381],"productneck":[356],"productcolor":[392],"maat":[],"productsupplier":[400],"productsleeve":[359,363],"productcategory":[18],"productsilhouette":[384],"productstyle":[366],"class_list":["post-59867","product","type-product","status-publish","has-post-thumbnail","hentry","productdetails-376","productdetails-378","productdetails-381","productneck-356","productcolor-392","productsupplier-cosmobella","productsleeve-359","productsleeve-363","productcategory-trouwjurken","productsilhouette-384","productstyle-366"],"acf":[],"yoast_head":"<!-- This site is optimized with the Yoast SEO plugin v27.3 - https:\/\/yoast.com\/product\/yoast-seo-wordpress\/ -->\n<title>Cosmobella 8219 | Koonings<\/title>\n<meta name=\"description\" content=\"Eine Mischung aus sexy und s\u00fc\u00df ergibt eine atemberaubende Mischung im Brautdesign 8219. Der schulterfreie Stil geht anmutig in ein eng anliegendes Korsettmieder, einen leichten Rock und einen oberschenkelhohen Schlitz \u00fcber. Diese Elemente sind mit romantischer Spitze und 3D-Bl\u00fctenbl\u00e4ttern verziert, die einen Hauch von Zartheit und Charme verleihen.\" \/>\n<meta name=\"robots\" content=\"index, follow, max-snippet:-1, max-image-preview:large, max-video-preview:-1\" \/>\n<link rel=\"canonical\" href=\"https:\/\/www.koonings.com\/de\/product\/cosmobella-8219\/\" \/>\n<meta property=\"og:locale\" content=\"de_DE\" \/>\n<meta property=\"og:type\" content=\"article\" \/>\n<meta property=\"og:title\" content=\"Cosmobella 8219 | Koonings\" \/>\n<meta property=\"og:description\" content=\"Eine Mischung aus sexy und s\u00fc\u00df ergibt eine atemberaubende Mischung im Brautdesign 8219. Der schulterfreie Stil geht anmutig in ein eng anliegendes Korsettmieder, einen leichten Rock und einen oberschenkelhohen Schlitz \u00fcber. Diese Elemente sind mit romantischer Spitze und 3D-Bl\u00fctenbl\u00e4ttern verziert, die einen Hauch von Zartheit und Charme verleihen.\" \/>\n<meta property=\"og:url\" content=\"https:\/\/www.koonings.com\/de\/product\/cosmobella-8219\/\" \/>\n<meta property=\"og:site_name\" content=\"Koonings\" \/>\n<meta property=\"article:publisher\" content=\"https:\/\/www.facebook.com\/kooningstheweddingpalace\" \/>\n<meta property=\"og:image\" content=\"https:\/\/www.koonings.com\/wp-content\/uploads\/2024\/11\/49149_74f4ad00514fbf7843457827081e43223db1cadae27acb255b8e996e158fabef42364259-scaled.jpeg\" \/>\n\t<meta property=\"og:image:width\" content=\"1810\" \/>\n\t<meta property=\"og:image:height\" content=\"2560\" \/>\n\t<meta property=\"og:image:type\" content=\"image\/jpeg\" \/>\n<meta name=\"twitter:card\" content=\"summary_large_image\" \/>\n<script type=\"application\/ld+json\" class=\"yoast-schema-graph\">{\"@context\":\"https:\\\/\\\/schema.org\",\"@graph\":[{\"@type\":\"WebPage\",\"@id\":\"https:\\\/\\\/www.koonings.com\\\/de\\\/product\\\/cosmobella-8219\\\/\",\"url\":\"https:\\\/\\\/www.koonings.com\\\/de\\\/product\\\/cosmobella-8219\\\/\",\"name\":\"Cosmobella 8219 | Koonings\",\"isPartOf\":{\"@id\":\"https:\\\/\\\/www.koonings.com\\\/de\\\/#website\"},\"primaryImageOfPage\":{\"@id\":\"https:\\\/\\\/www.koonings.com\\\/de\\\/product\\\/cosmobella-8219\\\/#primaryimage\"},\"image\":{\"@id\":\"https:\\\/\\\/www.koonings.com\\\/de\\\/product\\\/cosmobella-8219\\\/#primaryimage\"},\"thumbnailUrl\":\"https:\\\/\\\/www.koonings.com\\\/wp-content\\\/uploads\\\/2024\\\/11\\\/49149_74f4ad00514fbf7843457827081e43223db1cadae27acb255b8e996e158fabef42364259-scaled.jpeg\",\"datePublished\":\"2026-04-14T14:30:17+00:00\",\"description\":\"Eine Mischung aus sexy und s\u00fc\u00df ergibt eine atemberaubende Mischung im Brautdesign 8219. Der schulterfreie Stil geht anmutig in ein eng anliegendes Korsettmieder, einen leichten Rock und einen oberschenkelhohen Schlitz \u00fcber. Diese Elemente sind mit romantischer Spitze und 3D-Bl\u00fctenbl\u00e4ttern verziert, die einen Hauch von Zartheit und Charme verleihen.\",\"breadcrumb\":{\"@id\":\"https:\\\/\\\/www.koonings.com\\\/de\\\/product\\\/cosmobella-8219\\\/#breadcrumb\"},\"inLanguage\":\"de\",\"potentialAction\":[{\"@type\":\"ReadAction\",\"target\":[\"https:\\\/\\\/www.koonings.com\\\/de\\\/product\\\/cosmobella-8219\\\/\"]}]},{\"@type\":\"ImageObject\",\"inLanguage\":\"de\",\"@id\":\"https:\\\/\\\/www.koonings.com\\\/de\\\/product\\\/cosmobella-8219\\\/#primaryimage\",\"url\":\"https:\\\/\\\/www.koonings.com\\\/wp-content\\\/uploads\\\/2024\\\/11\\\/49149_74f4ad00514fbf7843457827081e43223db1cadae27acb255b8e996e158fabef42364259-scaled.jpeg\",\"contentUrl\":\"https:\\\/\\\/www.koonings.com\\\/wp-content\\\/uploads\\\/2024\\\/11\\\/49149_74f4ad00514fbf7843457827081e43223db1cadae27acb255b8e996e158fabef42364259-scaled.jpeg\",\"width\":1810,\"height\":2560},{\"@type\":\"BreadcrumbList\",\"@id\":\"https:\\\/\\\/www.koonings.com\\\/de\\\/product\\\/cosmobella-8219\\\/#breadcrumb\",\"itemListElement\":[{\"@type\":\"ListItem\",\"position\":1,\"name\":\"Home\",\"item\":\"https:\\\/\\\/www.koonings.com\\\/de\\\/\"},{\"@type\":\"ListItem\",\"position\":2,\"name\":\"Cosmobella 8219\"}]},{\"@type\":\"WebSite\",\"@id\":\"https:\\\/\\\/www.koonings.com\\\/de\\\/#website\",\"url\":\"https:\\\/\\\/www.koonings.com\\\/de\\\/\",\"name\":\"Koonings\",\"description\":\"De grootste bruidsmodewinkel ter wereld\",\"publisher\":{\"@id\":\"https:\\\/\\\/www.koonings.com\\\/de\\\/#organization\"},\"potentialAction\":[{\"@type\":\"SearchAction\",\"target\":{\"@type\":\"EntryPoint\",\"urlTemplate\":\"https:\\\/\\\/www.koonings.com\\\/de\\\/?s={search_term_string}\"},\"query-input\":{\"@type\":\"PropertyValueSpecification\",\"valueRequired\":true,\"valueName\":\"search_term_string\"}}],\"inLanguage\":\"de\"},{\"@type\":\"Organization\",\"@id\":\"https:\\\/\\\/www.koonings.com\\\/de\\\/#organization\",\"name\":\"Koonings\",\"url\":\"https:\\\/\\\/www.koonings.com\\\/de\\\/\",\"logo\":{\"@type\":\"ImageObject\",\"inLanguage\":\"de\",\"@id\":\"https:\\\/\\\/www.koonings.com\\\/de\\\/#\\\/schema\\\/logo\\\/image\\\/\",\"url\":\"https:\\\/\\\/www.koonings.com\\\/wp-content\\\/uploads\\\/2024\\\/07\\\/logo.png\",\"contentUrl\":\"https:\\\/\\\/www.koonings.com\\\/wp-content\\\/uploads\\\/2024\\\/07\\\/logo.png\",\"width\":600,\"height\":428,\"caption\":\"Koonings\"},\"image\":{\"@id\":\"https:\\\/\\\/www.koonings.com\\\/de\\\/#\\\/schema\\\/logo\\\/image\\\/\"},\"sameAs\":[\"https:\\\/\\\/www.facebook.com\\\/kooningstheweddingpalace\",\"https:\\\/\\\/www.instagram.com\\\/kooningstheweddingpalace\",\"https:\\\/\\\/www.pinterest.com\\\/koonings\",\"https:\\\/\\\/www.youtube.com\\\/kooningstheweddingpalace\"]}]}<\/script>\n<!-- \/ Yoast SEO plugin. -->","yoast_head_json":{"title":"Cosmobella 8219 | Koonings","description":"Eine Mischung aus sexy und s\u00fc\u00df ergibt eine atemberaubende Mischung im Brautdesign 8219. Der schulterfreie Stil geht anmutig in ein eng anliegendes Korsettmieder, einen leichten Rock und einen oberschenkelhohen Schlitz \u00fcber. Diese Elemente sind mit romantischer Spitze und 3D-Bl\u00fctenbl\u00e4ttern verziert, die einen Hauch von Zartheit und Charme verleihen.","robots":{"index":"index","follow":"follow","max-snippet":"max-snippet:-1","max-image-preview":"max-image-preview:large","max-video-preview":"max-video-preview:-1"},"canonical":"https:\/\/www.koonings.com\/de\/product\/cosmobella-8219\/","og_locale":"de_DE","og_type":"article","og_title":"Cosmobella 8219 | Koonings","og_description":"Eine Mischung aus sexy und s\u00fc\u00df ergibt eine atemberaubende Mischung im Brautdesign 8219. Der schulterfreie Stil geht anmutig in ein eng anliegendes Korsettmieder, einen leichten Rock und einen oberschenkelhohen Schlitz \u00fcber. Diese Elemente sind mit romantischer Spitze und 3D-Bl\u00fctenbl\u00e4ttern verziert, die einen Hauch von Zartheit und Charme verleihen.","og_url":"https:\/\/www.koonings.com\/de\/product\/cosmobella-8219\/","og_site_name":"Koonings","article_publisher":"https:\/\/www.facebook.com\/kooningstheweddingpalace","og_image":[{"width":1810,"height":2560,"url":"https:\/\/www.koonings.com\/wp-content\/uploads\/2024\/11\/49149_74f4ad00514fbf7843457827081e43223db1cadae27acb255b8e996e158fabef42364259-scaled.jpeg","type":"image\/jpeg"}],"twitter_card":"summary_large_image","schema":{"@context":"https:\/\/schema.org","@graph":[{"@type":"WebPage","@id":"https:\/\/www.koonings.com\/de\/product\/cosmobella-8219\/","url":"https:\/\/www.koonings.com\/de\/product\/cosmobella-8219\/","name":"Cosmobella 8219 | Koonings","isPartOf":{"@id":"https:\/\/www.koonings.com\/de\/#website"},"primaryImageOfPage":{"@id":"https:\/\/www.koonings.com\/de\/product\/cosmobella-8219\/#primaryimage"},"image":{"@id":"https:\/\/www.koonings.com\/de\/product\/cosmobella-8219\/#primaryimage"},"thumbnailUrl":"https:\/\/www.koonings.com\/wp-content\/uploads\/2024\/11\/49149_74f4ad00514fbf7843457827081e43223db1cadae27acb255b8e996e158fabef42364259-scaled.jpeg","datePublished":"2026-04-14T14:30:17+00:00","description":"Eine Mischung aus sexy und s\u00fc\u00df ergibt eine atemberaubende Mischung im Brautdesign 8219. Der schulterfreie Stil geht anmutig in ein eng anliegendes Korsettmieder, einen leichten Rock und einen oberschenkelhohen Schlitz \u00fcber. Diese Elemente sind mit romantischer Spitze und 3D-Bl\u00fctenbl\u00e4ttern verziert, die einen Hauch von Zartheit und Charme verleihen.","breadcrumb":{"@id":"https:\/\/www.koonings.com\/de\/product\/cosmobella-8219\/#breadcrumb"},"inLanguage":"de","potentialAction":[{"@type":"ReadAction","target":["https:\/\/www.koonings.com\/de\/product\/cosmobella-8219\/"]}]},{"@type":"ImageObject","inLanguage":"de","@id":"https:\/\/www.koonings.com\/de\/product\/cosmobella-8219\/#primaryimage","url":"https:\/\/www.koonings.com\/wp-content\/uploads\/2024\/11\/49149_74f4ad00514fbf7843457827081e43223db1cadae27acb255b8e996e158fabef42364259-scaled.jpeg","contentUrl":"https:\/\/www.koonings.com\/wp-content\/uploads\/2024\/11\/49149_74f4ad00514fbf7843457827081e43223db1cadae27acb255b8e996e158fabef42364259-scaled.jpeg","width":1810,"height":2560},{"@type":"BreadcrumbList","@id":"https:\/\/www.koonings.com\/de\/product\/cosmobella-8219\/#breadcrumb","itemListElement":[{"@type":"ListItem","position":1,"name":"Home","item":"https:\/\/www.koonings.com\/de\/"},{"@type":"ListItem","position":2,"name":"Cosmobella 8219"}]},{"@type":"WebSite","@id":"https:\/\/www.koonings.com\/de\/#website","url":"https:\/\/www.koonings.com\/de\/","name":"Koonings","description":"De grootste bruidsmodewinkel ter wereld","publisher":{"@id":"https:\/\/www.koonings.com\/de\/#organization"},"potentialAction":[{"@type":"SearchAction","target":{"@type":"EntryPoint","urlTemplate":"https:\/\/www.koonings.com\/de\/?s={search_term_string}"},"query-input":{"@type":"PropertyValueSpecification","valueRequired":true,"valueName":"search_term_string"}}],"inLanguage":"de"},{"@type":"Organization","@id":"https:\/\/www.koonings.com\/de\/#organization","name":"Koonings","url":"https:\/\/www.koonings.com\/de\/","logo":{"@type":"ImageObject","inLanguage":"de","@id":"https:\/\/www.koonings.com\/de\/#\/schema\/logo\/image\/","url":"https:\/\/www.koonings.com\/wp-content\/uploads\/2024\/07\/logo.png","contentUrl":"https:\/\/www.koonings.com\/wp-content\/uploads\/2024\/07\/logo.png","width":600,"height":428,"caption":"Koonings"},"image":{"@id":"https:\/\/www.koonings.com\/de\/#\/schema\/logo\/image\/"},"sameAs":["https:\/\/www.facebook.com\/kooningstheweddingpalace","https:\/\/www.instagram.com\/kooningstheweddingpalace","https:\/\/www.pinterest.com\/koonings","https:\/\/www.youtube.com\/kooningstheweddingpalace"]}]}},"_links":{"self":[{"href":"https:\/\/www.koonings.com\/de\/wp-json\/wp\/v2\/product\/59867","targetHints":{"allow":["GET"]}}],"collection":[{"href":"https:\/\/www.koonings.com\/de\/wp-json\/wp\/v2\/product"}],"about":[{"href":"https:\/\/www.koonings.com\/de\/wp-json\/wp\/v2\/types\/product"}],"wp:featuredmedia":[{"embeddable":true,"href":"https:\/\/www.koonings.com\/de\/wp-json\/wp\/v2\/media\/55879"}],"wp:attachment":[{"href":"https:\/\/www.koonings.com\/de\/wp-json\/wp\/v2\/media?parent=59867"}],"wp:term":[{"taxonomy":"productdetails","embeddable":true,"href":"https:\/\/www.koonings.com\/de\/wp-json\/wp\/v2\/productdetails?post=59867"},{"taxonomy":"productneck","embeddable":true,"href":"https:\/\/www.koonings.com\/de\/wp-json\/wp\/v2\/productneck?post=59867"},{"taxonomy":"productcolor","embeddable":true,"href":"https:\/\/www.koonings.com\/de\/wp-json\/wp\/v2\/productcolor?post=59867"},{"taxonomy":"maat","embeddable":true,"href":"https:\/\/www.koonings.com\/de\/wp-json\/wp\/v2\/maat?post=59867"},{"taxonomy":"productsupplier","embeddable":true,"href":"https:\/\/www.koonings.com\/de\/wp-json\/wp\/v2\/productsupplier?post=59867"},{"taxonomy":"productsleeve","embeddable":true,"href":"https:\/\/www.koonings.com\/de\/wp-json\/wp\/v2\/productsleeve?post=59867"},{"taxonomy":"productcategory","embeddable":true,"href":"https:\/\/www.koonings.com\/de\/wp-json\/wp\/v2\/productcategory?post=59867"},{"taxonomy":"productsilhouette","embeddable":true,"href":"https:\/\/www.koonings.com\/de\/wp-json\/wp\/v2\/productsilhouette?post=59867"},{"taxonomy":"productstyle","embeddable":true,"href":"https:\/\/www.koonings.com\/de\/wp-json\/wp\/v2\/productstyle?post=59867"}],"curies":[{"name":"wp","href":"https:\/\/api.w.org\/{rel}","templated":true}]}}