{"id":59851,"date":"2026-04-28T18:28:31","date_gmt":"2026-04-28T16:28:31","guid":{"rendered":"https:\/\/www.koonings.com\/product\/cosmobella-8215\/"},"modified":"2025-06-05T13:25:50","modified_gmt":"2025-06-05T11:25:50","slug":"cosmobella-8215","status":"publish","type":"product","link":"https:\/\/www.koonings.com\/de\/product\/cosmobella-8215\/","title":{"rendered":"Cosmobella 8215"},"content":{"rendered":"<p>Das Cosmobella 8215 ist ein bezauberndes Hochzeitskleid, das sowohl Romantik als auch Eleganz ausstrahlt. Dieses Kleid aus Organza hat ein wundersch\u00f6nes Spitzenoberteil mit Pailletten, das mit einer zus\u00e4tzlichen Lage Pailletten-T\u00fcll abschlie\u00dft. Das Design zeichnet sich durch einen raffinierten V-Ausschnitt, schmale Schultertr\u00e4ger und einen eleganten, dezenten runden R\u00fccken aus. Diese perfekte Kombination sorgt f\u00fcr einen zeitlosen und raffinierten Look. Das Cosmobella 8215 ist exklusiv bei Koonings The Wedding Palace erh\u00e4ltlich, wo Sie auf die beste Brautmode und den besten Service z\u00e4hlen k\u00f6nnen.    <\/p>\n","protected":false},"featured_media":55922,"template":"","meta":{"_acf_changed":false,"ghostkit_customizer_options":"","ghostkit_custom_css":"","ghostkit_custom_js_head":"","ghostkit_custom_js_foot":"","ghostkit_typography":""},"productdetails":[376,381],"productneck":[355],"productcolor":[393,392],"maat":[],"productsupplier":[400],"productsleeve":[362],"productcategory":[18],"productsilhouette":[384],"productstyle":[366],"class_list":["post-59851","product","type-product","status-publish","has-post-thumbnail","hentry","productdetails-376","productdetails-381","productneck-355","productcolor-393","productcolor-392","productsupplier-cosmobella","productsleeve-362","productcategory-trouwjurken","productsilhouette-384","productstyle-366"],"acf":[],"yoast_head":"<!-- This site is optimized with the Yoast SEO plugin v27.3 - https:\/\/yoast.com\/product\/yoast-seo-wordpress\/ -->\n<title>Cosmobella 8215 | Koonings<\/title>\n<meta name=\"description\" content=\"Das Cosmobella 8215 ist ein bezauberndes Hochzeitskleid, das sowohl Romantik als auch Eleganz ausstrahlt. Dieses Kleid aus Organza hat ein wundersch\u00f6nes Spitzenoberteil mit Pailletten, das mit einer zus\u00e4tzlichen Lage Pailletten-T\u00fcll abschlie\u00dft. Das Design zeichnet sich durch einen raffinierten V-Ausschnitt, schmale Schultertr\u00e4ger und einen eleganten, dezenten runden R\u00fccken aus. Diese perfekte Kombination sorgt f\u00fcr einen zeitlosen und raffinierten Look. Das Cosmobella 8215 ist exklusiv bei Koonings The Wedding Palace erh\u00e4ltlich, wo Sie auf die beste Brautmode und den besten Service z\u00e4hlen k\u00f6nnen.\" \/>\n<meta name=\"robots\" content=\"index, follow, max-snippet:-1, max-image-preview:large, max-video-preview:-1\" \/>\n<link rel=\"canonical\" href=\"https:\/\/www.koonings.com\/de\/product\/cosmobella-8215\/\" \/>\n<meta property=\"og:locale\" content=\"de_DE\" \/>\n<meta property=\"og:type\" content=\"article\" \/>\n<meta property=\"og:title\" content=\"Cosmobella 8215 | Koonings\" \/>\n<meta property=\"og:description\" content=\"Das Cosmobella 8215 ist ein bezauberndes Hochzeitskleid, das sowohl Romantik als auch Eleganz ausstrahlt. Dieses Kleid aus Organza hat ein wundersch\u00f6nes Spitzenoberteil mit Pailletten, das mit einer zus\u00e4tzlichen Lage Pailletten-T\u00fcll abschlie\u00dft. Das Design zeichnet sich durch einen raffinierten V-Ausschnitt, schmale Schultertr\u00e4ger und einen eleganten, dezenten runden R\u00fccken aus. Diese perfekte Kombination sorgt f\u00fcr einen zeitlosen und raffinierten Look. Das Cosmobella 8215 ist exklusiv bei Koonings The Wedding Palace erh\u00e4ltlich, wo Sie auf die beste Brautmode und den besten Service z\u00e4hlen k\u00f6nnen.\" \/>\n<meta property=\"og:url\" content=\"https:\/\/www.koonings.com\/de\/product\/cosmobella-8215\/\" \/>\n<meta property=\"og:site_name\" content=\"Koonings\" \/>\n<meta property=\"article:publisher\" content=\"https:\/\/www.facebook.com\/kooningstheweddingpalace\" \/>\n<meta property=\"og:image\" content=\"https:\/\/www.koonings.com\/wp-content\/uploads\/2024\/11\/49152_d48303fdf612a7163f7e2ab3f3f9cac7fe27ad90385b3920cfc4238171f373857f479f42-scaled.jpeg\" \/>\n\t<meta property=\"og:image:width\" content=\"1812\" \/>\n\t<meta property=\"og:image:height\" content=\"2560\" \/>\n\t<meta property=\"og:image:type\" content=\"image\/jpeg\" \/>\n<meta name=\"twitter:card\" content=\"summary_large_image\" \/>\n<script type=\"application\/ld+json\" class=\"yoast-schema-graph\">{\"@context\":\"https:\\\/\\\/schema.org\",\"@graph\":[{\"@type\":\"WebPage\",\"@id\":\"https:\\\/\\\/www.koonings.com\\\/de\\\/product\\\/cosmobella-8215\\\/\",\"url\":\"https:\\\/\\\/www.koonings.com\\\/de\\\/product\\\/cosmobella-8215\\\/\",\"name\":\"Cosmobella 8215 | Koonings\",\"isPartOf\":{\"@id\":\"https:\\\/\\\/www.koonings.com\\\/de\\\/#website\"},\"primaryImageOfPage\":{\"@id\":\"https:\\\/\\\/www.koonings.com\\\/de\\\/product\\\/cosmobella-8215\\\/#primaryimage\"},\"image\":{\"@id\":\"https:\\\/\\\/www.koonings.com\\\/de\\\/product\\\/cosmobella-8215\\\/#primaryimage\"},\"thumbnailUrl\":\"https:\\\/\\\/www.koonings.com\\\/wp-content\\\/uploads\\\/2024\\\/11\\\/49152_d48303fdf612a7163f7e2ab3f3f9cac7fe27ad90385b3920cfc4238171f373857f479f42-scaled.jpeg\",\"datePublished\":\"2026-04-28T16:28:31+00:00\",\"description\":\"Das Cosmobella 8215 ist ein bezauberndes Hochzeitskleid, das sowohl Romantik als auch Eleganz ausstrahlt. Dieses Kleid aus Organza hat ein wundersch\u00f6nes Spitzenoberteil mit Pailletten, das mit einer zus\u00e4tzlichen Lage Pailletten-T\u00fcll abschlie\u00dft. Das Design zeichnet sich durch einen raffinierten V-Ausschnitt, schmale Schultertr\u00e4ger und einen eleganten, dezenten runden R\u00fccken aus. Diese perfekte Kombination sorgt f\u00fcr einen zeitlosen und raffinierten Look. Das Cosmobella 8215 ist exklusiv bei Koonings The Wedding Palace erh\u00e4ltlich, wo Sie auf die beste Brautmode und den besten Service z\u00e4hlen k\u00f6nnen.\",\"breadcrumb\":{\"@id\":\"https:\\\/\\\/www.koonings.com\\\/de\\\/product\\\/cosmobella-8215\\\/#breadcrumb\"},\"inLanguage\":\"de\",\"potentialAction\":[{\"@type\":\"ReadAction\",\"target\":[\"https:\\\/\\\/www.koonings.com\\\/de\\\/product\\\/cosmobella-8215\\\/\"]}]},{\"@type\":\"ImageObject\",\"inLanguage\":\"de\",\"@id\":\"https:\\\/\\\/www.koonings.com\\\/de\\\/product\\\/cosmobella-8215\\\/#primaryimage\",\"url\":\"https:\\\/\\\/www.koonings.com\\\/wp-content\\\/uploads\\\/2024\\\/11\\\/49152_d48303fdf612a7163f7e2ab3f3f9cac7fe27ad90385b3920cfc4238171f373857f479f42-scaled.jpeg\",\"contentUrl\":\"https:\\\/\\\/www.koonings.com\\\/wp-content\\\/uploads\\\/2024\\\/11\\\/49152_d48303fdf612a7163f7e2ab3f3f9cac7fe27ad90385b3920cfc4238171f373857f479f42-scaled.jpeg\",\"width\":1812,\"height\":2560},{\"@type\":\"BreadcrumbList\",\"@id\":\"https:\\\/\\\/www.koonings.com\\\/de\\\/product\\\/cosmobella-8215\\\/#breadcrumb\",\"itemListElement\":[{\"@type\":\"ListItem\",\"position\":1,\"name\":\"Home\",\"item\":\"https:\\\/\\\/www.koonings.com\\\/de\\\/\"},{\"@type\":\"ListItem\",\"position\":2,\"name\":\"Cosmobella 8215\"}]},{\"@type\":\"WebSite\",\"@id\":\"https:\\\/\\\/www.koonings.com\\\/de\\\/#website\",\"url\":\"https:\\\/\\\/www.koonings.com\\\/de\\\/\",\"name\":\"Koonings\",\"description\":\"De grootste bruidsmodewinkel ter wereld\",\"publisher\":{\"@id\":\"https:\\\/\\\/www.koonings.com\\\/de\\\/#organization\"},\"potentialAction\":[{\"@type\":\"SearchAction\",\"target\":{\"@type\":\"EntryPoint\",\"urlTemplate\":\"https:\\\/\\\/www.koonings.com\\\/de\\\/?s={search_term_string}\"},\"query-input\":{\"@type\":\"PropertyValueSpecification\",\"valueRequired\":true,\"valueName\":\"search_term_string\"}}],\"inLanguage\":\"de\"},{\"@type\":\"Organization\",\"@id\":\"https:\\\/\\\/www.koonings.com\\\/de\\\/#organization\",\"name\":\"Koonings\",\"url\":\"https:\\\/\\\/www.koonings.com\\\/de\\\/\",\"logo\":{\"@type\":\"ImageObject\",\"inLanguage\":\"de\",\"@id\":\"https:\\\/\\\/www.koonings.com\\\/de\\\/#\\\/schema\\\/logo\\\/image\\\/\",\"url\":\"https:\\\/\\\/www.koonings.com\\\/wp-content\\\/uploads\\\/2024\\\/07\\\/logo.png\",\"contentUrl\":\"https:\\\/\\\/www.koonings.com\\\/wp-content\\\/uploads\\\/2024\\\/07\\\/logo.png\",\"width\":600,\"height\":428,\"caption\":\"Koonings\"},\"image\":{\"@id\":\"https:\\\/\\\/www.koonings.com\\\/de\\\/#\\\/schema\\\/logo\\\/image\\\/\"},\"sameAs\":[\"https:\\\/\\\/www.facebook.com\\\/kooningstheweddingpalace\",\"https:\\\/\\\/www.instagram.com\\\/kooningstheweddingpalace\",\"https:\\\/\\\/www.pinterest.com\\\/koonings\",\"https:\\\/\\\/www.youtube.com\\\/kooningstheweddingpalace\"]}]}<\/script>\n<!-- \/ Yoast SEO plugin. -->","yoast_head_json":{"title":"Cosmobella 8215 | Koonings","description":"Das Cosmobella 8215 ist ein bezauberndes Hochzeitskleid, das sowohl Romantik als auch Eleganz ausstrahlt. Dieses Kleid aus Organza hat ein wundersch\u00f6nes Spitzenoberteil mit Pailletten, das mit einer zus\u00e4tzlichen Lage Pailletten-T\u00fcll abschlie\u00dft. Das Design zeichnet sich durch einen raffinierten V-Ausschnitt, schmale Schultertr\u00e4ger und einen eleganten, dezenten runden R\u00fccken aus. Diese perfekte Kombination sorgt f\u00fcr einen zeitlosen und raffinierten Look. Das Cosmobella 8215 ist exklusiv bei Koonings The Wedding Palace erh\u00e4ltlich, wo Sie auf die beste Brautmode und den besten Service z\u00e4hlen k\u00f6nnen.","robots":{"index":"index","follow":"follow","max-snippet":"max-snippet:-1","max-image-preview":"max-image-preview:large","max-video-preview":"max-video-preview:-1"},"canonical":"https:\/\/www.koonings.com\/de\/product\/cosmobella-8215\/","og_locale":"de_DE","og_type":"article","og_title":"Cosmobella 8215 | Koonings","og_description":"Das Cosmobella 8215 ist ein bezauberndes Hochzeitskleid, das sowohl Romantik als auch Eleganz ausstrahlt. Dieses Kleid aus Organza hat ein wundersch\u00f6nes Spitzenoberteil mit Pailletten, das mit einer zus\u00e4tzlichen Lage Pailletten-T\u00fcll abschlie\u00dft. Das Design zeichnet sich durch einen raffinierten V-Ausschnitt, schmale Schultertr\u00e4ger und einen eleganten, dezenten runden R\u00fccken aus. Diese perfekte Kombination sorgt f\u00fcr einen zeitlosen und raffinierten Look. Das Cosmobella 8215 ist exklusiv bei Koonings The Wedding Palace erh\u00e4ltlich, wo Sie auf die beste Brautmode und den besten Service z\u00e4hlen k\u00f6nnen.","og_url":"https:\/\/www.koonings.com\/de\/product\/cosmobella-8215\/","og_site_name":"Koonings","article_publisher":"https:\/\/www.facebook.com\/kooningstheweddingpalace","og_image":[{"width":1812,"height":2560,"url":"https:\/\/www.koonings.com\/wp-content\/uploads\/2024\/11\/49152_d48303fdf612a7163f7e2ab3f3f9cac7fe27ad90385b3920cfc4238171f373857f479f42-scaled.jpeg","type":"image\/jpeg"}],"twitter_card":"summary_large_image","schema":{"@context":"https:\/\/schema.org","@graph":[{"@type":"WebPage","@id":"https:\/\/www.koonings.com\/de\/product\/cosmobella-8215\/","url":"https:\/\/www.koonings.com\/de\/product\/cosmobella-8215\/","name":"Cosmobella 8215 | Koonings","isPartOf":{"@id":"https:\/\/www.koonings.com\/de\/#website"},"primaryImageOfPage":{"@id":"https:\/\/www.koonings.com\/de\/product\/cosmobella-8215\/#primaryimage"},"image":{"@id":"https:\/\/www.koonings.com\/de\/product\/cosmobella-8215\/#primaryimage"},"thumbnailUrl":"https:\/\/www.koonings.com\/wp-content\/uploads\/2024\/11\/49152_d48303fdf612a7163f7e2ab3f3f9cac7fe27ad90385b3920cfc4238171f373857f479f42-scaled.jpeg","datePublished":"2026-04-28T16:28:31+00:00","description":"Das Cosmobella 8215 ist ein bezauberndes Hochzeitskleid, das sowohl Romantik als auch Eleganz ausstrahlt. Dieses Kleid aus Organza hat ein wundersch\u00f6nes Spitzenoberteil mit Pailletten, das mit einer zus\u00e4tzlichen Lage Pailletten-T\u00fcll abschlie\u00dft. Das Design zeichnet sich durch einen raffinierten V-Ausschnitt, schmale Schultertr\u00e4ger und einen eleganten, dezenten runden R\u00fccken aus. Diese perfekte Kombination sorgt f\u00fcr einen zeitlosen und raffinierten Look. Das Cosmobella 8215 ist exklusiv bei Koonings The Wedding Palace erh\u00e4ltlich, wo Sie auf die beste Brautmode und den besten Service z\u00e4hlen k\u00f6nnen.","breadcrumb":{"@id":"https:\/\/www.koonings.com\/de\/product\/cosmobella-8215\/#breadcrumb"},"inLanguage":"de","potentialAction":[{"@type":"ReadAction","target":["https:\/\/www.koonings.com\/de\/product\/cosmobella-8215\/"]}]},{"@type":"ImageObject","inLanguage":"de","@id":"https:\/\/www.koonings.com\/de\/product\/cosmobella-8215\/#primaryimage","url":"https:\/\/www.koonings.com\/wp-content\/uploads\/2024\/11\/49152_d48303fdf612a7163f7e2ab3f3f9cac7fe27ad90385b3920cfc4238171f373857f479f42-scaled.jpeg","contentUrl":"https:\/\/www.koonings.com\/wp-content\/uploads\/2024\/11\/49152_d48303fdf612a7163f7e2ab3f3f9cac7fe27ad90385b3920cfc4238171f373857f479f42-scaled.jpeg","width":1812,"height":2560},{"@type":"BreadcrumbList","@id":"https:\/\/www.koonings.com\/de\/product\/cosmobella-8215\/#breadcrumb","itemListElement":[{"@type":"ListItem","position":1,"name":"Home","item":"https:\/\/www.koonings.com\/de\/"},{"@type":"ListItem","position":2,"name":"Cosmobella 8215"}]},{"@type":"WebSite","@id":"https:\/\/www.koonings.com\/de\/#website","url":"https:\/\/www.koonings.com\/de\/","name":"Koonings","description":"De grootste bruidsmodewinkel ter wereld","publisher":{"@id":"https:\/\/www.koonings.com\/de\/#organization"},"potentialAction":[{"@type":"SearchAction","target":{"@type":"EntryPoint","urlTemplate":"https:\/\/www.koonings.com\/de\/?s={search_term_string}"},"query-input":{"@type":"PropertyValueSpecification","valueRequired":true,"valueName":"search_term_string"}}],"inLanguage":"de"},{"@type":"Organization","@id":"https:\/\/www.koonings.com\/de\/#organization","name":"Koonings","url":"https:\/\/www.koonings.com\/de\/","logo":{"@type":"ImageObject","inLanguage":"de","@id":"https:\/\/www.koonings.com\/de\/#\/schema\/logo\/image\/","url":"https:\/\/www.koonings.com\/wp-content\/uploads\/2024\/07\/logo.png","contentUrl":"https:\/\/www.koonings.com\/wp-content\/uploads\/2024\/07\/logo.png","width":600,"height":428,"caption":"Koonings"},"image":{"@id":"https:\/\/www.koonings.com\/de\/#\/schema\/logo\/image\/"},"sameAs":["https:\/\/www.facebook.com\/kooningstheweddingpalace","https:\/\/www.instagram.com\/kooningstheweddingpalace","https:\/\/www.pinterest.com\/koonings","https:\/\/www.youtube.com\/kooningstheweddingpalace"]}]}},"_links":{"self":[{"href":"https:\/\/www.koonings.com\/de\/wp-json\/wp\/v2\/product\/59851","targetHints":{"allow":["GET"]}}],"collection":[{"href":"https:\/\/www.koonings.com\/de\/wp-json\/wp\/v2\/product"}],"about":[{"href":"https:\/\/www.koonings.com\/de\/wp-json\/wp\/v2\/types\/product"}],"wp:featuredmedia":[{"embeddable":true,"href":"https:\/\/www.koonings.com\/de\/wp-json\/wp\/v2\/media\/55922"}],"wp:attachment":[{"href":"https:\/\/www.koonings.com\/de\/wp-json\/wp\/v2\/media?parent=59851"}],"wp:term":[{"taxonomy":"productdetails","embeddable":true,"href":"https:\/\/www.koonings.com\/de\/wp-json\/wp\/v2\/productdetails?post=59851"},{"taxonomy":"productneck","embeddable":true,"href":"https:\/\/www.koonings.com\/de\/wp-json\/wp\/v2\/productneck?post=59851"},{"taxonomy":"productcolor","embeddable":true,"href":"https:\/\/www.koonings.com\/de\/wp-json\/wp\/v2\/productcolor?post=59851"},{"taxonomy":"maat","embeddable":true,"href":"https:\/\/www.koonings.com\/de\/wp-json\/wp\/v2\/maat?post=59851"},{"taxonomy":"productsupplier","embeddable":true,"href":"https:\/\/www.koonings.com\/de\/wp-json\/wp\/v2\/productsupplier?post=59851"},{"taxonomy":"productsleeve","embeddable":true,"href":"https:\/\/www.koonings.com\/de\/wp-json\/wp\/v2\/productsleeve?post=59851"},{"taxonomy":"productcategory","embeddable":true,"href":"https:\/\/www.koonings.com\/de\/wp-json\/wp\/v2\/productcategory?post=59851"},{"taxonomy":"productsilhouette","embeddable":true,"href":"https:\/\/www.koonings.com\/de\/wp-json\/wp\/v2\/productsilhouette?post=59851"},{"taxonomy":"productstyle","embeddable":true,"href":"https:\/\/www.koonings.com\/de\/wp-json\/wp\/v2\/productstyle?post=59851"}],"curies":[{"name":"wp","href":"https:\/\/api.w.org\/{rel}","templated":true}]}}