{"id":59844,"date":"2026-05-06T15:28:47","date_gmt":"2026-05-06T13:28:47","guid":{"rendered":"https:\/\/www.koonings.com\/product\/michela-ferriero-naiade\/"},"modified":"2025-06-05T13:25:51","modified_gmt":"2025-06-05T11:25:51","slug":"michela-ferriero-naiade","status":"publish","type":"product","link":"https:\/\/www.koonings.com\/de\/product\/michela-ferriero-naiade\/","title":{"rendered":"Michela Ferriero Naiade"},"content":{"rendered":"<p>Franz\u00f6sisches Meerjungfrauenkleid aus Chantilly-Spitze mit floralem Muster darunter aus transparentem Rautenstoff, um ihm einen edlen Touch zu verleihen. Der Ausschnitt, der sich auf dem Oberarmknochen dreht (Humerus-Ausschnitt), umschmeichelt die Schultern mit einer Kante, die die Handwerkskunst und Originalit\u00e4t der Spitze hervorhebt. Um es noch glamour\u00f6ser zu machen, gibt es abnehmbare \u00c4rmel mit Kristallkn\u00f6pfen. Um es zu verwandeln und noch kostbarer zu machen, gibt es passende Accessoires mit einem Spitzenkragen und Swarovski-Halsketten, die das Dekollet\u00e9 umranden und sich in einen Ausschnitt im amerikanischen Stil verwandeln. Und um den Look zu vervollst\u00e4ndigen, haben wir einen asymmetrischen Organzag\u00fcrtel mit Schleifen hinzugef\u00fcgt, der den Gang der Kirche aufregender macht und dem ganzen Kleid einen schicken Touch verleiht.   <\/p>\n","protected":false},"featured_media":56031,"template":"","meta":{"_acf_changed":false,"ghostkit_customizer_options":"","ghostkit_custom_css":"","ghostkit_custom_js_head":"","ghostkit_custom_js_foot":"","ghostkit_typography":""},"productdetails":[379,377,376],"productneck":[356],"productcolor":[393,392],"maat":[],"productsupplier":[445],"productsleeve":[357],"productcategory":[18],"productsilhouette":[387],"productstyle":[369,366,370],"class_list":["post-59844","product","type-product","status-publish","has-post-thumbnail","hentry","productdetails-379","productdetails-377","productdetails-376","productneck-356","productcolor-393","productcolor-392","productsupplier-michela-ferriero","productsleeve-357","productcategory-trouwjurken","productsilhouette-387","productstyle-369","productstyle-366","productstyle-370"],"acf":[],"yoast_head":"<!-- This site is optimized with the Yoast SEO plugin v27.3 - https:\/\/yoast.com\/product\/yoast-seo-wordpress\/ -->\n<title>Michela Ferriero Naiade | Koonings<\/title>\n<meta name=\"description\" content=\"Franz\u00f6sisches Meerjungfrauenkleid aus Chantilly-Spitze mit floralem Muster darunter aus transparentem Rautenstoff, um ihm einen edlen Touch zu verleihen. Der Ausschnitt, der sich auf dem Oberarmknochen dreht (Humerus-Ausschnitt), umschmeichelt die Schultern mit einer Kante, die die Handwerkskunst und Originalit\u00e4t der Spitze hervorhebt. Um es noch glamour\u00f6ser zu machen, gibt es abnehmbare \u00c4rmel mit Kristallkn\u00f6pfen. Um es zu verwandeln und noch kostbarer zu machen, gibt es passende Accessoires mit einem Spitzenkragen und Swarovski-Halsketten, die das Dekollet\u00e9 umranden und sich in einen Ausschnitt im amerikanischen Stil verwandeln. Und um den Look zu vervollst\u00e4ndigen, haben wir einen asymmetrischen Organzag\u00fcrtel mit Schleifen hinzugef\u00fcgt, der den Gang der Kirche aufregender macht und dem ganzen Kleid einen schicken Touch verleiht.\" \/>\n<meta name=\"robots\" content=\"index, follow, max-snippet:-1, max-image-preview:large, max-video-preview:-1\" \/>\n<link rel=\"canonical\" href=\"https:\/\/www.koonings.com\/de\/product\/michela-ferriero-naiade\/\" \/>\n<meta property=\"og:locale\" content=\"de_DE\" \/>\n<meta property=\"og:type\" content=\"article\" \/>\n<meta property=\"og:title\" content=\"Michela Ferriero Naiade | Koonings\" \/>\n<meta property=\"og:description\" content=\"Franz\u00f6sisches Meerjungfrauenkleid aus Chantilly-Spitze mit floralem Muster darunter aus transparentem Rautenstoff, um ihm einen edlen Touch zu verleihen. Der Ausschnitt, der sich auf dem Oberarmknochen dreht (Humerus-Ausschnitt), umschmeichelt die Schultern mit einer Kante, die die Handwerkskunst und Originalit\u00e4t der Spitze hervorhebt. Um es noch glamour\u00f6ser zu machen, gibt es abnehmbare \u00c4rmel mit Kristallkn\u00f6pfen. Um es zu verwandeln und noch kostbarer zu machen, gibt es passende Accessoires mit einem Spitzenkragen und Swarovski-Halsketten, die das Dekollet\u00e9 umranden und sich in einen Ausschnitt im amerikanischen Stil verwandeln. Und um den Look zu vervollst\u00e4ndigen, haben wir einen asymmetrischen Organzag\u00fcrtel mit Schleifen hinzugef\u00fcgt, der den Gang der Kirche aufregender macht und dem ganzen Kleid einen schicken Touch verleiht.\" \/>\n<meta property=\"og:url\" content=\"https:\/\/www.koonings.com\/de\/product\/michela-ferriero-naiade\/\" \/>\n<meta property=\"og:site_name\" content=\"Koonings\" \/>\n<meta property=\"article:publisher\" content=\"https:\/\/www.facebook.com\/kooningstheweddingpalace\" \/>\n<meta property=\"og:image\" content=\"https:\/\/www.koonings.com\/wp-content\/uploads\/2024\/11\/49176_ec4e8aa2835641b04a6185f2c50b7547d7093354963485a27309cc182ca54d2a55b9fda4-scaled.jpeg\" \/>\n\t<meta property=\"og:image:width\" content=\"1809\" \/>\n\t<meta property=\"og:image:height\" content=\"2560\" \/>\n\t<meta property=\"og:image:type\" content=\"image\/jpeg\" \/>\n<meta name=\"twitter:card\" content=\"summary_large_image\" \/>\n<meta name=\"twitter:label1\" content=\"Gesch\u00e4tzte Lesezeit\" \/>\n\t<meta name=\"twitter:data1\" content=\"1\u00a0Minute\" \/>\n<script type=\"application\/ld+json\" class=\"yoast-schema-graph\">{\"@context\":\"https:\\\/\\\/schema.org\",\"@graph\":[{\"@type\":\"WebPage\",\"@id\":\"https:\\\/\\\/www.koonings.com\\\/de\\\/product\\\/michela-ferriero-naiade\\\/\",\"url\":\"https:\\\/\\\/www.koonings.com\\\/de\\\/product\\\/michela-ferriero-naiade\\\/\",\"name\":\"Michela Ferriero Naiade | Koonings\",\"isPartOf\":{\"@id\":\"https:\\\/\\\/www.koonings.com\\\/de\\\/#website\"},\"primaryImageOfPage\":{\"@id\":\"https:\\\/\\\/www.koonings.com\\\/de\\\/product\\\/michela-ferriero-naiade\\\/#primaryimage\"},\"image\":{\"@id\":\"https:\\\/\\\/www.koonings.com\\\/de\\\/product\\\/michela-ferriero-naiade\\\/#primaryimage\"},\"thumbnailUrl\":\"https:\\\/\\\/www.koonings.com\\\/wp-content\\\/uploads\\\/2024\\\/11\\\/49176_ec4e8aa2835641b04a6185f2c50b7547d7093354963485a27309cc182ca54d2a55b9fda4-scaled.jpeg\",\"datePublished\":\"2026-05-06T13:28:47+00:00\",\"description\":\"Franz\u00f6sisches Meerjungfrauenkleid aus Chantilly-Spitze mit floralem Muster darunter aus transparentem Rautenstoff, um ihm einen edlen Touch zu verleihen. Der Ausschnitt, der sich auf dem Oberarmknochen dreht (Humerus-Ausschnitt), umschmeichelt die Schultern mit einer Kante, die die Handwerkskunst und Originalit\u00e4t der Spitze hervorhebt. Um es noch glamour\u00f6ser zu machen, gibt es abnehmbare \u00c4rmel mit Kristallkn\u00f6pfen. Um es zu verwandeln und noch kostbarer zu machen, gibt es passende Accessoires mit einem Spitzenkragen und Swarovski-Halsketten, die das Dekollet\u00e9 umranden und sich in einen Ausschnitt im amerikanischen Stil verwandeln. Und um den Look zu vervollst\u00e4ndigen, haben wir einen asymmetrischen Organzag\u00fcrtel mit Schleifen hinzugef\u00fcgt, der den Gang der Kirche aufregender macht und dem ganzen Kleid einen schicken Touch verleiht.\",\"breadcrumb\":{\"@id\":\"https:\\\/\\\/www.koonings.com\\\/de\\\/product\\\/michela-ferriero-naiade\\\/#breadcrumb\"},\"inLanguage\":\"de\",\"potentialAction\":[{\"@type\":\"ReadAction\",\"target\":[\"https:\\\/\\\/www.koonings.com\\\/de\\\/product\\\/michela-ferriero-naiade\\\/\"]}]},{\"@type\":\"ImageObject\",\"inLanguage\":\"de\",\"@id\":\"https:\\\/\\\/www.koonings.com\\\/de\\\/product\\\/michela-ferriero-naiade\\\/#primaryimage\",\"url\":\"https:\\\/\\\/www.koonings.com\\\/wp-content\\\/uploads\\\/2024\\\/11\\\/49176_ec4e8aa2835641b04a6185f2c50b7547d7093354963485a27309cc182ca54d2a55b9fda4-scaled.jpeg\",\"contentUrl\":\"https:\\\/\\\/www.koonings.com\\\/wp-content\\\/uploads\\\/2024\\\/11\\\/49176_ec4e8aa2835641b04a6185f2c50b7547d7093354963485a27309cc182ca54d2a55b9fda4-scaled.jpeg\",\"width\":1809,\"height\":2560},{\"@type\":\"BreadcrumbList\",\"@id\":\"https:\\\/\\\/www.koonings.com\\\/de\\\/product\\\/michela-ferriero-naiade\\\/#breadcrumb\",\"itemListElement\":[{\"@type\":\"ListItem\",\"position\":1,\"name\":\"Home\",\"item\":\"https:\\\/\\\/www.koonings.com\\\/de\\\/\"},{\"@type\":\"ListItem\",\"position\":2,\"name\":\"Michela Ferriero Naiade\"}]},{\"@type\":\"WebSite\",\"@id\":\"https:\\\/\\\/www.koonings.com\\\/de\\\/#website\",\"url\":\"https:\\\/\\\/www.koonings.com\\\/de\\\/\",\"name\":\"Koonings\",\"description\":\"De grootste bruidsmodewinkel ter wereld\",\"publisher\":{\"@id\":\"https:\\\/\\\/www.koonings.com\\\/de\\\/#organization\"},\"potentialAction\":[{\"@type\":\"SearchAction\",\"target\":{\"@type\":\"EntryPoint\",\"urlTemplate\":\"https:\\\/\\\/www.koonings.com\\\/de\\\/?s={search_term_string}\"},\"query-input\":{\"@type\":\"PropertyValueSpecification\",\"valueRequired\":true,\"valueName\":\"search_term_string\"}}],\"inLanguage\":\"de\"},{\"@type\":\"Organization\",\"@id\":\"https:\\\/\\\/www.koonings.com\\\/de\\\/#organization\",\"name\":\"Koonings\",\"url\":\"https:\\\/\\\/www.koonings.com\\\/de\\\/\",\"logo\":{\"@type\":\"ImageObject\",\"inLanguage\":\"de\",\"@id\":\"https:\\\/\\\/www.koonings.com\\\/de\\\/#\\\/schema\\\/logo\\\/image\\\/\",\"url\":\"https:\\\/\\\/www.koonings.com\\\/wp-content\\\/uploads\\\/2024\\\/07\\\/logo.png\",\"contentUrl\":\"https:\\\/\\\/www.koonings.com\\\/wp-content\\\/uploads\\\/2024\\\/07\\\/logo.png\",\"width\":600,\"height\":428,\"caption\":\"Koonings\"},\"image\":{\"@id\":\"https:\\\/\\\/www.koonings.com\\\/de\\\/#\\\/schema\\\/logo\\\/image\\\/\"},\"sameAs\":[\"https:\\\/\\\/www.facebook.com\\\/kooningstheweddingpalace\",\"https:\\\/\\\/www.instagram.com\\\/kooningstheweddingpalace\",\"https:\\\/\\\/www.pinterest.com\\\/koonings\",\"https:\\\/\\\/www.youtube.com\\\/kooningstheweddingpalace\"]}]}<\/script>\n<!-- \/ Yoast SEO plugin. -->","yoast_head_json":{"title":"Michela Ferriero Naiade | Koonings","description":"Franz\u00f6sisches Meerjungfrauenkleid aus Chantilly-Spitze mit floralem Muster darunter aus transparentem Rautenstoff, um ihm einen edlen Touch zu verleihen. Der Ausschnitt, der sich auf dem Oberarmknochen dreht (Humerus-Ausschnitt), umschmeichelt die Schultern mit einer Kante, die die Handwerkskunst und Originalit\u00e4t der Spitze hervorhebt. Um es noch glamour\u00f6ser zu machen, gibt es abnehmbare \u00c4rmel mit Kristallkn\u00f6pfen. Um es zu verwandeln und noch kostbarer zu machen, gibt es passende Accessoires mit einem Spitzenkragen und Swarovski-Halsketten, die das Dekollet\u00e9 umranden und sich in einen Ausschnitt im amerikanischen Stil verwandeln. Und um den Look zu vervollst\u00e4ndigen, haben wir einen asymmetrischen Organzag\u00fcrtel mit Schleifen hinzugef\u00fcgt, der den Gang der Kirche aufregender macht und dem ganzen Kleid einen schicken Touch verleiht.","robots":{"index":"index","follow":"follow","max-snippet":"max-snippet:-1","max-image-preview":"max-image-preview:large","max-video-preview":"max-video-preview:-1"},"canonical":"https:\/\/www.koonings.com\/de\/product\/michela-ferriero-naiade\/","og_locale":"de_DE","og_type":"article","og_title":"Michela Ferriero Naiade | Koonings","og_description":"Franz\u00f6sisches Meerjungfrauenkleid aus Chantilly-Spitze mit floralem Muster darunter aus transparentem Rautenstoff, um ihm einen edlen Touch zu verleihen. Der Ausschnitt, der sich auf dem Oberarmknochen dreht (Humerus-Ausschnitt), umschmeichelt die Schultern mit einer Kante, die die Handwerkskunst und Originalit\u00e4t der Spitze hervorhebt. Um es noch glamour\u00f6ser zu machen, gibt es abnehmbare \u00c4rmel mit Kristallkn\u00f6pfen. Um es zu verwandeln und noch kostbarer zu machen, gibt es passende Accessoires mit einem Spitzenkragen und Swarovski-Halsketten, die das Dekollet\u00e9 umranden und sich in einen Ausschnitt im amerikanischen Stil verwandeln. Und um den Look zu vervollst\u00e4ndigen, haben wir einen asymmetrischen Organzag\u00fcrtel mit Schleifen hinzugef\u00fcgt, der den Gang der Kirche aufregender macht und dem ganzen Kleid einen schicken Touch verleiht.","og_url":"https:\/\/www.koonings.com\/de\/product\/michela-ferriero-naiade\/","og_site_name":"Koonings","article_publisher":"https:\/\/www.facebook.com\/kooningstheweddingpalace","og_image":[{"width":1809,"height":2560,"url":"https:\/\/www.koonings.com\/wp-content\/uploads\/2024\/11\/49176_ec4e8aa2835641b04a6185f2c50b7547d7093354963485a27309cc182ca54d2a55b9fda4-scaled.jpeg","type":"image\/jpeg"}],"twitter_card":"summary_large_image","twitter_misc":{"Gesch\u00e4tzte Lesezeit":"1\u00a0Minute"},"schema":{"@context":"https:\/\/schema.org","@graph":[{"@type":"WebPage","@id":"https:\/\/www.koonings.com\/de\/product\/michela-ferriero-naiade\/","url":"https:\/\/www.koonings.com\/de\/product\/michela-ferriero-naiade\/","name":"Michela Ferriero Naiade | Koonings","isPartOf":{"@id":"https:\/\/www.koonings.com\/de\/#website"},"primaryImageOfPage":{"@id":"https:\/\/www.koonings.com\/de\/product\/michela-ferriero-naiade\/#primaryimage"},"image":{"@id":"https:\/\/www.koonings.com\/de\/product\/michela-ferriero-naiade\/#primaryimage"},"thumbnailUrl":"https:\/\/www.koonings.com\/wp-content\/uploads\/2024\/11\/49176_ec4e8aa2835641b04a6185f2c50b7547d7093354963485a27309cc182ca54d2a55b9fda4-scaled.jpeg","datePublished":"2026-05-06T13:28:47+00:00","description":"Franz\u00f6sisches Meerjungfrauenkleid aus Chantilly-Spitze mit floralem Muster darunter aus transparentem Rautenstoff, um ihm einen edlen Touch zu verleihen. Der Ausschnitt, der sich auf dem Oberarmknochen dreht (Humerus-Ausschnitt), umschmeichelt die Schultern mit einer Kante, die die Handwerkskunst und Originalit\u00e4t der Spitze hervorhebt. Um es noch glamour\u00f6ser zu machen, gibt es abnehmbare \u00c4rmel mit Kristallkn\u00f6pfen. Um es zu verwandeln und noch kostbarer zu machen, gibt es passende Accessoires mit einem Spitzenkragen und Swarovski-Halsketten, die das Dekollet\u00e9 umranden und sich in einen Ausschnitt im amerikanischen Stil verwandeln. Und um den Look zu vervollst\u00e4ndigen, haben wir einen asymmetrischen Organzag\u00fcrtel mit Schleifen hinzugef\u00fcgt, der den Gang der Kirche aufregender macht und dem ganzen Kleid einen schicken Touch verleiht.","breadcrumb":{"@id":"https:\/\/www.koonings.com\/de\/product\/michela-ferriero-naiade\/#breadcrumb"},"inLanguage":"de","potentialAction":[{"@type":"ReadAction","target":["https:\/\/www.koonings.com\/de\/product\/michela-ferriero-naiade\/"]}]},{"@type":"ImageObject","inLanguage":"de","@id":"https:\/\/www.koonings.com\/de\/product\/michela-ferriero-naiade\/#primaryimage","url":"https:\/\/www.koonings.com\/wp-content\/uploads\/2024\/11\/49176_ec4e8aa2835641b04a6185f2c50b7547d7093354963485a27309cc182ca54d2a55b9fda4-scaled.jpeg","contentUrl":"https:\/\/www.koonings.com\/wp-content\/uploads\/2024\/11\/49176_ec4e8aa2835641b04a6185f2c50b7547d7093354963485a27309cc182ca54d2a55b9fda4-scaled.jpeg","width":1809,"height":2560},{"@type":"BreadcrumbList","@id":"https:\/\/www.koonings.com\/de\/product\/michela-ferriero-naiade\/#breadcrumb","itemListElement":[{"@type":"ListItem","position":1,"name":"Home","item":"https:\/\/www.koonings.com\/de\/"},{"@type":"ListItem","position":2,"name":"Michela Ferriero Naiade"}]},{"@type":"WebSite","@id":"https:\/\/www.koonings.com\/de\/#website","url":"https:\/\/www.koonings.com\/de\/","name":"Koonings","description":"De grootste bruidsmodewinkel ter wereld","publisher":{"@id":"https:\/\/www.koonings.com\/de\/#organization"},"potentialAction":[{"@type":"SearchAction","target":{"@type":"EntryPoint","urlTemplate":"https:\/\/www.koonings.com\/de\/?s={search_term_string}"},"query-input":{"@type":"PropertyValueSpecification","valueRequired":true,"valueName":"search_term_string"}}],"inLanguage":"de"},{"@type":"Organization","@id":"https:\/\/www.koonings.com\/de\/#organization","name":"Koonings","url":"https:\/\/www.koonings.com\/de\/","logo":{"@type":"ImageObject","inLanguage":"de","@id":"https:\/\/www.koonings.com\/de\/#\/schema\/logo\/image\/","url":"https:\/\/www.koonings.com\/wp-content\/uploads\/2024\/07\/logo.png","contentUrl":"https:\/\/www.koonings.com\/wp-content\/uploads\/2024\/07\/logo.png","width":600,"height":428,"caption":"Koonings"},"image":{"@id":"https:\/\/www.koonings.com\/de\/#\/schema\/logo\/image\/"},"sameAs":["https:\/\/www.facebook.com\/kooningstheweddingpalace","https:\/\/www.instagram.com\/kooningstheweddingpalace","https:\/\/www.pinterest.com\/koonings","https:\/\/www.youtube.com\/kooningstheweddingpalace"]}]}},"_links":{"self":[{"href":"https:\/\/www.koonings.com\/de\/wp-json\/wp\/v2\/product\/59844","targetHints":{"allow":["GET"]}}],"collection":[{"href":"https:\/\/www.koonings.com\/de\/wp-json\/wp\/v2\/product"}],"about":[{"href":"https:\/\/www.koonings.com\/de\/wp-json\/wp\/v2\/types\/product"}],"wp:featuredmedia":[{"embeddable":true,"href":"https:\/\/www.koonings.com\/de\/wp-json\/wp\/v2\/media\/56031"}],"wp:attachment":[{"href":"https:\/\/www.koonings.com\/de\/wp-json\/wp\/v2\/media?parent=59844"}],"wp:term":[{"taxonomy":"productdetails","embeddable":true,"href":"https:\/\/www.koonings.com\/de\/wp-json\/wp\/v2\/productdetails?post=59844"},{"taxonomy":"productneck","embeddable":true,"href":"https:\/\/www.koonings.com\/de\/wp-json\/wp\/v2\/productneck?post=59844"},{"taxonomy":"productcolor","embeddable":true,"href":"https:\/\/www.koonings.com\/de\/wp-json\/wp\/v2\/productcolor?post=59844"},{"taxonomy":"maat","embeddable":true,"href":"https:\/\/www.koonings.com\/de\/wp-json\/wp\/v2\/maat?post=59844"},{"taxonomy":"productsupplier","embeddable":true,"href":"https:\/\/www.koonings.com\/de\/wp-json\/wp\/v2\/productsupplier?post=59844"},{"taxonomy":"productsleeve","embeddable":true,"href":"https:\/\/www.koonings.com\/de\/wp-json\/wp\/v2\/productsleeve?post=59844"},{"taxonomy":"productcategory","embeddable":true,"href":"https:\/\/www.koonings.com\/de\/wp-json\/wp\/v2\/productcategory?post=59844"},{"taxonomy":"productsilhouette","embeddable":true,"href":"https:\/\/www.koonings.com\/de\/wp-json\/wp\/v2\/productsilhouette?post=59844"},{"taxonomy":"productstyle","embeddable":true,"href":"https:\/\/www.koonings.com\/de\/wp-json\/wp\/v2\/productstyle?post=59844"}],"curies":[{"name":"wp","href":"https:\/\/api.w.org\/{rel}","templated":true}]}}