{"id":59843,"date":"2025-12-15T00:46:23","date_gmt":"2025-12-14T23:46:23","guid":{"rendered":"https:\/\/www.koonings.com\/product\/libelle-kaleb\/"},"modified":"2026-02-03T19:20:53","modified_gmt":"2026-02-03T18:20:53","slug":"libelle-kaleb","status":"publish","type":"product","link":"https:\/\/www.koonings.com\/de\/product\/libelle-kaleb\/","title":{"rendered":"Libelle Kaleb"},"content":{"rendered":"<p>Kaleb hat ein schickes tr\u00e4gerloses Design, das Ihre Schultern und Ihr Dekollet\u00e9 akzentuiert. Dieses Kleid aus Cr\u00eape hat ein drapiertes Mieder und einen hohen Schlitz. Mit seiner eleganten Silhouette und den modernen Details ist Kaleb die perfekte Wahl f\u00fcr die Braut, die an ihrem besonderen Tag nach dezentem Glamour und m\u00fchelosem Stil sucht.  <\/p>\n","protected":false},"featured_media":55993,"template":"","meta":{"_acf_changed":false,"ghostkit_customizer_options":"","ghostkit_custom_css":"","ghostkit_custom_js_head":"","ghostkit_custom_js_foot":"","ghostkit_typography":""},"productdetails":[378],"productneck":[354],"productcolor":[392],"maat":[],"productsupplier":[428],"productsleeve":[],"productcategory":[18],"productsilhouette":[389],"productstyle":[370,373],"class_list":["post-59843","product","type-product","status-publish","has-post-thumbnail","hentry","productdetails-378","productneck-354","productcolor-392","productsupplier-libelle","productcategory-trouwjurken","productsilhouette-389","productstyle-370","productstyle-373"],"acf":[],"yoast_head":"<!-- This site is optimized with the Yoast SEO plugin v27.3 - https:\/\/yoast.com\/product\/yoast-seo-wordpress\/ -->\n<title>Libelle Kaleb | Koonings<\/title>\n<meta name=\"description\" content=\"Kaleb hat ein schickes tr\u00e4gerloses Design, das Ihre Schultern und Ihr Dekollet\u00e9 akzentuiert. Dieses Kleid aus Cr\u00eape hat ein drapiertes Mieder und einen hohen Schlitz. Mit seiner eleganten Silhouette und den modernen Details ist Kaleb die perfekte Wahl f\u00fcr die Braut, die an ihrem besonderen Tag nach dezentem Glamour und m\u00fchelosem Stil sucht.\" \/>\n<meta name=\"robots\" content=\"index, follow, max-snippet:-1, max-image-preview:large, max-video-preview:-1\" \/>\n<link rel=\"canonical\" href=\"https:\/\/www.koonings.com\/de\/product\/libelle-kaleb\/\" \/>\n<meta property=\"og:locale\" content=\"de_DE\" \/>\n<meta property=\"og:type\" content=\"article\" \/>\n<meta property=\"og:title\" content=\"Libelle Kaleb | Koonings\" \/>\n<meta property=\"og:description\" content=\"Kaleb hat ein schickes tr\u00e4gerloses Design, das Ihre Schultern und Ihr Dekollet\u00e9 akzentuiert. Dieses Kleid aus Cr\u00eape hat ein drapiertes Mieder und einen hohen Schlitz. Mit seiner eleganten Silhouette und den modernen Details ist Kaleb die perfekte Wahl f\u00fcr die Braut, die an ihrem besonderen Tag nach dezentem Glamour und m\u00fchelosem Stil sucht.\" \/>\n<meta property=\"og:url\" content=\"https:\/\/www.koonings.com\/de\/product\/libelle-kaleb\/\" \/>\n<meta property=\"og:site_name\" content=\"Koonings\" \/>\n<meta property=\"article:publisher\" content=\"https:\/\/www.facebook.com\/kooningstheweddingpalace\" \/>\n<meta property=\"article:modified_time\" content=\"2026-02-03T18:20:53+00:00\" \/>\n<meta property=\"og:image\" content=\"https:\/\/www.koonings.com\/wp-content\/uploads\/2024\/11\/49169_23458b50e1b597ab3548f864f226006c90e27e3515c3bd7d44754aa815925cfe7c5e2ac8-scaled.jpeg\" \/>\n\t<meta property=\"og:image:width\" content=\"1809\" \/>\n\t<meta property=\"og:image:height\" content=\"2560\" \/>\n\t<meta property=\"og:image:type\" content=\"image\/jpeg\" \/>\n<meta name=\"twitter:card\" content=\"summary_large_image\" \/>\n<script type=\"application\/ld+json\" class=\"yoast-schema-graph\">{\"@context\":\"https:\\\/\\\/schema.org\",\"@graph\":[{\"@type\":\"WebPage\",\"@id\":\"https:\\\/\\\/www.koonings.com\\\/de\\\/product\\\/libelle-kaleb\\\/\",\"url\":\"https:\\\/\\\/www.koonings.com\\\/de\\\/product\\\/libelle-kaleb\\\/\",\"name\":\"Libelle Kaleb | Koonings\",\"isPartOf\":{\"@id\":\"https:\\\/\\\/www.koonings.com\\\/de\\\/#website\"},\"primaryImageOfPage\":{\"@id\":\"https:\\\/\\\/www.koonings.com\\\/de\\\/product\\\/libelle-kaleb\\\/#primaryimage\"},\"image\":{\"@id\":\"https:\\\/\\\/www.koonings.com\\\/de\\\/product\\\/libelle-kaleb\\\/#primaryimage\"},\"thumbnailUrl\":\"https:\\\/\\\/www.koonings.com\\\/wp-content\\\/uploads\\\/2024\\\/11\\\/49169_23458b50e1b597ab3548f864f226006c90e27e3515c3bd7d44754aa815925cfe7c5e2ac8-scaled.jpeg\",\"datePublished\":\"2025-12-14T23:46:23+00:00\",\"dateModified\":\"2026-02-03T18:20:53+00:00\",\"description\":\"Kaleb hat ein schickes tr\u00e4gerloses Design, das Ihre Schultern und Ihr Dekollet\u00e9 akzentuiert. Dieses Kleid aus Cr\u00eape hat ein drapiertes Mieder und einen hohen Schlitz. Mit seiner eleganten Silhouette und den modernen Details ist Kaleb die perfekte Wahl f\u00fcr die Braut, die an ihrem besonderen Tag nach dezentem Glamour und m\u00fchelosem Stil sucht.\",\"breadcrumb\":{\"@id\":\"https:\\\/\\\/www.koonings.com\\\/de\\\/product\\\/libelle-kaleb\\\/#breadcrumb\"},\"inLanguage\":\"de\",\"potentialAction\":[{\"@type\":\"ReadAction\",\"target\":[\"https:\\\/\\\/www.koonings.com\\\/de\\\/product\\\/libelle-kaleb\\\/\"]}]},{\"@type\":\"ImageObject\",\"inLanguage\":\"de\",\"@id\":\"https:\\\/\\\/www.koonings.com\\\/de\\\/product\\\/libelle-kaleb\\\/#primaryimage\",\"url\":\"https:\\\/\\\/www.koonings.com\\\/wp-content\\\/uploads\\\/2024\\\/11\\\/49169_23458b50e1b597ab3548f864f226006c90e27e3515c3bd7d44754aa815925cfe7c5e2ac8-scaled.jpeg\",\"contentUrl\":\"https:\\\/\\\/www.koonings.com\\\/wp-content\\\/uploads\\\/2024\\\/11\\\/49169_23458b50e1b597ab3548f864f226006c90e27e3515c3bd7d44754aa815925cfe7c5e2ac8-scaled.jpeg\",\"width\":1809,\"height\":2560},{\"@type\":\"BreadcrumbList\",\"@id\":\"https:\\\/\\\/www.koonings.com\\\/de\\\/product\\\/libelle-kaleb\\\/#breadcrumb\",\"itemListElement\":[{\"@type\":\"ListItem\",\"position\":1,\"name\":\"Home\",\"item\":\"https:\\\/\\\/www.koonings.com\\\/de\\\/\"},{\"@type\":\"ListItem\",\"position\":2,\"name\":\"Libelle Kaleb\"}]},{\"@type\":\"WebSite\",\"@id\":\"https:\\\/\\\/www.koonings.com\\\/de\\\/#website\",\"url\":\"https:\\\/\\\/www.koonings.com\\\/de\\\/\",\"name\":\"Koonings\",\"description\":\"De grootste bruidsmodewinkel ter wereld\",\"publisher\":{\"@id\":\"https:\\\/\\\/www.koonings.com\\\/de\\\/#organization\"},\"potentialAction\":[{\"@type\":\"SearchAction\",\"target\":{\"@type\":\"EntryPoint\",\"urlTemplate\":\"https:\\\/\\\/www.koonings.com\\\/de\\\/?s={search_term_string}\"},\"query-input\":{\"@type\":\"PropertyValueSpecification\",\"valueRequired\":true,\"valueName\":\"search_term_string\"}}],\"inLanguage\":\"de\"},{\"@type\":\"Organization\",\"@id\":\"https:\\\/\\\/www.koonings.com\\\/de\\\/#organization\",\"name\":\"Koonings\",\"url\":\"https:\\\/\\\/www.koonings.com\\\/de\\\/\",\"logo\":{\"@type\":\"ImageObject\",\"inLanguage\":\"de\",\"@id\":\"https:\\\/\\\/www.koonings.com\\\/de\\\/#\\\/schema\\\/logo\\\/image\\\/\",\"url\":\"https:\\\/\\\/www.koonings.com\\\/wp-content\\\/uploads\\\/2024\\\/07\\\/logo.png\",\"contentUrl\":\"https:\\\/\\\/www.koonings.com\\\/wp-content\\\/uploads\\\/2024\\\/07\\\/logo.png\",\"width\":600,\"height\":428,\"caption\":\"Koonings\"},\"image\":{\"@id\":\"https:\\\/\\\/www.koonings.com\\\/de\\\/#\\\/schema\\\/logo\\\/image\\\/\"},\"sameAs\":[\"https:\\\/\\\/www.facebook.com\\\/kooningstheweddingpalace\",\"https:\\\/\\\/www.instagram.com\\\/kooningstheweddingpalace\",\"https:\\\/\\\/www.pinterest.com\\\/koonings\",\"https:\\\/\\\/www.youtube.com\\\/kooningstheweddingpalace\"]}]}<\/script>\n<!-- \/ Yoast SEO plugin. -->","yoast_head_json":{"title":"Libelle Kaleb | Koonings","description":"Kaleb hat ein schickes tr\u00e4gerloses Design, das Ihre Schultern und Ihr Dekollet\u00e9 akzentuiert. Dieses Kleid aus Cr\u00eape hat ein drapiertes Mieder und einen hohen Schlitz. Mit seiner eleganten Silhouette und den modernen Details ist Kaleb die perfekte Wahl f\u00fcr die Braut, die an ihrem besonderen Tag nach dezentem Glamour und m\u00fchelosem Stil sucht.","robots":{"index":"index","follow":"follow","max-snippet":"max-snippet:-1","max-image-preview":"max-image-preview:large","max-video-preview":"max-video-preview:-1"},"canonical":"https:\/\/www.koonings.com\/de\/product\/libelle-kaleb\/","og_locale":"de_DE","og_type":"article","og_title":"Libelle Kaleb | Koonings","og_description":"Kaleb hat ein schickes tr\u00e4gerloses Design, das Ihre Schultern und Ihr Dekollet\u00e9 akzentuiert. Dieses Kleid aus Cr\u00eape hat ein drapiertes Mieder und einen hohen Schlitz. Mit seiner eleganten Silhouette und den modernen Details ist Kaleb die perfekte Wahl f\u00fcr die Braut, die an ihrem besonderen Tag nach dezentem Glamour und m\u00fchelosem Stil sucht.","og_url":"https:\/\/www.koonings.com\/de\/product\/libelle-kaleb\/","og_site_name":"Koonings","article_publisher":"https:\/\/www.facebook.com\/kooningstheweddingpalace","article_modified_time":"2026-02-03T18:20:53+00:00","og_image":[{"width":1809,"height":2560,"url":"https:\/\/www.koonings.com\/wp-content\/uploads\/2024\/11\/49169_23458b50e1b597ab3548f864f226006c90e27e3515c3bd7d44754aa815925cfe7c5e2ac8-scaled.jpeg","type":"image\/jpeg"}],"twitter_card":"summary_large_image","schema":{"@context":"https:\/\/schema.org","@graph":[{"@type":"WebPage","@id":"https:\/\/www.koonings.com\/de\/product\/libelle-kaleb\/","url":"https:\/\/www.koonings.com\/de\/product\/libelle-kaleb\/","name":"Libelle Kaleb | Koonings","isPartOf":{"@id":"https:\/\/www.koonings.com\/de\/#website"},"primaryImageOfPage":{"@id":"https:\/\/www.koonings.com\/de\/product\/libelle-kaleb\/#primaryimage"},"image":{"@id":"https:\/\/www.koonings.com\/de\/product\/libelle-kaleb\/#primaryimage"},"thumbnailUrl":"https:\/\/www.koonings.com\/wp-content\/uploads\/2024\/11\/49169_23458b50e1b597ab3548f864f226006c90e27e3515c3bd7d44754aa815925cfe7c5e2ac8-scaled.jpeg","datePublished":"2025-12-14T23:46:23+00:00","dateModified":"2026-02-03T18:20:53+00:00","description":"Kaleb hat ein schickes tr\u00e4gerloses Design, das Ihre Schultern und Ihr Dekollet\u00e9 akzentuiert. Dieses Kleid aus Cr\u00eape hat ein drapiertes Mieder und einen hohen Schlitz. Mit seiner eleganten Silhouette und den modernen Details ist Kaleb die perfekte Wahl f\u00fcr die Braut, die an ihrem besonderen Tag nach dezentem Glamour und m\u00fchelosem Stil sucht.","breadcrumb":{"@id":"https:\/\/www.koonings.com\/de\/product\/libelle-kaleb\/#breadcrumb"},"inLanguage":"de","potentialAction":[{"@type":"ReadAction","target":["https:\/\/www.koonings.com\/de\/product\/libelle-kaleb\/"]}]},{"@type":"ImageObject","inLanguage":"de","@id":"https:\/\/www.koonings.com\/de\/product\/libelle-kaleb\/#primaryimage","url":"https:\/\/www.koonings.com\/wp-content\/uploads\/2024\/11\/49169_23458b50e1b597ab3548f864f226006c90e27e3515c3bd7d44754aa815925cfe7c5e2ac8-scaled.jpeg","contentUrl":"https:\/\/www.koonings.com\/wp-content\/uploads\/2024\/11\/49169_23458b50e1b597ab3548f864f226006c90e27e3515c3bd7d44754aa815925cfe7c5e2ac8-scaled.jpeg","width":1809,"height":2560},{"@type":"BreadcrumbList","@id":"https:\/\/www.koonings.com\/de\/product\/libelle-kaleb\/#breadcrumb","itemListElement":[{"@type":"ListItem","position":1,"name":"Home","item":"https:\/\/www.koonings.com\/de\/"},{"@type":"ListItem","position":2,"name":"Libelle Kaleb"}]},{"@type":"WebSite","@id":"https:\/\/www.koonings.com\/de\/#website","url":"https:\/\/www.koonings.com\/de\/","name":"Koonings","description":"De grootste bruidsmodewinkel ter wereld","publisher":{"@id":"https:\/\/www.koonings.com\/de\/#organization"},"potentialAction":[{"@type":"SearchAction","target":{"@type":"EntryPoint","urlTemplate":"https:\/\/www.koonings.com\/de\/?s={search_term_string}"},"query-input":{"@type":"PropertyValueSpecification","valueRequired":true,"valueName":"search_term_string"}}],"inLanguage":"de"},{"@type":"Organization","@id":"https:\/\/www.koonings.com\/de\/#organization","name":"Koonings","url":"https:\/\/www.koonings.com\/de\/","logo":{"@type":"ImageObject","inLanguage":"de","@id":"https:\/\/www.koonings.com\/de\/#\/schema\/logo\/image\/","url":"https:\/\/www.koonings.com\/wp-content\/uploads\/2024\/07\/logo.png","contentUrl":"https:\/\/www.koonings.com\/wp-content\/uploads\/2024\/07\/logo.png","width":600,"height":428,"caption":"Koonings"},"image":{"@id":"https:\/\/www.koonings.com\/de\/#\/schema\/logo\/image\/"},"sameAs":["https:\/\/www.facebook.com\/kooningstheweddingpalace","https:\/\/www.instagram.com\/kooningstheweddingpalace","https:\/\/www.pinterest.com\/koonings","https:\/\/www.youtube.com\/kooningstheweddingpalace"]}]}},"_links":{"self":[{"href":"https:\/\/www.koonings.com\/de\/wp-json\/wp\/v2\/product\/59843","targetHints":{"allow":["GET"]}}],"collection":[{"href":"https:\/\/www.koonings.com\/de\/wp-json\/wp\/v2\/product"}],"about":[{"href":"https:\/\/www.koonings.com\/de\/wp-json\/wp\/v2\/types\/product"}],"wp:featuredmedia":[{"embeddable":true,"href":"https:\/\/www.koonings.com\/de\/wp-json\/wp\/v2\/media\/55993"}],"wp:attachment":[{"href":"https:\/\/www.koonings.com\/de\/wp-json\/wp\/v2\/media?parent=59843"}],"wp:term":[{"taxonomy":"productdetails","embeddable":true,"href":"https:\/\/www.koonings.com\/de\/wp-json\/wp\/v2\/productdetails?post=59843"},{"taxonomy":"productneck","embeddable":true,"href":"https:\/\/www.koonings.com\/de\/wp-json\/wp\/v2\/productneck?post=59843"},{"taxonomy":"productcolor","embeddable":true,"href":"https:\/\/www.koonings.com\/de\/wp-json\/wp\/v2\/productcolor?post=59843"},{"taxonomy":"maat","embeddable":true,"href":"https:\/\/www.koonings.com\/de\/wp-json\/wp\/v2\/maat?post=59843"},{"taxonomy":"productsupplier","embeddable":true,"href":"https:\/\/www.koonings.com\/de\/wp-json\/wp\/v2\/productsupplier?post=59843"},{"taxonomy":"productsleeve","embeddable":true,"href":"https:\/\/www.koonings.com\/de\/wp-json\/wp\/v2\/productsleeve?post=59843"},{"taxonomy":"productcategory","embeddable":true,"href":"https:\/\/www.koonings.com\/de\/wp-json\/wp\/v2\/productcategory?post=59843"},{"taxonomy":"productsilhouette","embeddable":true,"href":"https:\/\/www.koonings.com\/de\/wp-json\/wp\/v2\/productsilhouette?post=59843"},{"taxonomy":"productstyle","embeddable":true,"href":"https:\/\/www.koonings.com\/de\/wp-json\/wp\/v2\/productstyle?post=59843"}],"curies":[{"name":"wp","href":"https:\/\/api.w.org\/{rel}","templated":true}]}}