{"id":59824,"date":"2026-05-06T15:28:53","date_gmt":"2026-05-06T13:28:53","guid":{"rendered":"https:\/\/www.koonings.com\/product\/viktor-and-rolf-vrm434\/"},"modified":"2026-02-16T14:43:49","modified_gmt":"2026-02-16T13:43:49","slug":"viktor-and-rolf-vrm434","status":"publish","type":"product","link":"https:\/\/www.koonings.com\/de\/product\/viktor-and-rolf-vrm434\/","title":{"rendered":"Viktor und Rolf VRM434"},"content":{"rendered":"<p>Das Viktor &amp; Rolf VRM434 ist ein majest\u00e4tisches Hochzeitskleid, das puren Luxus und Raffinesse ausstrahlt. Das Design ist eine perfekte Mischung aus klassischer Sch\u00f6nheit und avantgardistischen Elementen, wobei skulpturale Formen und k\u00fchne Details dem Kleid einen einzigartigen Look verleihen. Die luxuri\u00f6sen Stoffe fallen wundersch\u00f6n \u00fcber den K\u00f6rper, w\u00e4hrend die detaillierten Verarbeitungen einen atemberaubenden Effekt erzeugen. Ob mit dramatischen, volumin\u00f6sen Akzenten oder subtilen, raffinierten Details, das VRM434 bietet einen modernen und zeitlosen Look. Dieses exklusiv bei Koonings The Wedding Palace erh\u00e4ltliche Kleid ist ideal f\u00fcr die Braut, die etwas Exklusives sucht, mit k\u00fchnem Flair und einer unvergesslichen Wirkung an ihrem gro\u00dfen Tag.    <\/p>\n","protected":false},"featured_media":56163,"template":"","meta":{"_acf_changed":false,"ghostkit_customizer_options":"","ghostkit_custom_css":"","ghostkit_custom_js_head":"","ghostkit_custom_js_foot":"","ghostkit_typography":""},"productdetails":[],"productneck":[350],"productcolor":[392],"maat":[],"productsupplier":[440],"productsleeve":[362],"productcategory":[18],"productsilhouette":[389],"productstyle":[367,369],"class_list":["post-59824","product","type-product","status-publish","has-post-thumbnail","hentry","productneck-350","productcolor-392","productsupplier-viktor-and-rolf","productsleeve-362","productcategory-trouwjurken","productsilhouette-389","productstyle-367","productstyle-369"],"acf":[],"yoast_head":"<!-- This site is optimized with the Yoast SEO plugin v27.3 - https:\/\/yoast.com\/product\/yoast-seo-wordpress\/ -->\n<title>Viktor und Rolf VRM434 | Koonings<\/title>\n<meta name=\"description\" content=\"Das Viktor &amp; Rolf VRM434 ist ein majest\u00e4tisches Hochzeitskleid, das puren Luxus und Raffinesse ausstrahlt. Das Design ist eine perfekte Mischung aus klassischer Sch\u00f6nheit und avantgardistischen Elementen, wobei skulpturale Formen und k\u00fchne Details dem Kleid einen einzigartigen Look verleihen. Die luxuri\u00f6sen Stoffe fallen wundersch\u00f6n \u00fcber den K\u00f6rper, w\u00e4hrend die detaillierten Verarbeitungen einen atemberaubenden Effekt erzeugen. Ob mit dramatischen, volumin\u00f6sen Akzenten oder subtilen, raffinierten Details, das VRM434 bietet einen modernen und zeitlosen Look. Dieses exklusiv bei Koonings The Wedding Palace erh\u00e4ltliche Kleid ist ideal f\u00fcr die Braut, die etwas Exklusives sucht, mit k\u00fchnem Flair und einer unvergesslichen Wirkung an ihrem gro\u00dfen Tag.\" \/>\n<meta name=\"robots\" content=\"index, follow, max-snippet:-1, max-image-preview:large, max-video-preview:-1\" \/>\n<link rel=\"canonical\" href=\"https:\/\/www.koonings.com\/de\/product\/viktor-and-rolf-vrm434\/\" \/>\n<meta property=\"og:locale\" content=\"de_DE\" \/>\n<meta property=\"og:type\" content=\"article\" \/>\n<meta property=\"og:title\" content=\"Viktor und Rolf VRM434 | Koonings\" \/>\n<meta property=\"og:description\" content=\"Das Viktor &amp; Rolf VRM434 ist ein majest\u00e4tisches Hochzeitskleid, das puren Luxus und Raffinesse ausstrahlt. Das Design ist eine perfekte Mischung aus klassischer Sch\u00f6nheit und avantgardistischen Elementen, wobei skulpturale Formen und k\u00fchne Details dem Kleid einen einzigartigen Look verleihen. Die luxuri\u00f6sen Stoffe fallen wundersch\u00f6n \u00fcber den K\u00f6rper, w\u00e4hrend die detaillierten Verarbeitungen einen atemberaubenden Effekt erzeugen. Ob mit dramatischen, volumin\u00f6sen Akzenten oder subtilen, raffinierten Details, das VRM434 bietet einen modernen und zeitlosen Look. Dieses exklusiv bei Koonings The Wedding Palace erh\u00e4ltliche Kleid ist ideal f\u00fcr die Braut, die etwas Exklusives sucht, mit k\u00fchnem Flair und einer unvergesslichen Wirkung an ihrem gro\u00dfen Tag.\" \/>\n<meta property=\"og:url\" content=\"https:\/\/www.koonings.com\/de\/product\/viktor-and-rolf-vrm434\/\" \/>\n<meta property=\"og:site_name\" content=\"Koonings\" \/>\n<meta property=\"article:publisher\" content=\"https:\/\/www.facebook.com\/kooningstheweddingpalace\" \/>\n<meta property=\"og:image\" content=\"https:\/\/www.koonings.com\/wp-content\/uploads\/2024\/11\/49191_e05fe9c22ffe11733e49d99bdeb9396492e3da8431a8871261e92060487cf9f2f3f85def-scaled.jpeg\" \/>\n\t<meta property=\"og:image:width\" content=\"1808\" \/>\n\t<meta property=\"og:image:height\" content=\"2560\" \/>\n\t<meta property=\"og:image:type\" content=\"image\/jpeg\" \/>\n<meta name=\"twitter:card\" content=\"summary_large_image\" \/>\n<meta name=\"twitter:label1\" content=\"Gesch\u00e4tzte Lesezeit\" \/>\n\t<meta name=\"twitter:data1\" content=\"1\u00a0Minute\" \/>\n<script type=\"application\/ld+json\" class=\"yoast-schema-graph\">{\"@context\":\"https:\\\/\\\/schema.org\",\"@graph\":[{\"@type\":\"WebPage\",\"@id\":\"https:\\\/\\\/www.koonings.com\\\/de\\\/product\\\/viktor-and-rolf-vrm434\\\/\",\"url\":\"https:\\\/\\\/www.koonings.com\\\/de\\\/product\\\/viktor-and-rolf-vrm434\\\/\",\"name\":\"Viktor und Rolf VRM434 | Koonings\",\"isPartOf\":{\"@id\":\"https:\\\/\\\/www.koonings.com\\\/de\\\/#website\"},\"primaryImageOfPage\":{\"@id\":\"https:\\\/\\\/www.koonings.com\\\/de\\\/product\\\/viktor-and-rolf-vrm434\\\/#primaryimage\"},\"image\":{\"@id\":\"https:\\\/\\\/www.koonings.com\\\/de\\\/product\\\/viktor-and-rolf-vrm434\\\/#primaryimage\"},\"thumbnailUrl\":\"https:\\\/\\\/www.koonings.com\\\/wp-content\\\/uploads\\\/2024\\\/11\\\/49191_e05fe9c22ffe11733e49d99bdeb9396492e3da8431a8871261e92060487cf9f2f3f85def-scaled.jpeg\",\"datePublished\":\"2026-05-06T13:28:53+00:00\",\"description\":\"Das Viktor & Rolf VRM434 ist ein majest\u00e4tisches Hochzeitskleid, das puren Luxus und Raffinesse ausstrahlt. Das Design ist eine perfekte Mischung aus klassischer Sch\u00f6nheit und avantgardistischen Elementen, wobei skulpturale Formen und k\u00fchne Details dem Kleid einen einzigartigen Look verleihen. Die luxuri\u00f6sen Stoffe fallen wundersch\u00f6n \u00fcber den K\u00f6rper, w\u00e4hrend die detaillierten Verarbeitungen einen atemberaubenden Effekt erzeugen. Ob mit dramatischen, volumin\u00f6sen Akzenten oder subtilen, raffinierten Details, das VRM434 bietet einen modernen und zeitlosen Look. Dieses exklusiv bei Koonings The Wedding Palace erh\u00e4ltliche Kleid ist ideal f\u00fcr die Braut, die etwas Exklusives sucht, mit k\u00fchnem Flair und einer unvergesslichen Wirkung an ihrem gro\u00dfen Tag.\",\"breadcrumb\":{\"@id\":\"https:\\\/\\\/www.koonings.com\\\/de\\\/product\\\/viktor-and-rolf-vrm434\\\/#breadcrumb\"},\"inLanguage\":\"de\",\"potentialAction\":[{\"@type\":\"ReadAction\",\"target\":[\"https:\\\/\\\/www.koonings.com\\\/de\\\/product\\\/viktor-and-rolf-vrm434\\\/\"]}]},{\"@type\":\"ImageObject\",\"inLanguage\":\"de\",\"@id\":\"https:\\\/\\\/www.koonings.com\\\/de\\\/product\\\/viktor-and-rolf-vrm434\\\/#primaryimage\",\"url\":\"https:\\\/\\\/www.koonings.com\\\/wp-content\\\/uploads\\\/2024\\\/11\\\/49191_e05fe9c22ffe11733e49d99bdeb9396492e3da8431a8871261e92060487cf9f2f3f85def-scaled.jpeg\",\"contentUrl\":\"https:\\\/\\\/www.koonings.com\\\/wp-content\\\/uploads\\\/2024\\\/11\\\/49191_e05fe9c22ffe11733e49d99bdeb9396492e3da8431a8871261e92060487cf9f2f3f85def-scaled.jpeg\",\"width\":1808,\"height\":2560},{\"@type\":\"BreadcrumbList\",\"@id\":\"https:\\\/\\\/www.koonings.com\\\/de\\\/product\\\/viktor-and-rolf-vrm434\\\/#breadcrumb\",\"itemListElement\":[{\"@type\":\"ListItem\",\"position\":1,\"name\":\"Home\",\"item\":\"https:\\\/\\\/www.koonings.com\\\/de\\\/\"},{\"@type\":\"ListItem\",\"position\":2,\"name\":\"Viktor und Rolf VRM434\"}]},{\"@type\":\"WebSite\",\"@id\":\"https:\\\/\\\/www.koonings.com\\\/de\\\/#website\",\"url\":\"https:\\\/\\\/www.koonings.com\\\/de\\\/\",\"name\":\"Koonings\",\"description\":\"De grootste bruidsmodewinkel ter wereld\",\"publisher\":{\"@id\":\"https:\\\/\\\/www.koonings.com\\\/de\\\/#organization\"},\"potentialAction\":[{\"@type\":\"SearchAction\",\"target\":{\"@type\":\"EntryPoint\",\"urlTemplate\":\"https:\\\/\\\/www.koonings.com\\\/de\\\/?s={search_term_string}\"},\"query-input\":{\"@type\":\"PropertyValueSpecification\",\"valueRequired\":true,\"valueName\":\"search_term_string\"}}],\"inLanguage\":\"de\"},{\"@type\":\"Organization\",\"@id\":\"https:\\\/\\\/www.koonings.com\\\/de\\\/#organization\",\"name\":\"Koonings\",\"url\":\"https:\\\/\\\/www.koonings.com\\\/de\\\/\",\"logo\":{\"@type\":\"ImageObject\",\"inLanguage\":\"de\",\"@id\":\"https:\\\/\\\/www.koonings.com\\\/de\\\/#\\\/schema\\\/logo\\\/image\\\/\",\"url\":\"https:\\\/\\\/www.koonings.com\\\/wp-content\\\/uploads\\\/2024\\\/07\\\/logo.png\",\"contentUrl\":\"https:\\\/\\\/www.koonings.com\\\/wp-content\\\/uploads\\\/2024\\\/07\\\/logo.png\",\"width\":600,\"height\":428,\"caption\":\"Koonings\"},\"image\":{\"@id\":\"https:\\\/\\\/www.koonings.com\\\/de\\\/#\\\/schema\\\/logo\\\/image\\\/\"},\"sameAs\":[\"https:\\\/\\\/www.facebook.com\\\/kooningstheweddingpalace\",\"https:\\\/\\\/www.instagram.com\\\/kooningstheweddingpalace\",\"https:\\\/\\\/www.pinterest.com\\\/koonings\",\"https:\\\/\\\/www.youtube.com\\\/kooningstheweddingpalace\"]}]}<\/script>\n<!-- \/ Yoast SEO plugin. -->","yoast_head_json":{"title":"Viktor und Rolf VRM434 | Koonings","description":"Das Viktor & Rolf VRM434 ist ein majest\u00e4tisches Hochzeitskleid, das puren Luxus und Raffinesse ausstrahlt. Das Design ist eine perfekte Mischung aus klassischer Sch\u00f6nheit und avantgardistischen Elementen, wobei skulpturale Formen und k\u00fchne Details dem Kleid einen einzigartigen Look verleihen. Die luxuri\u00f6sen Stoffe fallen wundersch\u00f6n \u00fcber den K\u00f6rper, w\u00e4hrend die detaillierten Verarbeitungen einen atemberaubenden Effekt erzeugen. Ob mit dramatischen, volumin\u00f6sen Akzenten oder subtilen, raffinierten Details, das VRM434 bietet einen modernen und zeitlosen Look. Dieses exklusiv bei Koonings The Wedding Palace erh\u00e4ltliche Kleid ist ideal f\u00fcr die Braut, die etwas Exklusives sucht, mit k\u00fchnem Flair und einer unvergesslichen Wirkung an ihrem gro\u00dfen Tag.","robots":{"index":"index","follow":"follow","max-snippet":"max-snippet:-1","max-image-preview":"max-image-preview:large","max-video-preview":"max-video-preview:-1"},"canonical":"https:\/\/www.koonings.com\/de\/product\/viktor-and-rolf-vrm434\/","og_locale":"de_DE","og_type":"article","og_title":"Viktor und Rolf VRM434 | Koonings","og_description":"Das Viktor & Rolf VRM434 ist ein majest\u00e4tisches Hochzeitskleid, das puren Luxus und Raffinesse ausstrahlt. Das Design ist eine perfekte Mischung aus klassischer Sch\u00f6nheit und avantgardistischen Elementen, wobei skulpturale Formen und k\u00fchne Details dem Kleid einen einzigartigen Look verleihen. Die luxuri\u00f6sen Stoffe fallen wundersch\u00f6n \u00fcber den K\u00f6rper, w\u00e4hrend die detaillierten Verarbeitungen einen atemberaubenden Effekt erzeugen. Ob mit dramatischen, volumin\u00f6sen Akzenten oder subtilen, raffinierten Details, das VRM434 bietet einen modernen und zeitlosen Look. Dieses exklusiv bei Koonings The Wedding Palace erh\u00e4ltliche Kleid ist ideal f\u00fcr die Braut, die etwas Exklusives sucht, mit k\u00fchnem Flair und einer unvergesslichen Wirkung an ihrem gro\u00dfen Tag.","og_url":"https:\/\/www.koonings.com\/de\/product\/viktor-and-rolf-vrm434\/","og_site_name":"Koonings","article_publisher":"https:\/\/www.facebook.com\/kooningstheweddingpalace","og_image":[{"width":1808,"height":2560,"url":"https:\/\/www.koonings.com\/wp-content\/uploads\/2024\/11\/49191_e05fe9c22ffe11733e49d99bdeb9396492e3da8431a8871261e92060487cf9f2f3f85def-scaled.jpeg","type":"image\/jpeg"}],"twitter_card":"summary_large_image","twitter_misc":{"Gesch\u00e4tzte Lesezeit":"1\u00a0Minute"},"schema":{"@context":"https:\/\/schema.org","@graph":[{"@type":"WebPage","@id":"https:\/\/www.koonings.com\/de\/product\/viktor-and-rolf-vrm434\/","url":"https:\/\/www.koonings.com\/de\/product\/viktor-and-rolf-vrm434\/","name":"Viktor und Rolf VRM434 | Koonings","isPartOf":{"@id":"https:\/\/www.koonings.com\/de\/#website"},"primaryImageOfPage":{"@id":"https:\/\/www.koonings.com\/de\/product\/viktor-and-rolf-vrm434\/#primaryimage"},"image":{"@id":"https:\/\/www.koonings.com\/de\/product\/viktor-and-rolf-vrm434\/#primaryimage"},"thumbnailUrl":"https:\/\/www.koonings.com\/wp-content\/uploads\/2024\/11\/49191_e05fe9c22ffe11733e49d99bdeb9396492e3da8431a8871261e92060487cf9f2f3f85def-scaled.jpeg","datePublished":"2026-05-06T13:28:53+00:00","description":"Das Viktor & Rolf VRM434 ist ein majest\u00e4tisches Hochzeitskleid, das puren Luxus und Raffinesse ausstrahlt. Das Design ist eine perfekte Mischung aus klassischer Sch\u00f6nheit und avantgardistischen Elementen, wobei skulpturale Formen und k\u00fchne Details dem Kleid einen einzigartigen Look verleihen. Die luxuri\u00f6sen Stoffe fallen wundersch\u00f6n \u00fcber den K\u00f6rper, w\u00e4hrend die detaillierten Verarbeitungen einen atemberaubenden Effekt erzeugen. Ob mit dramatischen, volumin\u00f6sen Akzenten oder subtilen, raffinierten Details, das VRM434 bietet einen modernen und zeitlosen Look. Dieses exklusiv bei Koonings The Wedding Palace erh\u00e4ltliche Kleid ist ideal f\u00fcr die Braut, die etwas Exklusives sucht, mit k\u00fchnem Flair und einer unvergesslichen Wirkung an ihrem gro\u00dfen Tag.","breadcrumb":{"@id":"https:\/\/www.koonings.com\/de\/product\/viktor-and-rolf-vrm434\/#breadcrumb"},"inLanguage":"de","potentialAction":[{"@type":"ReadAction","target":["https:\/\/www.koonings.com\/de\/product\/viktor-and-rolf-vrm434\/"]}]},{"@type":"ImageObject","inLanguage":"de","@id":"https:\/\/www.koonings.com\/de\/product\/viktor-and-rolf-vrm434\/#primaryimage","url":"https:\/\/www.koonings.com\/wp-content\/uploads\/2024\/11\/49191_e05fe9c22ffe11733e49d99bdeb9396492e3da8431a8871261e92060487cf9f2f3f85def-scaled.jpeg","contentUrl":"https:\/\/www.koonings.com\/wp-content\/uploads\/2024\/11\/49191_e05fe9c22ffe11733e49d99bdeb9396492e3da8431a8871261e92060487cf9f2f3f85def-scaled.jpeg","width":1808,"height":2560},{"@type":"BreadcrumbList","@id":"https:\/\/www.koonings.com\/de\/product\/viktor-and-rolf-vrm434\/#breadcrumb","itemListElement":[{"@type":"ListItem","position":1,"name":"Home","item":"https:\/\/www.koonings.com\/de\/"},{"@type":"ListItem","position":2,"name":"Viktor und Rolf VRM434"}]},{"@type":"WebSite","@id":"https:\/\/www.koonings.com\/de\/#website","url":"https:\/\/www.koonings.com\/de\/","name":"Koonings","description":"De grootste bruidsmodewinkel ter wereld","publisher":{"@id":"https:\/\/www.koonings.com\/de\/#organization"},"potentialAction":[{"@type":"SearchAction","target":{"@type":"EntryPoint","urlTemplate":"https:\/\/www.koonings.com\/de\/?s={search_term_string}"},"query-input":{"@type":"PropertyValueSpecification","valueRequired":true,"valueName":"search_term_string"}}],"inLanguage":"de"},{"@type":"Organization","@id":"https:\/\/www.koonings.com\/de\/#organization","name":"Koonings","url":"https:\/\/www.koonings.com\/de\/","logo":{"@type":"ImageObject","inLanguage":"de","@id":"https:\/\/www.koonings.com\/de\/#\/schema\/logo\/image\/","url":"https:\/\/www.koonings.com\/wp-content\/uploads\/2024\/07\/logo.png","contentUrl":"https:\/\/www.koonings.com\/wp-content\/uploads\/2024\/07\/logo.png","width":600,"height":428,"caption":"Koonings"},"image":{"@id":"https:\/\/www.koonings.com\/de\/#\/schema\/logo\/image\/"},"sameAs":["https:\/\/www.facebook.com\/kooningstheweddingpalace","https:\/\/www.instagram.com\/kooningstheweddingpalace","https:\/\/www.pinterest.com\/koonings","https:\/\/www.youtube.com\/kooningstheweddingpalace"]}]}},"_links":{"self":[{"href":"https:\/\/www.koonings.com\/de\/wp-json\/wp\/v2\/product\/59824","targetHints":{"allow":["GET"]}}],"collection":[{"href":"https:\/\/www.koonings.com\/de\/wp-json\/wp\/v2\/product"}],"about":[{"href":"https:\/\/www.koonings.com\/de\/wp-json\/wp\/v2\/types\/product"}],"wp:featuredmedia":[{"embeddable":true,"href":"https:\/\/www.koonings.com\/de\/wp-json\/wp\/v2\/media\/56163"}],"wp:attachment":[{"href":"https:\/\/www.koonings.com\/de\/wp-json\/wp\/v2\/media?parent=59824"}],"wp:term":[{"taxonomy":"productdetails","embeddable":true,"href":"https:\/\/www.koonings.com\/de\/wp-json\/wp\/v2\/productdetails?post=59824"},{"taxonomy":"productneck","embeddable":true,"href":"https:\/\/www.koonings.com\/de\/wp-json\/wp\/v2\/productneck?post=59824"},{"taxonomy":"productcolor","embeddable":true,"href":"https:\/\/www.koonings.com\/de\/wp-json\/wp\/v2\/productcolor?post=59824"},{"taxonomy":"maat","embeddable":true,"href":"https:\/\/www.koonings.com\/de\/wp-json\/wp\/v2\/maat?post=59824"},{"taxonomy":"productsupplier","embeddable":true,"href":"https:\/\/www.koonings.com\/de\/wp-json\/wp\/v2\/productsupplier?post=59824"},{"taxonomy":"productsleeve","embeddable":true,"href":"https:\/\/www.koonings.com\/de\/wp-json\/wp\/v2\/productsleeve?post=59824"},{"taxonomy":"productcategory","embeddable":true,"href":"https:\/\/www.koonings.com\/de\/wp-json\/wp\/v2\/productcategory?post=59824"},{"taxonomy":"productsilhouette","embeddable":true,"href":"https:\/\/www.koonings.com\/de\/wp-json\/wp\/v2\/productsilhouette?post=59824"},{"taxonomy":"productstyle","embeddable":true,"href":"https:\/\/www.koonings.com\/de\/wp-json\/wp\/v2\/productstyle?post=59824"}],"curies":[{"name":"wp","href":"https:\/\/api.w.org\/{rel}","templated":true}]}}