{"id":59819,"date":"2026-04-28T18:28:41","date_gmt":"2026-04-28T16:28:41","guid":{"rendered":"https:\/\/www.koonings.com\/product\/viktor-and-rolf-vrm417\/"},"modified":"2025-06-05T13:29:10","modified_gmt":"2025-06-05T11:29:10","slug":"viktor-and-rolf-vrm417","status":"publish","type":"product","link":"https:\/\/www.koonings.com\/de\/product\/viktor-and-rolf-vrm417\/","title":{"rendered":"Viktor and Rolf VRM417"},"content":{"rendered":"<p>Das Viktor &amp; Rolf VRM417 ist ein Statement-Brautkleid, das Luxus, Eleganz und k\u00fchne Kreativit\u00e4t vereint. Das Design spiegelt den kultigen Avantgarde-Charakter des Modehauses wider, mit skulpturalen Elementen, die die weiblichen Formen wundersch\u00f6n betonen. Das Kleid besteht aus luxuri\u00f6sen Stoffen, die sich zu einer raffinierten, modernen Silhouette vereinen, mit detaillierten Verarbeitungen, die das Kleid zu einem wahren Kunstwerk machen. Ob dramatische Linien, ein einzigartiges Design oder ein unerwartetes Detail, das VRM417 ist perfekt f\u00fcr die Braut, die sich an ihrem gro\u00dfen Tag sowohl raffiniert als auch mutig f\u00fchlen m\u00f6chte. Dieses Kleid ist exklusiv bei Koonings The Wedding Palace erh\u00e4ltlich und bietet einen zeitlosen und doch gewagten Look f\u00fcr die Braut, die etwas Besonderes sucht.    <\/p>\n","protected":false},"featured_media":56190,"template":"","meta":{"_acf_changed":false,"ghostkit_customizer_options":"","ghostkit_custom_css":"","ghostkit_custom_js_head":"","ghostkit_custom_js_foot":"","ghostkit_typography":""},"productdetails":[],"productneck":[354,356],"productcolor":[392],"maat":[],"productsupplier":[440],"productsleeve":[359],"productcategory":[18],"productsilhouette":[389],"productstyle":[367,370],"class_list":["post-59819","product","type-product","status-publish","has-post-thumbnail","hentry","productneck-354","productneck-356","productcolor-392","productsupplier-viktor-and-rolf","productsleeve-359","productcategory-trouwjurken","productsilhouette-389","productstyle-367","productstyle-370"],"acf":[],"yoast_head":"<!-- This site is optimized with the Yoast SEO plugin v27.3 - https:\/\/yoast.com\/product\/yoast-seo-wordpress\/ -->\n<title>Viktor and Rolf VRM417 | Koonings<\/title>\n<meta name=\"description\" content=\"Das Viktor &amp; Rolf VRM417 ist ein Statement-Brautkleid, das Luxus, Eleganz und k\u00fchne Kreativit\u00e4t vereint. Das Design spiegelt den kultigen Avantgarde-Charakter des Modehauses wider, mit skulpturalen Elementen, die die weiblichen Formen wundersch\u00f6n betonen. Das Kleid besteht aus luxuri\u00f6sen Stoffen, die sich zu einer raffinierten, modernen Silhouette vereinen, mit detaillierten Verarbeitungen, die das Kleid zu einem wahren Kunstwerk machen. Ob dramatische Linien, ein einzigartiges Design oder ein unerwartetes Detail, das VRM417 ist perfekt f\u00fcr die Braut, die sich an ihrem gro\u00dfen Tag sowohl raffiniert als auch mutig f\u00fchlen m\u00f6chte. Dieses Kleid ist exklusiv bei Koonings The Wedding Palace erh\u00e4ltlich und bietet einen zeitlosen und doch gewagten Look f\u00fcr die Braut, die etwas Besonderes sucht.\" \/>\n<meta name=\"robots\" content=\"index, follow, max-snippet:-1, max-image-preview:large, max-video-preview:-1\" \/>\n<link rel=\"canonical\" href=\"https:\/\/www.koonings.com\/de\/product\/viktor-and-rolf-vrm417\/\" \/>\n<meta property=\"og:locale\" content=\"de_DE\" \/>\n<meta property=\"og:type\" content=\"article\" \/>\n<meta property=\"og:title\" content=\"Viktor and Rolf VRM417 | Koonings\" \/>\n<meta property=\"og:description\" content=\"Das Viktor &amp; Rolf VRM417 ist ein Statement-Brautkleid, das Luxus, Eleganz und k\u00fchne Kreativit\u00e4t vereint. Das Design spiegelt den kultigen Avantgarde-Charakter des Modehauses wider, mit skulpturalen Elementen, die die weiblichen Formen wundersch\u00f6n betonen. Das Kleid besteht aus luxuri\u00f6sen Stoffen, die sich zu einer raffinierten, modernen Silhouette vereinen, mit detaillierten Verarbeitungen, die das Kleid zu einem wahren Kunstwerk machen. Ob dramatische Linien, ein einzigartiges Design oder ein unerwartetes Detail, das VRM417 ist perfekt f\u00fcr die Braut, die sich an ihrem gro\u00dfen Tag sowohl raffiniert als auch mutig f\u00fchlen m\u00f6chte. Dieses Kleid ist exklusiv bei Koonings The Wedding Palace erh\u00e4ltlich und bietet einen zeitlosen und doch gewagten Look f\u00fcr die Braut, die etwas Besonderes sucht.\" \/>\n<meta property=\"og:url\" content=\"https:\/\/www.koonings.com\/de\/product\/viktor-and-rolf-vrm417\/\" \/>\n<meta property=\"og:site_name\" content=\"Koonings\" \/>\n<meta property=\"article:publisher\" content=\"https:\/\/www.facebook.com\/kooningstheweddingpalace\" \/>\n<meta property=\"og:image\" content=\"https:\/\/www.koonings.com\/wp-content\/uploads\/2024\/11\/49194_275c2014b06e6a70528d1287f27a5b58d2882bf7b769df6907e7c3d640c8b6b1c9eb9a93-scaled.jpeg\" \/>\n\t<meta property=\"og:image:width\" content=\"1811\" \/>\n\t<meta property=\"og:image:height\" content=\"2560\" \/>\n\t<meta property=\"og:image:type\" content=\"image\/jpeg\" \/>\n<meta name=\"twitter:card\" content=\"summary_large_image\" \/>\n<meta name=\"twitter:label1\" content=\"Gesch\u00e4tzte Lesezeit\" \/>\n\t<meta name=\"twitter:data1\" content=\"1\u00a0Minute\" \/>\n<script type=\"application\/ld+json\" class=\"yoast-schema-graph\">{\"@context\":\"https:\\\/\\\/schema.org\",\"@graph\":[{\"@type\":\"WebPage\",\"@id\":\"https:\\\/\\\/www.koonings.com\\\/de\\\/product\\\/viktor-and-rolf-vrm417\\\/\",\"url\":\"https:\\\/\\\/www.koonings.com\\\/de\\\/product\\\/viktor-and-rolf-vrm417\\\/\",\"name\":\"Viktor and Rolf VRM417 | Koonings\",\"isPartOf\":{\"@id\":\"https:\\\/\\\/www.koonings.com\\\/de\\\/#website\"},\"primaryImageOfPage\":{\"@id\":\"https:\\\/\\\/www.koonings.com\\\/de\\\/product\\\/viktor-and-rolf-vrm417\\\/#primaryimage\"},\"image\":{\"@id\":\"https:\\\/\\\/www.koonings.com\\\/de\\\/product\\\/viktor-and-rolf-vrm417\\\/#primaryimage\"},\"thumbnailUrl\":\"https:\\\/\\\/www.koonings.com\\\/wp-content\\\/uploads\\\/2024\\\/11\\\/49194_275c2014b06e6a70528d1287f27a5b58d2882bf7b769df6907e7c3d640c8b6b1c9eb9a93-scaled.jpeg\",\"datePublished\":\"2026-04-28T16:28:41+00:00\",\"description\":\"Das Viktor & Rolf VRM417 ist ein Statement-Brautkleid, das Luxus, Eleganz und k\u00fchne Kreativit\u00e4t vereint. Das Design spiegelt den kultigen Avantgarde-Charakter des Modehauses wider, mit skulpturalen Elementen, die die weiblichen Formen wundersch\u00f6n betonen. Das Kleid besteht aus luxuri\u00f6sen Stoffen, die sich zu einer raffinierten, modernen Silhouette vereinen, mit detaillierten Verarbeitungen, die das Kleid zu einem wahren Kunstwerk machen. Ob dramatische Linien, ein einzigartiges Design oder ein unerwartetes Detail, das VRM417 ist perfekt f\u00fcr die Braut, die sich an ihrem gro\u00dfen Tag sowohl raffiniert als auch mutig f\u00fchlen m\u00f6chte. Dieses Kleid ist exklusiv bei Koonings The Wedding Palace erh\u00e4ltlich und bietet einen zeitlosen und doch gewagten Look f\u00fcr die Braut, die etwas Besonderes sucht.\",\"breadcrumb\":{\"@id\":\"https:\\\/\\\/www.koonings.com\\\/de\\\/product\\\/viktor-and-rolf-vrm417\\\/#breadcrumb\"},\"inLanguage\":\"de\",\"potentialAction\":[{\"@type\":\"ReadAction\",\"target\":[\"https:\\\/\\\/www.koonings.com\\\/de\\\/product\\\/viktor-and-rolf-vrm417\\\/\"]}]},{\"@type\":\"ImageObject\",\"inLanguage\":\"de\",\"@id\":\"https:\\\/\\\/www.koonings.com\\\/de\\\/product\\\/viktor-and-rolf-vrm417\\\/#primaryimage\",\"url\":\"https:\\\/\\\/www.koonings.com\\\/wp-content\\\/uploads\\\/2024\\\/11\\\/49194_275c2014b06e6a70528d1287f27a5b58d2882bf7b769df6907e7c3d640c8b6b1c9eb9a93-scaled.jpeg\",\"contentUrl\":\"https:\\\/\\\/www.koonings.com\\\/wp-content\\\/uploads\\\/2024\\\/11\\\/49194_275c2014b06e6a70528d1287f27a5b58d2882bf7b769df6907e7c3d640c8b6b1c9eb9a93-scaled.jpeg\",\"width\":1811,\"height\":2560},{\"@type\":\"BreadcrumbList\",\"@id\":\"https:\\\/\\\/www.koonings.com\\\/de\\\/product\\\/viktor-and-rolf-vrm417\\\/#breadcrumb\",\"itemListElement\":[{\"@type\":\"ListItem\",\"position\":1,\"name\":\"Home\",\"item\":\"https:\\\/\\\/www.koonings.com\\\/de\\\/\"},{\"@type\":\"ListItem\",\"position\":2,\"name\":\"Viktor and Rolf VRM417\"}]},{\"@type\":\"WebSite\",\"@id\":\"https:\\\/\\\/www.koonings.com\\\/de\\\/#website\",\"url\":\"https:\\\/\\\/www.koonings.com\\\/de\\\/\",\"name\":\"Koonings\",\"description\":\"De grootste bruidsmodewinkel ter wereld\",\"publisher\":{\"@id\":\"https:\\\/\\\/www.koonings.com\\\/de\\\/#organization\"},\"potentialAction\":[{\"@type\":\"SearchAction\",\"target\":{\"@type\":\"EntryPoint\",\"urlTemplate\":\"https:\\\/\\\/www.koonings.com\\\/de\\\/?s={search_term_string}\"},\"query-input\":{\"@type\":\"PropertyValueSpecification\",\"valueRequired\":true,\"valueName\":\"search_term_string\"}}],\"inLanguage\":\"de\"},{\"@type\":\"Organization\",\"@id\":\"https:\\\/\\\/www.koonings.com\\\/de\\\/#organization\",\"name\":\"Koonings\",\"url\":\"https:\\\/\\\/www.koonings.com\\\/de\\\/\",\"logo\":{\"@type\":\"ImageObject\",\"inLanguage\":\"de\",\"@id\":\"https:\\\/\\\/www.koonings.com\\\/de\\\/#\\\/schema\\\/logo\\\/image\\\/\",\"url\":\"https:\\\/\\\/www.koonings.com\\\/wp-content\\\/uploads\\\/2024\\\/07\\\/logo.png\",\"contentUrl\":\"https:\\\/\\\/www.koonings.com\\\/wp-content\\\/uploads\\\/2024\\\/07\\\/logo.png\",\"width\":600,\"height\":428,\"caption\":\"Koonings\"},\"image\":{\"@id\":\"https:\\\/\\\/www.koonings.com\\\/de\\\/#\\\/schema\\\/logo\\\/image\\\/\"},\"sameAs\":[\"https:\\\/\\\/www.facebook.com\\\/kooningstheweddingpalace\",\"https:\\\/\\\/www.instagram.com\\\/kooningstheweddingpalace\",\"https:\\\/\\\/www.pinterest.com\\\/koonings\",\"https:\\\/\\\/www.youtube.com\\\/kooningstheweddingpalace\"]}]}<\/script>\n<!-- \/ Yoast SEO plugin. -->","yoast_head_json":{"title":"Viktor and Rolf VRM417 | Koonings","description":"Das Viktor & Rolf VRM417 ist ein Statement-Brautkleid, das Luxus, Eleganz und k\u00fchne Kreativit\u00e4t vereint. Das Design spiegelt den kultigen Avantgarde-Charakter des Modehauses wider, mit skulpturalen Elementen, die die weiblichen Formen wundersch\u00f6n betonen. Das Kleid besteht aus luxuri\u00f6sen Stoffen, die sich zu einer raffinierten, modernen Silhouette vereinen, mit detaillierten Verarbeitungen, die das Kleid zu einem wahren Kunstwerk machen. Ob dramatische Linien, ein einzigartiges Design oder ein unerwartetes Detail, das VRM417 ist perfekt f\u00fcr die Braut, die sich an ihrem gro\u00dfen Tag sowohl raffiniert als auch mutig f\u00fchlen m\u00f6chte. Dieses Kleid ist exklusiv bei Koonings The Wedding Palace erh\u00e4ltlich und bietet einen zeitlosen und doch gewagten Look f\u00fcr die Braut, die etwas Besonderes sucht.","robots":{"index":"index","follow":"follow","max-snippet":"max-snippet:-1","max-image-preview":"max-image-preview:large","max-video-preview":"max-video-preview:-1"},"canonical":"https:\/\/www.koonings.com\/de\/product\/viktor-and-rolf-vrm417\/","og_locale":"de_DE","og_type":"article","og_title":"Viktor and Rolf VRM417 | Koonings","og_description":"Das Viktor & Rolf VRM417 ist ein Statement-Brautkleid, das Luxus, Eleganz und k\u00fchne Kreativit\u00e4t vereint. Das Design spiegelt den kultigen Avantgarde-Charakter des Modehauses wider, mit skulpturalen Elementen, die die weiblichen Formen wundersch\u00f6n betonen. Das Kleid besteht aus luxuri\u00f6sen Stoffen, die sich zu einer raffinierten, modernen Silhouette vereinen, mit detaillierten Verarbeitungen, die das Kleid zu einem wahren Kunstwerk machen. Ob dramatische Linien, ein einzigartiges Design oder ein unerwartetes Detail, das VRM417 ist perfekt f\u00fcr die Braut, die sich an ihrem gro\u00dfen Tag sowohl raffiniert als auch mutig f\u00fchlen m\u00f6chte. Dieses Kleid ist exklusiv bei Koonings The Wedding Palace erh\u00e4ltlich und bietet einen zeitlosen und doch gewagten Look f\u00fcr die Braut, die etwas Besonderes sucht.","og_url":"https:\/\/www.koonings.com\/de\/product\/viktor-and-rolf-vrm417\/","og_site_name":"Koonings","article_publisher":"https:\/\/www.facebook.com\/kooningstheweddingpalace","og_image":[{"width":1811,"height":2560,"url":"https:\/\/www.koonings.com\/wp-content\/uploads\/2024\/11\/49194_275c2014b06e6a70528d1287f27a5b58d2882bf7b769df6907e7c3d640c8b6b1c9eb9a93-scaled.jpeg","type":"image\/jpeg"}],"twitter_card":"summary_large_image","twitter_misc":{"Gesch\u00e4tzte Lesezeit":"1\u00a0Minute"},"schema":{"@context":"https:\/\/schema.org","@graph":[{"@type":"WebPage","@id":"https:\/\/www.koonings.com\/de\/product\/viktor-and-rolf-vrm417\/","url":"https:\/\/www.koonings.com\/de\/product\/viktor-and-rolf-vrm417\/","name":"Viktor and Rolf VRM417 | Koonings","isPartOf":{"@id":"https:\/\/www.koonings.com\/de\/#website"},"primaryImageOfPage":{"@id":"https:\/\/www.koonings.com\/de\/product\/viktor-and-rolf-vrm417\/#primaryimage"},"image":{"@id":"https:\/\/www.koonings.com\/de\/product\/viktor-and-rolf-vrm417\/#primaryimage"},"thumbnailUrl":"https:\/\/www.koonings.com\/wp-content\/uploads\/2024\/11\/49194_275c2014b06e6a70528d1287f27a5b58d2882bf7b769df6907e7c3d640c8b6b1c9eb9a93-scaled.jpeg","datePublished":"2026-04-28T16:28:41+00:00","description":"Das Viktor & Rolf VRM417 ist ein Statement-Brautkleid, das Luxus, Eleganz und k\u00fchne Kreativit\u00e4t vereint. Das Design spiegelt den kultigen Avantgarde-Charakter des Modehauses wider, mit skulpturalen Elementen, die die weiblichen Formen wundersch\u00f6n betonen. Das Kleid besteht aus luxuri\u00f6sen Stoffen, die sich zu einer raffinierten, modernen Silhouette vereinen, mit detaillierten Verarbeitungen, die das Kleid zu einem wahren Kunstwerk machen. Ob dramatische Linien, ein einzigartiges Design oder ein unerwartetes Detail, das VRM417 ist perfekt f\u00fcr die Braut, die sich an ihrem gro\u00dfen Tag sowohl raffiniert als auch mutig f\u00fchlen m\u00f6chte. Dieses Kleid ist exklusiv bei Koonings The Wedding Palace erh\u00e4ltlich und bietet einen zeitlosen und doch gewagten Look f\u00fcr die Braut, die etwas Besonderes sucht.","breadcrumb":{"@id":"https:\/\/www.koonings.com\/de\/product\/viktor-and-rolf-vrm417\/#breadcrumb"},"inLanguage":"de","potentialAction":[{"@type":"ReadAction","target":["https:\/\/www.koonings.com\/de\/product\/viktor-and-rolf-vrm417\/"]}]},{"@type":"ImageObject","inLanguage":"de","@id":"https:\/\/www.koonings.com\/de\/product\/viktor-and-rolf-vrm417\/#primaryimage","url":"https:\/\/www.koonings.com\/wp-content\/uploads\/2024\/11\/49194_275c2014b06e6a70528d1287f27a5b58d2882bf7b769df6907e7c3d640c8b6b1c9eb9a93-scaled.jpeg","contentUrl":"https:\/\/www.koonings.com\/wp-content\/uploads\/2024\/11\/49194_275c2014b06e6a70528d1287f27a5b58d2882bf7b769df6907e7c3d640c8b6b1c9eb9a93-scaled.jpeg","width":1811,"height":2560},{"@type":"BreadcrumbList","@id":"https:\/\/www.koonings.com\/de\/product\/viktor-and-rolf-vrm417\/#breadcrumb","itemListElement":[{"@type":"ListItem","position":1,"name":"Home","item":"https:\/\/www.koonings.com\/de\/"},{"@type":"ListItem","position":2,"name":"Viktor and Rolf VRM417"}]},{"@type":"WebSite","@id":"https:\/\/www.koonings.com\/de\/#website","url":"https:\/\/www.koonings.com\/de\/","name":"Koonings","description":"De grootste bruidsmodewinkel ter wereld","publisher":{"@id":"https:\/\/www.koonings.com\/de\/#organization"},"potentialAction":[{"@type":"SearchAction","target":{"@type":"EntryPoint","urlTemplate":"https:\/\/www.koonings.com\/de\/?s={search_term_string}"},"query-input":{"@type":"PropertyValueSpecification","valueRequired":true,"valueName":"search_term_string"}}],"inLanguage":"de"},{"@type":"Organization","@id":"https:\/\/www.koonings.com\/de\/#organization","name":"Koonings","url":"https:\/\/www.koonings.com\/de\/","logo":{"@type":"ImageObject","inLanguage":"de","@id":"https:\/\/www.koonings.com\/de\/#\/schema\/logo\/image\/","url":"https:\/\/www.koonings.com\/wp-content\/uploads\/2024\/07\/logo.png","contentUrl":"https:\/\/www.koonings.com\/wp-content\/uploads\/2024\/07\/logo.png","width":600,"height":428,"caption":"Koonings"},"image":{"@id":"https:\/\/www.koonings.com\/de\/#\/schema\/logo\/image\/"},"sameAs":["https:\/\/www.facebook.com\/kooningstheweddingpalace","https:\/\/www.instagram.com\/kooningstheweddingpalace","https:\/\/www.pinterest.com\/koonings","https:\/\/www.youtube.com\/kooningstheweddingpalace"]}]}},"_links":{"self":[{"href":"https:\/\/www.koonings.com\/de\/wp-json\/wp\/v2\/product\/59819","targetHints":{"allow":["GET"]}}],"collection":[{"href":"https:\/\/www.koonings.com\/de\/wp-json\/wp\/v2\/product"}],"about":[{"href":"https:\/\/www.koonings.com\/de\/wp-json\/wp\/v2\/types\/product"}],"wp:featuredmedia":[{"embeddable":true,"href":"https:\/\/www.koonings.com\/de\/wp-json\/wp\/v2\/media\/56190"}],"wp:attachment":[{"href":"https:\/\/www.koonings.com\/de\/wp-json\/wp\/v2\/media?parent=59819"}],"wp:term":[{"taxonomy":"productdetails","embeddable":true,"href":"https:\/\/www.koonings.com\/de\/wp-json\/wp\/v2\/productdetails?post=59819"},{"taxonomy":"productneck","embeddable":true,"href":"https:\/\/www.koonings.com\/de\/wp-json\/wp\/v2\/productneck?post=59819"},{"taxonomy":"productcolor","embeddable":true,"href":"https:\/\/www.koonings.com\/de\/wp-json\/wp\/v2\/productcolor?post=59819"},{"taxonomy":"maat","embeddable":true,"href":"https:\/\/www.koonings.com\/de\/wp-json\/wp\/v2\/maat?post=59819"},{"taxonomy":"productsupplier","embeddable":true,"href":"https:\/\/www.koonings.com\/de\/wp-json\/wp\/v2\/productsupplier?post=59819"},{"taxonomy":"productsleeve","embeddable":true,"href":"https:\/\/www.koonings.com\/de\/wp-json\/wp\/v2\/productsleeve?post=59819"},{"taxonomy":"productcategory","embeddable":true,"href":"https:\/\/www.koonings.com\/de\/wp-json\/wp\/v2\/productcategory?post=59819"},{"taxonomy":"productsilhouette","embeddable":true,"href":"https:\/\/www.koonings.com\/de\/wp-json\/wp\/v2\/productsilhouette?post=59819"},{"taxonomy":"productstyle","embeddable":true,"href":"https:\/\/www.koonings.com\/de\/wp-json\/wp\/v2\/productstyle?post=59819"}],"curies":[{"name":"wp","href":"https:\/\/api.w.org\/{rel}","templated":true}]}}