{"id":59816,"date":"2026-05-06T15:28:54","date_gmt":"2026-05-06T13:28:54","guid":{"rendered":"https:\/\/www.koonings.com\/product\/viktor-and-rolf-vrm426\/"},"modified":"2025-06-05T13:28:23","modified_gmt":"2025-06-05T11:28:23","slug":"viktor-and-rolf-vrm426","status":"publish","type":"product","link":"https:\/\/www.koonings.com\/de\/product\/viktor-and-rolf-vrm426\/","title":{"rendered":"Viktor and Rolf VRM426"},"content":{"rendered":"<p>Die Brautkleider von Viktor &amp; Rolf, die exklusiv bei Koonings The Wedding Palace erh\u00e4ltlich sind, sind bekannt f\u00fcr ihre Couture-Qualit\u00e4t, k\u00fchne Designs und au\u00dfergew\u00f6hnliche Handwerkskunst. Das Modehaus, das international f\u00fcr seinen avantgardistischen Ansatz in der Mode bekannt ist, \u00fcbertr\u00e4gt diese Vision auf einzigartige Weise auf die Welt der Brautmode. Die Hochzeitskleider des Hauses kombinieren luxuri\u00f6se Stoffe mit skulpturalen Formen und dramatischen Details und machen jedes Kleid zu einem Kunstwerk f\u00fcr sich.  <\/p>\n<p>Die Entw\u00fcrfe von Viktor &amp; Rolf sind oft detailliert und verwenden innovative Techniken und Texturen, die sowohl modern als auch zeitlos sind. Was diese Kleider so besonders macht, ist die Kombination von Raffinesse mit k\u00fchnem Flair. Ob mit einer \u00fcbergro\u00dfen Schleife, ausgepr\u00e4gten volumin\u00f6sen Details oder einem besonderen Schnitt, die Brautkleider von Viktor &amp; Rolf sind ideal f\u00fcr die Braut, die etwas Einzigartiges und Exklusives sucht. Sie wurden f\u00fcr die Braut entworfen, die sich nicht nur sch\u00f6n f\u00fchlen, sondern an ihrem gro\u00dfen Tag auch ein Statement abgeben m\u00f6chte.   <\/p>\n","protected":false},"featured_media":56181,"template":"","meta":{"_acf_changed":false,"ghostkit_customizer_options":"","ghostkit_custom_css":"","ghostkit_custom_js_head":"","ghostkit_custom_js_foot":"","ghostkit_typography":""},"productdetails":[379],"productneck":[350],"productcolor":[392],"maat":[],"productsupplier":[440],"productsleeve":[361],"productcategory":[18],"productsilhouette":[386],"productstyle":[367,370],"class_list":["post-59816","product","type-product","status-publish","has-post-thumbnail","hentry","productdetails-379","productneck-350","productcolor-392","productsupplier-viktor-and-rolf","productsleeve-361","productcategory-trouwjurken","productsilhouette-386","productstyle-367","productstyle-370"],"acf":[],"yoast_head":"<!-- This site is optimized with the Yoast SEO plugin v27.3 - https:\/\/yoast.com\/product\/yoast-seo-wordpress\/ -->\n<title>Viktor and Rolf VRM426 | Koonings<\/title>\n<meta name=\"description\" content=\"Die Brautkleider von Viktor &amp; Rolf, die exklusiv bei Koonings The Wedding Palace erh\u00e4ltlich sind, sind bekannt f\u00fcr ihre Couture-Qualit\u00e4t, k\u00fchne Designs und au\u00dfergew\u00f6hnliche Handwerkskunst. Das Modehaus, das international f\u00fcr seinen avantgardistischen Ansatz in der Mode bekannt ist, \u00fcbertr\u00e4gt diese Vision auf einzigartige Weise auf die Welt der Brautmode. Die Hochzeitskleider des Hauses kombinieren luxuri\u00f6se Stoffe mit skulpturalen Formen und dramatischen Details und machen jedes Kleid zu einem Kunstwerk f\u00fcr sich. Die Entw\u00fcrfe von Viktor &amp; Rolf sind oft detailliert und verwenden innovative Techniken und Texturen, die sowohl modern als auch zeitlos sind. Was diese Kleider so besonders macht, ist die Kombination von Raffinesse mit k\u00fchnem Flair. Ob mit einer \u00fcbergro\u00dfen Schleife, ausgepr\u00e4gten volumin\u00f6sen Details oder einem besonderen Schnitt, die Brautkleider von Viktor &amp; Rolf sind ideal f\u00fcr die Braut, die etwas Einzigartiges und Exklusives sucht. Sie wurden f\u00fcr die Braut entworfen, die sich nicht nur sch\u00f6n f\u00fchlen, sondern an ihrem gro\u00dfen Tag auch ein Statement abgeben m\u00f6chte.\" \/>\n<meta name=\"robots\" content=\"index, follow, max-snippet:-1, max-image-preview:large, max-video-preview:-1\" \/>\n<link rel=\"canonical\" href=\"https:\/\/www.koonings.com\/de\/product\/viktor-and-rolf-vrm426\/\" \/>\n<meta property=\"og:locale\" content=\"de_DE\" \/>\n<meta property=\"og:type\" content=\"article\" \/>\n<meta property=\"og:title\" content=\"Viktor and Rolf VRM426 | Koonings\" \/>\n<meta property=\"og:description\" content=\"Die Brautkleider von Viktor &amp; Rolf, die exklusiv bei Koonings The Wedding Palace erh\u00e4ltlich sind, sind bekannt f\u00fcr ihre Couture-Qualit\u00e4t, k\u00fchne Designs und au\u00dfergew\u00f6hnliche Handwerkskunst. Das Modehaus, das international f\u00fcr seinen avantgardistischen Ansatz in der Mode bekannt ist, \u00fcbertr\u00e4gt diese Vision auf einzigartige Weise auf die Welt der Brautmode. Die Hochzeitskleider des Hauses kombinieren luxuri\u00f6se Stoffe mit skulpturalen Formen und dramatischen Details und machen jedes Kleid zu einem Kunstwerk f\u00fcr sich. Die Entw\u00fcrfe von Viktor &amp; Rolf sind oft detailliert und verwenden innovative Techniken und Texturen, die sowohl modern als auch zeitlos sind. Was diese Kleider so besonders macht, ist die Kombination von Raffinesse mit k\u00fchnem Flair. Ob mit einer \u00fcbergro\u00dfen Schleife, ausgepr\u00e4gten volumin\u00f6sen Details oder einem besonderen Schnitt, die Brautkleider von Viktor &amp; Rolf sind ideal f\u00fcr die Braut, die etwas Einzigartiges und Exklusives sucht. Sie wurden f\u00fcr die Braut entworfen, die sich nicht nur sch\u00f6n f\u00fchlen, sondern an ihrem gro\u00dfen Tag auch ein Statement abgeben m\u00f6chte.\" \/>\n<meta property=\"og:url\" content=\"https:\/\/www.koonings.com\/de\/product\/viktor-and-rolf-vrm426\/\" \/>\n<meta property=\"og:site_name\" content=\"Koonings\" \/>\n<meta property=\"article:publisher\" content=\"https:\/\/www.facebook.com\/kooningstheweddingpalace\" \/>\n<meta property=\"og:image\" content=\"https:\/\/www.koonings.com\/wp-content\/uploads\/2024\/11\/49193_79518e683d125d11a710ae62825eeff7f37bb79779497e32de36a53dfc550be132fdcd84-scaled.jpeg\" \/>\n\t<meta property=\"og:image:width\" content=\"1812\" \/>\n\t<meta property=\"og:image:height\" content=\"2560\" \/>\n\t<meta property=\"og:image:type\" content=\"image\/jpeg\" \/>\n<meta name=\"twitter:card\" content=\"summary_large_image\" \/>\n<meta name=\"twitter:label1\" content=\"Gesch\u00e4tzte Lesezeit\" \/>\n\t<meta name=\"twitter:data1\" content=\"1\u00a0Minute\" \/>\n<script type=\"application\/ld+json\" class=\"yoast-schema-graph\">{\"@context\":\"https:\\\/\\\/schema.org\",\"@graph\":[{\"@type\":\"WebPage\",\"@id\":\"https:\\\/\\\/www.koonings.com\\\/de\\\/product\\\/viktor-and-rolf-vrm426\\\/\",\"url\":\"https:\\\/\\\/www.koonings.com\\\/de\\\/product\\\/viktor-and-rolf-vrm426\\\/\",\"name\":\"Viktor and Rolf VRM426 | Koonings\",\"isPartOf\":{\"@id\":\"https:\\\/\\\/www.koonings.com\\\/de\\\/#website\"},\"primaryImageOfPage\":{\"@id\":\"https:\\\/\\\/www.koonings.com\\\/de\\\/product\\\/viktor-and-rolf-vrm426\\\/#primaryimage\"},\"image\":{\"@id\":\"https:\\\/\\\/www.koonings.com\\\/de\\\/product\\\/viktor-and-rolf-vrm426\\\/#primaryimage\"},\"thumbnailUrl\":\"https:\\\/\\\/www.koonings.com\\\/wp-content\\\/uploads\\\/2024\\\/11\\\/49193_79518e683d125d11a710ae62825eeff7f37bb79779497e32de36a53dfc550be132fdcd84-scaled.jpeg\",\"datePublished\":\"2026-05-06T13:28:54+00:00\",\"description\":\"Die Brautkleider von Viktor & Rolf, die exklusiv bei Koonings The Wedding Palace erh\u00e4ltlich sind, sind bekannt f\u00fcr ihre Couture-Qualit\u00e4t, k\u00fchne Designs und au\u00dfergew\u00f6hnliche Handwerkskunst. Das Modehaus, das international f\u00fcr seinen avantgardistischen Ansatz in der Mode bekannt ist, \u00fcbertr\u00e4gt diese Vision auf einzigartige Weise auf die Welt der Brautmode. Die Hochzeitskleider des Hauses kombinieren luxuri\u00f6se Stoffe mit skulpturalen Formen und dramatischen Details und machen jedes Kleid zu einem Kunstwerk f\u00fcr sich. Die Entw\u00fcrfe von Viktor & Rolf sind oft detailliert und verwenden innovative Techniken und Texturen, die sowohl modern als auch zeitlos sind. Was diese Kleider so besonders macht, ist die Kombination von Raffinesse mit k\u00fchnem Flair. Ob mit einer \u00fcbergro\u00dfen Schleife, ausgepr\u00e4gten volumin\u00f6sen Details oder einem besonderen Schnitt, die Brautkleider von Viktor & Rolf sind ideal f\u00fcr die Braut, die etwas Einzigartiges und Exklusives sucht. Sie wurden f\u00fcr die Braut entworfen, die sich nicht nur sch\u00f6n f\u00fchlen, sondern an ihrem gro\u00dfen Tag auch ein Statement abgeben m\u00f6chte.\",\"breadcrumb\":{\"@id\":\"https:\\\/\\\/www.koonings.com\\\/de\\\/product\\\/viktor-and-rolf-vrm426\\\/#breadcrumb\"},\"inLanguage\":\"de\",\"potentialAction\":[{\"@type\":\"ReadAction\",\"target\":[\"https:\\\/\\\/www.koonings.com\\\/de\\\/product\\\/viktor-and-rolf-vrm426\\\/\"]}]},{\"@type\":\"ImageObject\",\"inLanguage\":\"de\",\"@id\":\"https:\\\/\\\/www.koonings.com\\\/de\\\/product\\\/viktor-and-rolf-vrm426\\\/#primaryimage\",\"url\":\"https:\\\/\\\/www.koonings.com\\\/wp-content\\\/uploads\\\/2024\\\/11\\\/49193_79518e683d125d11a710ae62825eeff7f37bb79779497e32de36a53dfc550be132fdcd84-scaled.jpeg\",\"contentUrl\":\"https:\\\/\\\/www.koonings.com\\\/wp-content\\\/uploads\\\/2024\\\/11\\\/49193_79518e683d125d11a710ae62825eeff7f37bb79779497e32de36a53dfc550be132fdcd84-scaled.jpeg\",\"width\":1812,\"height\":2560},{\"@type\":\"BreadcrumbList\",\"@id\":\"https:\\\/\\\/www.koonings.com\\\/de\\\/product\\\/viktor-and-rolf-vrm426\\\/#breadcrumb\",\"itemListElement\":[{\"@type\":\"ListItem\",\"position\":1,\"name\":\"Home\",\"item\":\"https:\\\/\\\/www.koonings.com\\\/de\\\/\"},{\"@type\":\"ListItem\",\"position\":2,\"name\":\"Viktor and Rolf VRM426\"}]},{\"@type\":\"WebSite\",\"@id\":\"https:\\\/\\\/www.koonings.com\\\/de\\\/#website\",\"url\":\"https:\\\/\\\/www.koonings.com\\\/de\\\/\",\"name\":\"Koonings\",\"description\":\"De grootste bruidsmodewinkel ter wereld\",\"publisher\":{\"@id\":\"https:\\\/\\\/www.koonings.com\\\/de\\\/#organization\"},\"potentialAction\":[{\"@type\":\"SearchAction\",\"target\":{\"@type\":\"EntryPoint\",\"urlTemplate\":\"https:\\\/\\\/www.koonings.com\\\/de\\\/?s={search_term_string}\"},\"query-input\":{\"@type\":\"PropertyValueSpecification\",\"valueRequired\":true,\"valueName\":\"search_term_string\"}}],\"inLanguage\":\"de\"},{\"@type\":\"Organization\",\"@id\":\"https:\\\/\\\/www.koonings.com\\\/de\\\/#organization\",\"name\":\"Koonings\",\"url\":\"https:\\\/\\\/www.koonings.com\\\/de\\\/\",\"logo\":{\"@type\":\"ImageObject\",\"inLanguage\":\"de\",\"@id\":\"https:\\\/\\\/www.koonings.com\\\/de\\\/#\\\/schema\\\/logo\\\/image\\\/\",\"url\":\"https:\\\/\\\/www.koonings.com\\\/wp-content\\\/uploads\\\/2024\\\/07\\\/logo.png\",\"contentUrl\":\"https:\\\/\\\/www.koonings.com\\\/wp-content\\\/uploads\\\/2024\\\/07\\\/logo.png\",\"width\":600,\"height\":428,\"caption\":\"Koonings\"},\"image\":{\"@id\":\"https:\\\/\\\/www.koonings.com\\\/de\\\/#\\\/schema\\\/logo\\\/image\\\/\"},\"sameAs\":[\"https:\\\/\\\/www.facebook.com\\\/kooningstheweddingpalace\",\"https:\\\/\\\/www.instagram.com\\\/kooningstheweddingpalace\",\"https:\\\/\\\/www.pinterest.com\\\/koonings\",\"https:\\\/\\\/www.youtube.com\\\/kooningstheweddingpalace\"]}]}<\/script>\n<!-- \/ Yoast SEO plugin. -->","yoast_head_json":{"title":"Viktor and Rolf VRM426 | Koonings","description":"Die Brautkleider von Viktor & Rolf, die exklusiv bei Koonings The Wedding Palace erh\u00e4ltlich sind, sind bekannt f\u00fcr ihre Couture-Qualit\u00e4t, k\u00fchne Designs und au\u00dfergew\u00f6hnliche Handwerkskunst. Das Modehaus, das international f\u00fcr seinen avantgardistischen Ansatz in der Mode bekannt ist, \u00fcbertr\u00e4gt diese Vision auf einzigartige Weise auf die Welt der Brautmode. Die Hochzeitskleider des Hauses kombinieren luxuri\u00f6se Stoffe mit skulpturalen Formen und dramatischen Details und machen jedes Kleid zu einem Kunstwerk f\u00fcr sich. Die Entw\u00fcrfe von Viktor & Rolf sind oft detailliert und verwenden innovative Techniken und Texturen, die sowohl modern als auch zeitlos sind. Was diese Kleider so besonders macht, ist die Kombination von Raffinesse mit k\u00fchnem Flair. Ob mit einer \u00fcbergro\u00dfen Schleife, ausgepr\u00e4gten volumin\u00f6sen Details oder einem besonderen Schnitt, die Brautkleider von Viktor & Rolf sind ideal f\u00fcr die Braut, die etwas Einzigartiges und Exklusives sucht. Sie wurden f\u00fcr die Braut entworfen, die sich nicht nur sch\u00f6n f\u00fchlen, sondern an ihrem gro\u00dfen Tag auch ein Statement abgeben m\u00f6chte.","robots":{"index":"index","follow":"follow","max-snippet":"max-snippet:-1","max-image-preview":"max-image-preview:large","max-video-preview":"max-video-preview:-1"},"canonical":"https:\/\/www.koonings.com\/de\/product\/viktor-and-rolf-vrm426\/","og_locale":"de_DE","og_type":"article","og_title":"Viktor and Rolf VRM426 | Koonings","og_description":"Die Brautkleider von Viktor & Rolf, die exklusiv bei Koonings The Wedding Palace erh\u00e4ltlich sind, sind bekannt f\u00fcr ihre Couture-Qualit\u00e4t, k\u00fchne Designs und au\u00dfergew\u00f6hnliche Handwerkskunst. Das Modehaus, das international f\u00fcr seinen avantgardistischen Ansatz in der Mode bekannt ist, \u00fcbertr\u00e4gt diese Vision auf einzigartige Weise auf die Welt der Brautmode. Die Hochzeitskleider des Hauses kombinieren luxuri\u00f6se Stoffe mit skulpturalen Formen und dramatischen Details und machen jedes Kleid zu einem Kunstwerk f\u00fcr sich. Die Entw\u00fcrfe von Viktor & Rolf sind oft detailliert und verwenden innovative Techniken und Texturen, die sowohl modern als auch zeitlos sind. Was diese Kleider so besonders macht, ist die Kombination von Raffinesse mit k\u00fchnem Flair. Ob mit einer \u00fcbergro\u00dfen Schleife, ausgepr\u00e4gten volumin\u00f6sen Details oder einem besonderen Schnitt, die Brautkleider von Viktor & Rolf sind ideal f\u00fcr die Braut, die etwas Einzigartiges und Exklusives sucht. Sie wurden f\u00fcr die Braut entworfen, die sich nicht nur sch\u00f6n f\u00fchlen, sondern an ihrem gro\u00dfen Tag auch ein Statement abgeben m\u00f6chte.","og_url":"https:\/\/www.koonings.com\/de\/product\/viktor-and-rolf-vrm426\/","og_site_name":"Koonings","article_publisher":"https:\/\/www.facebook.com\/kooningstheweddingpalace","og_image":[{"width":1812,"height":2560,"url":"https:\/\/www.koonings.com\/wp-content\/uploads\/2024\/11\/49193_79518e683d125d11a710ae62825eeff7f37bb79779497e32de36a53dfc550be132fdcd84-scaled.jpeg","type":"image\/jpeg"}],"twitter_card":"summary_large_image","twitter_misc":{"Gesch\u00e4tzte Lesezeit":"1\u00a0Minute"},"schema":{"@context":"https:\/\/schema.org","@graph":[{"@type":"WebPage","@id":"https:\/\/www.koonings.com\/de\/product\/viktor-and-rolf-vrm426\/","url":"https:\/\/www.koonings.com\/de\/product\/viktor-and-rolf-vrm426\/","name":"Viktor and Rolf VRM426 | Koonings","isPartOf":{"@id":"https:\/\/www.koonings.com\/de\/#website"},"primaryImageOfPage":{"@id":"https:\/\/www.koonings.com\/de\/product\/viktor-and-rolf-vrm426\/#primaryimage"},"image":{"@id":"https:\/\/www.koonings.com\/de\/product\/viktor-and-rolf-vrm426\/#primaryimage"},"thumbnailUrl":"https:\/\/www.koonings.com\/wp-content\/uploads\/2024\/11\/49193_79518e683d125d11a710ae62825eeff7f37bb79779497e32de36a53dfc550be132fdcd84-scaled.jpeg","datePublished":"2026-05-06T13:28:54+00:00","description":"Die Brautkleider von Viktor & Rolf, die exklusiv bei Koonings The Wedding Palace erh\u00e4ltlich sind, sind bekannt f\u00fcr ihre Couture-Qualit\u00e4t, k\u00fchne Designs und au\u00dfergew\u00f6hnliche Handwerkskunst. Das Modehaus, das international f\u00fcr seinen avantgardistischen Ansatz in der Mode bekannt ist, \u00fcbertr\u00e4gt diese Vision auf einzigartige Weise auf die Welt der Brautmode. Die Hochzeitskleider des Hauses kombinieren luxuri\u00f6se Stoffe mit skulpturalen Formen und dramatischen Details und machen jedes Kleid zu einem Kunstwerk f\u00fcr sich. Die Entw\u00fcrfe von Viktor & Rolf sind oft detailliert und verwenden innovative Techniken und Texturen, die sowohl modern als auch zeitlos sind. Was diese Kleider so besonders macht, ist die Kombination von Raffinesse mit k\u00fchnem Flair. Ob mit einer \u00fcbergro\u00dfen Schleife, ausgepr\u00e4gten volumin\u00f6sen Details oder einem besonderen Schnitt, die Brautkleider von Viktor & Rolf sind ideal f\u00fcr die Braut, die etwas Einzigartiges und Exklusives sucht. Sie wurden f\u00fcr die Braut entworfen, die sich nicht nur sch\u00f6n f\u00fchlen, sondern an ihrem gro\u00dfen Tag auch ein Statement abgeben m\u00f6chte.","breadcrumb":{"@id":"https:\/\/www.koonings.com\/de\/product\/viktor-and-rolf-vrm426\/#breadcrumb"},"inLanguage":"de","potentialAction":[{"@type":"ReadAction","target":["https:\/\/www.koonings.com\/de\/product\/viktor-and-rolf-vrm426\/"]}]},{"@type":"ImageObject","inLanguage":"de","@id":"https:\/\/www.koonings.com\/de\/product\/viktor-and-rolf-vrm426\/#primaryimage","url":"https:\/\/www.koonings.com\/wp-content\/uploads\/2024\/11\/49193_79518e683d125d11a710ae62825eeff7f37bb79779497e32de36a53dfc550be132fdcd84-scaled.jpeg","contentUrl":"https:\/\/www.koonings.com\/wp-content\/uploads\/2024\/11\/49193_79518e683d125d11a710ae62825eeff7f37bb79779497e32de36a53dfc550be132fdcd84-scaled.jpeg","width":1812,"height":2560},{"@type":"BreadcrumbList","@id":"https:\/\/www.koonings.com\/de\/product\/viktor-and-rolf-vrm426\/#breadcrumb","itemListElement":[{"@type":"ListItem","position":1,"name":"Home","item":"https:\/\/www.koonings.com\/de\/"},{"@type":"ListItem","position":2,"name":"Viktor and Rolf VRM426"}]},{"@type":"WebSite","@id":"https:\/\/www.koonings.com\/de\/#website","url":"https:\/\/www.koonings.com\/de\/","name":"Koonings","description":"De grootste bruidsmodewinkel ter wereld","publisher":{"@id":"https:\/\/www.koonings.com\/de\/#organization"},"potentialAction":[{"@type":"SearchAction","target":{"@type":"EntryPoint","urlTemplate":"https:\/\/www.koonings.com\/de\/?s={search_term_string}"},"query-input":{"@type":"PropertyValueSpecification","valueRequired":true,"valueName":"search_term_string"}}],"inLanguage":"de"},{"@type":"Organization","@id":"https:\/\/www.koonings.com\/de\/#organization","name":"Koonings","url":"https:\/\/www.koonings.com\/de\/","logo":{"@type":"ImageObject","inLanguage":"de","@id":"https:\/\/www.koonings.com\/de\/#\/schema\/logo\/image\/","url":"https:\/\/www.koonings.com\/wp-content\/uploads\/2024\/07\/logo.png","contentUrl":"https:\/\/www.koonings.com\/wp-content\/uploads\/2024\/07\/logo.png","width":600,"height":428,"caption":"Koonings"},"image":{"@id":"https:\/\/www.koonings.com\/de\/#\/schema\/logo\/image\/"},"sameAs":["https:\/\/www.facebook.com\/kooningstheweddingpalace","https:\/\/www.instagram.com\/kooningstheweddingpalace","https:\/\/www.pinterest.com\/koonings","https:\/\/www.youtube.com\/kooningstheweddingpalace"]}]}},"_links":{"self":[{"href":"https:\/\/www.koonings.com\/de\/wp-json\/wp\/v2\/product\/59816","targetHints":{"allow":["GET"]}}],"collection":[{"href":"https:\/\/www.koonings.com\/de\/wp-json\/wp\/v2\/product"}],"about":[{"href":"https:\/\/www.koonings.com\/de\/wp-json\/wp\/v2\/types\/product"}],"wp:featuredmedia":[{"embeddable":true,"href":"https:\/\/www.koonings.com\/de\/wp-json\/wp\/v2\/media\/56181"}],"wp:attachment":[{"href":"https:\/\/www.koonings.com\/de\/wp-json\/wp\/v2\/media?parent=59816"}],"wp:term":[{"taxonomy":"productdetails","embeddable":true,"href":"https:\/\/www.koonings.com\/de\/wp-json\/wp\/v2\/productdetails?post=59816"},{"taxonomy":"productneck","embeddable":true,"href":"https:\/\/www.koonings.com\/de\/wp-json\/wp\/v2\/productneck?post=59816"},{"taxonomy":"productcolor","embeddable":true,"href":"https:\/\/www.koonings.com\/de\/wp-json\/wp\/v2\/productcolor?post=59816"},{"taxonomy":"maat","embeddable":true,"href":"https:\/\/www.koonings.com\/de\/wp-json\/wp\/v2\/maat?post=59816"},{"taxonomy":"productsupplier","embeddable":true,"href":"https:\/\/www.koonings.com\/de\/wp-json\/wp\/v2\/productsupplier?post=59816"},{"taxonomy":"productsleeve","embeddable":true,"href":"https:\/\/www.koonings.com\/de\/wp-json\/wp\/v2\/productsleeve?post=59816"},{"taxonomy":"productcategory","embeddable":true,"href":"https:\/\/www.koonings.com\/de\/wp-json\/wp\/v2\/productcategory?post=59816"},{"taxonomy":"productsilhouette","embeddable":true,"href":"https:\/\/www.koonings.com\/de\/wp-json\/wp\/v2\/productsilhouette?post=59816"},{"taxonomy":"productstyle","embeddable":true,"href":"https:\/\/www.koonings.com\/de\/wp-json\/wp\/v2\/productstyle?post=59816"}],"curies":[{"name":"wp","href":"https:\/\/api.w.org\/{rel}","templated":true}]}}