{"id":59799,"date":"2024-11-18T15:48:02","date_gmt":"2024-11-18T14:48:02","guid":{"rendered":"https:\/\/www.koonings.com\/product\/ladybird-ashly-lb125be3-2\/"},"modified":"2026-02-03T19:00:13","modified_gmt":"2026-02-03T18:00:13","slug":"ladybird-ashly-lb125be3-2","status":"publish","type":"product","link":"https:\/\/www.koonings.com\/de\/product\/ladybird-ashly-lb125be3-2\/","title":{"rendered":"Marienk\u00e4fer Ashly LB125BE3"},"content":{"rendered":"<p>Lassen Sie sich von diesem A-Linien-Stil verf\u00fchren. Es hat ein Mieder mit sinnlichem, \u00fcberlappendem Kragen, der mit Spitze, Strasssteinen und leichter Transparenz verziert ist. Der Rock gl\u00e4nzt mit der Pracht von T\u00fcll und einem Hauch von Glitzer.  <\/p>\n","protected":false},"featured_media":52974,"template":"","meta":{"_acf_changed":false,"ghostkit_customizer_options":"","ghostkit_custom_css":"","ghostkit_custom_js_head":"","ghostkit_custom_js_foot":"","ghostkit_typography":""},"productdetails":[377,381],"productneck":[356],"productcolor":[392],"maat":[],"productsupplier":[437],"productsleeve":[359],"productcategory":[18],"productsilhouette":[384],"productstyle":[369,366],"class_list":["post-59799","product","type-product","status-publish","has-post-thumbnail","hentry","productdetails-377","productdetails-381","productneck-356","productcolor-392","productsupplier-ladybird","productsleeve-359","productcategory-trouwjurken","productsilhouette-384","productstyle-369","productstyle-366"],"acf":[],"yoast_head":"<!-- This site is optimized with the Yoast SEO plugin v27.3 - https:\/\/yoast.com\/product\/yoast-seo-wordpress\/ -->\n<title>Marienk\u00e4fer Ashly LB125BE3 | Koonings<\/title>\n<meta name=\"description\" content=\"Lassen Sie sich von diesem A-Linien-Stil verf\u00fchren. Es hat ein Mieder mit sinnlichem, \u00fcberlappendem Kragen, der mit Spitze, Strasssteinen und leichter Transparenz verziert ist. Der Rock gl\u00e4nzt mit der Pracht von T\u00fcll und einem Hauch von Glitzer.\" \/>\n<meta name=\"robots\" content=\"index, follow, max-snippet:-1, max-image-preview:large, max-video-preview:-1\" \/>\n<link rel=\"canonical\" href=\"https:\/\/www.koonings.com\/de\/product\/ladybird-ashly-lb125be3-2\/\" \/>\n<meta property=\"og:locale\" content=\"de_DE\" \/>\n<meta property=\"og:type\" content=\"article\" \/>\n<meta property=\"og:title\" content=\"Marienk\u00e4fer Ashly LB125BE3 | Koonings\" \/>\n<meta property=\"og:description\" content=\"Lassen Sie sich von diesem A-Linien-Stil verf\u00fchren. Es hat ein Mieder mit sinnlichem, \u00fcberlappendem Kragen, der mit Spitze, Strasssteinen und leichter Transparenz verziert ist. Der Rock gl\u00e4nzt mit der Pracht von T\u00fcll und einem Hauch von Glitzer.\" \/>\n<meta property=\"og:url\" content=\"https:\/\/www.koonings.com\/de\/product\/ladybird-ashly-lb125be3-2\/\" \/>\n<meta property=\"og:site_name\" content=\"Koonings\" \/>\n<meta property=\"article:publisher\" content=\"https:\/\/www.facebook.com\/kooningstheweddingpalace\" \/>\n<meta property=\"article:modified_time\" content=\"2026-02-03T18:00:13+00:00\" \/>\n<meta property=\"og:image\" content=\"https:\/\/www.koonings.com\/wp-content\/uploads\/2024\/11\/48913_7bdfdf75db06d6a7c6f1782901deb3e6bd3d8b5af72116cba49a880aba9f29da837a166b-scaled.jpeg\" \/>\n\t<meta property=\"og:image:width\" content=\"1810\" \/>\n\t<meta property=\"og:image:height\" content=\"2560\" \/>\n\t<meta property=\"og:image:type\" content=\"image\/jpeg\" \/>\n<meta name=\"twitter:card\" content=\"summary_large_image\" \/>\n<script type=\"application\/ld+json\" class=\"yoast-schema-graph\">{\"@context\":\"https:\\\/\\\/schema.org\",\"@graph\":[{\"@type\":\"WebPage\",\"@id\":\"https:\\\/\\\/www.koonings.com\\\/de\\\/product\\\/ladybird-ashly-lb125be3-2\\\/\",\"url\":\"https:\\\/\\\/www.koonings.com\\\/de\\\/product\\\/ladybird-ashly-lb125be3-2\\\/\",\"name\":\"Marienk\u00e4fer Ashly LB125BE3 | Koonings\",\"isPartOf\":{\"@id\":\"https:\\\/\\\/www.koonings.com\\\/de\\\/#website\"},\"primaryImageOfPage\":{\"@id\":\"https:\\\/\\\/www.koonings.com\\\/de\\\/product\\\/ladybird-ashly-lb125be3-2\\\/#primaryimage\"},\"image\":{\"@id\":\"https:\\\/\\\/www.koonings.com\\\/de\\\/product\\\/ladybird-ashly-lb125be3-2\\\/#primaryimage\"},\"thumbnailUrl\":\"https:\\\/\\\/www.koonings.com\\\/wp-content\\\/uploads\\\/2024\\\/11\\\/48913_7bdfdf75db06d6a7c6f1782901deb3e6bd3d8b5af72116cba49a880aba9f29da837a166b-scaled.jpeg\",\"datePublished\":\"2024-11-18T14:48:02+00:00\",\"dateModified\":\"2026-02-03T18:00:13+00:00\",\"description\":\"Lassen Sie sich von diesem A-Linien-Stil verf\u00fchren. Es hat ein Mieder mit sinnlichem, \u00fcberlappendem Kragen, der mit Spitze, Strasssteinen und leichter Transparenz verziert ist. Der Rock gl\u00e4nzt mit der Pracht von T\u00fcll und einem Hauch von Glitzer.\",\"breadcrumb\":{\"@id\":\"https:\\\/\\\/www.koonings.com\\\/de\\\/product\\\/ladybird-ashly-lb125be3-2\\\/#breadcrumb\"},\"inLanguage\":\"de\",\"potentialAction\":[{\"@type\":\"ReadAction\",\"target\":[\"https:\\\/\\\/www.koonings.com\\\/de\\\/product\\\/ladybird-ashly-lb125be3-2\\\/\"]}]},{\"@type\":\"ImageObject\",\"inLanguage\":\"de\",\"@id\":\"https:\\\/\\\/www.koonings.com\\\/de\\\/product\\\/ladybird-ashly-lb125be3-2\\\/#primaryimage\",\"url\":\"https:\\\/\\\/www.koonings.com\\\/wp-content\\\/uploads\\\/2024\\\/11\\\/48913_7bdfdf75db06d6a7c6f1782901deb3e6bd3d8b5af72116cba49a880aba9f29da837a166b-scaled.jpeg\",\"contentUrl\":\"https:\\\/\\\/www.koonings.com\\\/wp-content\\\/uploads\\\/2024\\\/11\\\/48913_7bdfdf75db06d6a7c6f1782901deb3e6bd3d8b5af72116cba49a880aba9f29da837a166b-scaled.jpeg\",\"width\":1810,\"height\":2560},{\"@type\":\"BreadcrumbList\",\"@id\":\"https:\\\/\\\/www.koonings.com\\\/de\\\/product\\\/ladybird-ashly-lb125be3-2\\\/#breadcrumb\",\"itemListElement\":[{\"@type\":\"ListItem\",\"position\":1,\"name\":\"Home\",\"item\":\"https:\\\/\\\/www.koonings.com\\\/de\\\/\"},{\"@type\":\"ListItem\",\"position\":2,\"name\":\"Marienk\u00e4fer Ashly LB125BE3\"}]},{\"@type\":\"WebSite\",\"@id\":\"https:\\\/\\\/www.koonings.com\\\/de\\\/#website\",\"url\":\"https:\\\/\\\/www.koonings.com\\\/de\\\/\",\"name\":\"Koonings\",\"description\":\"De grootste bruidsmodewinkel ter wereld\",\"publisher\":{\"@id\":\"https:\\\/\\\/www.koonings.com\\\/de\\\/#organization\"},\"potentialAction\":[{\"@type\":\"SearchAction\",\"target\":{\"@type\":\"EntryPoint\",\"urlTemplate\":\"https:\\\/\\\/www.koonings.com\\\/de\\\/?s={search_term_string}\"},\"query-input\":{\"@type\":\"PropertyValueSpecification\",\"valueRequired\":true,\"valueName\":\"search_term_string\"}}],\"inLanguage\":\"de\"},{\"@type\":\"Organization\",\"@id\":\"https:\\\/\\\/www.koonings.com\\\/de\\\/#organization\",\"name\":\"Koonings\",\"url\":\"https:\\\/\\\/www.koonings.com\\\/de\\\/\",\"logo\":{\"@type\":\"ImageObject\",\"inLanguage\":\"de\",\"@id\":\"https:\\\/\\\/www.koonings.com\\\/de\\\/#\\\/schema\\\/logo\\\/image\\\/\",\"url\":\"https:\\\/\\\/www.koonings.com\\\/wp-content\\\/uploads\\\/2024\\\/07\\\/logo.png\",\"contentUrl\":\"https:\\\/\\\/www.koonings.com\\\/wp-content\\\/uploads\\\/2024\\\/07\\\/logo.png\",\"width\":600,\"height\":428,\"caption\":\"Koonings\"},\"image\":{\"@id\":\"https:\\\/\\\/www.koonings.com\\\/de\\\/#\\\/schema\\\/logo\\\/image\\\/\"},\"sameAs\":[\"https:\\\/\\\/www.facebook.com\\\/kooningstheweddingpalace\",\"https:\\\/\\\/www.instagram.com\\\/kooningstheweddingpalace\",\"https:\\\/\\\/www.pinterest.com\\\/koonings\",\"https:\\\/\\\/www.youtube.com\\\/kooningstheweddingpalace\"]}]}<\/script>\n<!-- \/ Yoast SEO plugin. -->","yoast_head_json":{"title":"Marienk\u00e4fer Ashly LB125BE3 | Koonings","description":"Lassen Sie sich von diesem A-Linien-Stil verf\u00fchren. Es hat ein Mieder mit sinnlichem, \u00fcberlappendem Kragen, der mit Spitze, Strasssteinen und leichter Transparenz verziert ist. Der Rock gl\u00e4nzt mit der Pracht von T\u00fcll und einem Hauch von Glitzer.","robots":{"index":"index","follow":"follow","max-snippet":"max-snippet:-1","max-image-preview":"max-image-preview:large","max-video-preview":"max-video-preview:-1"},"canonical":"https:\/\/www.koonings.com\/de\/product\/ladybird-ashly-lb125be3-2\/","og_locale":"de_DE","og_type":"article","og_title":"Marienk\u00e4fer Ashly LB125BE3 | Koonings","og_description":"Lassen Sie sich von diesem A-Linien-Stil verf\u00fchren. Es hat ein Mieder mit sinnlichem, \u00fcberlappendem Kragen, der mit Spitze, Strasssteinen und leichter Transparenz verziert ist. Der Rock gl\u00e4nzt mit der Pracht von T\u00fcll und einem Hauch von Glitzer.","og_url":"https:\/\/www.koonings.com\/de\/product\/ladybird-ashly-lb125be3-2\/","og_site_name":"Koonings","article_publisher":"https:\/\/www.facebook.com\/kooningstheweddingpalace","article_modified_time":"2026-02-03T18:00:13+00:00","og_image":[{"width":1810,"height":2560,"url":"https:\/\/www.koonings.com\/wp-content\/uploads\/2024\/11\/48913_7bdfdf75db06d6a7c6f1782901deb3e6bd3d8b5af72116cba49a880aba9f29da837a166b-scaled.jpeg","type":"image\/jpeg"}],"twitter_card":"summary_large_image","schema":{"@context":"https:\/\/schema.org","@graph":[{"@type":"WebPage","@id":"https:\/\/www.koonings.com\/de\/product\/ladybird-ashly-lb125be3-2\/","url":"https:\/\/www.koonings.com\/de\/product\/ladybird-ashly-lb125be3-2\/","name":"Marienk\u00e4fer Ashly LB125BE3 | Koonings","isPartOf":{"@id":"https:\/\/www.koonings.com\/de\/#website"},"primaryImageOfPage":{"@id":"https:\/\/www.koonings.com\/de\/product\/ladybird-ashly-lb125be3-2\/#primaryimage"},"image":{"@id":"https:\/\/www.koonings.com\/de\/product\/ladybird-ashly-lb125be3-2\/#primaryimage"},"thumbnailUrl":"https:\/\/www.koonings.com\/wp-content\/uploads\/2024\/11\/48913_7bdfdf75db06d6a7c6f1782901deb3e6bd3d8b5af72116cba49a880aba9f29da837a166b-scaled.jpeg","datePublished":"2024-11-18T14:48:02+00:00","dateModified":"2026-02-03T18:00:13+00:00","description":"Lassen Sie sich von diesem A-Linien-Stil verf\u00fchren. Es hat ein Mieder mit sinnlichem, \u00fcberlappendem Kragen, der mit Spitze, Strasssteinen und leichter Transparenz verziert ist. Der Rock gl\u00e4nzt mit der Pracht von T\u00fcll und einem Hauch von Glitzer.","breadcrumb":{"@id":"https:\/\/www.koonings.com\/de\/product\/ladybird-ashly-lb125be3-2\/#breadcrumb"},"inLanguage":"de","potentialAction":[{"@type":"ReadAction","target":["https:\/\/www.koonings.com\/de\/product\/ladybird-ashly-lb125be3-2\/"]}]},{"@type":"ImageObject","inLanguage":"de","@id":"https:\/\/www.koonings.com\/de\/product\/ladybird-ashly-lb125be3-2\/#primaryimage","url":"https:\/\/www.koonings.com\/wp-content\/uploads\/2024\/11\/48913_7bdfdf75db06d6a7c6f1782901deb3e6bd3d8b5af72116cba49a880aba9f29da837a166b-scaled.jpeg","contentUrl":"https:\/\/www.koonings.com\/wp-content\/uploads\/2024\/11\/48913_7bdfdf75db06d6a7c6f1782901deb3e6bd3d8b5af72116cba49a880aba9f29da837a166b-scaled.jpeg","width":1810,"height":2560},{"@type":"BreadcrumbList","@id":"https:\/\/www.koonings.com\/de\/product\/ladybird-ashly-lb125be3-2\/#breadcrumb","itemListElement":[{"@type":"ListItem","position":1,"name":"Home","item":"https:\/\/www.koonings.com\/de\/"},{"@type":"ListItem","position":2,"name":"Marienk\u00e4fer Ashly LB125BE3"}]},{"@type":"WebSite","@id":"https:\/\/www.koonings.com\/de\/#website","url":"https:\/\/www.koonings.com\/de\/","name":"Koonings","description":"De grootste bruidsmodewinkel ter wereld","publisher":{"@id":"https:\/\/www.koonings.com\/de\/#organization"},"potentialAction":[{"@type":"SearchAction","target":{"@type":"EntryPoint","urlTemplate":"https:\/\/www.koonings.com\/de\/?s={search_term_string}"},"query-input":{"@type":"PropertyValueSpecification","valueRequired":true,"valueName":"search_term_string"}}],"inLanguage":"de"},{"@type":"Organization","@id":"https:\/\/www.koonings.com\/de\/#organization","name":"Koonings","url":"https:\/\/www.koonings.com\/de\/","logo":{"@type":"ImageObject","inLanguage":"de","@id":"https:\/\/www.koonings.com\/de\/#\/schema\/logo\/image\/","url":"https:\/\/www.koonings.com\/wp-content\/uploads\/2024\/07\/logo.png","contentUrl":"https:\/\/www.koonings.com\/wp-content\/uploads\/2024\/07\/logo.png","width":600,"height":428,"caption":"Koonings"},"image":{"@id":"https:\/\/www.koonings.com\/de\/#\/schema\/logo\/image\/"},"sameAs":["https:\/\/www.facebook.com\/kooningstheweddingpalace","https:\/\/www.instagram.com\/kooningstheweddingpalace","https:\/\/www.pinterest.com\/koonings","https:\/\/www.youtube.com\/kooningstheweddingpalace"]}]}},"_links":{"self":[{"href":"https:\/\/www.koonings.com\/de\/wp-json\/wp\/v2\/product\/59799","targetHints":{"allow":["GET"]}}],"collection":[{"href":"https:\/\/www.koonings.com\/de\/wp-json\/wp\/v2\/product"}],"about":[{"href":"https:\/\/www.koonings.com\/de\/wp-json\/wp\/v2\/types\/product"}],"wp:featuredmedia":[{"embeddable":true,"href":"https:\/\/www.koonings.com\/de\/wp-json\/wp\/v2\/media\/52974"}],"wp:attachment":[{"href":"https:\/\/www.koonings.com\/de\/wp-json\/wp\/v2\/media?parent=59799"}],"wp:term":[{"taxonomy":"productdetails","embeddable":true,"href":"https:\/\/www.koonings.com\/de\/wp-json\/wp\/v2\/productdetails?post=59799"},{"taxonomy":"productneck","embeddable":true,"href":"https:\/\/www.koonings.com\/de\/wp-json\/wp\/v2\/productneck?post=59799"},{"taxonomy":"productcolor","embeddable":true,"href":"https:\/\/www.koonings.com\/de\/wp-json\/wp\/v2\/productcolor?post=59799"},{"taxonomy":"maat","embeddable":true,"href":"https:\/\/www.koonings.com\/de\/wp-json\/wp\/v2\/maat?post=59799"},{"taxonomy":"productsupplier","embeddable":true,"href":"https:\/\/www.koonings.com\/de\/wp-json\/wp\/v2\/productsupplier?post=59799"},{"taxonomy":"productsleeve","embeddable":true,"href":"https:\/\/www.koonings.com\/de\/wp-json\/wp\/v2\/productsleeve?post=59799"},{"taxonomy":"productcategory","embeddable":true,"href":"https:\/\/www.koonings.com\/de\/wp-json\/wp\/v2\/productcategory?post=59799"},{"taxonomy":"productsilhouette","embeddable":true,"href":"https:\/\/www.koonings.com\/de\/wp-json\/wp\/v2\/productsilhouette?post=59799"},{"taxonomy":"productstyle","embeddable":true,"href":"https:\/\/www.koonings.com\/de\/wp-json\/wp\/v2\/productstyle?post=59799"}],"curies":[{"name":"wp","href":"https:\/\/api.w.org\/{rel}","templated":true}]}}