{"id":59766,"date":"2024-11-18T15:48:09","date_gmt":"2024-11-18T14:48:09","guid":{"rendered":"https:\/\/www.koonings.com\/product\/ladybird-hilmi-lb125bu2-2\/"},"modified":"2026-02-03T19:01:38","modified_gmt":"2026-02-03T18:01:38","slug":"ladybird-hilmi-lb125bu2-2","status":"publish","type":"product","link":"https:\/\/www.koonings.com\/de\/product\/ladybird-hilmi-lb125bu2-2\/","title":{"rendered":"Marienk\u00e4fer Hilmi LB125BU2"},"content":{"rendered":"<p>Verlieben Sie sich in dieses T\u00fcllkleid. Die A-Linien-Silhouette schmeichelt Ihrer Figur mit einem \u00e4rmellosen Mieder und einem quadratischen Ausschnitt, der mit Spitzenstickerei und Perlendetails verziert ist. Die mit Juwelen besetzten Tr\u00e4ger kreuzen sich am R\u00fccken und sorgen f\u00fcr einen h\u00fcbschen Effekt.  <\/p>\n","protected":false},"featured_media":53209,"template":"","meta":{"_acf_changed":false,"ghostkit_customizer_options":"","ghostkit_custom_css":"","ghostkit_custom_js_head":"","ghostkit_custom_js_foot":"","ghostkit_typography":""},"productdetails":[381],"productneck":[352],"productcolor":[393,392],"maat":[],"productsupplier":[437],"productsleeve":[359],"productcategory":[18],"productsilhouette":[384],"productstyle":[366],"class_list":["post-59766","product","type-product","status-publish","has-post-thumbnail","hentry","productdetails-381","productneck-352","productcolor-393","productcolor-392","productsupplier-ladybird","productsleeve-359","productcategory-trouwjurken","productsilhouette-384","productstyle-366"],"acf":[],"yoast_head":"<!-- This site is optimized with the Yoast SEO plugin v27.3 - https:\/\/yoast.com\/product\/yoast-seo-wordpress\/ -->\n<title>Marienk\u00e4fer Hilmi LB125BU2 | Koonings<\/title>\n<meta name=\"description\" content=\"Verlieben Sie sich in dieses T\u00fcllkleid. Die A-Linien-Silhouette schmeichelt Ihrer Figur mit einem \u00e4rmellosen Mieder und einem quadratischen Ausschnitt, der mit Spitzenstickerei und Perlendetails verziert ist. Die mit Juwelen besetzten Tr\u00e4ger kreuzen sich am R\u00fccken und sorgen f\u00fcr einen h\u00fcbschen Effekt.\" \/>\n<meta name=\"robots\" content=\"index, follow, max-snippet:-1, max-image-preview:large, max-video-preview:-1\" \/>\n<link rel=\"canonical\" href=\"https:\/\/www.koonings.com\/de\/product\/ladybird-hilmi-lb125bu2-2\/\" \/>\n<meta property=\"og:locale\" content=\"de_DE\" \/>\n<meta property=\"og:type\" content=\"article\" \/>\n<meta property=\"og:title\" content=\"Marienk\u00e4fer Hilmi LB125BU2 | Koonings\" \/>\n<meta property=\"og:description\" content=\"Verlieben Sie sich in dieses T\u00fcllkleid. Die A-Linien-Silhouette schmeichelt Ihrer Figur mit einem \u00e4rmellosen Mieder und einem quadratischen Ausschnitt, der mit Spitzenstickerei und Perlendetails verziert ist. Die mit Juwelen besetzten Tr\u00e4ger kreuzen sich am R\u00fccken und sorgen f\u00fcr einen h\u00fcbschen Effekt.\" \/>\n<meta property=\"og:url\" content=\"https:\/\/www.koonings.com\/de\/product\/ladybird-hilmi-lb125bu2-2\/\" \/>\n<meta property=\"og:site_name\" content=\"Koonings\" \/>\n<meta property=\"article:publisher\" content=\"https:\/\/www.facebook.com\/kooningstheweddingpalace\" \/>\n<meta property=\"article:modified_time\" content=\"2026-02-03T18:01:38+00:00\" \/>\n<meta property=\"og:image\" content=\"https:\/\/www.koonings.com\/wp-content\/uploads\/2024\/11\/48932_6d7ef44557fb7fa521c72ec7ec1a54f1459d8c376720bbab7e97a3e942695e884bedbb4f-scaled.jpeg\" \/>\n\t<meta property=\"og:image:width\" content=\"1810\" \/>\n\t<meta property=\"og:image:height\" content=\"2560\" \/>\n\t<meta property=\"og:image:type\" content=\"image\/jpeg\" \/>\n<meta name=\"twitter:card\" content=\"summary_large_image\" \/>\n<script type=\"application\/ld+json\" class=\"yoast-schema-graph\">{\"@context\":\"https:\\\/\\\/schema.org\",\"@graph\":[{\"@type\":\"WebPage\",\"@id\":\"https:\\\/\\\/www.koonings.com\\\/de\\\/product\\\/ladybird-hilmi-lb125bu2-2\\\/\",\"url\":\"https:\\\/\\\/www.koonings.com\\\/de\\\/product\\\/ladybird-hilmi-lb125bu2-2\\\/\",\"name\":\"Marienk\u00e4fer Hilmi LB125BU2 | Koonings\",\"isPartOf\":{\"@id\":\"https:\\\/\\\/www.koonings.com\\\/de\\\/#website\"},\"primaryImageOfPage\":{\"@id\":\"https:\\\/\\\/www.koonings.com\\\/de\\\/product\\\/ladybird-hilmi-lb125bu2-2\\\/#primaryimage\"},\"image\":{\"@id\":\"https:\\\/\\\/www.koonings.com\\\/de\\\/product\\\/ladybird-hilmi-lb125bu2-2\\\/#primaryimage\"},\"thumbnailUrl\":\"https:\\\/\\\/www.koonings.com\\\/wp-content\\\/uploads\\\/2024\\\/11\\\/48932_6d7ef44557fb7fa521c72ec7ec1a54f1459d8c376720bbab7e97a3e942695e884bedbb4f-scaled.jpeg\",\"datePublished\":\"2024-11-18T14:48:09+00:00\",\"dateModified\":\"2026-02-03T18:01:38+00:00\",\"description\":\"Verlieben Sie sich in dieses T\u00fcllkleid. Die A-Linien-Silhouette schmeichelt Ihrer Figur mit einem \u00e4rmellosen Mieder und einem quadratischen Ausschnitt, der mit Spitzenstickerei und Perlendetails verziert ist. Die mit Juwelen besetzten Tr\u00e4ger kreuzen sich am R\u00fccken und sorgen f\u00fcr einen h\u00fcbschen Effekt.\",\"breadcrumb\":{\"@id\":\"https:\\\/\\\/www.koonings.com\\\/de\\\/product\\\/ladybird-hilmi-lb125bu2-2\\\/#breadcrumb\"},\"inLanguage\":\"de\",\"potentialAction\":[{\"@type\":\"ReadAction\",\"target\":[\"https:\\\/\\\/www.koonings.com\\\/de\\\/product\\\/ladybird-hilmi-lb125bu2-2\\\/\"]}]},{\"@type\":\"ImageObject\",\"inLanguage\":\"de\",\"@id\":\"https:\\\/\\\/www.koonings.com\\\/de\\\/product\\\/ladybird-hilmi-lb125bu2-2\\\/#primaryimage\",\"url\":\"https:\\\/\\\/www.koonings.com\\\/wp-content\\\/uploads\\\/2024\\\/11\\\/48932_6d7ef44557fb7fa521c72ec7ec1a54f1459d8c376720bbab7e97a3e942695e884bedbb4f-scaled.jpeg\",\"contentUrl\":\"https:\\\/\\\/www.koonings.com\\\/wp-content\\\/uploads\\\/2024\\\/11\\\/48932_6d7ef44557fb7fa521c72ec7ec1a54f1459d8c376720bbab7e97a3e942695e884bedbb4f-scaled.jpeg\",\"width\":1810,\"height\":2560},{\"@type\":\"BreadcrumbList\",\"@id\":\"https:\\\/\\\/www.koonings.com\\\/de\\\/product\\\/ladybird-hilmi-lb125bu2-2\\\/#breadcrumb\",\"itemListElement\":[{\"@type\":\"ListItem\",\"position\":1,\"name\":\"Home\",\"item\":\"https:\\\/\\\/www.koonings.com\\\/de\\\/\"},{\"@type\":\"ListItem\",\"position\":2,\"name\":\"Marienk\u00e4fer Hilmi LB125BU2\"}]},{\"@type\":\"WebSite\",\"@id\":\"https:\\\/\\\/www.koonings.com\\\/de\\\/#website\",\"url\":\"https:\\\/\\\/www.koonings.com\\\/de\\\/\",\"name\":\"Koonings\",\"description\":\"De grootste bruidsmodewinkel ter wereld\",\"publisher\":{\"@id\":\"https:\\\/\\\/www.koonings.com\\\/de\\\/#organization\"},\"potentialAction\":[{\"@type\":\"SearchAction\",\"target\":{\"@type\":\"EntryPoint\",\"urlTemplate\":\"https:\\\/\\\/www.koonings.com\\\/de\\\/?s={search_term_string}\"},\"query-input\":{\"@type\":\"PropertyValueSpecification\",\"valueRequired\":true,\"valueName\":\"search_term_string\"}}],\"inLanguage\":\"de\"},{\"@type\":\"Organization\",\"@id\":\"https:\\\/\\\/www.koonings.com\\\/de\\\/#organization\",\"name\":\"Koonings\",\"url\":\"https:\\\/\\\/www.koonings.com\\\/de\\\/\",\"logo\":{\"@type\":\"ImageObject\",\"inLanguage\":\"de\",\"@id\":\"https:\\\/\\\/www.koonings.com\\\/de\\\/#\\\/schema\\\/logo\\\/image\\\/\",\"url\":\"https:\\\/\\\/www.koonings.com\\\/wp-content\\\/uploads\\\/2024\\\/07\\\/logo.png\",\"contentUrl\":\"https:\\\/\\\/www.koonings.com\\\/wp-content\\\/uploads\\\/2024\\\/07\\\/logo.png\",\"width\":600,\"height\":428,\"caption\":\"Koonings\"},\"image\":{\"@id\":\"https:\\\/\\\/www.koonings.com\\\/de\\\/#\\\/schema\\\/logo\\\/image\\\/\"},\"sameAs\":[\"https:\\\/\\\/www.facebook.com\\\/kooningstheweddingpalace\",\"https:\\\/\\\/www.instagram.com\\\/kooningstheweddingpalace\",\"https:\\\/\\\/www.pinterest.com\\\/koonings\",\"https:\\\/\\\/www.youtube.com\\\/kooningstheweddingpalace\"]}]}<\/script>\n<!-- \/ Yoast SEO plugin. -->","yoast_head_json":{"title":"Marienk\u00e4fer Hilmi LB125BU2 | Koonings","description":"Verlieben Sie sich in dieses T\u00fcllkleid. Die A-Linien-Silhouette schmeichelt Ihrer Figur mit einem \u00e4rmellosen Mieder und einem quadratischen Ausschnitt, der mit Spitzenstickerei und Perlendetails verziert ist. Die mit Juwelen besetzten Tr\u00e4ger kreuzen sich am R\u00fccken und sorgen f\u00fcr einen h\u00fcbschen Effekt.","robots":{"index":"index","follow":"follow","max-snippet":"max-snippet:-1","max-image-preview":"max-image-preview:large","max-video-preview":"max-video-preview:-1"},"canonical":"https:\/\/www.koonings.com\/de\/product\/ladybird-hilmi-lb125bu2-2\/","og_locale":"de_DE","og_type":"article","og_title":"Marienk\u00e4fer Hilmi LB125BU2 | Koonings","og_description":"Verlieben Sie sich in dieses T\u00fcllkleid. Die A-Linien-Silhouette schmeichelt Ihrer Figur mit einem \u00e4rmellosen Mieder und einem quadratischen Ausschnitt, der mit Spitzenstickerei und Perlendetails verziert ist. Die mit Juwelen besetzten Tr\u00e4ger kreuzen sich am R\u00fccken und sorgen f\u00fcr einen h\u00fcbschen Effekt.","og_url":"https:\/\/www.koonings.com\/de\/product\/ladybird-hilmi-lb125bu2-2\/","og_site_name":"Koonings","article_publisher":"https:\/\/www.facebook.com\/kooningstheweddingpalace","article_modified_time":"2026-02-03T18:01:38+00:00","og_image":[{"width":1810,"height":2560,"url":"https:\/\/www.koonings.com\/wp-content\/uploads\/2024\/11\/48932_6d7ef44557fb7fa521c72ec7ec1a54f1459d8c376720bbab7e97a3e942695e884bedbb4f-scaled.jpeg","type":"image\/jpeg"}],"twitter_card":"summary_large_image","schema":{"@context":"https:\/\/schema.org","@graph":[{"@type":"WebPage","@id":"https:\/\/www.koonings.com\/de\/product\/ladybird-hilmi-lb125bu2-2\/","url":"https:\/\/www.koonings.com\/de\/product\/ladybird-hilmi-lb125bu2-2\/","name":"Marienk\u00e4fer Hilmi LB125BU2 | Koonings","isPartOf":{"@id":"https:\/\/www.koonings.com\/de\/#website"},"primaryImageOfPage":{"@id":"https:\/\/www.koonings.com\/de\/product\/ladybird-hilmi-lb125bu2-2\/#primaryimage"},"image":{"@id":"https:\/\/www.koonings.com\/de\/product\/ladybird-hilmi-lb125bu2-2\/#primaryimage"},"thumbnailUrl":"https:\/\/www.koonings.com\/wp-content\/uploads\/2024\/11\/48932_6d7ef44557fb7fa521c72ec7ec1a54f1459d8c376720bbab7e97a3e942695e884bedbb4f-scaled.jpeg","datePublished":"2024-11-18T14:48:09+00:00","dateModified":"2026-02-03T18:01:38+00:00","description":"Verlieben Sie sich in dieses T\u00fcllkleid. Die A-Linien-Silhouette schmeichelt Ihrer Figur mit einem \u00e4rmellosen Mieder und einem quadratischen Ausschnitt, der mit Spitzenstickerei und Perlendetails verziert ist. Die mit Juwelen besetzten Tr\u00e4ger kreuzen sich am R\u00fccken und sorgen f\u00fcr einen h\u00fcbschen Effekt.","breadcrumb":{"@id":"https:\/\/www.koonings.com\/de\/product\/ladybird-hilmi-lb125bu2-2\/#breadcrumb"},"inLanguage":"de","potentialAction":[{"@type":"ReadAction","target":["https:\/\/www.koonings.com\/de\/product\/ladybird-hilmi-lb125bu2-2\/"]}]},{"@type":"ImageObject","inLanguage":"de","@id":"https:\/\/www.koonings.com\/de\/product\/ladybird-hilmi-lb125bu2-2\/#primaryimage","url":"https:\/\/www.koonings.com\/wp-content\/uploads\/2024\/11\/48932_6d7ef44557fb7fa521c72ec7ec1a54f1459d8c376720bbab7e97a3e942695e884bedbb4f-scaled.jpeg","contentUrl":"https:\/\/www.koonings.com\/wp-content\/uploads\/2024\/11\/48932_6d7ef44557fb7fa521c72ec7ec1a54f1459d8c376720bbab7e97a3e942695e884bedbb4f-scaled.jpeg","width":1810,"height":2560},{"@type":"BreadcrumbList","@id":"https:\/\/www.koonings.com\/de\/product\/ladybird-hilmi-lb125bu2-2\/#breadcrumb","itemListElement":[{"@type":"ListItem","position":1,"name":"Home","item":"https:\/\/www.koonings.com\/de\/"},{"@type":"ListItem","position":2,"name":"Marienk\u00e4fer Hilmi LB125BU2"}]},{"@type":"WebSite","@id":"https:\/\/www.koonings.com\/de\/#website","url":"https:\/\/www.koonings.com\/de\/","name":"Koonings","description":"De grootste bruidsmodewinkel ter wereld","publisher":{"@id":"https:\/\/www.koonings.com\/de\/#organization"},"potentialAction":[{"@type":"SearchAction","target":{"@type":"EntryPoint","urlTemplate":"https:\/\/www.koonings.com\/de\/?s={search_term_string}"},"query-input":{"@type":"PropertyValueSpecification","valueRequired":true,"valueName":"search_term_string"}}],"inLanguage":"de"},{"@type":"Organization","@id":"https:\/\/www.koonings.com\/de\/#organization","name":"Koonings","url":"https:\/\/www.koonings.com\/de\/","logo":{"@type":"ImageObject","inLanguage":"de","@id":"https:\/\/www.koonings.com\/de\/#\/schema\/logo\/image\/","url":"https:\/\/www.koonings.com\/wp-content\/uploads\/2024\/07\/logo.png","contentUrl":"https:\/\/www.koonings.com\/wp-content\/uploads\/2024\/07\/logo.png","width":600,"height":428,"caption":"Koonings"},"image":{"@id":"https:\/\/www.koonings.com\/de\/#\/schema\/logo\/image\/"},"sameAs":["https:\/\/www.facebook.com\/kooningstheweddingpalace","https:\/\/www.instagram.com\/kooningstheweddingpalace","https:\/\/www.pinterest.com\/koonings","https:\/\/www.youtube.com\/kooningstheweddingpalace"]}]}},"_links":{"self":[{"href":"https:\/\/www.koonings.com\/de\/wp-json\/wp\/v2\/product\/59766","targetHints":{"allow":["GET"]}}],"collection":[{"href":"https:\/\/www.koonings.com\/de\/wp-json\/wp\/v2\/product"}],"about":[{"href":"https:\/\/www.koonings.com\/de\/wp-json\/wp\/v2\/types\/product"}],"wp:featuredmedia":[{"embeddable":true,"href":"https:\/\/www.koonings.com\/de\/wp-json\/wp\/v2\/media\/53209"}],"wp:attachment":[{"href":"https:\/\/www.koonings.com\/de\/wp-json\/wp\/v2\/media?parent=59766"}],"wp:term":[{"taxonomy":"productdetails","embeddable":true,"href":"https:\/\/www.koonings.com\/de\/wp-json\/wp\/v2\/productdetails?post=59766"},{"taxonomy":"productneck","embeddable":true,"href":"https:\/\/www.koonings.com\/de\/wp-json\/wp\/v2\/productneck?post=59766"},{"taxonomy":"productcolor","embeddable":true,"href":"https:\/\/www.koonings.com\/de\/wp-json\/wp\/v2\/productcolor?post=59766"},{"taxonomy":"maat","embeddable":true,"href":"https:\/\/www.koonings.com\/de\/wp-json\/wp\/v2\/maat?post=59766"},{"taxonomy":"productsupplier","embeddable":true,"href":"https:\/\/www.koonings.com\/de\/wp-json\/wp\/v2\/productsupplier?post=59766"},{"taxonomy":"productsleeve","embeddable":true,"href":"https:\/\/www.koonings.com\/de\/wp-json\/wp\/v2\/productsleeve?post=59766"},{"taxonomy":"productcategory","embeddable":true,"href":"https:\/\/www.koonings.com\/de\/wp-json\/wp\/v2\/productcategory?post=59766"},{"taxonomy":"productsilhouette","embeddable":true,"href":"https:\/\/www.koonings.com\/de\/wp-json\/wp\/v2\/productsilhouette?post=59766"},{"taxonomy":"productstyle","embeddable":true,"href":"https:\/\/www.koonings.com\/de\/wp-json\/wp\/v2\/productstyle?post=59766"}],"curies":[{"name":"wp","href":"https:\/\/api.w.org\/{rel}","templated":true}]}}