{"id":59761,"date":"2024-11-18T15:48:08","date_gmt":"2024-11-18T14:48:08","guid":{"rendered":"https:\/\/www.koonings.com\/product\/ladybird-endri-lb125bq1-2\/"},"modified":"2026-02-03T19:01:29","modified_gmt":"2026-02-03T18:01:29","slug":"ladybird-endri-lb125bq1-2","status":"publish","type":"product","link":"https:\/\/www.koonings.com\/de\/product\/ladybird-endri-lb125bq1-2\/","title":{"rendered":"Marienk\u00e4fer Endri LB125BQ1"},"content":{"rendered":"<p>Eine \u00fcberzeugende Wahl: dies ist ein klassisches Prinzessinnenkleid aus T\u00fcll. Das Mieder hat einen runden Ausschnitt und Tr\u00e4ger mit zarter Spitze und floral inspirierter Perlenstickerei. Vervollst\u00e4ndigen Sie den Look mit einem romantischen T\u00fcllschleier mit Spitzenstickerei (nicht im Lieferumfang enthalten).  <\/p>\n","protected":false},"featured_media":53176,"template":"","meta":{"_acf_changed":false,"ghostkit_customizer_options":"","ghostkit_custom_css":"","ghostkit_custom_js_head":"","ghostkit_custom_js_foot":"","ghostkit_typography":""},"productdetails":[379,376,381],"productneck":[352],"productcolor":[392],"maat":[],"productsupplier":[437],"productsleeve":[359],"productcategory":[18],"productsilhouette":[388],"productstyle":[369,372],"class_list":["post-59761","product","type-product","status-publish","has-post-thumbnail","hentry","productdetails-379","productdetails-376","productdetails-381","productneck-352","productcolor-392","productsupplier-ladybird","productsleeve-359","productcategory-trouwjurken","productsilhouette-388","productstyle-369","productstyle-372"],"acf":[],"yoast_head":"<!-- This site is optimized with the Yoast SEO plugin v27.3 - https:\/\/yoast.com\/product\/yoast-seo-wordpress\/ -->\n<title>Marienk\u00e4fer Endri LB125BQ1 | Koonings<\/title>\n<meta name=\"description\" content=\"Eine \u00fcberzeugende Wahl: dies ist ein klassisches Prinzessinnenkleid aus T\u00fcll. Das Mieder hat einen runden Ausschnitt und Tr\u00e4ger mit zarter Spitze und floral inspirierter Perlenstickerei. Vervollst\u00e4ndigen Sie den Look mit einem romantischen T\u00fcllschleier mit Spitzenstickerei (nicht im Lieferumfang enthalten).\" \/>\n<meta name=\"robots\" content=\"index, follow, max-snippet:-1, max-image-preview:large, max-video-preview:-1\" \/>\n<link rel=\"canonical\" href=\"https:\/\/www.koonings.com\/de\/product\/ladybird-endri-lb125bq1-2\/\" \/>\n<meta property=\"og:locale\" content=\"de_DE\" \/>\n<meta property=\"og:type\" content=\"article\" \/>\n<meta property=\"og:title\" content=\"Marienk\u00e4fer Endri LB125BQ1 | Koonings\" \/>\n<meta property=\"og:description\" content=\"Eine \u00fcberzeugende Wahl: dies ist ein klassisches Prinzessinnenkleid aus T\u00fcll. Das Mieder hat einen runden Ausschnitt und Tr\u00e4ger mit zarter Spitze und floral inspirierter Perlenstickerei. Vervollst\u00e4ndigen Sie den Look mit einem romantischen T\u00fcllschleier mit Spitzenstickerei (nicht im Lieferumfang enthalten).\" \/>\n<meta property=\"og:url\" content=\"https:\/\/www.koonings.com\/de\/product\/ladybird-endri-lb125bq1-2\/\" \/>\n<meta property=\"og:site_name\" content=\"Koonings\" \/>\n<meta property=\"article:publisher\" content=\"https:\/\/www.facebook.com\/kooningstheweddingpalace\" \/>\n<meta property=\"article:modified_time\" content=\"2026-02-03T18:01:29+00:00\" \/>\n<meta property=\"og:image\" content=\"https:\/\/www.koonings.com\/wp-content\/uploads\/2024\/11\/48930_53e9f93c27ce8d393b431ca3951ccfc25a42945d5b395ad9afdb17f8f6822938947c2865-scaled.jpeg\" \/>\n\t<meta property=\"og:image:width\" content=\"1809\" \/>\n\t<meta property=\"og:image:height\" content=\"2560\" \/>\n\t<meta property=\"og:image:type\" content=\"image\/jpeg\" \/>\n<meta name=\"twitter:card\" content=\"summary_large_image\" \/>\n<script type=\"application\/ld+json\" class=\"yoast-schema-graph\">{\"@context\":\"https:\\\/\\\/schema.org\",\"@graph\":[{\"@type\":\"WebPage\",\"@id\":\"https:\\\/\\\/www.koonings.com\\\/de\\\/product\\\/ladybird-endri-lb125bq1-2\\\/\",\"url\":\"https:\\\/\\\/www.koonings.com\\\/de\\\/product\\\/ladybird-endri-lb125bq1-2\\\/\",\"name\":\"Marienk\u00e4fer Endri LB125BQ1 | Koonings\",\"isPartOf\":{\"@id\":\"https:\\\/\\\/www.koonings.com\\\/de\\\/#website\"},\"primaryImageOfPage\":{\"@id\":\"https:\\\/\\\/www.koonings.com\\\/de\\\/product\\\/ladybird-endri-lb125bq1-2\\\/#primaryimage\"},\"image\":{\"@id\":\"https:\\\/\\\/www.koonings.com\\\/de\\\/product\\\/ladybird-endri-lb125bq1-2\\\/#primaryimage\"},\"thumbnailUrl\":\"https:\\\/\\\/www.koonings.com\\\/wp-content\\\/uploads\\\/2024\\\/11\\\/48930_53e9f93c27ce8d393b431ca3951ccfc25a42945d5b395ad9afdb17f8f6822938947c2865-scaled.jpeg\",\"datePublished\":\"2024-11-18T14:48:08+00:00\",\"dateModified\":\"2026-02-03T18:01:29+00:00\",\"description\":\"Eine \u00fcberzeugende Wahl: dies ist ein klassisches Prinzessinnenkleid aus T\u00fcll. Das Mieder hat einen runden Ausschnitt und Tr\u00e4ger mit zarter Spitze und floral inspirierter Perlenstickerei. Vervollst\u00e4ndigen Sie den Look mit einem romantischen T\u00fcllschleier mit Spitzenstickerei (nicht im Lieferumfang enthalten).\",\"breadcrumb\":{\"@id\":\"https:\\\/\\\/www.koonings.com\\\/de\\\/product\\\/ladybird-endri-lb125bq1-2\\\/#breadcrumb\"},\"inLanguage\":\"de\",\"potentialAction\":[{\"@type\":\"ReadAction\",\"target\":[\"https:\\\/\\\/www.koonings.com\\\/de\\\/product\\\/ladybird-endri-lb125bq1-2\\\/\"]}]},{\"@type\":\"ImageObject\",\"inLanguage\":\"de\",\"@id\":\"https:\\\/\\\/www.koonings.com\\\/de\\\/product\\\/ladybird-endri-lb125bq1-2\\\/#primaryimage\",\"url\":\"https:\\\/\\\/www.koonings.com\\\/wp-content\\\/uploads\\\/2024\\\/11\\\/48930_53e9f93c27ce8d393b431ca3951ccfc25a42945d5b395ad9afdb17f8f6822938947c2865-scaled.jpeg\",\"contentUrl\":\"https:\\\/\\\/www.koonings.com\\\/wp-content\\\/uploads\\\/2024\\\/11\\\/48930_53e9f93c27ce8d393b431ca3951ccfc25a42945d5b395ad9afdb17f8f6822938947c2865-scaled.jpeg\",\"width\":1809,\"height\":2560},{\"@type\":\"BreadcrumbList\",\"@id\":\"https:\\\/\\\/www.koonings.com\\\/de\\\/product\\\/ladybird-endri-lb125bq1-2\\\/#breadcrumb\",\"itemListElement\":[{\"@type\":\"ListItem\",\"position\":1,\"name\":\"Home\",\"item\":\"https:\\\/\\\/www.koonings.com\\\/de\\\/\"},{\"@type\":\"ListItem\",\"position\":2,\"name\":\"Marienk\u00e4fer Endri LB125BQ1\"}]},{\"@type\":\"WebSite\",\"@id\":\"https:\\\/\\\/www.koonings.com\\\/de\\\/#website\",\"url\":\"https:\\\/\\\/www.koonings.com\\\/de\\\/\",\"name\":\"Koonings\",\"description\":\"De grootste bruidsmodewinkel ter wereld\",\"publisher\":{\"@id\":\"https:\\\/\\\/www.koonings.com\\\/de\\\/#organization\"},\"potentialAction\":[{\"@type\":\"SearchAction\",\"target\":{\"@type\":\"EntryPoint\",\"urlTemplate\":\"https:\\\/\\\/www.koonings.com\\\/de\\\/?s={search_term_string}\"},\"query-input\":{\"@type\":\"PropertyValueSpecification\",\"valueRequired\":true,\"valueName\":\"search_term_string\"}}],\"inLanguage\":\"de\"},{\"@type\":\"Organization\",\"@id\":\"https:\\\/\\\/www.koonings.com\\\/de\\\/#organization\",\"name\":\"Koonings\",\"url\":\"https:\\\/\\\/www.koonings.com\\\/de\\\/\",\"logo\":{\"@type\":\"ImageObject\",\"inLanguage\":\"de\",\"@id\":\"https:\\\/\\\/www.koonings.com\\\/de\\\/#\\\/schema\\\/logo\\\/image\\\/\",\"url\":\"https:\\\/\\\/www.koonings.com\\\/wp-content\\\/uploads\\\/2024\\\/07\\\/logo.png\",\"contentUrl\":\"https:\\\/\\\/www.koonings.com\\\/wp-content\\\/uploads\\\/2024\\\/07\\\/logo.png\",\"width\":600,\"height\":428,\"caption\":\"Koonings\"},\"image\":{\"@id\":\"https:\\\/\\\/www.koonings.com\\\/de\\\/#\\\/schema\\\/logo\\\/image\\\/\"},\"sameAs\":[\"https:\\\/\\\/www.facebook.com\\\/kooningstheweddingpalace\",\"https:\\\/\\\/www.instagram.com\\\/kooningstheweddingpalace\",\"https:\\\/\\\/www.pinterest.com\\\/koonings\",\"https:\\\/\\\/www.youtube.com\\\/kooningstheweddingpalace\"]}]}<\/script>\n<!-- \/ Yoast SEO plugin. -->","yoast_head_json":{"title":"Marienk\u00e4fer Endri LB125BQ1 | Koonings","description":"Eine \u00fcberzeugende Wahl: dies ist ein klassisches Prinzessinnenkleid aus T\u00fcll. Das Mieder hat einen runden Ausschnitt und Tr\u00e4ger mit zarter Spitze und floral inspirierter Perlenstickerei. Vervollst\u00e4ndigen Sie den Look mit einem romantischen T\u00fcllschleier mit Spitzenstickerei (nicht im Lieferumfang enthalten).","robots":{"index":"index","follow":"follow","max-snippet":"max-snippet:-1","max-image-preview":"max-image-preview:large","max-video-preview":"max-video-preview:-1"},"canonical":"https:\/\/www.koonings.com\/de\/product\/ladybird-endri-lb125bq1-2\/","og_locale":"de_DE","og_type":"article","og_title":"Marienk\u00e4fer Endri LB125BQ1 | Koonings","og_description":"Eine \u00fcberzeugende Wahl: dies ist ein klassisches Prinzessinnenkleid aus T\u00fcll. Das Mieder hat einen runden Ausschnitt und Tr\u00e4ger mit zarter Spitze und floral inspirierter Perlenstickerei. Vervollst\u00e4ndigen Sie den Look mit einem romantischen T\u00fcllschleier mit Spitzenstickerei (nicht im Lieferumfang enthalten).","og_url":"https:\/\/www.koonings.com\/de\/product\/ladybird-endri-lb125bq1-2\/","og_site_name":"Koonings","article_publisher":"https:\/\/www.facebook.com\/kooningstheweddingpalace","article_modified_time":"2026-02-03T18:01:29+00:00","og_image":[{"width":1809,"height":2560,"url":"https:\/\/www.koonings.com\/wp-content\/uploads\/2024\/11\/48930_53e9f93c27ce8d393b431ca3951ccfc25a42945d5b395ad9afdb17f8f6822938947c2865-scaled.jpeg","type":"image\/jpeg"}],"twitter_card":"summary_large_image","schema":{"@context":"https:\/\/schema.org","@graph":[{"@type":"WebPage","@id":"https:\/\/www.koonings.com\/de\/product\/ladybird-endri-lb125bq1-2\/","url":"https:\/\/www.koonings.com\/de\/product\/ladybird-endri-lb125bq1-2\/","name":"Marienk\u00e4fer Endri LB125BQ1 | Koonings","isPartOf":{"@id":"https:\/\/www.koonings.com\/de\/#website"},"primaryImageOfPage":{"@id":"https:\/\/www.koonings.com\/de\/product\/ladybird-endri-lb125bq1-2\/#primaryimage"},"image":{"@id":"https:\/\/www.koonings.com\/de\/product\/ladybird-endri-lb125bq1-2\/#primaryimage"},"thumbnailUrl":"https:\/\/www.koonings.com\/wp-content\/uploads\/2024\/11\/48930_53e9f93c27ce8d393b431ca3951ccfc25a42945d5b395ad9afdb17f8f6822938947c2865-scaled.jpeg","datePublished":"2024-11-18T14:48:08+00:00","dateModified":"2026-02-03T18:01:29+00:00","description":"Eine \u00fcberzeugende Wahl: dies ist ein klassisches Prinzessinnenkleid aus T\u00fcll. Das Mieder hat einen runden Ausschnitt und Tr\u00e4ger mit zarter Spitze und floral inspirierter Perlenstickerei. Vervollst\u00e4ndigen Sie den Look mit einem romantischen T\u00fcllschleier mit Spitzenstickerei (nicht im Lieferumfang enthalten).","breadcrumb":{"@id":"https:\/\/www.koonings.com\/de\/product\/ladybird-endri-lb125bq1-2\/#breadcrumb"},"inLanguage":"de","potentialAction":[{"@type":"ReadAction","target":["https:\/\/www.koonings.com\/de\/product\/ladybird-endri-lb125bq1-2\/"]}]},{"@type":"ImageObject","inLanguage":"de","@id":"https:\/\/www.koonings.com\/de\/product\/ladybird-endri-lb125bq1-2\/#primaryimage","url":"https:\/\/www.koonings.com\/wp-content\/uploads\/2024\/11\/48930_53e9f93c27ce8d393b431ca3951ccfc25a42945d5b395ad9afdb17f8f6822938947c2865-scaled.jpeg","contentUrl":"https:\/\/www.koonings.com\/wp-content\/uploads\/2024\/11\/48930_53e9f93c27ce8d393b431ca3951ccfc25a42945d5b395ad9afdb17f8f6822938947c2865-scaled.jpeg","width":1809,"height":2560},{"@type":"BreadcrumbList","@id":"https:\/\/www.koonings.com\/de\/product\/ladybird-endri-lb125bq1-2\/#breadcrumb","itemListElement":[{"@type":"ListItem","position":1,"name":"Home","item":"https:\/\/www.koonings.com\/de\/"},{"@type":"ListItem","position":2,"name":"Marienk\u00e4fer Endri LB125BQ1"}]},{"@type":"WebSite","@id":"https:\/\/www.koonings.com\/de\/#website","url":"https:\/\/www.koonings.com\/de\/","name":"Koonings","description":"De grootste bruidsmodewinkel ter wereld","publisher":{"@id":"https:\/\/www.koonings.com\/de\/#organization"},"potentialAction":[{"@type":"SearchAction","target":{"@type":"EntryPoint","urlTemplate":"https:\/\/www.koonings.com\/de\/?s={search_term_string}"},"query-input":{"@type":"PropertyValueSpecification","valueRequired":true,"valueName":"search_term_string"}}],"inLanguage":"de"},{"@type":"Organization","@id":"https:\/\/www.koonings.com\/de\/#organization","name":"Koonings","url":"https:\/\/www.koonings.com\/de\/","logo":{"@type":"ImageObject","inLanguage":"de","@id":"https:\/\/www.koonings.com\/de\/#\/schema\/logo\/image\/","url":"https:\/\/www.koonings.com\/wp-content\/uploads\/2024\/07\/logo.png","contentUrl":"https:\/\/www.koonings.com\/wp-content\/uploads\/2024\/07\/logo.png","width":600,"height":428,"caption":"Koonings"},"image":{"@id":"https:\/\/www.koonings.com\/de\/#\/schema\/logo\/image\/"},"sameAs":["https:\/\/www.facebook.com\/kooningstheweddingpalace","https:\/\/www.instagram.com\/kooningstheweddingpalace","https:\/\/www.pinterest.com\/koonings","https:\/\/www.youtube.com\/kooningstheweddingpalace"]}]}},"_links":{"self":[{"href":"https:\/\/www.koonings.com\/de\/wp-json\/wp\/v2\/product\/59761","targetHints":{"allow":["GET"]}}],"collection":[{"href":"https:\/\/www.koonings.com\/de\/wp-json\/wp\/v2\/product"}],"about":[{"href":"https:\/\/www.koonings.com\/de\/wp-json\/wp\/v2\/types\/product"}],"wp:featuredmedia":[{"embeddable":true,"href":"https:\/\/www.koonings.com\/de\/wp-json\/wp\/v2\/media\/53176"}],"wp:attachment":[{"href":"https:\/\/www.koonings.com\/de\/wp-json\/wp\/v2\/media?parent=59761"}],"wp:term":[{"taxonomy":"productdetails","embeddable":true,"href":"https:\/\/www.koonings.com\/de\/wp-json\/wp\/v2\/productdetails?post=59761"},{"taxonomy":"productneck","embeddable":true,"href":"https:\/\/www.koonings.com\/de\/wp-json\/wp\/v2\/productneck?post=59761"},{"taxonomy":"productcolor","embeddable":true,"href":"https:\/\/www.koonings.com\/de\/wp-json\/wp\/v2\/productcolor?post=59761"},{"taxonomy":"maat","embeddable":true,"href":"https:\/\/www.koonings.com\/de\/wp-json\/wp\/v2\/maat?post=59761"},{"taxonomy":"productsupplier","embeddable":true,"href":"https:\/\/www.koonings.com\/de\/wp-json\/wp\/v2\/productsupplier?post=59761"},{"taxonomy":"productsleeve","embeddable":true,"href":"https:\/\/www.koonings.com\/de\/wp-json\/wp\/v2\/productsleeve?post=59761"},{"taxonomy":"productcategory","embeddable":true,"href":"https:\/\/www.koonings.com\/de\/wp-json\/wp\/v2\/productcategory?post=59761"},{"taxonomy":"productsilhouette","embeddable":true,"href":"https:\/\/www.koonings.com\/de\/wp-json\/wp\/v2\/productsilhouette?post=59761"},{"taxonomy":"productstyle","embeddable":true,"href":"https:\/\/www.koonings.com\/de\/wp-json\/wp\/v2\/productstyle?post=59761"}],"curies":[{"name":"wp","href":"https:\/\/api.w.org\/{rel}","templated":true}]}}