{"id":59747,"date":"2024-11-27T19:56:06","date_gmt":"2024-11-27T18:56:06","guid":{"rendered":"https:\/\/www.koonings.com\/product\/le-papillon-by-modeca-elada-2\/"},"modified":"2026-02-03T19:02:30","modified_gmt":"2026-02-03T18:02:30","slug":"le-papillon-by-modeca-elada-2","status":"publish","type":"product","link":"https:\/\/www.koonings.com\/de\/product\/le-papillon-by-modeca-elada-2\/","title":{"rendered":"Le Papillon von Modeca Elada"},"content":{"rendered":"<p>Elada ist ein bezauberndes tr\u00e4gerloses Kleid in A-Linie, das Ihnen das Rampenlicht stiehlt. Der gewagte herzf\u00f6rmige Ausschnitt betont Ihre Silhouette, w\u00e4hrend das mit schimmernden Pailletten verzierte Mieder aus Illusionsspitze einen Hauch von Glamour verleiht. F\u00fcr zus\u00e4tzliche Vielseitigkeit verf\u00fcgt Elada \u00fcber abnehmbare Schultertr\u00e4ger, mit denen Sie Ihren Look ganz einfach individuell gestalten k\u00f6nnen.  <\/p>\n","protected":false},"featured_media":53352,"template":"","meta":{"_acf_changed":false,"ghostkit_customizer_options":"","ghostkit_custom_css":"","ghostkit_custom_js_head":"","ghostkit_custom_js_foot":"","ghostkit_typography":""},"productdetails":[381],"productneck":[354,355,356],"productcolor":[393,392],"maat":[],"productsupplier":[411],"productsleeve":[],"productcategory":[18],"productsilhouette":[384],"productstyle":[366,370],"class_list":["post-59747","product","type-product","status-publish","has-post-thumbnail","hentry","productdetails-381","productneck-354","productneck-355","productneck-356","productcolor-393","productcolor-392","productsupplier-le-papillon-by-modeca","productcategory-trouwjurken","productsilhouette-384","productstyle-366","productstyle-370"],"acf":[],"yoast_head":"<!-- This site is optimized with the Yoast SEO plugin v27.3 - https:\/\/yoast.com\/product\/yoast-seo-wordpress\/ -->\n<title>Le Papillon von Modeca Elada | Koonings<\/title>\n<meta name=\"description\" content=\"Elada ist ein bezauberndes tr\u00e4gerloses Kleid in A-Linie, das Ihnen das Rampenlicht stiehlt. Der gewagte herzf\u00f6rmige Ausschnitt betont Ihre Silhouette, w\u00e4hrend das mit schimmernden Pailletten verzierte Mieder aus Illusionsspitze einen Hauch von Glamour verleiht. F\u00fcr zus\u00e4tzliche Vielseitigkeit verf\u00fcgt Elada \u00fcber abnehmbare Schultertr\u00e4ger, mit denen Sie Ihren Look ganz einfach individuell gestalten k\u00f6nnen.\" \/>\n<meta name=\"robots\" content=\"index, follow, max-snippet:-1, max-image-preview:large, max-video-preview:-1\" \/>\n<link rel=\"canonical\" href=\"https:\/\/www.koonings.com\/de\/product\/le-papillon-by-modeca-elada-2\/\" \/>\n<meta property=\"og:locale\" content=\"de_DE\" \/>\n<meta property=\"og:type\" content=\"article\" \/>\n<meta property=\"og:title\" content=\"Le Papillon von Modeca Elada | Koonings\" \/>\n<meta property=\"og:description\" content=\"Elada ist ein bezauberndes tr\u00e4gerloses Kleid in A-Linie, das Ihnen das Rampenlicht stiehlt. Der gewagte herzf\u00f6rmige Ausschnitt betont Ihre Silhouette, w\u00e4hrend das mit schimmernden Pailletten verzierte Mieder aus Illusionsspitze einen Hauch von Glamour verleiht. F\u00fcr zus\u00e4tzliche Vielseitigkeit verf\u00fcgt Elada \u00fcber abnehmbare Schultertr\u00e4ger, mit denen Sie Ihren Look ganz einfach individuell gestalten k\u00f6nnen.\" \/>\n<meta property=\"og:url\" content=\"https:\/\/www.koonings.com\/de\/product\/le-papillon-by-modeca-elada-2\/\" \/>\n<meta property=\"og:site_name\" content=\"Koonings\" \/>\n<meta property=\"article:publisher\" content=\"https:\/\/www.facebook.com\/kooningstheweddingpalace\" \/>\n<meta property=\"article:modified_time\" content=\"2026-02-03T18:02:30+00:00\" \/>\n<meta property=\"og:image\" content=\"https:\/\/www.koonings.com\/wp-content\/uploads\/2024\/11\/48946_3ba61cfe38a5f5580742dc4096b4ba3e2fd7e4d055e1b293da34afca5c82e2862b0db18e.jpeg\" \/>\n\t<meta property=\"og:image:width\" content=\"1013\" \/>\n\t<meta property=\"og:image:height\" content=\"1431\" \/>\n\t<meta property=\"og:image:type\" content=\"image\/jpeg\" \/>\n<meta name=\"twitter:card\" content=\"summary_large_image\" \/>\n<script type=\"application\/ld+json\" class=\"yoast-schema-graph\">{\"@context\":\"https:\\\/\\\/schema.org\",\"@graph\":[{\"@type\":\"WebPage\",\"@id\":\"https:\\\/\\\/www.koonings.com\\\/de\\\/product\\\/le-papillon-by-modeca-elada-2\\\/\",\"url\":\"https:\\\/\\\/www.koonings.com\\\/de\\\/product\\\/le-papillon-by-modeca-elada-2\\\/\",\"name\":\"Le Papillon von Modeca Elada | Koonings\",\"isPartOf\":{\"@id\":\"https:\\\/\\\/www.koonings.com\\\/de\\\/#website\"},\"primaryImageOfPage\":{\"@id\":\"https:\\\/\\\/www.koonings.com\\\/de\\\/product\\\/le-papillon-by-modeca-elada-2\\\/#primaryimage\"},\"image\":{\"@id\":\"https:\\\/\\\/www.koonings.com\\\/de\\\/product\\\/le-papillon-by-modeca-elada-2\\\/#primaryimage\"},\"thumbnailUrl\":\"https:\\\/\\\/www.koonings.com\\\/wp-content\\\/uploads\\\/2024\\\/11\\\/48946_3ba61cfe38a5f5580742dc4096b4ba3e2fd7e4d055e1b293da34afca5c82e2862b0db18e.jpeg\",\"datePublished\":\"2024-11-27T18:56:06+00:00\",\"dateModified\":\"2026-02-03T18:02:30+00:00\",\"description\":\"Elada ist ein bezauberndes tr\u00e4gerloses Kleid in A-Linie, das Ihnen das Rampenlicht stiehlt. Der gewagte herzf\u00f6rmige Ausschnitt betont Ihre Silhouette, w\u00e4hrend das mit schimmernden Pailletten verzierte Mieder aus Illusionsspitze einen Hauch von Glamour verleiht. F\u00fcr zus\u00e4tzliche Vielseitigkeit verf\u00fcgt Elada \u00fcber abnehmbare Schultertr\u00e4ger, mit denen Sie Ihren Look ganz einfach individuell gestalten k\u00f6nnen.\",\"breadcrumb\":{\"@id\":\"https:\\\/\\\/www.koonings.com\\\/de\\\/product\\\/le-papillon-by-modeca-elada-2\\\/#breadcrumb\"},\"inLanguage\":\"de\",\"potentialAction\":[{\"@type\":\"ReadAction\",\"target\":[\"https:\\\/\\\/www.koonings.com\\\/de\\\/product\\\/le-papillon-by-modeca-elada-2\\\/\"]}]},{\"@type\":\"ImageObject\",\"inLanguage\":\"de\",\"@id\":\"https:\\\/\\\/www.koonings.com\\\/de\\\/product\\\/le-papillon-by-modeca-elada-2\\\/#primaryimage\",\"url\":\"https:\\\/\\\/www.koonings.com\\\/wp-content\\\/uploads\\\/2024\\\/11\\\/48946_3ba61cfe38a5f5580742dc4096b4ba3e2fd7e4d055e1b293da34afca5c82e2862b0db18e.jpeg\",\"contentUrl\":\"https:\\\/\\\/www.koonings.com\\\/wp-content\\\/uploads\\\/2024\\\/11\\\/48946_3ba61cfe38a5f5580742dc4096b4ba3e2fd7e4d055e1b293da34afca5c82e2862b0db18e.jpeg\",\"width\":1013,\"height\":1431},{\"@type\":\"BreadcrumbList\",\"@id\":\"https:\\\/\\\/www.koonings.com\\\/de\\\/product\\\/le-papillon-by-modeca-elada-2\\\/#breadcrumb\",\"itemListElement\":[{\"@type\":\"ListItem\",\"position\":1,\"name\":\"Home\",\"item\":\"https:\\\/\\\/www.koonings.com\\\/de\\\/\"},{\"@type\":\"ListItem\",\"position\":2,\"name\":\"Le Papillon von Modeca Elada\"}]},{\"@type\":\"WebSite\",\"@id\":\"https:\\\/\\\/www.koonings.com\\\/de\\\/#website\",\"url\":\"https:\\\/\\\/www.koonings.com\\\/de\\\/\",\"name\":\"Koonings\",\"description\":\"De grootste bruidsmodewinkel ter wereld\",\"publisher\":{\"@id\":\"https:\\\/\\\/www.koonings.com\\\/de\\\/#organization\"},\"potentialAction\":[{\"@type\":\"SearchAction\",\"target\":{\"@type\":\"EntryPoint\",\"urlTemplate\":\"https:\\\/\\\/www.koonings.com\\\/de\\\/?s={search_term_string}\"},\"query-input\":{\"@type\":\"PropertyValueSpecification\",\"valueRequired\":true,\"valueName\":\"search_term_string\"}}],\"inLanguage\":\"de\"},{\"@type\":\"Organization\",\"@id\":\"https:\\\/\\\/www.koonings.com\\\/de\\\/#organization\",\"name\":\"Koonings\",\"url\":\"https:\\\/\\\/www.koonings.com\\\/de\\\/\",\"logo\":{\"@type\":\"ImageObject\",\"inLanguage\":\"de\",\"@id\":\"https:\\\/\\\/www.koonings.com\\\/de\\\/#\\\/schema\\\/logo\\\/image\\\/\",\"url\":\"https:\\\/\\\/www.koonings.com\\\/wp-content\\\/uploads\\\/2024\\\/07\\\/logo.png\",\"contentUrl\":\"https:\\\/\\\/www.koonings.com\\\/wp-content\\\/uploads\\\/2024\\\/07\\\/logo.png\",\"width\":600,\"height\":428,\"caption\":\"Koonings\"},\"image\":{\"@id\":\"https:\\\/\\\/www.koonings.com\\\/de\\\/#\\\/schema\\\/logo\\\/image\\\/\"},\"sameAs\":[\"https:\\\/\\\/www.facebook.com\\\/kooningstheweddingpalace\",\"https:\\\/\\\/www.instagram.com\\\/kooningstheweddingpalace\",\"https:\\\/\\\/www.pinterest.com\\\/koonings\",\"https:\\\/\\\/www.youtube.com\\\/kooningstheweddingpalace\"]}]}<\/script>\n<!-- \/ Yoast SEO plugin. -->","yoast_head_json":{"title":"Le Papillon von Modeca Elada | Koonings","description":"Elada ist ein bezauberndes tr\u00e4gerloses Kleid in A-Linie, das Ihnen das Rampenlicht stiehlt. Der gewagte herzf\u00f6rmige Ausschnitt betont Ihre Silhouette, w\u00e4hrend das mit schimmernden Pailletten verzierte Mieder aus Illusionsspitze einen Hauch von Glamour verleiht. F\u00fcr zus\u00e4tzliche Vielseitigkeit verf\u00fcgt Elada \u00fcber abnehmbare Schultertr\u00e4ger, mit denen Sie Ihren Look ganz einfach individuell gestalten k\u00f6nnen.","robots":{"index":"index","follow":"follow","max-snippet":"max-snippet:-1","max-image-preview":"max-image-preview:large","max-video-preview":"max-video-preview:-1"},"canonical":"https:\/\/www.koonings.com\/de\/product\/le-papillon-by-modeca-elada-2\/","og_locale":"de_DE","og_type":"article","og_title":"Le Papillon von Modeca Elada | Koonings","og_description":"Elada ist ein bezauberndes tr\u00e4gerloses Kleid in A-Linie, das Ihnen das Rampenlicht stiehlt. Der gewagte herzf\u00f6rmige Ausschnitt betont Ihre Silhouette, w\u00e4hrend das mit schimmernden Pailletten verzierte Mieder aus Illusionsspitze einen Hauch von Glamour verleiht. F\u00fcr zus\u00e4tzliche Vielseitigkeit verf\u00fcgt Elada \u00fcber abnehmbare Schultertr\u00e4ger, mit denen Sie Ihren Look ganz einfach individuell gestalten k\u00f6nnen.","og_url":"https:\/\/www.koonings.com\/de\/product\/le-papillon-by-modeca-elada-2\/","og_site_name":"Koonings","article_publisher":"https:\/\/www.facebook.com\/kooningstheweddingpalace","article_modified_time":"2026-02-03T18:02:30+00:00","og_image":[{"width":1013,"height":1431,"url":"https:\/\/www.koonings.com\/wp-content\/uploads\/2024\/11\/48946_3ba61cfe38a5f5580742dc4096b4ba3e2fd7e4d055e1b293da34afca5c82e2862b0db18e.jpeg","type":"image\/jpeg"}],"twitter_card":"summary_large_image","schema":{"@context":"https:\/\/schema.org","@graph":[{"@type":"WebPage","@id":"https:\/\/www.koonings.com\/de\/product\/le-papillon-by-modeca-elada-2\/","url":"https:\/\/www.koonings.com\/de\/product\/le-papillon-by-modeca-elada-2\/","name":"Le Papillon von Modeca Elada | Koonings","isPartOf":{"@id":"https:\/\/www.koonings.com\/de\/#website"},"primaryImageOfPage":{"@id":"https:\/\/www.koonings.com\/de\/product\/le-papillon-by-modeca-elada-2\/#primaryimage"},"image":{"@id":"https:\/\/www.koonings.com\/de\/product\/le-papillon-by-modeca-elada-2\/#primaryimage"},"thumbnailUrl":"https:\/\/www.koonings.com\/wp-content\/uploads\/2024\/11\/48946_3ba61cfe38a5f5580742dc4096b4ba3e2fd7e4d055e1b293da34afca5c82e2862b0db18e.jpeg","datePublished":"2024-11-27T18:56:06+00:00","dateModified":"2026-02-03T18:02:30+00:00","description":"Elada ist ein bezauberndes tr\u00e4gerloses Kleid in A-Linie, das Ihnen das Rampenlicht stiehlt. Der gewagte herzf\u00f6rmige Ausschnitt betont Ihre Silhouette, w\u00e4hrend das mit schimmernden Pailletten verzierte Mieder aus Illusionsspitze einen Hauch von Glamour verleiht. F\u00fcr zus\u00e4tzliche Vielseitigkeit verf\u00fcgt Elada \u00fcber abnehmbare Schultertr\u00e4ger, mit denen Sie Ihren Look ganz einfach individuell gestalten k\u00f6nnen.","breadcrumb":{"@id":"https:\/\/www.koonings.com\/de\/product\/le-papillon-by-modeca-elada-2\/#breadcrumb"},"inLanguage":"de","potentialAction":[{"@type":"ReadAction","target":["https:\/\/www.koonings.com\/de\/product\/le-papillon-by-modeca-elada-2\/"]}]},{"@type":"ImageObject","inLanguage":"de","@id":"https:\/\/www.koonings.com\/de\/product\/le-papillon-by-modeca-elada-2\/#primaryimage","url":"https:\/\/www.koonings.com\/wp-content\/uploads\/2024\/11\/48946_3ba61cfe38a5f5580742dc4096b4ba3e2fd7e4d055e1b293da34afca5c82e2862b0db18e.jpeg","contentUrl":"https:\/\/www.koonings.com\/wp-content\/uploads\/2024\/11\/48946_3ba61cfe38a5f5580742dc4096b4ba3e2fd7e4d055e1b293da34afca5c82e2862b0db18e.jpeg","width":1013,"height":1431},{"@type":"BreadcrumbList","@id":"https:\/\/www.koonings.com\/de\/product\/le-papillon-by-modeca-elada-2\/#breadcrumb","itemListElement":[{"@type":"ListItem","position":1,"name":"Home","item":"https:\/\/www.koonings.com\/de\/"},{"@type":"ListItem","position":2,"name":"Le Papillon von Modeca Elada"}]},{"@type":"WebSite","@id":"https:\/\/www.koonings.com\/de\/#website","url":"https:\/\/www.koonings.com\/de\/","name":"Koonings","description":"De grootste bruidsmodewinkel ter wereld","publisher":{"@id":"https:\/\/www.koonings.com\/de\/#organization"},"potentialAction":[{"@type":"SearchAction","target":{"@type":"EntryPoint","urlTemplate":"https:\/\/www.koonings.com\/de\/?s={search_term_string}"},"query-input":{"@type":"PropertyValueSpecification","valueRequired":true,"valueName":"search_term_string"}}],"inLanguage":"de"},{"@type":"Organization","@id":"https:\/\/www.koonings.com\/de\/#organization","name":"Koonings","url":"https:\/\/www.koonings.com\/de\/","logo":{"@type":"ImageObject","inLanguage":"de","@id":"https:\/\/www.koonings.com\/de\/#\/schema\/logo\/image\/","url":"https:\/\/www.koonings.com\/wp-content\/uploads\/2024\/07\/logo.png","contentUrl":"https:\/\/www.koonings.com\/wp-content\/uploads\/2024\/07\/logo.png","width":600,"height":428,"caption":"Koonings"},"image":{"@id":"https:\/\/www.koonings.com\/de\/#\/schema\/logo\/image\/"},"sameAs":["https:\/\/www.facebook.com\/kooningstheweddingpalace","https:\/\/www.instagram.com\/kooningstheweddingpalace","https:\/\/www.pinterest.com\/koonings","https:\/\/www.youtube.com\/kooningstheweddingpalace"]}]}},"_links":{"self":[{"href":"https:\/\/www.koonings.com\/de\/wp-json\/wp\/v2\/product\/59747","targetHints":{"allow":["GET"]}}],"collection":[{"href":"https:\/\/www.koonings.com\/de\/wp-json\/wp\/v2\/product"}],"about":[{"href":"https:\/\/www.koonings.com\/de\/wp-json\/wp\/v2\/types\/product"}],"wp:featuredmedia":[{"embeddable":true,"href":"https:\/\/www.koonings.com\/de\/wp-json\/wp\/v2\/media\/53352"}],"wp:attachment":[{"href":"https:\/\/www.koonings.com\/de\/wp-json\/wp\/v2\/media?parent=59747"}],"wp:term":[{"taxonomy":"productdetails","embeddable":true,"href":"https:\/\/www.koonings.com\/de\/wp-json\/wp\/v2\/productdetails?post=59747"},{"taxonomy":"productneck","embeddable":true,"href":"https:\/\/www.koonings.com\/de\/wp-json\/wp\/v2\/productneck?post=59747"},{"taxonomy":"productcolor","embeddable":true,"href":"https:\/\/www.koonings.com\/de\/wp-json\/wp\/v2\/productcolor?post=59747"},{"taxonomy":"maat","embeddable":true,"href":"https:\/\/www.koonings.com\/de\/wp-json\/wp\/v2\/maat?post=59747"},{"taxonomy":"productsupplier","embeddable":true,"href":"https:\/\/www.koonings.com\/de\/wp-json\/wp\/v2\/productsupplier?post=59747"},{"taxonomy":"productsleeve","embeddable":true,"href":"https:\/\/www.koonings.com\/de\/wp-json\/wp\/v2\/productsleeve?post=59747"},{"taxonomy":"productcategory","embeddable":true,"href":"https:\/\/www.koonings.com\/de\/wp-json\/wp\/v2\/productcategory?post=59747"},{"taxonomy":"productsilhouette","embeddable":true,"href":"https:\/\/www.koonings.com\/de\/wp-json\/wp\/v2\/productsilhouette?post=59747"},{"taxonomy":"productstyle","embeddable":true,"href":"https:\/\/www.koonings.com\/de\/wp-json\/wp\/v2\/productstyle?post=59747"}],"curies":[{"name":"wp","href":"https:\/\/api.w.org\/{rel}","templated":true}]}}