{"id":59741,"date":"2024-11-18T15:48:15","date_gmt":"2024-11-18T14:48:15","guid":{"rendered":"https:\/\/www.koonings.com\/product\/ladybird-nemu-lb125cc1-2\/"},"modified":"2026-02-03T19:02:22","modified_gmt":"2026-02-03T18:02:22","slug":"ladybird-nemu-lb125cc1-2","status":"publish","type":"product","link":"https:\/\/www.koonings.com\/de\/product\/ladybird-nemu-lb125cc1-2\/","title":{"rendered":"Marienk\u00e4fer Nemu LB125CC1"},"content":{"rendered":"<p>Erf\u00fcllen Sie sich Ihren romantischsten Traum mit diesem T\u00fcllkleid mit schmeichelnder Silhouette. Es hat ein Mieder mit Spitzenstickerei und Perlenverzierungen. Auf der R\u00fcckseite finden sich auf einer feinen Transparenz gestickte Muster, die auch an den Manschetten des Rocks zu finden sind. Ein sehr feines Stirnband vervollst\u00e4ndigt den Look (nicht im Preis inbegriffen).<\/p>\n","protected":false},"featured_media":53331,"template":"","meta":{"_acf_changed":false,"ghostkit_customizer_options":"","ghostkit_custom_css":"","ghostkit_custom_js_head":"","ghostkit_custom_js_foot":"","ghostkit_typography":""},"productdetails":[],"productneck":[351,354],"productcolor":[392],"maat":[],"productsupplier":[437],"productsleeve":[359],"productcategory":[18],"productsilhouette":[384],"productstyle":[366],"class_list":["post-59741","product","type-product","status-publish","has-post-thumbnail","hentry","productneck-351","productneck-354","productcolor-392","productsupplier-ladybird","productsleeve-359","productcategory-trouwjurken","productsilhouette-384","productstyle-366"],"acf":[],"yoast_head":"<!-- This site is optimized with the Yoast SEO plugin v27.3 - https:\/\/yoast.com\/product\/yoast-seo-wordpress\/ -->\n<title>Marienk\u00e4fer Nemu LB125CC1 | Koonings<\/title>\n<meta name=\"description\" content=\"Erf\u00fcllen Sie sich Ihren romantischsten Traum mit diesem T\u00fcllkleid mit schmeichelnder Silhouette. Es hat ein Mieder mit Spitzenstickerei und Perlenverzierungen. Auf der R\u00fcckseite finden sich auf einer feinen Transparenz gestickte Muster, die auch an den Manschetten des Rocks zu finden sind. Ein sehr feines Stirnband vervollst\u00e4ndigt den Look (nicht im Preis inbegriffen).\" \/>\n<meta name=\"robots\" content=\"index, follow, max-snippet:-1, max-image-preview:large, max-video-preview:-1\" \/>\n<link rel=\"canonical\" href=\"https:\/\/www.koonings.com\/de\/product\/ladybird-nemu-lb125cc1-2\/\" \/>\n<meta property=\"og:locale\" content=\"de_DE\" \/>\n<meta property=\"og:type\" content=\"article\" \/>\n<meta property=\"og:title\" content=\"Marienk\u00e4fer Nemu LB125CC1 | Koonings\" \/>\n<meta property=\"og:description\" content=\"Erf\u00fcllen Sie sich Ihren romantischsten Traum mit diesem T\u00fcllkleid mit schmeichelnder Silhouette. Es hat ein Mieder mit Spitzenstickerei und Perlenverzierungen. Auf der R\u00fcckseite finden sich auf einer feinen Transparenz gestickte Muster, die auch an den Manschetten des Rocks zu finden sind. Ein sehr feines Stirnband vervollst\u00e4ndigt den Look (nicht im Preis inbegriffen).\" \/>\n<meta property=\"og:url\" content=\"https:\/\/www.koonings.com\/de\/product\/ladybird-nemu-lb125cc1-2\/\" \/>\n<meta property=\"og:site_name\" content=\"Koonings\" \/>\n<meta property=\"article:publisher\" content=\"https:\/\/www.facebook.com\/kooningstheweddingpalace\" \/>\n<meta property=\"article:modified_time\" content=\"2026-02-03T18:02:22+00:00\" \/>\n<meta property=\"og:image\" content=\"https:\/\/www.koonings.com\/wp-content\/uploads\/2024\/11\/48945_126c5417130362d43daff479b8640bf64e1a41e65d1472e58f41dd0e067c6ee485e66aac-scaled.jpeg\" \/>\n\t<meta property=\"og:image:width\" content=\"1813\" \/>\n\t<meta property=\"og:image:height\" content=\"2560\" \/>\n\t<meta property=\"og:image:type\" content=\"image\/jpeg\" \/>\n<meta name=\"twitter:card\" content=\"summary_large_image\" \/>\n<script type=\"application\/ld+json\" class=\"yoast-schema-graph\">{\"@context\":\"https:\\\/\\\/schema.org\",\"@graph\":[{\"@type\":\"WebPage\",\"@id\":\"https:\\\/\\\/www.koonings.com\\\/de\\\/product\\\/ladybird-nemu-lb125cc1-2\\\/\",\"url\":\"https:\\\/\\\/www.koonings.com\\\/de\\\/product\\\/ladybird-nemu-lb125cc1-2\\\/\",\"name\":\"Marienk\u00e4fer Nemu LB125CC1 | Koonings\",\"isPartOf\":{\"@id\":\"https:\\\/\\\/www.koonings.com\\\/de\\\/#website\"},\"primaryImageOfPage\":{\"@id\":\"https:\\\/\\\/www.koonings.com\\\/de\\\/product\\\/ladybird-nemu-lb125cc1-2\\\/#primaryimage\"},\"image\":{\"@id\":\"https:\\\/\\\/www.koonings.com\\\/de\\\/product\\\/ladybird-nemu-lb125cc1-2\\\/#primaryimage\"},\"thumbnailUrl\":\"https:\\\/\\\/www.koonings.com\\\/wp-content\\\/uploads\\\/2024\\\/11\\\/48945_126c5417130362d43daff479b8640bf64e1a41e65d1472e58f41dd0e067c6ee485e66aac-scaled.jpeg\",\"datePublished\":\"2024-11-18T14:48:15+00:00\",\"dateModified\":\"2026-02-03T18:02:22+00:00\",\"description\":\"Erf\u00fcllen Sie sich Ihren romantischsten Traum mit diesem T\u00fcllkleid mit schmeichelnder Silhouette. Es hat ein Mieder mit Spitzenstickerei und Perlenverzierungen. Auf der R\u00fcckseite finden sich auf einer feinen Transparenz gestickte Muster, die auch an den Manschetten des Rocks zu finden sind. Ein sehr feines Stirnband vervollst\u00e4ndigt den Look (nicht im Preis inbegriffen).\",\"breadcrumb\":{\"@id\":\"https:\\\/\\\/www.koonings.com\\\/de\\\/product\\\/ladybird-nemu-lb125cc1-2\\\/#breadcrumb\"},\"inLanguage\":\"de\",\"potentialAction\":[{\"@type\":\"ReadAction\",\"target\":[\"https:\\\/\\\/www.koonings.com\\\/de\\\/product\\\/ladybird-nemu-lb125cc1-2\\\/\"]}]},{\"@type\":\"ImageObject\",\"inLanguage\":\"de\",\"@id\":\"https:\\\/\\\/www.koonings.com\\\/de\\\/product\\\/ladybird-nemu-lb125cc1-2\\\/#primaryimage\",\"url\":\"https:\\\/\\\/www.koonings.com\\\/wp-content\\\/uploads\\\/2024\\\/11\\\/48945_126c5417130362d43daff479b8640bf64e1a41e65d1472e58f41dd0e067c6ee485e66aac-scaled.jpeg\",\"contentUrl\":\"https:\\\/\\\/www.koonings.com\\\/wp-content\\\/uploads\\\/2024\\\/11\\\/48945_126c5417130362d43daff479b8640bf64e1a41e65d1472e58f41dd0e067c6ee485e66aac-scaled.jpeg\",\"width\":1813,\"height\":2560},{\"@type\":\"BreadcrumbList\",\"@id\":\"https:\\\/\\\/www.koonings.com\\\/de\\\/product\\\/ladybird-nemu-lb125cc1-2\\\/#breadcrumb\",\"itemListElement\":[{\"@type\":\"ListItem\",\"position\":1,\"name\":\"Home\",\"item\":\"https:\\\/\\\/www.koonings.com\\\/de\\\/\"},{\"@type\":\"ListItem\",\"position\":2,\"name\":\"Marienk\u00e4fer Nemu LB125CC1\"}]},{\"@type\":\"WebSite\",\"@id\":\"https:\\\/\\\/www.koonings.com\\\/de\\\/#website\",\"url\":\"https:\\\/\\\/www.koonings.com\\\/de\\\/\",\"name\":\"Koonings\",\"description\":\"De grootste bruidsmodewinkel ter wereld\",\"publisher\":{\"@id\":\"https:\\\/\\\/www.koonings.com\\\/de\\\/#organization\"},\"potentialAction\":[{\"@type\":\"SearchAction\",\"target\":{\"@type\":\"EntryPoint\",\"urlTemplate\":\"https:\\\/\\\/www.koonings.com\\\/de\\\/?s={search_term_string}\"},\"query-input\":{\"@type\":\"PropertyValueSpecification\",\"valueRequired\":true,\"valueName\":\"search_term_string\"}}],\"inLanguage\":\"de\"},{\"@type\":\"Organization\",\"@id\":\"https:\\\/\\\/www.koonings.com\\\/de\\\/#organization\",\"name\":\"Koonings\",\"url\":\"https:\\\/\\\/www.koonings.com\\\/de\\\/\",\"logo\":{\"@type\":\"ImageObject\",\"inLanguage\":\"de\",\"@id\":\"https:\\\/\\\/www.koonings.com\\\/de\\\/#\\\/schema\\\/logo\\\/image\\\/\",\"url\":\"https:\\\/\\\/www.koonings.com\\\/wp-content\\\/uploads\\\/2024\\\/07\\\/logo.png\",\"contentUrl\":\"https:\\\/\\\/www.koonings.com\\\/wp-content\\\/uploads\\\/2024\\\/07\\\/logo.png\",\"width\":600,\"height\":428,\"caption\":\"Koonings\"},\"image\":{\"@id\":\"https:\\\/\\\/www.koonings.com\\\/de\\\/#\\\/schema\\\/logo\\\/image\\\/\"},\"sameAs\":[\"https:\\\/\\\/www.facebook.com\\\/kooningstheweddingpalace\",\"https:\\\/\\\/www.instagram.com\\\/kooningstheweddingpalace\",\"https:\\\/\\\/www.pinterest.com\\\/koonings\",\"https:\\\/\\\/www.youtube.com\\\/kooningstheweddingpalace\"]}]}<\/script>\n<!-- \/ Yoast SEO plugin. -->","yoast_head_json":{"title":"Marienk\u00e4fer Nemu LB125CC1 | Koonings","description":"Erf\u00fcllen Sie sich Ihren romantischsten Traum mit diesem T\u00fcllkleid mit schmeichelnder Silhouette. Es hat ein Mieder mit Spitzenstickerei und Perlenverzierungen. Auf der R\u00fcckseite finden sich auf einer feinen Transparenz gestickte Muster, die auch an den Manschetten des Rocks zu finden sind. Ein sehr feines Stirnband vervollst\u00e4ndigt den Look (nicht im Preis inbegriffen).","robots":{"index":"index","follow":"follow","max-snippet":"max-snippet:-1","max-image-preview":"max-image-preview:large","max-video-preview":"max-video-preview:-1"},"canonical":"https:\/\/www.koonings.com\/de\/product\/ladybird-nemu-lb125cc1-2\/","og_locale":"de_DE","og_type":"article","og_title":"Marienk\u00e4fer Nemu LB125CC1 | Koonings","og_description":"Erf\u00fcllen Sie sich Ihren romantischsten Traum mit diesem T\u00fcllkleid mit schmeichelnder Silhouette. Es hat ein Mieder mit Spitzenstickerei und Perlenverzierungen. Auf der R\u00fcckseite finden sich auf einer feinen Transparenz gestickte Muster, die auch an den Manschetten des Rocks zu finden sind. Ein sehr feines Stirnband vervollst\u00e4ndigt den Look (nicht im Preis inbegriffen).","og_url":"https:\/\/www.koonings.com\/de\/product\/ladybird-nemu-lb125cc1-2\/","og_site_name":"Koonings","article_publisher":"https:\/\/www.facebook.com\/kooningstheweddingpalace","article_modified_time":"2026-02-03T18:02:22+00:00","og_image":[{"width":1813,"height":2560,"url":"https:\/\/www.koonings.com\/wp-content\/uploads\/2024\/11\/48945_126c5417130362d43daff479b8640bf64e1a41e65d1472e58f41dd0e067c6ee485e66aac-scaled.jpeg","type":"image\/jpeg"}],"twitter_card":"summary_large_image","schema":{"@context":"https:\/\/schema.org","@graph":[{"@type":"WebPage","@id":"https:\/\/www.koonings.com\/de\/product\/ladybird-nemu-lb125cc1-2\/","url":"https:\/\/www.koonings.com\/de\/product\/ladybird-nemu-lb125cc1-2\/","name":"Marienk\u00e4fer Nemu LB125CC1 | Koonings","isPartOf":{"@id":"https:\/\/www.koonings.com\/de\/#website"},"primaryImageOfPage":{"@id":"https:\/\/www.koonings.com\/de\/product\/ladybird-nemu-lb125cc1-2\/#primaryimage"},"image":{"@id":"https:\/\/www.koonings.com\/de\/product\/ladybird-nemu-lb125cc1-2\/#primaryimage"},"thumbnailUrl":"https:\/\/www.koonings.com\/wp-content\/uploads\/2024\/11\/48945_126c5417130362d43daff479b8640bf64e1a41e65d1472e58f41dd0e067c6ee485e66aac-scaled.jpeg","datePublished":"2024-11-18T14:48:15+00:00","dateModified":"2026-02-03T18:02:22+00:00","description":"Erf\u00fcllen Sie sich Ihren romantischsten Traum mit diesem T\u00fcllkleid mit schmeichelnder Silhouette. Es hat ein Mieder mit Spitzenstickerei und Perlenverzierungen. Auf der R\u00fcckseite finden sich auf einer feinen Transparenz gestickte Muster, die auch an den Manschetten des Rocks zu finden sind. Ein sehr feines Stirnband vervollst\u00e4ndigt den Look (nicht im Preis inbegriffen).","breadcrumb":{"@id":"https:\/\/www.koonings.com\/de\/product\/ladybird-nemu-lb125cc1-2\/#breadcrumb"},"inLanguage":"de","potentialAction":[{"@type":"ReadAction","target":["https:\/\/www.koonings.com\/de\/product\/ladybird-nemu-lb125cc1-2\/"]}]},{"@type":"ImageObject","inLanguage":"de","@id":"https:\/\/www.koonings.com\/de\/product\/ladybird-nemu-lb125cc1-2\/#primaryimage","url":"https:\/\/www.koonings.com\/wp-content\/uploads\/2024\/11\/48945_126c5417130362d43daff479b8640bf64e1a41e65d1472e58f41dd0e067c6ee485e66aac-scaled.jpeg","contentUrl":"https:\/\/www.koonings.com\/wp-content\/uploads\/2024\/11\/48945_126c5417130362d43daff479b8640bf64e1a41e65d1472e58f41dd0e067c6ee485e66aac-scaled.jpeg","width":1813,"height":2560},{"@type":"BreadcrumbList","@id":"https:\/\/www.koonings.com\/de\/product\/ladybird-nemu-lb125cc1-2\/#breadcrumb","itemListElement":[{"@type":"ListItem","position":1,"name":"Home","item":"https:\/\/www.koonings.com\/de\/"},{"@type":"ListItem","position":2,"name":"Marienk\u00e4fer Nemu LB125CC1"}]},{"@type":"WebSite","@id":"https:\/\/www.koonings.com\/de\/#website","url":"https:\/\/www.koonings.com\/de\/","name":"Koonings","description":"De grootste bruidsmodewinkel ter wereld","publisher":{"@id":"https:\/\/www.koonings.com\/de\/#organization"},"potentialAction":[{"@type":"SearchAction","target":{"@type":"EntryPoint","urlTemplate":"https:\/\/www.koonings.com\/de\/?s={search_term_string}"},"query-input":{"@type":"PropertyValueSpecification","valueRequired":true,"valueName":"search_term_string"}}],"inLanguage":"de"},{"@type":"Organization","@id":"https:\/\/www.koonings.com\/de\/#organization","name":"Koonings","url":"https:\/\/www.koonings.com\/de\/","logo":{"@type":"ImageObject","inLanguage":"de","@id":"https:\/\/www.koonings.com\/de\/#\/schema\/logo\/image\/","url":"https:\/\/www.koonings.com\/wp-content\/uploads\/2024\/07\/logo.png","contentUrl":"https:\/\/www.koonings.com\/wp-content\/uploads\/2024\/07\/logo.png","width":600,"height":428,"caption":"Koonings"},"image":{"@id":"https:\/\/www.koonings.com\/de\/#\/schema\/logo\/image\/"},"sameAs":["https:\/\/www.facebook.com\/kooningstheweddingpalace","https:\/\/www.instagram.com\/kooningstheweddingpalace","https:\/\/www.pinterest.com\/koonings","https:\/\/www.youtube.com\/kooningstheweddingpalace"]}]}},"_links":{"self":[{"href":"https:\/\/www.koonings.com\/de\/wp-json\/wp\/v2\/product\/59741","targetHints":{"allow":["GET"]}}],"collection":[{"href":"https:\/\/www.koonings.com\/de\/wp-json\/wp\/v2\/product"}],"about":[{"href":"https:\/\/www.koonings.com\/de\/wp-json\/wp\/v2\/types\/product"}],"wp:featuredmedia":[{"embeddable":true,"href":"https:\/\/www.koonings.com\/de\/wp-json\/wp\/v2\/media\/53331"}],"wp:attachment":[{"href":"https:\/\/www.koonings.com\/de\/wp-json\/wp\/v2\/media?parent=59741"}],"wp:term":[{"taxonomy":"productdetails","embeddable":true,"href":"https:\/\/www.koonings.com\/de\/wp-json\/wp\/v2\/productdetails?post=59741"},{"taxonomy":"productneck","embeddable":true,"href":"https:\/\/www.koonings.com\/de\/wp-json\/wp\/v2\/productneck?post=59741"},{"taxonomy":"productcolor","embeddable":true,"href":"https:\/\/www.koonings.com\/de\/wp-json\/wp\/v2\/productcolor?post=59741"},{"taxonomy":"maat","embeddable":true,"href":"https:\/\/www.koonings.com\/de\/wp-json\/wp\/v2\/maat?post=59741"},{"taxonomy":"productsupplier","embeddable":true,"href":"https:\/\/www.koonings.com\/de\/wp-json\/wp\/v2\/productsupplier?post=59741"},{"taxonomy":"productsleeve","embeddable":true,"href":"https:\/\/www.koonings.com\/de\/wp-json\/wp\/v2\/productsleeve?post=59741"},{"taxonomy":"productcategory","embeddable":true,"href":"https:\/\/www.koonings.com\/de\/wp-json\/wp\/v2\/productcategory?post=59741"},{"taxonomy":"productsilhouette","embeddable":true,"href":"https:\/\/www.koonings.com\/de\/wp-json\/wp\/v2\/productsilhouette?post=59741"},{"taxonomy":"productstyle","embeddable":true,"href":"https:\/\/www.koonings.com\/de\/wp-json\/wp\/v2\/productstyle?post=59741"}],"curies":[{"name":"wp","href":"https:\/\/api.w.org\/{rel}","templated":true}]}}