{"id":59737,"date":"2024-11-18T15:48:19","date_gmt":"2024-11-18T14:48:19","guid":{"rendered":"https:\/\/www.koonings.com\/product\/elysee-faith-2\/"},"modified":"2026-02-03T19:02:54","modified_gmt":"2026-02-03T18:02:54","slug":"elysee-faith-2","status":"publish","type":"product","link":"https:\/\/www.koonings.com\/de\/product\/elysee-faith-2\/","title":{"rendered":"Elysee Glaube"},"content":{"rendered":"<p>Aufruf an alle Glitzerk\u00f6niginnen! Model Faith ist hier, um Ihren besonderen Tag zum Strahlen zu bringen. Dieses schimmernde A-Linien-Hochzeitskleid hat ein bezauberndes Mieder mit auff\u00e4lliger geometrischer Spitze, bestickter Spitze mit Organzabl\u00fcten und perlenbesetzten Blumenapplikationen sowie dazu passende elegante, abnehmbare lange \u00c4rmel. Die vertr\u00e4umte R\u00fcckseite des T\u00fcllkorsetts verleiht dem glamour\u00f6sen Glanz ein weiches, \u00e4therisches Element. Der Rock aus weichem T\u00fcll und Glitzert\u00fcll hat au\u00dferdem einen hohen Schlitz f\u00fcr einen ultra-romantischen, sexy Look.<\/p>\n","protected":false},"featured_media":53423,"template":"","meta":{"_acf_changed":false,"ghostkit_customizer_options":"","ghostkit_custom_css":"","ghostkit_custom_js_head":"","ghostkit_custom_js_foot":"","ghostkit_typography":""},"productdetails":[379,377,376,378,381],"productneck":[354,356],"productcolor":[393,392],"maat":[],"productsupplier":[427],"productsleeve":[],"productcategory":[18],"productsilhouette":[384,389],"productstyle":[366,370],"class_list":["post-59737","product","type-product","status-publish","has-post-thumbnail","hentry","productdetails-379","productdetails-377","productdetails-376","productdetails-378","productdetails-381","productneck-354","productneck-356","productcolor-393","productcolor-392","productsupplier-elysee","productcategory-trouwjurken","productsilhouette-384","productsilhouette-389","productstyle-366","productstyle-370"],"acf":[],"yoast_head":"<!-- This site is optimized with the Yoast SEO plugin v27.3 - https:\/\/yoast.com\/product\/yoast-seo-wordpress\/ -->\n<title>Elysee Glaube | Koonings<\/title>\n<meta name=\"description\" content=\"Aufruf an alle Glitzerk\u00f6niginnen! Model Faith ist hier, um Ihren besonderen Tag zum Strahlen zu bringen. Dieses schimmernde A-Linien-Hochzeitskleid hat ein bezauberndes Mieder mit auff\u00e4lliger geometrischer Spitze, bestickter Spitze mit Organzabl\u00fcten und perlenbesetzten Blumenapplikationen sowie dazu passende elegante, abnehmbare lange \u00c4rmel. Die vertr\u00e4umte R\u00fcckseite des T\u00fcllkorsetts verleiht dem glamour\u00f6sen Glanz ein weiches, \u00e4therisches Element. Der Rock aus weichem T\u00fcll und Glitzert\u00fcll hat au\u00dferdem einen hohen Schlitz f\u00fcr einen ultra-romantischen, sexy Look.\" \/>\n<meta name=\"robots\" content=\"index, follow, max-snippet:-1, max-image-preview:large, max-video-preview:-1\" \/>\n<link rel=\"canonical\" href=\"https:\/\/www.koonings.com\/de\/product\/elysee-faith-2\/\" \/>\n<meta property=\"og:locale\" content=\"de_DE\" \/>\n<meta property=\"og:type\" content=\"article\" \/>\n<meta property=\"og:title\" content=\"Elysee Glaube | Koonings\" \/>\n<meta property=\"og:description\" content=\"Aufruf an alle Glitzerk\u00f6niginnen! Model Faith ist hier, um Ihren besonderen Tag zum Strahlen zu bringen. Dieses schimmernde A-Linien-Hochzeitskleid hat ein bezauberndes Mieder mit auff\u00e4lliger geometrischer Spitze, bestickter Spitze mit Organzabl\u00fcten und perlenbesetzten Blumenapplikationen sowie dazu passende elegante, abnehmbare lange \u00c4rmel. Die vertr\u00e4umte R\u00fcckseite des T\u00fcllkorsetts verleiht dem glamour\u00f6sen Glanz ein weiches, \u00e4therisches Element. Der Rock aus weichem T\u00fcll und Glitzert\u00fcll hat au\u00dferdem einen hohen Schlitz f\u00fcr einen ultra-romantischen, sexy Look.\" \/>\n<meta property=\"og:url\" content=\"https:\/\/www.koonings.com\/de\/product\/elysee-faith-2\/\" \/>\n<meta property=\"og:site_name\" content=\"Koonings\" \/>\n<meta property=\"article:publisher\" content=\"https:\/\/www.facebook.com\/kooningstheweddingpalace\" \/>\n<meta property=\"article:modified_time\" content=\"2026-02-03T18:02:54+00:00\" \/>\n<meta property=\"og:image\" content=\"https:\/\/www.koonings.com\/wp-content\/uploads\/2024\/11\/48951_60bc5646aeeede7dd4b062a374fd36f3efc4705169a2011a23097174c3b008eb4092454a.jpeg\" \/>\n\t<meta property=\"og:image:width\" content=\"1035\" \/>\n\t<meta property=\"og:image:height\" content=\"1380\" \/>\n\t<meta property=\"og:image:type\" content=\"image\/jpeg\" \/>\n<meta name=\"twitter:card\" content=\"summary_large_image\" \/>\n<script type=\"application\/ld+json\" class=\"yoast-schema-graph\">{\"@context\":\"https:\\\/\\\/schema.org\",\"@graph\":[{\"@type\":\"WebPage\",\"@id\":\"https:\\\/\\\/www.koonings.com\\\/de\\\/product\\\/elysee-faith-2\\\/\",\"url\":\"https:\\\/\\\/www.koonings.com\\\/de\\\/product\\\/elysee-faith-2\\\/\",\"name\":\"Elysee Glaube | Koonings\",\"isPartOf\":{\"@id\":\"https:\\\/\\\/www.koonings.com\\\/de\\\/#website\"},\"primaryImageOfPage\":{\"@id\":\"https:\\\/\\\/www.koonings.com\\\/de\\\/product\\\/elysee-faith-2\\\/#primaryimage\"},\"image\":{\"@id\":\"https:\\\/\\\/www.koonings.com\\\/de\\\/product\\\/elysee-faith-2\\\/#primaryimage\"},\"thumbnailUrl\":\"https:\\\/\\\/www.koonings.com\\\/wp-content\\\/uploads\\\/2024\\\/11\\\/48951_60bc5646aeeede7dd4b062a374fd36f3efc4705169a2011a23097174c3b008eb4092454a.jpeg\",\"datePublished\":\"2024-11-18T14:48:19+00:00\",\"dateModified\":\"2026-02-03T18:02:54+00:00\",\"description\":\"Aufruf an alle Glitzerk\u00f6niginnen! Model Faith ist hier, um Ihren besonderen Tag zum Strahlen zu bringen. Dieses schimmernde A-Linien-Hochzeitskleid hat ein bezauberndes Mieder mit auff\u00e4lliger geometrischer Spitze, bestickter Spitze mit Organzabl\u00fcten und perlenbesetzten Blumenapplikationen sowie dazu passende elegante, abnehmbare lange \u00c4rmel. Die vertr\u00e4umte R\u00fcckseite des T\u00fcllkorsetts verleiht dem glamour\u00f6sen Glanz ein weiches, \u00e4therisches Element. Der Rock aus weichem T\u00fcll und Glitzert\u00fcll hat au\u00dferdem einen hohen Schlitz f\u00fcr einen ultra-romantischen, sexy Look.\",\"breadcrumb\":{\"@id\":\"https:\\\/\\\/www.koonings.com\\\/de\\\/product\\\/elysee-faith-2\\\/#breadcrumb\"},\"inLanguage\":\"de\",\"potentialAction\":[{\"@type\":\"ReadAction\",\"target\":[\"https:\\\/\\\/www.koonings.com\\\/de\\\/product\\\/elysee-faith-2\\\/\"]}]},{\"@type\":\"ImageObject\",\"inLanguage\":\"de\",\"@id\":\"https:\\\/\\\/www.koonings.com\\\/de\\\/product\\\/elysee-faith-2\\\/#primaryimage\",\"url\":\"https:\\\/\\\/www.koonings.com\\\/wp-content\\\/uploads\\\/2024\\\/11\\\/48951_60bc5646aeeede7dd4b062a374fd36f3efc4705169a2011a23097174c3b008eb4092454a.jpeg\",\"contentUrl\":\"https:\\\/\\\/www.koonings.com\\\/wp-content\\\/uploads\\\/2024\\\/11\\\/48951_60bc5646aeeede7dd4b062a374fd36f3efc4705169a2011a23097174c3b008eb4092454a.jpeg\",\"width\":1035,\"height\":1380},{\"@type\":\"BreadcrumbList\",\"@id\":\"https:\\\/\\\/www.koonings.com\\\/de\\\/product\\\/elysee-faith-2\\\/#breadcrumb\",\"itemListElement\":[{\"@type\":\"ListItem\",\"position\":1,\"name\":\"Home\",\"item\":\"https:\\\/\\\/www.koonings.com\\\/de\\\/\"},{\"@type\":\"ListItem\",\"position\":2,\"name\":\"Elysee Glaube\"}]},{\"@type\":\"WebSite\",\"@id\":\"https:\\\/\\\/www.koonings.com\\\/de\\\/#website\",\"url\":\"https:\\\/\\\/www.koonings.com\\\/de\\\/\",\"name\":\"Koonings\",\"description\":\"De grootste bruidsmodewinkel ter wereld\",\"publisher\":{\"@id\":\"https:\\\/\\\/www.koonings.com\\\/de\\\/#organization\"},\"potentialAction\":[{\"@type\":\"SearchAction\",\"target\":{\"@type\":\"EntryPoint\",\"urlTemplate\":\"https:\\\/\\\/www.koonings.com\\\/de\\\/?s={search_term_string}\"},\"query-input\":{\"@type\":\"PropertyValueSpecification\",\"valueRequired\":true,\"valueName\":\"search_term_string\"}}],\"inLanguage\":\"de\"},{\"@type\":\"Organization\",\"@id\":\"https:\\\/\\\/www.koonings.com\\\/de\\\/#organization\",\"name\":\"Koonings\",\"url\":\"https:\\\/\\\/www.koonings.com\\\/de\\\/\",\"logo\":{\"@type\":\"ImageObject\",\"inLanguage\":\"de\",\"@id\":\"https:\\\/\\\/www.koonings.com\\\/de\\\/#\\\/schema\\\/logo\\\/image\\\/\",\"url\":\"https:\\\/\\\/www.koonings.com\\\/wp-content\\\/uploads\\\/2024\\\/07\\\/logo.png\",\"contentUrl\":\"https:\\\/\\\/www.koonings.com\\\/wp-content\\\/uploads\\\/2024\\\/07\\\/logo.png\",\"width\":600,\"height\":428,\"caption\":\"Koonings\"},\"image\":{\"@id\":\"https:\\\/\\\/www.koonings.com\\\/de\\\/#\\\/schema\\\/logo\\\/image\\\/\"},\"sameAs\":[\"https:\\\/\\\/www.facebook.com\\\/kooningstheweddingpalace\",\"https:\\\/\\\/www.instagram.com\\\/kooningstheweddingpalace\",\"https:\\\/\\\/www.pinterest.com\\\/koonings\",\"https:\\\/\\\/www.youtube.com\\\/kooningstheweddingpalace\"]}]}<\/script>\n<!-- \/ Yoast SEO plugin. -->","yoast_head_json":{"title":"Elysee Glaube | Koonings","description":"Aufruf an alle Glitzerk\u00f6niginnen! Model Faith ist hier, um Ihren besonderen Tag zum Strahlen zu bringen. Dieses schimmernde A-Linien-Hochzeitskleid hat ein bezauberndes Mieder mit auff\u00e4lliger geometrischer Spitze, bestickter Spitze mit Organzabl\u00fcten und perlenbesetzten Blumenapplikationen sowie dazu passende elegante, abnehmbare lange \u00c4rmel. Die vertr\u00e4umte R\u00fcckseite des T\u00fcllkorsetts verleiht dem glamour\u00f6sen Glanz ein weiches, \u00e4therisches Element. Der Rock aus weichem T\u00fcll und Glitzert\u00fcll hat au\u00dferdem einen hohen Schlitz f\u00fcr einen ultra-romantischen, sexy Look.","robots":{"index":"index","follow":"follow","max-snippet":"max-snippet:-1","max-image-preview":"max-image-preview:large","max-video-preview":"max-video-preview:-1"},"canonical":"https:\/\/www.koonings.com\/de\/product\/elysee-faith-2\/","og_locale":"de_DE","og_type":"article","og_title":"Elysee Glaube | Koonings","og_description":"Aufruf an alle Glitzerk\u00f6niginnen! Model Faith ist hier, um Ihren besonderen Tag zum Strahlen zu bringen. Dieses schimmernde A-Linien-Hochzeitskleid hat ein bezauberndes Mieder mit auff\u00e4lliger geometrischer Spitze, bestickter Spitze mit Organzabl\u00fcten und perlenbesetzten Blumenapplikationen sowie dazu passende elegante, abnehmbare lange \u00c4rmel. Die vertr\u00e4umte R\u00fcckseite des T\u00fcllkorsetts verleiht dem glamour\u00f6sen Glanz ein weiches, \u00e4therisches Element. Der Rock aus weichem T\u00fcll und Glitzert\u00fcll hat au\u00dferdem einen hohen Schlitz f\u00fcr einen ultra-romantischen, sexy Look.","og_url":"https:\/\/www.koonings.com\/de\/product\/elysee-faith-2\/","og_site_name":"Koonings","article_publisher":"https:\/\/www.facebook.com\/kooningstheweddingpalace","article_modified_time":"2026-02-03T18:02:54+00:00","og_image":[{"width":1035,"height":1380,"url":"https:\/\/www.koonings.com\/wp-content\/uploads\/2024\/11\/48951_60bc5646aeeede7dd4b062a374fd36f3efc4705169a2011a23097174c3b008eb4092454a.jpeg","type":"image\/jpeg"}],"twitter_card":"summary_large_image","schema":{"@context":"https:\/\/schema.org","@graph":[{"@type":"WebPage","@id":"https:\/\/www.koonings.com\/de\/product\/elysee-faith-2\/","url":"https:\/\/www.koonings.com\/de\/product\/elysee-faith-2\/","name":"Elysee Glaube | Koonings","isPartOf":{"@id":"https:\/\/www.koonings.com\/de\/#website"},"primaryImageOfPage":{"@id":"https:\/\/www.koonings.com\/de\/product\/elysee-faith-2\/#primaryimage"},"image":{"@id":"https:\/\/www.koonings.com\/de\/product\/elysee-faith-2\/#primaryimage"},"thumbnailUrl":"https:\/\/www.koonings.com\/wp-content\/uploads\/2024\/11\/48951_60bc5646aeeede7dd4b062a374fd36f3efc4705169a2011a23097174c3b008eb4092454a.jpeg","datePublished":"2024-11-18T14:48:19+00:00","dateModified":"2026-02-03T18:02:54+00:00","description":"Aufruf an alle Glitzerk\u00f6niginnen! Model Faith ist hier, um Ihren besonderen Tag zum Strahlen zu bringen. Dieses schimmernde A-Linien-Hochzeitskleid hat ein bezauberndes Mieder mit auff\u00e4lliger geometrischer Spitze, bestickter Spitze mit Organzabl\u00fcten und perlenbesetzten Blumenapplikationen sowie dazu passende elegante, abnehmbare lange \u00c4rmel. Die vertr\u00e4umte R\u00fcckseite des T\u00fcllkorsetts verleiht dem glamour\u00f6sen Glanz ein weiches, \u00e4therisches Element. Der Rock aus weichem T\u00fcll und Glitzert\u00fcll hat au\u00dferdem einen hohen Schlitz f\u00fcr einen ultra-romantischen, sexy Look.","breadcrumb":{"@id":"https:\/\/www.koonings.com\/de\/product\/elysee-faith-2\/#breadcrumb"},"inLanguage":"de","potentialAction":[{"@type":"ReadAction","target":["https:\/\/www.koonings.com\/de\/product\/elysee-faith-2\/"]}]},{"@type":"ImageObject","inLanguage":"de","@id":"https:\/\/www.koonings.com\/de\/product\/elysee-faith-2\/#primaryimage","url":"https:\/\/www.koonings.com\/wp-content\/uploads\/2024\/11\/48951_60bc5646aeeede7dd4b062a374fd36f3efc4705169a2011a23097174c3b008eb4092454a.jpeg","contentUrl":"https:\/\/www.koonings.com\/wp-content\/uploads\/2024\/11\/48951_60bc5646aeeede7dd4b062a374fd36f3efc4705169a2011a23097174c3b008eb4092454a.jpeg","width":1035,"height":1380},{"@type":"BreadcrumbList","@id":"https:\/\/www.koonings.com\/de\/product\/elysee-faith-2\/#breadcrumb","itemListElement":[{"@type":"ListItem","position":1,"name":"Home","item":"https:\/\/www.koonings.com\/de\/"},{"@type":"ListItem","position":2,"name":"Elysee Glaube"}]},{"@type":"WebSite","@id":"https:\/\/www.koonings.com\/de\/#website","url":"https:\/\/www.koonings.com\/de\/","name":"Koonings","description":"De grootste bruidsmodewinkel ter wereld","publisher":{"@id":"https:\/\/www.koonings.com\/de\/#organization"},"potentialAction":[{"@type":"SearchAction","target":{"@type":"EntryPoint","urlTemplate":"https:\/\/www.koonings.com\/de\/?s={search_term_string}"},"query-input":{"@type":"PropertyValueSpecification","valueRequired":true,"valueName":"search_term_string"}}],"inLanguage":"de"},{"@type":"Organization","@id":"https:\/\/www.koonings.com\/de\/#organization","name":"Koonings","url":"https:\/\/www.koonings.com\/de\/","logo":{"@type":"ImageObject","inLanguage":"de","@id":"https:\/\/www.koonings.com\/de\/#\/schema\/logo\/image\/","url":"https:\/\/www.koonings.com\/wp-content\/uploads\/2024\/07\/logo.png","contentUrl":"https:\/\/www.koonings.com\/wp-content\/uploads\/2024\/07\/logo.png","width":600,"height":428,"caption":"Koonings"},"image":{"@id":"https:\/\/www.koonings.com\/de\/#\/schema\/logo\/image\/"},"sameAs":["https:\/\/www.facebook.com\/kooningstheweddingpalace","https:\/\/www.instagram.com\/kooningstheweddingpalace","https:\/\/www.pinterest.com\/koonings","https:\/\/www.youtube.com\/kooningstheweddingpalace"]}]}},"_links":{"self":[{"href":"https:\/\/www.koonings.com\/de\/wp-json\/wp\/v2\/product\/59737","targetHints":{"allow":["GET"]}}],"collection":[{"href":"https:\/\/www.koonings.com\/de\/wp-json\/wp\/v2\/product"}],"about":[{"href":"https:\/\/www.koonings.com\/de\/wp-json\/wp\/v2\/types\/product"}],"wp:featuredmedia":[{"embeddable":true,"href":"https:\/\/www.koonings.com\/de\/wp-json\/wp\/v2\/media\/53423"}],"wp:attachment":[{"href":"https:\/\/www.koonings.com\/de\/wp-json\/wp\/v2\/media?parent=59737"}],"wp:term":[{"taxonomy":"productdetails","embeddable":true,"href":"https:\/\/www.koonings.com\/de\/wp-json\/wp\/v2\/productdetails?post=59737"},{"taxonomy":"productneck","embeddable":true,"href":"https:\/\/www.koonings.com\/de\/wp-json\/wp\/v2\/productneck?post=59737"},{"taxonomy":"productcolor","embeddable":true,"href":"https:\/\/www.koonings.com\/de\/wp-json\/wp\/v2\/productcolor?post=59737"},{"taxonomy":"maat","embeddable":true,"href":"https:\/\/www.koonings.com\/de\/wp-json\/wp\/v2\/maat?post=59737"},{"taxonomy":"productsupplier","embeddable":true,"href":"https:\/\/www.koonings.com\/de\/wp-json\/wp\/v2\/productsupplier?post=59737"},{"taxonomy":"productsleeve","embeddable":true,"href":"https:\/\/www.koonings.com\/de\/wp-json\/wp\/v2\/productsleeve?post=59737"},{"taxonomy":"productcategory","embeddable":true,"href":"https:\/\/www.koonings.com\/de\/wp-json\/wp\/v2\/productcategory?post=59737"},{"taxonomy":"productsilhouette","embeddable":true,"href":"https:\/\/www.koonings.com\/de\/wp-json\/wp\/v2\/productsilhouette?post=59737"},{"taxonomy":"productstyle","embeddable":true,"href":"https:\/\/www.koonings.com\/de\/wp-json\/wp\/v2\/productstyle?post=59737"}],"curies":[{"name":"wp","href":"https:\/\/api.w.org\/{rel}","templated":true}]}}