{"id":59732,"date":"2024-11-18T15:48:19","date_gmt":"2024-11-18T14:48:19","guid":{"rendered":"https:\/\/www.koonings.com\/product\/le-papillon-by-modeca-elfre\/"},"modified":"2026-02-03T19:03:02","modified_gmt":"2026-02-03T18:03:02","slug":"le-papillon-by-modeca-elfre","status":"publish","type":"product","link":"https:\/\/www.koonings.com\/de\/product\/le-papillon-by-modeca-elfre\/","title":{"rendered":"Le Papillon von Modeca Elfre"},"content":{"rendered":"<p>Das Hochzeitskleid Elfre ist mit seiner taillierten Silhouette und dem weichen herzf\u00f6rmigen Ausschnitt ein echter Hingucker. Das Illusionsmieder, das mit aufwendig perlenbesetztem T\u00fcll und zarter 3D-Blumenspitze verziert ist, wird von einem schmalen, hochgeschlitzten Krepprock begleitet. Vervollst\u00e4ndigen Sie Ihren Brautlook mit zwei \u00c4rmelvarianten: W\u00e4hlen Sie lange \u00c4rmel mit perlenbesetztem T\u00fcll f\u00fcr einen Hauch von Glamour oder entscheiden Sie sich f\u00fcr schulterfreie Tr\u00e4ger f\u00fcr ein romantisches und \u00e4therisches Gef\u00fchl. Dieses Kleid ist auch ohne \u00c4rmel erh\u00e4ltlich &#8211; Elfre-D.<\/p>\n","protected":false},"featured_media":53444,"template":"","meta":{"_acf_changed":false,"ghostkit_customizer_options":"","ghostkit_custom_css":"","ghostkit_custom_js_head":"","ghostkit_custom_js_foot":"","ghostkit_typography":""},"productdetails":[378],"productneck":[354,355],"productcolor":[393,392],"maat":[],"productsupplier":[411],"productsleeve":[],"productcategory":[18],"productsilhouette":[389],"productstyle":[370,373],"class_list":["post-59732","product","type-product","status-publish","has-post-thumbnail","hentry","productdetails-378","productneck-354","productneck-355","productcolor-393","productcolor-392","productsupplier-le-papillon-by-modeca","productcategory-trouwjurken","productsilhouette-389","productstyle-370","productstyle-373"],"acf":[],"yoast_head":"<!-- This site is optimized with the Yoast SEO plugin v27.3 - https:\/\/yoast.com\/product\/yoast-seo-wordpress\/ -->\n<title>Le Papillon von Modeca Elfre | Koonings<\/title>\n<meta name=\"description\" content=\"Das Hochzeitskleid Elfre ist mit seiner taillierten Silhouette und dem weichen herzf\u00f6rmigen Ausschnitt ein echter Hingucker. Das Illusionsmieder, das mit aufwendig perlenbesetztem T\u00fcll und zarter 3D-Blumenspitze verziert ist, wird von einem schmalen, hochgeschlitzten Krepprock begleitet. Vervollst\u00e4ndigen Sie Ihren Brautlook mit zwei \u00c4rmelvarianten: W\u00e4hlen Sie lange \u00c4rmel mit perlenbesetztem T\u00fcll f\u00fcr einen Hauch von Glamour oder entscheiden Sie sich f\u00fcr schulterfreie Tr\u00e4ger f\u00fcr ein romantisches und \u00e4therisches Gef\u00fchl. Dieses Kleid ist auch ohne \u00c4rmel erh\u00e4ltlich - Elfre-D.\" \/>\n<meta name=\"robots\" content=\"index, follow, max-snippet:-1, max-image-preview:large, max-video-preview:-1\" \/>\n<link rel=\"canonical\" href=\"https:\/\/www.koonings.com\/de\/product\/le-papillon-by-modeca-elfre\/\" \/>\n<meta property=\"og:locale\" content=\"de_DE\" \/>\n<meta property=\"og:type\" content=\"article\" \/>\n<meta property=\"og:title\" content=\"Le Papillon von Modeca Elfre | Koonings\" \/>\n<meta property=\"og:description\" content=\"Das Hochzeitskleid Elfre ist mit seiner taillierten Silhouette und dem weichen herzf\u00f6rmigen Ausschnitt ein echter Hingucker. Das Illusionsmieder, das mit aufwendig perlenbesetztem T\u00fcll und zarter 3D-Blumenspitze verziert ist, wird von einem schmalen, hochgeschlitzten Krepprock begleitet. Vervollst\u00e4ndigen Sie Ihren Brautlook mit zwei \u00c4rmelvarianten: W\u00e4hlen Sie lange \u00c4rmel mit perlenbesetztem T\u00fcll f\u00fcr einen Hauch von Glamour oder entscheiden Sie sich f\u00fcr schulterfreie Tr\u00e4ger f\u00fcr ein romantisches und \u00e4therisches Gef\u00fchl. Dieses Kleid ist auch ohne \u00c4rmel erh\u00e4ltlich - Elfre-D.\" \/>\n<meta property=\"og:url\" content=\"https:\/\/www.koonings.com\/de\/product\/le-papillon-by-modeca-elfre\/\" \/>\n<meta property=\"og:site_name\" content=\"Koonings\" \/>\n<meta property=\"article:publisher\" content=\"https:\/\/www.facebook.com\/kooningstheweddingpalace\" \/>\n<meta property=\"article:modified_time\" content=\"2026-02-03T18:03:02+00:00\" \/>\n<meta property=\"og:image\" content=\"https:\/\/www.koonings.com\/wp-content\/uploads\/2024\/11\/48952_8bd97b4668619d9d734cb3f374b14b7b61278e172a1647987393e55aa6dc199d7f4d3a5b.jpeg\" \/>\n\t<meta property=\"og:image:width\" content=\"834\" \/>\n\t<meta property=\"og:image:height\" content=\"1177\" \/>\n\t<meta property=\"og:image:type\" content=\"image\/jpeg\" \/>\n<meta name=\"twitter:card\" content=\"summary_large_image\" \/>\n<script type=\"application\/ld+json\" class=\"yoast-schema-graph\">{\"@context\":\"https:\\\/\\\/schema.org\",\"@graph\":[{\"@type\":\"WebPage\",\"@id\":\"https:\\\/\\\/www.koonings.com\\\/de\\\/product\\\/le-papillon-by-modeca-elfre\\\/\",\"url\":\"https:\\\/\\\/www.koonings.com\\\/de\\\/product\\\/le-papillon-by-modeca-elfre\\\/\",\"name\":\"Le Papillon von Modeca Elfre | Koonings\",\"isPartOf\":{\"@id\":\"https:\\\/\\\/www.koonings.com\\\/de\\\/#website\"},\"primaryImageOfPage\":{\"@id\":\"https:\\\/\\\/www.koonings.com\\\/de\\\/product\\\/le-papillon-by-modeca-elfre\\\/#primaryimage\"},\"image\":{\"@id\":\"https:\\\/\\\/www.koonings.com\\\/de\\\/product\\\/le-papillon-by-modeca-elfre\\\/#primaryimage\"},\"thumbnailUrl\":\"https:\\\/\\\/www.koonings.com\\\/wp-content\\\/uploads\\\/2024\\\/11\\\/48952_8bd97b4668619d9d734cb3f374b14b7b61278e172a1647987393e55aa6dc199d7f4d3a5b.jpeg\",\"datePublished\":\"2024-11-18T14:48:19+00:00\",\"dateModified\":\"2026-02-03T18:03:02+00:00\",\"description\":\"Das Hochzeitskleid Elfre ist mit seiner taillierten Silhouette und dem weichen herzf\u00f6rmigen Ausschnitt ein echter Hingucker. Das Illusionsmieder, das mit aufwendig perlenbesetztem T\u00fcll und zarter 3D-Blumenspitze verziert ist, wird von einem schmalen, hochgeschlitzten Krepprock begleitet. Vervollst\u00e4ndigen Sie Ihren Brautlook mit zwei \u00c4rmelvarianten: W\u00e4hlen Sie lange \u00c4rmel mit perlenbesetztem T\u00fcll f\u00fcr einen Hauch von Glamour oder entscheiden Sie sich f\u00fcr schulterfreie Tr\u00e4ger f\u00fcr ein romantisches und \u00e4therisches Gef\u00fchl. Dieses Kleid ist auch ohne \u00c4rmel erh\u00e4ltlich - Elfre-D.\",\"breadcrumb\":{\"@id\":\"https:\\\/\\\/www.koonings.com\\\/de\\\/product\\\/le-papillon-by-modeca-elfre\\\/#breadcrumb\"},\"inLanguage\":\"de\",\"potentialAction\":[{\"@type\":\"ReadAction\",\"target\":[\"https:\\\/\\\/www.koonings.com\\\/de\\\/product\\\/le-papillon-by-modeca-elfre\\\/\"]}]},{\"@type\":\"ImageObject\",\"inLanguage\":\"de\",\"@id\":\"https:\\\/\\\/www.koonings.com\\\/de\\\/product\\\/le-papillon-by-modeca-elfre\\\/#primaryimage\",\"url\":\"https:\\\/\\\/www.koonings.com\\\/wp-content\\\/uploads\\\/2024\\\/11\\\/48952_8bd97b4668619d9d734cb3f374b14b7b61278e172a1647987393e55aa6dc199d7f4d3a5b.jpeg\",\"contentUrl\":\"https:\\\/\\\/www.koonings.com\\\/wp-content\\\/uploads\\\/2024\\\/11\\\/48952_8bd97b4668619d9d734cb3f374b14b7b61278e172a1647987393e55aa6dc199d7f4d3a5b.jpeg\",\"width\":834,\"height\":1177},{\"@type\":\"BreadcrumbList\",\"@id\":\"https:\\\/\\\/www.koonings.com\\\/de\\\/product\\\/le-papillon-by-modeca-elfre\\\/#breadcrumb\",\"itemListElement\":[{\"@type\":\"ListItem\",\"position\":1,\"name\":\"Home\",\"item\":\"https:\\\/\\\/www.koonings.com\\\/de\\\/\"},{\"@type\":\"ListItem\",\"position\":2,\"name\":\"Le Papillon von Modeca Elfre\"}]},{\"@type\":\"WebSite\",\"@id\":\"https:\\\/\\\/www.koonings.com\\\/de\\\/#website\",\"url\":\"https:\\\/\\\/www.koonings.com\\\/de\\\/\",\"name\":\"Koonings\",\"description\":\"De grootste bruidsmodewinkel ter wereld\",\"publisher\":{\"@id\":\"https:\\\/\\\/www.koonings.com\\\/de\\\/#organization\"},\"potentialAction\":[{\"@type\":\"SearchAction\",\"target\":{\"@type\":\"EntryPoint\",\"urlTemplate\":\"https:\\\/\\\/www.koonings.com\\\/de\\\/?s={search_term_string}\"},\"query-input\":{\"@type\":\"PropertyValueSpecification\",\"valueRequired\":true,\"valueName\":\"search_term_string\"}}],\"inLanguage\":\"de\"},{\"@type\":\"Organization\",\"@id\":\"https:\\\/\\\/www.koonings.com\\\/de\\\/#organization\",\"name\":\"Koonings\",\"url\":\"https:\\\/\\\/www.koonings.com\\\/de\\\/\",\"logo\":{\"@type\":\"ImageObject\",\"inLanguage\":\"de\",\"@id\":\"https:\\\/\\\/www.koonings.com\\\/de\\\/#\\\/schema\\\/logo\\\/image\\\/\",\"url\":\"https:\\\/\\\/www.koonings.com\\\/wp-content\\\/uploads\\\/2024\\\/07\\\/logo.png\",\"contentUrl\":\"https:\\\/\\\/www.koonings.com\\\/wp-content\\\/uploads\\\/2024\\\/07\\\/logo.png\",\"width\":600,\"height\":428,\"caption\":\"Koonings\"},\"image\":{\"@id\":\"https:\\\/\\\/www.koonings.com\\\/de\\\/#\\\/schema\\\/logo\\\/image\\\/\"},\"sameAs\":[\"https:\\\/\\\/www.facebook.com\\\/kooningstheweddingpalace\",\"https:\\\/\\\/www.instagram.com\\\/kooningstheweddingpalace\",\"https:\\\/\\\/www.pinterest.com\\\/koonings\",\"https:\\\/\\\/www.youtube.com\\\/kooningstheweddingpalace\"]}]}<\/script>\n<!-- \/ Yoast SEO plugin. -->","yoast_head_json":{"title":"Le Papillon von Modeca Elfre | Koonings","description":"Das Hochzeitskleid Elfre ist mit seiner taillierten Silhouette und dem weichen herzf\u00f6rmigen Ausschnitt ein echter Hingucker. Das Illusionsmieder, das mit aufwendig perlenbesetztem T\u00fcll und zarter 3D-Blumenspitze verziert ist, wird von einem schmalen, hochgeschlitzten Krepprock begleitet. Vervollst\u00e4ndigen Sie Ihren Brautlook mit zwei \u00c4rmelvarianten: W\u00e4hlen Sie lange \u00c4rmel mit perlenbesetztem T\u00fcll f\u00fcr einen Hauch von Glamour oder entscheiden Sie sich f\u00fcr schulterfreie Tr\u00e4ger f\u00fcr ein romantisches und \u00e4therisches Gef\u00fchl. Dieses Kleid ist auch ohne \u00c4rmel erh\u00e4ltlich - Elfre-D.","robots":{"index":"index","follow":"follow","max-snippet":"max-snippet:-1","max-image-preview":"max-image-preview:large","max-video-preview":"max-video-preview:-1"},"canonical":"https:\/\/www.koonings.com\/de\/product\/le-papillon-by-modeca-elfre\/","og_locale":"de_DE","og_type":"article","og_title":"Le Papillon von Modeca Elfre | Koonings","og_description":"Das Hochzeitskleid Elfre ist mit seiner taillierten Silhouette und dem weichen herzf\u00f6rmigen Ausschnitt ein echter Hingucker. Das Illusionsmieder, das mit aufwendig perlenbesetztem T\u00fcll und zarter 3D-Blumenspitze verziert ist, wird von einem schmalen, hochgeschlitzten Krepprock begleitet. Vervollst\u00e4ndigen Sie Ihren Brautlook mit zwei \u00c4rmelvarianten: W\u00e4hlen Sie lange \u00c4rmel mit perlenbesetztem T\u00fcll f\u00fcr einen Hauch von Glamour oder entscheiden Sie sich f\u00fcr schulterfreie Tr\u00e4ger f\u00fcr ein romantisches und \u00e4therisches Gef\u00fchl. Dieses Kleid ist auch ohne \u00c4rmel erh\u00e4ltlich - Elfre-D.","og_url":"https:\/\/www.koonings.com\/de\/product\/le-papillon-by-modeca-elfre\/","og_site_name":"Koonings","article_publisher":"https:\/\/www.facebook.com\/kooningstheweddingpalace","article_modified_time":"2026-02-03T18:03:02+00:00","og_image":[{"width":834,"height":1177,"url":"https:\/\/www.koonings.com\/wp-content\/uploads\/2024\/11\/48952_8bd97b4668619d9d734cb3f374b14b7b61278e172a1647987393e55aa6dc199d7f4d3a5b.jpeg","type":"image\/jpeg"}],"twitter_card":"summary_large_image","schema":{"@context":"https:\/\/schema.org","@graph":[{"@type":"WebPage","@id":"https:\/\/www.koonings.com\/de\/product\/le-papillon-by-modeca-elfre\/","url":"https:\/\/www.koonings.com\/de\/product\/le-papillon-by-modeca-elfre\/","name":"Le Papillon von Modeca Elfre | Koonings","isPartOf":{"@id":"https:\/\/www.koonings.com\/de\/#website"},"primaryImageOfPage":{"@id":"https:\/\/www.koonings.com\/de\/product\/le-papillon-by-modeca-elfre\/#primaryimage"},"image":{"@id":"https:\/\/www.koonings.com\/de\/product\/le-papillon-by-modeca-elfre\/#primaryimage"},"thumbnailUrl":"https:\/\/www.koonings.com\/wp-content\/uploads\/2024\/11\/48952_8bd97b4668619d9d734cb3f374b14b7b61278e172a1647987393e55aa6dc199d7f4d3a5b.jpeg","datePublished":"2024-11-18T14:48:19+00:00","dateModified":"2026-02-03T18:03:02+00:00","description":"Das Hochzeitskleid Elfre ist mit seiner taillierten Silhouette und dem weichen herzf\u00f6rmigen Ausschnitt ein echter Hingucker. Das Illusionsmieder, das mit aufwendig perlenbesetztem T\u00fcll und zarter 3D-Blumenspitze verziert ist, wird von einem schmalen, hochgeschlitzten Krepprock begleitet. Vervollst\u00e4ndigen Sie Ihren Brautlook mit zwei \u00c4rmelvarianten: W\u00e4hlen Sie lange \u00c4rmel mit perlenbesetztem T\u00fcll f\u00fcr einen Hauch von Glamour oder entscheiden Sie sich f\u00fcr schulterfreie Tr\u00e4ger f\u00fcr ein romantisches und \u00e4therisches Gef\u00fchl. Dieses Kleid ist auch ohne \u00c4rmel erh\u00e4ltlich - Elfre-D.","breadcrumb":{"@id":"https:\/\/www.koonings.com\/de\/product\/le-papillon-by-modeca-elfre\/#breadcrumb"},"inLanguage":"de","potentialAction":[{"@type":"ReadAction","target":["https:\/\/www.koonings.com\/de\/product\/le-papillon-by-modeca-elfre\/"]}]},{"@type":"ImageObject","inLanguage":"de","@id":"https:\/\/www.koonings.com\/de\/product\/le-papillon-by-modeca-elfre\/#primaryimage","url":"https:\/\/www.koonings.com\/wp-content\/uploads\/2024\/11\/48952_8bd97b4668619d9d734cb3f374b14b7b61278e172a1647987393e55aa6dc199d7f4d3a5b.jpeg","contentUrl":"https:\/\/www.koonings.com\/wp-content\/uploads\/2024\/11\/48952_8bd97b4668619d9d734cb3f374b14b7b61278e172a1647987393e55aa6dc199d7f4d3a5b.jpeg","width":834,"height":1177},{"@type":"BreadcrumbList","@id":"https:\/\/www.koonings.com\/de\/product\/le-papillon-by-modeca-elfre\/#breadcrumb","itemListElement":[{"@type":"ListItem","position":1,"name":"Home","item":"https:\/\/www.koonings.com\/de\/"},{"@type":"ListItem","position":2,"name":"Le Papillon von Modeca Elfre"}]},{"@type":"WebSite","@id":"https:\/\/www.koonings.com\/de\/#website","url":"https:\/\/www.koonings.com\/de\/","name":"Koonings","description":"De grootste bruidsmodewinkel ter wereld","publisher":{"@id":"https:\/\/www.koonings.com\/de\/#organization"},"potentialAction":[{"@type":"SearchAction","target":{"@type":"EntryPoint","urlTemplate":"https:\/\/www.koonings.com\/de\/?s={search_term_string}"},"query-input":{"@type":"PropertyValueSpecification","valueRequired":true,"valueName":"search_term_string"}}],"inLanguage":"de"},{"@type":"Organization","@id":"https:\/\/www.koonings.com\/de\/#organization","name":"Koonings","url":"https:\/\/www.koonings.com\/de\/","logo":{"@type":"ImageObject","inLanguage":"de","@id":"https:\/\/www.koonings.com\/de\/#\/schema\/logo\/image\/","url":"https:\/\/www.koonings.com\/wp-content\/uploads\/2024\/07\/logo.png","contentUrl":"https:\/\/www.koonings.com\/wp-content\/uploads\/2024\/07\/logo.png","width":600,"height":428,"caption":"Koonings"},"image":{"@id":"https:\/\/www.koonings.com\/de\/#\/schema\/logo\/image\/"},"sameAs":["https:\/\/www.facebook.com\/kooningstheweddingpalace","https:\/\/www.instagram.com\/kooningstheweddingpalace","https:\/\/www.pinterest.com\/koonings","https:\/\/www.youtube.com\/kooningstheweddingpalace"]}]}},"_links":{"self":[{"href":"https:\/\/www.koonings.com\/de\/wp-json\/wp\/v2\/product\/59732","targetHints":{"allow":["GET"]}}],"collection":[{"href":"https:\/\/www.koonings.com\/de\/wp-json\/wp\/v2\/product"}],"about":[{"href":"https:\/\/www.koonings.com\/de\/wp-json\/wp\/v2\/types\/product"}],"wp:featuredmedia":[{"embeddable":true,"href":"https:\/\/www.koonings.com\/de\/wp-json\/wp\/v2\/media\/53444"}],"wp:attachment":[{"href":"https:\/\/www.koonings.com\/de\/wp-json\/wp\/v2\/media?parent=59732"}],"wp:term":[{"taxonomy":"productdetails","embeddable":true,"href":"https:\/\/www.koonings.com\/de\/wp-json\/wp\/v2\/productdetails?post=59732"},{"taxonomy":"productneck","embeddable":true,"href":"https:\/\/www.koonings.com\/de\/wp-json\/wp\/v2\/productneck?post=59732"},{"taxonomy":"productcolor","embeddable":true,"href":"https:\/\/www.koonings.com\/de\/wp-json\/wp\/v2\/productcolor?post=59732"},{"taxonomy":"maat","embeddable":true,"href":"https:\/\/www.koonings.com\/de\/wp-json\/wp\/v2\/maat?post=59732"},{"taxonomy":"productsupplier","embeddable":true,"href":"https:\/\/www.koonings.com\/de\/wp-json\/wp\/v2\/productsupplier?post=59732"},{"taxonomy":"productsleeve","embeddable":true,"href":"https:\/\/www.koonings.com\/de\/wp-json\/wp\/v2\/productsleeve?post=59732"},{"taxonomy":"productcategory","embeddable":true,"href":"https:\/\/www.koonings.com\/de\/wp-json\/wp\/v2\/productcategory?post=59732"},{"taxonomy":"productsilhouette","embeddable":true,"href":"https:\/\/www.koonings.com\/de\/wp-json\/wp\/v2\/productsilhouette?post=59732"},{"taxonomy":"productstyle","embeddable":true,"href":"https:\/\/www.koonings.com\/de\/wp-json\/wp\/v2\/productstyle?post=59732"}],"curies":[{"name":"wp","href":"https:\/\/api.w.org\/{rel}","templated":true}]}}