{"id":59710,"date":"2026-05-06T15:28:21","date_gmt":"2026-05-06T13:28:21","guid":{"rendered":"https:\/\/www.koonings.com\/product\/enzoani-blue-collection-seng-l\/"},"modified":"2025-06-05T13:17:23","modified_gmt":"2025-06-05T11:17:23","slug":"enzoani-blue-collection-seng-l","status":"publish","type":"product","link":"https:\/\/www.koonings.com\/de\/product\/enzoani-blue-collection-seng-l\/","title":{"rendered":"Enzoani Blue collection Seng-L"},"content":{"rendered":"<p>Bereiten Sie sich darauf vor, in dem Seng Kleid zu verzaubern, das mit floralen 3D-Applikationen aus Mikado und perlenbesetztem Organza verziert ist und ein dimensionales Meisterwerk darstellt, das Opulenz und Raffinesse ausstrahlt. Der tiefe V-Ausschnitt betont verf\u00fchrerisch das Dekollet\u00e9, w\u00e4hrend der offene R\u00fccken einen Hauch von Drama und Romantik verleiht. Der Rock aus luxuri\u00f6sem Cr\u00eape f\u00e4llt elegant und bietet eine schlanke Silhouette, die die verschlungenen geometrischen Spitzendetails mit Perlen dar\u00fcber erg\u00e4nzt und dieses Kleid zu einem echten Hingucker f\u00fcr die moderne Braut macht.  <\/p>\n","protected":false},"featured_media":54286,"template":"","meta":{"_acf_changed":false,"ghostkit_customizer_options":"","ghostkit_custom_css":"","ghostkit_custom_js_head":"","ghostkit_custom_js_foot":"","ghostkit_typography":""},"productdetails":[376,383],"productneck":[356],"productcolor":[393,392],"maat":[],"productsupplier":[405],"productsleeve":[359],"productcategory":[18],"productsilhouette":[384],"productstyle":[371],"class_list":["post-59710","product","type-product","status-publish","has-post-thumbnail","hentry","productdetails-376","productdetails-383","productneck-356","productcolor-393","productcolor-392","productsupplier-enzoani-blue-collection","productsleeve-359","productcategory-trouwjurken","productsilhouette-384","productstyle-371"],"acf":[],"yoast_head":"<!-- This site is optimized with the Yoast SEO plugin v27.3 - https:\/\/yoast.com\/product\/yoast-seo-wordpress\/ -->\n<title>Enzoani Blue collection Seng-L | Koonings<\/title>\n<meta name=\"description\" content=\"Bereiten Sie sich darauf vor, in dem Seng Kleid zu verzaubern, das mit floralen 3D-Applikationen aus Mikado und perlenbesetztem Organza verziert ist und ein dimensionales Meisterwerk darstellt, das Opulenz und Raffinesse ausstrahlt. Der tiefe V-Ausschnitt betont verf\u00fchrerisch das Dekollet\u00e9, w\u00e4hrend der offene R\u00fccken einen Hauch von Drama und Romantik verleiht. Der Rock aus luxuri\u00f6sem Cr\u00eape f\u00e4llt elegant und bietet eine schlanke Silhouette, die die verschlungenen geometrischen Spitzendetails mit Perlen dar\u00fcber erg\u00e4nzt und dieses Kleid zu einem echten Hingucker f\u00fcr die moderne Braut macht.\" \/>\n<meta name=\"robots\" content=\"index, follow, max-snippet:-1, max-image-preview:large, max-video-preview:-1\" \/>\n<link rel=\"canonical\" href=\"https:\/\/www.koonings.com\/de\/product\/enzoani-blue-collection-seng-l\/\" \/>\n<meta property=\"og:locale\" content=\"de_DE\" \/>\n<meta property=\"og:type\" content=\"article\" \/>\n<meta property=\"og:title\" content=\"Enzoani Blue collection Seng-L | Koonings\" \/>\n<meta property=\"og:description\" content=\"Bereiten Sie sich darauf vor, in dem Seng Kleid zu verzaubern, das mit floralen 3D-Applikationen aus Mikado und perlenbesetztem Organza verziert ist und ein dimensionales Meisterwerk darstellt, das Opulenz und Raffinesse ausstrahlt. Der tiefe V-Ausschnitt betont verf\u00fchrerisch das Dekollet\u00e9, w\u00e4hrend der offene R\u00fccken einen Hauch von Drama und Romantik verleiht. Der Rock aus luxuri\u00f6sem Cr\u00eape f\u00e4llt elegant und bietet eine schlanke Silhouette, die die verschlungenen geometrischen Spitzendetails mit Perlen dar\u00fcber erg\u00e4nzt und dieses Kleid zu einem echten Hingucker f\u00fcr die moderne Braut macht.\" \/>\n<meta property=\"og:url\" content=\"https:\/\/www.koonings.com\/de\/product\/enzoani-blue-collection-seng-l\/\" \/>\n<meta property=\"og:site_name\" content=\"Koonings\" \/>\n<meta property=\"article:publisher\" content=\"https:\/\/www.facebook.com\/kooningstheweddingpalace\" \/>\n<meta property=\"og:image\" content=\"https:\/\/www.koonings.com\/wp-content\/uploads\/2024\/11\/49030_21f2d9745d7fc16854bf235fd45809c534f1e0020be80b40bcdaa5fa5b7cae13a1c7d312.jpeg\" \/>\n\t<meta property=\"og:image:width\" content=\"959\" \/>\n\t<meta property=\"og:image:height\" content=\"1358\" \/>\n\t<meta property=\"og:image:type\" content=\"image\/jpeg\" \/>\n<meta name=\"twitter:card\" content=\"summary_large_image\" \/>\n<script type=\"application\/ld+json\" class=\"yoast-schema-graph\">{\"@context\":\"https:\\\/\\\/schema.org\",\"@graph\":[{\"@type\":\"WebPage\",\"@id\":\"https:\\\/\\\/www.koonings.com\\\/de\\\/product\\\/enzoani-blue-collection-seng-l\\\/\",\"url\":\"https:\\\/\\\/www.koonings.com\\\/de\\\/product\\\/enzoani-blue-collection-seng-l\\\/\",\"name\":\"Enzoani Blue collection Seng-L | Koonings\",\"isPartOf\":{\"@id\":\"https:\\\/\\\/www.koonings.com\\\/de\\\/#website\"},\"primaryImageOfPage\":{\"@id\":\"https:\\\/\\\/www.koonings.com\\\/de\\\/product\\\/enzoani-blue-collection-seng-l\\\/#primaryimage\"},\"image\":{\"@id\":\"https:\\\/\\\/www.koonings.com\\\/de\\\/product\\\/enzoani-blue-collection-seng-l\\\/#primaryimage\"},\"thumbnailUrl\":\"https:\\\/\\\/www.koonings.com\\\/wp-content\\\/uploads\\\/2024\\\/11\\\/49030_21f2d9745d7fc16854bf235fd45809c534f1e0020be80b40bcdaa5fa5b7cae13a1c7d312.jpeg\",\"datePublished\":\"2026-05-06T13:28:21+00:00\",\"description\":\"Bereiten Sie sich darauf vor, in dem Seng Kleid zu verzaubern, das mit floralen 3D-Applikationen aus Mikado und perlenbesetztem Organza verziert ist und ein dimensionales Meisterwerk darstellt, das Opulenz und Raffinesse ausstrahlt. Der tiefe V-Ausschnitt betont verf\u00fchrerisch das Dekollet\u00e9, w\u00e4hrend der offene R\u00fccken einen Hauch von Drama und Romantik verleiht. Der Rock aus luxuri\u00f6sem Cr\u00eape f\u00e4llt elegant und bietet eine schlanke Silhouette, die die verschlungenen geometrischen Spitzendetails mit Perlen dar\u00fcber erg\u00e4nzt und dieses Kleid zu einem echten Hingucker f\u00fcr die moderne Braut macht.\",\"breadcrumb\":{\"@id\":\"https:\\\/\\\/www.koonings.com\\\/de\\\/product\\\/enzoani-blue-collection-seng-l\\\/#breadcrumb\"},\"inLanguage\":\"de\",\"potentialAction\":[{\"@type\":\"ReadAction\",\"target\":[\"https:\\\/\\\/www.koonings.com\\\/de\\\/product\\\/enzoani-blue-collection-seng-l\\\/\"]}]},{\"@type\":\"ImageObject\",\"inLanguage\":\"de\",\"@id\":\"https:\\\/\\\/www.koonings.com\\\/de\\\/product\\\/enzoani-blue-collection-seng-l\\\/#primaryimage\",\"url\":\"https:\\\/\\\/www.koonings.com\\\/wp-content\\\/uploads\\\/2024\\\/11\\\/49030_21f2d9745d7fc16854bf235fd45809c534f1e0020be80b40bcdaa5fa5b7cae13a1c7d312.jpeg\",\"contentUrl\":\"https:\\\/\\\/www.koonings.com\\\/wp-content\\\/uploads\\\/2024\\\/11\\\/49030_21f2d9745d7fc16854bf235fd45809c534f1e0020be80b40bcdaa5fa5b7cae13a1c7d312.jpeg\",\"width\":959,\"height\":1358},{\"@type\":\"BreadcrumbList\",\"@id\":\"https:\\\/\\\/www.koonings.com\\\/de\\\/product\\\/enzoani-blue-collection-seng-l\\\/#breadcrumb\",\"itemListElement\":[{\"@type\":\"ListItem\",\"position\":1,\"name\":\"Home\",\"item\":\"https:\\\/\\\/www.koonings.com\\\/de\\\/\"},{\"@type\":\"ListItem\",\"position\":2,\"name\":\"Enzoani Blue collection Seng-L\"}]},{\"@type\":\"WebSite\",\"@id\":\"https:\\\/\\\/www.koonings.com\\\/de\\\/#website\",\"url\":\"https:\\\/\\\/www.koonings.com\\\/de\\\/\",\"name\":\"Koonings\",\"description\":\"De grootste bruidsmodewinkel ter wereld\",\"publisher\":{\"@id\":\"https:\\\/\\\/www.koonings.com\\\/de\\\/#organization\"},\"potentialAction\":[{\"@type\":\"SearchAction\",\"target\":{\"@type\":\"EntryPoint\",\"urlTemplate\":\"https:\\\/\\\/www.koonings.com\\\/de\\\/?s={search_term_string}\"},\"query-input\":{\"@type\":\"PropertyValueSpecification\",\"valueRequired\":true,\"valueName\":\"search_term_string\"}}],\"inLanguage\":\"de\"},{\"@type\":\"Organization\",\"@id\":\"https:\\\/\\\/www.koonings.com\\\/de\\\/#organization\",\"name\":\"Koonings\",\"url\":\"https:\\\/\\\/www.koonings.com\\\/de\\\/\",\"logo\":{\"@type\":\"ImageObject\",\"inLanguage\":\"de\",\"@id\":\"https:\\\/\\\/www.koonings.com\\\/de\\\/#\\\/schema\\\/logo\\\/image\\\/\",\"url\":\"https:\\\/\\\/www.koonings.com\\\/wp-content\\\/uploads\\\/2024\\\/07\\\/logo.png\",\"contentUrl\":\"https:\\\/\\\/www.koonings.com\\\/wp-content\\\/uploads\\\/2024\\\/07\\\/logo.png\",\"width\":600,\"height\":428,\"caption\":\"Koonings\"},\"image\":{\"@id\":\"https:\\\/\\\/www.koonings.com\\\/de\\\/#\\\/schema\\\/logo\\\/image\\\/\"},\"sameAs\":[\"https:\\\/\\\/www.facebook.com\\\/kooningstheweddingpalace\",\"https:\\\/\\\/www.instagram.com\\\/kooningstheweddingpalace\",\"https:\\\/\\\/www.pinterest.com\\\/koonings\",\"https:\\\/\\\/www.youtube.com\\\/kooningstheweddingpalace\"]}]}<\/script>\n<!-- \/ Yoast SEO plugin. -->","yoast_head_json":{"title":"Enzoani Blue collection Seng-L | Koonings","description":"Bereiten Sie sich darauf vor, in dem Seng Kleid zu verzaubern, das mit floralen 3D-Applikationen aus Mikado und perlenbesetztem Organza verziert ist und ein dimensionales Meisterwerk darstellt, das Opulenz und Raffinesse ausstrahlt. Der tiefe V-Ausschnitt betont verf\u00fchrerisch das Dekollet\u00e9, w\u00e4hrend der offene R\u00fccken einen Hauch von Drama und Romantik verleiht. Der Rock aus luxuri\u00f6sem Cr\u00eape f\u00e4llt elegant und bietet eine schlanke Silhouette, die die verschlungenen geometrischen Spitzendetails mit Perlen dar\u00fcber erg\u00e4nzt und dieses Kleid zu einem echten Hingucker f\u00fcr die moderne Braut macht.","robots":{"index":"index","follow":"follow","max-snippet":"max-snippet:-1","max-image-preview":"max-image-preview:large","max-video-preview":"max-video-preview:-1"},"canonical":"https:\/\/www.koonings.com\/de\/product\/enzoani-blue-collection-seng-l\/","og_locale":"de_DE","og_type":"article","og_title":"Enzoani Blue collection Seng-L | Koonings","og_description":"Bereiten Sie sich darauf vor, in dem Seng Kleid zu verzaubern, das mit floralen 3D-Applikationen aus Mikado und perlenbesetztem Organza verziert ist und ein dimensionales Meisterwerk darstellt, das Opulenz und Raffinesse ausstrahlt. Der tiefe V-Ausschnitt betont verf\u00fchrerisch das Dekollet\u00e9, w\u00e4hrend der offene R\u00fccken einen Hauch von Drama und Romantik verleiht. Der Rock aus luxuri\u00f6sem Cr\u00eape f\u00e4llt elegant und bietet eine schlanke Silhouette, die die verschlungenen geometrischen Spitzendetails mit Perlen dar\u00fcber erg\u00e4nzt und dieses Kleid zu einem echten Hingucker f\u00fcr die moderne Braut macht.","og_url":"https:\/\/www.koonings.com\/de\/product\/enzoani-blue-collection-seng-l\/","og_site_name":"Koonings","article_publisher":"https:\/\/www.facebook.com\/kooningstheweddingpalace","og_image":[{"width":959,"height":1358,"url":"https:\/\/www.koonings.com\/wp-content\/uploads\/2024\/11\/49030_21f2d9745d7fc16854bf235fd45809c534f1e0020be80b40bcdaa5fa5b7cae13a1c7d312.jpeg","type":"image\/jpeg"}],"twitter_card":"summary_large_image","schema":{"@context":"https:\/\/schema.org","@graph":[{"@type":"WebPage","@id":"https:\/\/www.koonings.com\/de\/product\/enzoani-blue-collection-seng-l\/","url":"https:\/\/www.koonings.com\/de\/product\/enzoani-blue-collection-seng-l\/","name":"Enzoani Blue collection Seng-L | Koonings","isPartOf":{"@id":"https:\/\/www.koonings.com\/de\/#website"},"primaryImageOfPage":{"@id":"https:\/\/www.koonings.com\/de\/product\/enzoani-blue-collection-seng-l\/#primaryimage"},"image":{"@id":"https:\/\/www.koonings.com\/de\/product\/enzoani-blue-collection-seng-l\/#primaryimage"},"thumbnailUrl":"https:\/\/www.koonings.com\/wp-content\/uploads\/2024\/11\/49030_21f2d9745d7fc16854bf235fd45809c534f1e0020be80b40bcdaa5fa5b7cae13a1c7d312.jpeg","datePublished":"2026-05-06T13:28:21+00:00","description":"Bereiten Sie sich darauf vor, in dem Seng Kleid zu verzaubern, das mit floralen 3D-Applikationen aus Mikado und perlenbesetztem Organza verziert ist und ein dimensionales Meisterwerk darstellt, das Opulenz und Raffinesse ausstrahlt. Der tiefe V-Ausschnitt betont verf\u00fchrerisch das Dekollet\u00e9, w\u00e4hrend der offene R\u00fccken einen Hauch von Drama und Romantik verleiht. Der Rock aus luxuri\u00f6sem Cr\u00eape f\u00e4llt elegant und bietet eine schlanke Silhouette, die die verschlungenen geometrischen Spitzendetails mit Perlen dar\u00fcber erg\u00e4nzt und dieses Kleid zu einem echten Hingucker f\u00fcr die moderne Braut macht.","breadcrumb":{"@id":"https:\/\/www.koonings.com\/de\/product\/enzoani-blue-collection-seng-l\/#breadcrumb"},"inLanguage":"de","potentialAction":[{"@type":"ReadAction","target":["https:\/\/www.koonings.com\/de\/product\/enzoani-blue-collection-seng-l\/"]}]},{"@type":"ImageObject","inLanguage":"de","@id":"https:\/\/www.koonings.com\/de\/product\/enzoani-blue-collection-seng-l\/#primaryimage","url":"https:\/\/www.koonings.com\/wp-content\/uploads\/2024\/11\/49030_21f2d9745d7fc16854bf235fd45809c534f1e0020be80b40bcdaa5fa5b7cae13a1c7d312.jpeg","contentUrl":"https:\/\/www.koonings.com\/wp-content\/uploads\/2024\/11\/49030_21f2d9745d7fc16854bf235fd45809c534f1e0020be80b40bcdaa5fa5b7cae13a1c7d312.jpeg","width":959,"height":1358},{"@type":"BreadcrumbList","@id":"https:\/\/www.koonings.com\/de\/product\/enzoani-blue-collection-seng-l\/#breadcrumb","itemListElement":[{"@type":"ListItem","position":1,"name":"Home","item":"https:\/\/www.koonings.com\/de\/"},{"@type":"ListItem","position":2,"name":"Enzoani Blue collection Seng-L"}]},{"@type":"WebSite","@id":"https:\/\/www.koonings.com\/de\/#website","url":"https:\/\/www.koonings.com\/de\/","name":"Koonings","description":"De grootste bruidsmodewinkel ter wereld","publisher":{"@id":"https:\/\/www.koonings.com\/de\/#organization"},"potentialAction":[{"@type":"SearchAction","target":{"@type":"EntryPoint","urlTemplate":"https:\/\/www.koonings.com\/de\/?s={search_term_string}"},"query-input":{"@type":"PropertyValueSpecification","valueRequired":true,"valueName":"search_term_string"}}],"inLanguage":"de"},{"@type":"Organization","@id":"https:\/\/www.koonings.com\/de\/#organization","name":"Koonings","url":"https:\/\/www.koonings.com\/de\/","logo":{"@type":"ImageObject","inLanguage":"de","@id":"https:\/\/www.koonings.com\/de\/#\/schema\/logo\/image\/","url":"https:\/\/www.koonings.com\/wp-content\/uploads\/2024\/07\/logo.png","contentUrl":"https:\/\/www.koonings.com\/wp-content\/uploads\/2024\/07\/logo.png","width":600,"height":428,"caption":"Koonings"},"image":{"@id":"https:\/\/www.koonings.com\/de\/#\/schema\/logo\/image\/"},"sameAs":["https:\/\/www.facebook.com\/kooningstheweddingpalace","https:\/\/www.instagram.com\/kooningstheweddingpalace","https:\/\/www.pinterest.com\/koonings","https:\/\/www.youtube.com\/kooningstheweddingpalace"]}]}},"_links":{"self":[{"href":"https:\/\/www.koonings.com\/de\/wp-json\/wp\/v2\/product\/59710","targetHints":{"allow":["GET"]}}],"collection":[{"href":"https:\/\/www.koonings.com\/de\/wp-json\/wp\/v2\/product"}],"about":[{"href":"https:\/\/www.koonings.com\/de\/wp-json\/wp\/v2\/types\/product"}],"wp:featuredmedia":[{"embeddable":true,"href":"https:\/\/www.koonings.com\/de\/wp-json\/wp\/v2\/media\/54286"}],"wp:attachment":[{"href":"https:\/\/www.koonings.com\/de\/wp-json\/wp\/v2\/media?parent=59710"}],"wp:term":[{"taxonomy":"productdetails","embeddable":true,"href":"https:\/\/www.koonings.com\/de\/wp-json\/wp\/v2\/productdetails?post=59710"},{"taxonomy":"productneck","embeddable":true,"href":"https:\/\/www.koonings.com\/de\/wp-json\/wp\/v2\/productneck?post=59710"},{"taxonomy":"productcolor","embeddable":true,"href":"https:\/\/www.koonings.com\/de\/wp-json\/wp\/v2\/productcolor?post=59710"},{"taxonomy":"maat","embeddable":true,"href":"https:\/\/www.koonings.com\/de\/wp-json\/wp\/v2\/maat?post=59710"},{"taxonomy":"productsupplier","embeddable":true,"href":"https:\/\/www.koonings.com\/de\/wp-json\/wp\/v2\/productsupplier?post=59710"},{"taxonomy":"productsleeve","embeddable":true,"href":"https:\/\/www.koonings.com\/de\/wp-json\/wp\/v2\/productsleeve?post=59710"},{"taxonomy":"productcategory","embeddable":true,"href":"https:\/\/www.koonings.com\/de\/wp-json\/wp\/v2\/productcategory?post=59710"},{"taxonomy":"productsilhouette","embeddable":true,"href":"https:\/\/www.koonings.com\/de\/wp-json\/wp\/v2\/productsilhouette?post=59710"},{"taxonomy":"productstyle","embeddable":true,"href":"https:\/\/www.koonings.com\/de\/wp-json\/wp\/v2\/productstyle?post=59710"}],"curies":[{"name":"wp","href":"https:\/\/api.w.org\/{rel}","templated":true}]}}