{"id":59681,"date":"2024-11-18T15:48:26","date_gmt":"2024-11-18T14:48:26","guid":{"rendered":"https:\/\/www.koonings.com\/product\/le-papillon-by-modeca-elias\/"},"modified":"2026-02-03T19:04:02","modified_gmt":"2026-02-03T18:04:02","slug":"le-papillon-by-modeca-elias","status":"publish","type":"product","link":"https:\/\/www.koonings.com\/de\/product\/le-papillon-by-modeca-elias\/","title":{"rendered":"Le Papillon von Modeca Elias"},"content":{"rendered":"<p>Lernen Sie Elias kennen, ein bezauberndes Kleid in A-Linie, das Ihr Herz im Sturm erobern wird. Das Illusionsmieder ist mit aufw\u00e4ndiger Spitze, Perlen und Pailletten verziert, die diesem Brautkleid den perfekten Glanz verleihen. Mit seinem glitzernden T\u00fcllrock und dem zierlichen V-R\u00fccken ist dieses Kleid eine Vision von zeitloser Sch\u00f6nheit, perfekt f\u00fcr die Braut, die an ihrem besonderen Tag Romantik und Raffinesse sucht. Dieses Kleid ist auch mit einfarbigem T\u00fcll erh\u00e4ltlich &#8211; Elias-A.   <\/p>\n","protected":false},"featured_media":53621,"template":"","meta":{"_acf_changed":false,"ghostkit_customizer_options":"","ghostkit_custom_css":"","ghostkit_custom_js_head":"","ghostkit_custom_js_foot":"","ghostkit_typography":""},"productdetails":[381],"productneck":[356],"productcolor":[393,392],"maat":[],"productsupplier":[411],"productsleeve":[359],"productcategory":[18],"productsilhouette":[384],"productstyle":[366],"class_list":["post-59681","product","type-product","status-publish","has-post-thumbnail","hentry","productdetails-381","productneck-356","productcolor-393","productcolor-392","productsupplier-le-papillon-by-modeca","productsleeve-359","productcategory-trouwjurken","productsilhouette-384","productstyle-366"],"acf":[],"yoast_head":"<!-- This site is optimized with the Yoast SEO plugin v27.3 - https:\/\/yoast.com\/product\/yoast-seo-wordpress\/ -->\n<title>Le Papillon von Modeca Elias | Koonings<\/title>\n<meta name=\"description\" content=\"Lernen Sie Elias kennen, ein bezauberndes Kleid in A-Linie, das Ihr Herz im Sturm erobern wird. Das Illusionsmieder ist mit aufw\u00e4ndiger Spitze, Perlen und Pailletten verziert, die diesem Brautkleid den perfekten Glanz verleihen. Mit seinem glitzernden T\u00fcllrock und dem zierlichen V-R\u00fccken ist dieses Kleid eine Vision von zeitloser Sch\u00f6nheit, perfekt f\u00fcr die Braut, die an ihrem besonderen Tag Romantik und Raffinesse sucht. Dieses Kleid ist auch mit einfarbigem T\u00fcll erh\u00e4ltlich - Elias-A.\" \/>\n<meta name=\"robots\" content=\"index, follow, max-snippet:-1, max-image-preview:large, max-video-preview:-1\" \/>\n<link rel=\"canonical\" href=\"https:\/\/www.koonings.com\/de\/product\/le-papillon-by-modeca-elias\/\" \/>\n<meta property=\"og:locale\" content=\"de_DE\" \/>\n<meta property=\"og:type\" content=\"article\" \/>\n<meta property=\"og:title\" content=\"Le Papillon von Modeca Elias | Koonings\" \/>\n<meta property=\"og:description\" content=\"Lernen Sie Elias kennen, ein bezauberndes Kleid in A-Linie, das Ihr Herz im Sturm erobern wird. Das Illusionsmieder ist mit aufw\u00e4ndiger Spitze, Perlen und Pailletten verziert, die diesem Brautkleid den perfekten Glanz verleihen. Mit seinem glitzernden T\u00fcllrock und dem zierlichen V-R\u00fccken ist dieses Kleid eine Vision von zeitloser Sch\u00f6nheit, perfekt f\u00fcr die Braut, die an ihrem besonderen Tag Romantik und Raffinesse sucht. Dieses Kleid ist auch mit einfarbigem T\u00fcll erh\u00e4ltlich - Elias-A.\" \/>\n<meta property=\"og:url\" content=\"https:\/\/www.koonings.com\/de\/product\/le-papillon-by-modeca-elias\/\" \/>\n<meta property=\"og:site_name\" content=\"Koonings\" \/>\n<meta property=\"article:publisher\" content=\"https:\/\/www.facebook.com\/kooningstheweddingpalace\" \/>\n<meta property=\"article:modified_time\" content=\"2026-02-03T18:04:02+00:00\" \/>\n<meta property=\"og:image\" content=\"https:\/\/www.koonings.com\/wp-content\/uploads\/2024\/11\/48965_a359285c1b7e3d630fa2444a77d5e8967bc3072f8be427deac0992a510f3294ed1c2dc47.jpeg\" \/>\n\t<meta property=\"og:image:width\" content=\"824\" \/>\n\t<meta property=\"og:image:height\" content=\"1166\" \/>\n\t<meta property=\"og:image:type\" content=\"image\/jpeg\" \/>\n<meta name=\"twitter:card\" content=\"summary_large_image\" \/>\n<script type=\"application\/ld+json\" class=\"yoast-schema-graph\">{\"@context\":\"https:\\\/\\\/schema.org\",\"@graph\":[{\"@type\":\"WebPage\",\"@id\":\"https:\\\/\\\/www.koonings.com\\\/de\\\/product\\\/le-papillon-by-modeca-elias\\\/\",\"url\":\"https:\\\/\\\/www.koonings.com\\\/de\\\/product\\\/le-papillon-by-modeca-elias\\\/\",\"name\":\"Le Papillon von Modeca Elias | Koonings\",\"isPartOf\":{\"@id\":\"https:\\\/\\\/www.koonings.com\\\/de\\\/#website\"},\"primaryImageOfPage\":{\"@id\":\"https:\\\/\\\/www.koonings.com\\\/de\\\/product\\\/le-papillon-by-modeca-elias\\\/#primaryimage\"},\"image\":{\"@id\":\"https:\\\/\\\/www.koonings.com\\\/de\\\/product\\\/le-papillon-by-modeca-elias\\\/#primaryimage\"},\"thumbnailUrl\":\"https:\\\/\\\/www.koonings.com\\\/wp-content\\\/uploads\\\/2024\\\/11\\\/48965_a359285c1b7e3d630fa2444a77d5e8967bc3072f8be427deac0992a510f3294ed1c2dc47.jpeg\",\"datePublished\":\"2024-11-18T14:48:26+00:00\",\"dateModified\":\"2026-02-03T18:04:02+00:00\",\"description\":\"Lernen Sie Elias kennen, ein bezauberndes Kleid in A-Linie, das Ihr Herz im Sturm erobern wird. Das Illusionsmieder ist mit aufw\u00e4ndiger Spitze, Perlen und Pailletten verziert, die diesem Brautkleid den perfekten Glanz verleihen. Mit seinem glitzernden T\u00fcllrock und dem zierlichen V-R\u00fccken ist dieses Kleid eine Vision von zeitloser Sch\u00f6nheit, perfekt f\u00fcr die Braut, die an ihrem besonderen Tag Romantik und Raffinesse sucht. Dieses Kleid ist auch mit einfarbigem T\u00fcll erh\u00e4ltlich - Elias-A.\",\"breadcrumb\":{\"@id\":\"https:\\\/\\\/www.koonings.com\\\/de\\\/product\\\/le-papillon-by-modeca-elias\\\/#breadcrumb\"},\"inLanguage\":\"de\",\"potentialAction\":[{\"@type\":\"ReadAction\",\"target\":[\"https:\\\/\\\/www.koonings.com\\\/de\\\/product\\\/le-papillon-by-modeca-elias\\\/\"]}]},{\"@type\":\"ImageObject\",\"inLanguage\":\"de\",\"@id\":\"https:\\\/\\\/www.koonings.com\\\/de\\\/product\\\/le-papillon-by-modeca-elias\\\/#primaryimage\",\"url\":\"https:\\\/\\\/www.koonings.com\\\/wp-content\\\/uploads\\\/2024\\\/11\\\/48965_a359285c1b7e3d630fa2444a77d5e8967bc3072f8be427deac0992a510f3294ed1c2dc47.jpeg\",\"contentUrl\":\"https:\\\/\\\/www.koonings.com\\\/wp-content\\\/uploads\\\/2024\\\/11\\\/48965_a359285c1b7e3d630fa2444a77d5e8967bc3072f8be427deac0992a510f3294ed1c2dc47.jpeg\",\"width\":824,\"height\":1166},{\"@type\":\"BreadcrumbList\",\"@id\":\"https:\\\/\\\/www.koonings.com\\\/de\\\/product\\\/le-papillon-by-modeca-elias\\\/#breadcrumb\",\"itemListElement\":[{\"@type\":\"ListItem\",\"position\":1,\"name\":\"Home\",\"item\":\"https:\\\/\\\/www.koonings.com\\\/de\\\/\"},{\"@type\":\"ListItem\",\"position\":2,\"name\":\"Le Papillon von Modeca Elias\"}]},{\"@type\":\"WebSite\",\"@id\":\"https:\\\/\\\/www.koonings.com\\\/de\\\/#website\",\"url\":\"https:\\\/\\\/www.koonings.com\\\/de\\\/\",\"name\":\"Koonings\",\"description\":\"De grootste bruidsmodewinkel ter wereld\",\"publisher\":{\"@id\":\"https:\\\/\\\/www.koonings.com\\\/de\\\/#organization\"},\"potentialAction\":[{\"@type\":\"SearchAction\",\"target\":{\"@type\":\"EntryPoint\",\"urlTemplate\":\"https:\\\/\\\/www.koonings.com\\\/de\\\/?s={search_term_string}\"},\"query-input\":{\"@type\":\"PropertyValueSpecification\",\"valueRequired\":true,\"valueName\":\"search_term_string\"}}],\"inLanguage\":\"de\"},{\"@type\":\"Organization\",\"@id\":\"https:\\\/\\\/www.koonings.com\\\/de\\\/#organization\",\"name\":\"Koonings\",\"url\":\"https:\\\/\\\/www.koonings.com\\\/de\\\/\",\"logo\":{\"@type\":\"ImageObject\",\"inLanguage\":\"de\",\"@id\":\"https:\\\/\\\/www.koonings.com\\\/de\\\/#\\\/schema\\\/logo\\\/image\\\/\",\"url\":\"https:\\\/\\\/www.koonings.com\\\/wp-content\\\/uploads\\\/2024\\\/07\\\/logo.png\",\"contentUrl\":\"https:\\\/\\\/www.koonings.com\\\/wp-content\\\/uploads\\\/2024\\\/07\\\/logo.png\",\"width\":600,\"height\":428,\"caption\":\"Koonings\"},\"image\":{\"@id\":\"https:\\\/\\\/www.koonings.com\\\/de\\\/#\\\/schema\\\/logo\\\/image\\\/\"},\"sameAs\":[\"https:\\\/\\\/www.facebook.com\\\/kooningstheweddingpalace\",\"https:\\\/\\\/www.instagram.com\\\/kooningstheweddingpalace\",\"https:\\\/\\\/www.pinterest.com\\\/koonings\",\"https:\\\/\\\/www.youtube.com\\\/kooningstheweddingpalace\"]}]}<\/script>\n<!-- \/ Yoast SEO plugin. -->","yoast_head_json":{"title":"Le Papillon von Modeca Elias | Koonings","description":"Lernen Sie Elias kennen, ein bezauberndes Kleid in A-Linie, das Ihr Herz im Sturm erobern wird. Das Illusionsmieder ist mit aufw\u00e4ndiger Spitze, Perlen und Pailletten verziert, die diesem Brautkleid den perfekten Glanz verleihen. Mit seinem glitzernden T\u00fcllrock und dem zierlichen V-R\u00fccken ist dieses Kleid eine Vision von zeitloser Sch\u00f6nheit, perfekt f\u00fcr die Braut, die an ihrem besonderen Tag Romantik und Raffinesse sucht. Dieses Kleid ist auch mit einfarbigem T\u00fcll erh\u00e4ltlich - Elias-A.","robots":{"index":"index","follow":"follow","max-snippet":"max-snippet:-1","max-image-preview":"max-image-preview:large","max-video-preview":"max-video-preview:-1"},"canonical":"https:\/\/www.koonings.com\/de\/product\/le-papillon-by-modeca-elias\/","og_locale":"de_DE","og_type":"article","og_title":"Le Papillon von Modeca Elias | Koonings","og_description":"Lernen Sie Elias kennen, ein bezauberndes Kleid in A-Linie, das Ihr Herz im Sturm erobern wird. Das Illusionsmieder ist mit aufw\u00e4ndiger Spitze, Perlen und Pailletten verziert, die diesem Brautkleid den perfekten Glanz verleihen. Mit seinem glitzernden T\u00fcllrock und dem zierlichen V-R\u00fccken ist dieses Kleid eine Vision von zeitloser Sch\u00f6nheit, perfekt f\u00fcr die Braut, die an ihrem besonderen Tag Romantik und Raffinesse sucht. Dieses Kleid ist auch mit einfarbigem T\u00fcll erh\u00e4ltlich - Elias-A.","og_url":"https:\/\/www.koonings.com\/de\/product\/le-papillon-by-modeca-elias\/","og_site_name":"Koonings","article_publisher":"https:\/\/www.facebook.com\/kooningstheweddingpalace","article_modified_time":"2026-02-03T18:04:02+00:00","og_image":[{"width":824,"height":1166,"url":"https:\/\/www.koonings.com\/wp-content\/uploads\/2024\/11\/48965_a359285c1b7e3d630fa2444a77d5e8967bc3072f8be427deac0992a510f3294ed1c2dc47.jpeg","type":"image\/jpeg"}],"twitter_card":"summary_large_image","schema":{"@context":"https:\/\/schema.org","@graph":[{"@type":"WebPage","@id":"https:\/\/www.koonings.com\/de\/product\/le-papillon-by-modeca-elias\/","url":"https:\/\/www.koonings.com\/de\/product\/le-papillon-by-modeca-elias\/","name":"Le Papillon von Modeca Elias | Koonings","isPartOf":{"@id":"https:\/\/www.koonings.com\/de\/#website"},"primaryImageOfPage":{"@id":"https:\/\/www.koonings.com\/de\/product\/le-papillon-by-modeca-elias\/#primaryimage"},"image":{"@id":"https:\/\/www.koonings.com\/de\/product\/le-papillon-by-modeca-elias\/#primaryimage"},"thumbnailUrl":"https:\/\/www.koonings.com\/wp-content\/uploads\/2024\/11\/48965_a359285c1b7e3d630fa2444a77d5e8967bc3072f8be427deac0992a510f3294ed1c2dc47.jpeg","datePublished":"2024-11-18T14:48:26+00:00","dateModified":"2026-02-03T18:04:02+00:00","description":"Lernen Sie Elias kennen, ein bezauberndes Kleid in A-Linie, das Ihr Herz im Sturm erobern wird. Das Illusionsmieder ist mit aufw\u00e4ndiger Spitze, Perlen und Pailletten verziert, die diesem Brautkleid den perfekten Glanz verleihen. Mit seinem glitzernden T\u00fcllrock und dem zierlichen V-R\u00fccken ist dieses Kleid eine Vision von zeitloser Sch\u00f6nheit, perfekt f\u00fcr die Braut, die an ihrem besonderen Tag Romantik und Raffinesse sucht. Dieses Kleid ist auch mit einfarbigem T\u00fcll erh\u00e4ltlich - Elias-A.","breadcrumb":{"@id":"https:\/\/www.koonings.com\/de\/product\/le-papillon-by-modeca-elias\/#breadcrumb"},"inLanguage":"de","potentialAction":[{"@type":"ReadAction","target":["https:\/\/www.koonings.com\/de\/product\/le-papillon-by-modeca-elias\/"]}]},{"@type":"ImageObject","inLanguage":"de","@id":"https:\/\/www.koonings.com\/de\/product\/le-papillon-by-modeca-elias\/#primaryimage","url":"https:\/\/www.koonings.com\/wp-content\/uploads\/2024\/11\/48965_a359285c1b7e3d630fa2444a77d5e8967bc3072f8be427deac0992a510f3294ed1c2dc47.jpeg","contentUrl":"https:\/\/www.koonings.com\/wp-content\/uploads\/2024\/11\/48965_a359285c1b7e3d630fa2444a77d5e8967bc3072f8be427deac0992a510f3294ed1c2dc47.jpeg","width":824,"height":1166},{"@type":"BreadcrumbList","@id":"https:\/\/www.koonings.com\/de\/product\/le-papillon-by-modeca-elias\/#breadcrumb","itemListElement":[{"@type":"ListItem","position":1,"name":"Home","item":"https:\/\/www.koonings.com\/de\/"},{"@type":"ListItem","position":2,"name":"Le Papillon von Modeca Elias"}]},{"@type":"WebSite","@id":"https:\/\/www.koonings.com\/de\/#website","url":"https:\/\/www.koonings.com\/de\/","name":"Koonings","description":"De grootste bruidsmodewinkel ter wereld","publisher":{"@id":"https:\/\/www.koonings.com\/de\/#organization"},"potentialAction":[{"@type":"SearchAction","target":{"@type":"EntryPoint","urlTemplate":"https:\/\/www.koonings.com\/de\/?s={search_term_string}"},"query-input":{"@type":"PropertyValueSpecification","valueRequired":true,"valueName":"search_term_string"}}],"inLanguage":"de"},{"@type":"Organization","@id":"https:\/\/www.koonings.com\/de\/#organization","name":"Koonings","url":"https:\/\/www.koonings.com\/de\/","logo":{"@type":"ImageObject","inLanguage":"de","@id":"https:\/\/www.koonings.com\/de\/#\/schema\/logo\/image\/","url":"https:\/\/www.koonings.com\/wp-content\/uploads\/2024\/07\/logo.png","contentUrl":"https:\/\/www.koonings.com\/wp-content\/uploads\/2024\/07\/logo.png","width":600,"height":428,"caption":"Koonings"},"image":{"@id":"https:\/\/www.koonings.com\/de\/#\/schema\/logo\/image\/"},"sameAs":["https:\/\/www.facebook.com\/kooningstheweddingpalace","https:\/\/www.instagram.com\/kooningstheweddingpalace","https:\/\/www.pinterest.com\/koonings","https:\/\/www.youtube.com\/kooningstheweddingpalace"]}]}},"_links":{"self":[{"href":"https:\/\/www.koonings.com\/de\/wp-json\/wp\/v2\/product\/59681","targetHints":{"allow":["GET"]}}],"collection":[{"href":"https:\/\/www.koonings.com\/de\/wp-json\/wp\/v2\/product"}],"about":[{"href":"https:\/\/www.koonings.com\/de\/wp-json\/wp\/v2\/types\/product"}],"wp:featuredmedia":[{"embeddable":true,"href":"https:\/\/www.koonings.com\/de\/wp-json\/wp\/v2\/media\/53621"}],"wp:attachment":[{"href":"https:\/\/www.koonings.com\/de\/wp-json\/wp\/v2\/media?parent=59681"}],"wp:term":[{"taxonomy":"productdetails","embeddable":true,"href":"https:\/\/www.koonings.com\/de\/wp-json\/wp\/v2\/productdetails?post=59681"},{"taxonomy":"productneck","embeddable":true,"href":"https:\/\/www.koonings.com\/de\/wp-json\/wp\/v2\/productneck?post=59681"},{"taxonomy":"productcolor","embeddable":true,"href":"https:\/\/www.koonings.com\/de\/wp-json\/wp\/v2\/productcolor?post=59681"},{"taxonomy":"maat","embeddable":true,"href":"https:\/\/www.koonings.com\/de\/wp-json\/wp\/v2\/maat?post=59681"},{"taxonomy":"productsupplier","embeddable":true,"href":"https:\/\/www.koonings.com\/de\/wp-json\/wp\/v2\/productsupplier?post=59681"},{"taxonomy":"productsleeve","embeddable":true,"href":"https:\/\/www.koonings.com\/de\/wp-json\/wp\/v2\/productsleeve?post=59681"},{"taxonomy":"productcategory","embeddable":true,"href":"https:\/\/www.koonings.com\/de\/wp-json\/wp\/v2\/productcategory?post=59681"},{"taxonomy":"productsilhouette","embeddable":true,"href":"https:\/\/www.koonings.com\/de\/wp-json\/wp\/v2\/productsilhouette?post=59681"},{"taxonomy":"productstyle","embeddable":true,"href":"https:\/\/www.koonings.com\/de\/wp-json\/wp\/v2\/productstyle?post=59681"}],"curies":[{"name":"wp","href":"https:\/\/api.w.org\/{rel}","templated":true}]}}