{"id":59632,"date":"2024-11-18T15:48:40","date_gmt":"2024-11-18T14:48:40","guid":{"rendered":"https:\/\/www.koonings.com\/product\/modeca-curves-dasha-c-2\/"},"modified":"2026-02-03T19:07:28","modified_gmt":"2026-02-03T18:07:28","slug":"modeca-curves-dasha-c-2","status":"publish","type":"product","link":"https:\/\/www.koonings.com\/de\/product\/modeca-curves-dasha-c-2\/","title":{"rendered":"Modeca Kurven Dasha-C"},"content":{"rendered":"<p>Das bezaubernde Dasha-C Kleid ist ein zeitloses Meisterwerk in A-Linie f\u00fcr die romantische Braut mit Kurven. Das Herzst\u00fcck dieses \u00e4therischen Designs ist der atemberaubende quadratische Ausschnitt, der einer klassischen Silhouette eine moderne Wendung verleiht. Das Mieder ist mit zarter 3D-Blumenspitze verziert und strahlt Weiblichkeit und Charme aus. Dieses Kleid hat abnehmbare Flatter\u00e4rmel f\u00fcr zus\u00e4tzliche Bedeckung.   <\/p>\n","protected":false},"featured_media":54004,"template":"","meta":{"_acf_changed":false,"ghostkit_customizer_options":"","ghostkit_custom_css":"","ghostkit_custom_js_head":"","ghostkit_custom_js_foot":"","ghostkit_typography":""},"productdetails":[378,381],"productneck":[352],"productcolor":[393,392],"maat":[375],"productsupplier":[439],"productsleeve":[359],"productcategory":[18],"productsilhouette":[384],"productstyle":[366],"class_list":["post-59632","product","type-product","status-publish","has-post-thumbnail","hentry","productdetails-378","productdetails-381","productneck-352","productcolor-393","productcolor-392","maat-375","productsupplier-modeca-curves","productsleeve-359","productcategory-trouwjurken","productsilhouette-384","productstyle-366"],"acf":[],"yoast_head":"<!-- This site is optimized with the Yoast SEO plugin v27.3 - https:\/\/yoast.com\/product\/yoast-seo-wordpress\/ -->\n<title>Modeca Kurven Dasha-C | Koonings<\/title>\n<meta name=\"description\" content=\"Das bezaubernde Dasha-C Kleid ist ein zeitloses Meisterwerk in A-Linie f\u00fcr die romantische Braut mit Kurven. Das Herzst\u00fcck dieses \u00e4therischen Designs ist der atemberaubende quadratische Ausschnitt, der einer klassischen Silhouette eine moderne Wendung verleiht. Das Mieder ist mit zarter 3D-Blumenspitze verziert und strahlt Weiblichkeit und Charme aus. Dieses Kleid hat abnehmbare Flatter\u00e4rmel f\u00fcr zus\u00e4tzliche Bedeckung.\" \/>\n<meta name=\"robots\" content=\"index, follow, max-snippet:-1, max-image-preview:large, max-video-preview:-1\" \/>\n<link rel=\"canonical\" href=\"https:\/\/www.koonings.com\/de\/product\/modeca-curves-dasha-c-2\/\" \/>\n<meta property=\"og:locale\" content=\"de_DE\" \/>\n<meta property=\"og:type\" content=\"article\" \/>\n<meta property=\"og:title\" content=\"Modeca Kurven Dasha-C | Koonings\" \/>\n<meta property=\"og:description\" content=\"Das bezaubernde Dasha-C Kleid ist ein zeitloses Meisterwerk in A-Linie f\u00fcr die romantische Braut mit Kurven. Das Herzst\u00fcck dieses \u00e4therischen Designs ist der atemberaubende quadratische Ausschnitt, der einer klassischen Silhouette eine moderne Wendung verleiht. Das Mieder ist mit zarter 3D-Blumenspitze verziert und strahlt Weiblichkeit und Charme aus. Dieses Kleid hat abnehmbare Flatter\u00e4rmel f\u00fcr zus\u00e4tzliche Bedeckung.\" \/>\n<meta property=\"og:url\" content=\"https:\/\/www.koonings.com\/de\/product\/modeca-curves-dasha-c-2\/\" \/>\n<meta property=\"og:site_name\" content=\"Koonings\" \/>\n<meta property=\"article:publisher\" content=\"https:\/\/www.facebook.com\/kooningstheweddingpalace\" \/>\n<meta property=\"article:modified_time\" content=\"2026-02-03T18:07:28+00:00\" \/>\n<meta property=\"og:image\" content=\"https:\/\/www.koonings.com\/wp-content\/uploads\/2024\/11\/48994_4c1d71da1827be671e8332de9f66ff9b70d6cea6e8e72ec56270d2679dfdfefdfd7c6419.jpeg\" \/>\n\t<meta property=\"og:image:width\" content=\"753\" \/>\n\t<meta property=\"og:image:height\" content=\"1065\" \/>\n\t<meta property=\"og:image:type\" content=\"image\/jpeg\" \/>\n<meta name=\"twitter:card\" content=\"summary_large_image\" \/>\n<script type=\"application\/ld+json\" class=\"yoast-schema-graph\">{\"@context\":\"https:\\\/\\\/schema.org\",\"@graph\":[{\"@type\":\"WebPage\",\"@id\":\"https:\\\/\\\/www.koonings.com\\\/de\\\/product\\\/modeca-curves-dasha-c-2\\\/\",\"url\":\"https:\\\/\\\/www.koonings.com\\\/de\\\/product\\\/modeca-curves-dasha-c-2\\\/\",\"name\":\"Modeca Kurven Dasha-C | Koonings\",\"isPartOf\":{\"@id\":\"https:\\\/\\\/www.koonings.com\\\/de\\\/#website\"},\"primaryImageOfPage\":{\"@id\":\"https:\\\/\\\/www.koonings.com\\\/de\\\/product\\\/modeca-curves-dasha-c-2\\\/#primaryimage\"},\"image\":{\"@id\":\"https:\\\/\\\/www.koonings.com\\\/de\\\/product\\\/modeca-curves-dasha-c-2\\\/#primaryimage\"},\"thumbnailUrl\":\"https:\\\/\\\/www.koonings.com\\\/wp-content\\\/uploads\\\/2024\\\/11\\\/48994_4c1d71da1827be671e8332de9f66ff9b70d6cea6e8e72ec56270d2679dfdfefdfd7c6419.jpeg\",\"datePublished\":\"2024-11-18T14:48:40+00:00\",\"dateModified\":\"2026-02-03T18:07:28+00:00\",\"description\":\"Das bezaubernde Dasha-C Kleid ist ein zeitloses Meisterwerk in A-Linie f\u00fcr die romantische Braut mit Kurven. Das Herzst\u00fcck dieses \u00e4therischen Designs ist der atemberaubende quadratische Ausschnitt, der einer klassischen Silhouette eine moderne Wendung verleiht. Das Mieder ist mit zarter 3D-Blumenspitze verziert und strahlt Weiblichkeit und Charme aus. Dieses Kleid hat abnehmbare Flatter\u00e4rmel f\u00fcr zus\u00e4tzliche Bedeckung.\",\"breadcrumb\":{\"@id\":\"https:\\\/\\\/www.koonings.com\\\/de\\\/product\\\/modeca-curves-dasha-c-2\\\/#breadcrumb\"},\"inLanguage\":\"de\",\"potentialAction\":[{\"@type\":\"ReadAction\",\"target\":[\"https:\\\/\\\/www.koonings.com\\\/de\\\/product\\\/modeca-curves-dasha-c-2\\\/\"]}]},{\"@type\":\"ImageObject\",\"inLanguage\":\"de\",\"@id\":\"https:\\\/\\\/www.koonings.com\\\/de\\\/product\\\/modeca-curves-dasha-c-2\\\/#primaryimage\",\"url\":\"https:\\\/\\\/www.koonings.com\\\/wp-content\\\/uploads\\\/2024\\\/11\\\/48994_4c1d71da1827be671e8332de9f66ff9b70d6cea6e8e72ec56270d2679dfdfefdfd7c6419.jpeg\",\"contentUrl\":\"https:\\\/\\\/www.koonings.com\\\/wp-content\\\/uploads\\\/2024\\\/11\\\/48994_4c1d71da1827be671e8332de9f66ff9b70d6cea6e8e72ec56270d2679dfdfefdfd7c6419.jpeg\",\"width\":753,\"height\":1065},{\"@type\":\"BreadcrumbList\",\"@id\":\"https:\\\/\\\/www.koonings.com\\\/de\\\/product\\\/modeca-curves-dasha-c-2\\\/#breadcrumb\",\"itemListElement\":[{\"@type\":\"ListItem\",\"position\":1,\"name\":\"Home\",\"item\":\"https:\\\/\\\/www.koonings.com\\\/de\\\/\"},{\"@type\":\"ListItem\",\"position\":2,\"name\":\"Modeca Kurven Dasha-C\"}]},{\"@type\":\"WebSite\",\"@id\":\"https:\\\/\\\/www.koonings.com\\\/de\\\/#website\",\"url\":\"https:\\\/\\\/www.koonings.com\\\/de\\\/\",\"name\":\"Koonings\",\"description\":\"De grootste bruidsmodewinkel ter wereld\",\"publisher\":{\"@id\":\"https:\\\/\\\/www.koonings.com\\\/de\\\/#organization\"},\"potentialAction\":[{\"@type\":\"SearchAction\",\"target\":{\"@type\":\"EntryPoint\",\"urlTemplate\":\"https:\\\/\\\/www.koonings.com\\\/de\\\/?s={search_term_string}\"},\"query-input\":{\"@type\":\"PropertyValueSpecification\",\"valueRequired\":true,\"valueName\":\"search_term_string\"}}],\"inLanguage\":\"de\"},{\"@type\":\"Organization\",\"@id\":\"https:\\\/\\\/www.koonings.com\\\/de\\\/#organization\",\"name\":\"Koonings\",\"url\":\"https:\\\/\\\/www.koonings.com\\\/de\\\/\",\"logo\":{\"@type\":\"ImageObject\",\"inLanguage\":\"de\",\"@id\":\"https:\\\/\\\/www.koonings.com\\\/de\\\/#\\\/schema\\\/logo\\\/image\\\/\",\"url\":\"https:\\\/\\\/www.koonings.com\\\/wp-content\\\/uploads\\\/2024\\\/07\\\/logo.png\",\"contentUrl\":\"https:\\\/\\\/www.koonings.com\\\/wp-content\\\/uploads\\\/2024\\\/07\\\/logo.png\",\"width\":600,\"height\":428,\"caption\":\"Koonings\"},\"image\":{\"@id\":\"https:\\\/\\\/www.koonings.com\\\/de\\\/#\\\/schema\\\/logo\\\/image\\\/\"},\"sameAs\":[\"https:\\\/\\\/www.facebook.com\\\/kooningstheweddingpalace\",\"https:\\\/\\\/www.instagram.com\\\/kooningstheweddingpalace\",\"https:\\\/\\\/www.pinterest.com\\\/koonings\",\"https:\\\/\\\/www.youtube.com\\\/kooningstheweddingpalace\"]}]}<\/script>\n<!-- \/ Yoast SEO plugin. -->","yoast_head_json":{"title":"Modeca Kurven Dasha-C | Koonings","description":"Das bezaubernde Dasha-C Kleid ist ein zeitloses Meisterwerk in A-Linie f\u00fcr die romantische Braut mit Kurven. Das Herzst\u00fcck dieses \u00e4therischen Designs ist der atemberaubende quadratische Ausschnitt, der einer klassischen Silhouette eine moderne Wendung verleiht. Das Mieder ist mit zarter 3D-Blumenspitze verziert und strahlt Weiblichkeit und Charme aus. Dieses Kleid hat abnehmbare Flatter\u00e4rmel f\u00fcr zus\u00e4tzliche Bedeckung.","robots":{"index":"index","follow":"follow","max-snippet":"max-snippet:-1","max-image-preview":"max-image-preview:large","max-video-preview":"max-video-preview:-1"},"canonical":"https:\/\/www.koonings.com\/de\/product\/modeca-curves-dasha-c-2\/","og_locale":"de_DE","og_type":"article","og_title":"Modeca Kurven Dasha-C | Koonings","og_description":"Das bezaubernde Dasha-C Kleid ist ein zeitloses Meisterwerk in A-Linie f\u00fcr die romantische Braut mit Kurven. Das Herzst\u00fcck dieses \u00e4therischen Designs ist der atemberaubende quadratische Ausschnitt, der einer klassischen Silhouette eine moderne Wendung verleiht. Das Mieder ist mit zarter 3D-Blumenspitze verziert und strahlt Weiblichkeit und Charme aus. Dieses Kleid hat abnehmbare Flatter\u00e4rmel f\u00fcr zus\u00e4tzliche Bedeckung.","og_url":"https:\/\/www.koonings.com\/de\/product\/modeca-curves-dasha-c-2\/","og_site_name":"Koonings","article_publisher":"https:\/\/www.facebook.com\/kooningstheweddingpalace","article_modified_time":"2026-02-03T18:07:28+00:00","og_image":[{"width":753,"height":1065,"url":"https:\/\/www.koonings.com\/wp-content\/uploads\/2024\/11\/48994_4c1d71da1827be671e8332de9f66ff9b70d6cea6e8e72ec56270d2679dfdfefdfd7c6419.jpeg","type":"image\/jpeg"}],"twitter_card":"summary_large_image","schema":{"@context":"https:\/\/schema.org","@graph":[{"@type":"WebPage","@id":"https:\/\/www.koonings.com\/de\/product\/modeca-curves-dasha-c-2\/","url":"https:\/\/www.koonings.com\/de\/product\/modeca-curves-dasha-c-2\/","name":"Modeca Kurven Dasha-C | Koonings","isPartOf":{"@id":"https:\/\/www.koonings.com\/de\/#website"},"primaryImageOfPage":{"@id":"https:\/\/www.koonings.com\/de\/product\/modeca-curves-dasha-c-2\/#primaryimage"},"image":{"@id":"https:\/\/www.koonings.com\/de\/product\/modeca-curves-dasha-c-2\/#primaryimage"},"thumbnailUrl":"https:\/\/www.koonings.com\/wp-content\/uploads\/2024\/11\/48994_4c1d71da1827be671e8332de9f66ff9b70d6cea6e8e72ec56270d2679dfdfefdfd7c6419.jpeg","datePublished":"2024-11-18T14:48:40+00:00","dateModified":"2026-02-03T18:07:28+00:00","description":"Das bezaubernde Dasha-C Kleid ist ein zeitloses Meisterwerk in A-Linie f\u00fcr die romantische Braut mit Kurven. Das Herzst\u00fcck dieses \u00e4therischen Designs ist der atemberaubende quadratische Ausschnitt, der einer klassischen Silhouette eine moderne Wendung verleiht. Das Mieder ist mit zarter 3D-Blumenspitze verziert und strahlt Weiblichkeit und Charme aus. Dieses Kleid hat abnehmbare Flatter\u00e4rmel f\u00fcr zus\u00e4tzliche Bedeckung.","breadcrumb":{"@id":"https:\/\/www.koonings.com\/de\/product\/modeca-curves-dasha-c-2\/#breadcrumb"},"inLanguage":"de","potentialAction":[{"@type":"ReadAction","target":["https:\/\/www.koonings.com\/de\/product\/modeca-curves-dasha-c-2\/"]}]},{"@type":"ImageObject","inLanguage":"de","@id":"https:\/\/www.koonings.com\/de\/product\/modeca-curves-dasha-c-2\/#primaryimage","url":"https:\/\/www.koonings.com\/wp-content\/uploads\/2024\/11\/48994_4c1d71da1827be671e8332de9f66ff9b70d6cea6e8e72ec56270d2679dfdfefdfd7c6419.jpeg","contentUrl":"https:\/\/www.koonings.com\/wp-content\/uploads\/2024\/11\/48994_4c1d71da1827be671e8332de9f66ff9b70d6cea6e8e72ec56270d2679dfdfefdfd7c6419.jpeg","width":753,"height":1065},{"@type":"BreadcrumbList","@id":"https:\/\/www.koonings.com\/de\/product\/modeca-curves-dasha-c-2\/#breadcrumb","itemListElement":[{"@type":"ListItem","position":1,"name":"Home","item":"https:\/\/www.koonings.com\/de\/"},{"@type":"ListItem","position":2,"name":"Modeca Kurven Dasha-C"}]},{"@type":"WebSite","@id":"https:\/\/www.koonings.com\/de\/#website","url":"https:\/\/www.koonings.com\/de\/","name":"Koonings","description":"De grootste bruidsmodewinkel ter wereld","publisher":{"@id":"https:\/\/www.koonings.com\/de\/#organization"},"potentialAction":[{"@type":"SearchAction","target":{"@type":"EntryPoint","urlTemplate":"https:\/\/www.koonings.com\/de\/?s={search_term_string}"},"query-input":{"@type":"PropertyValueSpecification","valueRequired":true,"valueName":"search_term_string"}}],"inLanguage":"de"},{"@type":"Organization","@id":"https:\/\/www.koonings.com\/de\/#organization","name":"Koonings","url":"https:\/\/www.koonings.com\/de\/","logo":{"@type":"ImageObject","inLanguage":"de","@id":"https:\/\/www.koonings.com\/de\/#\/schema\/logo\/image\/","url":"https:\/\/www.koonings.com\/wp-content\/uploads\/2024\/07\/logo.png","contentUrl":"https:\/\/www.koonings.com\/wp-content\/uploads\/2024\/07\/logo.png","width":600,"height":428,"caption":"Koonings"},"image":{"@id":"https:\/\/www.koonings.com\/de\/#\/schema\/logo\/image\/"},"sameAs":["https:\/\/www.facebook.com\/kooningstheweddingpalace","https:\/\/www.instagram.com\/kooningstheweddingpalace","https:\/\/www.pinterest.com\/koonings","https:\/\/www.youtube.com\/kooningstheweddingpalace"]}]}},"_links":{"self":[{"href":"https:\/\/www.koonings.com\/de\/wp-json\/wp\/v2\/product\/59632","targetHints":{"allow":["GET"]}}],"collection":[{"href":"https:\/\/www.koonings.com\/de\/wp-json\/wp\/v2\/product"}],"about":[{"href":"https:\/\/www.koonings.com\/de\/wp-json\/wp\/v2\/types\/product"}],"wp:featuredmedia":[{"embeddable":true,"href":"https:\/\/www.koonings.com\/de\/wp-json\/wp\/v2\/media\/54004"}],"wp:attachment":[{"href":"https:\/\/www.koonings.com\/de\/wp-json\/wp\/v2\/media?parent=59632"}],"wp:term":[{"taxonomy":"productdetails","embeddable":true,"href":"https:\/\/www.koonings.com\/de\/wp-json\/wp\/v2\/productdetails?post=59632"},{"taxonomy":"productneck","embeddable":true,"href":"https:\/\/www.koonings.com\/de\/wp-json\/wp\/v2\/productneck?post=59632"},{"taxonomy":"productcolor","embeddable":true,"href":"https:\/\/www.koonings.com\/de\/wp-json\/wp\/v2\/productcolor?post=59632"},{"taxonomy":"maat","embeddable":true,"href":"https:\/\/www.koonings.com\/de\/wp-json\/wp\/v2\/maat?post=59632"},{"taxonomy":"productsupplier","embeddable":true,"href":"https:\/\/www.koonings.com\/de\/wp-json\/wp\/v2\/productsupplier?post=59632"},{"taxonomy":"productsleeve","embeddable":true,"href":"https:\/\/www.koonings.com\/de\/wp-json\/wp\/v2\/productsleeve?post=59632"},{"taxonomy":"productcategory","embeddable":true,"href":"https:\/\/www.koonings.com\/de\/wp-json\/wp\/v2\/productcategory?post=59632"},{"taxonomy":"productsilhouette","embeddable":true,"href":"https:\/\/www.koonings.com\/de\/wp-json\/wp\/v2\/productsilhouette?post=59632"},{"taxonomy":"productstyle","embeddable":true,"href":"https:\/\/www.koonings.com\/de\/wp-json\/wp\/v2\/productstyle?post=59632"}],"curies":[{"name":"wp","href":"https:\/\/api.w.org\/{rel}","templated":true}]}}