{"id":59625,"date":"2024-11-05T19:44:03","date_gmt":"2024-11-05T18:44:03","guid":{"rendered":"https:\/\/www.koonings.com\/product\/modeca-curves-doan-c-2\/"},"modified":"2024-11-05T19:44:03","modified_gmt":"2024-11-05T18:44:03","slug":"modeca-curves-doan-c-2","status":"publish","type":"product","link":"https:\/\/www.koonings.com\/de\/product\/modeca-curves-doan-c-2\/","title":{"rendered":"Modeca Curves Doan-C"},"content":{"rendered":"<p>Umarmen Sie Ihre herrlichen Kurven in diesem taillierten Hochzeitskleid. Doan-C ist eine Krepp-Sch\u00f6nheit mit einem weichen, herzf\u00f6rmigen Ausschnitt f\u00fcr einen romantischen Touch. Die schlichte Silhouette wird durch klare Linien und einen hohen Schlitz akzentuiert. F\u00fcr zus\u00e4tzliche Vielseitigkeit bieten abnehmbare schulterfreie \u00c4rmel eine M\u00f6glichkeit, Ihren Look zu personalisieren.   <\/p>\n","protected":false},"featured_media":54063,"template":"","meta":{"_acf_changed":false,"ghostkit_customizer_options":"","ghostkit_custom_css":"","ghostkit_custom_js_head":"","ghostkit_custom_js_foot":"","ghostkit_typography":""},"productdetails":[378],"productneck":[355],"productcolor":[392],"maat":[375],"productsupplier":[439],"productsleeve":[359],"productcategory":[18],"productsilhouette":[389],"productstyle":[366,370],"class_list":["post-59625","product","type-product","status-publish","has-post-thumbnail","hentry","productdetails-378","productneck-355","productcolor-392","maat-375","productsupplier-modeca-curves","productsleeve-359","productcategory-trouwjurken","productsilhouette-389","productstyle-366","productstyle-370"],"acf":[],"yoast_head":"<!-- This site is optimized with the Yoast SEO plugin v27.3 - https:\/\/yoast.com\/product\/yoast-seo-wordpress\/ -->\n<title>Modeca Curves Doan-C | Koonings<\/title>\n<meta name=\"description\" content=\"Umarmen Sie Ihre herrlichen Kurven in diesem taillierten Hochzeitskleid. Doan-C ist eine Krepp-Sch\u00f6nheit mit einem weichen, herzf\u00f6rmigen Ausschnitt f\u00fcr einen romantischen Touch. Die schlichte Silhouette wird durch klare Linien und einen hohen Schlitz akzentuiert. F\u00fcr zus\u00e4tzliche Vielseitigkeit bieten abnehmbare schulterfreie \u00c4rmel eine M\u00f6glichkeit, Ihren Look zu personalisieren.\" \/>\n<meta name=\"robots\" content=\"index, follow, max-snippet:-1, max-image-preview:large, max-video-preview:-1\" \/>\n<link rel=\"canonical\" href=\"https:\/\/www.koonings.com\/de\/product\/modeca-curves-doan-c-2\/\" \/>\n<meta property=\"og:locale\" content=\"de_DE\" \/>\n<meta property=\"og:type\" content=\"article\" \/>\n<meta property=\"og:title\" content=\"Modeca Curves Doan-C | Koonings\" \/>\n<meta property=\"og:description\" content=\"Umarmen Sie Ihre herrlichen Kurven in diesem taillierten Hochzeitskleid. Doan-C ist eine Krepp-Sch\u00f6nheit mit einem weichen, herzf\u00f6rmigen Ausschnitt f\u00fcr einen romantischen Touch. Die schlichte Silhouette wird durch klare Linien und einen hohen Schlitz akzentuiert. F\u00fcr zus\u00e4tzliche Vielseitigkeit bieten abnehmbare schulterfreie \u00c4rmel eine M\u00f6glichkeit, Ihren Look zu personalisieren.\" \/>\n<meta property=\"og:url\" content=\"https:\/\/www.koonings.com\/de\/product\/modeca-curves-doan-c-2\/\" \/>\n<meta property=\"og:site_name\" content=\"Koonings\" \/>\n<meta property=\"article:publisher\" content=\"https:\/\/www.facebook.com\/kooningstheweddingpalace\" \/>\n<meta property=\"og:image\" content=\"https:\/\/www.koonings.com\/wp-content\/uploads\/2024\/11\/49000_9c39ee4a02d10e3d05b7d0c312f1d340b07ce53e924a732d837ba2ecced6e9b7781f3fc5.jpeg\" \/>\n\t<meta property=\"og:image:width\" content=\"714\" \/>\n\t<meta property=\"og:image:height\" content=\"1010\" \/>\n\t<meta property=\"og:image:type\" content=\"image\/jpeg\" \/>\n<meta name=\"twitter:card\" content=\"summary_large_image\" \/>\n<script type=\"application\/ld+json\" class=\"yoast-schema-graph\">{\"@context\":\"https:\\\/\\\/schema.org\",\"@graph\":[{\"@type\":\"WebPage\",\"@id\":\"https:\\\/\\\/www.koonings.com\\\/de\\\/product\\\/modeca-curves-doan-c-2\\\/\",\"url\":\"https:\\\/\\\/www.koonings.com\\\/de\\\/product\\\/modeca-curves-doan-c-2\\\/\",\"name\":\"Modeca Curves Doan-C | Koonings\",\"isPartOf\":{\"@id\":\"https:\\\/\\\/www.koonings.com\\\/de\\\/#website\"},\"primaryImageOfPage\":{\"@id\":\"https:\\\/\\\/www.koonings.com\\\/de\\\/product\\\/modeca-curves-doan-c-2\\\/#primaryimage\"},\"image\":{\"@id\":\"https:\\\/\\\/www.koonings.com\\\/de\\\/product\\\/modeca-curves-doan-c-2\\\/#primaryimage\"},\"thumbnailUrl\":\"https:\\\/\\\/www.koonings.com\\\/wp-content\\\/uploads\\\/2024\\\/11\\\/49000_9c39ee4a02d10e3d05b7d0c312f1d340b07ce53e924a732d837ba2ecced6e9b7781f3fc5.jpeg\",\"datePublished\":\"2024-11-05T18:44:03+00:00\",\"description\":\"Umarmen Sie Ihre herrlichen Kurven in diesem taillierten Hochzeitskleid. Doan-C ist eine Krepp-Sch\u00f6nheit mit einem weichen, herzf\u00f6rmigen Ausschnitt f\u00fcr einen romantischen Touch. Die schlichte Silhouette wird durch klare Linien und einen hohen Schlitz akzentuiert. F\u00fcr zus\u00e4tzliche Vielseitigkeit bieten abnehmbare schulterfreie \u00c4rmel eine M\u00f6glichkeit, Ihren Look zu personalisieren.\",\"breadcrumb\":{\"@id\":\"https:\\\/\\\/www.koonings.com\\\/de\\\/product\\\/modeca-curves-doan-c-2\\\/#breadcrumb\"},\"inLanguage\":\"de\",\"potentialAction\":[{\"@type\":\"ReadAction\",\"target\":[\"https:\\\/\\\/www.koonings.com\\\/de\\\/product\\\/modeca-curves-doan-c-2\\\/\"]}]},{\"@type\":\"ImageObject\",\"inLanguage\":\"de\",\"@id\":\"https:\\\/\\\/www.koonings.com\\\/de\\\/product\\\/modeca-curves-doan-c-2\\\/#primaryimage\",\"url\":\"https:\\\/\\\/www.koonings.com\\\/wp-content\\\/uploads\\\/2024\\\/11\\\/49000_9c39ee4a02d10e3d05b7d0c312f1d340b07ce53e924a732d837ba2ecced6e9b7781f3fc5.jpeg\",\"contentUrl\":\"https:\\\/\\\/www.koonings.com\\\/wp-content\\\/uploads\\\/2024\\\/11\\\/49000_9c39ee4a02d10e3d05b7d0c312f1d340b07ce53e924a732d837ba2ecced6e9b7781f3fc5.jpeg\",\"width\":714,\"height\":1010},{\"@type\":\"BreadcrumbList\",\"@id\":\"https:\\\/\\\/www.koonings.com\\\/de\\\/product\\\/modeca-curves-doan-c-2\\\/#breadcrumb\",\"itemListElement\":[{\"@type\":\"ListItem\",\"position\":1,\"name\":\"Home\",\"item\":\"https:\\\/\\\/www.koonings.com\\\/de\\\/\"},{\"@type\":\"ListItem\",\"position\":2,\"name\":\"Modeca Curves Doan-C\"}]},{\"@type\":\"WebSite\",\"@id\":\"https:\\\/\\\/www.koonings.com\\\/de\\\/#website\",\"url\":\"https:\\\/\\\/www.koonings.com\\\/de\\\/\",\"name\":\"Koonings\",\"description\":\"De grootste bruidsmodewinkel ter wereld\",\"publisher\":{\"@id\":\"https:\\\/\\\/www.koonings.com\\\/de\\\/#organization\"},\"potentialAction\":[{\"@type\":\"SearchAction\",\"target\":{\"@type\":\"EntryPoint\",\"urlTemplate\":\"https:\\\/\\\/www.koonings.com\\\/de\\\/?s={search_term_string}\"},\"query-input\":{\"@type\":\"PropertyValueSpecification\",\"valueRequired\":true,\"valueName\":\"search_term_string\"}}],\"inLanguage\":\"de\"},{\"@type\":\"Organization\",\"@id\":\"https:\\\/\\\/www.koonings.com\\\/de\\\/#organization\",\"name\":\"Koonings\",\"url\":\"https:\\\/\\\/www.koonings.com\\\/de\\\/\",\"logo\":{\"@type\":\"ImageObject\",\"inLanguage\":\"de\",\"@id\":\"https:\\\/\\\/www.koonings.com\\\/de\\\/#\\\/schema\\\/logo\\\/image\\\/\",\"url\":\"https:\\\/\\\/www.koonings.com\\\/wp-content\\\/uploads\\\/2024\\\/07\\\/logo.png\",\"contentUrl\":\"https:\\\/\\\/www.koonings.com\\\/wp-content\\\/uploads\\\/2024\\\/07\\\/logo.png\",\"width\":600,\"height\":428,\"caption\":\"Koonings\"},\"image\":{\"@id\":\"https:\\\/\\\/www.koonings.com\\\/de\\\/#\\\/schema\\\/logo\\\/image\\\/\"},\"sameAs\":[\"https:\\\/\\\/www.facebook.com\\\/kooningstheweddingpalace\",\"https:\\\/\\\/www.instagram.com\\\/kooningstheweddingpalace\",\"https:\\\/\\\/www.pinterest.com\\\/koonings\",\"https:\\\/\\\/www.youtube.com\\\/kooningstheweddingpalace\"]}]}<\/script>\n<!-- \/ Yoast SEO plugin. -->","yoast_head_json":{"title":"Modeca Curves Doan-C | Koonings","description":"Umarmen Sie Ihre herrlichen Kurven in diesem taillierten Hochzeitskleid. Doan-C ist eine Krepp-Sch\u00f6nheit mit einem weichen, herzf\u00f6rmigen Ausschnitt f\u00fcr einen romantischen Touch. Die schlichte Silhouette wird durch klare Linien und einen hohen Schlitz akzentuiert. F\u00fcr zus\u00e4tzliche Vielseitigkeit bieten abnehmbare schulterfreie \u00c4rmel eine M\u00f6glichkeit, Ihren Look zu personalisieren.","robots":{"index":"index","follow":"follow","max-snippet":"max-snippet:-1","max-image-preview":"max-image-preview:large","max-video-preview":"max-video-preview:-1"},"canonical":"https:\/\/www.koonings.com\/de\/product\/modeca-curves-doan-c-2\/","og_locale":"de_DE","og_type":"article","og_title":"Modeca Curves Doan-C | Koonings","og_description":"Umarmen Sie Ihre herrlichen Kurven in diesem taillierten Hochzeitskleid. Doan-C ist eine Krepp-Sch\u00f6nheit mit einem weichen, herzf\u00f6rmigen Ausschnitt f\u00fcr einen romantischen Touch. Die schlichte Silhouette wird durch klare Linien und einen hohen Schlitz akzentuiert. F\u00fcr zus\u00e4tzliche Vielseitigkeit bieten abnehmbare schulterfreie \u00c4rmel eine M\u00f6glichkeit, Ihren Look zu personalisieren.","og_url":"https:\/\/www.koonings.com\/de\/product\/modeca-curves-doan-c-2\/","og_site_name":"Koonings","article_publisher":"https:\/\/www.facebook.com\/kooningstheweddingpalace","og_image":[{"width":714,"height":1010,"url":"https:\/\/www.koonings.com\/wp-content\/uploads\/2024\/11\/49000_9c39ee4a02d10e3d05b7d0c312f1d340b07ce53e924a732d837ba2ecced6e9b7781f3fc5.jpeg","type":"image\/jpeg"}],"twitter_card":"summary_large_image","schema":{"@context":"https:\/\/schema.org","@graph":[{"@type":"WebPage","@id":"https:\/\/www.koonings.com\/de\/product\/modeca-curves-doan-c-2\/","url":"https:\/\/www.koonings.com\/de\/product\/modeca-curves-doan-c-2\/","name":"Modeca Curves Doan-C | Koonings","isPartOf":{"@id":"https:\/\/www.koonings.com\/de\/#website"},"primaryImageOfPage":{"@id":"https:\/\/www.koonings.com\/de\/product\/modeca-curves-doan-c-2\/#primaryimage"},"image":{"@id":"https:\/\/www.koonings.com\/de\/product\/modeca-curves-doan-c-2\/#primaryimage"},"thumbnailUrl":"https:\/\/www.koonings.com\/wp-content\/uploads\/2024\/11\/49000_9c39ee4a02d10e3d05b7d0c312f1d340b07ce53e924a732d837ba2ecced6e9b7781f3fc5.jpeg","datePublished":"2024-11-05T18:44:03+00:00","description":"Umarmen Sie Ihre herrlichen Kurven in diesem taillierten Hochzeitskleid. Doan-C ist eine Krepp-Sch\u00f6nheit mit einem weichen, herzf\u00f6rmigen Ausschnitt f\u00fcr einen romantischen Touch. Die schlichte Silhouette wird durch klare Linien und einen hohen Schlitz akzentuiert. F\u00fcr zus\u00e4tzliche Vielseitigkeit bieten abnehmbare schulterfreie \u00c4rmel eine M\u00f6glichkeit, Ihren Look zu personalisieren.","breadcrumb":{"@id":"https:\/\/www.koonings.com\/de\/product\/modeca-curves-doan-c-2\/#breadcrumb"},"inLanguage":"de","potentialAction":[{"@type":"ReadAction","target":["https:\/\/www.koonings.com\/de\/product\/modeca-curves-doan-c-2\/"]}]},{"@type":"ImageObject","inLanguage":"de","@id":"https:\/\/www.koonings.com\/de\/product\/modeca-curves-doan-c-2\/#primaryimage","url":"https:\/\/www.koonings.com\/wp-content\/uploads\/2024\/11\/49000_9c39ee4a02d10e3d05b7d0c312f1d340b07ce53e924a732d837ba2ecced6e9b7781f3fc5.jpeg","contentUrl":"https:\/\/www.koonings.com\/wp-content\/uploads\/2024\/11\/49000_9c39ee4a02d10e3d05b7d0c312f1d340b07ce53e924a732d837ba2ecced6e9b7781f3fc5.jpeg","width":714,"height":1010},{"@type":"BreadcrumbList","@id":"https:\/\/www.koonings.com\/de\/product\/modeca-curves-doan-c-2\/#breadcrumb","itemListElement":[{"@type":"ListItem","position":1,"name":"Home","item":"https:\/\/www.koonings.com\/de\/"},{"@type":"ListItem","position":2,"name":"Modeca Curves Doan-C"}]},{"@type":"WebSite","@id":"https:\/\/www.koonings.com\/de\/#website","url":"https:\/\/www.koonings.com\/de\/","name":"Koonings","description":"De grootste bruidsmodewinkel ter wereld","publisher":{"@id":"https:\/\/www.koonings.com\/de\/#organization"},"potentialAction":[{"@type":"SearchAction","target":{"@type":"EntryPoint","urlTemplate":"https:\/\/www.koonings.com\/de\/?s={search_term_string}"},"query-input":{"@type":"PropertyValueSpecification","valueRequired":true,"valueName":"search_term_string"}}],"inLanguage":"de"},{"@type":"Organization","@id":"https:\/\/www.koonings.com\/de\/#organization","name":"Koonings","url":"https:\/\/www.koonings.com\/de\/","logo":{"@type":"ImageObject","inLanguage":"de","@id":"https:\/\/www.koonings.com\/de\/#\/schema\/logo\/image\/","url":"https:\/\/www.koonings.com\/wp-content\/uploads\/2024\/07\/logo.png","contentUrl":"https:\/\/www.koonings.com\/wp-content\/uploads\/2024\/07\/logo.png","width":600,"height":428,"caption":"Koonings"},"image":{"@id":"https:\/\/www.koonings.com\/de\/#\/schema\/logo\/image\/"},"sameAs":["https:\/\/www.facebook.com\/kooningstheweddingpalace","https:\/\/www.instagram.com\/kooningstheweddingpalace","https:\/\/www.pinterest.com\/koonings","https:\/\/www.youtube.com\/kooningstheweddingpalace"]}]}},"_links":{"self":[{"href":"https:\/\/www.koonings.com\/de\/wp-json\/wp\/v2\/product\/59625","targetHints":{"allow":["GET"]}}],"collection":[{"href":"https:\/\/www.koonings.com\/de\/wp-json\/wp\/v2\/product"}],"about":[{"href":"https:\/\/www.koonings.com\/de\/wp-json\/wp\/v2\/types\/product"}],"wp:featuredmedia":[{"embeddable":true,"href":"https:\/\/www.koonings.com\/de\/wp-json\/wp\/v2\/media\/54063"}],"wp:attachment":[{"href":"https:\/\/www.koonings.com\/de\/wp-json\/wp\/v2\/media?parent=59625"}],"wp:term":[{"taxonomy":"productdetails","embeddable":true,"href":"https:\/\/www.koonings.com\/de\/wp-json\/wp\/v2\/productdetails?post=59625"},{"taxonomy":"productneck","embeddable":true,"href":"https:\/\/www.koonings.com\/de\/wp-json\/wp\/v2\/productneck?post=59625"},{"taxonomy":"productcolor","embeddable":true,"href":"https:\/\/www.koonings.com\/de\/wp-json\/wp\/v2\/productcolor?post=59625"},{"taxonomy":"maat","embeddable":true,"href":"https:\/\/www.koonings.com\/de\/wp-json\/wp\/v2\/maat?post=59625"},{"taxonomy":"productsupplier","embeddable":true,"href":"https:\/\/www.koonings.com\/de\/wp-json\/wp\/v2\/productsupplier?post=59625"},{"taxonomy":"productsleeve","embeddable":true,"href":"https:\/\/www.koonings.com\/de\/wp-json\/wp\/v2\/productsleeve?post=59625"},{"taxonomy":"productcategory","embeddable":true,"href":"https:\/\/www.koonings.com\/de\/wp-json\/wp\/v2\/productcategory?post=59625"},{"taxonomy":"productsilhouette","embeddable":true,"href":"https:\/\/www.koonings.com\/de\/wp-json\/wp\/v2\/productsilhouette?post=59625"},{"taxonomy":"productstyle","embeddable":true,"href":"https:\/\/www.koonings.com\/de\/wp-json\/wp\/v2\/productstyle?post=59625"}],"curies":[{"name":"wp","href":"https:\/\/api.w.org\/{rel}","templated":true}]}}