{"id":59620,"date":"2024-11-18T15:48:42","date_gmt":"2024-11-18T14:48:42","guid":{"rendered":"https:\/\/www.koonings.com\/product\/modeca-curves-dreamer-c-2\/"},"modified":"2026-02-03T19:07:41","modified_gmt":"2026-02-03T18:07:41","slug":"modeca-curves-dreamer-c-2","status":"publish","type":"product","link":"https:\/\/www.koonings.com\/de\/product\/modeca-curves-dreamer-c-2\/","title":{"rendered":"Modeca Kurven Dreamer-C"},"content":{"rendered":"<p>Klassisch, vertr\u00e4umt und absolut zeitlos: Dieses Ballkleid ist wie geschaffen f\u00fcr die moderne romantische Braut. Das Mieder ist mit zarter Spitze und schimmernden Pailletten verziert, die Ihrem Brautlook einen Hauch von Glanz verleihen. Es ist mit einem eingesetzten Bauchband an der Taille versehen, um Ihre Form zu akzentuieren. Praktisches Design trifft auf Raffinesse mit zus\u00e4tzlichen Taschen und f\u00fcr zus\u00e4tzliche Vielseitigkeit hat Dreamer-C abnehmbare 3\/4-\u00c4rmel.   <\/p>\n","protected":false},"featured_media":54076,"template":"","meta":{"_acf_changed":false,"ghostkit_customizer_options":"","ghostkit_custom_css":"","ghostkit_custom_js_head":"","ghostkit_custom_js_foot":"","ghostkit_typography":""},"productdetails":[],"productneck":[356],"productcolor":[393,392],"maat":[375],"productsupplier":[439],"productsleeve":[359],"productcategory":[18],"productsilhouette":[384,389],"productstyle":[369,366],"class_list":["post-59620","product","type-product","status-publish","has-post-thumbnail","hentry","productneck-356","productcolor-393","productcolor-392","maat-375","productsupplier-modeca-curves","productsleeve-359","productcategory-trouwjurken","productsilhouette-384","productsilhouette-389","productstyle-369","productstyle-366"],"acf":[],"yoast_head":"<!-- This site is optimized with the Yoast SEO plugin v27.3 - https:\/\/yoast.com\/product\/yoast-seo-wordpress\/ -->\n<title>Modeca Kurven Dreamer-C | Koonings<\/title>\n<meta name=\"description\" content=\"Klassisch, vertr\u00e4umt und absolut zeitlos: Dieses Ballkleid ist wie geschaffen f\u00fcr die moderne romantische Braut. Das Mieder ist mit zarter Spitze und schimmernden Pailletten verziert, die Ihrem Brautlook einen Hauch von Glanz verleihen. Es ist mit einem eingesetzten Bauchband an der Taille versehen, um Ihre Form zu akzentuieren. Praktisches Design trifft auf Raffinesse mit zus\u00e4tzlichen Taschen und f\u00fcr zus\u00e4tzliche Vielseitigkeit hat Dreamer-C abnehmbare 3\/4-\u00c4rmel.\" \/>\n<meta name=\"robots\" content=\"index, follow, max-snippet:-1, max-image-preview:large, max-video-preview:-1\" \/>\n<link rel=\"canonical\" href=\"https:\/\/www.koonings.com\/de\/product\/modeca-curves-dreamer-c-2\/\" \/>\n<meta property=\"og:locale\" content=\"de_DE\" \/>\n<meta property=\"og:type\" content=\"article\" \/>\n<meta property=\"og:title\" content=\"Modeca Kurven Dreamer-C | Koonings\" \/>\n<meta property=\"og:description\" content=\"Klassisch, vertr\u00e4umt und absolut zeitlos: Dieses Ballkleid ist wie geschaffen f\u00fcr die moderne romantische Braut. Das Mieder ist mit zarter Spitze und schimmernden Pailletten verziert, die Ihrem Brautlook einen Hauch von Glanz verleihen. Es ist mit einem eingesetzten Bauchband an der Taille versehen, um Ihre Form zu akzentuieren. Praktisches Design trifft auf Raffinesse mit zus\u00e4tzlichen Taschen und f\u00fcr zus\u00e4tzliche Vielseitigkeit hat Dreamer-C abnehmbare 3\/4-\u00c4rmel.\" \/>\n<meta property=\"og:url\" content=\"https:\/\/www.koonings.com\/de\/product\/modeca-curves-dreamer-c-2\/\" \/>\n<meta property=\"og:site_name\" content=\"Koonings\" \/>\n<meta property=\"article:publisher\" content=\"https:\/\/www.facebook.com\/kooningstheweddingpalace\" \/>\n<meta property=\"article:modified_time\" content=\"2026-02-03T18:07:41+00:00\" \/>\n<meta property=\"og:image\" content=\"https:\/\/www.koonings.com\/wp-content\/uploads\/2024\/11\/49002_56bc847f71914d3ba3eec4dd9706e2d905a02ce425f460434461b8e1048f6abc706955f1.jpeg\" \/>\n\t<meta property=\"og:image:width\" content=\"650\" \/>\n\t<meta property=\"og:image:height\" content=\"918\" \/>\n\t<meta property=\"og:image:type\" content=\"image\/jpeg\" \/>\n<meta name=\"twitter:card\" content=\"summary_large_image\" \/>\n<script type=\"application\/ld+json\" class=\"yoast-schema-graph\">{\"@context\":\"https:\\\/\\\/schema.org\",\"@graph\":[{\"@type\":\"WebPage\",\"@id\":\"https:\\\/\\\/www.koonings.com\\\/de\\\/product\\\/modeca-curves-dreamer-c-2\\\/\",\"url\":\"https:\\\/\\\/www.koonings.com\\\/de\\\/product\\\/modeca-curves-dreamer-c-2\\\/\",\"name\":\"Modeca Kurven Dreamer-C | Koonings\",\"isPartOf\":{\"@id\":\"https:\\\/\\\/www.koonings.com\\\/de\\\/#website\"},\"primaryImageOfPage\":{\"@id\":\"https:\\\/\\\/www.koonings.com\\\/de\\\/product\\\/modeca-curves-dreamer-c-2\\\/#primaryimage\"},\"image\":{\"@id\":\"https:\\\/\\\/www.koonings.com\\\/de\\\/product\\\/modeca-curves-dreamer-c-2\\\/#primaryimage\"},\"thumbnailUrl\":\"https:\\\/\\\/www.koonings.com\\\/wp-content\\\/uploads\\\/2024\\\/11\\\/49002_56bc847f71914d3ba3eec4dd9706e2d905a02ce425f460434461b8e1048f6abc706955f1.jpeg\",\"datePublished\":\"2024-11-18T14:48:42+00:00\",\"dateModified\":\"2026-02-03T18:07:41+00:00\",\"description\":\"Klassisch, vertr\u00e4umt und absolut zeitlos: Dieses Ballkleid ist wie geschaffen f\u00fcr die moderne romantische Braut. Das Mieder ist mit zarter Spitze und schimmernden Pailletten verziert, die Ihrem Brautlook einen Hauch von Glanz verleihen. Es ist mit einem eingesetzten Bauchband an der Taille versehen, um Ihre Form zu akzentuieren. Praktisches Design trifft auf Raffinesse mit zus\u00e4tzlichen Taschen und f\u00fcr zus\u00e4tzliche Vielseitigkeit hat Dreamer-C abnehmbare 3\\\/4-\u00c4rmel.\",\"breadcrumb\":{\"@id\":\"https:\\\/\\\/www.koonings.com\\\/de\\\/product\\\/modeca-curves-dreamer-c-2\\\/#breadcrumb\"},\"inLanguage\":\"de\",\"potentialAction\":[{\"@type\":\"ReadAction\",\"target\":[\"https:\\\/\\\/www.koonings.com\\\/de\\\/product\\\/modeca-curves-dreamer-c-2\\\/\"]}]},{\"@type\":\"ImageObject\",\"inLanguage\":\"de\",\"@id\":\"https:\\\/\\\/www.koonings.com\\\/de\\\/product\\\/modeca-curves-dreamer-c-2\\\/#primaryimage\",\"url\":\"https:\\\/\\\/www.koonings.com\\\/wp-content\\\/uploads\\\/2024\\\/11\\\/49002_56bc847f71914d3ba3eec4dd9706e2d905a02ce425f460434461b8e1048f6abc706955f1.jpeg\",\"contentUrl\":\"https:\\\/\\\/www.koonings.com\\\/wp-content\\\/uploads\\\/2024\\\/11\\\/49002_56bc847f71914d3ba3eec4dd9706e2d905a02ce425f460434461b8e1048f6abc706955f1.jpeg\",\"width\":650,\"height\":918},{\"@type\":\"BreadcrumbList\",\"@id\":\"https:\\\/\\\/www.koonings.com\\\/de\\\/product\\\/modeca-curves-dreamer-c-2\\\/#breadcrumb\",\"itemListElement\":[{\"@type\":\"ListItem\",\"position\":1,\"name\":\"Home\",\"item\":\"https:\\\/\\\/www.koonings.com\\\/de\\\/\"},{\"@type\":\"ListItem\",\"position\":2,\"name\":\"Modeca Kurven Dreamer-C\"}]},{\"@type\":\"WebSite\",\"@id\":\"https:\\\/\\\/www.koonings.com\\\/de\\\/#website\",\"url\":\"https:\\\/\\\/www.koonings.com\\\/de\\\/\",\"name\":\"Koonings\",\"description\":\"De grootste bruidsmodewinkel ter wereld\",\"publisher\":{\"@id\":\"https:\\\/\\\/www.koonings.com\\\/de\\\/#organization\"},\"potentialAction\":[{\"@type\":\"SearchAction\",\"target\":{\"@type\":\"EntryPoint\",\"urlTemplate\":\"https:\\\/\\\/www.koonings.com\\\/de\\\/?s={search_term_string}\"},\"query-input\":{\"@type\":\"PropertyValueSpecification\",\"valueRequired\":true,\"valueName\":\"search_term_string\"}}],\"inLanguage\":\"de\"},{\"@type\":\"Organization\",\"@id\":\"https:\\\/\\\/www.koonings.com\\\/de\\\/#organization\",\"name\":\"Koonings\",\"url\":\"https:\\\/\\\/www.koonings.com\\\/de\\\/\",\"logo\":{\"@type\":\"ImageObject\",\"inLanguage\":\"de\",\"@id\":\"https:\\\/\\\/www.koonings.com\\\/de\\\/#\\\/schema\\\/logo\\\/image\\\/\",\"url\":\"https:\\\/\\\/www.koonings.com\\\/wp-content\\\/uploads\\\/2024\\\/07\\\/logo.png\",\"contentUrl\":\"https:\\\/\\\/www.koonings.com\\\/wp-content\\\/uploads\\\/2024\\\/07\\\/logo.png\",\"width\":600,\"height\":428,\"caption\":\"Koonings\"},\"image\":{\"@id\":\"https:\\\/\\\/www.koonings.com\\\/de\\\/#\\\/schema\\\/logo\\\/image\\\/\"},\"sameAs\":[\"https:\\\/\\\/www.facebook.com\\\/kooningstheweddingpalace\",\"https:\\\/\\\/www.instagram.com\\\/kooningstheweddingpalace\",\"https:\\\/\\\/www.pinterest.com\\\/koonings\",\"https:\\\/\\\/www.youtube.com\\\/kooningstheweddingpalace\"]}]}<\/script>\n<!-- \/ Yoast SEO plugin. -->","yoast_head_json":{"title":"Modeca Kurven Dreamer-C | Koonings","description":"Klassisch, vertr\u00e4umt und absolut zeitlos: Dieses Ballkleid ist wie geschaffen f\u00fcr die moderne romantische Braut. Das Mieder ist mit zarter Spitze und schimmernden Pailletten verziert, die Ihrem Brautlook einen Hauch von Glanz verleihen. Es ist mit einem eingesetzten Bauchband an der Taille versehen, um Ihre Form zu akzentuieren. Praktisches Design trifft auf Raffinesse mit zus\u00e4tzlichen Taschen und f\u00fcr zus\u00e4tzliche Vielseitigkeit hat Dreamer-C abnehmbare 3\/4-\u00c4rmel.","robots":{"index":"index","follow":"follow","max-snippet":"max-snippet:-1","max-image-preview":"max-image-preview:large","max-video-preview":"max-video-preview:-1"},"canonical":"https:\/\/www.koonings.com\/de\/product\/modeca-curves-dreamer-c-2\/","og_locale":"de_DE","og_type":"article","og_title":"Modeca Kurven Dreamer-C | Koonings","og_description":"Klassisch, vertr\u00e4umt und absolut zeitlos: Dieses Ballkleid ist wie geschaffen f\u00fcr die moderne romantische Braut. Das Mieder ist mit zarter Spitze und schimmernden Pailletten verziert, die Ihrem Brautlook einen Hauch von Glanz verleihen. Es ist mit einem eingesetzten Bauchband an der Taille versehen, um Ihre Form zu akzentuieren. Praktisches Design trifft auf Raffinesse mit zus\u00e4tzlichen Taschen und f\u00fcr zus\u00e4tzliche Vielseitigkeit hat Dreamer-C abnehmbare 3\/4-\u00c4rmel.","og_url":"https:\/\/www.koonings.com\/de\/product\/modeca-curves-dreamer-c-2\/","og_site_name":"Koonings","article_publisher":"https:\/\/www.facebook.com\/kooningstheweddingpalace","article_modified_time":"2026-02-03T18:07:41+00:00","og_image":[{"width":650,"height":918,"url":"https:\/\/www.koonings.com\/wp-content\/uploads\/2024\/11\/49002_56bc847f71914d3ba3eec4dd9706e2d905a02ce425f460434461b8e1048f6abc706955f1.jpeg","type":"image\/jpeg"}],"twitter_card":"summary_large_image","schema":{"@context":"https:\/\/schema.org","@graph":[{"@type":"WebPage","@id":"https:\/\/www.koonings.com\/de\/product\/modeca-curves-dreamer-c-2\/","url":"https:\/\/www.koonings.com\/de\/product\/modeca-curves-dreamer-c-2\/","name":"Modeca Kurven Dreamer-C | Koonings","isPartOf":{"@id":"https:\/\/www.koonings.com\/de\/#website"},"primaryImageOfPage":{"@id":"https:\/\/www.koonings.com\/de\/product\/modeca-curves-dreamer-c-2\/#primaryimage"},"image":{"@id":"https:\/\/www.koonings.com\/de\/product\/modeca-curves-dreamer-c-2\/#primaryimage"},"thumbnailUrl":"https:\/\/www.koonings.com\/wp-content\/uploads\/2024\/11\/49002_56bc847f71914d3ba3eec4dd9706e2d905a02ce425f460434461b8e1048f6abc706955f1.jpeg","datePublished":"2024-11-18T14:48:42+00:00","dateModified":"2026-02-03T18:07:41+00:00","description":"Klassisch, vertr\u00e4umt und absolut zeitlos: Dieses Ballkleid ist wie geschaffen f\u00fcr die moderne romantische Braut. Das Mieder ist mit zarter Spitze und schimmernden Pailletten verziert, die Ihrem Brautlook einen Hauch von Glanz verleihen. Es ist mit einem eingesetzten Bauchband an der Taille versehen, um Ihre Form zu akzentuieren. Praktisches Design trifft auf Raffinesse mit zus\u00e4tzlichen Taschen und f\u00fcr zus\u00e4tzliche Vielseitigkeit hat Dreamer-C abnehmbare 3\/4-\u00c4rmel.","breadcrumb":{"@id":"https:\/\/www.koonings.com\/de\/product\/modeca-curves-dreamer-c-2\/#breadcrumb"},"inLanguage":"de","potentialAction":[{"@type":"ReadAction","target":["https:\/\/www.koonings.com\/de\/product\/modeca-curves-dreamer-c-2\/"]}]},{"@type":"ImageObject","inLanguage":"de","@id":"https:\/\/www.koonings.com\/de\/product\/modeca-curves-dreamer-c-2\/#primaryimage","url":"https:\/\/www.koonings.com\/wp-content\/uploads\/2024\/11\/49002_56bc847f71914d3ba3eec4dd9706e2d905a02ce425f460434461b8e1048f6abc706955f1.jpeg","contentUrl":"https:\/\/www.koonings.com\/wp-content\/uploads\/2024\/11\/49002_56bc847f71914d3ba3eec4dd9706e2d905a02ce425f460434461b8e1048f6abc706955f1.jpeg","width":650,"height":918},{"@type":"BreadcrumbList","@id":"https:\/\/www.koonings.com\/de\/product\/modeca-curves-dreamer-c-2\/#breadcrumb","itemListElement":[{"@type":"ListItem","position":1,"name":"Home","item":"https:\/\/www.koonings.com\/de\/"},{"@type":"ListItem","position":2,"name":"Modeca Kurven Dreamer-C"}]},{"@type":"WebSite","@id":"https:\/\/www.koonings.com\/de\/#website","url":"https:\/\/www.koonings.com\/de\/","name":"Koonings","description":"De grootste bruidsmodewinkel ter wereld","publisher":{"@id":"https:\/\/www.koonings.com\/de\/#organization"},"potentialAction":[{"@type":"SearchAction","target":{"@type":"EntryPoint","urlTemplate":"https:\/\/www.koonings.com\/de\/?s={search_term_string}"},"query-input":{"@type":"PropertyValueSpecification","valueRequired":true,"valueName":"search_term_string"}}],"inLanguage":"de"},{"@type":"Organization","@id":"https:\/\/www.koonings.com\/de\/#organization","name":"Koonings","url":"https:\/\/www.koonings.com\/de\/","logo":{"@type":"ImageObject","inLanguage":"de","@id":"https:\/\/www.koonings.com\/de\/#\/schema\/logo\/image\/","url":"https:\/\/www.koonings.com\/wp-content\/uploads\/2024\/07\/logo.png","contentUrl":"https:\/\/www.koonings.com\/wp-content\/uploads\/2024\/07\/logo.png","width":600,"height":428,"caption":"Koonings"},"image":{"@id":"https:\/\/www.koonings.com\/de\/#\/schema\/logo\/image\/"},"sameAs":["https:\/\/www.facebook.com\/kooningstheweddingpalace","https:\/\/www.instagram.com\/kooningstheweddingpalace","https:\/\/www.pinterest.com\/koonings","https:\/\/www.youtube.com\/kooningstheweddingpalace"]}]}},"_links":{"self":[{"href":"https:\/\/www.koonings.com\/de\/wp-json\/wp\/v2\/product\/59620","targetHints":{"allow":["GET"]}}],"collection":[{"href":"https:\/\/www.koonings.com\/de\/wp-json\/wp\/v2\/product"}],"about":[{"href":"https:\/\/www.koonings.com\/de\/wp-json\/wp\/v2\/types\/product"}],"wp:featuredmedia":[{"embeddable":true,"href":"https:\/\/www.koonings.com\/de\/wp-json\/wp\/v2\/media\/54076"}],"wp:attachment":[{"href":"https:\/\/www.koonings.com\/de\/wp-json\/wp\/v2\/media?parent=59620"}],"wp:term":[{"taxonomy":"productdetails","embeddable":true,"href":"https:\/\/www.koonings.com\/de\/wp-json\/wp\/v2\/productdetails?post=59620"},{"taxonomy":"productneck","embeddable":true,"href":"https:\/\/www.koonings.com\/de\/wp-json\/wp\/v2\/productneck?post=59620"},{"taxonomy":"productcolor","embeddable":true,"href":"https:\/\/www.koonings.com\/de\/wp-json\/wp\/v2\/productcolor?post=59620"},{"taxonomy":"maat","embeddable":true,"href":"https:\/\/www.koonings.com\/de\/wp-json\/wp\/v2\/maat?post=59620"},{"taxonomy":"productsupplier","embeddable":true,"href":"https:\/\/www.koonings.com\/de\/wp-json\/wp\/v2\/productsupplier?post=59620"},{"taxonomy":"productsleeve","embeddable":true,"href":"https:\/\/www.koonings.com\/de\/wp-json\/wp\/v2\/productsleeve?post=59620"},{"taxonomy":"productcategory","embeddable":true,"href":"https:\/\/www.koonings.com\/de\/wp-json\/wp\/v2\/productcategory?post=59620"},{"taxonomy":"productsilhouette","embeddable":true,"href":"https:\/\/www.koonings.com\/de\/wp-json\/wp\/v2\/productsilhouette?post=59620"},{"taxonomy":"productstyle","embeddable":true,"href":"https:\/\/www.koonings.com\/de\/wp-json\/wp\/v2\/productstyle?post=59620"}],"curies":[{"name":"wp","href":"https:\/\/api.w.org\/{rel}","templated":true}]}}