{"id":59569,"date":"2026-05-06T15:26:33","date_gmt":"2026-05-06T13:26:33","guid":{"rendered":"https:\/\/www.koonings.com\/product\/enzoani-blue-collection-susan-2\/"},"modified":"2025-06-05T13:22:04","modified_gmt":"2025-06-05T11:22:04","slug":"enzoani-blue-collection-susan-2","status":"publish","type":"product","link":"https:\/\/www.koonings.com\/de\/product\/enzoani-blue-collection-susan-2\/","title":{"rendered":"Enzoani Blue collection Susan"},"content":{"rendered":"<p>Verk\u00f6rpern Sie die Perfektion einer Braut in SUSAN. Dieses bezaubernde Meerjungfrauen-Hochzeitskleid besticht durch aufw\u00e4ndig bestickte Blumenspitze, funkelnde Perlenspitze und atemberaubende 3D-Mikado-Blumenapplikationen, die einen Look von himmlischer Sch\u00f6nheit und Romantik schaffen. Das eng anliegende Mieder mit herzf\u00f6rmigem Ausschnitt schmeichelt den Kurven und betont sie, w\u00e4hrend der ausgestellte Rock f\u00fcr Bewegung und Anmut sorgt, damit Sie an Ihrem besonderen Tag br\u00e4utliche Eleganz sp\u00fcren.  <\/p>\n","protected":false},"featured_media":50889,"template":"","meta":{"_acf_changed":false,"ghostkit_customizer_options":"","ghostkit_custom_css":"","ghostkit_custom_js_head":"","ghostkit_custom_js_foot":"","ghostkit_typography":""},"productdetails":[379,376],"productneck":[356],"productcolor":[393,392],"maat":[],"productsupplier":[405],"productsleeve":[359],"productcategory":[18],"productsilhouette":[387],"productstyle":[366,370],"class_list":["post-59569","product","type-product","status-publish","has-post-thumbnail","hentry","productdetails-379","productdetails-376","productneck-356","productcolor-393","productcolor-392","productsupplier-enzoani-blue-collection","productsleeve-359","productcategory-trouwjurken","productsilhouette-387","productstyle-366","productstyle-370"],"acf":[],"yoast_head":"<!-- This site is optimized with the Yoast SEO plugin v27.3 - https:\/\/yoast.com\/product\/yoast-seo-wordpress\/ -->\n<title>Enzoani Blue collection Susan | Koonings<\/title>\n<meta name=\"description\" content=\"Verk\u00f6rpern Sie die Perfektion einer Braut in SUSAN. Dieses bezaubernde Meerjungfrauen-Hochzeitskleid besticht durch aufw\u00e4ndig bestickte Blumenspitze, funkelnde Perlenspitze und atemberaubende 3D-Mikado-Blumenapplikationen, die einen Look von himmlischer Sch\u00f6nheit und Romantik schaffen. Das eng anliegende Mieder mit herzf\u00f6rmigem Ausschnitt schmeichelt den Kurven und betont sie, w\u00e4hrend der ausgestellte Rock f\u00fcr Bewegung und Anmut sorgt, damit Sie an Ihrem besonderen Tag br\u00e4utliche Eleganz sp\u00fcren.\" \/>\n<meta name=\"robots\" content=\"index, follow, max-snippet:-1, max-image-preview:large, max-video-preview:-1\" \/>\n<link rel=\"canonical\" href=\"https:\/\/www.koonings.com\/de\/product\/enzoani-blue-collection-susan-2\/\" \/>\n<meta property=\"og:locale\" content=\"de_DE\" \/>\n<meta property=\"og:type\" content=\"article\" \/>\n<meta property=\"og:title\" content=\"Enzoani Blue collection Susan | Koonings\" \/>\n<meta property=\"og:description\" content=\"Verk\u00f6rpern Sie die Perfektion einer Braut in SUSAN. Dieses bezaubernde Meerjungfrauen-Hochzeitskleid besticht durch aufw\u00e4ndig bestickte Blumenspitze, funkelnde Perlenspitze und atemberaubende 3D-Mikado-Blumenapplikationen, die einen Look von himmlischer Sch\u00f6nheit und Romantik schaffen. Das eng anliegende Mieder mit herzf\u00f6rmigem Ausschnitt schmeichelt den Kurven und betont sie, w\u00e4hrend der ausgestellte Rock f\u00fcr Bewegung und Anmut sorgt, damit Sie an Ihrem besonderen Tag br\u00e4utliche Eleganz sp\u00fcren.\" \/>\n<meta property=\"og:url\" content=\"https:\/\/www.koonings.com\/de\/product\/enzoani-blue-collection-susan-2\/\" \/>\n<meta property=\"og:site_name\" content=\"Koonings\" \/>\n<meta property=\"article:publisher\" content=\"https:\/\/www.facebook.com\/kooningstheweddingpalace\" \/>\n<meta property=\"og:image\" content=\"https:\/\/www.koonings.com\/wp-content\/uploads\/2024\/11\/41165_35bf72ff62bf8484ff6d0199d4d52df1a08cd8ba58b27783c6d12cfbfc5f69f956bedd99.jpeg\" \/>\n\t<meta property=\"og:image:width\" content=\"1035\" \/>\n\t<meta property=\"og:image:height\" content=\"1380\" \/>\n\t<meta property=\"og:image:type\" content=\"image\/jpeg\" \/>\n<meta name=\"twitter:card\" content=\"summary_large_image\" \/>\n<script type=\"application\/ld+json\" class=\"yoast-schema-graph\">{\"@context\":\"https:\\\/\\\/schema.org\",\"@graph\":[{\"@type\":\"WebPage\",\"@id\":\"https:\\\/\\\/www.koonings.com\\\/de\\\/product\\\/enzoani-blue-collection-susan-2\\\/\",\"url\":\"https:\\\/\\\/www.koonings.com\\\/de\\\/product\\\/enzoani-blue-collection-susan-2\\\/\",\"name\":\"Enzoani Blue collection Susan | Koonings\",\"isPartOf\":{\"@id\":\"https:\\\/\\\/www.koonings.com\\\/de\\\/#website\"},\"primaryImageOfPage\":{\"@id\":\"https:\\\/\\\/www.koonings.com\\\/de\\\/product\\\/enzoani-blue-collection-susan-2\\\/#primaryimage\"},\"image\":{\"@id\":\"https:\\\/\\\/www.koonings.com\\\/de\\\/product\\\/enzoani-blue-collection-susan-2\\\/#primaryimage\"},\"thumbnailUrl\":\"https:\\\/\\\/www.koonings.com\\\/wp-content\\\/uploads\\\/2024\\\/11\\\/41165_35bf72ff62bf8484ff6d0199d4d52df1a08cd8ba58b27783c6d12cfbfc5f69f956bedd99.jpeg\",\"datePublished\":\"2026-05-06T13:26:33+00:00\",\"description\":\"Verk\u00f6rpern Sie die Perfektion einer Braut in SUSAN. Dieses bezaubernde Meerjungfrauen-Hochzeitskleid besticht durch aufw\u00e4ndig bestickte Blumenspitze, funkelnde Perlenspitze und atemberaubende 3D-Mikado-Blumenapplikationen, die einen Look von himmlischer Sch\u00f6nheit und Romantik schaffen. Das eng anliegende Mieder mit herzf\u00f6rmigem Ausschnitt schmeichelt den Kurven und betont sie, w\u00e4hrend der ausgestellte Rock f\u00fcr Bewegung und Anmut sorgt, damit Sie an Ihrem besonderen Tag br\u00e4utliche Eleganz sp\u00fcren.\",\"breadcrumb\":{\"@id\":\"https:\\\/\\\/www.koonings.com\\\/de\\\/product\\\/enzoani-blue-collection-susan-2\\\/#breadcrumb\"},\"inLanguage\":\"de\",\"potentialAction\":[{\"@type\":\"ReadAction\",\"target\":[\"https:\\\/\\\/www.koonings.com\\\/de\\\/product\\\/enzoani-blue-collection-susan-2\\\/\"]}]},{\"@type\":\"ImageObject\",\"inLanguage\":\"de\",\"@id\":\"https:\\\/\\\/www.koonings.com\\\/de\\\/product\\\/enzoani-blue-collection-susan-2\\\/#primaryimage\",\"url\":\"https:\\\/\\\/www.koonings.com\\\/wp-content\\\/uploads\\\/2024\\\/11\\\/41165_35bf72ff62bf8484ff6d0199d4d52df1a08cd8ba58b27783c6d12cfbfc5f69f956bedd99.jpeg\",\"contentUrl\":\"https:\\\/\\\/www.koonings.com\\\/wp-content\\\/uploads\\\/2024\\\/11\\\/41165_35bf72ff62bf8484ff6d0199d4d52df1a08cd8ba58b27783c6d12cfbfc5f69f956bedd99.jpeg\",\"width\":1035,\"height\":1380},{\"@type\":\"BreadcrumbList\",\"@id\":\"https:\\\/\\\/www.koonings.com\\\/de\\\/product\\\/enzoani-blue-collection-susan-2\\\/#breadcrumb\",\"itemListElement\":[{\"@type\":\"ListItem\",\"position\":1,\"name\":\"Home\",\"item\":\"https:\\\/\\\/www.koonings.com\\\/de\\\/\"},{\"@type\":\"ListItem\",\"position\":2,\"name\":\"Enzoani Blue collection Susan\"}]},{\"@type\":\"WebSite\",\"@id\":\"https:\\\/\\\/www.koonings.com\\\/de\\\/#website\",\"url\":\"https:\\\/\\\/www.koonings.com\\\/de\\\/\",\"name\":\"Koonings\",\"description\":\"De grootste bruidsmodewinkel ter wereld\",\"publisher\":{\"@id\":\"https:\\\/\\\/www.koonings.com\\\/de\\\/#organization\"},\"potentialAction\":[{\"@type\":\"SearchAction\",\"target\":{\"@type\":\"EntryPoint\",\"urlTemplate\":\"https:\\\/\\\/www.koonings.com\\\/de\\\/?s={search_term_string}\"},\"query-input\":{\"@type\":\"PropertyValueSpecification\",\"valueRequired\":true,\"valueName\":\"search_term_string\"}}],\"inLanguage\":\"de\"},{\"@type\":\"Organization\",\"@id\":\"https:\\\/\\\/www.koonings.com\\\/de\\\/#organization\",\"name\":\"Koonings\",\"url\":\"https:\\\/\\\/www.koonings.com\\\/de\\\/\",\"logo\":{\"@type\":\"ImageObject\",\"inLanguage\":\"de\",\"@id\":\"https:\\\/\\\/www.koonings.com\\\/de\\\/#\\\/schema\\\/logo\\\/image\\\/\",\"url\":\"https:\\\/\\\/www.koonings.com\\\/wp-content\\\/uploads\\\/2024\\\/07\\\/logo.png\",\"contentUrl\":\"https:\\\/\\\/www.koonings.com\\\/wp-content\\\/uploads\\\/2024\\\/07\\\/logo.png\",\"width\":600,\"height\":428,\"caption\":\"Koonings\"},\"image\":{\"@id\":\"https:\\\/\\\/www.koonings.com\\\/de\\\/#\\\/schema\\\/logo\\\/image\\\/\"},\"sameAs\":[\"https:\\\/\\\/www.facebook.com\\\/kooningstheweddingpalace\",\"https:\\\/\\\/www.instagram.com\\\/kooningstheweddingpalace\",\"https:\\\/\\\/www.pinterest.com\\\/koonings\",\"https:\\\/\\\/www.youtube.com\\\/kooningstheweddingpalace\"]}]}<\/script>\n<!-- \/ Yoast SEO plugin. -->","yoast_head_json":{"title":"Enzoani Blue collection Susan | Koonings","description":"Verk\u00f6rpern Sie die Perfektion einer Braut in SUSAN. Dieses bezaubernde Meerjungfrauen-Hochzeitskleid besticht durch aufw\u00e4ndig bestickte Blumenspitze, funkelnde Perlenspitze und atemberaubende 3D-Mikado-Blumenapplikationen, die einen Look von himmlischer Sch\u00f6nheit und Romantik schaffen. Das eng anliegende Mieder mit herzf\u00f6rmigem Ausschnitt schmeichelt den Kurven und betont sie, w\u00e4hrend der ausgestellte Rock f\u00fcr Bewegung und Anmut sorgt, damit Sie an Ihrem besonderen Tag br\u00e4utliche Eleganz sp\u00fcren.","robots":{"index":"index","follow":"follow","max-snippet":"max-snippet:-1","max-image-preview":"max-image-preview:large","max-video-preview":"max-video-preview:-1"},"canonical":"https:\/\/www.koonings.com\/de\/product\/enzoani-blue-collection-susan-2\/","og_locale":"de_DE","og_type":"article","og_title":"Enzoani Blue collection Susan | Koonings","og_description":"Verk\u00f6rpern Sie die Perfektion einer Braut in SUSAN. Dieses bezaubernde Meerjungfrauen-Hochzeitskleid besticht durch aufw\u00e4ndig bestickte Blumenspitze, funkelnde Perlenspitze und atemberaubende 3D-Mikado-Blumenapplikationen, die einen Look von himmlischer Sch\u00f6nheit und Romantik schaffen. Das eng anliegende Mieder mit herzf\u00f6rmigem Ausschnitt schmeichelt den Kurven und betont sie, w\u00e4hrend der ausgestellte Rock f\u00fcr Bewegung und Anmut sorgt, damit Sie an Ihrem besonderen Tag br\u00e4utliche Eleganz sp\u00fcren.","og_url":"https:\/\/www.koonings.com\/de\/product\/enzoani-blue-collection-susan-2\/","og_site_name":"Koonings","article_publisher":"https:\/\/www.facebook.com\/kooningstheweddingpalace","og_image":[{"width":1035,"height":1380,"url":"https:\/\/www.koonings.com\/wp-content\/uploads\/2024\/11\/41165_35bf72ff62bf8484ff6d0199d4d52df1a08cd8ba58b27783c6d12cfbfc5f69f956bedd99.jpeg","type":"image\/jpeg"}],"twitter_card":"summary_large_image","schema":{"@context":"https:\/\/schema.org","@graph":[{"@type":"WebPage","@id":"https:\/\/www.koonings.com\/de\/product\/enzoani-blue-collection-susan-2\/","url":"https:\/\/www.koonings.com\/de\/product\/enzoani-blue-collection-susan-2\/","name":"Enzoani Blue collection Susan | Koonings","isPartOf":{"@id":"https:\/\/www.koonings.com\/de\/#website"},"primaryImageOfPage":{"@id":"https:\/\/www.koonings.com\/de\/product\/enzoani-blue-collection-susan-2\/#primaryimage"},"image":{"@id":"https:\/\/www.koonings.com\/de\/product\/enzoani-blue-collection-susan-2\/#primaryimage"},"thumbnailUrl":"https:\/\/www.koonings.com\/wp-content\/uploads\/2024\/11\/41165_35bf72ff62bf8484ff6d0199d4d52df1a08cd8ba58b27783c6d12cfbfc5f69f956bedd99.jpeg","datePublished":"2026-05-06T13:26:33+00:00","description":"Verk\u00f6rpern Sie die Perfektion einer Braut in SUSAN. Dieses bezaubernde Meerjungfrauen-Hochzeitskleid besticht durch aufw\u00e4ndig bestickte Blumenspitze, funkelnde Perlenspitze und atemberaubende 3D-Mikado-Blumenapplikationen, die einen Look von himmlischer Sch\u00f6nheit und Romantik schaffen. Das eng anliegende Mieder mit herzf\u00f6rmigem Ausschnitt schmeichelt den Kurven und betont sie, w\u00e4hrend der ausgestellte Rock f\u00fcr Bewegung und Anmut sorgt, damit Sie an Ihrem besonderen Tag br\u00e4utliche Eleganz sp\u00fcren.","breadcrumb":{"@id":"https:\/\/www.koonings.com\/de\/product\/enzoani-blue-collection-susan-2\/#breadcrumb"},"inLanguage":"de","potentialAction":[{"@type":"ReadAction","target":["https:\/\/www.koonings.com\/de\/product\/enzoani-blue-collection-susan-2\/"]}]},{"@type":"ImageObject","inLanguage":"de","@id":"https:\/\/www.koonings.com\/de\/product\/enzoani-blue-collection-susan-2\/#primaryimage","url":"https:\/\/www.koonings.com\/wp-content\/uploads\/2024\/11\/41165_35bf72ff62bf8484ff6d0199d4d52df1a08cd8ba58b27783c6d12cfbfc5f69f956bedd99.jpeg","contentUrl":"https:\/\/www.koonings.com\/wp-content\/uploads\/2024\/11\/41165_35bf72ff62bf8484ff6d0199d4d52df1a08cd8ba58b27783c6d12cfbfc5f69f956bedd99.jpeg","width":1035,"height":1380},{"@type":"BreadcrumbList","@id":"https:\/\/www.koonings.com\/de\/product\/enzoani-blue-collection-susan-2\/#breadcrumb","itemListElement":[{"@type":"ListItem","position":1,"name":"Home","item":"https:\/\/www.koonings.com\/de\/"},{"@type":"ListItem","position":2,"name":"Enzoani Blue collection Susan"}]},{"@type":"WebSite","@id":"https:\/\/www.koonings.com\/de\/#website","url":"https:\/\/www.koonings.com\/de\/","name":"Koonings","description":"De grootste bruidsmodewinkel ter wereld","publisher":{"@id":"https:\/\/www.koonings.com\/de\/#organization"},"potentialAction":[{"@type":"SearchAction","target":{"@type":"EntryPoint","urlTemplate":"https:\/\/www.koonings.com\/de\/?s={search_term_string}"},"query-input":{"@type":"PropertyValueSpecification","valueRequired":true,"valueName":"search_term_string"}}],"inLanguage":"de"},{"@type":"Organization","@id":"https:\/\/www.koonings.com\/de\/#organization","name":"Koonings","url":"https:\/\/www.koonings.com\/de\/","logo":{"@type":"ImageObject","inLanguage":"de","@id":"https:\/\/www.koonings.com\/de\/#\/schema\/logo\/image\/","url":"https:\/\/www.koonings.com\/wp-content\/uploads\/2024\/07\/logo.png","contentUrl":"https:\/\/www.koonings.com\/wp-content\/uploads\/2024\/07\/logo.png","width":600,"height":428,"caption":"Koonings"},"image":{"@id":"https:\/\/www.koonings.com\/de\/#\/schema\/logo\/image\/"},"sameAs":["https:\/\/www.facebook.com\/kooningstheweddingpalace","https:\/\/www.instagram.com\/kooningstheweddingpalace","https:\/\/www.pinterest.com\/koonings","https:\/\/www.youtube.com\/kooningstheweddingpalace"]}]}},"_links":{"self":[{"href":"https:\/\/www.koonings.com\/de\/wp-json\/wp\/v2\/product\/59569","targetHints":{"allow":["GET"]}}],"collection":[{"href":"https:\/\/www.koonings.com\/de\/wp-json\/wp\/v2\/product"}],"about":[{"href":"https:\/\/www.koonings.com\/de\/wp-json\/wp\/v2\/types\/product"}],"wp:featuredmedia":[{"embeddable":true,"href":"https:\/\/www.koonings.com\/de\/wp-json\/wp\/v2\/media\/50889"}],"wp:attachment":[{"href":"https:\/\/www.koonings.com\/de\/wp-json\/wp\/v2\/media?parent=59569"}],"wp:term":[{"taxonomy":"productdetails","embeddable":true,"href":"https:\/\/www.koonings.com\/de\/wp-json\/wp\/v2\/productdetails?post=59569"},{"taxonomy":"productneck","embeddable":true,"href":"https:\/\/www.koonings.com\/de\/wp-json\/wp\/v2\/productneck?post=59569"},{"taxonomy":"productcolor","embeddable":true,"href":"https:\/\/www.koonings.com\/de\/wp-json\/wp\/v2\/productcolor?post=59569"},{"taxonomy":"maat","embeddable":true,"href":"https:\/\/www.koonings.com\/de\/wp-json\/wp\/v2\/maat?post=59569"},{"taxonomy":"productsupplier","embeddable":true,"href":"https:\/\/www.koonings.com\/de\/wp-json\/wp\/v2\/productsupplier?post=59569"},{"taxonomy":"productsleeve","embeddable":true,"href":"https:\/\/www.koonings.com\/de\/wp-json\/wp\/v2\/productsleeve?post=59569"},{"taxonomy":"productcategory","embeddable":true,"href":"https:\/\/www.koonings.com\/de\/wp-json\/wp\/v2\/productcategory?post=59569"},{"taxonomy":"productsilhouette","embeddable":true,"href":"https:\/\/www.koonings.com\/de\/wp-json\/wp\/v2\/productsilhouette?post=59569"},{"taxonomy":"productstyle","embeddable":true,"href":"https:\/\/www.koonings.com\/de\/wp-json\/wp\/v2\/productstyle?post=59569"}],"curies":[{"name":"wp","href":"https:\/\/api.w.org\/{rel}","templated":true}]}}