{"id":59563,"date":"2026-04-28T18:26:21","date_gmt":"2026-04-28T16:26:21","guid":{"rendered":"https:\/\/www.koonings.com\/product\/enzoani-blue-collection-shakira\/"},"modified":"2025-04-17T17:24:34","modified_gmt":"2025-04-17T15:24:34","slug":"enzoani-blue-collection-shakira","status":"publish","type":"product","link":"https:\/\/www.koonings.com\/de\/product\/enzoani-blue-collection-shakira\/","title":{"rendered":"Enzoani Blue collection Shakira"},"content":{"rendered":"<p>Dieses Meerjungfrauen-Hochzeitskleid ist mit Pailletten-Perlenbl\u00fcten, bestickter floraler Spitze und geometrischer Perlenspitze verziert, die entlang des Mieders bis zur verl\u00e4ngerten Schleppe tanzt. Es strahlt wundersch\u00f6ne Raffinesse und Charme aus, perfekt f\u00fcr die Braut, die nach einer Mischung aus klassischen und modernen Elementen sucht. S\u00fc\u00dfe, abnehmbare schulterfreie T\u00fclltr\u00e4ger sorgen f\u00fcr Vielseitigkeit, w\u00e4hrend das Illusionskorsett am R\u00fccken mit zarten T\u00fcllschleifen Ihre G\u00e4ste sicher beeindrucken wird, wenn Sie zum Altar schreiten. <\/p>\n","protected":false},"featured_media":50918,"template":"","meta":{"_acf_changed":false,"ghostkit_customizer_options":"","ghostkit_custom_css":"","ghostkit_custom_js_head":"","ghostkit_custom_js_foot":"","ghostkit_typography":""},"productdetails":[379,377,376,381],"productneck":[355],"productcolor":[393,392],"maat":[],"productsupplier":[405],"productsleeve":[],"productcategory":[18],"productsilhouette":[387],"productstyle":[366],"class_list":["post-59563","product","type-product","status-publish","has-post-thumbnail","hentry","productdetails-379","productdetails-377","productdetails-376","productdetails-381","productneck-355","productcolor-393","productcolor-392","productsupplier-enzoani-blue-collection","productcategory-trouwjurken","productsilhouette-387","productstyle-366"],"acf":[],"yoast_head":"<!-- This site is optimized with the Yoast SEO plugin v27.3 - https:\/\/yoast.com\/product\/yoast-seo-wordpress\/ -->\n<title>Enzoani Blue collection Shakira | Koonings<\/title>\n<meta name=\"description\" content=\"Dieses Meerjungfrauen-Hochzeitskleid ist mit Pailletten-Perlenbl\u00fcten, bestickter floraler Spitze und geometrischer Perlenspitze verziert, die entlang des Mieders bis zur verl\u00e4ngerten Schleppe tanzt. Es strahlt wundersch\u00f6ne Raffinesse und Charme aus, perfekt f\u00fcr die Braut, die nach einer Mischung aus klassischen und modernen Elementen sucht. S\u00fc\u00dfe, abnehmbare schulterfreie T\u00fclltr\u00e4ger sorgen f\u00fcr Vielseitigkeit, w\u00e4hrend das Illusionskorsett am R\u00fccken mit zarten T\u00fcllschleifen Ihre G\u00e4ste sicher beeindrucken wird, wenn Sie zum Altar schreiten.\" \/>\n<meta name=\"robots\" content=\"index, follow, max-snippet:-1, max-image-preview:large, max-video-preview:-1\" \/>\n<link rel=\"canonical\" href=\"https:\/\/www.koonings.com\/de\/product\/enzoani-blue-collection-shakira\/\" \/>\n<meta property=\"og:locale\" content=\"de_DE\" \/>\n<meta property=\"og:type\" content=\"article\" \/>\n<meta property=\"og:title\" content=\"Enzoani Blue collection Shakira | Koonings\" \/>\n<meta property=\"og:description\" content=\"Dieses Meerjungfrauen-Hochzeitskleid ist mit Pailletten-Perlenbl\u00fcten, bestickter floraler Spitze und geometrischer Perlenspitze verziert, die entlang des Mieders bis zur verl\u00e4ngerten Schleppe tanzt. Es strahlt wundersch\u00f6ne Raffinesse und Charme aus, perfekt f\u00fcr die Braut, die nach einer Mischung aus klassischen und modernen Elementen sucht. S\u00fc\u00dfe, abnehmbare schulterfreie T\u00fclltr\u00e4ger sorgen f\u00fcr Vielseitigkeit, w\u00e4hrend das Illusionskorsett am R\u00fccken mit zarten T\u00fcllschleifen Ihre G\u00e4ste sicher beeindrucken wird, wenn Sie zum Altar schreiten.\" \/>\n<meta property=\"og:url\" content=\"https:\/\/www.koonings.com\/de\/product\/enzoani-blue-collection-shakira\/\" \/>\n<meta property=\"og:site_name\" content=\"Koonings\" \/>\n<meta property=\"article:publisher\" content=\"https:\/\/www.facebook.com\/kooningstheweddingpalace\" \/>\n<meta property=\"og:image\" content=\"https:\/\/www.koonings.com\/wp-content\/uploads\/2024\/11\/41166_496afae6d667d741266b06f29b685b9b385a1ba454ebae3e4f2556a95a2e66fb55b2c0cf.jpeg\" \/>\n\t<meta property=\"og:image:width\" content=\"939\" \/>\n\t<meta property=\"og:image:height\" content=\"1327\" \/>\n\t<meta property=\"og:image:type\" content=\"image\/jpeg\" \/>\n<meta name=\"twitter:card\" content=\"summary_large_image\" \/>\n<script type=\"application\/ld+json\" class=\"yoast-schema-graph\">{\"@context\":\"https:\\\/\\\/schema.org\",\"@graph\":[{\"@type\":\"WebPage\",\"@id\":\"https:\\\/\\\/www.koonings.com\\\/de\\\/product\\\/enzoani-blue-collection-shakira\\\/\",\"url\":\"https:\\\/\\\/www.koonings.com\\\/de\\\/product\\\/enzoani-blue-collection-shakira\\\/\",\"name\":\"Enzoani Blue collection Shakira | Koonings\",\"isPartOf\":{\"@id\":\"https:\\\/\\\/www.koonings.com\\\/de\\\/#website\"},\"primaryImageOfPage\":{\"@id\":\"https:\\\/\\\/www.koonings.com\\\/de\\\/product\\\/enzoani-blue-collection-shakira\\\/#primaryimage\"},\"image\":{\"@id\":\"https:\\\/\\\/www.koonings.com\\\/de\\\/product\\\/enzoani-blue-collection-shakira\\\/#primaryimage\"},\"thumbnailUrl\":\"https:\\\/\\\/www.koonings.com\\\/wp-content\\\/uploads\\\/2024\\\/11\\\/41166_496afae6d667d741266b06f29b685b9b385a1ba454ebae3e4f2556a95a2e66fb55b2c0cf.jpeg\",\"datePublished\":\"2026-04-28T16:26:21+00:00\",\"description\":\"Dieses Meerjungfrauen-Hochzeitskleid ist mit Pailletten-Perlenbl\u00fcten, bestickter floraler Spitze und geometrischer Perlenspitze verziert, die entlang des Mieders bis zur verl\u00e4ngerten Schleppe tanzt. Es strahlt wundersch\u00f6ne Raffinesse und Charme aus, perfekt f\u00fcr die Braut, die nach einer Mischung aus klassischen und modernen Elementen sucht. S\u00fc\u00dfe, abnehmbare schulterfreie T\u00fclltr\u00e4ger sorgen f\u00fcr Vielseitigkeit, w\u00e4hrend das Illusionskorsett am R\u00fccken mit zarten T\u00fcllschleifen Ihre G\u00e4ste sicher beeindrucken wird, wenn Sie zum Altar schreiten.\",\"breadcrumb\":{\"@id\":\"https:\\\/\\\/www.koonings.com\\\/de\\\/product\\\/enzoani-blue-collection-shakira\\\/#breadcrumb\"},\"inLanguage\":\"de\",\"potentialAction\":[{\"@type\":\"ReadAction\",\"target\":[\"https:\\\/\\\/www.koonings.com\\\/de\\\/product\\\/enzoani-blue-collection-shakira\\\/\"]}]},{\"@type\":\"ImageObject\",\"inLanguage\":\"de\",\"@id\":\"https:\\\/\\\/www.koonings.com\\\/de\\\/product\\\/enzoani-blue-collection-shakira\\\/#primaryimage\",\"url\":\"https:\\\/\\\/www.koonings.com\\\/wp-content\\\/uploads\\\/2024\\\/11\\\/41166_496afae6d667d741266b06f29b685b9b385a1ba454ebae3e4f2556a95a2e66fb55b2c0cf.jpeg\",\"contentUrl\":\"https:\\\/\\\/www.koonings.com\\\/wp-content\\\/uploads\\\/2024\\\/11\\\/41166_496afae6d667d741266b06f29b685b9b385a1ba454ebae3e4f2556a95a2e66fb55b2c0cf.jpeg\",\"width\":939,\"height\":1327},{\"@type\":\"BreadcrumbList\",\"@id\":\"https:\\\/\\\/www.koonings.com\\\/de\\\/product\\\/enzoani-blue-collection-shakira\\\/#breadcrumb\",\"itemListElement\":[{\"@type\":\"ListItem\",\"position\":1,\"name\":\"Home\",\"item\":\"https:\\\/\\\/www.koonings.com\\\/de\\\/\"},{\"@type\":\"ListItem\",\"position\":2,\"name\":\"Enzoani Blue collection Shakira\"}]},{\"@type\":\"WebSite\",\"@id\":\"https:\\\/\\\/www.koonings.com\\\/de\\\/#website\",\"url\":\"https:\\\/\\\/www.koonings.com\\\/de\\\/\",\"name\":\"Koonings\",\"description\":\"De grootste bruidsmodewinkel ter wereld\",\"publisher\":{\"@id\":\"https:\\\/\\\/www.koonings.com\\\/de\\\/#organization\"},\"potentialAction\":[{\"@type\":\"SearchAction\",\"target\":{\"@type\":\"EntryPoint\",\"urlTemplate\":\"https:\\\/\\\/www.koonings.com\\\/de\\\/?s={search_term_string}\"},\"query-input\":{\"@type\":\"PropertyValueSpecification\",\"valueRequired\":true,\"valueName\":\"search_term_string\"}}],\"inLanguage\":\"de\"},{\"@type\":\"Organization\",\"@id\":\"https:\\\/\\\/www.koonings.com\\\/de\\\/#organization\",\"name\":\"Koonings\",\"url\":\"https:\\\/\\\/www.koonings.com\\\/de\\\/\",\"logo\":{\"@type\":\"ImageObject\",\"inLanguage\":\"de\",\"@id\":\"https:\\\/\\\/www.koonings.com\\\/de\\\/#\\\/schema\\\/logo\\\/image\\\/\",\"url\":\"https:\\\/\\\/www.koonings.com\\\/wp-content\\\/uploads\\\/2024\\\/07\\\/logo.png\",\"contentUrl\":\"https:\\\/\\\/www.koonings.com\\\/wp-content\\\/uploads\\\/2024\\\/07\\\/logo.png\",\"width\":600,\"height\":428,\"caption\":\"Koonings\"},\"image\":{\"@id\":\"https:\\\/\\\/www.koonings.com\\\/de\\\/#\\\/schema\\\/logo\\\/image\\\/\"},\"sameAs\":[\"https:\\\/\\\/www.facebook.com\\\/kooningstheweddingpalace\",\"https:\\\/\\\/www.instagram.com\\\/kooningstheweddingpalace\",\"https:\\\/\\\/www.pinterest.com\\\/koonings\",\"https:\\\/\\\/www.youtube.com\\\/kooningstheweddingpalace\"]}]}<\/script>\n<!-- \/ Yoast SEO plugin. -->","yoast_head_json":{"title":"Enzoani Blue collection Shakira | Koonings","description":"Dieses Meerjungfrauen-Hochzeitskleid ist mit Pailletten-Perlenbl\u00fcten, bestickter floraler Spitze und geometrischer Perlenspitze verziert, die entlang des Mieders bis zur verl\u00e4ngerten Schleppe tanzt. Es strahlt wundersch\u00f6ne Raffinesse und Charme aus, perfekt f\u00fcr die Braut, die nach einer Mischung aus klassischen und modernen Elementen sucht. S\u00fc\u00dfe, abnehmbare schulterfreie T\u00fclltr\u00e4ger sorgen f\u00fcr Vielseitigkeit, w\u00e4hrend das Illusionskorsett am R\u00fccken mit zarten T\u00fcllschleifen Ihre G\u00e4ste sicher beeindrucken wird, wenn Sie zum Altar schreiten.","robots":{"index":"index","follow":"follow","max-snippet":"max-snippet:-1","max-image-preview":"max-image-preview:large","max-video-preview":"max-video-preview:-1"},"canonical":"https:\/\/www.koonings.com\/de\/product\/enzoani-blue-collection-shakira\/","og_locale":"de_DE","og_type":"article","og_title":"Enzoani Blue collection Shakira | Koonings","og_description":"Dieses Meerjungfrauen-Hochzeitskleid ist mit Pailletten-Perlenbl\u00fcten, bestickter floraler Spitze und geometrischer Perlenspitze verziert, die entlang des Mieders bis zur verl\u00e4ngerten Schleppe tanzt. Es strahlt wundersch\u00f6ne Raffinesse und Charme aus, perfekt f\u00fcr die Braut, die nach einer Mischung aus klassischen und modernen Elementen sucht. S\u00fc\u00dfe, abnehmbare schulterfreie T\u00fclltr\u00e4ger sorgen f\u00fcr Vielseitigkeit, w\u00e4hrend das Illusionskorsett am R\u00fccken mit zarten T\u00fcllschleifen Ihre G\u00e4ste sicher beeindrucken wird, wenn Sie zum Altar schreiten.","og_url":"https:\/\/www.koonings.com\/de\/product\/enzoani-blue-collection-shakira\/","og_site_name":"Koonings","article_publisher":"https:\/\/www.facebook.com\/kooningstheweddingpalace","og_image":[{"width":939,"height":1327,"url":"https:\/\/www.koonings.com\/wp-content\/uploads\/2024\/11\/41166_496afae6d667d741266b06f29b685b9b385a1ba454ebae3e4f2556a95a2e66fb55b2c0cf.jpeg","type":"image\/jpeg"}],"twitter_card":"summary_large_image","schema":{"@context":"https:\/\/schema.org","@graph":[{"@type":"WebPage","@id":"https:\/\/www.koonings.com\/de\/product\/enzoani-blue-collection-shakira\/","url":"https:\/\/www.koonings.com\/de\/product\/enzoani-blue-collection-shakira\/","name":"Enzoani Blue collection Shakira | Koonings","isPartOf":{"@id":"https:\/\/www.koonings.com\/de\/#website"},"primaryImageOfPage":{"@id":"https:\/\/www.koonings.com\/de\/product\/enzoani-blue-collection-shakira\/#primaryimage"},"image":{"@id":"https:\/\/www.koonings.com\/de\/product\/enzoani-blue-collection-shakira\/#primaryimage"},"thumbnailUrl":"https:\/\/www.koonings.com\/wp-content\/uploads\/2024\/11\/41166_496afae6d667d741266b06f29b685b9b385a1ba454ebae3e4f2556a95a2e66fb55b2c0cf.jpeg","datePublished":"2026-04-28T16:26:21+00:00","description":"Dieses Meerjungfrauen-Hochzeitskleid ist mit Pailletten-Perlenbl\u00fcten, bestickter floraler Spitze und geometrischer Perlenspitze verziert, die entlang des Mieders bis zur verl\u00e4ngerten Schleppe tanzt. Es strahlt wundersch\u00f6ne Raffinesse und Charme aus, perfekt f\u00fcr die Braut, die nach einer Mischung aus klassischen und modernen Elementen sucht. S\u00fc\u00dfe, abnehmbare schulterfreie T\u00fclltr\u00e4ger sorgen f\u00fcr Vielseitigkeit, w\u00e4hrend das Illusionskorsett am R\u00fccken mit zarten T\u00fcllschleifen Ihre G\u00e4ste sicher beeindrucken wird, wenn Sie zum Altar schreiten.","breadcrumb":{"@id":"https:\/\/www.koonings.com\/de\/product\/enzoani-blue-collection-shakira\/#breadcrumb"},"inLanguage":"de","potentialAction":[{"@type":"ReadAction","target":["https:\/\/www.koonings.com\/de\/product\/enzoani-blue-collection-shakira\/"]}]},{"@type":"ImageObject","inLanguage":"de","@id":"https:\/\/www.koonings.com\/de\/product\/enzoani-blue-collection-shakira\/#primaryimage","url":"https:\/\/www.koonings.com\/wp-content\/uploads\/2024\/11\/41166_496afae6d667d741266b06f29b685b9b385a1ba454ebae3e4f2556a95a2e66fb55b2c0cf.jpeg","contentUrl":"https:\/\/www.koonings.com\/wp-content\/uploads\/2024\/11\/41166_496afae6d667d741266b06f29b685b9b385a1ba454ebae3e4f2556a95a2e66fb55b2c0cf.jpeg","width":939,"height":1327},{"@type":"BreadcrumbList","@id":"https:\/\/www.koonings.com\/de\/product\/enzoani-blue-collection-shakira\/#breadcrumb","itemListElement":[{"@type":"ListItem","position":1,"name":"Home","item":"https:\/\/www.koonings.com\/de\/"},{"@type":"ListItem","position":2,"name":"Enzoani Blue collection Shakira"}]},{"@type":"WebSite","@id":"https:\/\/www.koonings.com\/de\/#website","url":"https:\/\/www.koonings.com\/de\/","name":"Koonings","description":"De grootste bruidsmodewinkel ter wereld","publisher":{"@id":"https:\/\/www.koonings.com\/de\/#organization"},"potentialAction":[{"@type":"SearchAction","target":{"@type":"EntryPoint","urlTemplate":"https:\/\/www.koonings.com\/de\/?s={search_term_string}"},"query-input":{"@type":"PropertyValueSpecification","valueRequired":true,"valueName":"search_term_string"}}],"inLanguage":"de"},{"@type":"Organization","@id":"https:\/\/www.koonings.com\/de\/#organization","name":"Koonings","url":"https:\/\/www.koonings.com\/de\/","logo":{"@type":"ImageObject","inLanguage":"de","@id":"https:\/\/www.koonings.com\/de\/#\/schema\/logo\/image\/","url":"https:\/\/www.koonings.com\/wp-content\/uploads\/2024\/07\/logo.png","contentUrl":"https:\/\/www.koonings.com\/wp-content\/uploads\/2024\/07\/logo.png","width":600,"height":428,"caption":"Koonings"},"image":{"@id":"https:\/\/www.koonings.com\/de\/#\/schema\/logo\/image\/"},"sameAs":["https:\/\/www.facebook.com\/kooningstheweddingpalace","https:\/\/www.instagram.com\/kooningstheweddingpalace","https:\/\/www.pinterest.com\/koonings","https:\/\/www.youtube.com\/kooningstheweddingpalace"]}]}},"_links":{"self":[{"href":"https:\/\/www.koonings.com\/de\/wp-json\/wp\/v2\/product\/59563","targetHints":{"allow":["GET"]}}],"collection":[{"href":"https:\/\/www.koonings.com\/de\/wp-json\/wp\/v2\/product"}],"about":[{"href":"https:\/\/www.koonings.com\/de\/wp-json\/wp\/v2\/types\/product"}],"wp:featuredmedia":[{"embeddable":true,"href":"https:\/\/www.koonings.com\/de\/wp-json\/wp\/v2\/media\/50918"}],"wp:attachment":[{"href":"https:\/\/www.koonings.com\/de\/wp-json\/wp\/v2\/media?parent=59563"}],"wp:term":[{"taxonomy":"productdetails","embeddable":true,"href":"https:\/\/www.koonings.com\/de\/wp-json\/wp\/v2\/productdetails?post=59563"},{"taxonomy":"productneck","embeddable":true,"href":"https:\/\/www.koonings.com\/de\/wp-json\/wp\/v2\/productneck?post=59563"},{"taxonomy":"productcolor","embeddable":true,"href":"https:\/\/www.koonings.com\/de\/wp-json\/wp\/v2\/productcolor?post=59563"},{"taxonomy":"maat","embeddable":true,"href":"https:\/\/www.koonings.com\/de\/wp-json\/wp\/v2\/maat?post=59563"},{"taxonomy":"productsupplier","embeddable":true,"href":"https:\/\/www.koonings.com\/de\/wp-json\/wp\/v2\/productsupplier?post=59563"},{"taxonomy":"productsleeve","embeddable":true,"href":"https:\/\/www.koonings.com\/de\/wp-json\/wp\/v2\/productsleeve?post=59563"},{"taxonomy":"productcategory","embeddable":true,"href":"https:\/\/www.koonings.com\/de\/wp-json\/wp\/v2\/productcategory?post=59563"},{"taxonomy":"productsilhouette","embeddable":true,"href":"https:\/\/www.koonings.com\/de\/wp-json\/wp\/v2\/productsilhouette?post=59563"},{"taxonomy":"productstyle","embeddable":true,"href":"https:\/\/www.koonings.com\/de\/wp-json\/wp\/v2\/productstyle?post=59563"}],"curies":[{"name":"wp","href":"https:\/\/api.w.org\/{rel}","templated":true}]}}