{"id":59555,"date":"2026-04-28T18:26:27","date_gmt":"2026-04-28T16:26:27","guid":{"rendered":"https:\/\/www.koonings.com\/product\/elysee-fuchsia\/"},"modified":"2025-06-05T13:30:49","modified_gmt":"2025-06-05T11:30:49","slug":"elysee-fuchsia","status":"publish","type":"product","link":"https:\/\/www.koonings.com\/de\/product\/elysee-fuchsia\/","title":{"rendered":"Elysee Fuchsia"},"content":{"rendered":"<p>Schreiten Sie in dem Modell Fuchsia wie eine Prinzessin zum Altar! Der m\u00e4rchenhafte Organzarock und das tiefe Mieder mit herzf\u00f6rmigem Ausschnitt und abnehmbaren, weichen Organzatr\u00e4gern an den Schultern sind mit floraler Spitze und 3D-Mikadobl\u00e4ttern bestickt und sorgen f\u00fcr einen Look, der zeitlosen Glamour ausstrahlt. Der sexy und doch dezente, versteckte hohe Schlitz am skurrilen Ballkleidrock ist das perfekte i-T\u00fcpfelchen f\u00fcr dieses ultra-romantische Kleid.  <\/p>\n","protected":false},"featured_media":50997,"template":"","meta":{"_acf_changed":false,"ghostkit_customizer_options":"","ghostkit_custom_css":"","ghostkit_custom_js_head":"","ghostkit_custom_js_foot":"","ghostkit_typography":""},"productdetails":[376,378],"productneck":[354,356],"productcolor":[393,392],"maat":[],"productsupplier":[427],"productsleeve":[],"productcategory":[18],"productsilhouette":[384,389],"productstyle":[366,370],"class_list":["post-59555","product","type-product","status-publish","has-post-thumbnail","hentry","productdetails-376","productdetails-378","productneck-354","productneck-356","productcolor-393","productcolor-392","productsupplier-elysee","productcategory-trouwjurken","productsilhouette-384","productsilhouette-389","productstyle-366","productstyle-370"],"acf":[],"yoast_head":"<!-- This site is optimized with the Yoast SEO plugin v27.3 - https:\/\/yoast.com\/product\/yoast-seo-wordpress\/ -->\n<title>Elysee Fuchsia | Koonings<\/title>\n<meta name=\"description\" content=\"Schreiten Sie in dem Modell Fuchsia wie eine Prinzessin zum Altar! Der m\u00e4rchenhafte Organzarock und das tiefe Mieder mit herzf\u00f6rmigem Ausschnitt und abnehmbaren, weichen Organzatr\u00e4gern an den Schultern sind mit floraler Spitze und 3D-Mikadobl\u00e4ttern bestickt und sorgen f\u00fcr einen Look, der zeitlosen Glamour ausstrahlt. Der sexy und doch dezente, versteckte hohe Schlitz am skurrilen Ballkleidrock ist das perfekte i-T\u00fcpfelchen f\u00fcr dieses ultra-romantische Kleid.\" \/>\n<meta name=\"robots\" content=\"index, follow, max-snippet:-1, max-image-preview:large, max-video-preview:-1\" \/>\n<link rel=\"canonical\" href=\"https:\/\/www.koonings.com\/de\/product\/elysee-fuchsia\/\" \/>\n<meta property=\"og:locale\" content=\"de_DE\" \/>\n<meta property=\"og:type\" content=\"article\" \/>\n<meta property=\"og:title\" content=\"Elysee Fuchsia | Koonings\" \/>\n<meta property=\"og:description\" content=\"Schreiten Sie in dem Modell Fuchsia wie eine Prinzessin zum Altar! Der m\u00e4rchenhafte Organzarock und das tiefe Mieder mit herzf\u00f6rmigem Ausschnitt und abnehmbaren, weichen Organzatr\u00e4gern an den Schultern sind mit floraler Spitze und 3D-Mikadobl\u00e4ttern bestickt und sorgen f\u00fcr einen Look, der zeitlosen Glamour ausstrahlt. Der sexy und doch dezente, versteckte hohe Schlitz am skurrilen Ballkleidrock ist das perfekte i-T\u00fcpfelchen f\u00fcr dieses ultra-romantische Kleid.\" \/>\n<meta property=\"og:url\" content=\"https:\/\/www.koonings.com\/de\/product\/elysee-fuchsia\/\" \/>\n<meta property=\"og:site_name\" content=\"Koonings\" \/>\n<meta property=\"article:publisher\" content=\"https:\/\/www.facebook.com\/kooningstheweddingpalace\" \/>\n<meta property=\"og:image\" content=\"https:\/\/www.koonings.com\/wp-content\/uploads\/2024\/11\/41183_db10328dd90fbfc7737c561a65112ca55ca52121dbdb806acd57fcda63a7b211b53d84a1.jpeg\" \/>\n\t<meta property=\"og:image:width\" content=\"1035\" \/>\n\t<meta property=\"og:image:height\" content=\"1380\" \/>\n\t<meta property=\"og:image:type\" content=\"image\/jpeg\" \/>\n<meta name=\"twitter:card\" content=\"summary_large_image\" \/>\n<script type=\"application\/ld+json\" class=\"yoast-schema-graph\">{\"@context\":\"https:\\\/\\\/schema.org\",\"@graph\":[{\"@type\":\"WebPage\",\"@id\":\"https:\\\/\\\/www.koonings.com\\\/de\\\/product\\\/elysee-fuchsia\\\/\",\"url\":\"https:\\\/\\\/www.koonings.com\\\/de\\\/product\\\/elysee-fuchsia\\\/\",\"name\":\"Elysee Fuchsia | Koonings\",\"isPartOf\":{\"@id\":\"https:\\\/\\\/www.koonings.com\\\/de\\\/#website\"},\"primaryImageOfPage\":{\"@id\":\"https:\\\/\\\/www.koonings.com\\\/de\\\/product\\\/elysee-fuchsia\\\/#primaryimage\"},\"image\":{\"@id\":\"https:\\\/\\\/www.koonings.com\\\/de\\\/product\\\/elysee-fuchsia\\\/#primaryimage\"},\"thumbnailUrl\":\"https:\\\/\\\/www.koonings.com\\\/wp-content\\\/uploads\\\/2024\\\/11\\\/41183_db10328dd90fbfc7737c561a65112ca55ca52121dbdb806acd57fcda63a7b211b53d84a1.jpeg\",\"datePublished\":\"2026-04-28T16:26:27+00:00\",\"description\":\"Schreiten Sie in dem Modell Fuchsia wie eine Prinzessin zum Altar! Der m\u00e4rchenhafte Organzarock und das tiefe Mieder mit herzf\u00f6rmigem Ausschnitt und abnehmbaren, weichen Organzatr\u00e4gern an den Schultern sind mit floraler Spitze und 3D-Mikadobl\u00e4ttern bestickt und sorgen f\u00fcr einen Look, der zeitlosen Glamour ausstrahlt. Der sexy und doch dezente, versteckte hohe Schlitz am skurrilen Ballkleidrock ist das perfekte i-T\u00fcpfelchen f\u00fcr dieses ultra-romantische Kleid.\",\"breadcrumb\":{\"@id\":\"https:\\\/\\\/www.koonings.com\\\/de\\\/product\\\/elysee-fuchsia\\\/#breadcrumb\"},\"inLanguage\":\"de\",\"potentialAction\":[{\"@type\":\"ReadAction\",\"target\":[\"https:\\\/\\\/www.koonings.com\\\/de\\\/product\\\/elysee-fuchsia\\\/\"]}]},{\"@type\":\"ImageObject\",\"inLanguage\":\"de\",\"@id\":\"https:\\\/\\\/www.koonings.com\\\/de\\\/product\\\/elysee-fuchsia\\\/#primaryimage\",\"url\":\"https:\\\/\\\/www.koonings.com\\\/wp-content\\\/uploads\\\/2024\\\/11\\\/41183_db10328dd90fbfc7737c561a65112ca55ca52121dbdb806acd57fcda63a7b211b53d84a1.jpeg\",\"contentUrl\":\"https:\\\/\\\/www.koonings.com\\\/wp-content\\\/uploads\\\/2024\\\/11\\\/41183_db10328dd90fbfc7737c561a65112ca55ca52121dbdb806acd57fcda63a7b211b53d84a1.jpeg\",\"width\":1035,\"height\":1380},{\"@type\":\"BreadcrumbList\",\"@id\":\"https:\\\/\\\/www.koonings.com\\\/de\\\/product\\\/elysee-fuchsia\\\/#breadcrumb\",\"itemListElement\":[{\"@type\":\"ListItem\",\"position\":1,\"name\":\"Home\",\"item\":\"https:\\\/\\\/www.koonings.com\\\/de\\\/\"},{\"@type\":\"ListItem\",\"position\":2,\"name\":\"Elysee Fuchsia\"}]},{\"@type\":\"WebSite\",\"@id\":\"https:\\\/\\\/www.koonings.com\\\/de\\\/#website\",\"url\":\"https:\\\/\\\/www.koonings.com\\\/de\\\/\",\"name\":\"Koonings\",\"description\":\"De grootste bruidsmodewinkel ter wereld\",\"publisher\":{\"@id\":\"https:\\\/\\\/www.koonings.com\\\/de\\\/#organization\"},\"potentialAction\":[{\"@type\":\"SearchAction\",\"target\":{\"@type\":\"EntryPoint\",\"urlTemplate\":\"https:\\\/\\\/www.koonings.com\\\/de\\\/?s={search_term_string}\"},\"query-input\":{\"@type\":\"PropertyValueSpecification\",\"valueRequired\":true,\"valueName\":\"search_term_string\"}}],\"inLanguage\":\"de\"},{\"@type\":\"Organization\",\"@id\":\"https:\\\/\\\/www.koonings.com\\\/de\\\/#organization\",\"name\":\"Koonings\",\"url\":\"https:\\\/\\\/www.koonings.com\\\/de\\\/\",\"logo\":{\"@type\":\"ImageObject\",\"inLanguage\":\"de\",\"@id\":\"https:\\\/\\\/www.koonings.com\\\/de\\\/#\\\/schema\\\/logo\\\/image\\\/\",\"url\":\"https:\\\/\\\/www.koonings.com\\\/wp-content\\\/uploads\\\/2024\\\/07\\\/logo.png\",\"contentUrl\":\"https:\\\/\\\/www.koonings.com\\\/wp-content\\\/uploads\\\/2024\\\/07\\\/logo.png\",\"width\":600,\"height\":428,\"caption\":\"Koonings\"},\"image\":{\"@id\":\"https:\\\/\\\/www.koonings.com\\\/de\\\/#\\\/schema\\\/logo\\\/image\\\/\"},\"sameAs\":[\"https:\\\/\\\/www.facebook.com\\\/kooningstheweddingpalace\",\"https:\\\/\\\/www.instagram.com\\\/kooningstheweddingpalace\",\"https:\\\/\\\/www.pinterest.com\\\/koonings\",\"https:\\\/\\\/www.youtube.com\\\/kooningstheweddingpalace\"]}]}<\/script>\n<!-- \/ Yoast SEO plugin. -->","yoast_head_json":{"title":"Elysee Fuchsia | Koonings","description":"Schreiten Sie in dem Modell Fuchsia wie eine Prinzessin zum Altar! Der m\u00e4rchenhafte Organzarock und das tiefe Mieder mit herzf\u00f6rmigem Ausschnitt und abnehmbaren, weichen Organzatr\u00e4gern an den Schultern sind mit floraler Spitze und 3D-Mikadobl\u00e4ttern bestickt und sorgen f\u00fcr einen Look, der zeitlosen Glamour ausstrahlt. Der sexy und doch dezente, versteckte hohe Schlitz am skurrilen Ballkleidrock ist das perfekte i-T\u00fcpfelchen f\u00fcr dieses ultra-romantische Kleid.","robots":{"index":"index","follow":"follow","max-snippet":"max-snippet:-1","max-image-preview":"max-image-preview:large","max-video-preview":"max-video-preview:-1"},"canonical":"https:\/\/www.koonings.com\/de\/product\/elysee-fuchsia\/","og_locale":"de_DE","og_type":"article","og_title":"Elysee Fuchsia | Koonings","og_description":"Schreiten Sie in dem Modell Fuchsia wie eine Prinzessin zum Altar! Der m\u00e4rchenhafte Organzarock und das tiefe Mieder mit herzf\u00f6rmigem Ausschnitt und abnehmbaren, weichen Organzatr\u00e4gern an den Schultern sind mit floraler Spitze und 3D-Mikadobl\u00e4ttern bestickt und sorgen f\u00fcr einen Look, der zeitlosen Glamour ausstrahlt. Der sexy und doch dezente, versteckte hohe Schlitz am skurrilen Ballkleidrock ist das perfekte i-T\u00fcpfelchen f\u00fcr dieses ultra-romantische Kleid.","og_url":"https:\/\/www.koonings.com\/de\/product\/elysee-fuchsia\/","og_site_name":"Koonings","article_publisher":"https:\/\/www.facebook.com\/kooningstheweddingpalace","og_image":[{"width":1035,"height":1380,"url":"https:\/\/www.koonings.com\/wp-content\/uploads\/2024\/11\/41183_db10328dd90fbfc7737c561a65112ca55ca52121dbdb806acd57fcda63a7b211b53d84a1.jpeg","type":"image\/jpeg"}],"twitter_card":"summary_large_image","schema":{"@context":"https:\/\/schema.org","@graph":[{"@type":"WebPage","@id":"https:\/\/www.koonings.com\/de\/product\/elysee-fuchsia\/","url":"https:\/\/www.koonings.com\/de\/product\/elysee-fuchsia\/","name":"Elysee Fuchsia | Koonings","isPartOf":{"@id":"https:\/\/www.koonings.com\/de\/#website"},"primaryImageOfPage":{"@id":"https:\/\/www.koonings.com\/de\/product\/elysee-fuchsia\/#primaryimage"},"image":{"@id":"https:\/\/www.koonings.com\/de\/product\/elysee-fuchsia\/#primaryimage"},"thumbnailUrl":"https:\/\/www.koonings.com\/wp-content\/uploads\/2024\/11\/41183_db10328dd90fbfc7737c561a65112ca55ca52121dbdb806acd57fcda63a7b211b53d84a1.jpeg","datePublished":"2026-04-28T16:26:27+00:00","description":"Schreiten Sie in dem Modell Fuchsia wie eine Prinzessin zum Altar! Der m\u00e4rchenhafte Organzarock und das tiefe Mieder mit herzf\u00f6rmigem Ausschnitt und abnehmbaren, weichen Organzatr\u00e4gern an den Schultern sind mit floraler Spitze und 3D-Mikadobl\u00e4ttern bestickt und sorgen f\u00fcr einen Look, der zeitlosen Glamour ausstrahlt. Der sexy und doch dezente, versteckte hohe Schlitz am skurrilen Ballkleidrock ist das perfekte i-T\u00fcpfelchen f\u00fcr dieses ultra-romantische Kleid.","breadcrumb":{"@id":"https:\/\/www.koonings.com\/de\/product\/elysee-fuchsia\/#breadcrumb"},"inLanguage":"de","potentialAction":[{"@type":"ReadAction","target":["https:\/\/www.koonings.com\/de\/product\/elysee-fuchsia\/"]}]},{"@type":"ImageObject","inLanguage":"de","@id":"https:\/\/www.koonings.com\/de\/product\/elysee-fuchsia\/#primaryimage","url":"https:\/\/www.koonings.com\/wp-content\/uploads\/2024\/11\/41183_db10328dd90fbfc7737c561a65112ca55ca52121dbdb806acd57fcda63a7b211b53d84a1.jpeg","contentUrl":"https:\/\/www.koonings.com\/wp-content\/uploads\/2024\/11\/41183_db10328dd90fbfc7737c561a65112ca55ca52121dbdb806acd57fcda63a7b211b53d84a1.jpeg","width":1035,"height":1380},{"@type":"BreadcrumbList","@id":"https:\/\/www.koonings.com\/de\/product\/elysee-fuchsia\/#breadcrumb","itemListElement":[{"@type":"ListItem","position":1,"name":"Home","item":"https:\/\/www.koonings.com\/de\/"},{"@type":"ListItem","position":2,"name":"Elysee Fuchsia"}]},{"@type":"WebSite","@id":"https:\/\/www.koonings.com\/de\/#website","url":"https:\/\/www.koonings.com\/de\/","name":"Koonings","description":"De grootste bruidsmodewinkel ter wereld","publisher":{"@id":"https:\/\/www.koonings.com\/de\/#organization"},"potentialAction":[{"@type":"SearchAction","target":{"@type":"EntryPoint","urlTemplate":"https:\/\/www.koonings.com\/de\/?s={search_term_string}"},"query-input":{"@type":"PropertyValueSpecification","valueRequired":true,"valueName":"search_term_string"}}],"inLanguage":"de"},{"@type":"Organization","@id":"https:\/\/www.koonings.com\/de\/#organization","name":"Koonings","url":"https:\/\/www.koonings.com\/de\/","logo":{"@type":"ImageObject","inLanguage":"de","@id":"https:\/\/www.koonings.com\/de\/#\/schema\/logo\/image\/","url":"https:\/\/www.koonings.com\/wp-content\/uploads\/2024\/07\/logo.png","contentUrl":"https:\/\/www.koonings.com\/wp-content\/uploads\/2024\/07\/logo.png","width":600,"height":428,"caption":"Koonings"},"image":{"@id":"https:\/\/www.koonings.com\/de\/#\/schema\/logo\/image\/"},"sameAs":["https:\/\/www.facebook.com\/kooningstheweddingpalace","https:\/\/www.instagram.com\/kooningstheweddingpalace","https:\/\/www.pinterest.com\/koonings","https:\/\/www.youtube.com\/kooningstheweddingpalace"]}]}},"_links":{"self":[{"href":"https:\/\/www.koonings.com\/de\/wp-json\/wp\/v2\/product\/59555","targetHints":{"allow":["GET"]}}],"collection":[{"href":"https:\/\/www.koonings.com\/de\/wp-json\/wp\/v2\/product"}],"about":[{"href":"https:\/\/www.koonings.com\/de\/wp-json\/wp\/v2\/types\/product"}],"wp:featuredmedia":[{"embeddable":true,"href":"https:\/\/www.koonings.com\/de\/wp-json\/wp\/v2\/media\/50997"}],"wp:attachment":[{"href":"https:\/\/www.koonings.com\/de\/wp-json\/wp\/v2\/media?parent=59555"}],"wp:term":[{"taxonomy":"productdetails","embeddable":true,"href":"https:\/\/www.koonings.com\/de\/wp-json\/wp\/v2\/productdetails?post=59555"},{"taxonomy":"productneck","embeddable":true,"href":"https:\/\/www.koonings.com\/de\/wp-json\/wp\/v2\/productneck?post=59555"},{"taxonomy":"productcolor","embeddable":true,"href":"https:\/\/www.koonings.com\/de\/wp-json\/wp\/v2\/productcolor?post=59555"},{"taxonomy":"maat","embeddable":true,"href":"https:\/\/www.koonings.com\/de\/wp-json\/wp\/v2\/maat?post=59555"},{"taxonomy":"productsupplier","embeddable":true,"href":"https:\/\/www.koonings.com\/de\/wp-json\/wp\/v2\/productsupplier?post=59555"},{"taxonomy":"productsleeve","embeddable":true,"href":"https:\/\/www.koonings.com\/de\/wp-json\/wp\/v2\/productsleeve?post=59555"},{"taxonomy":"productcategory","embeddable":true,"href":"https:\/\/www.koonings.com\/de\/wp-json\/wp\/v2\/productcategory?post=59555"},{"taxonomy":"productsilhouette","embeddable":true,"href":"https:\/\/www.koonings.com\/de\/wp-json\/wp\/v2\/productsilhouette?post=59555"},{"taxonomy":"productstyle","embeddable":true,"href":"https:\/\/www.koonings.com\/de\/wp-json\/wp\/v2\/productstyle?post=59555"}],"curies":[{"name":"wp","href":"https:\/\/api.w.org\/{rel}","templated":true}]}}