{"id":59544,"date":"2026-05-06T15:26:44","date_gmt":"2026-05-06T13:26:44","guid":{"rendered":"https:\/\/www.koonings.com\/product\/elysee-fae\/"},"modified":"2025-06-05T13:22:06","modified_gmt":"2025-06-05T11:22:06","slug":"elysee-fae","status":"publish","type":"product","link":"https:\/\/www.koonings.com\/de\/product\/elysee-fae\/","title":{"rendered":"Elysee Fae"},"content":{"rendered":"<p>Modell Fae ist perfekt f\u00fcr Ihre m\u00e4rchenhafte Hochzeit! Dieses zierliche Kleid in A-Linie verstr\u00f6mt mit seinen abnehmbaren schulterfreien Tr\u00e4gern, der bestickten Spitze mit Organzabl\u00fcten und den perlenbesetzten Blumenapplikationen, die vom Mieder bis zum weichen, glitzernden T\u00fcllrock mit sexy Schlitz verlaufen, \u00e4therischen und romantischen Charme. Das T\u00fcllkorsett am R\u00fccken verleiht diesem atemberaubenden Kleid einen Hauch von Weiblichkeit und Glamour.  <\/p>\n","protected":false},"featured_media":51085,"template":"","meta":{"_acf_changed":false,"ghostkit_customizer_options":"","ghostkit_custom_css":"","ghostkit_custom_js_head":"","ghostkit_custom_js_foot":"","ghostkit_typography":""},"productdetails":[379,376,378,381],"productneck":[354],"productcolor":[393,392],"maat":[],"productsupplier":[427],"productsleeve":[],"productcategory":[18],"productsilhouette":[389],"productstyle":[366,370],"class_list":["post-59544","product","type-product","status-publish","has-post-thumbnail","hentry","productdetails-379","productdetails-376","productdetails-378","productdetails-381","productneck-354","productcolor-393","productcolor-392","productsupplier-elysee","productcategory-trouwjurken","productsilhouette-389","productstyle-366","productstyle-370"],"acf":[],"yoast_head":"<!-- This site is optimized with the Yoast SEO plugin v27.3 - https:\/\/yoast.com\/product\/yoast-seo-wordpress\/ -->\n<title>Elysee Fae | Koonings<\/title>\n<meta name=\"description\" content=\"Modell Fae ist perfekt f\u00fcr Ihre m\u00e4rchenhafte Hochzeit! Dieses zierliche Kleid in A-Linie verstr\u00f6mt mit seinen abnehmbaren schulterfreien Tr\u00e4gern, der bestickten Spitze mit Organzabl\u00fcten und den perlenbesetzten Blumenapplikationen, die vom Mieder bis zum weichen, glitzernden T\u00fcllrock mit sexy Schlitz verlaufen, \u00e4therischen und romantischen Charme. Das T\u00fcllkorsett am R\u00fccken verleiht diesem atemberaubenden Kleid einen Hauch von Weiblichkeit und Glamour.\" \/>\n<meta name=\"robots\" content=\"index, follow, max-snippet:-1, max-image-preview:large, max-video-preview:-1\" \/>\n<link rel=\"canonical\" href=\"https:\/\/www.koonings.com\/de\/product\/elysee-fae\/\" \/>\n<meta property=\"og:locale\" content=\"de_DE\" \/>\n<meta property=\"og:type\" content=\"article\" \/>\n<meta property=\"og:title\" content=\"Elysee Fae | Koonings\" \/>\n<meta property=\"og:description\" content=\"Modell Fae ist perfekt f\u00fcr Ihre m\u00e4rchenhafte Hochzeit! Dieses zierliche Kleid in A-Linie verstr\u00f6mt mit seinen abnehmbaren schulterfreien Tr\u00e4gern, der bestickten Spitze mit Organzabl\u00fcten und den perlenbesetzten Blumenapplikationen, die vom Mieder bis zum weichen, glitzernden T\u00fcllrock mit sexy Schlitz verlaufen, \u00e4therischen und romantischen Charme. Das T\u00fcllkorsett am R\u00fccken verleiht diesem atemberaubenden Kleid einen Hauch von Weiblichkeit und Glamour.\" \/>\n<meta property=\"og:url\" content=\"https:\/\/www.koonings.com\/de\/product\/elysee-fae\/\" \/>\n<meta property=\"og:site_name\" content=\"Koonings\" \/>\n<meta property=\"article:publisher\" content=\"https:\/\/www.facebook.com\/kooningstheweddingpalace\" \/>\n<meta property=\"og:image\" content=\"https:\/\/www.koonings.com\/wp-content\/uploads\/2024\/11\/41212_899c64e80e4d624a6068ec18460c1249bc30c25474a5e73c0f535960744c02e577604395.jpeg\" \/>\n\t<meta property=\"og:image:width\" content=\"1035\" \/>\n\t<meta property=\"og:image:height\" content=\"1380\" \/>\n\t<meta property=\"og:image:type\" content=\"image\/jpeg\" \/>\n<meta name=\"twitter:card\" content=\"summary_large_image\" \/>\n<script type=\"application\/ld+json\" class=\"yoast-schema-graph\">{\"@context\":\"https:\\\/\\\/schema.org\",\"@graph\":[{\"@type\":\"WebPage\",\"@id\":\"https:\\\/\\\/www.koonings.com\\\/de\\\/product\\\/elysee-fae\\\/\",\"url\":\"https:\\\/\\\/www.koonings.com\\\/de\\\/product\\\/elysee-fae\\\/\",\"name\":\"Elysee Fae | Koonings\",\"isPartOf\":{\"@id\":\"https:\\\/\\\/www.koonings.com\\\/de\\\/#website\"},\"primaryImageOfPage\":{\"@id\":\"https:\\\/\\\/www.koonings.com\\\/de\\\/product\\\/elysee-fae\\\/#primaryimage\"},\"image\":{\"@id\":\"https:\\\/\\\/www.koonings.com\\\/de\\\/product\\\/elysee-fae\\\/#primaryimage\"},\"thumbnailUrl\":\"https:\\\/\\\/www.koonings.com\\\/wp-content\\\/uploads\\\/2024\\\/11\\\/41212_899c64e80e4d624a6068ec18460c1249bc30c25474a5e73c0f535960744c02e577604395.jpeg\",\"datePublished\":\"2026-05-06T13:26:44+00:00\",\"description\":\"Modell Fae ist perfekt f\u00fcr Ihre m\u00e4rchenhafte Hochzeit! Dieses zierliche Kleid in A-Linie verstr\u00f6mt mit seinen abnehmbaren schulterfreien Tr\u00e4gern, der bestickten Spitze mit Organzabl\u00fcten und den perlenbesetzten Blumenapplikationen, die vom Mieder bis zum weichen, glitzernden T\u00fcllrock mit sexy Schlitz verlaufen, \u00e4therischen und romantischen Charme. Das T\u00fcllkorsett am R\u00fccken verleiht diesem atemberaubenden Kleid einen Hauch von Weiblichkeit und Glamour.\",\"breadcrumb\":{\"@id\":\"https:\\\/\\\/www.koonings.com\\\/de\\\/product\\\/elysee-fae\\\/#breadcrumb\"},\"inLanguage\":\"de\",\"potentialAction\":[{\"@type\":\"ReadAction\",\"target\":[\"https:\\\/\\\/www.koonings.com\\\/de\\\/product\\\/elysee-fae\\\/\"]}]},{\"@type\":\"ImageObject\",\"inLanguage\":\"de\",\"@id\":\"https:\\\/\\\/www.koonings.com\\\/de\\\/product\\\/elysee-fae\\\/#primaryimage\",\"url\":\"https:\\\/\\\/www.koonings.com\\\/wp-content\\\/uploads\\\/2024\\\/11\\\/41212_899c64e80e4d624a6068ec18460c1249bc30c25474a5e73c0f535960744c02e577604395.jpeg\",\"contentUrl\":\"https:\\\/\\\/www.koonings.com\\\/wp-content\\\/uploads\\\/2024\\\/11\\\/41212_899c64e80e4d624a6068ec18460c1249bc30c25474a5e73c0f535960744c02e577604395.jpeg\",\"width\":1035,\"height\":1380},{\"@type\":\"BreadcrumbList\",\"@id\":\"https:\\\/\\\/www.koonings.com\\\/de\\\/product\\\/elysee-fae\\\/#breadcrumb\",\"itemListElement\":[{\"@type\":\"ListItem\",\"position\":1,\"name\":\"Home\",\"item\":\"https:\\\/\\\/www.koonings.com\\\/de\\\/\"},{\"@type\":\"ListItem\",\"position\":2,\"name\":\"Elysee Fae\"}]},{\"@type\":\"WebSite\",\"@id\":\"https:\\\/\\\/www.koonings.com\\\/de\\\/#website\",\"url\":\"https:\\\/\\\/www.koonings.com\\\/de\\\/\",\"name\":\"Koonings\",\"description\":\"De grootste bruidsmodewinkel ter wereld\",\"publisher\":{\"@id\":\"https:\\\/\\\/www.koonings.com\\\/de\\\/#organization\"},\"potentialAction\":[{\"@type\":\"SearchAction\",\"target\":{\"@type\":\"EntryPoint\",\"urlTemplate\":\"https:\\\/\\\/www.koonings.com\\\/de\\\/?s={search_term_string}\"},\"query-input\":{\"@type\":\"PropertyValueSpecification\",\"valueRequired\":true,\"valueName\":\"search_term_string\"}}],\"inLanguage\":\"de\"},{\"@type\":\"Organization\",\"@id\":\"https:\\\/\\\/www.koonings.com\\\/de\\\/#organization\",\"name\":\"Koonings\",\"url\":\"https:\\\/\\\/www.koonings.com\\\/de\\\/\",\"logo\":{\"@type\":\"ImageObject\",\"inLanguage\":\"de\",\"@id\":\"https:\\\/\\\/www.koonings.com\\\/de\\\/#\\\/schema\\\/logo\\\/image\\\/\",\"url\":\"https:\\\/\\\/www.koonings.com\\\/wp-content\\\/uploads\\\/2024\\\/07\\\/logo.png\",\"contentUrl\":\"https:\\\/\\\/www.koonings.com\\\/wp-content\\\/uploads\\\/2024\\\/07\\\/logo.png\",\"width\":600,\"height\":428,\"caption\":\"Koonings\"},\"image\":{\"@id\":\"https:\\\/\\\/www.koonings.com\\\/de\\\/#\\\/schema\\\/logo\\\/image\\\/\"},\"sameAs\":[\"https:\\\/\\\/www.facebook.com\\\/kooningstheweddingpalace\",\"https:\\\/\\\/www.instagram.com\\\/kooningstheweddingpalace\",\"https:\\\/\\\/www.pinterest.com\\\/koonings\",\"https:\\\/\\\/www.youtube.com\\\/kooningstheweddingpalace\"]}]}<\/script>\n<!-- \/ Yoast SEO plugin. -->","yoast_head_json":{"title":"Elysee Fae | Koonings","description":"Modell Fae ist perfekt f\u00fcr Ihre m\u00e4rchenhafte Hochzeit! Dieses zierliche Kleid in A-Linie verstr\u00f6mt mit seinen abnehmbaren schulterfreien Tr\u00e4gern, der bestickten Spitze mit Organzabl\u00fcten und den perlenbesetzten Blumenapplikationen, die vom Mieder bis zum weichen, glitzernden T\u00fcllrock mit sexy Schlitz verlaufen, \u00e4therischen und romantischen Charme. Das T\u00fcllkorsett am R\u00fccken verleiht diesem atemberaubenden Kleid einen Hauch von Weiblichkeit und Glamour.","robots":{"index":"index","follow":"follow","max-snippet":"max-snippet:-1","max-image-preview":"max-image-preview:large","max-video-preview":"max-video-preview:-1"},"canonical":"https:\/\/www.koonings.com\/de\/product\/elysee-fae\/","og_locale":"de_DE","og_type":"article","og_title":"Elysee Fae | Koonings","og_description":"Modell Fae ist perfekt f\u00fcr Ihre m\u00e4rchenhafte Hochzeit! Dieses zierliche Kleid in A-Linie verstr\u00f6mt mit seinen abnehmbaren schulterfreien Tr\u00e4gern, der bestickten Spitze mit Organzabl\u00fcten und den perlenbesetzten Blumenapplikationen, die vom Mieder bis zum weichen, glitzernden T\u00fcllrock mit sexy Schlitz verlaufen, \u00e4therischen und romantischen Charme. Das T\u00fcllkorsett am R\u00fccken verleiht diesem atemberaubenden Kleid einen Hauch von Weiblichkeit und Glamour.","og_url":"https:\/\/www.koonings.com\/de\/product\/elysee-fae\/","og_site_name":"Koonings","article_publisher":"https:\/\/www.facebook.com\/kooningstheweddingpalace","og_image":[{"width":1035,"height":1380,"url":"https:\/\/www.koonings.com\/wp-content\/uploads\/2024\/11\/41212_899c64e80e4d624a6068ec18460c1249bc30c25474a5e73c0f535960744c02e577604395.jpeg","type":"image\/jpeg"}],"twitter_card":"summary_large_image","schema":{"@context":"https:\/\/schema.org","@graph":[{"@type":"WebPage","@id":"https:\/\/www.koonings.com\/de\/product\/elysee-fae\/","url":"https:\/\/www.koonings.com\/de\/product\/elysee-fae\/","name":"Elysee Fae | Koonings","isPartOf":{"@id":"https:\/\/www.koonings.com\/de\/#website"},"primaryImageOfPage":{"@id":"https:\/\/www.koonings.com\/de\/product\/elysee-fae\/#primaryimage"},"image":{"@id":"https:\/\/www.koonings.com\/de\/product\/elysee-fae\/#primaryimage"},"thumbnailUrl":"https:\/\/www.koonings.com\/wp-content\/uploads\/2024\/11\/41212_899c64e80e4d624a6068ec18460c1249bc30c25474a5e73c0f535960744c02e577604395.jpeg","datePublished":"2026-05-06T13:26:44+00:00","description":"Modell Fae ist perfekt f\u00fcr Ihre m\u00e4rchenhafte Hochzeit! Dieses zierliche Kleid in A-Linie verstr\u00f6mt mit seinen abnehmbaren schulterfreien Tr\u00e4gern, der bestickten Spitze mit Organzabl\u00fcten und den perlenbesetzten Blumenapplikationen, die vom Mieder bis zum weichen, glitzernden T\u00fcllrock mit sexy Schlitz verlaufen, \u00e4therischen und romantischen Charme. Das T\u00fcllkorsett am R\u00fccken verleiht diesem atemberaubenden Kleid einen Hauch von Weiblichkeit und Glamour.","breadcrumb":{"@id":"https:\/\/www.koonings.com\/de\/product\/elysee-fae\/#breadcrumb"},"inLanguage":"de","potentialAction":[{"@type":"ReadAction","target":["https:\/\/www.koonings.com\/de\/product\/elysee-fae\/"]}]},{"@type":"ImageObject","inLanguage":"de","@id":"https:\/\/www.koonings.com\/de\/product\/elysee-fae\/#primaryimage","url":"https:\/\/www.koonings.com\/wp-content\/uploads\/2024\/11\/41212_899c64e80e4d624a6068ec18460c1249bc30c25474a5e73c0f535960744c02e577604395.jpeg","contentUrl":"https:\/\/www.koonings.com\/wp-content\/uploads\/2024\/11\/41212_899c64e80e4d624a6068ec18460c1249bc30c25474a5e73c0f535960744c02e577604395.jpeg","width":1035,"height":1380},{"@type":"BreadcrumbList","@id":"https:\/\/www.koonings.com\/de\/product\/elysee-fae\/#breadcrumb","itemListElement":[{"@type":"ListItem","position":1,"name":"Home","item":"https:\/\/www.koonings.com\/de\/"},{"@type":"ListItem","position":2,"name":"Elysee Fae"}]},{"@type":"WebSite","@id":"https:\/\/www.koonings.com\/de\/#website","url":"https:\/\/www.koonings.com\/de\/","name":"Koonings","description":"De grootste bruidsmodewinkel ter wereld","publisher":{"@id":"https:\/\/www.koonings.com\/de\/#organization"},"potentialAction":[{"@type":"SearchAction","target":{"@type":"EntryPoint","urlTemplate":"https:\/\/www.koonings.com\/de\/?s={search_term_string}"},"query-input":{"@type":"PropertyValueSpecification","valueRequired":true,"valueName":"search_term_string"}}],"inLanguage":"de"},{"@type":"Organization","@id":"https:\/\/www.koonings.com\/de\/#organization","name":"Koonings","url":"https:\/\/www.koonings.com\/de\/","logo":{"@type":"ImageObject","inLanguage":"de","@id":"https:\/\/www.koonings.com\/de\/#\/schema\/logo\/image\/","url":"https:\/\/www.koonings.com\/wp-content\/uploads\/2024\/07\/logo.png","contentUrl":"https:\/\/www.koonings.com\/wp-content\/uploads\/2024\/07\/logo.png","width":600,"height":428,"caption":"Koonings"},"image":{"@id":"https:\/\/www.koonings.com\/de\/#\/schema\/logo\/image\/"},"sameAs":["https:\/\/www.facebook.com\/kooningstheweddingpalace","https:\/\/www.instagram.com\/kooningstheweddingpalace","https:\/\/www.pinterest.com\/koonings","https:\/\/www.youtube.com\/kooningstheweddingpalace"]}]}},"_links":{"self":[{"href":"https:\/\/www.koonings.com\/de\/wp-json\/wp\/v2\/product\/59544","targetHints":{"allow":["GET"]}}],"collection":[{"href":"https:\/\/www.koonings.com\/de\/wp-json\/wp\/v2\/product"}],"about":[{"href":"https:\/\/www.koonings.com\/de\/wp-json\/wp\/v2\/types\/product"}],"wp:featuredmedia":[{"embeddable":true,"href":"https:\/\/www.koonings.com\/de\/wp-json\/wp\/v2\/media\/51085"}],"wp:attachment":[{"href":"https:\/\/www.koonings.com\/de\/wp-json\/wp\/v2\/media?parent=59544"}],"wp:term":[{"taxonomy":"productdetails","embeddable":true,"href":"https:\/\/www.koonings.com\/de\/wp-json\/wp\/v2\/productdetails?post=59544"},{"taxonomy":"productneck","embeddable":true,"href":"https:\/\/www.koonings.com\/de\/wp-json\/wp\/v2\/productneck?post=59544"},{"taxonomy":"productcolor","embeddable":true,"href":"https:\/\/www.koonings.com\/de\/wp-json\/wp\/v2\/productcolor?post=59544"},{"taxonomy":"maat","embeddable":true,"href":"https:\/\/www.koonings.com\/de\/wp-json\/wp\/v2\/maat?post=59544"},{"taxonomy":"productsupplier","embeddable":true,"href":"https:\/\/www.koonings.com\/de\/wp-json\/wp\/v2\/productsupplier?post=59544"},{"taxonomy":"productsleeve","embeddable":true,"href":"https:\/\/www.koonings.com\/de\/wp-json\/wp\/v2\/productsleeve?post=59544"},{"taxonomy":"productcategory","embeddable":true,"href":"https:\/\/www.koonings.com\/de\/wp-json\/wp\/v2\/productcategory?post=59544"},{"taxonomy":"productsilhouette","embeddable":true,"href":"https:\/\/www.koonings.com\/de\/wp-json\/wp\/v2\/productsilhouette?post=59544"},{"taxonomy":"productstyle","embeddable":true,"href":"https:\/\/www.koonings.com\/de\/wp-json\/wp\/v2\/productstyle?post=59544"}],"curies":[{"name":"wp","href":"https:\/\/api.w.org\/{rel}","templated":true}]}}