{"id":59538,"date":"2026-05-06T15:26:44","date_gmt":"2026-05-06T13:26:44","guid":{"rendered":"https:\/\/www.koonings.com\/product\/elysee-fairy\/"},"modified":"2026-02-16T14:42:32","modified_gmt":"2026-02-16T13:42:32","slug":"elysee-fairy","status":"publish","type":"product","link":"https:\/\/www.koonings.com\/de\/product\/elysee-fairy\/","title":{"rendered":"Elysee Fee"},"content":{"rendered":"<p>Ein atemberaubendes Meisterwerk! Model Fairy verspr\u00fcht mit seiner aufw\u00e4ndigen und einzigartigen botanischen Stickereispitze einen romantischen Charme, vom sexy Illusionsmieder bis zur auff\u00e4lligen Schleppe. Diese Sch\u00f6nheit hat abnehmbare lange \u00c4rmel aus botanischer Spitze f\u00fcr einen luxuri\u00f6sen und eleganten Brautlook. Ihre Hochzeitsg\u00e4ste werden sich sicher die Augen reiben.   <\/p>\n","protected":false},"featured_media":105249,"template":"","meta":{"_acf_changed":false,"ghostkit_customizer_options":"","ghostkit_custom_css":"","ghostkit_custom_js_head":"","ghostkit_custom_js_foot":"","ghostkit_typography":""},"productdetails":[379,376,381],"productneck":[355],"productcolor":[393,392],"maat":[],"productsupplier":[427],"productsleeve":[362],"productcategory":[18],"productsilhouette":[387],"productstyle":[366,370],"class_list":["post-59538","product","type-product","status-publish","has-post-thumbnail","hentry","productdetails-379","productdetails-376","productdetails-381","productneck-355","productcolor-393","productcolor-392","productsupplier-elysee","productsleeve-362","productcategory-trouwjurken","productsilhouette-387","productstyle-366","productstyle-370"],"acf":[],"yoast_head":"<!-- This site is optimized with the Yoast SEO plugin v27.3 - https:\/\/yoast.com\/product\/yoast-seo-wordpress\/ -->\n<title>Elysee Fee | Koonings<\/title>\n<meta name=\"description\" content=\"Ein atemberaubendes Meisterwerk! Model Fairy verspr\u00fcht mit seiner aufw\u00e4ndigen und einzigartigen botanischen Stickereispitze einen romantischen Charme, vom sexy Illusionsmieder bis zur auff\u00e4lligen Schleppe. Diese Sch\u00f6nheit hat abnehmbare lange \u00c4rmel aus botanischer Spitze f\u00fcr einen luxuri\u00f6sen und eleganten Brautlook. Ihre Hochzeitsg\u00e4ste werden sich sicher die Augen reiben.\" \/>\n<meta name=\"robots\" content=\"index, follow, max-snippet:-1, max-image-preview:large, max-video-preview:-1\" \/>\n<link rel=\"canonical\" href=\"https:\/\/www.koonings.com\/de\/product\/elysee-fairy\/\" \/>\n<meta property=\"og:locale\" content=\"de_DE\" \/>\n<meta property=\"og:type\" content=\"article\" \/>\n<meta property=\"og:title\" content=\"Elysee Fee | Koonings\" \/>\n<meta property=\"og:description\" content=\"Ein atemberaubendes Meisterwerk! Model Fairy verspr\u00fcht mit seiner aufw\u00e4ndigen und einzigartigen botanischen Stickereispitze einen romantischen Charme, vom sexy Illusionsmieder bis zur auff\u00e4lligen Schleppe. Diese Sch\u00f6nheit hat abnehmbare lange \u00c4rmel aus botanischer Spitze f\u00fcr einen luxuri\u00f6sen und eleganten Brautlook. Ihre Hochzeitsg\u00e4ste werden sich sicher die Augen reiben.\" \/>\n<meta property=\"og:url\" content=\"https:\/\/www.koonings.com\/de\/product\/elysee-fairy\/\" \/>\n<meta property=\"og:site_name\" content=\"Koonings\" \/>\n<meta property=\"article:publisher\" content=\"https:\/\/www.facebook.com\/kooningstheweddingpalace\" \/>\n<meta property=\"og:image\" content=\"https:\/\/www.koonings.com\/wp-content\/uploads\/2025\/11\/41213_f5a4bf2dad4514cb57e8f294338113a4b52bb16de497406541b8c5e6f7157778003e5c2e.jpeg\" \/>\n\t<meta property=\"og:image:width\" content=\"1035\" \/>\n\t<meta property=\"og:image:height\" content=\"1380\" \/>\n\t<meta property=\"og:image:type\" content=\"image\/jpeg\" \/>\n<meta name=\"twitter:card\" content=\"summary_large_image\" \/>\n<script type=\"application\/ld+json\" class=\"yoast-schema-graph\">{\"@context\":\"https:\\\/\\\/schema.org\",\"@graph\":[{\"@type\":\"WebPage\",\"@id\":\"https:\\\/\\\/www.koonings.com\\\/de\\\/product\\\/elysee-fairy\\\/\",\"url\":\"https:\\\/\\\/www.koonings.com\\\/de\\\/product\\\/elysee-fairy\\\/\",\"name\":\"Elysee Fee | Koonings\",\"isPartOf\":{\"@id\":\"https:\\\/\\\/www.koonings.com\\\/de\\\/#website\"},\"primaryImageOfPage\":{\"@id\":\"https:\\\/\\\/www.koonings.com\\\/de\\\/product\\\/elysee-fairy\\\/#primaryimage\"},\"image\":{\"@id\":\"https:\\\/\\\/www.koonings.com\\\/de\\\/product\\\/elysee-fairy\\\/#primaryimage\"},\"thumbnailUrl\":\"https:\\\/\\\/www.koonings.com\\\/wp-content\\\/uploads\\\/2025\\\/11\\\/41213_f5a4bf2dad4514cb57e8f294338113a4b52bb16de497406541b8c5e6f7157778003e5c2e.jpeg\",\"datePublished\":\"2026-05-06T13:26:44+00:00\",\"description\":\"Ein atemberaubendes Meisterwerk! Model Fairy verspr\u00fcht mit seiner aufw\u00e4ndigen und einzigartigen botanischen Stickereispitze einen romantischen Charme, vom sexy Illusionsmieder bis zur auff\u00e4lligen Schleppe. Diese Sch\u00f6nheit hat abnehmbare lange \u00c4rmel aus botanischer Spitze f\u00fcr einen luxuri\u00f6sen und eleganten Brautlook. Ihre Hochzeitsg\u00e4ste werden sich sicher die Augen reiben.\",\"breadcrumb\":{\"@id\":\"https:\\\/\\\/www.koonings.com\\\/de\\\/product\\\/elysee-fairy\\\/#breadcrumb\"},\"inLanguage\":\"de\",\"potentialAction\":[{\"@type\":\"ReadAction\",\"target\":[\"https:\\\/\\\/www.koonings.com\\\/de\\\/product\\\/elysee-fairy\\\/\"]}]},{\"@type\":\"ImageObject\",\"inLanguage\":\"de\",\"@id\":\"https:\\\/\\\/www.koonings.com\\\/de\\\/product\\\/elysee-fairy\\\/#primaryimage\",\"url\":\"https:\\\/\\\/www.koonings.com\\\/wp-content\\\/uploads\\\/2025\\\/11\\\/41213_f5a4bf2dad4514cb57e8f294338113a4b52bb16de497406541b8c5e6f7157778003e5c2e.jpeg\",\"contentUrl\":\"https:\\\/\\\/www.koonings.com\\\/wp-content\\\/uploads\\\/2025\\\/11\\\/41213_f5a4bf2dad4514cb57e8f294338113a4b52bb16de497406541b8c5e6f7157778003e5c2e.jpeg\",\"width\":1035,\"height\":1380},{\"@type\":\"BreadcrumbList\",\"@id\":\"https:\\\/\\\/www.koonings.com\\\/de\\\/product\\\/elysee-fairy\\\/#breadcrumb\",\"itemListElement\":[{\"@type\":\"ListItem\",\"position\":1,\"name\":\"Home\",\"item\":\"https:\\\/\\\/www.koonings.com\\\/de\\\/\"},{\"@type\":\"ListItem\",\"position\":2,\"name\":\"Elysee Fee\"}]},{\"@type\":\"WebSite\",\"@id\":\"https:\\\/\\\/www.koonings.com\\\/de\\\/#website\",\"url\":\"https:\\\/\\\/www.koonings.com\\\/de\\\/\",\"name\":\"Koonings\",\"description\":\"De grootste bruidsmodewinkel ter wereld\",\"publisher\":{\"@id\":\"https:\\\/\\\/www.koonings.com\\\/de\\\/#organization\"},\"potentialAction\":[{\"@type\":\"SearchAction\",\"target\":{\"@type\":\"EntryPoint\",\"urlTemplate\":\"https:\\\/\\\/www.koonings.com\\\/de\\\/?s={search_term_string}\"},\"query-input\":{\"@type\":\"PropertyValueSpecification\",\"valueRequired\":true,\"valueName\":\"search_term_string\"}}],\"inLanguage\":\"de\"},{\"@type\":\"Organization\",\"@id\":\"https:\\\/\\\/www.koonings.com\\\/de\\\/#organization\",\"name\":\"Koonings\",\"url\":\"https:\\\/\\\/www.koonings.com\\\/de\\\/\",\"logo\":{\"@type\":\"ImageObject\",\"inLanguage\":\"de\",\"@id\":\"https:\\\/\\\/www.koonings.com\\\/de\\\/#\\\/schema\\\/logo\\\/image\\\/\",\"url\":\"https:\\\/\\\/www.koonings.com\\\/wp-content\\\/uploads\\\/2024\\\/07\\\/logo.png\",\"contentUrl\":\"https:\\\/\\\/www.koonings.com\\\/wp-content\\\/uploads\\\/2024\\\/07\\\/logo.png\",\"width\":600,\"height\":428,\"caption\":\"Koonings\"},\"image\":{\"@id\":\"https:\\\/\\\/www.koonings.com\\\/de\\\/#\\\/schema\\\/logo\\\/image\\\/\"},\"sameAs\":[\"https:\\\/\\\/www.facebook.com\\\/kooningstheweddingpalace\",\"https:\\\/\\\/www.instagram.com\\\/kooningstheweddingpalace\",\"https:\\\/\\\/www.pinterest.com\\\/koonings\",\"https:\\\/\\\/www.youtube.com\\\/kooningstheweddingpalace\"]}]}<\/script>\n<!-- \/ Yoast SEO plugin. -->","yoast_head_json":{"title":"Elysee Fee | Koonings","description":"Ein atemberaubendes Meisterwerk! Model Fairy verspr\u00fcht mit seiner aufw\u00e4ndigen und einzigartigen botanischen Stickereispitze einen romantischen Charme, vom sexy Illusionsmieder bis zur auff\u00e4lligen Schleppe. Diese Sch\u00f6nheit hat abnehmbare lange \u00c4rmel aus botanischer Spitze f\u00fcr einen luxuri\u00f6sen und eleganten Brautlook. Ihre Hochzeitsg\u00e4ste werden sich sicher die Augen reiben.","robots":{"index":"index","follow":"follow","max-snippet":"max-snippet:-1","max-image-preview":"max-image-preview:large","max-video-preview":"max-video-preview:-1"},"canonical":"https:\/\/www.koonings.com\/de\/product\/elysee-fairy\/","og_locale":"de_DE","og_type":"article","og_title":"Elysee Fee | Koonings","og_description":"Ein atemberaubendes Meisterwerk! Model Fairy verspr\u00fcht mit seiner aufw\u00e4ndigen und einzigartigen botanischen Stickereispitze einen romantischen Charme, vom sexy Illusionsmieder bis zur auff\u00e4lligen Schleppe. Diese Sch\u00f6nheit hat abnehmbare lange \u00c4rmel aus botanischer Spitze f\u00fcr einen luxuri\u00f6sen und eleganten Brautlook. Ihre Hochzeitsg\u00e4ste werden sich sicher die Augen reiben.","og_url":"https:\/\/www.koonings.com\/de\/product\/elysee-fairy\/","og_site_name":"Koonings","article_publisher":"https:\/\/www.facebook.com\/kooningstheweddingpalace","og_image":[{"width":1035,"height":1380,"url":"https:\/\/www.koonings.com\/wp-content\/uploads\/2025\/11\/41213_f5a4bf2dad4514cb57e8f294338113a4b52bb16de497406541b8c5e6f7157778003e5c2e.jpeg","type":"image\/jpeg"}],"twitter_card":"summary_large_image","schema":{"@context":"https:\/\/schema.org","@graph":[{"@type":"WebPage","@id":"https:\/\/www.koonings.com\/de\/product\/elysee-fairy\/","url":"https:\/\/www.koonings.com\/de\/product\/elysee-fairy\/","name":"Elysee Fee | Koonings","isPartOf":{"@id":"https:\/\/www.koonings.com\/de\/#website"},"primaryImageOfPage":{"@id":"https:\/\/www.koonings.com\/de\/product\/elysee-fairy\/#primaryimage"},"image":{"@id":"https:\/\/www.koonings.com\/de\/product\/elysee-fairy\/#primaryimage"},"thumbnailUrl":"https:\/\/www.koonings.com\/wp-content\/uploads\/2025\/11\/41213_f5a4bf2dad4514cb57e8f294338113a4b52bb16de497406541b8c5e6f7157778003e5c2e.jpeg","datePublished":"2026-05-06T13:26:44+00:00","description":"Ein atemberaubendes Meisterwerk! Model Fairy verspr\u00fcht mit seiner aufw\u00e4ndigen und einzigartigen botanischen Stickereispitze einen romantischen Charme, vom sexy Illusionsmieder bis zur auff\u00e4lligen Schleppe. Diese Sch\u00f6nheit hat abnehmbare lange \u00c4rmel aus botanischer Spitze f\u00fcr einen luxuri\u00f6sen und eleganten Brautlook. Ihre Hochzeitsg\u00e4ste werden sich sicher die Augen reiben.","breadcrumb":{"@id":"https:\/\/www.koonings.com\/de\/product\/elysee-fairy\/#breadcrumb"},"inLanguage":"de","potentialAction":[{"@type":"ReadAction","target":["https:\/\/www.koonings.com\/de\/product\/elysee-fairy\/"]}]},{"@type":"ImageObject","inLanguage":"de","@id":"https:\/\/www.koonings.com\/de\/product\/elysee-fairy\/#primaryimage","url":"https:\/\/www.koonings.com\/wp-content\/uploads\/2025\/11\/41213_f5a4bf2dad4514cb57e8f294338113a4b52bb16de497406541b8c5e6f7157778003e5c2e.jpeg","contentUrl":"https:\/\/www.koonings.com\/wp-content\/uploads\/2025\/11\/41213_f5a4bf2dad4514cb57e8f294338113a4b52bb16de497406541b8c5e6f7157778003e5c2e.jpeg","width":1035,"height":1380},{"@type":"BreadcrumbList","@id":"https:\/\/www.koonings.com\/de\/product\/elysee-fairy\/#breadcrumb","itemListElement":[{"@type":"ListItem","position":1,"name":"Home","item":"https:\/\/www.koonings.com\/de\/"},{"@type":"ListItem","position":2,"name":"Elysee Fee"}]},{"@type":"WebSite","@id":"https:\/\/www.koonings.com\/de\/#website","url":"https:\/\/www.koonings.com\/de\/","name":"Koonings","description":"De grootste bruidsmodewinkel ter wereld","publisher":{"@id":"https:\/\/www.koonings.com\/de\/#organization"},"potentialAction":[{"@type":"SearchAction","target":{"@type":"EntryPoint","urlTemplate":"https:\/\/www.koonings.com\/de\/?s={search_term_string}"},"query-input":{"@type":"PropertyValueSpecification","valueRequired":true,"valueName":"search_term_string"}}],"inLanguage":"de"},{"@type":"Organization","@id":"https:\/\/www.koonings.com\/de\/#organization","name":"Koonings","url":"https:\/\/www.koonings.com\/de\/","logo":{"@type":"ImageObject","inLanguage":"de","@id":"https:\/\/www.koonings.com\/de\/#\/schema\/logo\/image\/","url":"https:\/\/www.koonings.com\/wp-content\/uploads\/2024\/07\/logo.png","contentUrl":"https:\/\/www.koonings.com\/wp-content\/uploads\/2024\/07\/logo.png","width":600,"height":428,"caption":"Koonings"},"image":{"@id":"https:\/\/www.koonings.com\/de\/#\/schema\/logo\/image\/"},"sameAs":["https:\/\/www.facebook.com\/kooningstheweddingpalace","https:\/\/www.instagram.com\/kooningstheweddingpalace","https:\/\/www.pinterest.com\/koonings","https:\/\/www.youtube.com\/kooningstheweddingpalace"]}]}},"_links":{"self":[{"href":"https:\/\/www.koonings.com\/de\/wp-json\/wp\/v2\/product\/59538","targetHints":{"allow":["GET"]}}],"collection":[{"href":"https:\/\/www.koonings.com\/de\/wp-json\/wp\/v2\/product"}],"about":[{"href":"https:\/\/www.koonings.com\/de\/wp-json\/wp\/v2\/types\/product"}],"wp:featuredmedia":[{"embeddable":true,"href":"https:\/\/www.koonings.com\/de\/wp-json\/wp\/v2\/media\/105249"}],"wp:attachment":[{"href":"https:\/\/www.koonings.com\/de\/wp-json\/wp\/v2\/media?parent=59538"}],"wp:term":[{"taxonomy":"productdetails","embeddable":true,"href":"https:\/\/www.koonings.com\/de\/wp-json\/wp\/v2\/productdetails?post=59538"},{"taxonomy":"productneck","embeddable":true,"href":"https:\/\/www.koonings.com\/de\/wp-json\/wp\/v2\/productneck?post=59538"},{"taxonomy":"productcolor","embeddable":true,"href":"https:\/\/www.koonings.com\/de\/wp-json\/wp\/v2\/productcolor?post=59538"},{"taxonomy":"maat","embeddable":true,"href":"https:\/\/www.koonings.com\/de\/wp-json\/wp\/v2\/maat?post=59538"},{"taxonomy":"productsupplier","embeddable":true,"href":"https:\/\/www.koonings.com\/de\/wp-json\/wp\/v2\/productsupplier?post=59538"},{"taxonomy":"productsleeve","embeddable":true,"href":"https:\/\/www.koonings.com\/de\/wp-json\/wp\/v2\/productsleeve?post=59538"},{"taxonomy":"productcategory","embeddable":true,"href":"https:\/\/www.koonings.com\/de\/wp-json\/wp\/v2\/productcategory?post=59538"},{"taxonomy":"productsilhouette","embeddable":true,"href":"https:\/\/www.koonings.com\/de\/wp-json\/wp\/v2\/productsilhouette?post=59538"},{"taxonomy":"productstyle","embeddable":true,"href":"https:\/\/www.koonings.com\/de\/wp-json\/wp\/v2\/productstyle?post=59538"}],"curies":[{"name":"wp","href":"https:\/\/api.w.org\/{rel}","templated":true}]}}