{"id":59536,"date":"2026-04-28T18:26:31","date_gmt":"2026-04-28T16:26:31","guid":{"rendered":"https:\/\/www.koonings.com\/product\/elysee-femie-2\/"},"modified":"2026-02-16T14:42:32","modified_gmt":"2026-02-16T13:42:32","slug":"elysee-femie-2","status":"publish","type":"product","link":"https:\/\/www.koonings.com\/de\/product\/elysee-femie-2\/","title":{"rendered":"Elysee Femie"},"content":{"rendered":"<p>F\u00fcr unsere m\u00e4rchenhaften Fantasie-Br\u00e4ute ist das Modell Femie genau das Richtige! Dieses ultra-romantische Hochzeitskleid pr\u00e4sentiert 3D-Perlenbl\u00fcten und bestickte florale Spitze am gesamten Mieder mit wundersch\u00f6nen Tr\u00e4gern aus Perlenspitze. Die Spitze geht in eine vertr\u00e4umte und dramatische \u00e4u\u00dfere Schicht aus T\u00fcll \u00fcber einem glitzernden Rock aus Glitzert\u00fcll \u00fcber und sorgt so f\u00fcr einen unvergesslichen, \u00e4therischen Brautlook.  <\/p>\n","protected":false},"featured_media":51164,"template":"","meta":{"_acf_changed":false,"ghostkit_customizer_options":"","ghostkit_custom_css":"","ghostkit_custom_js_head":"","ghostkit_custom_js_foot":"","ghostkit_typography":""},"productdetails":[379,376],"productneck":[356],"productcolor":[393,392],"maat":[],"productsupplier":[427],"productsleeve":[359],"productcategory":[18],"productsilhouette":[387,389],"productstyle":[369,370],"class_list":["post-59536","product","type-product","status-publish","has-post-thumbnail","hentry","productdetails-379","productdetails-376","productneck-356","productcolor-393","productcolor-392","productsupplier-elysee","productsleeve-359","productcategory-trouwjurken","productsilhouette-387","productsilhouette-389","productstyle-369","productstyle-370"],"acf":[],"yoast_head":"<!-- This site is optimized with the Yoast SEO plugin v27.3 - https:\/\/yoast.com\/product\/yoast-seo-wordpress\/ -->\n<title>Elysee Femie | Koonings<\/title>\n<meta name=\"description\" content=\"F\u00fcr unsere m\u00e4rchenhaften Fantasie-Br\u00e4ute ist das Modell Femie genau das Richtige! Dieses ultra-romantische Hochzeitskleid pr\u00e4sentiert 3D-Perlenbl\u00fcten und bestickte florale Spitze am gesamten Mieder mit wundersch\u00f6nen Tr\u00e4gern aus Perlenspitze. Die Spitze geht in eine vertr\u00e4umte und dramatische \u00e4u\u00dfere Schicht aus T\u00fcll \u00fcber einem glitzernden Rock aus Glitzert\u00fcll \u00fcber und sorgt so f\u00fcr einen unvergesslichen, \u00e4therischen Brautlook.\" \/>\n<meta name=\"robots\" content=\"index, follow, max-snippet:-1, max-image-preview:large, max-video-preview:-1\" \/>\n<link rel=\"canonical\" href=\"https:\/\/www.koonings.com\/de\/product\/elysee-femie-2\/\" \/>\n<meta property=\"og:locale\" content=\"de_DE\" \/>\n<meta property=\"og:type\" content=\"article\" \/>\n<meta property=\"og:title\" content=\"Elysee Femie | Koonings\" \/>\n<meta property=\"og:description\" content=\"F\u00fcr unsere m\u00e4rchenhaften Fantasie-Br\u00e4ute ist das Modell Femie genau das Richtige! Dieses ultra-romantische Hochzeitskleid pr\u00e4sentiert 3D-Perlenbl\u00fcten und bestickte florale Spitze am gesamten Mieder mit wundersch\u00f6nen Tr\u00e4gern aus Perlenspitze. Die Spitze geht in eine vertr\u00e4umte und dramatische \u00e4u\u00dfere Schicht aus T\u00fcll \u00fcber einem glitzernden Rock aus Glitzert\u00fcll \u00fcber und sorgt so f\u00fcr einen unvergesslichen, \u00e4therischen Brautlook.\" \/>\n<meta property=\"og:url\" content=\"https:\/\/www.koonings.com\/de\/product\/elysee-femie-2\/\" \/>\n<meta property=\"og:site_name\" content=\"Koonings\" \/>\n<meta property=\"article:publisher\" content=\"https:\/\/www.facebook.com\/kooningstheweddingpalace\" \/>\n<meta property=\"og:image\" content=\"https:\/\/www.koonings.com\/wp-content\/uploads\/2024\/11\/41215_2099cb7694de3b24d8832afbec1195ff3639f8b4ff78bc2f4397b00965b461de046ed245.jpeg\" \/>\n\t<meta property=\"og:image:width\" content=\"1035\" \/>\n\t<meta property=\"og:image:height\" content=\"1380\" \/>\n\t<meta property=\"og:image:type\" content=\"image\/jpeg\" \/>\n<meta name=\"twitter:card\" content=\"summary_large_image\" \/>\n<script type=\"application\/ld+json\" class=\"yoast-schema-graph\">{\"@context\":\"https:\\\/\\\/schema.org\",\"@graph\":[{\"@type\":\"WebPage\",\"@id\":\"https:\\\/\\\/www.koonings.com\\\/de\\\/product\\\/elysee-femie-2\\\/\",\"url\":\"https:\\\/\\\/www.koonings.com\\\/de\\\/product\\\/elysee-femie-2\\\/\",\"name\":\"Elysee Femie | Koonings\",\"isPartOf\":{\"@id\":\"https:\\\/\\\/www.koonings.com\\\/de\\\/#website\"},\"primaryImageOfPage\":{\"@id\":\"https:\\\/\\\/www.koonings.com\\\/de\\\/product\\\/elysee-femie-2\\\/#primaryimage\"},\"image\":{\"@id\":\"https:\\\/\\\/www.koonings.com\\\/de\\\/product\\\/elysee-femie-2\\\/#primaryimage\"},\"thumbnailUrl\":\"https:\\\/\\\/www.koonings.com\\\/wp-content\\\/uploads\\\/2024\\\/11\\\/41215_2099cb7694de3b24d8832afbec1195ff3639f8b4ff78bc2f4397b00965b461de046ed245.jpeg\",\"datePublished\":\"2026-04-28T16:26:31+00:00\",\"description\":\"F\u00fcr unsere m\u00e4rchenhaften Fantasie-Br\u00e4ute ist das Modell Femie genau das Richtige! Dieses ultra-romantische Hochzeitskleid pr\u00e4sentiert 3D-Perlenbl\u00fcten und bestickte florale Spitze am gesamten Mieder mit wundersch\u00f6nen Tr\u00e4gern aus Perlenspitze. Die Spitze geht in eine vertr\u00e4umte und dramatische \u00e4u\u00dfere Schicht aus T\u00fcll \u00fcber einem glitzernden Rock aus Glitzert\u00fcll \u00fcber und sorgt so f\u00fcr einen unvergesslichen, \u00e4therischen Brautlook.\",\"breadcrumb\":{\"@id\":\"https:\\\/\\\/www.koonings.com\\\/de\\\/product\\\/elysee-femie-2\\\/#breadcrumb\"},\"inLanguage\":\"de\",\"potentialAction\":[{\"@type\":\"ReadAction\",\"target\":[\"https:\\\/\\\/www.koonings.com\\\/de\\\/product\\\/elysee-femie-2\\\/\"]}]},{\"@type\":\"ImageObject\",\"inLanguage\":\"de\",\"@id\":\"https:\\\/\\\/www.koonings.com\\\/de\\\/product\\\/elysee-femie-2\\\/#primaryimage\",\"url\":\"https:\\\/\\\/www.koonings.com\\\/wp-content\\\/uploads\\\/2024\\\/11\\\/41215_2099cb7694de3b24d8832afbec1195ff3639f8b4ff78bc2f4397b00965b461de046ed245.jpeg\",\"contentUrl\":\"https:\\\/\\\/www.koonings.com\\\/wp-content\\\/uploads\\\/2024\\\/11\\\/41215_2099cb7694de3b24d8832afbec1195ff3639f8b4ff78bc2f4397b00965b461de046ed245.jpeg\",\"width\":1035,\"height\":1380},{\"@type\":\"BreadcrumbList\",\"@id\":\"https:\\\/\\\/www.koonings.com\\\/de\\\/product\\\/elysee-femie-2\\\/#breadcrumb\",\"itemListElement\":[{\"@type\":\"ListItem\",\"position\":1,\"name\":\"Home\",\"item\":\"https:\\\/\\\/www.koonings.com\\\/de\\\/\"},{\"@type\":\"ListItem\",\"position\":2,\"name\":\"Elysee Femie\"}]},{\"@type\":\"WebSite\",\"@id\":\"https:\\\/\\\/www.koonings.com\\\/de\\\/#website\",\"url\":\"https:\\\/\\\/www.koonings.com\\\/de\\\/\",\"name\":\"Koonings\",\"description\":\"De grootste bruidsmodewinkel ter wereld\",\"publisher\":{\"@id\":\"https:\\\/\\\/www.koonings.com\\\/de\\\/#organization\"},\"potentialAction\":[{\"@type\":\"SearchAction\",\"target\":{\"@type\":\"EntryPoint\",\"urlTemplate\":\"https:\\\/\\\/www.koonings.com\\\/de\\\/?s={search_term_string}\"},\"query-input\":{\"@type\":\"PropertyValueSpecification\",\"valueRequired\":true,\"valueName\":\"search_term_string\"}}],\"inLanguage\":\"de\"},{\"@type\":\"Organization\",\"@id\":\"https:\\\/\\\/www.koonings.com\\\/de\\\/#organization\",\"name\":\"Koonings\",\"url\":\"https:\\\/\\\/www.koonings.com\\\/de\\\/\",\"logo\":{\"@type\":\"ImageObject\",\"inLanguage\":\"de\",\"@id\":\"https:\\\/\\\/www.koonings.com\\\/de\\\/#\\\/schema\\\/logo\\\/image\\\/\",\"url\":\"https:\\\/\\\/www.koonings.com\\\/wp-content\\\/uploads\\\/2024\\\/07\\\/logo.png\",\"contentUrl\":\"https:\\\/\\\/www.koonings.com\\\/wp-content\\\/uploads\\\/2024\\\/07\\\/logo.png\",\"width\":600,\"height\":428,\"caption\":\"Koonings\"},\"image\":{\"@id\":\"https:\\\/\\\/www.koonings.com\\\/de\\\/#\\\/schema\\\/logo\\\/image\\\/\"},\"sameAs\":[\"https:\\\/\\\/www.facebook.com\\\/kooningstheweddingpalace\",\"https:\\\/\\\/www.instagram.com\\\/kooningstheweddingpalace\",\"https:\\\/\\\/www.pinterest.com\\\/koonings\",\"https:\\\/\\\/www.youtube.com\\\/kooningstheweddingpalace\"]}]}<\/script>\n<!-- \/ Yoast SEO plugin. -->","yoast_head_json":{"title":"Elysee Femie | Koonings","description":"F\u00fcr unsere m\u00e4rchenhaften Fantasie-Br\u00e4ute ist das Modell Femie genau das Richtige! Dieses ultra-romantische Hochzeitskleid pr\u00e4sentiert 3D-Perlenbl\u00fcten und bestickte florale Spitze am gesamten Mieder mit wundersch\u00f6nen Tr\u00e4gern aus Perlenspitze. Die Spitze geht in eine vertr\u00e4umte und dramatische \u00e4u\u00dfere Schicht aus T\u00fcll \u00fcber einem glitzernden Rock aus Glitzert\u00fcll \u00fcber und sorgt so f\u00fcr einen unvergesslichen, \u00e4therischen Brautlook.","robots":{"index":"index","follow":"follow","max-snippet":"max-snippet:-1","max-image-preview":"max-image-preview:large","max-video-preview":"max-video-preview:-1"},"canonical":"https:\/\/www.koonings.com\/de\/product\/elysee-femie-2\/","og_locale":"de_DE","og_type":"article","og_title":"Elysee Femie | Koonings","og_description":"F\u00fcr unsere m\u00e4rchenhaften Fantasie-Br\u00e4ute ist das Modell Femie genau das Richtige! Dieses ultra-romantische Hochzeitskleid pr\u00e4sentiert 3D-Perlenbl\u00fcten und bestickte florale Spitze am gesamten Mieder mit wundersch\u00f6nen Tr\u00e4gern aus Perlenspitze. Die Spitze geht in eine vertr\u00e4umte und dramatische \u00e4u\u00dfere Schicht aus T\u00fcll \u00fcber einem glitzernden Rock aus Glitzert\u00fcll \u00fcber und sorgt so f\u00fcr einen unvergesslichen, \u00e4therischen Brautlook.","og_url":"https:\/\/www.koonings.com\/de\/product\/elysee-femie-2\/","og_site_name":"Koonings","article_publisher":"https:\/\/www.facebook.com\/kooningstheweddingpalace","og_image":[{"width":1035,"height":1380,"url":"https:\/\/www.koonings.com\/wp-content\/uploads\/2024\/11\/41215_2099cb7694de3b24d8832afbec1195ff3639f8b4ff78bc2f4397b00965b461de046ed245.jpeg","type":"image\/jpeg"}],"twitter_card":"summary_large_image","schema":{"@context":"https:\/\/schema.org","@graph":[{"@type":"WebPage","@id":"https:\/\/www.koonings.com\/de\/product\/elysee-femie-2\/","url":"https:\/\/www.koonings.com\/de\/product\/elysee-femie-2\/","name":"Elysee Femie | Koonings","isPartOf":{"@id":"https:\/\/www.koonings.com\/de\/#website"},"primaryImageOfPage":{"@id":"https:\/\/www.koonings.com\/de\/product\/elysee-femie-2\/#primaryimage"},"image":{"@id":"https:\/\/www.koonings.com\/de\/product\/elysee-femie-2\/#primaryimage"},"thumbnailUrl":"https:\/\/www.koonings.com\/wp-content\/uploads\/2024\/11\/41215_2099cb7694de3b24d8832afbec1195ff3639f8b4ff78bc2f4397b00965b461de046ed245.jpeg","datePublished":"2026-04-28T16:26:31+00:00","description":"F\u00fcr unsere m\u00e4rchenhaften Fantasie-Br\u00e4ute ist das Modell Femie genau das Richtige! Dieses ultra-romantische Hochzeitskleid pr\u00e4sentiert 3D-Perlenbl\u00fcten und bestickte florale Spitze am gesamten Mieder mit wundersch\u00f6nen Tr\u00e4gern aus Perlenspitze. Die Spitze geht in eine vertr\u00e4umte und dramatische \u00e4u\u00dfere Schicht aus T\u00fcll \u00fcber einem glitzernden Rock aus Glitzert\u00fcll \u00fcber und sorgt so f\u00fcr einen unvergesslichen, \u00e4therischen Brautlook.","breadcrumb":{"@id":"https:\/\/www.koonings.com\/de\/product\/elysee-femie-2\/#breadcrumb"},"inLanguage":"de","potentialAction":[{"@type":"ReadAction","target":["https:\/\/www.koonings.com\/de\/product\/elysee-femie-2\/"]}]},{"@type":"ImageObject","inLanguage":"de","@id":"https:\/\/www.koonings.com\/de\/product\/elysee-femie-2\/#primaryimage","url":"https:\/\/www.koonings.com\/wp-content\/uploads\/2024\/11\/41215_2099cb7694de3b24d8832afbec1195ff3639f8b4ff78bc2f4397b00965b461de046ed245.jpeg","contentUrl":"https:\/\/www.koonings.com\/wp-content\/uploads\/2024\/11\/41215_2099cb7694de3b24d8832afbec1195ff3639f8b4ff78bc2f4397b00965b461de046ed245.jpeg","width":1035,"height":1380},{"@type":"BreadcrumbList","@id":"https:\/\/www.koonings.com\/de\/product\/elysee-femie-2\/#breadcrumb","itemListElement":[{"@type":"ListItem","position":1,"name":"Home","item":"https:\/\/www.koonings.com\/de\/"},{"@type":"ListItem","position":2,"name":"Elysee Femie"}]},{"@type":"WebSite","@id":"https:\/\/www.koonings.com\/de\/#website","url":"https:\/\/www.koonings.com\/de\/","name":"Koonings","description":"De grootste bruidsmodewinkel ter wereld","publisher":{"@id":"https:\/\/www.koonings.com\/de\/#organization"},"potentialAction":[{"@type":"SearchAction","target":{"@type":"EntryPoint","urlTemplate":"https:\/\/www.koonings.com\/de\/?s={search_term_string}"},"query-input":{"@type":"PropertyValueSpecification","valueRequired":true,"valueName":"search_term_string"}}],"inLanguage":"de"},{"@type":"Organization","@id":"https:\/\/www.koonings.com\/de\/#organization","name":"Koonings","url":"https:\/\/www.koonings.com\/de\/","logo":{"@type":"ImageObject","inLanguage":"de","@id":"https:\/\/www.koonings.com\/de\/#\/schema\/logo\/image\/","url":"https:\/\/www.koonings.com\/wp-content\/uploads\/2024\/07\/logo.png","contentUrl":"https:\/\/www.koonings.com\/wp-content\/uploads\/2024\/07\/logo.png","width":600,"height":428,"caption":"Koonings"},"image":{"@id":"https:\/\/www.koonings.com\/de\/#\/schema\/logo\/image\/"},"sameAs":["https:\/\/www.facebook.com\/kooningstheweddingpalace","https:\/\/www.instagram.com\/kooningstheweddingpalace","https:\/\/www.pinterest.com\/koonings","https:\/\/www.youtube.com\/kooningstheweddingpalace"]}]}},"_links":{"self":[{"href":"https:\/\/www.koonings.com\/de\/wp-json\/wp\/v2\/product\/59536","targetHints":{"allow":["GET"]}}],"collection":[{"href":"https:\/\/www.koonings.com\/de\/wp-json\/wp\/v2\/product"}],"about":[{"href":"https:\/\/www.koonings.com\/de\/wp-json\/wp\/v2\/types\/product"}],"wp:featuredmedia":[{"embeddable":true,"href":"https:\/\/www.koonings.com\/de\/wp-json\/wp\/v2\/media\/51164"}],"wp:attachment":[{"href":"https:\/\/www.koonings.com\/de\/wp-json\/wp\/v2\/media?parent=59536"}],"wp:term":[{"taxonomy":"productdetails","embeddable":true,"href":"https:\/\/www.koonings.com\/de\/wp-json\/wp\/v2\/productdetails?post=59536"},{"taxonomy":"productneck","embeddable":true,"href":"https:\/\/www.koonings.com\/de\/wp-json\/wp\/v2\/productneck?post=59536"},{"taxonomy":"productcolor","embeddable":true,"href":"https:\/\/www.koonings.com\/de\/wp-json\/wp\/v2\/productcolor?post=59536"},{"taxonomy":"maat","embeddable":true,"href":"https:\/\/www.koonings.com\/de\/wp-json\/wp\/v2\/maat?post=59536"},{"taxonomy":"productsupplier","embeddable":true,"href":"https:\/\/www.koonings.com\/de\/wp-json\/wp\/v2\/productsupplier?post=59536"},{"taxonomy":"productsleeve","embeddable":true,"href":"https:\/\/www.koonings.com\/de\/wp-json\/wp\/v2\/productsleeve?post=59536"},{"taxonomy":"productcategory","embeddable":true,"href":"https:\/\/www.koonings.com\/de\/wp-json\/wp\/v2\/productcategory?post=59536"},{"taxonomy":"productsilhouette","embeddable":true,"href":"https:\/\/www.koonings.com\/de\/wp-json\/wp\/v2\/productsilhouette?post=59536"},{"taxonomy":"productstyle","embeddable":true,"href":"https:\/\/www.koonings.com\/de\/wp-json\/wp\/v2\/productstyle?post=59536"}],"curies":[{"name":"wp","href":"https:\/\/api.w.org\/{rel}","templated":true}]}}