{"id":59520,"date":"2026-04-28T18:26:34","date_gmt":"2026-04-28T16:26:34","guid":{"rendered":"https:\/\/www.koonings.com\/product\/elysee-florianne\/"},"modified":"2025-06-05T13:22:21","modified_gmt":"2025-06-05T11:22:21","slug":"elysee-florianne","status":"publish","type":"product","link":"https:\/\/www.koonings.com\/de\/product\/elysee-florianne\/","title":{"rendered":"Elysee Florianne"},"content":{"rendered":"<p>Die minimalistische Silhouette des Modells Florianne wird durch den luxuri\u00f6sen, drapierten Stretch-Georgette-Stoff unterstrichen, der dem schlichten Design einen Hauch von Raffinesse und Opulenz verleiht. Eine Kapuze am R\u00fccken, die unter dem glitzernden, mit Perlen besetzten T\u00fcll drapiert ist, und ein sichtbares Korsett am R\u00fccken sorgen f\u00fcr einen zeitlosen Look mit einem modernen Twist!<\/p>\n","protected":false},"featured_media":51318,"template":"","meta":{"_acf_changed":false,"ghostkit_customizer_options":"","ghostkit_custom_css":"","ghostkit_custom_js_head":"","ghostkit_custom_js_foot":"","ghostkit_typography":""},"productdetails":[381],"productneck":[354],"productcolor":[392],"maat":[],"productsupplier":[427],"productsleeve":[],"productcategory":[18],"productsilhouette":[387],"productstyle":[365,371],"class_list":["post-59520","product","type-product","status-publish","has-post-thumbnail","hentry","productdetails-381","productneck-354","productcolor-392","productsupplier-elysee","productcategory-trouwjurken","productsilhouette-387","productstyle-365","productstyle-371"],"acf":[],"yoast_head":"<!-- This site is optimized with the Yoast SEO plugin v27.3 - https:\/\/yoast.com\/product\/yoast-seo-wordpress\/ -->\n<title>Elysee Florianne | Koonings<\/title>\n<meta name=\"description\" content=\"Die minimalistische Silhouette des Modells Florianne wird durch den luxuri\u00f6sen, drapierten Stretch-Georgette-Stoff unterstrichen, der dem schlichten Design einen Hauch von Raffinesse und Opulenz verleiht. Eine Kapuze am R\u00fccken, die unter dem glitzernden, mit Perlen besetzten T\u00fcll drapiert ist, und ein sichtbares Korsett am R\u00fccken sorgen f\u00fcr einen zeitlosen Look mit einem modernen Twist!\" \/>\n<meta name=\"robots\" content=\"index, follow, max-snippet:-1, max-image-preview:large, max-video-preview:-1\" \/>\n<link rel=\"canonical\" href=\"https:\/\/www.koonings.com\/de\/product\/elysee-florianne\/\" \/>\n<meta property=\"og:locale\" content=\"de_DE\" \/>\n<meta property=\"og:type\" content=\"article\" \/>\n<meta property=\"og:title\" content=\"Elysee Florianne | Koonings\" \/>\n<meta property=\"og:description\" content=\"Die minimalistische Silhouette des Modells Florianne wird durch den luxuri\u00f6sen, drapierten Stretch-Georgette-Stoff unterstrichen, der dem schlichten Design einen Hauch von Raffinesse und Opulenz verleiht. Eine Kapuze am R\u00fccken, die unter dem glitzernden, mit Perlen besetzten T\u00fcll drapiert ist, und ein sichtbares Korsett am R\u00fccken sorgen f\u00fcr einen zeitlosen Look mit einem modernen Twist!\" \/>\n<meta property=\"og:url\" content=\"https:\/\/www.koonings.com\/de\/product\/elysee-florianne\/\" \/>\n<meta property=\"og:site_name\" content=\"Koonings\" \/>\n<meta property=\"article:publisher\" content=\"https:\/\/www.facebook.com\/kooningstheweddingpalace\" \/>\n<meta property=\"og:image\" content=\"https:\/\/www.koonings.com\/wp-content\/uploads\/2024\/11\/41221_443666b6a97970901728f937113c094f2734784109ccaba2f78a754a1649bc19d122603d.jpeg\" \/>\n\t<meta property=\"og:image:width\" content=\"1035\" \/>\n\t<meta property=\"og:image:height\" content=\"1380\" \/>\n\t<meta property=\"og:image:type\" content=\"image\/jpeg\" \/>\n<meta name=\"twitter:card\" content=\"summary_large_image\" \/>\n<script type=\"application\/ld+json\" class=\"yoast-schema-graph\">{\"@context\":\"https:\\\/\\\/schema.org\",\"@graph\":[{\"@type\":\"WebPage\",\"@id\":\"https:\\\/\\\/www.koonings.com\\\/de\\\/product\\\/elysee-florianne\\\/\",\"url\":\"https:\\\/\\\/www.koonings.com\\\/de\\\/product\\\/elysee-florianne\\\/\",\"name\":\"Elysee Florianne | Koonings\",\"isPartOf\":{\"@id\":\"https:\\\/\\\/www.koonings.com\\\/de\\\/#website\"},\"primaryImageOfPage\":{\"@id\":\"https:\\\/\\\/www.koonings.com\\\/de\\\/product\\\/elysee-florianne\\\/#primaryimage\"},\"image\":{\"@id\":\"https:\\\/\\\/www.koonings.com\\\/de\\\/product\\\/elysee-florianne\\\/#primaryimage\"},\"thumbnailUrl\":\"https:\\\/\\\/www.koonings.com\\\/wp-content\\\/uploads\\\/2024\\\/11\\\/41221_443666b6a97970901728f937113c094f2734784109ccaba2f78a754a1649bc19d122603d.jpeg\",\"datePublished\":\"2026-04-28T16:26:34+00:00\",\"description\":\"Die minimalistische Silhouette des Modells Florianne wird durch den luxuri\u00f6sen, drapierten Stretch-Georgette-Stoff unterstrichen, der dem schlichten Design einen Hauch von Raffinesse und Opulenz verleiht. Eine Kapuze am R\u00fccken, die unter dem glitzernden, mit Perlen besetzten T\u00fcll drapiert ist, und ein sichtbares Korsett am R\u00fccken sorgen f\u00fcr einen zeitlosen Look mit einem modernen Twist!\",\"breadcrumb\":{\"@id\":\"https:\\\/\\\/www.koonings.com\\\/de\\\/product\\\/elysee-florianne\\\/#breadcrumb\"},\"inLanguage\":\"de\",\"potentialAction\":[{\"@type\":\"ReadAction\",\"target\":[\"https:\\\/\\\/www.koonings.com\\\/de\\\/product\\\/elysee-florianne\\\/\"]}]},{\"@type\":\"ImageObject\",\"inLanguage\":\"de\",\"@id\":\"https:\\\/\\\/www.koonings.com\\\/de\\\/product\\\/elysee-florianne\\\/#primaryimage\",\"url\":\"https:\\\/\\\/www.koonings.com\\\/wp-content\\\/uploads\\\/2024\\\/11\\\/41221_443666b6a97970901728f937113c094f2734784109ccaba2f78a754a1649bc19d122603d.jpeg\",\"contentUrl\":\"https:\\\/\\\/www.koonings.com\\\/wp-content\\\/uploads\\\/2024\\\/11\\\/41221_443666b6a97970901728f937113c094f2734784109ccaba2f78a754a1649bc19d122603d.jpeg\",\"width\":1035,\"height\":1380},{\"@type\":\"BreadcrumbList\",\"@id\":\"https:\\\/\\\/www.koonings.com\\\/de\\\/product\\\/elysee-florianne\\\/#breadcrumb\",\"itemListElement\":[{\"@type\":\"ListItem\",\"position\":1,\"name\":\"Home\",\"item\":\"https:\\\/\\\/www.koonings.com\\\/de\\\/\"},{\"@type\":\"ListItem\",\"position\":2,\"name\":\"Elysee Florianne\"}]},{\"@type\":\"WebSite\",\"@id\":\"https:\\\/\\\/www.koonings.com\\\/de\\\/#website\",\"url\":\"https:\\\/\\\/www.koonings.com\\\/de\\\/\",\"name\":\"Koonings\",\"description\":\"De grootste bruidsmodewinkel ter wereld\",\"publisher\":{\"@id\":\"https:\\\/\\\/www.koonings.com\\\/de\\\/#organization\"},\"potentialAction\":[{\"@type\":\"SearchAction\",\"target\":{\"@type\":\"EntryPoint\",\"urlTemplate\":\"https:\\\/\\\/www.koonings.com\\\/de\\\/?s={search_term_string}\"},\"query-input\":{\"@type\":\"PropertyValueSpecification\",\"valueRequired\":true,\"valueName\":\"search_term_string\"}}],\"inLanguage\":\"de\"},{\"@type\":\"Organization\",\"@id\":\"https:\\\/\\\/www.koonings.com\\\/de\\\/#organization\",\"name\":\"Koonings\",\"url\":\"https:\\\/\\\/www.koonings.com\\\/de\\\/\",\"logo\":{\"@type\":\"ImageObject\",\"inLanguage\":\"de\",\"@id\":\"https:\\\/\\\/www.koonings.com\\\/de\\\/#\\\/schema\\\/logo\\\/image\\\/\",\"url\":\"https:\\\/\\\/www.koonings.com\\\/wp-content\\\/uploads\\\/2024\\\/07\\\/logo.png\",\"contentUrl\":\"https:\\\/\\\/www.koonings.com\\\/wp-content\\\/uploads\\\/2024\\\/07\\\/logo.png\",\"width\":600,\"height\":428,\"caption\":\"Koonings\"},\"image\":{\"@id\":\"https:\\\/\\\/www.koonings.com\\\/de\\\/#\\\/schema\\\/logo\\\/image\\\/\"},\"sameAs\":[\"https:\\\/\\\/www.facebook.com\\\/kooningstheweddingpalace\",\"https:\\\/\\\/www.instagram.com\\\/kooningstheweddingpalace\",\"https:\\\/\\\/www.pinterest.com\\\/koonings\",\"https:\\\/\\\/www.youtube.com\\\/kooningstheweddingpalace\"]}]}<\/script>\n<!-- \/ Yoast SEO plugin. -->","yoast_head_json":{"title":"Elysee Florianne | Koonings","description":"Die minimalistische Silhouette des Modells Florianne wird durch den luxuri\u00f6sen, drapierten Stretch-Georgette-Stoff unterstrichen, der dem schlichten Design einen Hauch von Raffinesse und Opulenz verleiht. Eine Kapuze am R\u00fccken, die unter dem glitzernden, mit Perlen besetzten T\u00fcll drapiert ist, und ein sichtbares Korsett am R\u00fccken sorgen f\u00fcr einen zeitlosen Look mit einem modernen Twist!","robots":{"index":"index","follow":"follow","max-snippet":"max-snippet:-1","max-image-preview":"max-image-preview:large","max-video-preview":"max-video-preview:-1"},"canonical":"https:\/\/www.koonings.com\/de\/product\/elysee-florianne\/","og_locale":"de_DE","og_type":"article","og_title":"Elysee Florianne | Koonings","og_description":"Die minimalistische Silhouette des Modells Florianne wird durch den luxuri\u00f6sen, drapierten Stretch-Georgette-Stoff unterstrichen, der dem schlichten Design einen Hauch von Raffinesse und Opulenz verleiht. Eine Kapuze am R\u00fccken, die unter dem glitzernden, mit Perlen besetzten T\u00fcll drapiert ist, und ein sichtbares Korsett am R\u00fccken sorgen f\u00fcr einen zeitlosen Look mit einem modernen Twist!","og_url":"https:\/\/www.koonings.com\/de\/product\/elysee-florianne\/","og_site_name":"Koonings","article_publisher":"https:\/\/www.facebook.com\/kooningstheweddingpalace","og_image":[{"width":1035,"height":1380,"url":"https:\/\/www.koonings.com\/wp-content\/uploads\/2024\/11\/41221_443666b6a97970901728f937113c094f2734784109ccaba2f78a754a1649bc19d122603d.jpeg","type":"image\/jpeg"}],"twitter_card":"summary_large_image","schema":{"@context":"https:\/\/schema.org","@graph":[{"@type":"WebPage","@id":"https:\/\/www.koonings.com\/de\/product\/elysee-florianne\/","url":"https:\/\/www.koonings.com\/de\/product\/elysee-florianne\/","name":"Elysee Florianne | Koonings","isPartOf":{"@id":"https:\/\/www.koonings.com\/de\/#website"},"primaryImageOfPage":{"@id":"https:\/\/www.koonings.com\/de\/product\/elysee-florianne\/#primaryimage"},"image":{"@id":"https:\/\/www.koonings.com\/de\/product\/elysee-florianne\/#primaryimage"},"thumbnailUrl":"https:\/\/www.koonings.com\/wp-content\/uploads\/2024\/11\/41221_443666b6a97970901728f937113c094f2734784109ccaba2f78a754a1649bc19d122603d.jpeg","datePublished":"2026-04-28T16:26:34+00:00","description":"Die minimalistische Silhouette des Modells Florianne wird durch den luxuri\u00f6sen, drapierten Stretch-Georgette-Stoff unterstrichen, der dem schlichten Design einen Hauch von Raffinesse und Opulenz verleiht. Eine Kapuze am R\u00fccken, die unter dem glitzernden, mit Perlen besetzten T\u00fcll drapiert ist, und ein sichtbares Korsett am R\u00fccken sorgen f\u00fcr einen zeitlosen Look mit einem modernen Twist!","breadcrumb":{"@id":"https:\/\/www.koonings.com\/de\/product\/elysee-florianne\/#breadcrumb"},"inLanguage":"de","potentialAction":[{"@type":"ReadAction","target":["https:\/\/www.koonings.com\/de\/product\/elysee-florianne\/"]}]},{"@type":"ImageObject","inLanguage":"de","@id":"https:\/\/www.koonings.com\/de\/product\/elysee-florianne\/#primaryimage","url":"https:\/\/www.koonings.com\/wp-content\/uploads\/2024\/11\/41221_443666b6a97970901728f937113c094f2734784109ccaba2f78a754a1649bc19d122603d.jpeg","contentUrl":"https:\/\/www.koonings.com\/wp-content\/uploads\/2024\/11\/41221_443666b6a97970901728f937113c094f2734784109ccaba2f78a754a1649bc19d122603d.jpeg","width":1035,"height":1380},{"@type":"BreadcrumbList","@id":"https:\/\/www.koonings.com\/de\/product\/elysee-florianne\/#breadcrumb","itemListElement":[{"@type":"ListItem","position":1,"name":"Home","item":"https:\/\/www.koonings.com\/de\/"},{"@type":"ListItem","position":2,"name":"Elysee Florianne"}]},{"@type":"WebSite","@id":"https:\/\/www.koonings.com\/de\/#website","url":"https:\/\/www.koonings.com\/de\/","name":"Koonings","description":"De grootste bruidsmodewinkel ter wereld","publisher":{"@id":"https:\/\/www.koonings.com\/de\/#organization"},"potentialAction":[{"@type":"SearchAction","target":{"@type":"EntryPoint","urlTemplate":"https:\/\/www.koonings.com\/de\/?s={search_term_string}"},"query-input":{"@type":"PropertyValueSpecification","valueRequired":true,"valueName":"search_term_string"}}],"inLanguage":"de"},{"@type":"Organization","@id":"https:\/\/www.koonings.com\/de\/#organization","name":"Koonings","url":"https:\/\/www.koonings.com\/de\/","logo":{"@type":"ImageObject","inLanguage":"de","@id":"https:\/\/www.koonings.com\/de\/#\/schema\/logo\/image\/","url":"https:\/\/www.koonings.com\/wp-content\/uploads\/2024\/07\/logo.png","contentUrl":"https:\/\/www.koonings.com\/wp-content\/uploads\/2024\/07\/logo.png","width":600,"height":428,"caption":"Koonings"},"image":{"@id":"https:\/\/www.koonings.com\/de\/#\/schema\/logo\/image\/"},"sameAs":["https:\/\/www.facebook.com\/kooningstheweddingpalace","https:\/\/www.instagram.com\/kooningstheweddingpalace","https:\/\/www.pinterest.com\/koonings","https:\/\/www.youtube.com\/kooningstheweddingpalace"]}]}},"_links":{"self":[{"href":"https:\/\/www.koonings.com\/de\/wp-json\/wp\/v2\/product\/59520","targetHints":{"allow":["GET"]}}],"collection":[{"href":"https:\/\/www.koonings.com\/de\/wp-json\/wp\/v2\/product"}],"about":[{"href":"https:\/\/www.koonings.com\/de\/wp-json\/wp\/v2\/types\/product"}],"wp:featuredmedia":[{"embeddable":true,"href":"https:\/\/www.koonings.com\/de\/wp-json\/wp\/v2\/media\/51318"}],"wp:attachment":[{"href":"https:\/\/www.koonings.com\/de\/wp-json\/wp\/v2\/media?parent=59520"}],"wp:term":[{"taxonomy":"productdetails","embeddable":true,"href":"https:\/\/www.koonings.com\/de\/wp-json\/wp\/v2\/productdetails?post=59520"},{"taxonomy":"productneck","embeddable":true,"href":"https:\/\/www.koonings.com\/de\/wp-json\/wp\/v2\/productneck?post=59520"},{"taxonomy":"productcolor","embeddable":true,"href":"https:\/\/www.koonings.com\/de\/wp-json\/wp\/v2\/productcolor?post=59520"},{"taxonomy":"maat","embeddable":true,"href":"https:\/\/www.koonings.com\/de\/wp-json\/wp\/v2\/maat?post=59520"},{"taxonomy":"productsupplier","embeddable":true,"href":"https:\/\/www.koonings.com\/de\/wp-json\/wp\/v2\/productsupplier?post=59520"},{"taxonomy":"productsleeve","embeddable":true,"href":"https:\/\/www.koonings.com\/de\/wp-json\/wp\/v2\/productsleeve?post=59520"},{"taxonomy":"productcategory","embeddable":true,"href":"https:\/\/www.koonings.com\/de\/wp-json\/wp\/v2\/productcategory?post=59520"},{"taxonomy":"productsilhouette","embeddable":true,"href":"https:\/\/www.koonings.com\/de\/wp-json\/wp\/v2\/productsilhouette?post=59520"},{"taxonomy":"productstyle","embeddable":true,"href":"https:\/\/www.koonings.com\/de\/wp-json\/wp\/v2\/productstyle?post=59520"}],"curies":[{"name":"wp","href":"https:\/\/api.w.org\/{rel}","templated":true}]}}