{"id":59515,"date":"2026-04-28T18:26:33","date_gmt":"2026-04-28T16:26:33","guid":{"rendered":"https:\/\/www.koonings.com\/product\/elysee-fifi\/"},"modified":"2025-06-05T13:22:21","modified_gmt":"2025-06-05T11:22:21","slug":"elysee-fifi","status":"publish","type":"product","link":"https:\/\/www.koonings.com\/de\/product\/elysee-fifi\/","title":{"rendered":"Elysee Fifi"},"content":{"rendered":"<p>Bringen Sie Ihre innere G\u00f6ttin zum Vorschein, wenn Sie in diesem Modell von Fifi vor den Altar treten! Dieses atemberaubende Kleid aus Chiffon und Stretch mit Georgette-Scheide zeichnet sich durch ein wundersch\u00f6n drapiertes Mieder mit sichtbaren Korsettst\u00e4bchen und einem auff\u00e4lligen T\u00fcllkorsett im R\u00fccken aus. Die kunstvolle Drapierung des engen Rocks in Kombination mit den passenden langen \u00c4rmeln verleiht diesem modernen Brautlook eine Extraportion Luxus.  <\/p>\n","protected":false},"featured_media":51289,"template":"","meta":{"_acf_changed":false,"ghostkit_customizer_options":"","ghostkit_custom_css":"","ghostkit_custom_js_head":"","ghostkit_custom_js_foot":"","ghostkit_typography":""},"productdetails":[],"productneck":[354],"productcolor":[393,392],"maat":[],"productsupplier":[427],"productsleeve":[362],"productcategory":[18],"productsilhouette":[387],"productstyle":[365,371],"class_list":["post-59515","product","type-product","status-publish","has-post-thumbnail","hentry","productneck-354","productcolor-393","productcolor-392","productsupplier-elysee","productsleeve-362","productcategory-trouwjurken","productsilhouette-387","productstyle-365","productstyle-371"],"acf":[],"yoast_head":"<!-- This site is optimized with the Yoast SEO plugin v27.3 - https:\/\/yoast.com\/product\/yoast-seo-wordpress\/ -->\n<title>Elysee Fifi | Koonings<\/title>\n<meta name=\"description\" content=\"Bringen Sie Ihre innere G\u00f6ttin zum Vorschein, wenn Sie in diesem Modell von Fifi vor den Altar treten! Dieses atemberaubende Kleid aus Chiffon und Stretch mit Georgette-Scheide zeichnet sich durch ein wundersch\u00f6n drapiertes Mieder mit sichtbaren Korsettst\u00e4bchen und einem auff\u00e4lligen T\u00fcllkorsett im R\u00fccken aus. Die kunstvolle Drapierung des engen Rocks in Kombination mit den passenden langen \u00c4rmeln verleiht diesem modernen Brautlook eine Extraportion Luxus.\" \/>\n<meta name=\"robots\" content=\"index, follow, max-snippet:-1, max-image-preview:large, max-video-preview:-1\" \/>\n<link rel=\"canonical\" href=\"https:\/\/www.koonings.com\/de\/product\/elysee-fifi\/\" \/>\n<meta property=\"og:locale\" content=\"de_DE\" \/>\n<meta property=\"og:type\" content=\"article\" \/>\n<meta property=\"og:title\" content=\"Elysee Fifi | Koonings\" \/>\n<meta property=\"og:description\" content=\"Bringen Sie Ihre innere G\u00f6ttin zum Vorschein, wenn Sie in diesem Modell von Fifi vor den Altar treten! Dieses atemberaubende Kleid aus Chiffon und Stretch mit Georgette-Scheide zeichnet sich durch ein wundersch\u00f6n drapiertes Mieder mit sichtbaren Korsettst\u00e4bchen und einem auff\u00e4lligen T\u00fcllkorsett im R\u00fccken aus. Die kunstvolle Drapierung des engen Rocks in Kombination mit den passenden langen \u00c4rmeln verleiht diesem modernen Brautlook eine Extraportion Luxus.\" \/>\n<meta property=\"og:url\" content=\"https:\/\/www.koonings.com\/de\/product\/elysee-fifi\/\" \/>\n<meta property=\"og:site_name\" content=\"Koonings\" \/>\n<meta property=\"article:publisher\" content=\"https:\/\/www.facebook.com\/kooningstheweddingpalace\" \/>\n<meta property=\"og:image\" content=\"https:\/\/www.koonings.com\/wp-content\/uploads\/2024\/11\/41220_01ed29d19b7dc88113fa478cfe88c6dbf129ebd1168e4da84a136dae07873a22b5479535.jpeg\" \/>\n\t<meta property=\"og:image:width\" content=\"1035\" \/>\n\t<meta property=\"og:image:height\" content=\"1380\" \/>\n\t<meta property=\"og:image:type\" content=\"image\/jpeg\" \/>\n<meta name=\"twitter:card\" content=\"summary_large_image\" \/>\n<script type=\"application\/ld+json\" class=\"yoast-schema-graph\">{\"@context\":\"https:\\\/\\\/schema.org\",\"@graph\":[{\"@type\":\"WebPage\",\"@id\":\"https:\\\/\\\/www.koonings.com\\\/de\\\/product\\\/elysee-fifi\\\/\",\"url\":\"https:\\\/\\\/www.koonings.com\\\/de\\\/product\\\/elysee-fifi\\\/\",\"name\":\"Elysee Fifi | Koonings\",\"isPartOf\":{\"@id\":\"https:\\\/\\\/www.koonings.com\\\/de\\\/#website\"},\"primaryImageOfPage\":{\"@id\":\"https:\\\/\\\/www.koonings.com\\\/de\\\/product\\\/elysee-fifi\\\/#primaryimage\"},\"image\":{\"@id\":\"https:\\\/\\\/www.koonings.com\\\/de\\\/product\\\/elysee-fifi\\\/#primaryimage\"},\"thumbnailUrl\":\"https:\\\/\\\/www.koonings.com\\\/wp-content\\\/uploads\\\/2024\\\/11\\\/41220_01ed29d19b7dc88113fa478cfe88c6dbf129ebd1168e4da84a136dae07873a22b5479535.jpeg\",\"datePublished\":\"2026-04-28T16:26:33+00:00\",\"description\":\"Bringen Sie Ihre innere G\u00f6ttin zum Vorschein, wenn Sie in diesem Modell von Fifi vor den Altar treten! Dieses atemberaubende Kleid aus Chiffon und Stretch mit Georgette-Scheide zeichnet sich durch ein wundersch\u00f6n drapiertes Mieder mit sichtbaren Korsettst\u00e4bchen und einem auff\u00e4lligen T\u00fcllkorsett im R\u00fccken aus. Die kunstvolle Drapierung des engen Rocks in Kombination mit den passenden langen \u00c4rmeln verleiht diesem modernen Brautlook eine Extraportion Luxus.\",\"breadcrumb\":{\"@id\":\"https:\\\/\\\/www.koonings.com\\\/de\\\/product\\\/elysee-fifi\\\/#breadcrumb\"},\"inLanguage\":\"de\",\"potentialAction\":[{\"@type\":\"ReadAction\",\"target\":[\"https:\\\/\\\/www.koonings.com\\\/de\\\/product\\\/elysee-fifi\\\/\"]}]},{\"@type\":\"ImageObject\",\"inLanguage\":\"de\",\"@id\":\"https:\\\/\\\/www.koonings.com\\\/de\\\/product\\\/elysee-fifi\\\/#primaryimage\",\"url\":\"https:\\\/\\\/www.koonings.com\\\/wp-content\\\/uploads\\\/2024\\\/11\\\/41220_01ed29d19b7dc88113fa478cfe88c6dbf129ebd1168e4da84a136dae07873a22b5479535.jpeg\",\"contentUrl\":\"https:\\\/\\\/www.koonings.com\\\/wp-content\\\/uploads\\\/2024\\\/11\\\/41220_01ed29d19b7dc88113fa478cfe88c6dbf129ebd1168e4da84a136dae07873a22b5479535.jpeg\",\"width\":1035,\"height\":1380},{\"@type\":\"BreadcrumbList\",\"@id\":\"https:\\\/\\\/www.koonings.com\\\/de\\\/product\\\/elysee-fifi\\\/#breadcrumb\",\"itemListElement\":[{\"@type\":\"ListItem\",\"position\":1,\"name\":\"Home\",\"item\":\"https:\\\/\\\/www.koonings.com\\\/de\\\/\"},{\"@type\":\"ListItem\",\"position\":2,\"name\":\"Elysee Fifi\"}]},{\"@type\":\"WebSite\",\"@id\":\"https:\\\/\\\/www.koonings.com\\\/de\\\/#website\",\"url\":\"https:\\\/\\\/www.koonings.com\\\/de\\\/\",\"name\":\"Koonings\",\"description\":\"De grootste bruidsmodewinkel ter wereld\",\"publisher\":{\"@id\":\"https:\\\/\\\/www.koonings.com\\\/de\\\/#organization\"},\"potentialAction\":[{\"@type\":\"SearchAction\",\"target\":{\"@type\":\"EntryPoint\",\"urlTemplate\":\"https:\\\/\\\/www.koonings.com\\\/de\\\/?s={search_term_string}\"},\"query-input\":{\"@type\":\"PropertyValueSpecification\",\"valueRequired\":true,\"valueName\":\"search_term_string\"}}],\"inLanguage\":\"de\"},{\"@type\":\"Organization\",\"@id\":\"https:\\\/\\\/www.koonings.com\\\/de\\\/#organization\",\"name\":\"Koonings\",\"url\":\"https:\\\/\\\/www.koonings.com\\\/de\\\/\",\"logo\":{\"@type\":\"ImageObject\",\"inLanguage\":\"de\",\"@id\":\"https:\\\/\\\/www.koonings.com\\\/de\\\/#\\\/schema\\\/logo\\\/image\\\/\",\"url\":\"https:\\\/\\\/www.koonings.com\\\/wp-content\\\/uploads\\\/2024\\\/07\\\/logo.png\",\"contentUrl\":\"https:\\\/\\\/www.koonings.com\\\/wp-content\\\/uploads\\\/2024\\\/07\\\/logo.png\",\"width\":600,\"height\":428,\"caption\":\"Koonings\"},\"image\":{\"@id\":\"https:\\\/\\\/www.koonings.com\\\/de\\\/#\\\/schema\\\/logo\\\/image\\\/\"},\"sameAs\":[\"https:\\\/\\\/www.facebook.com\\\/kooningstheweddingpalace\",\"https:\\\/\\\/www.instagram.com\\\/kooningstheweddingpalace\",\"https:\\\/\\\/www.pinterest.com\\\/koonings\",\"https:\\\/\\\/www.youtube.com\\\/kooningstheweddingpalace\"]}]}<\/script>\n<!-- \/ Yoast SEO plugin. -->","yoast_head_json":{"title":"Elysee Fifi | Koonings","description":"Bringen Sie Ihre innere G\u00f6ttin zum Vorschein, wenn Sie in diesem Modell von Fifi vor den Altar treten! Dieses atemberaubende Kleid aus Chiffon und Stretch mit Georgette-Scheide zeichnet sich durch ein wundersch\u00f6n drapiertes Mieder mit sichtbaren Korsettst\u00e4bchen und einem auff\u00e4lligen T\u00fcllkorsett im R\u00fccken aus. Die kunstvolle Drapierung des engen Rocks in Kombination mit den passenden langen \u00c4rmeln verleiht diesem modernen Brautlook eine Extraportion Luxus.","robots":{"index":"index","follow":"follow","max-snippet":"max-snippet:-1","max-image-preview":"max-image-preview:large","max-video-preview":"max-video-preview:-1"},"canonical":"https:\/\/www.koonings.com\/de\/product\/elysee-fifi\/","og_locale":"de_DE","og_type":"article","og_title":"Elysee Fifi | Koonings","og_description":"Bringen Sie Ihre innere G\u00f6ttin zum Vorschein, wenn Sie in diesem Modell von Fifi vor den Altar treten! Dieses atemberaubende Kleid aus Chiffon und Stretch mit Georgette-Scheide zeichnet sich durch ein wundersch\u00f6n drapiertes Mieder mit sichtbaren Korsettst\u00e4bchen und einem auff\u00e4lligen T\u00fcllkorsett im R\u00fccken aus. Die kunstvolle Drapierung des engen Rocks in Kombination mit den passenden langen \u00c4rmeln verleiht diesem modernen Brautlook eine Extraportion Luxus.","og_url":"https:\/\/www.koonings.com\/de\/product\/elysee-fifi\/","og_site_name":"Koonings","article_publisher":"https:\/\/www.facebook.com\/kooningstheweddingpalace","og_image":[{"width":1035,"height":1380,"url":"https:\/\/www.koonings.com\/wp-content\/uploads\/2024\/11\/41220_01ed29d19b7dc88113fa478cfe88c6dbf129ebd1168e4da84a136dae07873a22b5479535.jpeg","type":"image\/jpeg"}],"twitter_card":"summary_large_image","schema":{"@context":"https:\/\/schema.org","@graph":[{"@type":"WebPage","@id":"https:\/\/www.koonings.com\/de\/product\/elysee-fifi\/","url":"https:\/\/www.koonings.com\/de\/product\/elysee-fifi\/","name":"Elysee Fifi | Koonings","isPartOf":{"@id":"https:\/\/www.koonings.com\/de\/#website"},"primaryImageOfPage":{"@id":"https:\/\/www.koonings.com\/de\/product\/elysee-fifi\/#primaryimage"},"image":{"@id":"https:\/\/www.koonings.com\/de\/product\/elysee-fifi\/#primaryimage"},"thumbnailUrl":"https:\/\/www.koonings.com\/wp-content\/uploads\/2024\/11\/41220_01ed29d19b7dc88113fa478cfe88c6dbf129ebd1168e4da84a136dae07873a22b5479535.jpeg","datePublished":"2026-04-28T16:26:33+00:00","description":"Bringen Sie Ihre innere G\u00f6ttin zum Vorschein, wenn Sie in diesem Modell von Fifi vor den Altar treten! Dieses atemberaubende Kleid aus Chiffon und Stretch mit Georgette-Scheide zeichnet sich durch ein wundersch\u00f6n drapiertes Mieder mit sichtbaren Korsettst\u00e4bchen und einem auff\u00e4lligen T\u00fcllkorsett im R\u00fccken aus. Die kunstvolle Drapierung des engen Rocks in Kombination mit den passenden langen \u00c4rmeln verleiht diesem modernen Brautlook eine Extraportion Luxus.","breadcrumb":{"@id":"https:\/\/www.koonings.com\/de\/product\/elysee-fifi\/#breadcrumb"},"inLanguage":"de","potentialAction":[{"@type":"ReadAction","target":["https:\/\/www.koonings.com\/de\/product\/elysee-fifi\/"]}]},{"@type":"ImageObject","inLanguage":"de","@id":"https:\/\/www.koonings.com\/de\/product\/elysee-fifi\/#primaryimage","url":"https:\/\/www.koonings.com\/wp-content\/uploads\/2024\/11\/41220_01ed29d19b7dc88113fa478cfe88c6dbf129ebd1168e4da84a136dae07873a22b5479535.jpeg","contentUrl":"https:\/\/www.koonings.com\/wp-content\/uploads\/2024\/11\/41220_01ed29d19b7dc88113fa478cfe88c6dbf129ebd1168e4da84a136dae07873a22b5479535.jpeg","width":1035,"height":1380},{"@type":"BreadcrumbList","@id":"https:\/\/www.koonings.com\/de\/product\/elysee-fifi\/#breadcrumb","itemListElement":[{"@type":"ListItem","position":1,"name":"Home","item":"https:\/\/www.koonings.com\/de\/"},{"@type":"ListItem","position":2,"name":"Elysee Fifi"}]},{"@type":"WebSite","@id":"https:\/\/www.koonings.com\/de\/#website","url":"https:\/\/www.koonings.com\/de\/","name":"Koonings","description":"De grootste bruidsmodewinkel ter wereld","publisher":{"@id":"https:\/\/www.koonings.com\/de\/#organization"},"potentialAction":[{"@type":"SearchAction","target":{"@type":"EntryPoint","urlTemplate":"https:\/\/www.koonings.com\/de\/?s={search_term_string}"},"query-input":{"@type":"PropertyValueSpecification","valueRequired":true,"valueName":"search_term_string"}}],"inLanguage":"de"},{"@type":"Organization","@id":"https:\/\/www.koonings.com\/de\/#organization","name":"Koonings","url":"https:\/\/www.koonings.com\/de\/","logo":{"@type":"ImageObject","inLanguage":"de","@id":"https:\/\/www.koonings.com\/de\/#\/schema\/logo\/image\/","url":"https:\/\/www.koonings.com\/wp-content\/uploads\/2024\/07\/logo.png","contentUrl":"https:\/\/www.koonings.com\/wp-content\/uploads\/2024\/07\/logo.png","width":600,"height":428,"caption":"Koonings"},"image":{"@id":"https:\/\/www.koonings.com\/de\/#\/schema\/logo\/image\/"},"sameAs":["https:\/\/www.facebook.com\/kooningstheweddingpalace","https:\/\/www.instagram.com\/kooningstheweddingpalace","https:\/\/www.pinterest.com\/koonings","https:\/\/www.youtube.com\/kooningstheweddingpalace"]}]}},"_links":{"self":[{"href":"https:\/\/www.koonings.com\/de\/wp-json\/wp\/v2\/product\/59515","targetHints":{"allow":["GET"]}}],"collection":[{"href":"https:\/\/www.koonings.com\/de\/wp-json\/wp\/v2\/product"}],"about":[{"href":"https:\/\/www.koonings.com\/de\/wp-json\/wp\/v2\/types\/product"}],"wp:featuredmedia":[{"embeddable":true,"href":"https:\/\/www.koonings.com\/de\/wp-json\/wp\/v2\/media\/51289"}],"wp:attachment":[{"href":"https:\/\/www.koonings.com\/de\/wp-json\/wp\/v2\/media?parent=59515"}],"wp:term":[{"taxonomy":"productdetails","embeddable":true,"href":"https:\/\/www.koonings.com\/de\/wp-json\/wp\/v2\/productdetails?post=59515"},{"taxonomy":"productneck","embeddable":true,"href":"https:\/\/www.koonings.com\/de\/wp-json\/wp\/v2\/productneck?post=59515"},{"taxonomy":"productcolor","embeddable":true,"href":"https:\/\/www.koonings.com\/de\/wp-json\/wp\/v2\/productcolor?post=59515"},{"taxonomy":"maat","embeddable":true,"href":"https:\/\/www.koonings.com\/de\/wp-json\/wp\/v2\/maat?post=59515"},{"taxonomy":"productsupplier","embeddable":true,"href":"https:\/\/www.koonings.com\/de\/wp-json\/wp\/v2\/productsupplier?post=59515"},{"taxonomy":"productsleeve","embeddable":true,"href":"https:\/\/www.koonings.com\/de\/wp-json\/wp\/v2\/productsleeve?post=59515"},{"taxonomy":"productcategory","embeddable":true,"href":"https:\/\/www.koonings.com\/de\/wp-json\/wp\/v2\/productcategory?post=59515"},{"taxonomy":"productsilhouette","embeddable":true,"href":"https:\/\/www.koonings.com\/de\/wp-json\/wp\/v2\/productsilhouette?post=59515"},{"taxonomy":"productstyle","embeddable":true,"href":"https:\/\/www.koonings.com\/de\/wp-json\/wp\/v2\/productstyle?post=59515"}],"curies":[{"name":"wp","href":"https:\/\/api.w.org\/{rel}","templated":true}]}}