{"id":59508,"date":"2026-04-28T18:26:35","date_gmt":"2026-04-28T16:26:35","guid":{"rendered":"https:\/\/www.koonings.com\/product\/enzoani-blue-collection-suri\/"},"modified":"2026-02-16T14:42:38","modified_gmt":"2026-02-16T13:42:38","slug":"enzoani-blue-collection-suri","status":"publish","type":"product","link":"https:\/\/www.koonings.com\/de\/product\/enzoani-blue-collection-suri\/","title":{"rendered":"Enzoani Blaue Kollektion Suri"},"content":{"rendered":"<p>Strahlen Sie Weiblichkeit aus in SURI, einem romantischen Hochzeitskleid in A-Linie, bei dem die aufwendig gearbeitete Perlenspitze, der klassische herzf\u00f6rmige Ausschnitt und die 3D-Mikado-Blumenapplikationen eine weiche und romantische \u00c4sthetik schaffen, w\u00e4hrend der flie\u00dfende Rock aus Lagen von weichem T\u00fcll und Glitzert\u00fcll f\u00fcr Bewegung und Flair sorgt, so dass Sie sich an Ihrem gro\u00dfen Tag wie eine Vision von br\u00e4utlicher Sch\u00f6nheit f\u00fchlen. Traumhafte, abnehmbare T\u00fcllschultertr\u00e4ger unterstreichen die Eleganz des Illusionskorsetts. <\/p>\n","protected":false},"featured_media":51368,"template":"","meta":{"_acf_changed":false,"ghostkit_customizer_options":"","ghostkit_custom_css":"","ghostkit_custom_js_head":"","ghostkit_custom_js_foot":"","ghostkit_typography":""},"productdetails":[379,381],"productneck":[355],"productcolor":[393,392],"maat":[],"productsupplier":[405],"productsleeve":[359],"productcategory":[18],"productsilhouette":[384],"productstyle":[366],"class_list":["post-59508","product","type-product","status-publish","has-post-thumbnail","hentry","productdetails-379","productdetails-381","productneck-355","productcolor-393","productcolor-392","productsupplier-enzoani-blue-collection","productsleeve-359","productcategory-trouwjurken","productsilhouette-384","productstyle-366"],"acf":[],"yoast_head":"<!-- This site is optimized with the Yoast SEO plugin v27.3 - https:\/\/yoast.com\/product\/yoast-seo-wordpress\/ -->\n<title>Enzoani Blaue Kollektion Suri | Koonings<\/title>\n<meta name=\"description\" content=\"Strahlen Sie Weiblichkeit aus in SURI, einem romantischen Hochzeitskleid in A-Linie, bei dem die aufwendig gearbeitete Perlenspitze, der klassische herzf\u00f6rmige Ausschnitt und die 3D-Mikado-Blumenapplikationen eine weiche und romantische \u00c4sthetik schaffen, w\u00e4hrend der flie\u00dfende Rock aus Lagen von weichem T\u00fcll und Glitzert\u00fcll f\u00fcr Bewegung und Flair sorgt, so dass Sie sich an Ihrem gro\u00dfen Tag wie eine Vision von br\u00e4utlicher Sch\u00f6nheit f\u00fchlen. Traumhafte, abnehmbare T\u00fcllschultertr\u00e4ger unterstreichen die Eleganz des Illusionskorsetts.\" \/>\n<meta name=\"robots\" content=\"index, follow, max-snippet:-1, max-image-preview:large, max-video-preview:-1\" \/>\n<link rel=\"canonical\" href=\"https:\/\/www.koonings.com\/de\/product\/enzoani-blue-collection-suri\/\" \/>\n<meta property=\"og:locale\" content=\"de_DE\" \/>\n<meta property=\"og:type\" content=\"article\" \/>\n<meta property=\"og:title\" content=\"Enzoani Blaue Kollektion Suri | Koonings\" \/>\n<meta property=\"og:description\" content=\"Strahlen Sie Weiblichkeit aus in SURI, einem romantischen Hochzeitskleid in A-Linie, bei dem die aufwendig gearbeitete Perlenspitze, der klassische herzf\u00f6rmige Ausschnitt und die 3D-Mikado-Blumenapplikationen eine weiche und romantische \u00c4sthetik schaffen, w\u00e4hrend der flie\u00dfende Rock aus Lagen von weichem T\u00fcll und Glitzert\u00fcll f\u00fcr Bewegung und Flair sorgt, so dass Sie sich an Ihrem gro\u00dfen Tag wie eine Vision von br\u00e4utlicher Sch\u00f6nheit f\u00fchlen. Traumhafte, abnehmbare T\u00fcllschultertr\u00e4ger unterstreichen die Eleganz des Illusionskorsetts.\" \/>\n<meta property=\"og:url\" content=\"https:\/\/www.koonings.com\/de\/product\/enzoani-blue-collection-suri\/\" \/>\n<meta property=\"og:site_name\" content=\"Koonings\" \/>\n<meta property=\"article:publisher\" content=\"https:\/\/www.facebook.com\/kooningstheweddingpalace\" \/>\n<meta property=\"og:image\" content=\"https:\/\/www.koonings.com\/wp-content\/uploads\/2024\/11\/41223_898df389193e2d92ecea02b81927f57a5b92d153cea742e8ffa22942f6ef8b6b0864fa5e.jpeg\" \/>\n\t<meta property=\"og:image:width\" content=\"959\" \/>\n\t<meta property=\"og:image:height\" content=\"1357\" \/>\n\t<meta property=\"og:image:type\" content=\"image\/jpeg\" \/>\n<meta name=\"twitter:card\" content=\"summary_large_image\" \/>\n<script type=\"application\/ld+json\" class=\"yoast-schema-graph\">{\"@context\":\"https:\\\/\\\/schema.org\",\"@graph\":[{\"@type\":\"WebPage\",\"@id\":\"https:\\\/\\\/www.koonings.com\\\/de\\\/product\\\/enzoani-blue-collection-suri\\\/\",\"url\":\"https:\\\/\\\/www.koonings.com\\\/de\\\/product\\\/enzoani-blue-collection-suri\\\/\",\"name\":\"Enzoani Blaue Kollektion Suri | Koonings\",\"isPartOf\":{\"@id\":\"https:\\\/\\\/www.koonings.com\\\/de\\\/#website\"},\"primaryImageOfPage\":{\"@id\":\"https:\\\/\\\/www.koonings.com\\\/de\\\/product\\\/enzoani-blue-collection-suri\\\/#primaryimage\"},\"image\":{\"@id\":\"https:\\\/\\\/www.koonings.com\\\/de\\\/product\\\/enzoani-blue-collection-suri\\\/#primaryimage\"},\"thumbnailUrl\":\"https:\\\/\\\/www.koonings.com\\\/wp-content\\\/uploads\\\/2024\\\/11\\\/41223_898df389193e2d92ecea02b81927f57a5b92d153cea742e8ffa22942f6ef8b6b0864fa5e.jpeg\",\"datePublished\":\"2026-04-28T16:26:35+00:00\",\"description\":\"Strahlen Sie Weiblichkeit aus in SURI, einem romantischen Hochzeitskleid in A-Linie, bei dem die aufwendig gearbeitete Perlenspitze, der klassische herzf\u00f6rmige Ausschnitt und die 3D-Mikado-Blumenapplikationen eine weiche und romantische \u00c4sthetik schaffen, w\u00e4hrend der flie\u00dfende Rock aus Lagen von weichem T\u00fcll und Glitzert\u00fcll f\u00fcr Bewegung und Flair sorgt, so dass Sie sich an Ihrem gro\u00dfen Tag wie eine Vision von br\u00e4utlicher Sch\u00f6nheit f\u00fchlen. Traumhafte, abnehmbare T\u00fcllschultertr\u00e4ger unterstreichen die Eleganz des Illusionskorsetts.\",\"breadcrumb\":{\"@id\":\"https:\\\/\\\/www.koonings.com\\\/de\\\/product\\\/enzoani-blue-collection-suri\\\/#breadcrumb\"},\"inLanguage\":\"de\",\"potentialAction\":[{\"@type\":\"ReadAction\",\"target\":[\"https:\\\/\\\/www.koonings.com\\\/de\\\/product\\\/enzoani-blue-collection-suri\\\/\"]}]},{\"@type\":\"ImageObject\",\"inLanguage\":\"de\",\"@id\":\"https:\\\/\\\/www.koonings.com\\\/de\\\/product\\\/enzoani-blue-collection-suri\\\/#primaryimage\",\"url\":\"https:\\\/\\\/www.koonings.com\\\/wp-content\\\/uploads\\\/2024\\\/11\\\/41223_898df389193e2d92ecea02b81927f57a5b92d153cea742e8ffa22942f6ef8b6b0864fa5e.jpeg\",\"contentUrl\":\"https:\\\/\\\/www.koonings.com\\\/wp-content\\\/uploads\\\/2024\\\/11\\\/41223_898df389193e2d92ecea02b81927f57a5b92d153cea742e8ffa22942f6ef8b6b0864fa5e.jpeg\",\"width\":959,\"height\":1357},{\"@type\":\"BreadcrumbList\",\"@id\":\"https:\\\/\\\/www.koonings.com\\\/de\\\/product\\\/enzoani-blue-collection-suri\\\/#breadcrumb\",\"itemListElement\":[{\"@type\":\"ListItem\",\"position\":1,\"name\":\"Home\",\"item\":\"https:\\\/\\\/www.koonings.com\\\/de\\\/\"},{\"@type\":\"ListItem\",\"position\":2,\"name\":\"Enzoani Blaue Kollektion Suri\"}]},{\"@type\":\"WebSite\",\"@id\":\"https:\\\/\\\/www.koonings.com\\\/de\\\/#website\",\"url\":\"https:\\\/\\\/www.koonings.com\\\/de\\\/\",\"name\":\"Koonings\",\"description\":\"De grootste bruidsmodewinkel ter wereld\",\"publisher\":{\"@id\":\"https:\\\/\\\/www.koonings.com\\\/de\\\/#organization\"},\"potentialAction\":[{\"@type\":\"SearchAction\",\"target\":{\"@type\":\"EntryPoint\",\"urlTemplate\":\"https:\\\/\\\/www.koonings.com\\\/de\\\/?s={search_term_string}\"},\"query-input\":{\"@type\":\"PropertyValueSpecification\",\"valueRequired\":true,\"valueName\":\"search_term_string\"}}],\"inLanguage\":\"de\"},{\"@type\":\"Organization\",\"@id\":\"https:\\\/\\\/www.koonings.com\\\/de\\\/#organization\",\"name\":\"Koonings\",\"url\":\"https:\\\/\\\/www.koonings.com\\\/de\\\/\",\"logo\":{\"@type\":\"ImageObject\",\"inLanguage\":\"de\",\"@id\":\"https:\\\/\\\/www.koonings.com\\\/de\\\/#\\\/schema\\\/logo\\\/image\\\/\",\"url\":\"https:\\\/\\\/www.koonings.com\\\/wp-content\\\/uploads\\\/2024\\\/07\\\/logo.png\",\"contentUrl\":\"https:\\\/\\\/www.koonings.com\\\/wp-content\\\/uploads\\\/2024\\\/07\\\/logo.png\",\"width\":600,\"height\":428,\"caption\":\"Koonings\"},\"image\":{\"@id\":\"https:\\\/\\\/www.koonings.com\\\/de\\\/#\\\/schema\\\/logo\\\/image\\\/\"},\"sameAs\":[\"https:\\\/\\\/www.facebook.com\\\/kooningstheweddingpalace\",\"https:\\\/\\\/www.instagram.com\\\/kooningstheweddingpalace\",\"https:\\\/\\\/www.pinterest.com\\\/koonings\",\"https:\\\/\\\/www.youtube.com\\\/kooningstheweddingpalace\"]}]}<\/script>\n<!-- \/ Yoast SEO plugin. -->","yoast_head_json":{"title":"Enzoani Blaue Kollektion Suri | Koonings","description":"Strahlen Sie Weiblichkeit aus in SURI, einem romantischen Hochzeitskleid in A-Linie, bei dem die aufwendig gearbeitete Perlenspitze, der klassische herzf\u00f6rmige Ausschnitt und die 3D-Mikado-Blumenapplikationen eine weiche und romantische \u00c4sthetik schaffen, w\u00e4hrend der flie\u00dfende Rock aus Lagen von weichem T\u00fcll und Glitzert\u00fcll f\u00fcr Bewegung und Flair sorgt, so dass Sie sich an Ihrem gro\u00dfen Tag wie eine Vision von br\u00e4utlicher Sch\u00f6nheit f\u00fchlen. Traumhafte, abnehmbare T\u00fcllschultertr\u00e4ger unterstreichen die Eleganz des Illusionskorsetts.","robots":{"index":"index","follow":"follow","max-snippet":"max-snippet:-1","max-image-preview":"max-image-preview:large","max-video-preview":"max-video-preview:-1"},"canonical":"https:\/\/www.koonings.com\/de\/product\/enzoani-blue-collection-suri\/","og_locale":"de_DE","og_type":"article","og_title":"Enzoani Blaue Kollektion Suri | Koonings","og_description":"Strahlen Sie Weiblichkeit aus in SURI, einem romantischen Hochzeitskleid in A-Linie, bei dem die aufwendig gearbeitete Perlenspitze, der klassische herzf\u00f6rmige Ausschnitt und die 3D-Mikado-Blumenapplikationen eine weiche und romantische \u00c4sthetik schaffen, w\u00e4hrend der flie\u00dfende Rock aus Lagen von weichem T\u00fcll und Glitzert\u00fcll f\u00fcr Bewegung und Flair sorgt, so dass Sie sich an Ihrem gro\u00dfen Tag wie eine Vision von br\u00e4utlicher Sch\u00f6nheit f\u00fchlen. Traumhafte, abnehmbare T\u00fcllschultertr\u00e4ger unterstreichen die Eleganz des Illusionskorsetts.","og_url":"https:\/\/www.koonings.com\/de\/product\/enzoani-blue-collection-suri\/","og_site_name":"Koonings","article_publisher":"https:\/\/www.facebook.com\/kooningstheweddingpalace","og_image":[{"width":959,"height":1357,"url":"https:\/\/www.koonings.com\/wp-content\/uploads\/2024\/11\/41223_898df389193e2d92ecea02b81927f57a5b92d153cea742e8ffa22942f6ef8b6b0864fa5e.jpeg","type":"image\/jpeg"}],"twitter_card":"summary_large_image","schema":{"@context":"https:\/\/schema.org","@graph":[{"@type":"WebPage","@id":"https:\/\/www.koonings.com\/de\/product\/enzoani-blue-collection-suri\/","url":"https:\/\/www.koonings.com\/de\/product\/enzoani-blue-collection-suri\/","name":"Enzoani Blaue Kollektion Suri | Koonings","isPartOf":{"@id":"https:\/\/www.koonings.com\/de\/#website"},"primaryImageOfPage":{"@id":"https:\/\/www.koonings.com\/de\/product\/enzoani-blue-collection-suri\/#primaryimage"},"image":{"@id":"https:\/\/www.koonings.com\/de\/product\/enzoani-blue-collection-suri\/#primaryimage"},"thumbnailUrl":"https:\/\/www.koonings.com\/wp-content\/uploads\/2024\/11\/41223_898df389193e2d92ecea02b81927f57a5b92d153cea742e8ffa22942f6ef8b6b0864fa5e.jpeg","datePublished":"2026-04-28T16:26:35+00:00","description":"Strahlen Sie Weiblichkeit aus in SURI, einem romantischen Hochzeitskleid in A-Linie, bei dem die aufwendig gearbeitete Perlenspitze, der klassische herzf\u00f6rmige Ausschnitt und die 3D-Mikado-Blumenapplikationen eine weiche und romantische \u00c4sthetik schaffen, w\u00e4hrend der flie\u00dfende Rock aus Lagen von weichem T\u00fcll und Glitzert\u00fcll f\u00fcr Bewegung und Flair sorgt, so dass Sie sich an Ihrem gro\u00dfen Tag wie eine Vision von br\u00e4utlicher Sch\u00f6nheit f\u00fchlen. Traumhafte, abnehmbare T\u00fcllschultertr\u00e4ger unterstreichen die Eleganz des Illusionskorsetts.","breadcrumb":{"@id":"https:\/\/www.koonings.com\/de\/product\/enzoani-blue-collection-suri\/#breadcrumb"},"inLanguage":"de","potentialAction":[{"@type":"ReadAction","target":["https:\/\/www.koonings.com\/de\/product\/enzoani-blue-collection-suri\/"]}]},{"@type":"ImageObject","inLanguage":"de","@id":"https:\/\/www.koonings.com\/de\/product\/enzoani-blue-collection-suri\/#primaryimage","url":"https:\/\/www.koonings.com\/wp-content\/uploads\/2024\/11\/41223_898df389193e2d92ecea02b81927f57a5b92d153cea742e8ffa22942f6ef8b6b0864fa5e.jpeg","contentUrl":"https:\/\/www.koonings.com\/wp-content\/uploads\/2024\/11\/41223_898df389193e2d92ecea02b81927f57a5b92d153cea742e8ffa22942f6ef8b6b0864fa5e.jpeg","width":959,"height":1357},{"@type":"BreadcrumbList","@id":"https:\/\/www.koonings.com\/de\/product\/enzoani-blue-collection-suri\/#breadcrumb","itemListElement":[{"@type":"ListItem","position":1,"name":"Home","item":"https:\/\/www.koonings.com\/de\/"},{"@type":"ListItem","position":2,"name":"Enzoani Blaue Kollektion Suri"}]},{"@type":"WebSite","@id":"https:\/\/www.koonings.com\/de\/#website","url":"https:\/\/www.koonings.com\/de\/","name":"Koonings","description":"De grootste bruidsmodewinkel ter wereld","publisher":{"@id":"https:\/\/www.koonings.com\/de\/#organization"},"potentialAction":[{"@type":"SearchAction","target":{"@type":"EntryPoint","urlTemplate":"https:\/\/www.koonings.com\/de\/?s={search_term_string}"},"query-input":{"@type":"PropertyValueSpecification","valueRequired":true,"valueName":"search_term_string"}}],"inLanguage":"de"},{"@type":"Organization","@id":"https:\/\/www.koonings.com\/de\/#organization","name":"Koonings","url":"https:\/\/www.koonings.com\/de\/","logo":{"@type":"ImageObject","inLanguage":"de","@id":"https:\/\/www.koonings.com\/de\/#\/schema\/logo\/image\/","url":"https:\/\/www.koonings.com\/wp-content\/uploads\/2024\/07\/logo.png","contentUrl":"https:\/\/www.koonings.com\/wp-content\/uploads\/2024\/07\/logo.png","width":600,"height":428,"caption":"Koonings"},"image":{"@id":"https:\/\/www.koonings.com\/de\/#\/schema\/logo\/image\/"},"sameAs":["https:\/\/www.facebook.com\/kooningstheweddingpalace","https:\/\/www.instagram.com\/kooningstheweddingpalace","https:\/\/www.pinterest.com\/koonings","https:\/\/www.youtube.com\/kooningstheweddingpalace"]}]}},"_links":{"self":[{"href":"https:\/\/www.koonings.com\/de\/wp-json\/wp\/v2\/product\/59508","targetHints":{"allow":["GET"]}}],"collection":[{"href":"https:\/\/www.koonings.com\/de\/wp-json\/wp\/v2\/product"}],"about":[{"href":"https:\/\/www.koonings.com\/de\/wp-json\/wp\/v2\/types\/product"}],"wp:featuredmedia":[{"embeddable":true,"href":"https:\/\/www.koonings.com\/de\/wp-json\/wp\/v2\/media\/51368"}],"wp:attachment":[{"href":"https:\/\/www.koonings.com\/de\/wp-json\/wp\/v2\/media?parent=59508"}],"wp:term":[{"taxonomy":"productdetails","embeddable":true,"href":"https:\/\/www.koonings.com\/de\/wp-json\/wp\/v2\/productdetails?post=59508"},{"taxonomy":"productneck","embeddable":true,"href":"https:\/\/www.koonings.com\/de\/wp-json\/wp\/v2\/productneck?post=59508"},{"taxonomy":"productcolor","embeddable":true,"href":"https:\/\/www.koonings.com\/de\/wp-json\/wp\/v2\/productcolor?post=59508"},{"taxonomy":"maat","embeddable":true,"href":"https:\/\/www.koonings.com\/de\/wp-json\/wp\/v2\/maat?post=59508"},{"taxonomy":"productsupplier","embeddable":true,"href":"https:\/\/www.koonings.com\/de\/wp-json\/wp\/v2\/productsupplier?post=59508"},{"taxonomy":"productsleeve","embeddable":true,"href":"https:\/\/www.koonings.com\/de\/wp-json\/wp\/v2\/productsleeve?post=59508"},{"taxonomy":"productcategory","embeddable":true,"href":"https:\/\/www.koonings.com\/de\/wp-json\/wp\/v2\/productcategory?post=59508"},{"taxonomy":"productsilhouette","embeddable":true,"href":"https:\/\/www.koonings.com\/de\/wp-json\/wp\/v2\/productsilhouette?post=59508"},{"taxonomy":"productstyle","embeddable":true,"href":"https:\/\/www.koonings.com\/de\/wp-json\/wp\/v2\/productstyle?post=59508"}],"curies":[{"name":"wp","href":"https:\/\/api.w.org\/{rel}","templated":true}]}}