{"id":59502,"date":"2026-04-21T18:28:17","date_gmt":"2026-04-21T16:28:17","guid":{"rendered":"https:\/\/www.koonings.com\/product\/enzoani-blue-collection-solistice\/"},"modified":"2026-02-16T14:42:41","modified_gmt":"2026-02-16T13:42:41","slug":"enzoani-blue-collection-solistice","status":"publish","type":"product","link":"https:\/\/www.koonings.com\/de\/product\/enzoani-blue-collection-solistice\/","title":{"rendered":"Enzoani Blaue Kollektion Solistice"},"content":{"rendered":"<p>Verstr\u00f6men Sie moderne Romantik in diesem Kleid in A-Linie mit bestickter floraler Chiffonspitze, einem herzf\u00f6rmigen Ausschnitt und Tr\u00e4gern mit Schleifendetails, die vertr\u00e4umt aus dem R\u00fccken flie\u00dfen und eine moderne Variante der klassischen Silhouette darstellen. Der Rock aus weichem T\u00fcll und Glitzert\u00fcll ist mit wundersch\u00f6ner, wirbelnder Spitze und Perlen verziert, die f\u00fcr zus\u00e4tzlichen, wundersch\u00f6nen Glanz sorgen.  <\/p>\n","protected":false},"featured_media":51397,"template":"","meta":{"_acf_changed":false,"ghostkit_customizer_options":"","ghostkit_custom_css":"","ghostkit_custom_js_head":"","ghostkit_custom_js_foot":"","ghostkit_typography":""},"productdetails":[379,376,381],"productneck":[355],"productcolor":[393,392],"maat":[],"productsupplier":[405],"productsleeve":[359],"productcategory":[18],"productsilhouette":[384],"productstyle":[366],"class_list":["post-59502","product","type-product","status-publish","has-post-thumbnail","hentry","productdetails-379","productdetails-376","productdetails-381","productneck-355","productcolor-393","productcolor-392","productsupplier-enzoani-blue-collection","productsleeve-359","productcategory-trouwjurken","productsilhouette-384","productstyle-366"],"acf":[],"yoast_head":"<!-- This site is optimized with the Yoast SEO plugin v27.3 - https:\/\/yoast.com\/product\/yoast-seo-wordpress\/ -->\n<title>Enzoani Blaue Kollektion Solistice | Koonings<\/title>\n<meta name=\"description\" content=\"Verstr\u00f6men Sie moderne Romantik in diesem Kleid in A-Linie mit bestickter floraler Chiffonspitze, einem herzf\u00f6rmigen Ausschnitt und Tr\u00e4gern mit Schleifendetails, die vertr\u00e4umt aus dem R\u00fccken flie\u00dfen und eine moderne Variante der klassischen Silhouette darstellen. Der Rock aus weichem T\u00fcll und Glitzert\u00fcll ist mit wundersch\u00f6ner, wirbelnder Spitze und Perlen verziert, die f\u00fcr zus\u00e4tzlichen, wundersch\u00f6nen Glanz sorgen.\" \/>\n<meta name=\"robots\" content=\"index, follow, max-snippet:-1, max-image-preview:large, max-video-preview:-1\" \/>\n<link rel=\"canonical\" href=\"https:\/\/www.koonings.com\/de\/product\/enzoani-blue-collection-solistice\/\" \/>\n<meta property=\"og:locale\" content=\"de_DE\" \/>\n<meta property=\"og:type\" content=\"article\" \/>\n<meta property=\"og:title\" content=\"Enzoani Blaue Kollektion Solistice | Koonings\" \/>\n<meta property=\"og:description\" content=\"Verstr\u00f6men Sie moderne Romantik in diesem Kleid in A-Linie mit bestickter floraler Chiffonspitze, einem herzf\u00f6rmigen Ausschnitt und Tr\u00e4gern mit Schleifendetails, die vertr\u00e4umt aus dem R\u00fccken flie\u00dfen und eine moderne Variante der klassischen Silhouette darstellen. Der Rock aus weichem T\u00fcll und Glitzert\u00fcll ist mit wundersch\u00f6ner, wirbelnder Spitze und Perlen verziert, die f\u00fcr zus\u00e4tzlichen, wundersch\u00f6nen Glanz sorgen.\" \/>\n<meta property=\"og:url\" content=\"https:\/\/www.koonings.com\/de\/product\/enzoani-blue-collection-solistice\/\" \/>\n<meta property=\"og:site_name\" content=\"Koonings\" \/>\n<meta property=\"article:publisher\" content=\"https:\/\/www.facebook.com\/kooningstheweddingpalace\" \/>\n<meta property=\"og:image\" content=\"https:\/\/www.koonings.com\/wp-content\/uploads\/2024\/11\/41224_8fc99bb9bcbf4032caf2b62e9ce5a591fa61a777a0c417578eaedc082a3075d7457a5edd.jpeg\" \/>\n\t<meta property=\"og:image:width\" content=\"1035\" \/>\n\t<meta property=\"og:image:height\" content=\"1380\" \/>\n\t<meta property=\"og:image:type\" content=\"image\/jpeg\" \/>\n<meta name=\"twitter:card\" content=\"summary_large_image\" \/>\n<script type=\"application\/ld+json\" class=\"yoast-schema-graph\">{\"@context\":\"https:\\\/\\\/schema.org\",\"@graph\":[{\"@type\":\"WebPage\",\"@id\":\"https:\\\/\\\/www.koonings.com\\\/de\\\/product\\\/enzoani-blue-collection-solistice\\\/\",\"url\":\"https:\\\/\\\/www.koonings.com\\\/de\\\/product\\\/enzoani-blue-collection-solistice\\\/\",\"name\":\"Enzoani Blaue Kollektion Solistice | Koonings\",\"isPartOf\":{\"@id\":\"https:\\\/\\\/www.koonings.com\\\/de\\\/#website\"},\"primaryImageOfPage\":{\"@id\":\"https:\\\/\\\/www.koonings.com\\\/de\\\/product\\\/enzoani-blue-collection-solistice\\\/#primaryimage\"},\"image\":{\"@id\":\"https:\\\/\\\/www.koonings.com\\\/de\\\/product\\\/enzoani-blue-collection-solistice\\\/#primaryimage\"},\"thumbnailUrl\":\"https:\\\/\\\/www.koonings.com\\\/wp-content\\\/uploads\\\/2024\\\/11\\\/41224_8fc99bb9bcbf4032caf2b62e9ce5a591fa61a777a0c417578eaedc082a3075d7457a5edd.jpeg\",\"datePublished\":\"2026-04-21T16:28:17+00:00\",\"description\":\"Verstr\u00f6men Sie moderne Romantik in diesem Kleid in A-Linie mit bestickter floraler Chiffonspitze, einem herzf\u00f6rmigen Ausschnitt und Tr\u00e4gern mit Schleifendetails, die vertr\u00e4umt aus dem R\u00fccken flie\u00dfen und eine moderne Variante der klassischen Silhouette darstellen. Der Rock aus weichem T\u00fcll und Glitzert\u00fcll ist mit wundersch\u00f6ner, wirbelnder Spitze und Perlen verziert, die f\u00fcr zus\u00e4tzlichen, wundersch\u00f6nen Glanz sorgen.\",\"breadcrumb\":{\"@id\":\"https:\\\/\\\/www.koonings.com\\\/de\\\/product\\\/enzoani-blue-collection-solistice\\\/#breadcrumb\"},\"inLanguage\":\"de\",\"potentialAction\":[{\"@type\":\"ReadAction\",\"target\":[\"https:\\\/\\\/www.koonings.com\\\/de\\\/product\\\/enzoani-blue-collection-solistice\\\/\"]}]},{\"@type\":\"ImageObject\",\"inLanguage\":\"de\",\"@id\":\"https:\\\/\\\/www.koonings.com\\\/de\\\/product\\\/enzoani-blue-collection-solistice\\\/#primaryimage\",\"url\":\"https:\\\/\\\/www.koonings.com\\\/wp-content\\\/uploads\\\/2024\\\/11\\\/41224_8fc99bb9bcbf4032caf2b62e9ce5a591fa61a777a0c417578eaedc082a3075d7457a5edd.jpeg\",\"contentUrl\":\"https:\\\/\\\/www.koonings.com\\\/wp-content\\\/uploads\\\/2024\\\/11\\\/41224_8fc99bb9bcbf4032caf2b62e9ce5a591fa61a777a0c417578eaedc082a3075d7457a5edd.jpeg\",\"width\":1035,\"height\":1380},{\"@type\":\"BreadcrumbList\",\"@id\":\"https:\\\/\\\/www.koonings.com\\\/de\\\/product\\\/enzoani-blue-collection-solistice\\\/#breadcrumb\",\"itemListElement\":[{\"@type\":\"ListItem\",\"position\":1,\"name\":\"Home\",\"item\":\"https:\\\/\\\/www.koonings.com\\\/de\\\/\"},{\"@type\":\"ListItem\",\"position\":2,\"name\":\"Enzoani Blaue Kollektion Solistice\"}]},{\"@type\":\"WebSite\",\"@id\":\"https:\\\/\\\/www.koonings.com\\\/de\\\/#website\",\"url\":\"https:\\\/\\\/www.koonings.com\\\/de\\\/\",\"name\":\"Koonings\",\"description\":\"De grootste bruidsmodewinkel ter wereld\",\"publisher\":{\"@id\":\"https:\\\/\\\/www.koonings.com\\\/de\\\/#organization\"},\"potentialAction\":[{\"@type\":\"SearchAction\",\"target\":{\"@type\":\"EntryPoint\",\"urlTemplate\":\"https:\\\/\\\/www.koonings.com\\\/de\\\/?s={search_term_string}\"},\"query-input\":{\"@type\":\"PropertyValueSpecification\",\"valueRequired\":true,\"valueName\":\"search_term_string\"}}],\"inLanguage\":\"de\"},{\"@type\":\"Organization\",\"@id\":\"https:\\\/\\\/www.koonings.com\\\/de\\\/#organization\",\"name\":\"Koonings\",\"url\":\"https:\\\/\\\/www.koonings.com\\\/de\\\/\",\"logo\":{\"@type\":\"ImageObject\",\"inLanguage\":\"de\",\"@id\":\"https:\\\/\\\/www.koonings.com\\\/de\\\/#\\\/schema\\\/logo\\\/image\\\/\",\"url\":\"https:\\\/\\\/www.koonings.com\\\/wp-content\\\/uploads\\\/2024\\\/07\\\/logo.png\",\"contentUrl\":\"https:\\\/\\\/www.koonings.com\\\/wp-content\\\/uploads\\\/2024\\\/07\\\/logo.png\",\"width\":600,\"height\":428,\"caption\":\"Koonings\"},\"image\":{\"@id\":\"https:\\\/\\\/www.koonings.com\\\/de\\\/#\\\/schema\\\/logo\\\/image\\\/\"},\"sameAs\":[\"https:\\\/\\\/www.facebook.com\\\/kooningstheweddingpalace\",\"https:\\\/\\\/www.instagram.com\\\/kooningstheweddingpalace\",\"https:\\\/\\\/www.pinterest.com\\\/koonings\",\"https:\\\/\\\/www.youtube.com\\\/kooningstheweddingpalace\"]}]}<\/script>\n<!-- \/ Yoast SEO plugin. -->","yoast_head_json":{"title":"Enzoani Blaue Kollektion Solistice | Koonings","description":"Verstr\u00f6men Sie moderne Romantik in diesem Kleid in A-Linie mit bestickter floraler Chiffonspitze, einem herzf\u00f6rmigen Ausschnitt und Tr\u00e4gern mit Schleifendetails, die vertr\u00e4umt aus dem R\u00fccken flie\u00dfen und eine moderne Variante der klassischen Silhouette darstellen. Der Rock aus weichem T\u00fcll und Glitzert\u00fcll ist mit wundersch\u00f6ner, wirbelnder Spitze und Perlen verziert, die f\u00fcr zus\u00e4tzlichen, wundersch\u00f6nen Glanz sorgen.","robots":{"index":"index","follow":"follow","max-snippet":"max-snippet:-1","max-image-preview":"max-image-preview:large","max-video-preview":"max-video-preview:-1"},"canonical":"https:\/\/www.koonings.com\/de\/product\/enzoani-blue-collection-solistice\/","og_locale":"de_DE","og_type":"article","og_title":"Enzoani Blaue Kollektion Solistice | Koonings","og_description":"Verstr\u00f6men Sie moderne Romantik in diesem Kleid in A-Linie mit bestickter floraler Chiffonspitze, einem herzf\u00f6rmigen Ausschnitt und Tr\u00e4gern mit Schleifendetails, die vertr\u00e4umt aus dem R\u00fccken flie\u00dfen und eine moderne Variante der klassischen Silhouette darstellen. Der Rock aus weichem T\u00fcll und Glitzert\u00fcll ist mit wundersch\u00f6ner, wirbelnder Spitze und Perlen verziert, die f\u00fcr zus\u00e4tzlichen, wundersch\u00f6nen Glanz sorgen.","og_url":"https:\/\/www.koonings.com\/de\/product\/enzoani-blue-collection-solistice\/","og_site_name":"Koonings","article_publisher":"https:\/\/www.facebook.com\/kooningstheweddingpalace","og_image":[{"width":1035,"height":1380,"url":"https:\/\/www.koonings.com\/wp-content\/uploads\/2024\/11\/41224_8fc99bb9bcbf4032caf2b62e9ce5a591fa61a777a0c417578eaedc082a3075d7457a5edd.jpeg","type":"image\/jpeg"}],"twitter_card":"summary_large_image","schema":{"@context":"https:\/\/schema.org","@graph":[{"@type":"WebPage","@id":"https:\/\/www.koonings.com\/de\/product\/enzoani-blue-collection-solistice\/","url":"https:\/\/www.koonings.com\/de\/product\/enzoani-blue-collection-solistice\/","name":"Enzoani Blaue Kollektion Solistice | Koonings","isPartOf":{"@id":"https:\/\/www.koonings.com\/de\/#website"},"primaryImageOfPage":{"@id":"https:\/\/www.koonings.com\/de\/product\/enzoani-blue-collection-solistice\/#primaryimage"},"image":{"@id":"https:\/\/www.koonings.com\/de\/product\/enzoani-blue-collection-solistice\/#primaryimage"},"thumbnailUrl":"https:\/\/www.koonings.com\/wp-content\/uploads\/2024\/11\/41224_8fc99bb9bcbf4032caf2b62e9ce5a591fa61a777a0c417578eaedc082a3075d7457a5edd.jpeg","datePublished":"2026-04-21T16:28:17+00:00","description":"Verstr\u00f6men Sie moderne Romantik in diesem Kleid in A-Linie mit bestickter floraler Chiffonspitze, einem herzf\u00f6rmigen Ausschnitt und Tr\u00e4gern mit Schleifendetails, die vertr\u00e4umt aus dem R\u00fccken flie\u00dfen und eine moderne Variante der klassischen Silhouette darstellen. Der Rock aus weichem T\u00fcll und Glitzert\u00fcll ist mit wundersch\u00f6ner, wirbelnder Spitze und Perlen verziert, die f\u00fcr zus\u00e4tzlichen, wundersch\u00f6nen Glanz sorgen.","breadcrumb":{"@id":"https:\/\/www.koonings.com\/de\/product\/enzoani-blue-collection-solistice\/#breadcrumb"},"inLanguage":"de","potentialAction":[{"@type":"ReadAction","target":["https:\/\/www.koonings.com\/de\/product\/enzoani-blue-collection-solistice\/"]}]},{"@type":"ImageObject","inLanguage":"de","@id":"https:\/\/www.koonings.com\/de\/product\/enzoani-blue-collection-solistice\/#primaryimage","url":"https:\/\/www.koonings.com\/wp-content\/uploads\/2024\/11\/41224_8fc99bb9bcbf4032caf2b62e9ce5a591fa61a777a0c417578eaedc082a3075d7457a5edd.jpeg","contentUrl":"https:\/\/www.koonings.com\/wp-content\/uploads\/2024\/11\/41224_8fc99bb9bcbf4032caf2b62e9ce5a591fa61a777a0c417578eaedc082a3075d7457a5edd.jpeg","width":1035,"height":1380},{"@type":"BreadcrumbList","@id":"https:\/\/www.koonings.com\/de\/product\/enzoani-blue-collection-solistice\/#breadcrumb","itemListElement":[{"@type":"ListItem","position":1,"name":"Home","item":"https:\/\/www.koonings.com\/de\/"},{"@type":"ListItem","position":2,"name":"Enzoani Blaue Kollektion Solistice"}]},{"@type":"WebSite","@id":"https:\/\/www.koonings.com\/de\/#website","url":"https:\/\/www.koonings.com\/de\/","name":"Koonings","description":"De grootste bruidsmodewinkel ter wereld","publisher":{"@id":"https:\/\/www.koonings.com\/de\/#organization"},"potentialAction":[{"@type":"SearchAction","target":{"@type":"EntryPoint","urlTemplate":"https:\/\/www.koonings.com\/de\/?s={search_term_string}"},"query-input":{"@type":"PropertyValueSpecification","valueRequired":true,"valueName":"search_term_string"}}],"inLanguage":"de"},{"@type":"Organization","@id":"https:\/\/www.koonings.com\/de\/#organization","name":"Koonings","url":"https:\/\/www.koonings.com\/de\/","logo":{"@type":"ImageObject","inLanguage":"de","@id":"https:\/\/www.koonings.com\/de\/#\/schema\/logo\/image\/","url":"https:\/\/www.koonings.com\/wp-content\/uploads\/2024\/07\/logo.png","contentUrl":"https:\/\/www.koonings.com\/wp-content\/uploads\/2024\/07\/logo.png","width":600,"height":428,"caption":"Koonings"},"image":{"@id":"https:\/\/www.koonings.com\/de\/#\/schema\/logo\/image\/"},"sameAs":["https:\/\/www.facebook.com\/kooningstheweddingpalace","https:\/\/www.instagram.com\/kooningstheweddingpalace","https:\/\/www.pinterest.com\/koonings","https:\/\/www.youtube.com\/kooningstheweddingpalace"]}]}},"_links":{"self":[{"href":"https:\/\/www.koonings.com\/de\/wp-json\/wp\/v2\/product\/59502","targetHints":{"allow":["GET"]}}],"collection":[{"href":"https:\/\/www.koonings.com\/de\/wp-json\/wp\/v2\/product"}],"about":[{"href":"https:\/\/www.koonings.com\/de\/wp-json\/wp\/v2\/types\/product"}],"wp:featuredmedia":[{"embeddable":true,"href":"https:\/\/www.koonings.com\/de\/wp-json\/wp\/v2\/media\/51397"}],"wp:attachment":[{"href":"https:\/\/www.koonings.com\/de\/wp-json\/wp\/v2\/media?parent=59502"}],"wp:term":[{"taxonomy":"productdetails","embeddable":true,"href":"https:\/\/www.koonings.com\/de\/wp-json\/wp\/v2\/productdetails?post=59502"},{"taxonomy":"productneck","embeddable":true,"href":"https:\/\/www.koonings.com\/de\/wp-json\/wp\/v2\/productneck?post=59502"},{"taxonomy":"productcolor","embeddable":true,"href":"https:\/\/www.koonings.com\/de\/wp-json\/wp\/v2\/productcolor?post=59502"},{"taxonomy":"maat","embeddable":true,"href":"https:\/\/www.koonings.com\/de\/wp-json\/wp\/v2\/maat?post=59502"},{"taxonomy":"productsupplier","embeddable":true,"href":"https:\/\/www.koonings.com\/de\/wp-json\/wp\/v2\/productsupplier?post=59502"},{"taxonomy":"productsleeve","embeddable":true,"href":"https:\/\/www.koonings.com\/de\/wp-json\/wp\/v2\/productsleeve?post=59502"},{"taxonomy":"productcategory","embeddable":true,"href":"https:\/\/www.koonings.com\/de\/wp-json\/wp\/v2\/productcategory?post=59502"},{"taxonomy":"productsilhouette","embeddable":true,"href":"https:\/\/www.koonings.com\/de\/wp-json\/wp\/v2\/productsilhouette?post=59502"},{"taxonomy":"productstyle","embeddable":true,"href":"https:\/\/www.koonings.com\/de\/wp-json\/wp\/v2\/productstyle?post=59502"}],"curies":[{"name":"wp","href":"https:\/\/api.w.org\/{rel}","templated":true}]}}