{"id":59496,"date":"2026-04-28T18:26:37","date_gmt":"2026-04-28T16:26:37","guid":{"rendered":"https:\/\/www.koonings.com\/product\/enzoani-blue-collection-sloane\/"},"modified":"2025-06-05T13:24:26","modified_gmt":"2025-06-05T11:24:26","slug":"enzoani-blue-collection-sloane","status":"publish","type":"product","link":"https:\/\/www.koonings.com\/de\/product\/enzoani-blue-collection-sloane\/","title":{"rendered":"Enzoani Blue collection Sloane"},"content":{"rendered":"<p>Lassen Sie uns Ihnen die atemberaubende SLOANE vorstellen. Dieses Meerjungfrauenkleid aus floraler Spitze ist eine Vision von Brautsch\u00f6nheit. Die bestickte florale Chiffonspitze und die aufwendigen floralen 3D-Applikationen aus Mikado und Organza verleihen der klassischen Silhouette Textur und Dimension. Das figurschmeichelnde Mieder mit weichen T\u00fclltr\u00e4gern st\u00fctzt und umschmeichelt die Kurven, w\u00e4hrend der ausgestellte Rock aus T\u00fcll und Glitzert\u00fcll ein Gef\u00fchl von Dramatik und Romantik erzeugt. Ein vertr\u00e4umtes Korsett am R\u00fccken mit Schleifen aus T\u00fcll passt perfekt zu den Tr\u00e4gern und sorgt f\u00fcr einen unvergesslichen Look am Hochzeitstag.   <\/p>\n","protected":false},"featured_media":51493,"template":"","meta":{"_acf_changed":false,"ghostkit_customizer_options":"","ghostkit_custom_css":"","ghostkit_custom_js_head":"","ghostkit_custom_js_foot":"","ghostkit_typography":""},"productdetails":[379,376,381],"productneck":[355],"productcolor":[393,392],"maat":[],"productsupplier":[405],"productsleeve":[359],"productcategory":[18],"productsilhouette":[387],"productstyle":[366],"class_list":["post-59496","product","type-product","status-publish","has-post-thumbnail","hentry","productdetails-379","productdetails-376","productdetails-381","productneck-355","productcolor-393","productcolor-392","productsupplier-enzoani-blue-collection","productsleeve-359","productcategory-trouwjurken","productsilhouette-387","productstyle-366"],"acf":[],"yoast_head":"<!-- This site is optimized with the Yoast SEO plugin v27.3 - https:\/\/yoast.com\/product\/yoast-seo-wordpress\/ -->\n<title>Enzoani Blue collection Sloane | Koonings<\/title>\n<meta name=\"description\" content=\"Lassen Sie uns Ihnen die atemberaubende SLOANE vorstellen. Dieses Meerjungfrauenkleid aus floraler Spitze ist eine Vision von Brautsch\u00f6nheit. Die bestickte florale Chiffonspitze und die aufwendigen floralen 3D-Applikationen aus Mikado und Organza verleihen der klassischen Silhouette Textur und Dimension. Das figurschmeichelnde Mieder mit weichen T\u00fclltr\u00e4gern st\u00fctzt und umschmeichelt die Kurven, w\u00e4hrend der ausgestellte Rock aus T\u00fcll und Glitzert\u00fcll ein Gef\u00fchl von Dramatik und Romantik erzeugt. Ein vertr\u00e4umtes Korsett am R\u00fccken mit Schleifen aus T\u00fcll passt perfekt zu den Tr\u00e4gern und sorgt f\u00fcr einen unvergesslichen Look am Hochzeitstag.\" \/>\n<meta name=\"robots\" content=\"index, follow, max-snippet:-1, max-image-preview:large, max-video-preview:-1\" \/>\n<link rel=\"canonical\" href=\"https:\/\/www.koonings.com\/de\/product\/enzoani-blue-collection-sloane\/\" \/>\n<meta property=\"og:locale\" content=\"de_DE\" \/>\n<meta property=\"og:type\" content=\"article\" \/>\n<meta property=\"og:title\" content=\"Enzoani Blue collection Sloane | Koonings\" \/>\n<meta property=\"og:description\" content=\"Lassen Sie uns Ihnen die atemberaubende SLOANE vorstellen. Dieses Meerjungfrauenkleid aus floraler Spitze ist eine Vision von Brautsch\u00f6nheit. Die bestickte florale Chiffonspitze und die aufwendigen floralen 3D-Applikationen aus Mikado und Organza verleihen der klassischen Silhouette Textur und Dimension. Das figurschmeichelnde Mieder mit weichen T\u00fclltr\u00e4gern st\u00fctzt und umschmeichelt die Kurven, w\u00e4hrend der ausgestellte Rock aus T\u00fcll und Glitzert\u00fcll ein Gef\u00fchl von Dramatik und Romantik erzeugt. Ein vertr\u00e4umtes Korsett am R\u00fccken mit Schleifen aus T\u00fcll passt perfekt zu den Tr\u00e4gern und sorgt f\u00fcr einen unvergesslichen Look am Hochzeitstag.\" \/>\n<meta property=\"og:url\" content=\"https:\/\/www.koonings.com\/de\/product\/enzoani-blue-collection-sloane\/\" \/>\n<meta property=\"og:site_name\" content=\"Koonings\" \/>\n<meta property=\"article:publisher\" content=\"https:\/\/www.facebook.com\/kooningstheweddingpalace\" \/>\n<meta property=\"og:image\" content=\"https:\/\/www.koonings.com\/wp-content\/uploads\/2024\/11\/41228_a3cb1316e4b9fabe8fd5cf9202c6587d4b40e04bcf06129c48f38610dcac0fd0c6af3495.jpeg\" \/>\n\t<meta property=\"og:image:width\" content=\"1035\" \/>\n\t<meta property=\"og:image:height\" content=\"1380\" \/>\n\t<meta property=\"og:image:type\" content=\"image\/jpeg\" \/>\n<meta name=\"twitter:card\" content=\"summary_large_image\" \/>\n<script type=\"application\/ld+json\" class=\"yoast-schema-graph\">{\"@context\":\"https:\\\/\\\/schema.org\",\"@graph\":[{\"@type\":\"WebPage\",\"@id\":\"https:\\\/\\\/www.koonings.com\\\/de\\\/product\\\/enzoani-blue-collection-sloane\\\/\",\"url\":\"https:\\\/\\\/www.koonings.com\\\/de\\\/product\\\/enzoani-blue-collection-sloane\\\/\",\"name\":\"Enzoani Blue collection Sloane | Koonings\",\"isPartOf\":{\"@id\":\"https:\\\/\\\/www.koonings.com\\\/de\\\/#website\"},\"primaryImageOfPage\":{\"@id\":\"https:\\\/\\\/www.koonings.com\\\/de\\\/product\\\/enzoani-blue-collection-sloane\\\/#primaryimage\"},\"image\":{\"@id\":\"https:\\\/\\\/www.koonings.com\\\/de\\\/product\\\/enzoani-blue-collection-sloane\\\/#primaryimage\"},\"thumbnailUrl\":\"https:\\\/\\\/www.koonings.com\\\/wp-content\\\/uploads\\\/2024\\\/11\\\/41228_a3cb1316e4b9fabe8fd5cf9202c6587d4b40e04bcf06129c48f38610dcac0fd0c6af3495.jpeg\",\"datePublished\":\"2026-04-28T16:26:37+00:00\",\"description\":\"Lassen Sie uns Ihnen die atemberaubende SLOANE vorstellen. Dieses Meerjungfrauenkleid aus floraler Spitze ist eine Vision von Brautsch\u00f6nheit. Die bestickte florale Chiffonspitze und die aufwendigen floralen 3D-Applikationen aus Mikado und Organza verleihen der klassischen Silhouette Textur und Dimension. Das figurschmeichelnde Mieder mit weichen T\u00fclltr\u00e4gern st\u00fctzt und umschmeichelt die Kurven, w\u00e4hrend der ausgestellte Rock aus T\u00fcll und Glitzert\u00fcll ein Gef\u00fchl von Dramatik und Romantik erzeugt. Ein vertr\u00e4umtes Korsett am R\u00fccken mit Schleifen aus T\u00fcll passt perfekt zu den Tr\u00e4gern und sorgt f\u00fcr einen unvergesslichen Look am Hochzeitstag.\",\"breadcrumb\":{\"@id\":\"https:\\\/\\\/www.koonings.com\\\/de\\\/product\\\/enzoani-blue-collection-sloane\\\/#breadcrumb\"},\"inLanguage\":\"de\",\"potentialAction\":[{\"@type\":\"ReadAction\",\"target\":[\"https:\\\/\\\/www.koonings.com\\\/de\\\/product\\\/enzoani-blue-collection-sloane\\\/\"]}]},{\"@type\":\"ImageObject\",\"inLanguage\":\"de\",\"@id\":\"https:\\\/\\\/www.koonings.com\\\/de\\\/product\\\/enzoani-blue-collection-sloane\\\/#primaryimage\",\"url\":\"https:\\\/\\\/www.koonings.com\\\/wp-content\\\/uploads\\\/2024\\\/11\\\/41228_a3cb1316e4b9fabe8fd5cf9202c6587d4b40e04bcf06129c48f38610dcac0fd0c6af3495.jpeg\",\"contentUrl\":\"https:\\\/\\\/www.koonings.com\\\/wp-content\\\/uploads\\\/2024\\\/11\\\/41228_a3cb1316e4b9fabe8fd5cf9202c6587d4b40e04bcf06129c48f38610dcac0fd0c6af3495.jpeg\",\"width\":1035,\"height\":1380},{\"@type\":\"BreadcrumbList\",\"@id\":\"https:\\\/\\\/www.koonings.com\\\/de\\\/product\\\/enzoani-blue-collection-sloane\\\/#breadcrumb\",\"itemListElement\":[{\"@type\":\"ListItem\",\"position\":1,\"name\":\"Home\",\"item\":\"https:\\\/\\\/www.koonings.com\\\/de\\\/\"},{\"@type\":\"ListItem\",\"position\":2,\"name\":\"Enzoani Blue collection Sloane\"}]},{\"@type\":\"WebSite\",\"@id\":\"https:\\\/\\\/www.koonings.com\\\/de\\\/#website\",\"url\":\"https:\\\/\\\/www.koonings.com\\\/de\\\/\",\"name\":\"Koonings\",\"description\":\"De grootste bruidsmodewinkel ter wereld\",\"publisher\":{\"@id\":\"https:\\\/\\\/www.koonings.com\\\/de\\\/#organization\"},\"potentialAction\":[{\"@type\":\"SearchAction\",\"target\":{\"@type\":\"EntryPoint\",\"urlTemplate\":\"https:\\\/\\\/www.koonings.com\\\/de\\\/?s={search_term_string}\"},\"query-input\":{\"@type\":\"PropertyValueSpecification\",\"valueRequired\":true,\"valueName\":\"search_term_string\"}}],\"inLanguage\":\"de\"},{\"@type\":\"Organization\",\"@id\":\"https:\\\/\\\/www.koonings.com\\\/de\\\/#organization\",\"name\":\"Koonings\",\"url\":\"https:\\\/\\\/www.koonings.com\\\/de\\\/\",\"logo\":{\"@type\":\"ImageObject\",\"inLanguage\":\"de\",\"@id\":\"https:\\\/\\\/www.koonings.com\\\/de\\\/#\\\/schema\\\/logo\\\/image\\\/\",\"url\":\"https:\\\/\\\/www.koonings.com\\\/wp-content\\\/uploads\\\/2024\\\/07\\\/logo.png\",\"contentUrl\":\"https:\\\/\\\/www.koonings.com\\\/wp-content\\\/uploads\\\/2024\\\/07\\\/logo.png\",\"width\":600,\"height\":428,\"caption\":\"Koonings\"},\"image\":{\"@id\":\"https:\\\/\\\/www.koonings.com\\\/de\\\/#\\\/schema\\\/logo\\\/image\\\/\"},\"sameAs\":[\"https:\\\/\\\/www.facebook.com\\\/kooningstheweddingpalace\",\"https:\\\/\\\/www.instagram.com\\\/kooningstheweddingpalace\",\"https:\\\/\\\/www.pinterest.com\\\/koonings\",\"https:\\\/\\\/www.youtube.com\\\/kooningstheweddingpalace\"]}]}<\/script>\n<!-- \/ Yoast SEO plugin. -->","yoast_head_json":{"title":"Enzoani Blue collection Sloane | Koonings","description":"Lassen Sie uns Ihnen die atemberaubende SLOANE vorstellen. Dieses Meerjungfrauenkleid aus floraler Spitze ist eine Vision von Brautsch\u00f6nheit. Die bestickte florale Chiffonspitze und die aufwendigen floralen 3D-Applikationen aus Mikado und Organza verleihen der klassischen Silhouette Textur und Dimension. Das figurschmeichelnde Mieder mit weichen T\u00fclltr\u00e4gern st\u00fctzt und umschmeichelt die Kurven, w\u00e4hrend der ausgestellte Rock aus T\u00fcll und Glitzert\u00fcll ein Gef\u00fchl von Dramatik und Romantik erzeugt. Ein vertr\u00e4umtes Korsett am R\u00fccken mit Schleifen aus T\u00fcll passt perfekt zu den Tr\u00e4gern und sorgt f\u00fcr einen unvergesslichen Look am Hochzeitstag.","robots":{"index":"index","follow":"follow","max-snippet":"max-snippet:-1","max-image-preview":"max-image-preview:large","max-video-preview":"max-video-preview:-1"},"canonical":"https:\/\/www.koonings.com\/de\/product\/enzoani-blue-collection-sloane\/","og_locale":"de_DE","og_type":"article","og_title":"Enzoani Blue collection Sloane | Koonings","og_description":"Lassen Sie uns Ihnen die atemberaubende SLOANE vorstellen. Dieses Meerjungfrauenkleid aus floraler Spitze ist eine Vision von Brautsch\u00f6nheit. Die bestickte florale Chiffonspitze und die aufwendigen floralen 3D-Applikationen aus Mikado und Organza verleihen der klassischen Silhouette Textur und Dimension. Das figurschmeichelnde Mieder mit weichen T\u00fclltr\u00e4gern st\u00fctzt und umschmeichelt die Kurven, w\u00e4hrend der ausgestellte Rock aus T\u00fcll und Glitzert\u00fcll ein Gef\u00fchl von Dramatik und Romantik erzeugt. Ein vertr\u00e4umtes Korsett am R\u00fccken mit Schleifen aus T\u00fcll passt perfekt zu den Tr\u00e4gern und sorgt f\u00fcr einen unvergesslichen Look am Hochzeitstag.","og_url":"https:\/\/www.koonings.com\/de\/product\/enzoani-blue-collection-sloane\/","og_site_name":"Koonings","article_publisher":"https:\/\/www.facebook.com\/kooningstheweddingpalace","og_image":[{"width":1035,"height":1380,"url":"https:\/\/www.koonings.com\/wp-content\/uploads\/2024\/11\/41228_a3cb1316e4b9fabe8fd5cf9202c6587d4b40e04bcf06129c48f38610dcac0fd0c6af3495.jpeg","type":"image\/jpeg"}],"twitter_card":"summary_large_image","schema":{"@context":"https:\/\/schema.org","@graph":[{"@type":"WebPage","@id":"https:\/\/www.koonings.com\/de\/product\/enzoani-blue-collection-sloane\/","url":"https:\/\/www.koonings.com\/de\/product\/enzoani-blue-collection-sloane\/","name":"Enzoani Blue collection Sloane | Koonings","isPartOf":{"@id":"https:\/\/www.koonings.com\/de\/#website"},"primaryImageOfPage":{"@id":"https:\/\/www.koonings.com\/de\/product\/enzoani-blue-collection-sloane\/#primaryimage"},"image":{"@id":"https:\/\/www.koonings.com\/de\/product\/enzoani-blue-collection-sloane\/#primaryimage"},"thumbnailUrl":"https:\/\/www.koonings.com\/wp-content\/uploads\/2024\/11\/41228_a3cb1316e4b9fabe8fd5cf9202c6587d4b40e04bcf06129c48f38610dcac0fd0c6af3495.jpeg","datePublished":"2026-04-28T16:26:37+00:00","description":"Lassen Sie uns Ihnen die atemberaubende SLOANE vorstellen. Dieses Meerjungfrauenkleid aus floraler Spitze ist eine Vision von Brautsch\u00f6nheit. Die bestickte florale Chiffonspitze und die aufwendigen floralen 3D-Applikationen aus Mikado und Organza verleihen der klassischen Silhouette Textur und Dimension. Das figurschmeichelnde Mieder mit weichen T\u00fclltr\u00e4gern st\u00fctzt und umschmeichelt die Kurven, w\u00e4hrend der ausgestellte Rock aus T\u00fcll und Glitzert\u00fcll ein Gef\u00fchl von Dramatik und Romantik erzeugt. Ein vertr\u00e4umtes Korsett am R\u00fccken mit Schleifen aus T\u00fcll passt perfekt zu den Tr\u00e4gern und sorgt f\u00fcr einen unvergesslichen Look am Hochzeitstag.","breadcrumb":{"@id":"https:\/\/www.koonings.com\/de\/product\/enzoani-blue-collection-sloane\/#breadcrumb"},"inLanguage":"de","potentialAction":[{"@type":"ReadAction","target":["https:\/\/www.koonings.com\/de\/product\/enzoani-blue-collection-sloane\/"]}]},{"@type":"ImageObject","inLanguage":"de","@id":"https:\/\/www.koonings.com\/de\/product\/enzoani-blue-collection-sloane\/#primaryimage","url":"https:\/\/www.koonings.com\/wp-content\/uploads\/2024\/11\/41228_a3cb1316e4b9fabe8fd5cf9202c6587d4b40e04bcf06129c48f38610dcac0fd0c6af3495.jpeg","contentUrl":"https:\/\/www.koonings.com\/wp-content\/uploads\/2024\/11\/41228_a3cb1316e4b9fabe8fd5cf9202c6587d4b40e04bcf06129c48f38610dcac0fd0c6af3495.jpeg","width":1035,"height":1380},{"@type":"BreadcrumbList","@id":"https:\/\/www.koonings.com\/de\/product\/enzoani-blue-collection-sloane\/#breadcrumb","itemListElement":[{"@type":"ListItem","position":1,"name":"Home","item":"https:\/\/www.koonings.com\/de\/"},{"@type":"ListItem","position":2,"name":"Enzoani Blue collection Sloane"}]},{"@type":"WebSite","@id":"https:\/\/www.koonings.com\/de\/#website","url":"https:\/\/www.koonings.com\/de\/","name":"Koonings","description":"De grootste bruidsmodewinkel ter wereld","publisher":{"@id":"https:\/\/www.koonings.com\/de\/#organization"},"potentialAction":[{"@type":"SearchAction","target":{"@type":"EntryPoint","urlTemplate":"https:\/\/www.koonings.com\/de\/?s={search_term_string}"},"query-input":{"@type":"PropertyValueSpecification","valueRequired":true,"valueName":"search_term_string"}}],"inLanguage":"de"},{"@type":"Organization","@id":"https:\/\/www.koonings.com\/de\/#organization","name":"Koonings","url":"https:\/\/www.koonings.com\/de\/","logo":{"@type":"ImageObject","inLanguage":"de","@id":"https:\/\/www.koonings.com\/de\/#\/schema\/logo\/image\/","url":"https:\/\/www.koonings.com\/wp-content\/uploads\/2024\/07\/logo.png","contentUrl":"https:\/\/www.koonings.com\/wp-content\/uploads\/2024\/07\/logo.png","width":600,"height":428,"caption":"Koonings"},"image":{"@id":"https:\/\/www.koonings.com\/de\/#\/schema\/logo\/image\/"},"sameAs":["https:\/\/www.facebook.com\/kooningstheweddingpalace","https:\/\/www.instagram.com\/kooningstheweddingpalace","https:\/\/www.pinterest.com\/koonings","https:\/\/www.youtube.com\/kooningstheweddingpalace"]}]}},"_links":{"self":[{"href":"https:\/\/www.koonings.com\/de\/wp-json\/wp\/v2\/product\/59496","targetHints":{"allow":["GET"]}}],"collection":[{"href":"https:\/\/www.koonings.com\/de\/wp-json\/wp\/v2\/product"}],"about":[{"href":"https:\/\/www.koonings.com\/de\/wp-json\/wp\/v2\/types\/product"}],"wp:featuredmedia":[{"embeddable":true,"href":"https:\/\/www.koonings.com\/de\/wp-json\/wp\/v2\/media\/51493"}],"wp:attachment":[{"href":"https:\/\/www.koonings.com\/de\/wp-json\/wp\/v2\/media?parent=59496"}],"wp:term":[{"taxonomy":"productdetails","embeddable":true,"href":"https:\/\/www.koonings.com\/de\/wp-json\/wp\/v2\/productdetails?post=59496"},{"taxonomy":"productneck","embeddable":true,"href":"https:\/\/www.koonings.com\/de\/wp-json\/wp\/v2\/productneck?post=59496"},{"taxonomy":"productcolor","embeddable":true,"href":"https:\/\/www.koonings.com\/de\/wp-json\/wp\/v2\/productcolor?post=59496"},{"taxonomy":"maat","embeddable":true,"href":"https:\/\/www.koonings.com\/de\/wp-json\/wp\/v2\/maat?post=59496"},{"taxonomy":"productsupplier","embeddable":true,"href":"https:\/\/www.koonings.com\/de\/wp-json\/wp\/v2\/productsupplier?post=59496"},{"taxonomy":"productsleeve","embeddable":true,"href":"https:\/\/www.koonings.com\/de\/wp-json\/wp\/v2\/productsleeve?post=59496"},{"taxonomy":"productcategory","embeddable":true,"href":"https:\/\/www.koonings.com\/de\/wp-json\/wp\/v2\/productcategory?post=59496"},{"taxonomy":"productsilhouette","embeddable":true,"href":"https:\/\/www.koonings.com\/de\/wp-json\/wp\/v2\/productsilhouette?post=59496"},{"taxonomy":"productstyle","embeddable":true,"href":"https:\/\/www.koonings.com\/de\/wp-json\/wp\/v2\/productstyle?post=59496"}],"curies":[{"name":"wp","href":"https:\/\/api.w.org\/{rel}","templated":true}]}}