{"id":59487,"date":"2026-04-28T18:26:39","date_gmt":"2026-04-28T16:26:39","guid":{"rendered":"https:\/\/www.koonings.com\/product\/enzoani-blue-collection-sequoia\/"},"modified":"2025-06-05T13:22:53","modified_gmt":"2025-06-05T11:22:53","slug":"enzoani-blue-collection-sequoia","status":"publish","type":"product","link":"https:\/\/www.koonings.com\/de\/product\/enzoani-blue-collection-sequoia\/","title":{"rendered":"Pronovias Group Sequoia"},"content":{"rendered":"<p>Treten Sie ein in das Gl\u00fcck der Braut in SEQUOIA. Dieses Hochzeitskleid in A-Linie zeigt wundersch\u00f6ne Bl\u00fctenbl\u00e4tter mit Pailletten und geometrischen Perlen, die das Mieder zieren und in den glitzernden T\u00fcll und den weichen T\u00fcllrock \u00fcbergehen. So entsteht ein Look von zeitloser Eleganz und Anmut, der einen bleibenden Eindruck hinterl\u00e4sst. Wundersch\u00f6ne, abnehmbare, schulterfreie Tr\u00e4ger und ein hoher Rockschlitz verleihen dem Kleid einen s\u00fc\u00dfen und sexy Schliff.  <\/p>\n","protected":false},"featured_media":51568,"template":"","meta":{"_acf_changed":false,"ghostkit_customizer_options":"","ghostkit_custom_css":"","ghostkit_custom_js_head":"","ghostkit_custom_js_foot":"","ghostkit_typography":""},"productdetails":[378],"productneck":[355],"productcolor":[393,392],"maat":[],"productsupplier":[466],"productsleeve":[],"productcategory":[18],"productsilhouette":[389],"productstyle":[366,370],"class_list":["post-59487","product","type-product","status-publish","has-post-thumbnail","hentry","productdetails-378","productneck-355","productcolor-393","productcolor-392","productsupplier-pronovias-group","productcategory-trouwjurken","productsilhouette-389","productstyle-366","productstyle-370"],"acf":[],"yoast_head":"<!-- This site is optimized with the Yoast SEO plugin v27.3 - https:\/\/yoast.com\/product\/yoast-seo-wordpress\/ -->\n<title>Pronovias Group Sequoia | Koonings<\/title>\n<meta name=\"description\" content=\"Treten Sie ein in das Gl\u00fcck der Braut in SEQUOIA. Dieses Hochzeitskleid in A-Linie zeigt wundersch\u00f6ne Bl\u00fctenbl\u00e4tter mit Pailletten und geometrischen Perlen, die das Mieder zieren und in den glitzernden T\u00fcll und den weichen T\u00fcllrock \u00fcbergehen. So entsteht ein Look von zeitloser Eleganz und Anmut, der einen bleibenden Eindruck hinterl\u00e4sst. Wundersch\u00f6ne, abnehmbare, schulterfreie Tr\u00e4ger und ein hoher Rockschlitz verleihen dem Kleid einen s\u00fc\u00dfen und sexy Schliff.\" \/>\n<meta name=\"robots\" content=\"index, follow, max-snippet:-1, max-image-preview:large, max-video-preview:-1\" \/>\n<link rel=\"canonical\" href=\"https:\/\/www.koonings.com\/de\/product\/enzoani-blue-collection-sequoia\/\" \/>\n<meta property=\"og:locale\" content=\"de_DE\" \/>\n<meta property=\"og:type\" content=\"article\" \/>\n<meta property=\"og:title\" content=\"Pronovias Group Sequoia | Koonings\" \/>\n<meta property=\"og:description\" content=\"Treten Sie ein in das Gl\u00fcck der Braut in SEQUOIA. Dieses Hochzeitskleid in A-Linie zeigt wundersch\u00f6ne Bl\u00fctenbl\u00e4tter mit Pailletten und geometrischen Perlen, die das Mieder zieren und in den glitzernden T\u00fcll und den weichen T\u00fcllrock \u00fcbergehen. So entsteht ein Look von zeitloser Eleganz und Anmut, der einen bleibenden Eindruck hinterl\u00e4sst. Wundersch\u00f6ne, abnehmbare, schulterfreie Tr\u00e4ger und ein hoher Rockschlitz verleihen dem Kleid einen s\u00fc\u00dfen und sexy Schliff.\" \/>\n<meta property=\"og:url\" content=\"https:\/\/www.koonings.com\/de\/product\/enzoani-blue-collection-sequoia\/\" \/>\n<meta property=\"og:site_name\" content=\"Koonings\" \/>\n<meta property=\"article:publisher\" content=\"https:\/\/www.facebook.com\/kooningstheweddingpalace\" \/>\n<meta property=\"og:image\" content=\"https:\/\/www.koonings.com\/wp-content\/uploads\/2024\/11\/41232_ac92602156c0c0fa0bfa139e561fc1badc534ca18e65de2ceba55053b91bb3cac8268052.jpeg\" \/>\n\t<meta property=\"og:image:width\" content=\"1035\" \/>\n\t<meta property=\"og:image:height\" content=\"1380\" \/>\n\t<meta property=\"og:image:type\" content=\"image\/jpeg\" \/>\n<meta name=\"twitter:card\" content=\"summary_large_image\" \/>\n<script type=\"application\/ld+json\" class=\"yoast-schema-graph\">{\"@context\":\"https:\\\/\\\/schema.org\",\"@graph\":[{\"@type\":\"WebPage\",\"@id\":\"https:\\\/\\\/www.koonings.com\\\/de\\\/product\\\/enzoani-blue-collection-sequoia\\\/\",\"url\":\"https:\\\/\\\/www.koonings.com\\\/de\\\/product\\\/enzoani-blue-collection-sequoia\\\/\",\"name\":\"Pronovias Group Sequoia | Koonings\",\"isPartOf\":{\"@id\":\"https:\\\/\\\/www.koonings.com\\\/de\\\/#website\"},\"primaryImageOfPage\":{\"@id\":\"https:\\\/\\\/www.koonings.com\\\/de\\\/product\\\/enzoani-blue-collection-sequoia\\\/#primaryimage\"},\"image\":{\"@id\":\"https:\\\/\\\/www.koonings.com\\\/de\\\/product\\\/enzoani-blue-collection-sequoia\\\/#primaryimage\"},\"thumbnailUrl\":\"https:\\\/\\\/www.koonings.com\\\/wp-content\\\/uploads\\\/2024\\\/11\\\/41232_ac92602156c0c0fa0bfa139e561fc1badc534ca18e65de2ceba55053b91bb3cac8268052.jpeg\",\"datePublished\":\"2026-04-28T16:26:39+00:00\",\"description\":\"Treten Sie ein in das Gl\u00fcck der Braut in SEQUOIA. Dieses Hochzeitskleid in A-Linie zeigt wundersch\u00f6ne Bl\u00fctenbl\u00e4tter mit Pailletten und geometrischen Perlen, die das Mieder zieren und in den glitzernden T\u00fcll und den weichen T\u00fcllrock \u00fcbergehen. So entsteht ein Look von zeitloser Eleganz und Anmut, der einen bleibenden Eindruck hinterl\u00e4sst. Wundersch\u00f6ne, abnehmbare, schulterfreie Tr\u00e4ger und ein hoher Rockschlitz verleihen dem Kleid einen s\u00fc\u00dfen und sexy Schliff.\",\"breadcrumb\":{\"@id\":\"https:\\\/\\\/www.koonings.com\\\/de\\\/product\\\/enzoani-blue-collection-sequoia\\\/#breadcrumb\"},\"inLanguage\":\"de\",\"potentialAction\":[{\"@type\":\"ReadAction\",\"target\":[\"https:\\\/\\\/www.koonings.com\\\/de\\\/product\\\/enzoani-blue-collection-sequoia\\\/\"]}]},{\"@type\":\"ImageObject\",\"inLanguage\":\"de\",\"@id\":\"https:\\\/\\\/www.koonings.com\\\/de\\\/product\\\/enzoani-blue-collection-sequoia\\\/#primaryimage\",\"url\":\"https:\\\/\\\/www.koonings.com\\\/wp-content\\\/uploads\\\/2024\\\/11\\\/41232_ac92602156c0c0fa0bfa139e561fc1badc534ca18e65de2ceba55053b91bb3cac8268052.jpeg\",\"contentUrl\":\"https:\\\/\\\/www.koonings.com\\\/wp-content\\\/uploads\\\/2024\\\/11\\\/41232_ac92602156c0c0fa0bfa139e561fc1badc534ca18e65de2ceba55053b91bb3cac8268052.jpeg\",\"width\":1035,\"height\":1380},{\"@type\":\"BreadcrumbList\",\"@id\":\"https:\\\/\\\/www.koonings.com\\\/de\\\/product\\\/enzoani-blue-collection-sequoia\\\/#breadcrumb\",\"itemListElement\":[{\"@type\":\"ListItem\",\"position\":1,\"name\":\"Home\",\"item\":\"https:\\\/\\\/www.koonings.com\\\/de\\\/\"},{\"@type\":\"ListItem\",\"position\":2,\"name\":\"Pronovias Group Sequoia\"}]},{\"@type\":\"WebSite\",\"@id\":\"https:\\\/\\\/www.koonings.com\\\/de\\\/#website\",\"url\":\"https:\\\/\\\/www.koonings.com\\\/de\\\/\",\"name\":\"Koonings\",\"description\":\"De grootste bruidsmodewinkel ter wereld\",\"publisher\":{\"@id\":\"https:\\\/\\\/www.koonings.com\\\/de\\\/#organization\"},\"potentialAction\":[{\"@type\":\"SearchAction\",\"target\":{\"@type\":\"EntryPoint\",\"urlTemplate\":\"https:\\\/\\\/www.koonings.com\\\/de\\\/?s={search_term_string}\"},\"query-input\":{\"@type\":\"PropertyValueSpecification\",\"valueRequired\":true,\"valueName\":\"search_term_string\"}}],\"inLanguage\":\"de\"},{\"@type\":\"Organization\",\"@id\":\"https:\\\/\\\/www.koonings.com\\\/de\\\/#organization\",\"name\":\"Koonings\",\"url\":\"https:\\\/\\\/www.koonings.com\\\/de\\\/\",\"logo\":{\"@type\":\"ImageObject\",\"inLanguage\":\"de\",\"@id\":\"https:\\\/\\\/www.koonings.com\\\/de\\\/#\\\/schema\\\/logo\\\/image\\\/\",\"url\":\"https:\\\/\\\/www.koonings.com\\\/wp-content\\\/uploads\\\/2024\\\/07\\\/logo.png\",\"contentUrl\":\"https:\\\/\\\/www.koonings.com\\\/wp-content\\\/uploads\\\/2024\\\/07\\\/logo.png\",\"width\":600,\"height\":428,\"caption\":\"Koonings\"},\"image\":{\"@id\":\"https:\\\/\\\/www.koonings.com\\\/de\\\/#\\\/schema\\\/logo\\\/image\\\/\"},\"sameAs\":[\"https:\\\/\\\/www.facebook.com\\\/kooningstheweddingpalace\",\"https:\\\/\\\/www.instagram.com\\\/kooningstheweddingpalace\",\"https:\\\/\\\/www.pinterest.com\\\/koonings\",\"https:\\\/\\\/www.youtube.com\\\/kooningstheweddingpalace\"]}]}<\/script>\n<!-- \/ Yoast SEO plugin. -->","yoast_head_json":{"title":"Pronovias Group Sequoia | Koonings","description":"Treten Sie ein in das Gl\u00fcck der Braut in SEQUOIA. Dieses Hochzeitskleid in A-Linie zeigt wundersch\u00f6ne Bl\u00fctenbl\u00e4tter mit Pailletten und geometrischen Perlen, die das Mieder zieren und in den glitzernden T\u00fcll und den weichen T\u00fcllrock \u00fcbergehen. So entsteht ein Look von zeitloser Eleganz und Anmut, der einen bleibenden Eindruck hinterl\u00e4sst. Wundersch\u00f6ne, abnehmbare, schulterfreie Tr\u00e4ger und ein hoher Rockschlitz verleihen dem Kleid einen s\u00fc\u00dfen und sexy Schliff.","robots":{"index":"index","follow":"follow","max-snippet":"max-snippet:-1","max-image-preview":"max-image-preview:large","max-video-preview":"max-video-preview:-1"},"canonical":"https:\/\/www.koonings.com\/de\/product\/enzoani-blue-collection-sequoia\/","og_locale":"de_DE","og_type":"article","og_title":"Pronovias Group Sequoia | Koonings","og_description":"Treten Sie ein in das Gl\u00fcck der Braut in SEQUOIA. Dieses Hochzeitskleid in A-Linie zeigt wundersch\u00f6ne Bl\u00fctenbl\u00e4tter mit Pailletten und geometrischen Perlen, die das Mieder zieren und in den glitzernden T\u00fcll und den weichen T\u00fcllrock \u00fcbergehen. So entsteht ein Look von zeitloser Eleganz und Anmut, der einen bleibenden Eindruck hinterl\u00e4sst. Wundersch\u00f6ne, abnehmbare, schulterfreie Tr\u00e4ger und ein hoher Rockschlitz verleihen dem Kleid einen s\u00fc\u00dfen und sexy Schliff.","og_url":"https:\/\/www.koonings.com\/de\/product\/enzoani-blue-collection-sequoia\/","og_site_name":"Koonings","article_publisher":"https:\/\/www.facebook.com\/kooningstheweddingpalace","og_image":[{"width":1035,"height":1380,"url":"https:\/\/www.koonings.com\/wp-content\/uploads\/2024\/11\/41232_ac92602156c0c0fa0bfa139e561fc1badc534ca18e65de2ceba55053b91bb3cac8268052.jpeg","type":"image\/jpeg"}],"twitter_card":"summary_large_image","schema":{"@context":"https:\/\/schema.org","@graph":[{"@type":"WebPage","@id":"https:\/\/www.koonings.com\/de\/product\/enzoani-blue-collection-sequoia\/","url":"https:\/\/www.koonings.com\/de\/product\/enzoani-blue-collection-sequoia\/","name":"Pronovias Group Sequoia | Koonings","isPartOf":{"@id":"https:\/\/www.koonings.com\/de\/#website"},"primaryImageOfPage":{"@id":"https:\/\/www.koonings.com\/de\/product\/enzoani-blue-collection-sequoia\/#primaryimage"},"image":{"@id":"https:\/\/www.koonings.com\/de\/product\/enzoani-blue-collection-sequoia\/#primaryimage"},"thumbnailUrl":"https:\/\/www.koonings.com\/wp-content\/uploads\/2024\/11\/41232_ac92602156c0c0fa0bfa139e561fc1badc534ca18e65de2ceba55053b91bb3cac8268052.jpeg","datePublished":"2026-04-28T16:26:39+00:00","description":"Treten Sie ein in das Gl\u00fcck der Braut in SEQUOIA. Dieses Hochzeitskleid in A-Linie zeigt wundersch\u00f6ne Bl\u00fctenbl\u00e4tter mit Pailletten und geometrischen Perlen, die das Mieder zieren und in den glitzernden T\u00fcll und den weichen T\u00fcllrock \u00fcbergehen. So entsteht ein Look von zeitloser Eleganz und Anmut, der einen bleibenden Eindruck hinterl\u00e4sst. Wundersch\u00f6ne, abnehmbare, schulterfreie Tr\u00e4ger und ein hoher Rockschlitz verleihen dem Kleid einen s\u00fc\u00dfen und sexy Schliff.","breadcrumb":{"@id":"https:\/\/www.koonings.com\/de\/product\/enzoani-blue-collection-sequoia\/#breadcrumb"},"inLanguage":"de","potentialAction":[{"@type":"ReadAction","target":["https:\/\/www.koonings.com\/de\/product\/enzoani-blue-collection-sequoia\/"]}]},{"@type":"ImageObject","inLanguage":"de","@id":"https:\/\/www.koonings.com\/de\/product\/enzoani-blue-collection-sequoia\/#primaryimage","url":"https:\/\/www.koonings.com\/wp-content\/uploads\/2024\/11\/41232_ac92602156c0c0fa0bfa139e561fc1badc534ca18e65de2ceba55053b91bb3cac8268052.jpeg","contentUrl":"https:\/\/www.koonings.com\/wp-content\/uploads\/2024\/11\/41232_ac92602156c0c0fa0bfa139e561fc1badc534ca18e65de2ceba55053b91bb3cac8268052.jpeg","width":1035,"height":1380},{"@type":"BreadcrumbList","@id":"https:\/\/www.koonings.com\/de\/product\/enzoani-blue-collection-sequoia\/#breadcrumb","itemListElement":[{"@type":"ListItem","position":1,"name":"Home","item":"https:\/\/www.koonings.com\/de\/"},{"@type":"ListItem","position":2,"name":"Pronovias Group Sequoia"}]},{"@type":"WebSite","@id":"https:\/\/www.koonings.com\/de\/#website","url":"https:\/\/www.koonings.com\/de\/","name":"Koonings","description":"De grootste bruidsmodewinkel ter wereld","publisher":{"@id":"https:\/\/www.koonings.com\/de\/#organization"},"potentialAction":[{"@type":"SearchAction","target":{"@type":"EntryPoint","urlTemplate":"https:\/\/www.koonings.com\/de\/?s={search_term_string}"},"query-input":{"@type":"PropertyValueSpecification","valueRequired":true,"valueName":"search_term_string"}}],"inLanguage":"de"},{"@type":"Organization","@id":"https:\/\/www.koonings.com\/de\/#organization","name":"Koonings","url":"https:\/\/www.koonings.com\/de\/","logo":{"@type":"ImageObject","inLanguage":"de","@id":"https:\/\/www.koonings.com\/de\/#\/schema\/logo\/image\/","url":"https:\/\/www.koonings.com\/wp-content\/uploads\/2024\/07\/logo.png","contentUrl":"https:\/\/www.koonings.com\/wp-content\/uploads\/2024\/07\/logo.png","width":600,"height":428,"caption":"Koonings"},"image":{"@id":"https:\/\/www.koonings.com\/de\/#\/schema\/logo\/image\/"},"sameAs":["https:\/\/www.facebook.com\/kooningstheweddingpalace","https:\/\/www.instagram.com\/kooningstheweddingpalace","https:\/\/www.pinterest.com\/koonings","https:\/\/www.youtube.com\/kooningstheweddingpalace"]}]}},"_links":{"self":[{"href":"https:\/\/www.koonings.com\/de\/wp-json\/wp\/v2\/product\/59487","targetHints":{"allow":["GET"]}}],"collection":[{"href":"https:\/\/www.koonings.com\/de\/wp-json\/wp\/v2\/product"}],"about":[{"href":"https:\/\/www.koonings.com\/de\/wp-json\/wp\/v2\/types\/product"}],"wp:featuredmedia":[{"embeddable":true,"href":"https:\/\/www.koonings.com\/de\/wp-json\/wp\/v2\/media\/51568"}],"wp:attachment":[{"href":"https:\/\/www.koonings.com\/de\/wp-json\/wp\/v2\/media?parent=59487"}],"wp:term":[{"taxonomy":"productdetails","embeddable":true,"href":"https:\/\/www.koonings.com\/de\/wp-json\/wp\/v2\/productdetails?post=59487"},{"taxonomy":"productneck","embeddable":true,"href":"https:\/\/www.koonings.com\/de\/wp-json\/wp\/v2\/productneck?post=59487"},{"taxonomy":"productcolor","embeddable":true,"href":"https:\/\/www.koonings.com\/de\/wp-json\/wp\/v2\/productcolor?post=59487"},{"taxonomy":"maat","embeddable":true,"href":"https:\/\/www.koonings.com\/de\/wp-json\/wp\/v2\/maat?post=59487"},{"taxonomy":"productsupplier","embeddable":true,"href":"https:\/\/www.koonings.com\/de\/wp-json\/wp\/v2\/productsupplier?post=59487"},{"taxonomy":"productsleeve","embeddable":true,"href":"https:\/\/www.koonings.com\/de\/wp-json\/wp\/v2\/productsleeve?post=59487"},{"taxonomy":"productcategory","embeddable":true,"href":"https:\/\/www.koonings.com\/de\/wp-json\/wp\/v2\/productcategory?post=59487"},{"taxonomy":"productsilhouette","embeddable":true,"href":"https:\/\/www.koonings.com\/de\/wp-json\/wp\/v2\/productsilhouette?post=59487"},{"taxonomy":"productstyle","embeddable":true,"href":"https:\/\/www.koonings.com\/de\/wp-json\/wp\/v2\/productstyle?post=59487"}],"curies":[{"name":"wp","href":"https:\/\/api.w.org\/{rel}","templated":true}]}}