{"id":59462,"date":"2026-04-21T18:28:31","date_gmt":"2026-04-21T16:28:31","guid":{"rendered":"https:\/\/www.koonings.com\/product\/rembo-styling-cala-luna-1\/"},"modified":"2025-06-05T13:23:16","modified_gmt":"2025-06-05T11:23:16","slug":"rembo-styling-cala-luna-1","status":"publish","type":"product","link":"https:\/\/www.koonings.com\/de\/product\/rembo-styling-cala-luna-1\/","title":{"rendered":"Rembo Styling Cala luna\/1"},"content":{"rendered":"<p>Ein leichtes und feminines Hochzeitskleid! Cala Luna hat einen Neckholder-Ausschnitt mit d\u00fcnnen Spaghetti-Tr\u00e4gern und einen offenen R\u00fccken. Das Oberteil besteht aus elfenbeinfarbener, geometrischer Stickerei mit beigem T\u00fcll darunter. Um die Taille herum befindet sich ein besticktes Band mit einem anderen Muster als das Oberteil. Der Rock ist aus Cr\u00eape mit einer get\u00e4felten Chiffonschicht gefertigt. Er hat einen Seitenschlitz und einen Slip.     <\/p>\n","protected":false},"featured_media":51764,"template":"","meta":{"_acf_changed":false,"ghostkit_customizer_options":"","ghostkit_custom_css":"","ghostkit_custom_js_head":"","ghostkit_custom_js_foot":"","ghostkit_typography":""},"productdetails":[378],"productneck":[350],"productcolor":[392],"maat":[],"productsupplier":[414],"productsleeve":[360],"productcategory":[18],"productsilhouette":[384,389],"productstyle":[364,370,368],"class_list":["post-59462","product","type-product","status-publish","has-post-thumbnail","hentry","productdetails-378","productneck-350","productcolor-392","productsupplier-rembo-styling","productsleeve-360","productcategory-trouwjurken","productsilhouette-384","productsilhouette-389","productstyle-364","productstyle-370","productstyle-368"],"acf":[],"yoast_head":"<!-- This site is optimized with the Yoast SEO plugin v27.3 - https:\/\/yoast.com\/product\/yoast-seo-wordpress\/ -->\n<title>Rembo Styling Cala luna\/1 | Koonings<\/title>\n<meta name=\"description\" content=\"Ein leichtes und feminines Hochzeitskleid! Cala Luna hat einen Neckholder-Ausschnitt mit d\u00fcnnen Spaghetti-Tr\u00e4gern und einen offenen R\u00fccken. Das Oberteil besteht aus elfenbeinfarbener, geometrischer Stickerei mit beigem T\u00fcll darunter. Um die Taille herum befindet sich ein besticktes Band mit einem anderen Muster als das Oberteil. Der Rock ist aus Cr\u00eape mit einer get\u00e4felten Chiffonschicht gefertigt. Er hat einen Seitenschlitz und einen Slip.\" \/>\n<meta name=\"robots\" content=\"index, follow, max-snippet:-1, max-image-preview:large, max-video-preview:-1\" \/>\n<link rel=\"canonical\" href=\"https:\/\/www.koonings.com\/de\/product\/rembo-styling-cala-luna-1\/\" \/>\n<meta property=\"og:locale\" content=\"de_DE\" \/>\n<meta property=\"og:type\" content=\"article\" \/>\n<meta property=\"og:title\" content=\"Rembo Styling Cala luna\/1 | Koonings\" \/>\n<meta property=\"og:description\" content=\"Ein leichtes und feminines Hochzeitskleid! Cala Luna hat einen Neckholder-Ausschnitt mit d\u00fcnnen Spaghetti-Tr\u00e4gern und einen offenen R\u00fccken. Das Oberteil besteht aus elfenbeinfarbener, geometrischer Stickerei mit beigem T\u00fcll darunter. Um die Taille herum befindet sich ein besticktes Band mit einem anderen Muster als das Oberteil. Der Rock ist aus Cr\u00eape mit einer get\u00e4felten Chiffonschicht gefertigt. Er hat einen Seitenschlitz und einen Slip.\" \/>\n<meta property=\"og:url\" content=\"https:\/\/www.koonings.com\/de\/product\/rembo-styling-cala-luna-1\/\" \/>\n<meta property=\"og:site_name\" content=\"Koonings\" \/>\n<meta property=\"article:publisher\" content=\"https:\/\/www.facebook.com\/kooningstheweddingpalace\" \/>\n<meta property=\"og:image\" content=\"https:\/\/www.koonings.com\/wp-content\/uploads\/2024\/11\/41265_be1789996165087d903b47a8ed4ffa6f6f5af23588f9e5953e5d4344bb0df7601db9f9da-scaled.jpeg\" \/>\n\t<meta property=\"og:image:width\" content=\"1813\" \/>\n\t<meta property=\"og:image:height\" content=\"2560\" \/>\n\t<meta property=\"og:image:type\" content=\"image\/jpeg\" \/>\n<meta name=\"twitter:card\" content=\"summary_large_image\" \/>\n<script type=\"application\/ld+json\" class=\"yoast-schema-graph\">{\"@context\":\"https:\\\/\\\/schema.org\",\"@graph\":[{\"@type\":\"WebPage\",\"@id\":\"https:\\\/\\\/www.koonings.com\\\/de\\\/product\\\/rembo-styling-cala-luna-1\\\/\",\"url\":\"https:\\\/\\\/www.koonings.com\\\/de\\\/product\\\/rembo-styling-cala-luna-1\\\/\",\"name\":\"Rembo Styling Cala luna\\\/1 | Koonings\",\"isPartOf\":{\"@id\":\"https:\\\/\\\/www.koonings.com\\\/de\\\/#website\"},\"primaryImageOfPage\":{\"@id\":\"https:\\\/\\\/www.koonings.com\\\/de\\\/product\\\/rembo-styling-cala-luna-1\\\/#primaryimage\"},\"image\":{\"@id\":\"https:\\\/\\\/www.koonings.com\\\/de\\\/product\\\/rembo-styling-cala-luna-1\\\/#primaryimage\"},\"thumbnailUrl\":\"https:\\\/\\\/www.koonings.com\\\/wp-content\\\/uploads\\\/2024\\\/11\\\/41265_be1789996165087d903b47a8ed4ffa6f6f5af23588f9e5953e5d4344bb0df7601db9f9da-scaled.jpeg\",\"datePublished\":\"2026-04-21T16:28:31+00:00\",\"description\":\"Ein leichtes und feminines Hochzeitskleid! Cala Luna hat einen Neckholder-Ausschnitt mit d\u00fcnnen Spaghetti-Tr\u00e4gern und einen offenen R\u00fccken. Das Oberteil besteht aus elfenbeinfarbener, geometrischer Stickerei mit beigem T\u00fcll darunter. Um die Taille herum befindet sich ein besticktes Band mit einem anderen Muster als das Oberteil. Der Rock ist aus Cr\u00eape mit einer get\u00e4felten Chiffonschicht gefertigt. Er hat einen Seitenschlitz und einen Slip.\",\"breadcrumb\":{\"@id\":\"https:\\\/\\\/www.koonings.com\\\/de\\\/product\\\/rembo-styling-cala-luna-1\\\/#breadcrumb\"},\"inLanguage\":\"de\",\"potentialAction\":[{\"@type\":\"ReadAction\",\"target\":[\"https:\\\/\\\/www.koonings.com\\\/de\\\/product\\\/rembo-styling-cala-luna-1\\\/\"]}]},{\"@type\":\"ImageObject\",\"inLanguage\":\"de\",\"@id\":\"https:\\\/\\\/www.koonings.com\\\/de\\\/product\\\/rembo-styling-cala-luna-1\\\/#primaryimage\",\"url\":\"https:\\\/\\\/www.koonings.com\\\/wp-content\\\/uploads\\\/2024\\\/11\\\/41265_be1789996165087d903b47a8ed4ffa6f6f5af23588f9e5953e5d4344bb0df7601db9f9da-scaled.jpeg\",\"contentUrl\":\"https:\\\/\\\/www.koonings.com\\\/wp-content\\\/uploads\\\/2024\\\/11\\\/41265_be1789996165087d903b47a8ed4ffa6f6f5af23588f9e5953e5d4344bb0df7601db9f9da-scaled.jpeg\",\"width\":1813,\"height\":2560},{\"@type\":\"BreadcrumbList\",\"@id\":\"https:\\\/\\\/www.koonings.com\\\/de\\\/product\\\/rembo-styling-cala-luna-1\\\/#breadcrumb\",\"itemListElement\":[{\"@type\":\"ListItem\",\"position\":1,\"name\":\"Home\",\"item\":\"https:\\\/\\\/www.koonings.com\\\/de\\\/\"},{\"@type\":\"ListItem\",\"position\":2,\"name\":\"Rembo Styling Cala luna\\\/1\"}]},{\"@type\":\"WebSite\",\"@id\":\"https:\\\/\\\/www.koonings.com\\\/de\\\/#website\",\"url\":\"https:\\\/\\\/www.koonings.com\\\/de\\\/\",\"name\":\"Koonings\",\"description\":\"De grootste bruidsmodewinkel ter wereld\",\"publisher\":{\"@id\":\"https:\\\/\\\/www.koonings.com\\\/de\\\/#organization\"},\"potentialAction\":[{\"@type\":\"SearchAction\",\"target\":{\"@type\":\"EntryPoint\",\"urlTemplate\":\"https:\\\/\\\/www.koonings.com\\\/de\\\/?s={search_term_string}\"},\"query-input\":{\"@type\":\"PropertyValueSpecification\",\"valueRequired\":true,\"valueName\":\"search_term_string\"}}],\"inLanguage\":\"de\"},{\"@type\":\"Organization\",\"@id\":\"https:\\\/\\\/www.koonings.com\\\/de\\\/#organization\",\"name\":\"Koonings\",\"url\":\"https:\\\/\\\/www.koonings.com\\\/de\\\/\",\"logo\":{\"@type\":\"ImageObject\",\"inLanguage\":\"de\",\"@id\":\"https:\\\/\\\/www.koonings.com\\\/de\\\/#\\\/schema\\\/logo\\\/image\\\/\",\"url\":\"https:\\\/\\\/www.koonings.com\\\/wp-content\\\/uploads\\\/2024\\\/07\\\/logo.png\",\"contentUrl\":\"https:\\\/\\\/www.koonings.com\\\/wp-content\\\/uploads\\\/2024\\\/07\\\/logo.png\",\"width\":600,\"height\":428,\"caption\":\"Koonings\"},\"image\":{\"@id\":\"https:\\\/\\\/www.koonings.com\\\/de\\\/#\\\/schema\\\/logo\\\/image\\\/\"},\"sameAs\":[\"https:\\\/\\\/www.facebook.com\\\/kooningstheweddingpalace\",\"https:\\\/\\\/www.instagram.com\\\/kooningstheweddingpalace\",\"https:\\\/\\\/www.pinterest.com\\\/koonings\",\"https:\\\/\\\/www.youtube.com\\\/kooningstheweddingpalace\"]}]}<\/script>\n<!-- \/ Yoast SEO plugin. -->","yoast_head_json":{"title":"Rembo Styling Cala luna\/1 | Koonings","description":"Ein leichtes und feminines Hochzeitskleid! Cala Luna hat einen Neckholder-Ausschnitt mit d\u00fcnnen Spaghetti-Tr\u00e4gern und einen offenen R\u00fccken. Das Oberteil besteht aus elfenbeinfarbener, geometrischer Stickerei mit beigem T\u00fcll darunter. Um die Taille herum befindet sich ein besticktes Band mit einem anderen Muster als das Oberteil. Der Rock ist aus Cr\u00eape mit einer get\u00e4felten Chiffonschicht gefertigt. Er hat einen Seitenschlitz und einen Slip.","robots":{"index":"index","follow":"follow","max-snippet":"max-snippet:-1","max-image-preview":"max-image-preview:large","max-video-preview":"max-video-preview:-1"},"canonical":"https:\/\/www.koonings.com\/de\/product\/rembo-styling-cala-luna-1\/","og_locale":"de_DE","og_type":"article","og_title":"Rembo Styling Cala luna\/1 | Koonings","og_description":"Ein leichtes und feminines Hochzeitskleid! Cala Luna hat einen Neckholder-Ausschnitt mit d\u00fcnnen Spaghetti-Tr\u00e4gern und einen offenen R\u00fccken. Das Oberteil besteht aus elfenbeinfarbener, geometrischer Stickerei mit beigem T\u00fcll darunter. Um die Taille herum befindet sich ein besticktes Band mit einem anderen Muster als das Oberteil. Der Rock ist aus Cr\u00eape mit einer get\u00e4felten Chiffonschicht gefertigt. Er hat einen Seitenschlitz und einen Slip.","og_url":"https:\/\/www.koonings.com\/de\/product\/rembo-styling-cala-luna-1\/","og_site_name":"Koonings","article_publisher":"https:\/\/www.facebook.com\/kooningstheweddingpalace","og_image":[{"width":1813,"height":2560,"url":"https:\/\/www.koonings.com\/wp-content\/uploads\/2024\/11\/41265_be1789996165087d903b47a8ed4ffa6f6f5af23588f9e5953e5d4344bb0df7601db9f9da-scaled.jpeg","type":"image\/jpeg"}],"twitter_card":"summary_large_image","schema":{"@context":"https:\/\/schema.org","@graph":[{"@type":"WebPage","@id":"https:\/\/www.koonings.com\/de\/product\/rembo-styling-cala-luna-1\/","url":"https:\/\/www.koonings.com\/de\/product\/rembo-styling-cala-luna-1\/","name":"Rembo Styling Cala luna\/1 | Koonings","isPartOf":{"@id":"https:\/\/www.koonings.com\/de\/#website"},"primaryImageOfPage":{"@id":"https:\/\/www.koonings.com\/de\/product\/rembo-styling-cala-luna-1\/#primaryimage"},"image":{"@id":"https:\/\/www.koonings.com\/de\/product\/rembo-styling-cala-luna-1\/#primaryimage"},"thumbnailUrl":"https:\/\/www.koonings.com\/wp-content\/uploads\/2024\/11\/41265_be1789996165087d903b47a8ed4ffa6f6f5af23588f9e5953e5d4344bb0df7601db9f9da-scaled.jpeg","datePublished":"2026-04-21T16:28:31+00:00","description":"Ein leichtes und feminines Hochzeitskleid! Cala Luna hat einen Neckholder-Ausschnitt mit d\u00fcnnen Spaghetti-Tr\u00e4gern und einen offenen R\u00fccken. Das Oberteil besteht aus elfenbeinfarbener, geometrischer Stickerei mit beigem T\u00fcll darunter. Um die Taille herum befindet sich ein besticktes Band mit einem anderen Muster als das Oberteil. Der Rock ist aus Cr\u00eape mit einer get\u00e4felten Chiffonschicht gefertigt. Er hat einen Seitenschlitz und einen Slip.","breadcrumb":{"@id":"https:\/\/www.koonings.com\/de\/product\/rembo-styling-cala-luna-1\/#breadcrumb"},"inLanguage":"de","potentialAction":[{"@type":"ReadAction","target":["https:\/\/www.koonings.com\/de\/product\/rembo-styling-cala-luna-1\/"]}]},{"@type":"ImageObject","inLanguage":"de","@id":"https:\/\/www.koonings.com\/de\/product\/rembo-styling-cala-luna-1\/#primaryimage","url":"https:\/\/www.koonings.com\/wp-content\/uploads\/2024\/11\/41265_be1789996165087d903b47a8ed4ffa6f6f5af23588f9e5953e5d4344bb0df7601db9f9da-scaled.jpeg","contentUrl":"https:\/\/www.koonings.com\/wp-content\/uploads\/2024\/11\/41265_be1789996165087d903b47a8ed4ffa6f6f5af23588f9e5953e5d4344bb0df7601db9f9da-scaled.jpeg","width":1813,"height":2560},{"@type":"BreadcrumbList","@id":"https:\/\/www.koonings.com\/de\/product\/rembo-styling-cala-luna-1\/#breadcrumb","itemListElement":[{"@type":"ListItem","position":1,"name":"Home","item":"https:\/\/www.koonings.com\/de\/"},{"@type":"ListItem","position":2,"name":"Rembo Styling Cala luna\/1"}]},{"@type":"WebSite","@id":"https:\/\/www.koonings.com\/de\/#website","url":"https:\/\/www.koonings.com\/de\/","name":"Koonings","description":"De grootste bruidsmodewinkel ter wereld","publisher":{"@id":"https:\/\/www.koonings.com\/de\/#organization"},"potentialAction":[{"@type":"SearchAction","target":{"@type":"EntryPoint","urlTemplate":"https:\/\/www.koonings.com\/de\/?s={search_term_string}"},"query-input":{"@type":"PropertyValueSpecification","valueRequired":true,"valueName":"search_term_string"}}],"inLanguage":"de"},{"@type":"Organization","@id":"https:\/\/www.koonings.com\/de\/#organization","name":"Koonings","url":"https:\/\/www.koonings.com\/de\/","logo":{"@type":"ImageObject","inLanguage":"de","@id":"https:\/\/www.koonings.com\/de\/#\/schema\/logo\/image\/","url":"https:\/\/www.koonings.com\/wp-content\/uploads\/2024\/07\/logo.png","contentUrl":"https:\/\/www.koonings.com\/wp-content\/uploads\/2024\/07\/logo.png","width":600,"height":428,"caption":"Koonings"},"image":{"@id":"https:\/\/www.koonings.com\/de\/#\/schema\/logo\/image\/"},"sameAs":["https:\/\/www.facebook.com\/kooningstheweddingpalace","https:\/\/www.instagram.com\/kooningstheweddingpalace","https:\/\/www.pinterest.com\/koonings","https:\/\/www.youtube.com\/kooningstheweddingpalace"]}]}},"_links":{"self":[{"href":"https:\/\/www.koonings.com\/de\/wp-json\/wp\/v2\/product\/59462","targetHints":{"allow":["GET"]}}],"collection":[{"href":"https:\/\/www.koonings.com\/de\/wp-json\/wp\/v2\/product"}],"about":[{"href":"https:\/\/www.koonings.com\/de\/wp-json\/wp\/v2\/types\/product"}],"wp:featuredmedia":[{"embeddable":true,"href":"https:\/\/www.koonings.com\/de\/wp-json\/wp\/v2\/media\/51764"}],"wp:attachment":[{"href":"https:\/\/www.koonings.com\/de\/wp-json\/wp\/v2\/media?parent=59462"}],"wp:term":[{"taxonomy":"productdetails","embeddable":true,"href":"https:\/\/www.koonings.com\/de\/wp-json\/wp\/v2\/productdetails?post=59462"},{"taxonomy":"productneck","embeddable":true,"href":"https:\/\/www.koonings.com\/de\/wp-json\/wp\/v2\/productneck?post=59462"},{"taxonomy":"productcolor","embeddable":true,"href":"https:\/\/www.koonings.com\/de\/wp-json\/wp\/v2\/productcolor?post=59462"},{"taxonomy":"maat","embeddable":true,"href":"https:\/\/www.koonings.com\/de\/wp-json\/wp\/v2\/maat?post=59462"},{"taxonomy":"productsupplier","embeddable":true,"href":"https:\/\/www.koonings.com\/de\/wp-json\/wp\/v2\/productsupplier?post=59462"},{"taxonomy":"productsleeve","embeddable":true,"href":"https:\/\/www.koonings.com\/de\/wp-json\/wp\/v2\/productsleeve?post=59462"},{"taxonomy":"productcategory","embeddable":true,"href":"https:\/\/www.koonings.com\/de\/wp-json\/wp\/v2\/productcategory?post=59462"},{"taxonomy":"productsilhouette","embeddable":true,"href":"https:\/\/www.koonings.com\/de\/wp-json\/wp\/v2\/productsilhouette?post=59462"},{"taxonomy":"productstyle","embeddable":true,"href":"https:\/\/www.koonings.com\/de\/wp-json\/wp\/v2\/productstyle?post=59462"}],"curies":[{"name":"wp","href":"https:\/\/api.w.org\/{rel}","templated":true}]}}