{"id":59456,"date":"2025-12-15T00:42:20","date_gmt":"2025-12-14T23:42:20","guid":{"rendered":"https:\/\/www.koonings.com\/product\/rembo-styling-on-the-moon-1\/"},"modified":"2026-02-03T18:54:33","modified_gmt":"2026-02-03T17:54:33","slug":"rembo-styling-on-the-moon-1","status":"publish","type":"product","link":"https:\/\/www.koonings.com\/de\/product\/rembo-styling-on-the-moon-1\/","title":{"rendered":"Rembo Styling Auf dem Mond\/1"},"content":{"rendered":"<p>Ein minimalistisches Design mit einem Hauch von Schimmer! On The Moon ist aus Cr\u00eape mit schimmerndem T\u00fcll gefertigt und mit Pailletten am tief ausgeschnittenen R\u00fccken und an der Taille verziert. Das Oberteil ist \u00e4rmellos und hat einen tiefen Ausschnitt mit einem St\u00fcck durchsichtigem Stoff in der Mitte. Der Rock hat eine A-Linien-Passform mit einem hohen Seitenschlitz und einem Slip.   <\/p>\n","protected":false},"featured_media":51789,"template":"","meta":{"_acf_changed":false,"ghostkit_customizer_options":"","ghostkit_custom_css":"","ghostkit_custom_js_head":"","ghostkit_custom_js_foot":"","ghostkit_typography":""},"productdetails":[381],"productneck":[356],"productcolor":[392],"maat":[],"productsupplier":[414],"productsleeve":[359],"productcategory":[18],"productsilhouette":[384,389],"productstyle":[364],"class_list":["post-59456","product","type-product","status-publish","has-post-thumbnail","hentry","productdetails-381","productneck-356","productcolor-392","productsupplier-rembo-styling","productsleeve-359","productcategory-trouwjurken","productsilhouette-384","productsilhouette-389","productstyle-364"],"acf":[],"yoast_head":"<!-- This site is optimized with the Yoast SEO plugin v27.3 - https:\/\/yoast.com\/product\/yoast-seo-wordpress\/ -->\n<title>Rembo Styling Auf dem Mond\/1 | Koonings<\/title>\n<meta name=\"description\" content=\"Ein minimalistisches Design mit einem Hauch von Schimmer! On The Moon ist aus Cr\u00eape mit schimmerndem T\u00fcll gefertigt und mit Pailletten am tief ausgeschnittenen R\u00fccken und an der Taille verziert. Das Oberteil ist \u00e4rmellos und hat einen tiefen Ausschnitt mit einem St\u00fcck durchsichtigem Stoff in der Mitte. Der Rock hat eine A-Linien-Passform mit einem hohen Seitenschlitz und einem Slip.\" \/>\n<meta name=\"robots\" content=\"index, follow, max-snippet:-1, max-image-preview:large, max-video-preview:-1\" \/>\n<link rel=\"canonical\" href=\"https:\/\/www.koonings.com\/de\/product\/rembo-styling-on-the-moon-1\/\" \/>\n<meta property=\"og:locale\" content=\"de_DE\" \/>\n<meta property=\"og:type\" content=\"article\" \/>\n<meta property=\"og:title\" content=\"Rembo Styling Auf dem Mond\/1 | Koonings\" \/>\n<meta property=\"og:description\" content=\"Ein minimalistisches Design mit einem Hauch von Schimmer! On The Moon ist aus Cr\u00eape mit schimmerndem T\u00fcll gefertigt und mit Pailletten am tief ausgeschnittenen R\u00fccken und an der Taille verziert. Das Oberteil ist \u00e4rmellos und hat einen tiefen Ausschnitt mit einem St\u00fcck durchsichtigem Stoff in der Mitte. Der Rock hat eine A-Linien-Passform mit einem hohen Seitenschlitz und einem Slip.\" \/>\n<meta property=\"og:url\" content=\"https:\/\/www.koonings.com\/de\/product\/rembo-styling-on-the-moon-1\/\" \/>\n<meta property=\"og:site_name\" content=\"Koonings\" \/>\n<meta property=\"article:publisher\" content=\"https:\/\/www.facebook.com\/kooningstheweddingpalace\" \/>\n<meta property=\"article:modified_time\" content=\"2026-02-03T17:54:33+00:00\" \/>\n<meta property=\"og:image\" content=\"https:\/\/www.koonings.com\/wp-content\/uploads\/2024\/11\/41266_ad7d70c5022dcab032906e7e7657e28240a7bc3abaf30cd7dc8524b3d4117bc2329df476-scaled.jpeg\" \/>\n\t<meta property=\"og:image:width\" content=\"1816\" \/>\n\t<meta property=\"og:image:height\" content=\"2560\" \/>\n\t<meta property=\"og:image:type\" content=\"image\/jpeg\" \/>\n<meta name=\"twitter:card\" content=\"summary_large_image\" \/>\n<script type=\"application\/ld+json\" class=\"yoast-schema-graph\">{\"@context\":\"https:\\\/\\\/schema.org\",\"@graph\":[{\"@type\":\"WebPage\",\"@id\":\"https:\\\/\\\/www.koonings.com\\\/de\\\/product\\\/rembo-styling-on-the-moon-1\\\/\",\"url\":\"https:\\\/\\\/www.koonings.com\\\/de\\\/product\\\/rembo-styling-on-the-moon-1\\\/\",\"name\":\"Rembo Styling Auf dem Mond\\\/1 | Koonings\",\"isPartOf\":{\"@id\":\"https:\\\/\\\/www.koonings.com\\\/de\\\/#website\"},\"primaryImageOfPage\":{\"@id\":\"https:\\\/\\\/www.koonings.com\\\/de\\\/product\\\/rembo-styling-on-the-moon-1\\\/#primaryimage\"},\"image\":{\"@id\":\"https:\\\/\\\/www.koonings.com\\\/de\\\/product\\\/rembo-styling-on-the-moon-1\\\/#primaryimage\"},\"thumbnailUrl\":\"https:\\\/\\\/www.koonings.com\\\/wp-content\\\/uploads\\\/2024\\\/11\\\/41266_ad7d70c5022dcab032906e7e7657e28240a7bc3abaf30cd7dc8524b3d4117bc2329df476-scaled.jpeg\",\"datePublished\":\"2025-12-14T23:42:20+00:00\",\"dateModified\":\"2026-02-03T17:54:33+00:00\",\"description\":\"Ein minimalistisches Design mit einem Hauch von Schimmer! On The Moon ist aus Cr\u00eape mit schimmerndem T\u00fcll gefertigt und mit Pailletten am tief ausgeschnittenen R\u00fccken und an der Taille verziert. Das Oberteil ist \u00e4rmellos und hat einen tiefen Ausschnitt mit einem St\u00fcck durchsichtigem Stoff in der Mitte. Der Rock hat eine A-Linien-Passform mit einem hohen Seitenschlitz und einem Slip.\",\"breadcrumb\":{\"@id\":\"https:\\\/\\\/www.koonings.com\\\/de\\\/product\\\/rembo-styling-on-the-moon-1\\\/#breadcrumb\"},\"inLanguage\":\"de\",\"potentialAction\":[{\"@type\":\"ReadAction\",\"target\":[\"https:\\\/\\\/www.koonings.com\\\/de\\\/product\\\/rembo-styling-on-the-moon-1\\\/\"]}]},{\"@type\":\"ImageObject\",\"inLanguage\":\"de\",\"@id\":\"https:\\\/\\\/www.koonings.com\\\/de\\\/product\\\/rembo-styling-on-the-moon-1\\\/#primaryimage\",\"url\":\"https:\\\/\\\/www.koonings.com\\\/wp-content\\\/uploads\\\/2024\\\/11\\\/41266_ad7d70c5022dcab032906e7e7657e28240a7bc3abaf30cd7dc8524b3d4117bc2329df476-scaled.jpeg\",\"contentUrl\":\"https:\\\/\\\/www.koonings.com\\\/wp-content\\\/uploads\\\/2024\\\/11\\\/41266_ad7d70c5022dcab032906e7e7657e28240a7bc3abaf30cd7dc8524b3d4117bc2329df476-scaled.jpeg\",\"width\":1816,\"height\":2560},{\"@type\":\"BreadcrumbList\",\"@id\":\"https:\\\/\\\/www.koonings.com\\\/de\\\/product\\\/rembo-styling-on-the-moon-1\\\/#breadcrumb\",\"itemListElement\":[{\"@type\":\"ListItem\",\"position\":1,\"name\":\"Home\",\"item\":\"https:\\\/\\\/www.koonings.com\\\/de\\\/\"},{\"@type\":\"ListItem\",\"position\":2,\"name\":\"Rembo Styling Auf dem Mond\\\/1\"}]},{\"@type\":\"WebSite\",\"@id\":\"https:\\\/\\\/www.koonings.com\\\/de\\\/#website\",\"url\":\"https:\\\/\\\/www.koonings.com\\\/de\\\/\",\"name\":\"Koonings\",\"description\":\"De grootste bruidsmodewinkel ter wereld\",\"publisher\":{\"@id\":\"https:\\\/\\\/www.koonings.com\\\/de\\\/#organization\"},\"potentialAction\":[{\"@type\":\"SearchAction\",\"target\":{\"@type\":\"EntryPoint\",\"urlTemplate\":\"https:\\\/\\\/www.koonings.com\\\/de\\\/?s={search_term_string}\"},\"query-input\":{\"@type\":\"PropertyValueSpecification\",\"valueRequired\":true,\"valueName\":\"search_term_string\"}}],\"inLanguage\":\"de\"},{\"@type\":\"Organization\",\"@id\":\"https:\\\/\\\/www.koonings.com\\\/de\\\/#organization\",\"name\":\"Koonings\",\"url\":\"https:\\\/\\\/www.koonings.com\\\/de\\\/\",\"logo\":{\"@type\":\"ImageObject\",\"inLanguage\":\"de\",\"@id\":\"https:\\\/\\\/www.koonings.com\\\/de\\\/#\\\/schema\\\/logo\\\/image\\\/\",\"url\":\"https:\\\/\\\/www.koonings.com\\\/wp-content\\\/uploads\\\/2024\\\/07\\\/logo.png\",\"contentUrl\":\"https:\\\/\\\/www.koonings.com\\\/wp-content\\\/uploads\\\/2024\\\/07\\\/logo.png\",\"width\":600,\"height\":428,\"caption\":\"Koonings\"},\"image\":{\"@id\":\"https:\\\/\\\/www.koonings.com\\\/de\\\/#\\\/schema\\\/logo\\\/image\\\/\"},\"sameAs\":[\"https:\\\/\\\/www.facebook.com\\\/kooningstheweddingpalace\",\"https:\\\/\\\/www.instagram.com\\\/kooningstheweddingpalace\",\"https:\\\/\\\/www.pinterest.com\\\/koonings\",\"https:\\\/\\\/www.youtube.com\\\/kooningstheweddingpalace\"]}]}<\/script>\n<!-- \/ Yoast SEO plugin. -->","yoast_head_json":{"title":"Rembo Styling Auf dem Mond\/1 | Koonings","description":"Ein minimalistisches Design mit einem Hauch von Schimmer! On The Moon ist aus Cr\u00eape mit schimmerndem T\u00fcll gefertigt und mit Pailletten am tief ausgeschnittenen R\u00fccken und an der Taille verziert. Das Oberteil ist \u00e4rmellos und hat einen tiefen Ausschnitt mit einem St\u00fcck durchsichtigem Stoff in der Mitte. Der Rock hat eine A-Linien-Passform mit einem hohen Seitenschlitz und einem Slip.","robots":{"index":"index","follow":"follow","max-snippet":"max-snippet:-1","max-image-preview":"max-image-preview:large","max-video-preview":"max-video-preview:-1"},"canonical":"https:\/\/www.koonings.com\/de\/product\/rembo-styling-on-the-moon-1\/","og_locale":"de_DE","og_type":"article","og_title":"Rembo Styling Auf dem Mond\/1 | Koonings","og_description":"Ein minimalistisches Design mit einem Hauch von Schimmer! On The Moon ist aus Cr\u00eape mit schimmerndem T\u00fcll gefertigt und mit Pailletten am tief ausgeschnittenen R\u00fccken und an der Taille verziert. Das Oberteil ist \u00e4rmellos und hat einen tiefen Ausschnitt mit einem St\u00fcck durchsichtigem Stoff in der Mitte. Der Rock hat eine A-Linien-Passform mit einem hohen Seitenschlitz und einem Slip.","og_url":"https:\/\/www.koonings.com\/de\/product\/rembo-styling-on-the-moon-1\/","og_site_name":"Koonings","article_publisher":"https:\/\/www.facebook.com\/kooningstheweddingpalace","article_modified_time":"2026-02-03T17:54:33+00:00","og_image":[{"width":1816,"height":2560,"url":"https:\/\/www.koonings.com\/wp-content\/uploads\/2024\/11\/41266_ad7d70c5022dcab032906e7e7657e28240a7bc3abaf30cd7dc8524b3d4117bc2329df476-scaled.jpeg","type":"image\/jpeg"}],"twitter_card":"summary_large_image","schema":{"@context":"https:\/\/schema.org","@graph":[{"@type":"WebPage","@id":"https:\/\/www.koonings.com\/de\/product\/rembo-styling-on-the-moon-1\/","url":"https:\/\/www.koonings.com\/de\/product\/rembo-styling-on-the-moon-1\/","name":"Rembo Styling Auf dem Mond\/1 | Koonings","isPartOf":{"@id":"https:\/\/www.koonings.com\/de\/#website"},"primaryImageOfPage":{"@id":"https:\/\/www.koonings.com\/de\/product\/rembo-styling-on-the-moon-1\/#primaryimage"},"image":{"@id":"https:\/\/www.koonings.com\/de\/product\/rembo-styling-on-the-moon-1\/#primaryimage"},"thumbnailUrl":"https:\/\/www.koonings.com\/wp-content\/uploads\/2024\/11\/41266_ad7d70c5022dcab032906e7e7657e28240a7bc3abaf30cd7dc8524b3d4117bc2329df476-scaled.jpeg","datePublished":"2025-12-14T23:42:20+00:00","dateModified":"2026-02-03T17:54:33+00:00","description":"Ein minimalistisches Design mit einem Hauch von Schimmer! On The Moon ist aus Cr\u00eape mit schimmerndem T\u00fcll gefertigt und mit Pailletten am tief ausgeschnittenen R\u00fccken und an der Taille verziert. Das Oberteil ist \u00e4rmellos und hat einen tiefen Ausschnitt mit einem St\u00fcck durchsichtigem Stoff in der Mitte. Der Rock hat eine A-Linien-Passform mit einem hohen Seitenschlitz und einem Slip.","breadcrumb":{"@id":"https:\/\/www.koonings.com\/de\/product\/rembo-styling-on-the-moon-1\/#breadcrumb"},"inLanguage":"de","potentialAction":[{"@type":"ReadAction","target":["https:\/\/www.koonings.com\/de\/product\/rembo-styling-on-the-moon-1\/"]}]},{"@type":"ImageObject","inLanguage":"de","@id":"https:\/\/www.koonings.com\/de\/product\/rembo-styling-on-the-moon-1\/#primaryimage","url":"https:\/\/www.koonings.com\/wp-content\/uploads\/2024\/11\/41266_ad7d70c5022dcab032906e7e7657e28240a7bc3abaf30cd7dc8524b3d4117bc2329df476-scaled.jpeg","contentUrl":"https:\/\/www.koonings.com\/wp-content\/uploads\/2024\/11\/41266_ad7d70c5022dcab032906e7e7657e28240a7bc3abaf30cd7dc8524b3d4117bc2329df476-scaled.jpeg","width":1816,"height":2560},{"@type":"BreadcrumbList","@id":"https:\/\/www.koonings.com\/de\/product\/rembo-styling-on-the-moon-1\/#breadcrumb","itemListElement":[{"@type":"ListItem","position":1,"name":"Home","item":"https:\/\/www.koonings.com\/de\/"},{"@type":"ListItem","position":2,"name":"Rembo Styling Auf dem Mond\/1"}]},{"@type":"WebSite","@id":"https:\/\/www.koonings.com\/de\/#website","url":"https:\/\/www.koonings.com\/de\/","name":"Koonings","description":"De grootste bruidsmodewinkel ter wereld","publisher":{"@id":"https:\/\/www.koonings.com\/de\/#organization"},"potentialAction":[{"@type":"SearchAction","target":{"@type":"EntryPoint","urlTemplate":"https:\/\/www.koonings.com\/de\/?s={search_term_string}"},"query-input":{"@type":"PropertyValueSpecification","valueRequired":true,"valueName":"search_term_string"}}],"inLanguage":"de"},{"@type":"Organization","@id":"https:\/\/www.koonings.com\/de\/#organization","name":"Koonings","url":"https:\/\/www.koonings.com\/de\/","logo":{"@type":"ImageObject","inLanguage":"de","@id":"https:\/\/www.koonings.com\/de\/#\/schema\/logo\/image\/","url":"https:\/\/www.koonings.com\/wp-content\/uploads\/2024\/07\/logo.png","contentUrl":"https:\/\/www.koonings.com\/wp-content\/uploads\/2024\/07\/logo.png","width":600,"height":428,"caption":"Koonings"},"image":{"@id":"https:\/\/www.koonings.com\/de\/#\/schema\/logo\/image\/"},"sameAs":["https:\/\/www.facebook.com\/kooningstheweddingpalace","https:\/\/www.instagram.com\/kooningstheweddingpalace","https:\/\/www.pinterest.com\/koonings","https:\/\/www.youtube.com\/kooningstheweddingpalace"]}]}},"_links":{"self":[{"href":"https:\/\/www.koonings.com\/de\/wp-json\/wp\/v2\/product\/59456","targetHints":{"allow":["GET"]}}],"collection":[{"href":"https:\/\/www.koonings.com\/de\/wp-json\/wp\/v2\/product"}],"about":[{"href":"https:\/\/www.koonings.com\/de\/wp-json\/wp\/v2\/types\/product"}],"wp:featuredmedia":[{"embeddable":true,"href":"https:\/\/www.koonings.com\/de\/wp-json\/wp\/v2\/media\/51789"}],"wp:attachment":[{"href":"https:\/\/www.koonings.com\/de\/wp-json\/wp\/v2\/media?parent=59456"}],"wp:term":[{"taxonomy":"productdetails","embeddable":true,"href":"https:\/\/www.koonings.com\/de\/wp-json\/wp\/v2\/productdetails?post=59456"},{"taxonomy":"productneck","embeddable":true,"href":"https:\/\/www.koonings.com\/de\/wp-json\/wp\/v2\/productneck?post=59456"},{"taxonomy":"productcolor","embeddable":true,"href":"https:\/\/www.koonings.com\/de\/wp-json\/wp\/v2\/productcolor?post=59456"},{"taxonomy":"maat","embeddable":true,"href":"https:\/\/www.koonings.com\/de\/wp-json\/wp\/v2\/maat?post=59456"},{"taxonomy":"productsupplier","embeddable":true,"href":"https:\/\/www.koonings.com\/de\/wp-json\/wp\/v2\/productsupplier?post=59456"},{"taxonomy":"productsleeve","embeddable":true,"href":"https:\/\/www.koonings.com\/de\/wp-json\/wp\/v2\/productsleeve?post=59456"},{"taxonomy":"productcategory","embeddable":true,"href":"https:\/\/www.koonings.com\/de\/wp-json\/wp\/v2\/productcategory?post=59456"},{"taxonomy":"productsilhouette","embeddable":true,"href":"https:\/\/www.koonings.com\/de\/wp-json\/wp\/v2\/productsilhouette?post=59456"},{"taxonomy":"productstyle","embeddable":true,"href":"https:\/\/www.koonings.com\/de\/wp-json\/wp\/v2\/productstyle?post=59456"}],"curies":[{"name":"wp","href":"https:\/\/api.w.org\/{rel}","templated":true}]}}