{"id":59453,"date":"2026-04-28T18:26:50","date_gmt":"2026-04-28T16:26:50","guid":{"rendered":"https:\/\/www.koonings.com\/product\/rembo-styling-la-maddalena-1\/"},"modified":"2026-02-16T14:42:57","modified_gmt":"2026-02-16T13:42:57","slug":"rembo-styling-la-maddalena-1","status":"publish","type":"product","link":"https:\/\/www.koonings.com\/de\/product\/rembo-styling-la-maddalena-1\/","title":{"rendered":"Rembo Styling La Maddalena\/1"},"content":{"rendered":"<p>La Maddalena ist ein einzigartiges, vollst\u00e4ndig besticktes Hochzeitskleid. Das \u00e4rmellose Oberteil hat beigen T\u00fcll unter den elfenbeinfarbenen Stickereibl\u00e4ttern. Es hat einen tiefen Ausschnitt und einen offenen V-R\u00fccken. Der Rock ist aus Krepp mit einer oberen Schicht aus besticktem T\u00fcll und einer Schleppe.   <\/p>\n","protected":false},"featured_media":51851,"template":"","meta":{"_acf_changed":false,"ghostkit_customizer_options":"","ghostkit_custom_css":"","ghostkit_custom_js_head":"","ghostkit_custom_js_foot":"","ghostkit_typography":""},"productdetails":[],"productneck":[356],"productcolor":[392],"maat":[],"productsupplier":[414],"productsleeve":[359],"productcategory":[18],"productsilhouette":[389],"productstyle":[364],"class_list":["post-59453","product","type-product","status-publish","has-post-thumbnail","hentry","productneck-356","productcolor-392","productsupplier-rembo-styling","productsleeve-359","productcategory-trouwjurken","productsilhouette-389","productstyle-364"],"acf":[],"yoast_head":"<!-- This site is optimized with the Yoast SEO plugin v27.3 - https:\/\/yoast.com\/product\/yoast-seo-wordpress\/ -->\n<title>Rembo Styling La Maddalena\/1 | Koonings<\/title>\n<meta name=\"description\" content=\"La Maddalena ist ein einzigartiges, vollst\u00e4ndig besticktes Hochzeitskleid. Das \u00e4rmellose Oberteil hat beigen T\u00fcll unter den elfenbeinfarbenen Stickereibl\u00e4ttern. Es hat einen tiefen Ausschnitt und einen offenen V-R\u00fccken. Der Rock ist aus Krepp mit einer oberen Schicht aus besticktem T\u00fcll und einer Schleppe.\" \/>\n<meta name=\"robots\" content=\"index, follow, max-snippet:-1, max-image-preview:large, max-video-preview:-1\" \/>\n<link rel=\"canonical\" href=\"https:\/\/www.koonings.com\/de\/product\/rembo-styling-la-maddalena-1\/\" \/>\n<meta property=\"og:locale\" content=\"de_DE\" \/>\n<meta property=\"og:type\" content=\"article\" \/>\n<meta property=\"og:title\" content=\"Rembo Styling La Maddalena\/1 | Koonings\" \/>\n<meta property=\"og:description\" content=\"La Maddalena ist ein einzigartiges, vollst\u00e4ndig besticktes Hochzeitskleid. Das \u00e4rmellose Oberteil hat beigen T\u00fcll unter den elfenbeinfarbenen Stickereibl\u00e4ttern. Es hat einen tiefen Ausschnitt und einen offenen V-R\u00fccken. Der Rock ist aus Krepp mit einer oberen Schicht aus besticktem T\u00fcll und einer Schleppe.\" \/>\n<meta property=\"og:url\" content=\"https:\/\/www.koonings.com\/de\/product\/rembo-styling-la-maddalena-1\/\" \/>\n<meta property=\"og:site_name\" content=\"Koonings\" \/>\n<meta property=\"article:publisher\" content=\"https:\/\/www.facebook.com\/kooningstheweddingpalace\" \/>\n<meta property=\"og:image\" content=\"https:\/\/www.koonings.com\/wp-content\/uploads\/2024\/11\/41268_02445f4e01986ef9d6286d8a74f033762b9273f9f6924c31e23a243121388f5259f940c4-scaled.jpeg\" \/>\n\t<meta property=\"og:image:width\" content=\"1813\" \/>\n\t<meta property=\"og:image:height\" content=\"2560\" \/>\n\t<meta property=\"og:image:type\" content=\"image\/jpeg\" \/>\n<meta name=\"twitter:card\" content=\"summary_large_image\" \/>\n<script type=\"application\/ld+json\" class=\"yoast-schema-graph\">{\"@context\":\"https:\\\/\\\/schema.org\",\"@graph\":[{\"@type\":\"WebPage\",\"@id\":\"https:\\\/\\\/www.koonings.com\\\/de\\\/product\\\/rembo-styling-la-maddalena-1\\\/\",\"url\":\"https:\\\/\\\/www.koonings.com\\\/de\\\/product\\\/rembo-styling-la-maddalena-1\\\/\",\"name\":\"Rembo Styling La Maddalena\\\/1 | Koonings\",\"isPartOf\":{\"@id\":\"https:\\\/\\\/www.koonings.com\\\/de\\\/#website\"},\"primaryImageOfPage\":{\"@id\":\"https:\\\/\\\/www.koonings.com\\\/de\\\/product\\\/rembo-styling-la-maddalena-1\\\/#primaryimage\"},\"image\":{\"@id\":\"https:\\\/\\\/www.koonings.com\\\/de\\\/product\\\/rembo-styling-la-maddalena-1\\\/#primaryimage\"},\"thumbnailUrl\":\"https:\\\/\\\/www.koonings.com\\\/wp-content\\\/uploads\\\/2024\\\/11\\\/41268_02445f4e01986ef9d6286d8a74f033762b9273f9f6924c31e23a243121388f5259f940c4-scaled.jpeg\",\"datePublished\":\"2026-04-28T16:26:50+00:00\",\"description\":\"La Maddalena ist ein einzigartiges, vollst\u00e4ndig besticktes Hochzeitskleid. Das \u00e4rmellose Oberteil hat beigen T\u00fcll unter den elfenbeinfarbenen Stickereibl\u00e4ttern. Es hat einen tiefen Ausschnitt und einen offenen V-R\u00fccken. Der Rock ist aus Krepp mit einer oberen Schicht aus besticktem T\u00fcll und einer Schleppe.\",\"breadcrumb\":{\"@id\":\"https:\\\/\\\/www.koonings.com\\\/de\\\/product\\\/rembo-styling-la-maddalena-1\\\/#breadcrumb\"},\"inLanguage\":\"de\",\"potentialAction\":[{\"@type\":\"ReadAction\",\"target\":[\"https:\\\/\\\/www.koonings.com\\\/de\\\/product\\\/rembo-styling-la-maddalena-1\\\/\"]}]},{\"@type\":\"ImageObject\",\"inLanguage\":\"de\",\"@id\":\"https:\\\/\\\/www.koonings.com\\\/de\\\/product\\\/rembo-styling-la-maddalena-1\\\/#primaryimage\",\"url\":\"https:\\\/\\\/www.koonings.com\\\/wp-content\\\/uploads\\\/2024\\\/11\\\/41268_02445f4e01986ef9d6286d8a74f033762b9273f9f6924c31e23a243121388f5259f940c4-scaled.jpeg\",\"contentUrl\":\"https:\\\/\\\/www.koonings.com\\\/wp-content\\\/uploads\\\/2024\\\/11\\\/41268_02445f4e01986ef9d6286d8a74f033762b9273f9f6924c31e23a243121388f5259f940c4-scaled.jpeg\",\"width\":1813,\"height\":2560},{\"@type\":\"BreadcrumbList\",\"@id\":\"https:\\\/\\\/www.koonings.com\\\/de\\\/product\\\/rembo-styling-la-maddalena-1\\\/#breadcrumb\",\"itemListElement\":[{\"@type\":\"ListItem\",\"position\":1,\"name\":\"Home\",\"item\":\"https:\\\/\\\/www.koonings.com\\\/de\\\/\"},{\"@type\":\"ListItem\",\"position\":2,\"name\":\"Rembo Styling La Maddalena\\\/1\"}]},{\"@type\":\"WebSite\",\"@id\":\"https:\\\/\\\/www.koonings.com\\\/de\\\/#website\",\"url\":\"https:\\\/\\\/www.koonings.com\\\/de\\\/\",\"name\":\"Koonings\",\"description\":\"De grootste bruidsmodewinkel ter wereld\",\"publisher\":{\"@id\":\"https:\\\/\\\/www.koonings.com\\\/de\\\/#organization\"},\"potentialAction\":[{\"@type\":\"SearchAction\",\"target\":{\"@type\":\"EntryPoint\",\"urlTemplate\":\"https:\\\/\\\/www.koonings.com\\\/de\\\/?s={search_term_string}\"},\"query-input\":{\"@type\":\"PropertyValueSpecification\",\"valueRequired\":true,\"valueName\":\"search_term_string\"}}],\"inLanguage\":\"de\"},{\"@type\":\"Organization\",\"@id\":\"https:\\\/\\\/www.koonings.com\\\/de\\\/#organization\",\"name\":\"Koonings\",\"url\":\"https:\\\/\\\/www.koonings.com\\\/de\\\/\",\"logo\":{\"@type\":\"ImageObject\",\"inLanguage\":\"de\",\"@id\":\"https:\\\/\\\/www.koonings.com\\\/de\\\/#\\\/schema\\\/logo\\\/image\\\/\",\"url\":\"https:\\\/\\\/www.koonings.com\\\/wp-content\\\/uploads\\\/2024\\\/07\\\/logo.png\",\"contentUrl\":\"https:\\\/\\\/www.koonings.com\\\/wp-content\\\/uploads\\\/2024\\\/07\\\/logo.png\",\"width\":600,\"height\":428,\"caption\":\"Koonings\"},\"image\":{\"@id\":\"https:\\\/\\\/www.koonings.com\\\/de\\\/#\\\/schema\\\/logo\\\/image\\\/\"},\"sameAs\":[\"https:\\\/\\\/www.facebook.com\\\/kooningstheweddingpalace\",\"https:\\\/\\\/www.instagram.com\\\/kooningstheweddingpalace\",\"https:\\\/\\\/www.pinterest.com\\\/koonings\",\"https:\\\/\\\/www.youtube.com\\\/kooningstheweddingpalace\"]}]}<\/script>\n<!-- \/ Yoast SEO plugin. -->","yoast_head_json":{"title":"Rembo Styling La Maddalena\/1 | Koonings","description":"La Maddalena ist ein einzigartiges, vollst\u00e4ndig besticktes Hochzeitskleid. Das \u00e4rmellose Oberteil hat beigen T\u00fcll unter den elfenbeinfarbenen Stickereibl\u00e4ttern. Es hat einen tiefen Ausschnitt und einen offenen V-R\u00fccken. Der Rock ist aus Krepp mit einer oberen Schicht aus besticktem T\u00fcll und einer Schleppe.","robots":{"index":"index","follow":"follow","max-snippet":"max-snippet:-1","max-image-preview":"max-image-preview:large","max-video-preview":"max-video-preview:-1"},"canonical":"https:\/\/www.koonings.com\/de\/product\/rembo-styling-la-maddalena-1\/","og_locale":"de_DE","og_type":"article","og_title":"Rembo Styling La Maddalena\/1 | Koonings","og_description":"La Maddalena ist ein einzigartiges, vollst\u00e4ndig besticktes Hochzeitskleid. Das \u00e4rmellose Oberteil hat beigen T\u00fcll unter den elfenbeinfarbenen Stickereibl\u00e4ttern. Es hat einen tiefen Ausschnitt und einen offenen V-R\u00fccken. Der Rock ist aus Krepp mit einer oberen Schicht aus besticktem T\u00fcll und einer Schleppe.","og_url":"https:\/\/www.koonings.com\/de\/product\/rembo-styling-la-maddalena-1\/","og_site_name":"Koonings","article_publisher":"https:\/\/www.facebook.com\/kooningstheweddingpalace","og_image":[{"width":1813,"height":2560,"url":"https:\/\/www.koonings.com\/wp-content\/uploads\/2024\/11\/41268_02445f4e01986ef9d6286d8a74f033762b9273f9f6924c31e23a243121388f5259f940c4-scaled.jpeg","type":"image\/jpeg"}],"twitter_card":"summary_large_image","schema":{"@context":"https:\/\/schema.org","@graph":[{"@type":"WebPage","@id":"https:\/\/www.koonings.com\/de\/product\/rembo-styling-la-maddalena-1\/","url":"https:\/\/www.koonings.com\/de\/product\/rembo-styling-la-maddalena-1\/","name":"Rembo Styling La Maddalena\/1 | Koonings","isPartOf":{"@id":"https:\/\/www.koonings.com\/de\/#website"},"primaryImageOfPage":{"@id":"https:\/\/www.koonings.com\/de\/product\/rembo-styling-la-maddalena-1\/#primaryimage"},"image":{"@id":"https:\/\/www.koonings.com\/de\/product\/rembo-styling-la-maddalena-1\/#primaryimage"},"thumbnailUrl":"https:\/\/www.koonings.com\/wp-content\/uploads\/2024\/11\/41268_02445f4e01986ef9d6286d8a74f033762b9273f9f6924c31e23a243121388f5259f940c4-scaled.jpeg","datePublished":"2026-04-28T16:26:50+00:00","description":"La Maddalena ist ein einzigartiges, vollst\u00e4ndig besticktes Hochzeitskleid. Das \u00e4rmellose Oberteil hat beigen T\u00fcll unter den elfenbeinfarbenen Stickereibl\u00e4ttern. Es hat einen tiefen Ausschnitt und einen offenen V-R\u00fccken. Der Rock ist aus Krepp mit einer oberen Schicht aus besticktem T\u00fcll und einer Schleppe.","breadcrumb":{"@id":"https:\/\/www.koonings.com\/de\/product\/rembo-styling-la-maddalena-1\/#breadcrumb"},"inLanguage":"de","potentialAction":[{"@type":"ReadAction","target":["https:\/\/www.koonings.com\/de\/product\/rembo-styling-la-maddalena-1\/"]}]},{"@type":"ImageObject","inLanguage":"de","@id":"https:\/\/www.koonings.com\/de\/product\/rembo-styling-la-maddalena-1\/#primaryimage","url":"https:\/\/www.koonings.com\/wp-content\/uploads\/2024\/11\/41268_02445f4e01986ef9d6286d8a74f033762b9273f9f6924c31e23a243121388f5259f940c4-scaled.jpeg","contentUrl":"https:\/\/www.koonings.com\/wp-content\/uploads\/2024\/11\/41268_02445f4e01986ef9d6286d8a74f033762b9273f9f6924c31e23a243121388f5259f940c4-scaled.jpeg","width":1813,"height":2560},{"@type":"BreadcrumbList","@id":"https:\/\/www.koonings.com\/de\/product\/rembo-styling-la-maddalena-1\/#breadcrumb","itemListElement":[{"@type":"ListItem","position":1,"name":"Home","item":"https:\/\/www.koonings.com\/de\/"},{"@type":"ListItem","position":2,"name":"Rembo Styling La Maddalena\/1"}]},{"@type":"WebSite","@id":"https:\/\/www.koonings.com\/de\/#website","url":"https:\/\/www.koonings.com\/de\/","name":"Koonings","description":"De grootste bruidsmodewinkel ter wereld","publisher":{"@id":"https:\/\/www.koonings.com\/de\/#organization"},"potentialAction":[{"@type":"SearchAction","target":{"@type":"EntryPoint","urlTemplate":"https:\/\/www.koonings.com\/de\/?s={search_term_string}"},"query-input":{"@type":"PropertyValueSpecification","valueRequired":true,"valueName":"search_term_string"}}],"inLanguage":"de"},{"@type":"Organization","@id":"https:\/\/www.koonings.com\/de\/#organization","name":"Koonings","url":"https:\/\/www.koonings.com\/de\/","logo":{"@type":"ImageObject","inLanguage":"de","@id":"https:\/\/www.koonings.com\/de\/#\/schema\/logo\/image\/","url":"https:\/\/www.koonings.com\/wp-content\/uploads\/2024\/07\/logo.png","contentUrl":"https:\/\/www.koonings.com\/wp-content\/uploads\/2024\/07\/logo.png","width":600,"height":428,"caption":"Koonings"},"image":{"@id":"https:\/\/www.koonings.com\/de\/#\/schema\/logo\/image\/"},"sameAs":["https:\/\/www.facebook.com\/kooningstheweddingpalace","https:\/\/www.instagram.com\/kooningstheweddingpalace","https:\/\/www.pinterest.com\/koonings","https:\/\/www.youtube.com\/kooningstheweddingpalace"]}]}},"_links":{"self":[{"href":"https:\/\/www.koonings.com\/de\/wp-json\/wp\/v2\/product\/59453","targetHints":{"allow":["GET"]}}],"collection":[{"href":"https:\/\/www.koonings.com\/de\/wp-json\/wp\/v2\/product"}],"about":[{"href":"https:\/\/www.koonings.com\/de\/wp-json\/wp\/v2\/types\/product"}],"wp:featuredmedia":[{"embeddable":true,"href":"https:\/\/www.koonings.com\/de\/wp-json\/wp\/v2\/media\/51851"}],"wp:attachment":[{"href":"https:\/\/www.koonings.com\/de\/wp-json\/wp\/v2\/media?parent=59453"}],"wp:term":[{"taxonomy":"productdetails","embeddable":true,"href":"https:\/\/www.koonings.com\/de\/wp-json\/wp\/v2\/productdetails?post=59453"},{"taxonomy":"productneck","embeddable":true,"href":"https:\/\/www.koonings.com\/de\/wp-json\/wp\/v2\/productneck?post=59453"},{"taxonomy":"productcolor","embeddable":true,"href":"https:\/\/www.koonings.com\/de\/wp-json\/wp\/v2\/productcolor?post=59453"},{"taxonomy":"maat","embeddable":true,"href":"https:\/\/www.koonings.com\/de\/wp-json\/wp\/v2\/maat?post=59453"},{"taxonomy":"productsupplier","embeddable":true,"href":"https:\/\/www.koonings.com\/de\/wp-json\/wp\/v2\/productsupplier?post=59453"},{"taxonomy":"productsleeve","embeddable":true,"href":"https:\/\/www.koonings.com\/de\/wp-json\/wp\/v2\/productsleeve?post=59453"},{"taxonomy":"productcategory","embeddable":true,"href":"https:\/\/www.koonings.com\/de\/wp-json\/wp\/v2\/productcategory?post=59453"},{"taxonomy":"productsilhouette","embeddable":true,"href":"https:\/\/www.koonings.com\/de\/wp-json\/wp\/v2\/productsilhouette?post=59453"},{"taxonomy":"productstyle","embeddable":true,"href":"https:\/\/www.koonings.com\/de\/wp-json\/wp\/v2\/productstyle?post=59453"}],"curies":[{"name":"wp","href":"https:\/\/api.w.org\/{rel}","templated":true}]}}