{"id":59450,"date":"2026-04-14T16:28:35","date_gmt":"2026-04-14T14:28:35","guid":{"rendered":"https:\/\/www.koonings.com\/product\/rembo-styling-orchidee-1\/"},"modified":"2025-06-05T13:23:28","modified_gmt":"2025-06-05T11:23:28","slug":"rembo-styling-orchidee-1","status":"publish","type":"product","link":"https:\/\/www.koonings.com\/de\/product\/rembo-styling-orchidee-1\/","title":{"rendered":"Rembo Styling Orchidee\/1"},"content":{"rendered":"<p>Orchid\u00e9e ist ein elegantes Kleid aus Cr\u00eape. Das Oberteil hat einen V-Ausschnitt mit einem St\u00fcck transparentem Stoff in der Mitte. Es hat Dreiviertel-\u00c4rmel mit bestickten T\u00fcllblumen an den Enden. Um die Taille herum verl\u00e4uft ein Band aus elfenbeinfarbenem T\u00fcll, das der Silhouette schmeichelt. Der offene R\u00fccken ist aus dem gleichen bestickten T\u00fcll wie die \u00c4rmel und wird in der Mitte mit Kn\u00f6pfen geschlossen. Der Rock hat einen Schlitz in der Mitte und eine Schleppe.     <\/p>\n","protected":false},"featured_media":51876,"template":"","meta":{"_acf_changed":false,"ghostkit_customizer_options":"","ghostkit_custom_css":"","ghostkit_custom_js_head":"","ghostkit_custom_js_foot":"","ghostkit_typography":""},"productdetails":[378],"productneck":[356],"productcolor":[392],"maat":[],"productsupplier":[414],"productsleeve":[362],"productcategory":[18],"productsilhouette":[389],"productstyle":[364],"class_list":["post-59450","product","type-product","status-publish","has-post-thumbnail","hentry","productdetails-378","productneck-356","productcolor-392","productsupplier-rembo-styling","productsleeve-362","productcategory-trouwjurken","productsilhouette-389","productstyle-364"],"acf":[],"yoast_head":"<!-- This site is optimized with the Yoast SEO plugin v27.3 - https:\/\/yoast.com\/product\/yoast-seo-wordpress\/ -->\n<title>Rembo Styling Orchidee\/1 | Koonings<\/title>\n<meta name=\"description\" content=\"Orchid\u00e9e ist ein elegantes Kleid aus Cr\u00eape. Das Oberteil hat einen V-Ausschnitt mit einem St\u00fcck transparentem Stoff in der Mitte. Es hat Dreiviertel-\u00c4rmel mit bestickten T\u00fcllblumen an den Enden. Um die Taille herum verl\u00e4uft ein Band aus elfenbeinfarbenem T\u00fcll, das der Silhouette schmeichelt. Der offene R\u00fccken ist aus dem gleichen bestickten T\u00fcll wie die \u00c4rmel und wird in der Mitte mit Kn\u00f6pfen geschlossen. Der Rock hat einen Schlitz in der Mitte und eine Schleppe.\" \/>\n<meta name=\"robots\" content=\"index, follow, max-snippet:-1, max-image-preview:large, max-video-preview:-1\" \/>\n<link rel=\"canonical\" href=\"https:\/\/www.koonings.com\/de\/product\/rembo-styling-orchidee-1\/\" \/>\n<meta property=\"og:locale\" content=\"de_DE\" \/>\n<meta property=\"og:type\" content=\"article\" \/>\n<meta property=\"og:title\" content=\"Rembo Styling Orchidee\/1 | Koonings\" \/>\n<meta property=\"og:description\" content=\"Orchid\u00e9e ist ein elegantes Kleid aus Cr\u00eape. Das Oberteil hat einen V-Ausschnitt mit einem St\u00fcck transparentem Stoff in der Mitte. Es hat Dreiviertel-\u00c4rmel mit bestickten T\u00fcllblumen an den Enden. Um die Taille herum verl\u00e4uft ein Band aus elfenbeinfarbenem T\u00fcll, das der Silhouette schmeichelt. Der offene R\u00fccken ist aus dem gleichen bestickten T\u00fcll wie die \u00c4rmel und wird in der Mitte mit Kn\u00f6pfen geschlossen. Der Rock hat einen Schlitz in der Mitte und eine Schleppe.\" \/>\n<meta property=\"og:url\" content=\"https:\/\/www.koonings.com\/de\/product\/rembo-styling-orchidee-1\/\" \/>\n<meta property=\"og:site_name\" content=\"Koonings\" \/>\n<meta property=\"article:publisher\" content=\"https:\/\/www.facebook.com\/kooningstheweddingpalace\" \/>\n<meta property=\"og:image\" content=\"https:\/\/www.koonings.com\/wp-content\/uploads\/2024\/11\/41269_afd7b162a14761da66497efc0f0fbbf9f9ef53668948c03124347236ce11d27724965c82-scaled.jpeg\" \/>\n\t<meta property=\"og:image:width\" content=\"1814\" \/>\n\t<meta property=\"og:image:height\" content=\"2560\" \/>\n\t<meta property=\"og:image:type\" content=\"image\/jpeg\" \/>\n<meta name=\"twitter:card\" content=\"summary_large_image\" \/>\n<script type=\"application\/ld+json\" class=\"yoast-schema-graph\">{\"@context\":\"https:\\\/\\\/schema.org\",\"@graph\":[{\"@type\":\"WebPage\",\"@id\":\"https:\\\/\\\/www.koonings.com\\\/de\\\/product\\\/rembo-styling-orchidee-1\\\/\",\"url\":\"https:\\\/\\\/www.koonings.com\\\/de\\\/product\\\/rembo-styling-orchidee-1\\\/\",\"name\":\"Rembo Styling Orchidee\\\/1 | Koonings\",\"isPartOf\":{\"@id\":\"https:\\\/\\\/www.koonings.com\\\/de\\\/#website\"},\"primaryImageOfPage\":{\"@id\":\"https:\\\/\\\/www.koonings.com\\\/de\\\/product\\\/rembo-styling-orchidee-1\\\/#primaryimage\"},\"image\":{\"@id\":\"https:\\\/\\\/www.koonings.com\\\/de\\\/product\\\/rembo-styling-orchidee-1\\\/#primaryimage\"},\"thumbnailUrl\":\"https:\\\/\\\/www.koonings.com\\\/wp-content\\\/uploads\\\/2024\\\/11\\\/41269_afd7b162a14761da66497efc0f0fbbf9f9ef53668948c03124347236ce11d27724965c82-scaled.jpeg\",\"datePublished\":\"2026-04-14T14:28:35+00:00\",\"description\":\"Orchid\u00e9e ist ein elegantes Kleid aus Cr\u00eape. Das Oberteil hat einen V-Ausschnitt mit einem St\u00fcck transparentem Stoff in der Mitte. Es hat Dreiviertel-\u00c4rmel mit bestickten T\u00fcllblumen an den Enden. Um die Taille herum verl\u00e4uft ein Band aus elfenbeinfarbenem T\u00fcll, das der Silhouette schmeichelt. Der offene R\u00fccken ist aus dem gleichen bestickten T\u00fcll wie die \u00c4rmel und wird in der Mitte mit Kn\u00f6pfen geschlossen. Der Rock hat einen Schlitz in der Mitte und eine Schleppe.\",\"breadcrumb\":{\"@id\":\"https:\\\/\\\/www.koonings.com\\\/de\\\/product\\\/rembo-styling-orchidee-1\\\/#breadcrumb\"},\"inLanguage\":\"de\",\"potentialAction\":[{\"@type\":\"ReadAction\",\"target\":[\"https:\\\/\\\/www.koonings.com\\\/de\\\/product\\\/rembo-styling-orchidee-1\\\/\"]}]},{\"@type\":\"ImageObject\",\"inLanguage\":\"de\",\"@id\":\"https:\\\/\\\/www.koonings.com\\\/de\\\/product\\\/rembo-styling-orchidee-1\\\/#primaryimage\",\"url\":\"https:\\\/\\\/www.koonings.com\\\/wp-content\\\/uploads\\\/2024\\\/11\\\/41269_afd7b162a14761da66497efc0f0fbbf9f9ef53668948c03124347236ce11d27724965c82-scaled.jpeg\",\"contentUrl\":\"https:\\\/\\\/www.koonings.com\\\/wp-content\\\/uploads\\\/2024\\\/11\\\/41269_afd7b162a14761da66497efc0f0fbbf9f9ef53668948c03124347236ce11d27724965c82-scaled.jpeg\",\"width\":1814,\"height\":2560},{\"@type\":\"BreadcrumbList\",\"@id\":\"https:\\\/\\\/www.koonings.com\\\/de\\\/product\\\/rembo-styling-orchidee-1\\\/#breadcrumb\",\"itemListElement\":[{\"@type\":\"ListItem\",\"position\":1,\"name\":\"Home\",\"item\":\"https:\\\/\\\/www.koonings.com\\\/de\\\/\"},{\"@type\":\"ListItem\",\"position\":2,\"name\":\"Rembo Styling Orchidee\\\/1\"}]},{\"@type\":\"WebSite\",\"@id\":\"https:\\\/\\\/www.koonings.com\\\/de\\\/#website\",\"url\":\"https:\\\/\\\/www.koonings.com\\\/de\\\/\",\"name\":\"Koonings\",\"description\":\"De grootste bruidsmodewinkel ter wereld\",\"publisher\":{\"@id\":\"https:\\\/\\\/www.koonings.com\\\/de\\\/#organization\"},\"potentialAction\":[{\"@type\":\"SearchAction\",\"target\":{\"@type\":\"EntryPoint\",\"urlTemplate\":\"https:\\\/\\\/www.koonings.com\\\/de\\\/?s={search_term_string}\"},\"query-input\":{\"@type\":\"PropertyValueSpecification\",\"valueRequired\":true,\"valueName\":\"search_term_string\"}}],\"inLanguage\":\"de\"},{\"@type\":\"Organization\",\"@id\":\"https:\\\/\\\/www.koonings.com\\\/de\\\/#organization\",\"name\":\"Koonings\",\"url\":\"https:\\\/\\\/www.koonings.com\\\/de\\\/\",\"logo\":{\"@type\":\"ImageObject\",\"inLanguage\":\"de\",\"@id\":\"https:\\\/\\\/www.koonings.com\\\/de\\\/#\\\/schema\\\/logo\\\/image\\\/\",\"url\":\"https:\\\/\\\/www.koonings.com\\\/wp-content\\\/uploads\\\/2024\\\/07\\\/logo.png\",\"contentUrl\":\"https:\\\/\\\/www.koonings.com\\\/wp-content\\\/uploads\\\/2024\\\/07\\\/logo.png\",\"width\":600,\"height\":428,\"caption\":\"Koonings\"},\"image\":{\"@id\":\"https:\\\/\\\/www.koonings.com\\\/de\\\/#\\\/schema\\\/logo\\\/image\\\/\"},\"sameAs\":[\"https:\\\/\\\/www.facebook.com\\\/kooningstheweddingpalace\",\"https:\\\/\\\/www.instagram.com\\\/kooningstheweddingpalace\",\"https:\\\/\\\/www.pinterest.com\\\/koonings\",\"https:\\\/\\\/www.youtube.com\\\/kooningstheweddingpalace\"]}]}<\/script>\n<!-- \/ Yoast SEO plugin. -->","yoast_head_json":{"title":"Rembo Styling Orchidee\/1 | Koonings","description":"Orchid\u00e9e ist ein elegantes Kleid aus Cr\u00eape. Das Oberteil hat einen V-Ausschnitt mit einem St\u00fcck transparentem Stoff in der Mitte. Es hat Dreiviertel-\u00c4rmel mit bestickten T\u00fcllblumen an den Enden. Um die Taille herum verl\u00e4uft ein Band aus elfenbeinfarbenem T\u00fcll, das der Silhouette schmeichelt. Der offene R\u00fccken ist aus dem gleichen bestickten T\u00fcll wie die \u00c4rmel und wird in der Mitte mit Kn\u00f6pfen geschlossen. Der Rock hat einen Schlitz in der Mitte und eine Schleppe.","robots":{"index":"index","follow":"follow","max-snippet":"max-snippet:-1","max-image-preview":"max-image-preview:large","max-video-preview":"max-video-preview:-1"},"canonical":"https:\/\/www.koonings.com\/de\/product\/rembo-styling-orchidee-1\/","og_locale":"de_DE","og_type":"article","og_title":"Rembo Styling Orchidee\/1 | Koonings","og_description":"Orchid\u00e9e ist ein elegantes Kleid aus Cr\u00eape. Das Oberteil hat einen V-Ausschnitt mit einem St\u00fcck transparentem Stoff in der Mitte. Es hat Dreiviertel-\u00c4rmel mit bestickten T\u00fcllblumen an den Enden. Um die Taille herum verl\u00e4uft ein Band aus elfenbeinfarbenem T\u00fcll, das der Silhouette schmeichelt. Der offene R\u00fccken ist aus dem gleichen bestickten T\u00fcll wie die \u00c4rmel und wird in der Mitte mit Kn\u00f6pfen geschlossen. Der Rock hat einen Schlitz in der Mitte und eine Schleppe.","og_url":"https:\/\/www.koonings.com\/de\/product\/rembo-styling-orchidee-1\/","og_site_name":"Koonings","article_publisher":"https:\/\/www.facebook.com\/kooningstheweddingpalace","og_image":[{"width":1814,"height":2560,"url":"https:\/\/www.koonings.com\/wp-content\/uploads\/2024\/11\/41269_afd7b162a14761da66497efc0f0fbbf9f9ef53668948c03124347236ce11d27724965c82-scaled.jpeg","type":"image\/jpeg"}],"twitter_card":"summary_large_image","schema":{"@context":"https:\/\/schema.org","@graph":[{"@type":"WebPage","@id":"https:\/\/www.koonings.com\/de\/product\/rembo-styling-orchidee-1\/","url":"https:\/\/www.koonings.com\/de\/product\/rembo-styling-orchidee-1\/","name":"Rembo Styling Orchidee\/1 | Koonings","isPartOf":{"@id":"https:\/\/www.koonings.com\/de\/#website"},"primaryImageOfPage":{"@id":"https:\/\/www.koonings.com\/de\/product\/rembo-styling-orchidee-1\/#primaryimage"},"image":{"@id":"https:\/\/www.koonings.com\/de\/product\/rembo-styling-orchidee-1\/#primaryimage"},"thumbnailUrl":"https:\/\/www.koonings.com\/wp-content\/uploads\/2024\/11\/41269_afd7b162a14761da66497efc0f0fbbf9f9ef53668948c03124347236ce11d27724965c82-scaled.jpeg","datePublished":"2026-04-14T14:28:35+00:00","description":"Orchid\u00e9e ist ein elegantes Kleid aus Cr\u00eape. Das Oberteil hat einen V-Ausschnitt mit einem St\u00fcck transparentem Stoff in der Mitte. Es hat Dreiviertel-\u00c4rmel mit bestickten T\u00fcllblumen an den Enden. Um die Taille herum verl\u00e4uft ein Band aus elfenbeinfarbenem T\u00fcll, das der Silhouette schmeichelt. Der offene R\u00fccken ist aus dem gleichen bestickten T\u00fcll wie die \u00c4rmel und wird in der Mitte mit Kn\u00f6pfen geschlossen. Der Rock hat einen Schlitz in der Mitte und eine Schleppe.","breadcrumb":{"@id":"https:\/\/www.koonings.com\/de\/product\/rembo-styling-orchidee-1\/#breadcrumb"},"inLanguage":"de","potentialAction":[{"@type":"ReadAction","target":["https:\/\/www.koonings.com\/de\/product\/rembo-styling-orchidee-1\/"]}]},{"@type":"ImageObject","inLanguage":"de","@id":"https:\/\/www.koonings.com\/de\/product\/rembo-styling-orchidee-1\/#primaryimage","url":"https:\/\/www.koonings.com\/wp-content\/uploads\/2024\/11\/41269_afd7b162a14761da66497efc0f0fbbf9f9ef53668948c03124347236ce11d27724965c82-scaled.jpeg","contentUrl":"https:\/\/www.koonings.com\/wp-content\/uploads\/2024\/11\/41269_afd7b162a14761da66497efc0f0fbbf9f9ef53668948c03124347236ce11d27724965c82-scaled.jpeg","width":1814,"height":2560},{"@type":"BreadcrumbList","@id":"https:\/\/www.koonings.com\/de\/product\/rembo-styling-orchidee-1\/#breadcrumb","itemListElement":[{"@type":"ListItem","position":1,"name":"Home","item":"https:\/\/www.koonings.com\/de\/"},{"@type":"ListItem","position":2,"name":"Rembo Styling Orchidee\/1"}]},{"@type":"WebSite","@id":"https:\/\/www.koonings.com\/de\/#website","url":"https:\/\/www.koonings.com\/de\/","name":"Koonings","description":"De grootste bruidsmodewinkel ter wereld","publisher":{"@id":"https:\/\/www.koonings.com\/de\/#organization"},"potentialAction":[{"@type":"SearchAction","target":{"@type":"EntryPoint","urlTemplate":"https:\/\/www.koonings.com\/de\/?s={search_term_string}"},"query-input":{"@type":"PropertyValueSpecification","valueRequired":true,"valueName":"search_term_string"}}],"inLanguage":"de"},{"@type":"Organization","@id":"https:\/\/www.koonings.com\/de\/#organization","name":"Koonings","url":"https:\/\/www.koonings.com\/de\/","logo":{"@type":"ImageObject","inLanguage":"de","@id":"https:\/\/www.koonings.com\/de\/#\/schema\/logo\/image\/","url":"https:\/\/www.koonings.com\/wp-content\/uploads\/2024\/07\/logo.png","contentUrl":"https:\/\/www.koonings.com\/wp-content\/uploads\/2024\/07\/logo.png","width":600,"height":428,"caption":"Koonings"},"image":{"@id":"https:\/\/www.koonings.com\/de\/#\/schema\/logo\/image\/"},"sameAs":["https:\/\/www.facebook.com\/kooningstheweddingpalace","https:\/\/www.instagram.com\/kooningstheweddingpalace","https:\/\/www.pinterest.com\/koonings","https:\/\/www.youtube.com\/kooningstheweddingpalace"]}]}},"_links":{"self":[{"href":"https:\/\/www.koonings.com\/de\/wp-json\/wp\/v2\/product\/59450","targetHints":{"allow":["GET"]}}],"collection":[{"href":"https:\/\/www.koonings.com\/de\/wp-json\/wp\/v2\/product"}],"about":[{"href":"https:\/\/www.koonings.com\/de\/wp-json\/wp\/v2\/types\/product"}],"wp:featuredmedia":[{"embeddable":true,"href":"https:\/\/www.koonings.com\/de\/wp-json\/wp\/v2\/media\/51876"}],"wp:attachment":[{"href":"https:\/\/www.koonings.com\/de\/wp-json\/wp\/v2\/media?parent=59450"}],"wp:term":[{"taxonomy":"productdetails","embeddable":true,"href":"https:\/\/www.koonings.com\/de\/wp-json\/wp\/v2\/productdetails?post=59450"},{"taxonomy":"productneck","embeddable":true,"href":"https:\/\/www.koonings.com\/de\/wp-json\/wp\/v2\/productneck?post=59450"},{"taxonomy":"productcolor","embeddable":true,"href":"https:\/\/www.koonings.com\/de\/wp-json\/wp\/v2\/productcolor?post=59450"},{"taxonomy":"maat","embeddable":true,"href":"https:\/\/www.koonings.com\/de\/wp-json\/wp\/v2\/maat?post=59450"},{"taxonomy":"productsupplier","embeddable":true,"href":"https:\/\/www.koonings.com\/de\/wp-json\/wp\/v2\/productsupplier?post=59450"},{"taxonomy":"productsleeve","embeddable":true,"href":"https:\/\/www.koonings.com\/de\/wp-json\/wp\/v2\/productsleeve?post=59450"},{"taxonomy":"productcategory","embeddable":true,"href":"https:\/\/www.koonings.com\/de\/wp-json\/wp\/v2\/productcategory?post=59450"},{"taxonomy":"productsilhouette","embeddable":true,"href":"https:\/\/www.koonings.com\/de\/wp-json\/wp\/v2\/productsilhouette?post=59450"},{"taxonomy":"productstyle","embeddable":true,"href":"https:\/\/www.koonings.com\/de\/wp-json\/wp\/v2\/productstyle?post=59450"}],"curies":[{"name":"wp","href":"https:\/\/api.w.org\/{rel}","templated":true}]}}