{"id":59448,"date":"2026-04-28T18:26:52","date_gmt":"2026-04-28T16:26:52","guid":{"rendered":"https:\/\/www.koonings.com\/product\/marylise-la-rosiere-1\/"},"modified":"2025-06-05T13:16:17","modified_gmt":"2025-06-05T11:16:17","slug":"marylise-la-rosiere-1","status":"publish","type":"product","link":"https:\/\/www.koonings.com\/de\/product\/marylise-la-rosiere-1\/","title":{"rendered":"Marylise La Rosiere\/1"},"content":{"rendered":"<p>Dieses minimalistische Hochzeitskleid aus Cr\u00eape hat ein \u00e4rmelloses Oberteil mit einem schmuckvollen Ausschnitt.<br \/>\nLa Rosi\u00e8re hat einen offenen V-R\u00fccken aus besticktem T\u00fcll, der sich auch in der Mitte der Schleppe wiederfindet. Kombiniert mit dem minimalistischen Piping Blusher. Der elfenbeinfarbene T\u00fcllschleier bis zur Taille hat ein elegantes elfenbeinfarbenes Band an den Enden.<br \/>\n&#8212;<\/p>\n","protected":false},"featured_media":51938,"template":"","meta":{"_acf_changed":false,"ghostkit_customizer_options":"","ghostkit_custom_css":"","ghostkit_custom_js_head":"","ghostkit_custom_js_foot":"","ghostkit_typography":""},"productdetails":[],"productneck":[],"productcolor":[],"maat":[],"productsupplier":[410],"productsleeve":[],"productcategory":[18],"productsilhouette":[],"productstyle":[364],"class_list":["post-59448","product","type-product","status-publish","has-post-thumbnail","hentry","productsupplier-marylise","productcategory-trouwjurken","productstyle-364"],"acf":[],"yoast_head":"<!-- This site is optimized with the Yoast SEO plugin v27.3 - https:\/\/yoast.com\/product\/yoast-seo-wordpress\/ -->\n<title>Marylise La Rosiere\/1 | Koonings<\/title>\n<meta name=\"description\" content=\"Dieses minimalistische Hochzeitskleid aus Cr\u00eape hat ein \u00e4rmelloses Oberteil mit einem schmuckvollen Ausschnitt. La Rosi\u00e8re hat einen offenen V-R\u00fccken aus besticktem T\u00fcll, der sich auch in der Mitte der Schleppe wiederfindet. Kombiniert mit dem minimalistischen Piping Blusher. Der elfenbeinfarbene T\u00fcllschleier bis zur Taille hat ein elegantes elfenbeinfarbenes Band an den Enden. ---\" \/>\n<meta name=\"robots\" content=\"index, follow, max-snippet:-1, max-image-preview:large, max-video-preview:-1\" \/>\n<link rel=\"canonical\" href=\"https:\/\/www.koonings.com\/de\/product\/marylise-la-rosiere-1\/\" \/>\n<meta property=\"og:locale\" content=\"de_DE\" \/>\n<meta property=\"og:type\" content=\"article\" \/>\n<meta property=\"og:title\" content=\"Marylise La Rosiere\/1 | Koonings\" \/>\n<meta property=\"og:description\" content=\"Dieses minimalistische Hochzeitskleid aus Cr\u00eape hat ein \u00e4rmelloses Oberteil mit einem schmuckvollen Ausschnitt. La Rosi\u00e8re hat einen offenen V-R\u00fccken aus besticktem T\u00fcll, der sich auch in der Mitte der Schleppe wiederfindet. Kombiniert mit dem minimalistischen Piping Blusher. Der elfenbeinfarbene T\u00fcllschleier bis zur Taille hat ein elegantes elfenbeinfarbenes Band an den Enden. ---\" \/>\n<meta property=\"og:url\" content=\"https:\/\/www.koonings.com\/de\/product\/marylise-la-rosiere-1\/\" \/>\n<meta property=\"og:site_name\" content=\"Koonings\" \/>\n<meta property=\"article:publisher\" content=\"https:\/\/www.facebook.com\/kooningstheweddingpalace\" \/>\n<meta property=\"og:image\" content=\"https:\/\/www.koonings.com\/wp-content\/uploads\/2024\/11\/41271_024343c625d38019259d1ff6764b5767c3364b79dd1b3091fcc02176885cd9cb4ff9e363-scaled.jpeg\" \/>\n\t<meta property=\"og:image:width\" content=\"1746\" \/>\n\t<meta property=\"og:image:height\" content=\"2560\" \/>\n\t<meta property=\"og:image:type\" content=\"image\/jpeg\" \/>\n<meta name=\"twitter:card\" content=\"summary_large_image\" \/>\n<script type=\"application\/ld+json\" class=\"yoast-schema-graph\">{\"@context\":\"https:\\\/\\\/schema.org\",\"@graph\":[{\"@type\":\"WebPage\",\"@id\":\"https:\\\/\\\/www.koonings.com\\\/de\\\/product\\\/marylise-la-rosiere-1\\\/\",\"url\":\"https:\\\/\\\/www.koonings.com\\\/de\\\/product\\\/marylise-la-rosiere-1\\\/\",\"name\":\"Marylise La Rosiere\\\/1 | Koonings\",\"isPartOf\":{\"@id\":\"https:\\\/\\\/www.koonings.com\\\/de\\\/#website\"},\"primaryImageOfPage\":{\"@id\":\"https:\\\/\\\/www.koonings.com\\\/de\\\/product\\\/marylise-la-rosiere-1\\\/#primaryimage\"},\"image\":{\"@id\":\"https:\\\/\\\/www.koonings.com\\\/de\\\/product\\\/marylise-la-rosiere-1\\\/#primaryimage\"},\"thumbnailUrl\":\"https:\\\/\\\/www.koonings.com\\\/wp-content\\\/uploads\\\/2024\\\/11\\\/41271_024343c625d38019259d1ff6764b5767c3364b79dd1b3091fcc02176885cd9cb4ff9e363-scaled.jpeg\",\"datePublished\":\"2026-04-28T16:26:52+00:00\",\"description\":\"Dieses minimalistische Hochzeitskleid aus Cr\u00eape hat ein \u00e4rmelloses Oberteil mit einem schmuckvollen Ausschnitt. La Rosi\u00e8re hat einen offenen V-R\u00fccken aus besticktem T\u00fcll, der sich auch in der Mitte der Schleppe wiederfindet. Kombiniert mit dem minimalistischen Piping Blusher. Der elfenbeinfarbene T\u00fcllschleier bis zur Taille hat ein elegantes elfenbeinfarbenes Band an den Enden. ---\",\"breadcrumb\":{\"@id\":\"https:\\\/\\\/www.koonings.com\\\/de\\\/product\\\/marylise-la-rosiere-1\\\/#breadcrumb\"},\"inLanguage\":\"de\",\"potentialAction\":[{\"@type\":\"ReadAction\",\"target\":[\"https:\\\/\\\/www.koonings.com\\\/de\\\/product\\\/marylise-la-rosiere-1\\\/\"]}]},{\"@type\":\"ImageObject\",\"inLanguage\":\"de\",\"@id\":\"https:\\\/\\\/www.koonings.com\\\/de\\\/product\\\/marylise-la-rosiere-1\\\/#primaryimage\",\"url\":\"https:\\\/\\\/www.koonings.com\\\/wp-content\\\/uploads\\\/2024\\\/11\\\/41271_024343c625d38019259d1ff6764b5767c3364b79dd1b3091fcc02176885cd9cb4ff9e363-scaled.jpeg\",\"contentUrl\":\"https:\\\/\\\/www.koonings.com\\\/wp-content\\\/uploads\\\/2024\\\/11\\\/41271_024343c625d38019259d1ff6764b5767c3364b79dd1b3091fcc02176885cd9cb4ff9e363-scaled.jpeg\",\"width\":1746,\"height\":2560},{\"@type\":\"BreadcrumbList\",\"@id\":\"https:\\\/\\\/www.koonings.com\\\/de\\\/product\\\/marylise-la-rosiere-1\\\/#breadcrumb\",\"itemListElement\":[{\"@type\":\"ListItem\",\"position\":1,\"name\":\"Home\",\"item\":\"https:\\\/\\\/www.koonings.com\\\/de\\\/\"},{\"@type\":\"ListItem\",\"position\":2,\"name\":\"Marylise La Rosiere\\\/1\"}]},{\"@type\":\"WebSite\",\"@id\":\"https:\\\/\\\/www.koonings.com\\\/de\\\/#website\",\"url\":\"https:\\\/\\\/www.koonings.com\\\/de\\\/\",\"name\":\"Koonings\",\"description\":\"De grootste bruidsmodewinkel ter wereld\",\"publisher\":{\"@id\":\"https:\\\/\\\/www.koonings.com\\\/de\\\/#organization\"},\"potentialAction\":[{\"@type\":\"SearchAction\",\"target\":{\"@type\":\"EntryPoint\",\"urlTemplate\":\"https:\\\/\\\/www.koonings.com\\\/de\\\/?s={search_term_string}\"},\"query-input\":{\"@type\":\"PropertyValueSpecification\",\"valueRequired\":true,\"valueName\":\"search_term_string\"}}],\"inLanguage\":\"de\"},{\"@type\":\"Organization\",\"@id\":\"https:\\\/\\\/www.koonings.com\\\/de\\\/#organization\",\"name\":\"Koonings\",\"url\":\"https:\\\/\\\/www.koonings.com\\\/de\\\/\",\"logo\":{\"@type\":\"ImageObject\",\"inLanguage\":\"de\",\"@id\":\"https:\\\/\\\/www.koonings.com\\\/de\\\/#\\\/schema\\\/logo\\\/image\\\/\",\"url\":\"https:\\\/\\\/www.koonings.com\\\/wp-content\\\/uploads\\\/2024\\\/07\\\/logo.png\",\"contentUrl\":\"https:\\\/\\\/www.koonings.com\\\/wp-content\\\/uploads\\\/2024\\\/07\\\/logo.png\",\"width\":600,\"height\":428,\"caption\":\"Koonings\"},\"image\":{\"@id\":\"https:\\\/\\\/www.koonings.com\\\/de\\\/#\\\/schema\\\/logo\\\/image\\\/\"},\"sameAs\":[\"https:\\\/\\\/www.facebook.com\\\/kooningstheweddingpalace\",\"https:\\\/\\\/www.instagram.com\\\/kooningstheweddingpalace\",\"https:\\\/\\\/www.pinterest.com\\\/koonings\",\"https:\\\/\\\/www.youtube.com\\\/kooningstheweddingpalace\"]}]}<\/script>\n<!-- \/ Yoast SEO plugin. -->","yoast_head_json":{"title":"Marylise La Rosiere\/1 | Koonings","description":"Dieses minimalistische Hochzeitskleid aus Cr\u00eape hat ein \u00e4rmelloses Oberteil mit einem schmuckvollen Ausschnitt. La Rosi\u00e8re hat einen offenen V-R\u00fccken aus besticktem T\u00fcll, der sich auch in der Mitte der Schleppe wiederfindet. Kombiniert mit dem minimalistischen Piping Blusher. Der elfenbeinfarbene T\u00fcllschleier bis zur Taille hat ein elegantes elfenbeinfarbenes Band an den Enden. ---","robots":{"index":"index","follow":"follow","max-snippet":"max-snippet:-1","max-image-preview":"max-image-preview:large","max-video-preview":"max-video-preview:-1"},"canonical":"https:\/\/www.koonings.com\/de\/product\/marylise-la-rosiere-1\/","og_locale":"de_DE","og_type":"article","og_title":"Marylise La Rosiere\/1 | Koonings","og_description":"Dieses minimalistische Hochzeitskleid aus Cr\u00eape hat ein \u00e4rmelloses Oberteil mit einem schmuckvollen Ausschnitt. La Rosi\u00e8re hat einen offenen V-R\u00fccken aus besticktem T\u00fcll, der sich auch in der Mitte der Schleppe wiederfindet. Kombiniert mit dem minimalistischen Piping Blusher. Der elfenbeinfarbene T\u00fcllschleier bis zur Taille hat ein elegantes elfenbeinfarbenes Band an den Enden. ---","og_url":"https:\/\/www.koonings.com\/de\/product\/marylise-la-rosiere-1\/","og_site_name":"Koonings","article_publisher":"https:\/\/www.facebook.com\/kooningstheweddingpalace","og_image":[{"width":1746,"height":2560,"url":"https:\/\/www.koonings.com\/wp-content\/uploads\/2024\/11\/41271_024343c625d38019259d1ff6764b5767c3364b79dd1b3091fcc02176885cd9cb4ff9e363-scaled.jpeg","type":"image\/jpeg"}],"twitter_card":"summary_large_image","schema":{"@context":"https:\/\/schema.org","@graph":[{"@type":"WebPage","@id":"https:\/\/www.koonings.com\/de\/product\/marylise-la-rosiere-1\/","url":"https:\/\/www.koonings.com\/de\/product\/marylise-la-rosiere-1\/","name":"Marylise La Rosiere\/1 | Koonings","isPartOf":{"@id":"https:\/\/www.koonings.com\/de\/#website"},"primaryImageOfPage":{"@id":"https:\/\/www.koonings.com\/de\/product\/marylise-la-rosiere-1\/#primaryimage"},"image":{"@id":"https:\/\/www.koonings.com\/de\/product\/marylise-la-rosiere-1\/#primaryimage"},"thumbnailUrl":"https:\/\/www.koonings.com\/wp-content\/uploads\/2024\/11\/41271_024343c625d38019259d1ff6764b5767c3364b79dd1b3091fcc02176885cd9cb4ff9e363-scaled.jpeg","datePublished":"2026-04-28T16:26:52+00:00","description":"Dieses minimalistische Hochzeitskleid aus Cr\u00eape hat ein \u00e4rmelloses Oberteil mit einem schmuckvollen Ausschnitt. La Rosi\u00e8re hat einen offenen V-R\u00fccken aus besticktem T\u00fcll, der sich auch in der Mitte der Schleppe wiederfindet. Kombiniert mit dem minimalistischen Piping Blusher. Der elfenbeinfarbene T\u00fcllschleier bis zur Taille hat ein elegantes elfenbeinfarbenes Band an den Enden. ---","breadcrumb":{"@id":"https:\/\/www.koonings.com\/de\/product\/marylise-la-rosiere-1\/#breadcrumb"},"inLanguage":"de","potentialAction":[{"@type":"ReadAction","target":["https:\/\/www.koonings.com\/de\/product\/marylise-la-rosiere-1\/"]}]},{"@type":"ImageObject","inLanguage":"de","@id":"https:\/\/www.koonings.com\/de\/product\/marylise-la-rosiere-1\/#primaryimage","url":"https:\/\/www.koonings.com\/wp-content\/uploads\/2024\/11\/41271_024343c625d38019259d1ff6764b5767c3364b79dd1b3091fcc02176885cd9cb4ff9e363-scaled.jpeg","contentUrl":"https:\/\/www.koonings.com\/wp-content\/uploads\/2024\/11\/41271_024343c625d38019259d1ff6764b5767c3364b79dd1b3091fcc02176885cd9cb4ff9e363-scaled.jpeg","width":1746,"height":2560},{"@type":"BreadcrumbList","@id":"https:\/\/www.koonings.com\/de\/product\/marylise-la-rosiere-1\/#breadcrumb","itemListElement":[{"@type":"ListItem","position":1,"name":"Home","item":"https:\/\/www.koonings.com\/de\/"},{"@type":"ListItem","position":2,"name":"Marylise La Rosiere\/1"}]},{"@type":"WebSite","@id":"https:\/\/www.koonings.com\/de\/#website","url":"https:\/\/www.koonings.com\/de\/","name":"Koonings","description":"De grootste bruidsmodewinkel ter wereld","publisher":{"@id":"https:\/\/www.koonings.com\/de\/#organization"},"potentialAction":[{"@type":"SearchAction","target":{"@type":"EntryPoint","urlTemplate":"https:\/\/www.koonings.com\/de\/?s={search_term_string}"},"query-input":{"@type":"PropertyValueSpecification","valueRequired":true,"valueName":"search_term_string"}}],"inLanguage":"de"},{"@type":"Organization","@id":"https:\/\/www.koonings.com\/de\/#organization","name":"Koonings","url":"https:\/\/www.koonings.com\/de\/","logo":{"@type":"ImageObject","inLanguage":"de","@id":"https:\/\/www.koonings.com\/de\/#\/schema\/logo\/image\/","url":"https:\/\/www.koonings.com\/wp-content\/uploads\/2024\/07\/logo.png","contentUrl":"https:\/\/www.koonings.com\/wp-content\/uploads\/2024\/07\/logo.png","width":600,"height":428,"caption":"Koonings"},"image":{"@id":"https:\/\/www.koonings.com\/de\/#\/schema\/logo\/image\/"},"sameAs":["https:\/\/www.facebook.com\/kooningstheweddingpalace","https:\/\/www.instagram.com\/kooningstheweddingpalace","https:\/\/www.pinterest.com\/koonings","https:\/\/www.youtube.com\/kooningstheweddingpalace"]}]}},"_links":{"self":[{"href":"https:\/\/www.koonings.com\/de\/wp-json\/wp\/v2\/product\/59448","targetHints":{"allow":["GET"]}}],"collection":[{"href":"https:\/\/www.koonings.com\/de\/wp-json\/wp\/v2\/product"}],"about":[{"href":"https:\/\/www.koonings.com\/de\/wp-json\/wp\/v2\/types\/product"}],"wp:featuredmedia":[{"embeddable":true,"href":"https:\/\/www.koonings.com\/de\/wp-json\/wp\/v2\/media\/51938"}],"wp:attachment":[{"href":"https:\/\/www.koonings.com\/de\/wp-json\/wp\/v2\/media?parent=59448"}],"wp:term":[{"taxonomy":"productdetails","embeddable":true,"href":"https:\/\/www.koonings.com\/de\/wp-json\/wp\/v2\/productdetails?post=59448"},{"taxonomy":"productneck","embeddable":true,"href":"https:\/\/www.koonings.com\/de\/wp-json\/wp\/v2\/productneck?post=59448"},{"taxonomy":"productcolor","embeddable":true,"href":"https:\/\/www.koonings.com\/de\/wp-json\/wp\/v2\/productcolor?post=59448"},{"taxonomy":"maat","embeddable":true,"href":"https:\/\/www.koonings.com\/de\/wp-json\/wp\/v2\/maat?post=59448"},{"taxonomy":"productsupplier","embeddable":true,"href":"https:\/\/www.koonings.com\/de\/wp-json\/wp\/v2\/productsupplier?post=59448"},{"taxonomy":"productsleeve","embeddable":true,"href":"https:\/\/www.koonings.com\/de\/wp-json\/wp\/v2\/productsleeve?post=59448"},{"taxonomy":"productcategory","embeddable":true,"href":"https:\/\/www.koonings.com\/de\/wp-json\/wp\/v2\/productcategory?post=59448"},{"taxonomy":"productsilhouette","embeddable":true,"href":"https:\/\/www.koonings.com\/de\/wp-json\/wp\/v2\/productsilhouette?post=59448"},{"taxonomy":"productstyle","embeddable":true,"href":"https:\/\/www.koonings.com\/de\/wp-json\/wp\/v2\/productstyle?post=59448"}],"curies":[{"name":"wp","href":"https:\/\/api.w.org\/{rel}","templated":true}]}}