{"id":59428,"date":"2025-12-15T00:42:29","date_gmt":"2025-12-14T23:42:29","guid":{"rendered":"https:\/\/www.koonings.com\/product\/milla-nova-batista\/"},"modified":"2026-02-03T18:55:15","modified_gmt":"2026-02-03T17:55:15","slug":"milla-nova-batista","status":"publish","type":"product","link":"https:\/\/www.koonings.com\/de\/product\/milla-nova-batista\/","title":{"rendered":"Milla Nova Batista"},"content":{"rendered":"<p>Aufsehen erregendes Hochzeitskleid in A-Linien-Silhouette. Der von einer Schleife inspirierte Ausschnitt ist raffiniert drapiert und verleiht einen Hauch von Romantik. Ein Korsettmieder mit St\u00e4bchen gibt Struktur und verl\u00e4ngert die Silhouette f\u00fcr eine schmeichelhafte Passform. Der volumin\u00f6se Rock ist meisterhaft gerafft und mit handgefertigten 3D-Bl\u00fctenapplikationen in zwei Lagen verziert.   <\/p>\n","protected":false},"featured_media":52057,"template":"","meta":{"_acf_changed":false,"ghostkit_customizer_options":"","ghostkit_custom_css":"","ghostkit_custom_js_head":"","ghostkit_custom_js_foot":"","ghostkit_typography":""},"productdetails":[],"productneck":[354,355],"productcolor":[392],"maat":[],"productsupplier":[446],"productsleeve":[],"productcategory":[18],"productsilhouette":[384],"productstyle":[366],"class_list":["post-59428","product","type-product","status-publish","has-post-thumbnail","hentry","productneck-354","productneck-355","productcolor-392","productsupplier-milla-nova","productcategory-trouwjurken","productsilhouette-384","productstyle-366"],"acf":[],"yoast_head":"<!-- This site is optimized with the Yoast SEO plugin v27.3 - https:\/\/yoast.com\/product\/yoast-seo-wordpress\/ -->\n<title>Milla Nova Batista | Koonings<\/title>\n<meta name=\"description\" content=\"Aufsehen erregendes Hochzeitskleid in A-Linien-Silhouette. Der von einer Schleife inspirierte Ausschnitt ist raffiniert drapiert und verleiht einen Hauch von Romantik. Ein Korsettmieder mit St\u00e4bchen gibt Struktur und verl\u00e4ngert die Silhouette f\u00fcr eine schmeichelhafte Passform. Der volumin\u00f6se Rock ist meisterhaft gerafft und mit handgefertigten 3D-Bl\u00fctenapplikationen in zwei Lagen verziert.\" \/>\n<meta name=\"robots\" content=\"index, follow, max-snippet:-1, max-image-preview:large, max-video-preview:-1\" \/>\n<link rel=\"canonical\" href=\"https:\/\/www.koonings.com\/de\/product\/milla-nova-batista\/\" \/>\n<meta property=\"og:locale\" content=\"de_DE\" \/>\n<meta property=\"og:type\" content=\"article\" \/>\n<meta property=\"og:title\" content=\"Milla Nova Batista | Koonings\" \/>\n<meta property=\"og:description\" content=\"Aufsehen erregendes Hochzeitskleid in A-Linien-Silhouette. Der von einer Schleife inspirierte Ausschnitt ist raffiniert drapiert und verleiht einen Hauch von Romantik. Ein Korsettmieder mit St\u00e4bchen gibt Struktur und verl\u00e4ngert die Silhouette f\u00fcr eine schmeichelhafte Passform. Der volumin\u00f6se Rock ist meisterhaft gerafft und mit handgefertigten 3D-Bl\u00fctenapplikationen in zwei Lagen verziert.\" \/>\n<meta property=\"og:url\" content=\"https:\/\/www.koonings.com\/de\/product\/milla-nova-batista\/\" \/>\n<meta property=\"og:site_name\" content=\"Koonings\" \/>\n<meta property=\"article:publisher\" content=\"https:\/\/www.facebook.com\/kooningstheweddingpalace\" \/>\n<meta property=\"article:modified_time\" content=\"2026-02-03T17:55:15+00:00\" \/>\n<meta property=\"og:image\" content=\"https:\/\/www.koonings.com\/wp-content\/uploads\/2024\/11\/41294_213fbd073b7b655de32500d90f4a88701224be097f4f6dbe76dfff34827ec8fda4c6caf9-scaled.jpeg\" \/>\n\t<meta property=\"og:image:width\" content=\"1807\" \/>\n\t<meta property=\"og:image:height\" content=\"2560\" \/>\n\t<meta property=\"og:image:type\" content=\"image\/jpeg\" \/>\n<meta name=\"twitter:card\" content=\"summary_large_image\" \/>\n<script type=\"application\/ld+json\" class=\"yoast-schema-graph\">{\"@context\":\"https:\\\/\\\/schema.org\",\"@graph\":[{\"@type\":\"WebPage\",\"@id\":\"https:\\\/\\\/www.koonings.com\\\/de\\\/product\\\/milla-nova-batista\\\/\",\"url\":\"https:\\\/\\\/www.koonings.com\\\/de\\\/product\\\/milla-nova-batista\\\/\",\"name\":\"Milla Nova Batista | Koonings\",\"isPartOf\":{\"@id\":\"https:\\\/\\\/www.koonings.com\\\/de\\\/#website\"},\"primaryImageOfPage\":{\"@id\":\"https:\\\/\\\/www.koonings.com\\\/de\\\/product\\\/milla-nova-batista\\\/#primaryimage\"},\"image\":{\"@id\":\"https:\\\/\\\/www.koonings.com\\\/de\\\/product\\\/milla-nova-batista\\\/#primaryimage\"},\"thumbnailUrl\":\"https:\\\/\\\/www.koonings.com\\\/wp-content\\\/uploads\\\/2024\\\/11\\\/41294_213fbd073b7b655de32500d90f4a88701224be097f4f6dbe76dfff34827ec8fda4c6caf9-scaled.jpeg\",\"datePublished\":\"2025-12-14T23:42:29+00:00\",\"dateModified\":\"2026-02-03T17:55:15+00:00\",\"description\":\"Aufsehen erregendes Hochzeitskleid in A-Linien-Silhouette. Der von einer Schleife inspirierte Ausschnitt ist raffiniert drapiert und verleiht einen Hauch von Romantik. Ein Korsettmieder mit St\u00e4bchen gibt Struktur und verl\u00e4ngert die Silhouette f\u00fcr eine schmeichelhafte Passform. Der volumin\u00f6se Rock ist meisterhaft gerafft und mit handgefertigten 3D-Bl\u00fctenapplikationen in zwei Lagen verziert.\",\"breadcrumb\":{\"@id\":\"https:\\\/\\\/www.koonings.com\\\/de\\\/product\\\/milla-nova-batista\\\/#breadcrumb\"},\"inLanguage\":\"de\",\"potentialAction\":[{\"@type\":\"ReadAction\",\"target\":[\"https:\\\/\\\/www.koonings.com\\\/de\\\/product\\\/milla-nova-batista\\\/\"]}]},{\"@type\":\"ImageObject\",\"inLanguage\":\"de\",\"@id\":\"https:\\\/\\\/www.koonings.com\\\/de\\\/product\\\/milla-nova-batista\\\/#primaryimage\",\"url\":\"https:\\\/\\\/www.koonings.com\\\/wp-content\\\/uploads\\\/2024\\\/11\\\/41294_213fbd073b7b655de32500d90f4a88701224be097f4f6dbe76dfff34827ec8fda4c6caf9-scaled.jpeg\",\"contentUrl\":\"https:\\\/\\\/www.koonings.com\\\/wp-content\\\/uploads\\\/2024\\\/11\\\/41294_213fbd073b7b655de32500d90f4a88701224be097f4f6dbe76dfff34827ec8fda4c6caf9-scaled.jpeg\",\"width\":1807,\"height\":2560},{\"@type\":\"BreadcrumbList\",\"@id\":\"https:\\\/\\\/www.koonings.com\\\/de\\\/product\\\/milla-nova-batista\\\/#breadcrumb\",\"itemListElement\":[{\"@type\":\"ListItem\",\"position\":1,\"name\":\"Home\",\"item\":\"https:\\\/\\\/www.koonings.com\\\/de\\\/\"},{\"@type\":\"ListItem\",\"position\":2,\"name\":\"Milla Nova Batista\"}]},{\"@type\":\"WebSite\",\"@id\":\"https:\\\/\\\/www.koonings.com\\\/de\\\/#website\",\"url\":\"https:\\\/\\\/www.koonings.com\\\/de\\\/\",\"name\":\"Koonings\",\"description\":\"De grootste bruidsmodewinkel ter wereld\",\"publisher\":{\"@id\":\"https:\\\/\\\/www.koonings.com\\\/de\\\/#organization\"},\"potentialAction\":[{\"@type\":\"SearchAction\",\"target\":{\"@type\":\"EntryPoint\",\"urlTemplate\":\"https:\\\/\\\/www.koonings.com\\\/de\\\/?s={search_term_string}\"},\"query-input\":{\"@type\":\"PropertyValueSpecification\",\"valueRequired\":true,\"valueName\":\"search_term_string\"}}],\"inLanguage\":\"de\"},{\"@type\":\"Organization\",\"@id\":\"https:\\\/\\\/www.koonings.com\\\/de\\\/#organization\",\"name\":\"Koonings\",\"url\":\"https:\\\/\\\/www.koonings.com\\\/de\\\/\",\"logo\":{\"@type\":\"ImageObject\",\"inLanguage\":\"de\",\"@id\":\"https:\\\/\\\/www.koonings.com\\\/de\\\/#\\\/schema\\\/logo\\\/image\\\/\",\"url\":\"https:\\\/\\\/www.koonings.com\\\/wp-content\\\/uploads\\\/2024\\\/07\\\/logo.png\",\"contentUrl\":\"https:\\\/\\\/www.koonings.com\\\/wp-content\\\/uploads\\\/2024\\\/07\\\/logo.png\",\"width\":600,\"height\":428,\"caption\":\"Koonings\"},\"image\":{\"@id\":\"https:\\\/\\\/www.koonings.com\\\/de\\\/#\\\/schema\\\/logo\\\/image\\\/\"},\"sameAs\":[\"https:\\\/\\\/www.facebook.com\\\/kooningstheweddingpalace\",\"https:\\\/\\\/www.instagram.com\\\/kooningstheweddingpalace\",\"https:\\\/\\\/www.pinterest.com\\\/koonings\",\"https:\\\/\\\/www.youtube.com\\\/kooningstheweddingpalace\"]}]}<\/script>\n<!-- \/ Yoast SEO plugin. -->","yoast_head_json":{"title":"Milla Nova Batista | Koonings","description":"Aufsehen erregendes Hochzeitskleid in A-Linien-Silhouette. Der von einer Schleife inspirierte Ausschnitt ist raffiniert drapiert und verleiht einen Hauch von Romantik. Ein Korsettmieder mit St\u00e4bchen gibt Struktur und verl\u00e4ngert die Silhouette f\u00fcr eine schmeichelhafte Passform. Der volumin\u00f6se Rock ist meisterhaft gerafft und mit handgefertigten 3D-Bl\u00fctenapplikationen in zwei Lagen verziert.","robots":{"index":"index","follow":"follow","max-snippet":"max-snippet:-1","max-image-preview":"max-image-preview:large","max-video-preview":"max-video-preview:-1"},"canonical":"https:\/\/www.koonings.com\/de\/product\/milla-nova-batista\/","og_locale":"de_DE","og_type":"article","og_title":"Milla Nova Batista | Koonings","og_description":"Aufsehen erregendes Hochzeitskleid in A-Linien-Silhouette. Der von einer Schleife inspirierte Ausschnitt ist raffiniert drapiert und verleiht einen Hauch von Romantik. Ein Korsettmieder mit St\u00e4bchen gibt Struktur und verl\u00e4ngert die Silhouette f\u00fcr eine schmeichelhafte Passform. Der volumin\u00f6se Rock ist meisterhaft gerafft und mit handgefertigten 3D-Bl\u00fctenapplikationen in zwei Lagen verziert.","og_url":"https:\/\/www.koonings.com\/de\/product\/milla-nova-batista\/","og_site_name":"Koonings","article_publisher":"https:\/\/www.facebook.com\/kooningstheweddingpalace","article_modified_time":"2026-02-03T17:55:15+00:00","og_image":[{"width":1807,"height":2560,"url":"https:\/\/www.koonings.com\/wp-content\/uploads\/2024\/11\/41294_213fbd073b7b655de32500d90f4a88701224be097f4f6dbe76dfff34827ec8fda4c6caf9-scaled.jpeg","type":"image\/jpeg"}],"twitter_card":"summary_large_image","schema":{"@context":"https:\/\/schema.org","@graph":[{"@type":"WebPage","@id":"https:\/\/www.koonings.com\/de\/product\/milla-nova-batista\/","url":"https:\/\/www.koonings.com\/de\/product\/milla-nova-batista\/","name":"Milla Nova Batista | Koonings","isPartOf":{"@id":"https:\/\/www.koonings.com\/de\/#website"},"primaryImageOfPage":{"@id":"https:\/\/www.koonings.com\/de\/product\/milla-nova-batista\/#primaryimage"},"image":{"@id":"https:\/\/www.koonings.com\/de\/product\/milla-nova-batista\/#primaryimage"},"thumbnailUrl":"https:\/\/www.koonings.com\/wp-content\/uploads\/2024\/11\/41294_213fbd073b7b655de32500d90f4a88701224be097f4f6dbe76dfff34827ec8fda4c6caf9-scaled.jpeg","datePublished":"2025-12-14T23:42:29+00:00","dateModified":"2026-02-03T17:55:15+00:00","description":"Aufsehen erregendes Hochzeitskleid in A-Linien-Silhouette. Der von einer Schleife inspirierte Ausschnitt ist raffiniert drapiert und verleiht einen Hauch von Romantik. Ein Korsettmieder mit St\u00e4bchen gibt Struktur und verl\u00e4ngert die Silhouette f\u00fcr eine schmeichelhafte Passform. Der volumin\u00f6se Rock ist meisterhaft gerafft und mit handgefertigten 3D-Bl\u00fctenapplikationen in zwei Lagen verziert.","breadcrumb":{"@id":"https:\/\/www.koonings.com\/de\/product\/milla-nova-batista\/#breadcrumb"},"inLanguage":"de","potentialAction":[{"@type":"ReadAction","target":["https:\/\/www.koonings.com\/de\/product\/milla-nova-batista\/"]}]},{"@type":"ImageObject","inLanguage":"de","@id":"https:\/\/www.koonings.com\/de\/product\/milla-nova-batista\/#primaryimage","url":"https:\/\/www.koonings.com\/wp-content\/uploads\/2024\/11\/41294_213fbd073b7b655de32500d90f4a88701224be097f4f6dbe76dfff34827ec8fda4c6caf9-scaled.jpeg","contentUrl":"https:\/\/www.koonings.com\/wp-content\/uploads\/2024\/11\/41294_213fbd073b7b655de32500d90f4a88701224be097f4f6dbe76dfff34827ec8fda4c6caf9-scaled.jpeg","width":1807,"height":2560},{"@type":"BreadcrumbList","@id":"https:\/\/www.koonings.com\/de\/product\/milla-nova-batista\/#breadcrumb","itemListElement":[{"@type":"ListItem","position":1,"name":"Home","item":"https:\/\/www.koonings.com\/de\/"},{"@type":"ListItem","position":2,"name":"Milla Nova Batista"}]},{"@type":"WebSite","@id":"https:\/\/www.koonings.com\/de\/#website","url":"https:\/\/www.koonings.com\/de\/","name":"Koonings","description":"De grootste bruidsmodewinkel ter wereld","publisher":{"@id":"https:\/\/www.koonings.com\/de\/#organization"},"potentialAction":[{"@type":"SearchAction","target":{"@type":"EntryPoint","urlTemplate":"https:\/\/www.koonings.com\/de\/?s={search_term_string}"},"query-input":{"@type":"PropertyValueSpecification","valueRequired":true,"valueName":"search_term_string"}}],"inLanguage":"de"},{"@type":"Organization","@id":"https:\/\/www.koonings.com\/de\/#organization","name":"Koonings","url":"https:\/\/www.koonings.com\/de\/","logo":{"@type":"ImageObject","inLanguage":"de","@id":"https:\/\/www.koonings.com\/de\/#\/schema\/logo\/image\/","url":"https:\/\/www.koonings.com\/wp-content\/uploads\/2024\/07\/logo.png","contentUrl":"https:\/\/www.koonings.com\/wp-content\/uploads\/2024\/07\/logo.png","width":600,"height":428,"caption":"Koonings"},"image":{"@id":"https:\/\/www.koonings.com\/de\/#\/schema\/logo\/image\/"},"sameAs":["https:\/\/www.facebook.com\/kooningstheweddingpalace","https:\/\/www.instagram.com\/kooningstheweddingpalace","https:\/\/www.pinterest.com\/koonings","https:\/\/www.youtube.com\/kooningstheweddingpalace"]}]}},"_links":{"self":[{"href":"https:\/\/www.koonings.com\/de\/wp-json\/wp\/v2\/product\/59428","targetHints":{"allow":["GET"]}}],"collection":[{"href":"https:\/\/www.koonings.com\/de\/wp-json\/wp\/v2\/product"}],"about":[{"href":"https:\/\/www.koonings.com\/de\/wp-json\/wp\/v2\/types\/product"}],"wp:featuredmedia":[{"embeddable":true,"href":"https:\/\/www.koonings.com\/de\/wp-json\/wp\/v2\/media\/52057"}],"wp:attachment":[{"href":"https:\/\/www.koonings.com\/de\/wp-json\/wp\/v2\/media?parent=59428"}],"wp:term":[{"taxonomy":"productdetails","embeddable":true,"href":"https:\/\/www.koonings.com\/de\/wp-json\/wp\/v2\/productdetails?post=59428"},{"taxonomy":"productneck","embeddable":true,"href":"https:\/\/www.koonings.com\/de\/wp-json\/wp\/v2\/productneck?post=59428"},{"taxonomy":"productcolor","embeddable":true,"href":"https:\/\/www.koonings.com\/de\/wp-json\/wp\/v2\/productcolor?post=59428"},{"taxonomy":"maat","embeddable":true,"href":"https:\/\/www.koonings.com\/de\/wp-json\/wp\/v2\/maat?post=59428"},{"taxonomy":"productsupplier","embeddable":true,"href":"https:\/\/www.koonings.com\/de\/wp-json\/wp\/v2\/productsupplier?post=59428"},{"taxonomy":"productsleeve","embeddable":true,"href":"https:\/\/www.koonings.com\/de\/wp-json\/wp\/v2\/productsleeve?post=59428"},{"taxonomy":"productcategory","embeddable":true,"href":"https:\/\/www.koonings.com\/de\/wp-json\/wp\/v2\/productcategory?post=59428"},{"taxonomy":"productsilhouette","embeddable":true,"href":"https:\/\/www.koonings.com\/de\/wp-json\/wp\/v2\/productsilhouette?post=59428"},{"taxonomy":"productstyle","embeddable":true,"href":"https:\/\/www.koonings.com\/de\/wp-json\/wp\/v2\/productstyle?post=59428"}],"curies":[{"name":"wp","href":"https:\/\/api.w.org\/{rel}","templated":true}]}}