{"id":59420,"date":"2026-04-28T18:26:59","date_gmt":"2026-04-28T16:26:59","guid":{"rendered":"https:\/\/www.koonings.com\/product\/milla-nova-michelin\/"},"modified":"2025-06-05T13:23:06","modified_gmt":"2025-06-05T11:23:06","slug":"milla-nova-michelin","status":"publish","type":"product","link":"https:\/\/www.koonings.com\/de\/product\/milla-nova-michelin\/","title":{"rendered":"Milla Nova Michelin"},"content":{"rendered":"<p>Verziertes Meerjungfrauenkleid mit aufw\u00e4ndiger floraler Spitze. Der tiefe V-Ausschnitt wird von Spaghettitr\u00e4gern mit Pailletten unterstrichen, die durch abnehmbare, schulterfreie Spitzentr\u00e4ger erg\u00e4nzt werden.<br \/>\nDas Kleid hat einen Rei\u00dfverschluss am offenen R\u00fccken und einen bestickten Meerjungfrauenrock mit kurzer Schleppe. Sie k\u00f6nnen es auch mit einer abnehmbaren T\u00fcllschleppe bestellen, die mit zarter Spitzenborte verziert ist, um den traumhaften Look des Ensembles zu unterstreichen.  <\/p>\n","protected":false},"featured_media":52116,"template":"","meta":{"_acf_changed":false,"ghostkit_customizer_options":"","ghostkit_custom_css":"","ghostkit_custom_js_head":"","ghostkit_custom_js_foot":"","ghostkit_typography":""},"productdetails":[376],"productneck":[356],"productcolor":[393,392],"maat":[],"productsupplier":[446],"productsleeve":[359],"productcategory":[18],"productsilhouette":[387],"productstyle":[366],"class_list":["post-59420","product","type-product","status-publish","has-post-thumbnail","hentry","productdetails-376","productneck-356","productcolor-393","productcolor-392","productsupplier-milla-nova","productsleeve-359","productcategory-trouwjurken","productsilhouette-387","productstyle-366"],"acf":[],"yoast_head":"<!-- This site is optimized with the Yoast SEO plugin v27.3 - https:\/\/yoast.com\/product\/yoast-seo-wordpress\/ -->\n<title>Milla Nova Michelin | Koonings<\/title>\n<meta name=\"description\" content=\"Verziertes Meerjungfrauenkleid mit aufw\u00e4ndiger floraler Spitze. Der tiefe V-Ausschnitt wird von Spaghettitr\u00e4gern mit Pailletten unterstrichen, die durch abnehmbare, schulterfreie Spitzentr\u00e4ger erg\u00e4nzt werden. Das Kleid hat einen Rei\u00dfverschluss am offenen R\u00fccken und einen bestickten Meerjungfrauenrock mit kurzer Schleppe. Sie k\u00f6nnen es auch mit einer abnehmbaren T\u00fcllschleppe bestellen, die mit zarter Spitzenborte verziert ist, um den traumhaften Look des Ensembles zu unterstreichen.\" \/>\n<meta name=\"robots\" content=\"index, follow, max-snippet:-1, max-image-preview:large, max-video-preview:-1\" \/>\n<link rel=\"canonical\" href=\"https:\/\/www.koonings.com\/de\/product\/milla-nova-michelin\/\" \/>\n<meta property=\"og:locale\" content=\"de_DE\" \/>\n<meta property=\"og:type\" content=\"article\" \/>\n<meta property=\"og:title\" content=\"Milla Nova Michelin | Koonings\" \/>\n<meta property=\"og:description\" content=\"Verziertes Meerjungfrauenkleid mit aufw\u00e4ndiger floraler Spitze. Der tiefe V-Ausschnitt wird von Spaghettitr\u00e4gern mit Pailletten unterstrichen, die durch abnehmbare, schulterfreie Spitzentr\u00e4ger erg\u00e4nzt werden. Das Kleid hat einen Rei\u00dfverschluss am offenen R\u00fccken und einen bestickten Meerjungfrauenrock mit kurzer Schleppe. Sie k\u00f6nnen es auch mit einer abnehmbaren T\u00fcllschleppe bestellen, die mit zarter Spitzenborte verziert ist, um den traumhaften Look des Ensembles zu unterstreichen.\" \/>\n<meta property=\"og:url\" content=\"https:\/\/www.koonings.com\/de\/product\/milla-nova-michelin\/\" \/>\n<meta property=\"og:site_name\" content=\"Koonings\" \/>\n<meta property=\"article:publisher\" content=\"https:\/\/www.facebook.com\/kooningstheweddingpalace\" \/>\n<meta property=\"og:image\" content=\"https:\/\/www.koonings.com\/wp-content\/uploads\/2024\/11\/41300_467e8e709b8c8e4593fc34097bf8bc29f5fbbc41e3f74e85ff9973243c5e4e889bdfc661-scaled.jpeg\" \/>\n\t<meta property=\"og:image:width\" content=\"1809\" \/>\n\t<meta property=\"og:image:height\" content=\"2560\" \/>\n\t<meta property=\"og:image:type\" content=\"image\/jpeg\" \/>\n<meta name=\"twitter:card\" content=\"summary_large_image\" \/>\n<script type=\"application\/ld+json\" class=\"yoast-schema-graph\">{\"@context\":\"https:\\\/\\\/schema.org\",\"@graph\":[{\"@type\":\"WebPage\",\"@id\":\"https:\\\/\\\/www.koonings.com\\\/de\\\/product\\\/milla-nova-michelin\\\/\",\"url\":\"https:\\\/\\\/www.koonings.com\\\/de\\\/product\\\/milla-nova-michelin\\\/\",\"name\":\"Milla Nova Michelin | Koonings\",\"isPartOf\":{\"@id\":\"https:\\\/\\\/www.koonings.com\\\/de\\\/#website\"},\"primaryImageOfPage\":{\"@id\":\"https:\\\/\\\/www.koonings.com\\\/de\\\/product\\\/milla-nova-michelin\\\/#primaryimage\"},\"image\":{\"@id\":\"https:\\\/\\\/www.koonings.com\\\/de\\\/product\\\/milla-nova-michelin\\\/#primaryimage\"},\"thumbnailUrl\":\"https:\\\/\\\/www.koonings.com\\\/wp-content\\\/uploads\\\/2024\\\/11\\\/41300_467e8e709b8c8e4593fc34097bf8bc29f5fbbc41e3f74e85ff9973243c5e4e889bdfc661-scaled.jpeg\",\"datePublished\":\"2026-04-28T16:26:59+00:00\",\"description\":\"Verziertes Meerjungfrauenkleid mit aufw\u00e4ndiger floraler Spitze. Der tiefe V-Ausschnitt wird von Spaghettitr\u00e4gern mit Pailletten unterstrichen, die durch abnehmbare, schulterfreie Spitzentr\u00e4ger erg\u00e4nzt werden. Das Kleid hat einen Rei\u00dfverschluss am offenen R\u00fccken und einen bestickten Meerjungfrauenrock mit kurzer Schleppe. Sie k\u00f6nnen es auch mit einer abnehmbaren T\u00fcllschleppe bestellen, die mit zarter Spitzenborte verziert ist, um den traumhaften Look des Ensembles zu unterstreichen.\",\"breadcrumb\":{\"@id\":\"https:\\\/\\\/www.koonings.com\\\/de\\\/product\\\/milla-nova-michelin\\\/#breadcrumb\"},\"inLanguage\":\"de\",\"potentialAction\":[{\"@type\":\"ReadAction\",\"target\":[\"https:\\\/\\\/www.koonings.com\\\/de\\\/product\\\/milla-nova-michelin\\\/\"]}]},{\"@type\":\"ImageObject\",\"inLanguage\":\"de\",\"@id\":\"https:\\\/\\\/www.koonings.com\\\/de\\\/product\\\/milla-nova-michelin\\\/#primaryimage\",\"url\":\"https:\\\/\\\/www.koonings.com\\\/wp-content\\\/uploads\\\/2024\\\/11\\\/41300_467e8e709b8c8e4593fc34097bf8bc29f5fbbc41e3f74e85ff9973243c5e4e889bdfc661-scaled.jpeg\",\"contentUrl\":\"https:\\\/\\\/www.koonings.com\\\/wp-content\\\/uploads\\\/2024\\\/11\\\/41300_467e8e709b8c8e4593fc34097bf8bc29f5fbbc41e3f74e85ff9973243c5e4e889bdfc661-scaled.jpeg\",\"width\":1809,\"height\":2560},{\"@type\":\"BreadcrumbList\",\"@id\":\"https:\\\/\\\/www.koonings.com\\\/de\\\/product\\\/milla-nova-michelin\\\/#breadcrumb\",\"itemListElement\":[{\"@type\":\"ListItem\",\"position\":1,\"name\":\"Home\",\"item\":\"https:\\\/\\\/www.koonings.com\\\/de\\\/\"},{\"@type\":\"ListItem\",\"position\":2,\"name\":\"Milla Nova Michelin\"}]},{\"@type\":\"WebSite\",\"@id\":\"https:\\\/\\\/www.koonings.com\\\/de\\\/#website\",\"url\":\"https:\\\/\\\/www.koonings.com\\\/de\\\/\",\"name\":\"Koonings\",\"description\":\"De grootste bruidsmodewinkel ter wereld\",\"publisher\":{\"@id\":\"https:\\\/\\\/www.koonings.com\\\/de\\\/#organization\"},\"potentialAction\":[{\"@type\":\"SearchAction\",\"target\":{\"@type\":\"EntryPoint\",\"urlTemplate\":\"https:\\\/\\\/www.koonings.com\\\/de\\\/?s={search_term_string}\"},\"query-input\":{\"@type\":\"PropertyValueSpecification\",\"valueRequired\":true,\"valueName\":\"search_term_string\"}}],\"inLanguage\":\"de\"},{\"@type\":\"Organization\",\"@id\":\"https:\\\/\\\/www.koonings.com\\\/de\\\/#organization\",\"name\":\"Koonings\",\"url\":\"https:\\\/\\\/www.koonings.com\\\/de\\\/\",\"logo\":{\"@type\":\"ImageObject\",\"inLanguage\":\"de\",\"@id\":\"https:\\\/\\\/www.koonings.com\\\/de\\\/#\\\/schema\\\/logo\\\/image\\\/\",\"url\":\"https:\\\/\\\/www.koonings.com\\\/wp-content\\\/uploads\\\/2024\\\/07\\\/logo.png\",\"contentUrl\":\"https:\\\/\\\/www.koonings.com\\\/wp-content\\\/uploads\\\/2024\\\/07\\\/logo.png\",\"width\":600,\"height\":428,\"caption\":\"Koonings\"},\"image\":{\"@id\":\"https:\\\/\\\/www.koonings.com\\\/de\\\/#\\\/schema\\\/logo\\\/image\\\/\"},\"sameAs\":[\"https:\\\/\\\/www.facebook.com\\\/kooningstheweddingpalace\",\"https:\\\/\\\/www.instagram.com\\\/kooningstheweddingpalace\",\"https:\\\/\\\/www.pinterest.com\\\/koonings\",\"https:\\\/\\\/www.youtube.com\\\/kooningstheweddingpalace\"]}]}<\/script>\n<!-- \/ Yoast SEO plugin. -->","yoast_head_json":{"title":"Milla Nova Michelin | Koonings","description":"Verziertes Meerjungfrauenkleid mit aufw\u00e4ndiger floraler Spitze. Der tiefe V-Ausschnitt wird von Spaghettitr\u00e4gern mit Pailletten unterstrichen, die durch abnehmbare, schulterfreie Spitzentr\u00e4ger erg\u00e4nzt werden. Das Kleid hat einen Rei\u00dfverschluss am offenen R\u00fccken und einen bestickten Meerjungfrauenrock mit kurzer Schleppe. Sie k\u00f6nnen es auch mit einer abnehmbaren T\u00fcllschleppe bestellen, die mit zarter Spitzenborte verziert ist, um den traumhaften Look des Ensembles zu unterstreichen.","robots":{"index":"index","follow":"follow","max-snippet":"max-snippet:-1","max-image-preview":"max-image-preview:large","max-video-preview":"max-video-preview:-1"},"canonical":"https:\/\/www.koonings.com\/de\/product\/milla-nova-michelin\/","og_locale":"de_DE","og_type":"article","og_title":"Milla Nova Michelin | Koonings","og_description":"Verziertes Meerjungfrauenkleid mit aufw\u00e4ndiger floraler Spitze. Der tiefe V-Ausschnitt wird von Spaghettitr\u00e4gern mit Pailletten unterstrichen, die durch abnehmbare, schulterfreie Spitzentr\u00e4ger erg\u00e4nzt werden. Das Kleid hat einen Rei\u00dfverschluss am offenen R\u00fccken und einen bestickten Meerjungfrauenrock mit kurzer Schleppe. Sie k\u00f6nnen es auch mit einer abnehmbaren T\u00fcllschleppe bestellen, die mit zarter Spitzenborte verziert ist, um den traumhaften Look des Ensembles zu unterstreichen.","og_url":"https:\/\/www.koonings.com\/de\/product\/milla-nova-michelin\/","og_site_name":"Koonings","article_publisher":"https:\/\/www.facebook.com\/kooningstheweddingpalace","og_image":[{"width":1809,"height":2560,"url":"https:\/\/www.koonings.com\/wp-content\/uploads\/2024\/11\/41300_467e8e709b8c8e4593fc34097bf8bc29f5fbbc41e3f74e85ff9973243c5e4e889bdfc661-scaled.jpeg","type":"image\/jpeg"}],"twitter_card":"summary_large_image","schema":{"@context":"https:\/\/schema.org","@graph":[{"@type":"WebPage","@id":"https:\/\/www.koonings.com\/de\/product\/milla-nova-michelin\/","url":"https:\/\/www.koonings.com\/de\/product\/milla-nova-michelin\/","name":"Milla Nova Michelin | Koonings","isPartOf":{"@id":"https:\/\/www.koonings.com\/de\/#website"},"primaryImageOfPage":{"@id":"https:\/\/www.koonings.com\/de\/product\/milla-nova-michelin\/#primaryimage"},"image":{"@id":"https:\/\/www.koonings.com\/de\/product\/milla-nova-michelin\/#primaryimage"},"thumbnailUrl":"https:\/\/www.koonings.com\/wp-content\/uploads\/2024\/11\/41300_467e8e709b8c8e4593fc34097bf8bc29f5fbbc41e3f74e85ff9973243c5e4e889bdfc661-scaled.jpeg","datePublished":"2026-04-28T16:26:59+00:00","description":"Verziertes Meerjungfrauenkleid mit aufw\u00e4ndiger floraler Spitze. Der tiefe V-Ausschnitt wird von Spaghettitr\u00e4gern mit Pailletten unterstrichen, die durch abnehmbare, schulterfreie Spitzentr\u00e4ger erg\u00e4nzt werden. Das Kleid hat einen Rei\u00dfverschluss am offenen R\u00fccken und einen bestickten Meerjungfrauenrock mit kurzer Schleppe. Sie k\u00f6nnen es auch mit einer abnehmbaren T\u00fcllschleppe bestellen, die mit zarter Spitzenborte verziert ist, um den traumhaften Look des Ensembles zu unterstreichen.","breadcrumb":{"@id":"https:\/\/www.koonings.com\/de\/product\/milla-nova-michelin\/#breadcrumb"},"inLanguage":"de","potentialAction":[{"@type":"ReadAction","target":["https:\/\/www.koonings.com\/de\/product\/milla-nova-michelin\/"]}]},{"@type":"ImageObject","inLanguage":"de","@id":"https:\/\/www.koonings.com\/de\/product\/milla-nova-michelin\/#primaryimage","url":"https:\/\/www.koonings.com\/wp-content\/uploads\/2024\/11\/41300_467e8e709b8c8e4593fc34097bf8bc29f5fbbc41e3f74e85ff9973243c5e4e889bdfc661-scaled.jpeg","contentUrl":"https:\/\/www.koonings.com\/wp-content\/uploads\/2024\/11\/41300_467e8e709b8c8e4593fc34097bf8bc29f5fbbc41e3f74e85ff9973243c5e4e889bdfc661-scaled.jpeg","width":1809,"height":2560},{"@type":"BreadcrumbList","@id":"https:\/\/www.koonings.com\/de\/product\/milla-nova-michelin\/#breadcrumb","itemListElement":[{"@type":"ListItem","position":1,"name":"Home","item":"https:\/\/www.koonings.com\/de\/"},{"@type":"ListItem","position":2,"name":"Milla Nova Michelin"}]},{"@type":"WebSite","@id":"https:\/\/www.koonings.com\/de\/#website","url":"https:\/\/www.koonings.com\/de\/","name":"Koonings","description":"De grootste bruidsmodewinkel ter wereld","publisher":{"@id":"https:\/\/www.koonings.com\/de\/#organization"},"potentialAction":[{"@type":"SearchAction","target":{"@type":"EntryPoint","urlTemplate":"https:\/\/www.koonings.com\/de\/?s={search_term_string}"},"query-input":{"@type":"PropertyValueSpecification","valueRequired":true,"valueName":"search_term_string"}}],"inLanguage":"de"},{"@type":"Organization","@id":"https:\/\/www.koonings.com\/de\/#organization","name":"Koonings","url":"https:\/\/www.koonings.com\/de\/","logo":{"@type":"ImageObject","inLanguage":"de","@id":"https:\/\/www.koonings.com\/de\/#\/schema\/logo\/image\/","url":"https:\/\/www.koonings.com\/wp-content\/uploads\/2024\/07\/logo.png","contentUrl":"https:\/\/www.koonings.com\/wp-content\/uploads\/2024\/07\/logo.png","width":600,"height":428,"caption":"Koonings"},"image":{"@id":"https:\/\/www.koonings.com\/de\/#\/schema\/logo\/image\/"},"sameAs":["https:\/\/www.facebook.com\/kooningstheweddingpalace","https:\/\/www.instagram.com\/kooningstheweddingpalace","https:\/\/www.pinterest.com\/koonings","https:\/\/www.youtube.com\/kooningstheweddingpalace"]}]}},"_links":{"self":[{"href":"https:\/\/www.koonings.com\/de\/wp-json\/wp\/v2\/product\/59420","targetHints":{"allow":["GET"]}}],"collection":[{"href":"https:\/\/www.koonings.com\/de\/wp-json\/wp\/v2\/product"}],"about":[{"href":"https:\/\/www.koonings.com\/de\/wp-json\/wp\/v2\/types\/product"}],"wp:featuredmedia":[{"embeddable":true,"href":"https:\/\/www.koonings.com\/de\/wp-json\/wp\/v2\/media\/52116"}],"wp:attachment":[{"href":"https:\/\/www.koonings.com\/de\/wp-json\/wp\/v2\/media?parent=59420"}],"wp:term":[{"taxonomy":"productdetails","embeddable":true,"href":"https:\/\/www.koonings.com\/de\/wp-json\/wp\/v2\/productdetails?post=59420"},{"taxonomy":"productneck","embeddable":true,"href":"https:\/\/www.koonings.com\/de\/wp-json\/wp\/v2\/productneck?post=59420"},{"taxonomy":"productcolor","embeddable":true,"href":"https:\/\/www.koonings.com\/de\/wp-json\/wp\/v2\/productcolor?post=59420"},{"taxonomy":"maat","embeddable":true,"href":"https:\/\/www.koonings.com\/de\/wp-json\/wp\/v2\/maat?post=59420"},{"taxonomy":"productsupplier","embeddable":true,"href":"https:\/\/www.koonings.com\/de\/wp-json\/wp\/v2\/productsupplier?post=59420"},{"taxonomy":"productsleeve","embeddable":true,"href":"https:\/\/www.koonings.com\/de\/wp-json\/wp\/v2\/productsleeve?post=59420"},{"taxonomy":"productcategory","embeddable":true,"href":"https:\/\/www.koonings.com\/de\/wp-json\/wp\/v2\/productcategory?post=59420"},{"taxonomy":"productsilhouette","embeddable":true,"href":"https:\/\/www.koonings.com\/de\/wp-json\/wp\/v2\/productsilhouette?post=59420"},{"taxonomy":"productstyle","embeddable":true,"href":"https:\/\/www.koonings.com\/de\/wp-json\/wp\/v2\/productstyle?post=59420"}],"curies":[{"name":"wp","href":"https:\/\/api.w.org\/{rel}","templated":true}]}}