{"id":59396,"date":"2025-12-15T00:42:37","date_gmt":"2025-12-14T23:42:37","guid":{"rendered":"https:\/\/www.koonings.com\/product\/elysee-calliope-2\/"},"modified":"2026-02-03T18:55:58","modified_gmt":"2026-02-03T17:55:58","slug":"elysee-calliope-2","status":"publish","type":"product","link":"https:\/\/www.koonings.com\/de\/product\/elysee-calliope-2\/","title":{"rendered":"Elysee Kalliope"},"content":{"rendered":"<p>Lassen Sie das sch\u00f6ne Drama beginnen mit diesem m\u00e4rchenhaften Traumhochzeitskleid. Das Modell CalliopeE ist ein bezauberndes Hochzeitskleid in A-Linie mit niedriger Taille, glitzernder Blumen- und Chantilly-Spitze und zarten 3D-Blumendetails am Mieder mit tiefem herzf\u00f6rmigen Ausschnitt und niedlichen abnehmbaren schulterfreien T\u00fcll\u00e4rmeln. Ihr Illusionskorsett am R\u00fccken und der volumin\u00f6se Rock sorgen f\u00fcr die perfekte Dosis Drama in diesem vertr\u00e4umten, k\u00f6niglichen Kleid.  <\/p>\n","protected":false},"featured_media":52226,"template":"","meta":{"_acf_changed":false,"ghostkit_customizer_options":"","ghostkit_custom_css":"","ghostkit_custom_js_head":"","ghostkit_custom_js_foot":"","ghostkit_typography":""},"productdetails":[379,376,381],"productneck":[354,355],"productcolor":[393,392],"maat":[],"productsupplier":[427],"productsleeve":[],"productcategory":[18],"productsilhouette":[384],"productstyle":[366],"class_list":["post-59396","product","type-product","status-publish","has-post-thumbnail","hentry","productdetails-379","productdetails-376","productdetails-381","productneck-354","productneck-355","productcolor-393","productcolor-392","productsupplier-elysee","productcategory-trouwjurken","productsilhouette-384","productstyle-366"],"acf":[],"yoast_head":"<!-- This site is optimized with the Yoast SEO plugin v27.3 - https:\/\/yoast.com\/product\/yoast-seo-wordpress\/ -->\n<title>Elysee Kalliope | Koonings<\/title>\n<meta name=\"description\" content=\"Lassen Sie das sch\u00f6ne Drama beginnen mit diesem m\u00e4rchenhaften Traumhochzeitskleid. Das Modell CalliopeE ist ein bezauberndes Hochzeitskleid in A-Linie mit niedriger Taille, glitzernder Blumen- und Chantilly-Spitze und zarten 3D-Blumendetails am Mieder mit tiefem herzf\u00f6rmigen Ausschnitt und niedlichen abnehmbaren schulterfreien T\u00fcll\u00e4rmeln. Ihr Illusionskorsett am R\u00fccken und der volumin\u00f6se Rock sorgen f\u00fcr die perfekte Dosis Drama in diesem vertr\u00e4umten, k\u00f6niglichen Kleid.\" \/>\n<meta name=\"robots\" content=\"index, follow, max-snippet:-1, max-image-preview:large, max-video-preview:-1\" \/>\n<link rel=\"canonical\" href=\"https:\/\/www.koonings.com\/de\/product\/elysee-calliope-2\/\" \/>\n<meta property=\"og:locale\" content=\"de_DE\" \/>\n<meta property=\"og:type\" content=\"article\" \/>\n<meta property=\"og:title\" content=\"Elysee Kalliope | Koonings\" \/>\n<meta property=\"og:description\" content=\"Lassen Sie das sch\u00f6ne Drama beginnen mit diesem m\u00e4rchenhaften Traumhochzeitskleid. Das Modell CalliopeE ist ein bezauberndes Hochzeitskleid in A-Linie mit niedriger Taille, glitzernder Blumen- und Chantilly-Spitze und zarten 3D-Blumendetails am Mieder mit tiefem herzf\u00f6rmigen Ausschnitt und niedlichen abnehmbaren schulterfreien T\u00fcll\u00e4rmeln. Ihr Illusionskorsett am R\u00fccken und der volumin\u00f6se Rock sorgen f\u00fcr die perfekte Dosis Drama in diesem vertr\u00e4umten, k\u00f6niglichen Kleid.\" \/>\n<meta property=\"og:url\" content=\"https:\/\/www.koonings.com\/de\/product\/elysee-calliope-2\/\" \/>\n<meta property=\"og:site_name\" content=\"Koonings\" \/>\n<meta property=\"article:publisher\" content=\"https:\/\/www.facebook.com\/kooningstheweddingpalace\" \/>\n<meta property=\"article:modified_time\" content=\"2026-02-03T17:55:58+00:00\" \/>\n<meta property=\"og:image\" content=\"https:\/\/www.koonings.com\/wp-content\/uploads\/2024\/11\/48824_c8b62a8a8df52d88640ad54888422e4e68f855fa2322ccc301740c69ac7ba7a25ea1cfa4.jpeg\" \/>\n\t<meta property=\"og:image:width\" content=\"952\" \/>\n\t<meta property=\"og:image:height\" content=\"1349\" \/>\n\t<meta property=\"og:image:type\" content=\"image\/jpeg\" \/>\n<meta name=\"twitter:card\" content=\"summary_large_image\" \/>\n<script type=\"application\/ld+json\" class=\"yoast-schema-graph\">{\"@context\":\"https:\\\/\\\/schema.org\",\"@graph\":[{\"@type\":\"WebPage\",\"@id\":\"https:\\\/\\\/www.koonings.com\\\/de\\\/product\\\/elysee-calliope-2\\\/\",\"url\":\"https:\\\/\\\/www.koonings.com\\\/de\\\/product\\\/elysee-calliope-2\\\/\",\"name\":\"Elysee Kalliope | Koonings\",\"isPartOf\":{\"@id\":\"https:\\\/\\\/www.koonings.com\\\/de\\\/#website\"},\"primaryImageOfPage\":{\"@id\":\"https:\\\/\\\/www.koonings.com\\\/de\\\/product\\\/elysee-calliope-2\\\/#primaryimage\"},\"image\":{\"@id\":\"https:\\\/\\\/www.koonings.com\\\/de\\\/product\\\/elysee-calliope-2\\\/#primaryimage\"},\"thumbnailUrl\":\"https:\\\/\\\/www.koonings.com\\\/wp-content\\\/uploads\\\/2024\\\/11\\\/48824_c8b62a8a8df52d88640ad54888422e4e68f855fa2322ccc301740c69ac7ba7a25ea1cfa4.jpeg\",\"datePublished\":\"2025-12-14T23:42:37+00:00\",\"dateModified\":\"2026-02-03T17:55:58+00:00\",\"description\":\"Lassen Sie das sch\u00f6ne Drama beginnen mit diesem m\u00e4rchenhaften Traumhochzeitskleid. Das Modell CalliopeE ist ein bezauberndes Hochzeitskleid in A-Linie mit niedriger Taille, glitzernder Blumen- und Chantilly-Spitze und zarten 3D-Blumendetails am Mieder mit tiefem herzf\u00f6rmigen Ausschnitt und niedlichen abnehmbaren schulterfreien T\u00fcll\u00e4rmeln. Ihr Illusionskorsett am R\u00fccken und der volumin\u00f6se Rock sorgen f\u00fcr die perfekte Dosis Drama in diesem vertr\u00e4umten, k\u00f6niglichen Kleid.\",\"breadcrumb\":{\"@id\":\"https:\\\/\\\/www.koonings.com\\\/de\\\/product\\\/elysee-calliope-2\\\/#breadcrumb\"},\"inLanguage\":\"de\",\"potentialAction\":[{\"@type\":\"ReadAction\",\"target\":[\"https:\\\/\\\/www.koonings.com\\\/de\\\/product\\\/elysee-calliope-2\\\/\"]}]},{\"@type\":\"ImageObject\",\"inLanguage\":\"de\",\"@id\":\"https:\\\/\\\/www.koonings.com\\\/de\\\/product\\\/elysee-calliope-2\\\/#primaryimage\",\"url\":\"https:\\\/\\\/www.koonings.com\\\/wp-content\\\/uploads\\\/2024\\\/11\\\/48824_c8b62a8a8df52d88640ad54888422e4e68f855fa2322ccc301740c69ac7ba7a25ea1cfa4.jpeg\",\"contentUrl\":\"https:\\\/\\\/www.koonings.com\\\/wp-content\\\/uploads\\\/2024\\\/11\\\/48824_c8b62a8a8df52d88640ad54888422e4e68f855fa2322ccc301740c69ac7ba7a25ea1cfa4.jpeg\",\"width\":952,\"height\":1349},{\"@type\":\"BreadcrumbList\",\"@id\":\"https:\\\/\\\/www.koonings.com\\\/de\\\/product\\\/elysee-calliope-2\\\/#breadcrumb\",\"itemListElement\":[{\"@type\":\"ListItem\",\"position\":1,\"name\":\"Home\",\"item\":\"https:\\\/\\\/www.koonings.com\\\/de\\\/\"},{\"@type\":\"ListItem\",\"position\":2,\"name\":\"Elysee Kalliope\"}]},{\"@type\":\"WebSite\",\"@id\":\"https:\\\/\\\/www.koonings.com\\\/de\\\/#website\",\"url\":\"https:\\\/\\\/www.koonings.com\\\/de\\\/\",\"name\":\"Koonings\",\"description\":\"De grootste bruidsmodewinkel ter wereld\",\"publisher\":{\"@id\":\"https:\\\/\\\/www.koonings.com\\\/de\\\/#organization\"},\"potentialAction\":[{\"@type\":\"SearchAction\",\"target\":{\"@type\":\"EntryPoint\",\"urlTemplate\":\"https:\\\/\\\/www.koonings.com\\\/de\\\/?s={search_term_string}\"},\"query-input\":{\"@type\":\"PropertyValueSpecification\",\"valueRequired\":true,\"valueName\":\"search_term_string\"}}],\"inLanguage\":\"de\"},{\"@type\":\"Organization\",\"@id\":\"https:\\\/\\\/www.koonings.com\\\/de\\\/#organization\",\"name\":\"Koonings\",\"url\":\"https:\\\/\\\/www.koonings.com\\\/de\\\/\",\"logo\":{\"@type\":\"ImageObject\",\"inLanguage\":\"de\",\"@id\":\"https:\\\/\\\/www.koonings.com\\\/de\\\/#\\\/schema\\\/logo\\\/image\\\/\",\"url\":\"https:\\\/\\\/www.koonings.com\\\/wp-content\\\/uploads\\\/2024\\\/07\\\/logo.png\",\"contentUrl\":\"https:\\\/\\\/www.koonings.com\\\/wp-content\\\/uploads\\\/2024\\\/07\\\/logo.png\",\"width\":600,\"height\":428,\"caption\":\"Koonings\"},\"image\":{\"@id\":\"https:\\\/\\\/www.koonings.com\\\/de\\\/#\\\/schema\\\/logo\\\/image\\\/\"},\"sameAs\":[\"https:\\\/\\\/www.facebook.com\\\/kooningstheweddingpalace\",\"https:\\\/\\\/www.instagram.com\\\/kooningstheweddingpalace\",\"https:\\\/\\\/www.pinterest.com\\\/koonings\",\"https:\\\/\\\/www.youtube.com\\\/kooningstheweddingpalace\"]}]}<\/script>\n<!-- \/ Yoast SEO plugin. -->","yoast_head_json":{"title":"Elysee Kalliope | Koonings","description":"Lassen Sie das sch\u00f6ne Drama beginnen mit diesem m\u00e4rchenhaften Traumhochzeitskleid. Das Modell CalliopeE ist ein bezauberndes Hochzeitskleid in A-Linie mit niedriger Taille, glitzernder Blumen- und Chantilly-Spitze und zarten 3D-Blumendetails am Mieder mit tiefem herzf\u00f6rmigen Ausschnitt und niedlichen abnehmbaren schulterfreien T\u00fcll\u00e4rmeln. Ihr Illusionskorsett am R\u00fccken und der volumin\u00f6se Rock sorgen f\u00fcr die perfekte Dosis Drama in diesem vertr\u00e4umten, k\u00f6niglichen Kleid.","robots":{"index":"index","follow":"follow","max-snippet":"max-snippet:-1","max-image-preview":"max-image-preview:large","max-video-preview":"max-video-preview:-1"},"canonical":"https:\/\/www.koonings.com\/de\/product\/elysee-calliope-2\/","og_locale":"de_DE","og_type":"article","og_title":"Elysee Kalliope | Koonings","og_description":"Lassen Sie das sch\u00f6ne Drama beginnen mit diesem m\u00e4rchenhaften Traumhochzeitskleid. Das Modell CalliopeE ist ein bezauberndes Hochzeitskleid in A-Linie mit niedriger Taille, glitzernder Blumen- und Chantilly-Spitze und zarten 3D-Blumendetails am Mieder mit tiefem herzf\u00f6rmigen Ausschnitt und niedlichen abnehmbaren schulterfreien T\u00fcll\u00e4rmeln. Ihr Illusionskorsett am R\u00fccken und der volumin\u00f6se Rock sorgen f\u00fcr die perfekte Dosis Drama in diesem vertr\u00e4umten, k\u00f6niglichen Kleid.","og_url":"https:\/\/www.koonings.com\/de\/product\/elysee-calliope-2\/","og_site_name":"Koonings","article_publisher":"https:\/\/www.facebook.com\/kooningstheweddingpalace","article_modified_time":"2026-02-03T17:55:58+00:00","og_image":[{"width":952,"height":1349,"url":"https:\/\/www.koonings.com\/wp-content\/uploads\/2024\/11\/48824_c8b62a8a8df52d88640ad54888422e4e68f855fa2322ccc301740c69ac7ba7a25ea1cfa4.jpeg","type":"image\/jpeg"}],"twitter_card":"summary_large_image","schema":{"@context":"https:\/\/schema.org","@graph":[{"@type":"WebPage","@id":"https:\/\/www.koonings.com\/de\/product\/elysee-calliope-2\/","url":"https:\/\/www.koonings.com\/de\/product\/elysee-calliope-2\/","name":"Elysee Kalliope | Koonings","isPartOf":{"@id":"https:\/\/www.koonings.com\/de\/#website"},"primaryImageOfPage":{"@id":"https:\/\/www.koonings.com\/de\/product\/elysee-calliope-2\/#primaryimage"},"image":{"@id":"https:\/\/www.koonings.com\/de\/product\/elysee-calliope-2\/#primaryimage"},"thumbnailUrl":"https:\/\/www.koonings.com\/wp-content\/uploads\/2024\/11\/48824_c8b62a8a8df52d88640ad54888422e4e68f855fa2322ccc301740c69ac7ba7a25ea1cfa4.jpeg","datePublished":"2025-12-14T23:42:37+00:00","dateModified":"2026-02-03T17:55:58+00:00","description":"Lassen Sie das sch\u00f6ne Drama beginnen mit diesem m\u00e4rchenhaften Traumhochzeitskleid. Das Modell CalliopeE ist ein bezauberndes Hochzeitskleid in A-Linie mit niedriger Taille, glitzernder Blumen- und Chantilly-Spitze und zarten 3D-Blumendetails am Mieder mit tiefem herzf\u00f6rmigen Ausschnitt und niedlichen abnehmbaren schulterfreien T\u00fcll\u00e4rmeln. Ihr Illusionskorsett am R\u00fccken und der volumin\u00f6se Rock sorgen f\u00fcr die perfekte Dosis Drama in diesem vertr\u00e4umten, k\u00f6niglichen Kleid.","breadcrumb":{"@id":"https:\/\/www.koonings.com\/de\/product\/elysee-calliope-2\/#breadcrumb"},"inLanguage":"de","potentialAction":[{"@type":"ReadAction","target":["https:\/\/www.koonings.com\/de\/product\/elysee-calliope-2\/"]}]},{"@type":"ImageObject","inLanguage":"de","@id":"https:\/\/www.koonings.com\/de\/product\/elysee-calliope-2\/#primaryimage","url":"https:\/\/www.koonings.com\/wp-content\/uploads\/2024\/11\/48824_c8b62a8a8df52d88640ad54888422e4e68f855fa2322ccc301740c69ac7ba7a25ea1cfa4.jpeg","contentUrl":"https:\/\/www.koonings.com\/wp-content\/uploads\/2024\/11\/48824_c8b62a8a8df52d88640ad54888422e4e68f855fa2322ccc301740c69ac7ba7a25ea1cfa4.jpeg","width":952,"height":1349},{"@type":"BreadcrumbList","@id":"https:\/\/www.koonings.com\/de\/product\/elysee-calliope-2\/#breadcrumb","itemListElement":[{"@type":"ListItem","position":1,"name":"Home","item":"https:\/\/www.koonings.com\/de\/"},{"@type":"ListItem","position":2,"name":"Elysee Kalliope"}]},{"@type":"WebSite","@id":"https:\/\/www.koonings.com\/de\/#website","url":"https:\/\/www.koonings.com\/de\/","name":"Koonings","description":"De grootste bruidsmodewinkel ter wereld","publisher":{"@id":"https:\/\/www.koonings.com\/de\/#organization"},"potentialAction":[{"@type":"SearchAction","target":{"@type":"EntryPoint","urlTemplate":"https:\/\/www.koonings.com\/de\/?s={search_term_string}"},"query-input":{"@type":"PropertyValueSpecification","valueRequired":true,"valueName":"search_term_string"}}],"inLanguage":"de"},{"@type":"Organization","@id":"https:\/\/www.koonings.com\/de\/#organization","name":"Koonings","url":"https:\/\/www.koonings.com\/de\/","logo":{"@type":"ImageObject","inLanguage":"de","@id":"https:\/\/www.koonings.com\/de\/#\/schema\/logo\/image\/","url":"https:\/\/www.koonings.com\/wp-content\/uploads\/2024\/07\/logo.png","contentUrl":"https:\/\/www.koonings.com\/wp-content\/uploads\/2024\/07\/logo.png","width":600,"height":428,"caption":"Koonings"},"image":{"@id":"https:\/\/www.koonings.com\/de\/#\/schema\/logo\/image\/"},"sameAs":["https:\/\/www.facebook.com\/kooningstheweddingpalace","https:\/\/www.instagram.com\/kooningstheweddingpalace","https:\/\/www.pinterest.com\/koonings","https:\/\/www.youtube.com\/kooningstheweddingpalace"]}]}},"_links":{"self":[{"href":"https:\/\/www.koonings.com\/de\/wp-json\/wp\/v2\/product\/59396","targetHints":{"allow":["GET"]}}],"collection":[{"href":"https:\/\/www.koonings.com\/de\/wp-json\/wp\/v2\/product"}],"about":[{"href":"https:\/\/www.koonings.com\/de\/wp-json\/wp\/v2\/types\/product"}],"wp:featuredmedia":[{"embeddable":true,"href":"https:\/\/www.koonings.com\/de\/wp-json\/wp\/v2\/media\/52226"}],"wp:attachment":[{"href":"https:\/\/www.koonings.com\/de\/wp-json\/wp\/v2\/media?parent=59396"}],"wp:term":[{"taxonomy":"productdetails","embeddable":true,"href":"https:\/\/www.koonings.com\/de\/wp-json\/wp\/v2\/productdetails?post=59396"},{"taxonomy":"productneck","embeddable":true,"href":"https:\/\/www.koonings.com\/de\/wp-json\/wp\/v2\/productneck?post=59396"},{"taxonomy":"productcolor","embeddable":true,"href":"https:\/\/www.koonings.com\/de\/wp-json\/wp\/v2\/productcolor?post=59396"},{"taxonomy":"maat","embeddable":true,"href":"https:\/\/www.koonings.com\/de\/wp-json\/wp\/v2\/maat?post=59396"},{"taxonomy":"productsupplier","embeddable":true,"href":"https:\/\/www.koonings.com\/de\/wp-json\/wp\/v2\/productsupplier?post=59396"},{"taxonomy":"productsleeve","embeddable":true,"href":"https:\/\/www.koonings.com\/de\/wp-json\/wp\/v2\/productsleeve?post=59396"},{"taxonomy":"productcategory","embeddable":true,"href":"https:\/\/www.koonings.com\/de\/wp-json\/wp\/v2\/productcategory?post=59396"},{"taxonomy":"productsilhouette","embeddable":true,"href":"https:\/\/www.koonings.com\/de\/wp-json\/wp\/v2\/productsilhouette?post=59396"},{"taxonomy":"productstyle","embeddable":true,"href":"https:\/\/www.koonings.com\/de\/wp-json\/wp\/v2\/productstyle?post=59396"}],"curies":[{"name":"wp","href":"https:\/\/api.w.org\/{rel}","templated":true}]}}