{"id":59385,"date":"2024-11-18T15:46:23","date_gmt":"2024-11-18T14:46:23","guid":{"rendered":"https:\/\/www.koonings.com\/product\/nicole-milano-collection-colet-halia\/"},"modified":"2026-02-03T18:56:30","modified_gmt":"2026-02-03T17:56:30","slug":"nicole-milano-collection-colet-halia","status":"publish","type":"product","link":"https:\/\/www.koonings.com\/de\/product\/nicole-milano-collection-colet-halia\/","title":{"rendered":"Nicole Milano Kollektion Colet Halia"},"content":{"rendered":"<p>Entscheiden Sie sich f\u00fcr dieses h\u00fcbsche, flie\u00dfende A-Linien-Mieder mit einem herzf\u00f6rmigen Ausschnitt und Wickel\u00e4rmeln mit T\u00fcllr\u00fcschen. Schlichte, mit Spitze und Perlen bestickte Blumenmuster schm\u00fccken das Oberteil, w\u00e4hrend der Rock mit der Zartheit von T\u00fcll f\u00e4llt. Zeigt einen offenen R\u00fccken.<\/p>\n","protected":false},"featured_media":52311,"template":"","meta":{"_acf_changed":false,"ghostkit_customizer_options":"","ghostkit_custom_css":"","ghostkit_custom_js_head":"","ghostkit_custom_js_foot":"","ghostkit_typography":""},"productdetails":[378,381],"productneck":[355],"productcolor":[392],"maat":[],"productsupplier":[413],"productsleeve":[],"productcategory":[18],"productsilhouette":[384,389],"productstyle":[370],"class_list":["post-59385","product","type-product","status-publish","has-post-thumbnail","hentry","productdetails-378","productdetails-381","productneck-355","productcolor-392","productsupplier-nicole-milano-collection-colet","productcategory-trouwjurken","productsilhouette-384","productsilhouette-389","productstyle-370"],"acf":[],"yoast_head":"<!-- This site is optimized with the Yoast SEO plugin v27.3 - https:\/\/yoast.com\/product\/yoast-seo-wordpress\/ -->\n<title>Nicole Milano Kollektion Colet Halia | Koonings<\/title>\n<meta name=\"description\" content=\"Entscheiden Sie sich f\u00fcr dieses h\u00fcbsche, flie\u00dfende A-Linien-Mieder mit einem herzf\u00f6rmigen Ausschnitt und Wickel\u00e4rmeln mit T\u00fcllr\u00fcschen. Schlichte, mit Spitze und Perlen bestickte Blumenmuster schm\u00fccken das Oberteil, w\u00e4hrend der Rock mit der Zartheit von T\u00fcll f\u00e4llt. Zeigt einen offenen R\u00fccken.\" \/>\n<meta name=\"robots\" content=\"index, follow, max-snippet:-1, max-image-preview:large, max-video-preview:-1\" \/>\n<link rel=\"canonical\" href=\"https:\/\/www.koonings.com\/de\/product\/nicole-milano-collection-colet-halia\/\" \/>\n<meta property=\"og:locale\" content=\"de_DE\" \/>\n<meta property=\"og:type\" content=\"article\" \/>\n<meta property=\"og:title\" content=\"Nicole Milano Kollektion Colet Halia | Koonings\" \/>\n<meta property=\"og:description\" content=\"Entscheiden Sie sich f\u00fcr dieses h\u00fcbsche, flie\u00dfende A-Linien-Mieder mit einem herzf\u00f6rmigen Ausschnitt und Wickel\u00e4rmeln mit T\u00fcllr\u00fcschen. Schlichte, mit Spitze und Perlen bestickte Blumenmuster schm\u00fccken das Oberteil, w\u00e4hrend der Rock mit der Zartheit von T\u00fcll f\u00e4llt. Zeigt einen offenen R\u00fccken.\" \/>\n<meta property=\"og:url\" content=\"https:\/\/www.koonings.com\/de\/product\/nicole-milano-collection-colet-halia\/\" \/>\n<meta property=\"og:site_name\" content=\"Koonings\" \/>\n<meta property=\"article:publisher\" content=\"https:\/\/www.facebook.com\/kooningstheweddingpalace\" \/>\n<meta property=\"article:modified_time\" content=\"2026-02-03T17:56:30+00:00\" \/>\n<meta property=\"og:image\" content=\"https:\/\/www.koonings.com\/wp-content\/uploads\/2024\/11\/48845_53e0f77b15e37559cbc65ee6ad213c42be336b33a183cfe26f4529a6a3a9adbee09f1c7a-scaled.jpeg\" \/>\n\t<meta property=\"og:image:width\" content=\"1810\" \/>\n\t<meta property=\"og:image:height\" content=\"2560\" \/>\n\t<meta property=\"og:image:type\" content=\"image\/jpeg\" \/>\n<meta name=\"twitter:card\" content=\"summary_large_image\" \/>\n<script type=\"application\/ld+json\" class=\"yoast-schema-graph\">{\"@context\":\"https:\\\/\\\/schema.org\",\"@graph\":[{\"@type\":\"WebPage\",\"@id\":\"https:\\\/\\\/www.koonings.com\\\/de\\\/product\\\/nicole-milano-collection-colet-halia\\\/\",\"url\":\"https:\\\/\\\/www.koonings.com\\\/de\\\/product\\\/nicole-milano-collection-colet-halia\\\/\",\"name\":\"Nicole Milano Kollektion Colet Halia | Koonings\",\"isPartOf\":{\"@id\":\"https:\\\/\\\/www.koonings.com\\\/de\\\/#website\"},\"primaryImageOfPage\":{\"@id\":\"https:\\\/\\\/www.koonings.com\\\/de\\\/product\\\/nicole-milano-collection-colet-halia\\\/#primaryimage\"},\"image\":{\"@id\":\"https:\\\/\\\/www.koonings.com\\\/de\\\/product\\\/nicole-milano-collection-colet-halia\\\/#primaryimage\"},\"thumbnailUrl\":\"https:\\\/\\\/www.koonings.com\\\/wp-content\\\/uploads\\\/2024\\\/11\\\/48845_53e0f77b15e37559cbc65ee6ad213c42be336b33a183cfe26f4529a6a3a9adbee09f1c7a-scaled.jpeg\",\"datePublished\":\"2024-11-18T14:46:23+00:00\",\"dateModified\":\"2026-02-03T17:56:30+00:00\",\"description\":\"Entscheiden Sie sich f\u00fcr dieses h\u00fcbsche, flie\u00dfende A-Linien-Mieder mit einem herzf\u00f6rmigen Ausschnitt und Wickel\u00e4rmeln mit T\u00fcllr\u00fcschen. Schlichte, mit Spitze und Perlen bestickte Blumenmuster schm\u00fccken das Oberteil, w\u00e4hrend der Rock mit der Zartheit von T\u00fcll f\u00e4llt. Zeigt einen offenen R\u00fccken.\",\"breadcrumb\":{\"@id\":\"https:\\\/\\\/www.koonings.com\\\/de\\\/product\\\/nicole-milano-collection-colet-halia\\\/#breadcrumb\"},\"inLanguage\":\"de\",\"potentialAction\":[{\"@type\":\"ReadAction\",\"target\":[\"https:\\\/\\\/www.koonings.com\\\/de\\\/product\\\/nicole-milano-collection-colet-halia\\\/\"]}]},{\"@type\":\"ImageObject\",\"inLanguage\":\"de\",\"@id\":\"https:\\\/\\\/www.koonings.com\\\/de\\\/product\\\/nicole-milano-collection-colet-halia\\\/#primaryimage\",\"url\":\"https:\\\/\\\/www.koonings.com\\\/wp-content\\\/uploads\\\/2024\\\/11\\\/48845_53e0f77b15e37559cbc65ee6ad213c42be336b33a183cfe26f4529a6a3a9adbee09f1c7a-scaled.jpeg\",\"contentUrl\":\"https:\\\/\\\/www.koonings.com\\\/wp-content\\\/uploads\\\/2024\\\/11\\\/48845_53e0f77b15e37559cbc65ee6ad213c42be336b33a183cfe26f4529a6a3a9adbee09f1c7a-scaled.jpeg\",\"width\":1810,\"height\":2560},{\"@type\":\"BreadcrumbList\",\"@id\":\"https:\\\/\\\/www.koonings.com\\\/de\\\/product\\\/nicole-milano-collection-colet-halia\\\/#breadcrumb\",\"itemListElement\":[{\"@type\":\"ListItem\",\"position\":1,\"name\":\"Home\",\"item\":\"https:\\\/\\\/www.koonings.com\\\/de\\\/\"},{\"@type\":\"ListItem\",\"position\":2,\"name\":\"Nicole Milano Kollektion Colet Halia\"}]},{\"@type\":\"WebSite\",\"@id\":\"https:\\\/\\\/www.koonings.com\\\/de\\\/#website\",\"url\":\"https:\\\/\\\/www.koonings.com\\\/de\\\/\",\"name\":\"Koonings\",\"description\":\"De grootste bruidsmodewinkel ter wereld\",\"publisher\":{\"@id\":\"https:\\\/\\\/www.koonings.com\\\/de\\\/#organization\"},\"potentialAction\":[{\"@type\":\"SearchAction\",\"target\":{\"@type\":\"EntryPoint\",\"urlTemplate\":\"https:\\\/\\\/www.koonings.com\\\/de\\\/?s={search_term_string}\"},\"query-input\":{\"@type\":\"PropertyValueSpecification\",\"valueRequired\":true,\"valueName\":\"search_term_string\"}}],\"inLanguage\":\"de\"},{\"@type\":\"Organization\",\"@id\":\"https:\\\/\\\/www.koonings.com\\\/de\\\/#organization\",\"name\":\"Koonings\",\"url\":\"https:\\\/\\\/www.koonings.com\\\/de\\\/\",\"logo\":{\"@type\":\"ImageObject\",\"inLanguage\":\"de\",\"@id\":\"https:\\\/\\\/www.koonings.com\\\/de\\\/#\\\/schema\\\/logo\\\/image\\\/\",\"url\":\"https:\\\/\\\/www.koonings.com\\\/wp-content\\\/uploads\\\/2024\\\/07\\\/logo.png\",\"contentUrl\":\"https:\\\/\\\/www.koonings.com\\\/wp-content\\\/uploads\\\/2024\\\/07\\\/logo.png\",\"width\":600,\"height\":428,\"caption\":\"Koonings\"},\"image\":{\"@id\":\"https:\\\/\\\/www.koonings.com\\\/de\\\/#\\\/schema\\\/logo\\\/image\\\/\"},\"sameAs\":[\"https:\\\/\\\/www.facebook.com\\\/kooningstheweddingpalace\",\"https:\\\/\\\/www.instagram.com\\\/kooningstheweddingpalace\",\"https:\\\/\\\/www.pinterest.com\\\/koonings\",\"https:\\\/\\\/www.youtube.com\\\/kooningstheweddingpalace\"]}]}<\/script>\n<!-- \/ Yoast SEO plugin. -->","yoast_head_json":{"title":"Nicole Milano Kollektion Colet Halia | Koonings","description":"Entscheiden Sie sich f\u00fcr dieses h\u00fcbsche, flie\u00dfende A-Linien-Mieder mit einem herzf\u00f6rmigen Ausschnitt und Wickel\u00e4rmeln mit T\u00fcllr\u00fcschen. Schlichte, mit Spitze und Perlen bestickte Blumenmuster schm\u00fccken das Oberteil, w\u00e4hrend der Rock mit der Zartheit von T\u00fcll f\u00e4llt. Zeigt einen offenen R\u00fccken.","robots":{"index":"index","follow":"follow","max-snippet":"max-snippet:-1","max-image-preview":"max-image-preview:large","max-video-preview":"max-video-preview:-1"},"canonical":"https:\/\/www.koonings.com\/de\/product\/nicole-milano-collection-colet-halia\/","og_locale":"de_DE","og_type":"article","og_title":"Nicole Milano Kollektion Colet Halia | Koonings","og_description":"Entscheiden Sie sich f\u00fcr dieses h\u00fcbsche, flie\u00dfende A-Linien-Mieder mit einem herzf\u00f6rmigen Ausschnitt und Wickel\u00e4rmeln mit T\u00fcllr\u00fcschen. Schlichte, mit Spitze und Perlen bestickte Blumenmuster schm\u00fccken das Oberteil, w\u00e4hrend der Rock mit der Zartheit von T\u00fcll f\u00e4llt. Zeigt einen offenen R\u00fccken.","og_url":"https:\/\/www.koonings.com\/de\/product\/nicole-milano-collection-colet-halia\/","og_site_name":"Koonings","article_publisher":"https:\/\/www.facebook.com\/kooningstheweddingpalace","article_modified_time":"2026-02-03T17:56:30+00:00","og_image":[{"width":1810,"height":2560,"url":"https:\/\/www.koonings.com\/wp-content\/uploads\/2024\/11\/48845_53e0f77b15e37559cbc65ee6ad213c42be336b33a183cfe26f4529a6a3a9adbee09f1c7a-scaled.jpeg","type":"image\/jpeg"}],"twitter_card":"summary_large_image","schema":{"@context":"https:\/\/schema.org","@graph":[{"@type":"WebPage","@id":"https:\/\/www.koonings.com\/de\/product\/nicole-milano-collection-colet-halia\/","url":"https:\/\/www.koonings.com\/de\/product\/nicole-milano-collection-colet-halia\/","name":"Nicole Milano Kollektion Colet Halia | Koonings","isPartOf":{"@id":"https:\/\/www.koonings.com\/de\/#website"},"primaryImageOfPage":{"@id":"https:\/\/www.koonings.com\/de\/product\/nicole-milano-collection-colet-halia\/#primaryimage"},"image":{"@id":"https:\/\/www.koonings.com\/de\/product\/nicole-milano-collection-colet-halia\/#primaryimage"},"thumbnailUrl":"https:\/\/www.koonings.com\/wp-content\/uploads\/2024\/11\/48845_53e0f77b15e37559cbc65ee6ad213c42be336b33a183cfe26f4529a6a3a9adbee09f1c7a-scaled.jpeg","datePublished":"2024-11-18T14:46:23+00:00","dateModified":"2026-02-03T17:56:30+00:00","description":"Entscheiden Sie sich f\u00fcr dieses h\u00fcbsche, flie\u00dfende A-Linien-Mieder mit einem herzf\u00f6rmigen Ausschnitt und Wickel\u00e4rmeln mit T\u00fcllr\u00fcschen. Schlichte, mit Spitze und Perlen bestickte Blumenmuster schm\u00fccken das Oberteil, w\u00e4hrend der Rock mit der Zartheit von T\u00fcll f\u00e4llt. Zeigt einen offenen R\u00fccken.","breadcrumb":{"@id":"https:\/\/www.koonings.com\/de\/product\/nicole-milano-collection-colet-halia\/#breadcrumb"},"inLanguage":"de","potentialAction":[{"@type":"ReadAction","target":["https:\/\/www.koonings.com\/de\/product\/nicole-milano-collection-colet-halia\/"]}]},{"@type":"ImageObject","inLanguage":"de","@id":"https:\/\/www.koonings.com\/de\/product\/nicole-milano-collection-colet-halia\/#primaryimage","url":"https:\/\/www.koonings.com\/wp-content\/uploads\/2024\/11\/48845_53e0f77b15e37559cbc65ee6ad213c42be336b33a183cfe26f4529a6a3a9adbee09f1c7a-scaled.jpeg","contentUrl":"https:\/\/www.koonings.com\/wp-content\/uploads\/2024\/11\/48845_53e0f77b15e37559cbc65ee6ad213c42be336b33a183cfe26f4529a6a3a9adbee09f1c7a-scaled.jpeg","width":1810,"height":2560},{"@type":"BreadcrumbList","@id":"https:\/\/www.koonings.com\/de\/product\/nicole-milano-collection-colet-halia\/#breadcrumb","itemListElement":[{"@type":"ListItem","position":1,"name":"Home","item":"https:\/\/www.koonings.com\/de\/"},{"@type":"ListItem","position":2,"name":"Nicole Milano Kollektion Colet Halia"}]},{"@type":"WebSite","@id":"https:\/\/www.koonings.com\/de\/#website","url":"https:\/\/www.koonings.com\/de\/","name":"Koonings","description":"De grootste bruidsmodewinkel ter wereld","publisher":{"@id":"https:\/\/www.koonings.com\/de\/#organization"},"potentialAction":[{"@type":"SearchAction","target":{"@type":"EntryPoint","urlTemplate":"https:\/\/www.koonings.com\/de\/?s={search_term_string}"},"query-input":{"@type":"PropertyValueSpecification","valueRequired":true,"valueName":"search_term_string"}}],"inLanguage":"de"},{"@type":"Organization","@id":"https:\/\/www.koonings.com\/de\/#organization","name":"Koonings","url":"https:\/\/www.koonings.com\/de\/","logo":{"@type":"ImageObject","inLanguage":"de","@id":"https:\/\/www.koonings.com\/de\/#\/schema\/logo\/image\/","url":"https:\/\/www.koonings.com\/wp-content\/uploads\/2024\/07\/logo.png","contentUrl":"https:\/\/www.koonings.com\/wp-content\/uploads\/2024\/07\/logo.png","width":600,"height":428,"caption":"Koonings"},"image":{"@id":"https:\/\/www.koonings.com\/de\/#\/schema\/logo\/image\/"},"sameAs":["https:\/\/www.facebook.com\/kooningstheweddingpalace","https:\/\/www.instagram.com\/kooningstheweddingpalace","https:\/\/www.pinterest.com\/koonings","https:\/\/www.youtube.com\/kooningstheweddingpalace"]}]}},"_links":{"self":[{"href":"https:\/\/www.koonings.com\/de\/wp-json\/wp\/v2\/product\/59385","targetHints":{"allow":["GET"]}}],"collection":[{"href":"https:\/\/www.koonings.com\/de\/wp-json\/wp\/v2\/product"}],"about":[{"href":"https:\/\/www.koonings.com\/de\/wp-json\/wp\/v2\/types\/product"}],"wp:featuredmedia":[{"embeddable":true,"href":"https:\/\/www.koonings.com\/de\/wp-json\/wp\/v2\/media\/52311"}],"wp:attachment":[{"href":"https:\/\/www.koonings.com\/de\/wp-json\/wp\/v2\/media?parent=59385"}],"wp:term":[{"taxonomy":"productdetails","embeddable":true,"href":"https:\/\/www.koonings.com\/de\/wp-json\/wp\/v2\/productdetails?post=59385"},{"taxonomy":"productneck","embeddable":true,"href":"https:\/\/www.koonings.com\/de\/wp-json\/wp\/v2\/productneck?post=59385"},{"taxonomy":"productcolor","embeddable":true,"href":"https:\/\/www.koonings.com\/de\/wp-json\/wp\/v2\/productcolor?post=59385"},{"taxonomy":"maat","embeddable":true,"href":"https:\/\/www.koonings.com\/de\/wp-json\/wp\/v2\/maat?post=59385"},{"taxonomy":"productsupplier","embeddable":true,"href":"https:\/\/www.koonings.com\/de\/wp-json\/wp\/v2\/productsupplier?post=59385"},{"taxonomy":"productsleeve","embeddable":true,"href":"https:\/\/www.koonings.com\/de\/wp-json\/wp\/v2\/productsleeve?post=59385"},{"taxonomy":"productcategory","embeddable":true,"href":"https:\/\/www.koonings.com\/de\/wp-json\/wp\/v2\/productcategory?post=59385"},{"taxonomy":"productsilhouette","embeddable":true,"href":"https:\/\/www.koonings.com\/de\/wp-json\/wp\/v2\/productsilhouette?post=59385"},{"taxonomy":"productstyle","embeddable":true,"href":"https:\/\/www.koonings.com\/de\/wp-json\/wp\/v2\/productstyle?post=59385"}],"curies":[{"name":"wp","href":"https:\/\/api.w.org\/{rel}","templated":true}]}}