{"id":59361,"date":"2024-11-18T15:46:30","date_gmt":"2024-11-18T14:46:30","guid":{"rendered":"https:\/\/www.koonings.com\/product\/ladybird-caria-lb125af1-2\/"},"modified":"2026-02-03T18:57:14","modified_gmt":"2026-02-03T17:57:14","slug":"ladybird-caria-lb125af1-2","status":"publish","type":"product","link":"https:\/\/www.koonings.com\/de\/product\/ladybird-caria-lb125af1-2\/","title":{"rendered":"Marienk\u00e4fer Caria LB125AF1"},"content":{"rendered":"<p>Entscheiden Sie sich f\u00fcr den romantischen Look dieses Kleides mit seinem romantisch bestickten T\u00fcllmieder und dem herzf\u00f6rmigen Ausschnitt, der durch abnehmbare \u00c4rmel aufgelockert wird. Es hat einen geschmeidigen A-Linien-Schnitt und ist aus Chiffon gefertigt. <\/p>\n","protected":false},"featured_media":52441,"template":"","meta":{"_acf_changed":false,"ghostkit_customizer_options":"","ghostkit_custom_css":"","ghostkit_custom_js_head":"","ghostkit_custom_js_foot":"","ghostkit_typography":""},"productdetails":[378,381],"productneck":[354,355],"productcolor":[392],"maat":[],"productsupplier":[437],"productsleeve":[363],"productcategory":[18],"productsilhouette":[384,389],"productstyle":[370],"class_list":["post-59361","product","type-product","status-publish","has-post-thumbnail","hentry","productdetails-378","productdetails-381","productneck-354","productneck-355","productcolor-392","productsupplier-ladybird","productsleeve-363","productcategory-trouwjurken","productsilhouette-384","productsilhouette-389","productstyle-370"],"acf":[],"yoast_head":"<!-- This site is optimized with the Yoast SEO plugin v26.8 - https:\/\/yoast.com\/product\/yoast-seo-wordpress\/ -->\n<title>Marienk\u00e4fer Caria LB125AF1 | Koonings<\/title>\n<meta name=\"description\" content=\"Entscheiden Sie sich f\u00fcr den romantischen Look dieses Kleides mit seinem romantisch bestickten T\u00fcllmieder und dem herzf\u00f6rmigen Ausschnitt, der durch abnehmbare \u00c4rmel aufgelockert wird. Es hat einen geschmeidigen A-Linien-Schnitt und ist aus Chiffon gefertigt.\" \/>\n<meta name=\"robots\" content=\"index, follow, max-snippet:-1, max-image-preview:large, max-video-preview:-1\" \/>\n<link rel=\"canonical\" href=\"https:\/\/www.koonings.com\/de\/product\/ladybird-caria-lb125af1-2\/\" \/>\n<meta property=\"og:locale\" content=\"de_DE\" \/>\n<meta property=\"og:type\" content=\"article\" \/>\n<meta property=\"og:title\" content=\"Marienk\u00e4fer Caria LB125AF1 | Koonings\" \/>\n<meta property=\"og:description\" content=\"Entscheiden Sie sich f\u00fcr den romantischen Look dieses Kleides mit seinem romantisch bestickten T\u00fcllmieder und dem herzf\u00f6rmigen Ausschnitt, der durch abnehmbare \u00c4rmel aufgelockert wird. Es hat einen geschmeidigen A-Linien-Schnitt und ist aus Chiffon gefertigt.\" \/>\n<meta property=\"og:url\" content=\"https:\/\/www.koonings.com\/de\/product\/ladybird-caria-lb125af1-2\/\" \/>\n<meta property=\"og:site_name\" content=\"Koonings\" \/>\n<meta property=\"article:publisher\" content=\"https:\/\/www.facebook.com\/kooningstheweddingpalace\" \/>\n<meta property=\"article:modified_time\" content=\"2026-02-03T17:57:14+00:00\" \/>\n<meta property=\"og:image\" content=\"https:\/\/www.koonings.com\/wp-content\/uploads\/2024\/11\/48866_d605931fa59351c574afccd7d6b2f3872272d482610b12e0bc0d0baa2ad5ded3dd418797-scaled.jpeg\" \/>\n\t<meta property=\"og:image:width\" content=\"1811\" \/>\n\t<meta property=\"og:image:height\" content=\"2560\" \/>\n\t<meta property=\"og:image:type\" content=\"image\/jpeg\" \/>\n<meta name=\"twitter:card\" content=\"summary_large_image\" \/>\n<script type=\"application\/ld+json\" class=\"yoast-schema-graph\">{\"@context\":\"https:\/\/schema.org\",\"@graph\":[{\"@type\":\"WebPage\",\"@id\":\"https:\/\/www.koonings.com\/de\/product\/ladybird-caria-lb125af1-2\/\",\"url\":\"https:\/\/www.koonings.com\/de\/product\/ladybird-caria-lb125af1-2\/\",\"name\":\"Marienk\u00e4fer Caria LB125AF1 | Koonings\",\"isPartOf\":{\"@id\":\"https:\/\/www.koonings.com\/de\/#website\"},\"primaryImageOfPage\":{\"@id\":\"https:\/\/www.koonings.com\/de\/product\/ladybird-caria-lb125af1-2\/#primaryimage\"},\"image\":{\"@id\":\"https:\/\/www.koonings.com\/de\/product\/ladybird-caria-lb125af1-2\/#primaryimage\"},\"thumbnailUrl\":\"https:\/\/www.koonings.com\/wp-content\/uploads\/2024\/11\/48866_d605931fa59351c574afccd7d6b2f3872272d482610b12e0bc0d0baa2ad5ded3dd418797-scaled.jpeg\",\"datePublished\":\"2024-11-18T14:46:30+00:00\",\"dateModified\":\"2026-02-03T17:57:14+00:00\",\"description\":\"Entscheiden Sie sich f\u00fcr den romantischen Look dieses Kleides mit seinem romantisch bestickten T\u00fcllmieder und dem herzf\u00f6rmigen Ausschnitt, der durch abnehmbare \u00c4rmel aufgelockert wird. Es hat einen geschmeidigen A-Linien-Schnitt und ist aus Chiffon gefertigt.\",\"breadcrumb\":{\"@id\":\"https:\/\/www.koonings.com\/de\/product\/ladybird-caria-lb125af1-2\/#breadcrumb\"},\"inLanguage\":\"de\",\"potentialAction\":[{\"@type\":\"ReadAction\",\"target\":[\"https:\/\/www.koonings.com\/de\/product\/ladybird-caria-lb125af1-2\/\"]}]},{\"@type\":\"ImageObject\",\"inLanguage\":\"de\",\"@id\":\"https:\/\/www.koonings.com\/de\/product\/ladybird-caria-lb125af1-2\/#primaryimage\",\"url\":\"https:\/\/www.koonings.com\/wp-content\/uploads\/2024\/11\/48866_d605931fa59351c574afccd7d6b2f3872272d482610b12e0bc0d0baa2ad5ded3dd418797-scaled.jpeg\",\"contentUrl\":\"https:\/\/www.koonings.com\/wp-content\/uploads\/2024\/11\/48866_d605931fa59351c574afccd7d6b2f3872272d482610b12e0bc0d0baa2ad5ded3dd418797-scaled.jpeg\",\"width\":1811,\"height\":2560},{\"@type\":\"BreadcrumbList\",\"@id\":\"https:\/\/www.koonings.com\/de\/product\/ladybird-caria-lb125af1-2\/#breadcrumb\",\"itemListElement\":[{\"@type\":\"ListItem\",\"position\":1,\"name\":\"Home\",\"item\":\"https:\/\/www.koonings.com\/de\/\"},{\"@type\":\"ListItem\",\"position\":2,\"name\":\"Marienk\u00e4fer Caria LB125AF1\"}]},{\"@type\":\"WebSite\",\"@id\":\"https:\/\/www.koonings.com\/de\/#website\",\"url\":\"https:\/\/www.koonings.com\/de\/\",\"name\":\"Koonings\",\"description\":\"De grootste bruidsmodewinkel ter wereld\",\"publisher\":{\"@id\":\"https:\/\/www.koonings.com\/de\/#organization\"},\"potentialAction\":[{\"@type\":\"SearchAction\",\"target\":{\"@type\":\"EntryPoint\",\"urlTemplate\":\"https:\/\/www.koonings.com\/de\/?s={search_term_string}\"},\"query-input\":{\"@type\":\"PropertyValueSpecification\",\"valueRequired\":true,\"valueName\":\"search_term_string\"}}],\"inLanguage\":\"de\"},{\"@type\":\"Organization\",\"@id\":\"https:\/\/www.koonings.com\/de\/#organization\",\"name\":\"Koonings\",\"url\":\"https:\/\/www.koonings.com\/de\/\",\"logo\":{\"@type\":\"ImageObject\",\"inLanguage\":\"de\",\"@id\":\"https:\/\/www.koonings.com\/de\/#\/schema\/logo\/image\/\",\"url\":\"https:\/\/www.koonings.com\/wp-content\/uploads\/2024\/07\/logo.png\",\"contentUrl\":\"https:\/\/www.koonings.com\/wp-content\/uploads\/2024\/07\/logo.png\",\"width\":600,\"height\":428,\"caption\":\"Koonings\"},\"image\":{\"@id\":\"https:\/\/www.koonings.com\/de\/#\/schema\/logo\/image\/\"},\"sameAs\":[\"https:\/\/www.facebook.com\/kooningstheweddingpalace\",\"https:\/\/www.instagram.com\/kooningstheweddingpalace\",\"https:\/\/www.pinterest.com\/koonings\",\"https:\/\/www.youtube.com\/kooningstheweddingpalace\"]}]}<\/script>\n<!-- \/ Yoast SEO plugin. -->","yoast_head_json":{"title":"Marienk\u00e4fer Caria LB125AF1 | Koonings","description":"Entscheiden Sie sich f\u00fcr den romantischen Look dieses Kleides mit seinem romantisch bestickten T\u00fcllmieder und dem herzf\u00f6rmigen Ausschnitt, der durch abnehmbare \u00c4rmel aufgelockert wird. Es hat einen geschmeidigen A-Linien-Schnitt und ist aus Chiffon gefertigt.","robots":{"index":"index","follow":"follow","max-snippet":"max-snippet:-1","max-image-preview":"max-image-preview:large","max-video-preview":"max-video-preview:-1"},"canonical":"https:\/\/www.koonings.com\/de\/product\/ladybird-caria-lb125af1-2\/","og_locale":"de_DE","og_type":"article","og_title":"Marienk\u00e4fer Caria LB125AF1 | Koonings","og_description":"Entscheiden Sie sich f\u00fcr den romantischen Look dieses Kleides mit seinem romantisch bestickten T\u00fcllmieder und dem herzf\u00f6rmigen Ausschnitt, der durch abnehmbare \u00c4rmel aufgelockert wird. Es hat einen geschmeidigen A-Linien-Schnitt und ist aus Chiffon gefertigt.","og_url":"https:\/\/www.koonings.com\/de\/product\/ladybird-caria-lb125af1-2\/","og_site_name":"Koonings","article_publisher":"https:\/\/www.facebook.com\/kooningstheweddingpalace","article_modified_time":"2026-02-03T17:57:14+00:00","og_image":[{"width":1811,"height":2560,"url":"https:\/\/www.koonings.com\/wp-content\/uploads\/2024\/11\/48866_d605931fa59351c574afccd7d6b2f3872272d482610b12e0bc0d0baa2ad5ded3dd418797-scaled.jpeg","type":"image\/jpeg"}],"twitter_card":"summary_large_image","schema":{"@context":"https:\/\/schema.org","@graph":[{"@type":"WebPage","@id":"https:\/\/www.koonings.com\/de\/product\/ladybird-caria-lb125af1-2\/","url":"https:\/\/www.koonings.com\/de\/product\/ladybird-caria-lb125af1-2\/","name":"Marienk\u00e4fer Caria LB125AF1 | Koonings","isPartOf":{"@id":"https:\/\/www.koonings.com\/de\/#website"},"primaryImageOfPage":{"@id":"https:\/\/www.koonings.com\/de\/product\/ladybird-caria-lb125af1-2\/#primaryimage"},"image":{"@id":"https:\/\/www.koonings.com\/de\/product\/ladybird-caria-lb125af1-2\/#primaryimage"},"thumbnailUrl":"https:\/\/www.koonings.com\/wp-content\/uploads\/2024\/11\/48866_d605931fa59351c574afccd7d6b2f3872272d482610b12e0bc0d0baa2ad5ded3dd418797-scaled.jpeg","datePublished":"2024-11-18T14:46:30+00:00","dateModified":"2026-02-03T17:57:14+00:00","description":"Entscheiden Sie sich f\u00fcr den romantischen Look dieses Kleides mit seinem romantisch bestickten T\u00fcllmieder und dem herzf\u00f6rmigen Ausschnitt, der durch abnehmbare \u00c4rmel aufgelockert wird. Es hat einen geschmeidigen A-Linien-Schnitt und ist aus Chiffon gefertigt.","breadcrumb":{"@id":"https:\/\/www.koonings.com\/de\/product\/ladybird-caria-lb125af1-2\/#breadcrumb"},"inLanguage":"de","potentialAction":[{"@type":"ReadAction","target":["https:\/\/www.koonings.com\/de\/product\/ladybird-caria-lb125af1-2\/"]}]},{"@type":"ImageObject","inLanguage":"de","@id":"https:\/\/www.koonings.com\/de\/product\/ladybird-caria-lb125af1-2\/#primaryimage","url":"https:\/\/www.koonings.com\/wp-content\/uploads\/2024\/11\/48866_d605931fa59351c574afccd7d6b2f3872272d482610b12e0bc0d0baa2ad5ded3dd418797-scaled.jpeg","contentUrl":"https:\/\/www.koonings.com\/wp-content\/uploads\/2024\/11\/48866_d605931fa59351c574afccd7d6b2f3872272d482610b12e0bc0d0baa2ad5ded3dd418797-scaled.jpeg","width":1811,"height":2560},{"@type":"BreadcrumbList","@id":"https:\/\/www.koonings.com\/de\/product\/ladybird-caria-lb125af1-2\/#breadcrumb","itemListElement":[{"@type":"ListItem","position":1,"name":"Home","item":"https:\/\/www.koonings.com\/de\/"},{"@type":"ListItem","position":2,"name":"Marienk\u00e4fer Caria LB125AF1"}]},{"@type":"WebSite","@id":"https:\/\/www.koonings.com\/de\/#website","url":"https:\/\/www.koonings.com\/de\/","name":"Koonings","description":"De grootste bruidsmodewinkel ter wereld","publisher":{"@id":"https:\/\/www.koonings.com\/de\/#organization"},"potentialAction":[{"@type":"SearchAction","target":{"@type":"EntryPoint","urlTemplate":"https:\/\/www.koonings.com\/de\/?s={search_term_string}"},"query-input":{"@type":"PropertyValueSpecification","valueRequired":true,"valueName":"search_term_string"}}],"inLanguage":"de"},{"@type":"Organization","@id":"https:\/\/www.koonings.com\/de\/#organization","name":"Koonings","url":"https:\/\/www.koonings.com\/de\/","logo":{"@type":"ImageObject","inLanguage":"de","@id":"https:\/\/www.koonings.com\/de\/#\/schema\/logo\/image\/","url":"https:\/\/www.koonings.com\/wp-content\/uploads\/2024\/07\/logo.png","contentUrl":"https:\/\/www.koonings.com\/wp-content\/uploads\/2024\/07\/logo.png","width":600,"height":428,"caption":"Koonings"},"image":{"@id":"https:\/\/www.koonings.com\/de\/#\/schema\/logo\/image\/"},"sameAs":["https:\/\/www.facebook.com\/kooningstheweddingpalace","https:\/\/www.instagram.com\/kooningstheweddingpalace","https:\/\/www.pinterest.com\/koonings","https:\/\/www.youtube.com\/kooningstheweddingpalace"]}]}},"_links":{"self":[{"href":"https:\/\/www.koonings.com\/de\/wp-json\/wp\/v2\/product\/59361","targetHints":{"allow":["GET"]}}],"collection":[{"href":"https:\/\/www.koonings.com\/de\/wp-json\/wp\/v2\/product"}],"about":[{"href":"https:\/\/www.koonings.com\/de\/wp-json\/wp\/v2\/types\/product"}],"wp:featuredmedia":[{"embeddable":true,"href":"https:\/\/www.koonings.com\/de\/wp-json\/wp\/v2\/media\/52441"}],"wp:attachment":[{"href":"https:\/\/www.koonings.com\/de\/wp-json\/wp\/v2\/media?parent=59361"}],"wp:term":[{"taxonomy":"productdetails","embeddable":true,"href":"https:\/\/www.koonings.com\/de\/wp-json\/wp\/v2\/productdetails?post=59361"},{"taxonomy":"productneck","embeddable":true,"href":"https:\/\/www.koonings.com\/de\/wp-json\/wp\/v2\/productneck?post=59361"},{"taxonomy":"productcolor","embeddable":true,"href":"https:\/\/www.koonings.com\/de\/wp-json\/wp\/v2\/productcolor?post=59361"},{"taxonomy":"maat","embeddable":true,"href":"https:\/\/www.koonings.com\/de\/wp-json\/wp\/v2\/maat?post=59361"},{"taxonomy":"productsupplier","embeddable":true,"href":"https:\/\/www.koonings.com\/de\/wp-json\/wp\/v2\/productsupplier?post=59361"},{"taxonomy":"productsleeve","embeddable":true,"href":"https:\/\/www.koonings.com\/de\/wp-json\/wp\/v2\/productsleeve?post=59361"},{"taxonomy":"productcategory","embeddable":true,"href":"https:\/\/www.koonings.com\/de\/wp-json\/wp\/v2\/productcategory?post=59361"},{"taxonomy":"productsilhouette","embeddable":true,"href":"https:\/\/www.koonings.com\/de\/wp-json\/wp\/v2\/productsilhouette?post=59361"},{"taxonomy":"productstyle","embeddable":true,"href":"https:\/\/www.koonings.com\/de\/wp-json\/wp\/v2\/productstyle?post=59361"}],"curies":[{"name":"wp","href":"https:\/\/api.w.org\/{rel}","templated":true}]}}