{"id":59360,"date":"2024-11-18T15:46:32","date_gmt":"2024-11-18T14:46:32","guid":{"rendered":"https:\/\/www.koonings.com\/product\/enzoani-udelia\/"},"modified":"2026-02-03T18:57:29","modified_gmt":"2026-02-03T17:57:29","slug":"enzoani-udelia","status":"publish","type":"product","link":"https:\/\/www.koonings.com\/de\/product\/enzoani-udelia\/","title":{"rendered":"Enzoani Udelia"},"content":{"rendered":"<p>Treten Sie ein in zeitlose Eleganz mit diesem \u00e4therischen Ballkleid, das in ein Etuikleid mit atemberaubenden 3D-Blumen und einem wundersch\u00f6n gestalteten Dekollet\u00e9 verwandelt wurde. Es strahlt eine Aura von Romantik aus, die zu einer M\u00e4rchenhochzeit passt, und l\u00e4sst Sie sich k\u00f6niglich f\u00fchlen. Der extravagante, abnehmbare \u00dcberrock \u00fcber der schlanken Meerjungfrau-Silhouette schafft zwei atemberaubende Looks in einem &#8211; und einen perfekten \u00dcbergang von der Zeremonie zum Empfang.  <\/p>\n","protected":false},"featured_media":52479,"template":"","meta":{"_acf_changed":false,"ghostkit_customizer_options":"","ghostkit_custom_css":"","ghostkit_custom_js_head":"","ghostkit_custom_js_foot":"","ghostkit_typography":""},"productdetails":[379],"productneck":[354],"productcolor":[392],"maat":[],"productsupplier":[406],"productsleeve":[358],"productcategory":[18],"productsilhouette":[387],"productstyle":[372],"class_list":["post-59360","product","type-product","status-publish","has-post-thumbnail","hentry","productdetails-379","productneck-354","productcolor-392","productsupplier-enzoani","productsleeve-358","productcategory-trouwjurken","productsilhouette-387","productstyle-372"],"acf":[],"yoast_head":"<!-- This site is optimized with the Yoast SEO plugin v27.3 - https:\/\/yoast.com\/product\/yoast-seo-wordpress\/ -->\n<title>Enzoani Udelia | Koonings<\/title>\n<meta name=\"description\" content=\"Treten Sie ein in zeitlose Eleganz mit diesem \u00e4therischen Ballkleid, das in ein Etuikleid mit atemberaubenden 3D-Blumen und einem wundersch\u00f6n gestalteten Dekollet\u00e9 verwandelt wurde. Es strahlt eine Aura von Romantik aus, die zu einer M\u00e4rchenhochzeit passt, und l\u00e4sst Sie sich k\u00f6niglich f\u00fchlen. Der extravagante, abnehmbare \u00dcberrock \u00fcber der schlanken Meerjungfrau-Silhouette schafft zwei atemberaubende Looks in einem - und einen perfekten \u00dcbergang von der Zeremonie zum Empfang.\" \/>\n<meta name=\"robots\" content=\"index, follow, max-snippet:-1, max-image-preview:large, max-video-preview:-1\" \/>\n<link rel=\"canonical\" href=\"https:\/\/www.koonings.com\/de\/product\/enzoani-udelia\/\" \/>\n<meta property=\"og:locale\" content=\"de_DE\" \/>\n<meta property=\"og:type\" content=\"article\" \/>\n<meta property=\"og:title\" content=\"Enzoani Udelia | Koonings\" \/>\n<meta property=\"og:description\" content=\"Treten Sie ein in zeitlose Eleganz mit diesem \u00e4therischen Ballkleid, das in ein Etuikleid mit atemberaubenden 3D-Blumen und einem wundersch\u00f6n gestalteten Dekollet\u00e9 verwandelt wurde. Es strahlt eine Aura von Romantik aus, die zu einer M\u00e4rchenhochzeit passt, und l\u00e4sst Sie sich k\u00f6niglich f\u00fchlen. Der extravagante, abnehmbare \u00dcberrock \u00fcber der schlanken Meerjungfrau-Silhouette schafft zwei atemberaubende Looks in einem - und einen perfekten \u00dcbergang von der Zeremonie zum Empfang.\" \/>\n<meta property=\"og:url\" content=\"https:\/\/www.koonings.com\/de\/product\/enzoani-udelia\/\" \/>\n<meta property=\"og:site_name\" content=\"Koonings\" \/>\n<meta property=\"article:publisher\" content=\"https:\/\/www.facebook.com\/kooningstheweddingpalace\" \/>\n<meta property=\"article:modified_time\" content=\"2026-02-03T17:57:29+00:00\" \/>\n<meta property=\"og:image\" content=\"https:\/\/www.koonings.com\/wp-content\/uploads\/2024\/11\/48870_ee443649f376f0f95a10f7547281a632e4f907306eb8b3b70c438373ec78cfa0e1ac6cf0.jpeg\" \/>\n\t<meta property=\"og:image:width\" content=\"1035\" \/>\n\t<meta property=\"og:image:height\" content=\"1380\" \/>\n\t<meta property=\"og:image:type\" content=\"image\/jpeg\" \/>\n<meta name=\"twitter:card\" content=\"summary_large_image\" \/>\n<script type=\"application\/ld+json\" class=\"yoast-schema-graph\">{\"@context\":\"https:\\\/\\\/schema.org\",\"@graph\":[{\"@type\":\"WebPage\",\"@id\":\"https:\\\/\\\/www.koonings.com\\\/de\\\/product\\\/enzoani-udelia\\\/\",\"url\":\"https:\\\/\\\/www.koonings.com\\\/de\\\/product\\\/enzoani-udelia\\\/\",\"name\":\"Enzoani Udelia | Koonings\",\"isPartOf\":{\"@id\":\"https:\\\/\\\/www.koonings.com\\\/de\\\/#website\"},\"primaryImageOfPage\":{\"@id\":\"https:\\\/\\\/www.koonings.com\\\/de\\\/product\\\/enzoani-udelia\\\/#primaryimage\"},\"image\":{\"@id\":\"https:\\\/\\\/www.koonings.com\\\/de\\\/product\\\/enzoani-udelia\\\/#primaryimage\"},\"thumbnailUrl\":\"https:\\\/\\\/www.koonings.com\\\/wp-content\\\/uploads\\\/2024\\\/11\\\/48870_ee443649f376f0f95a10f7547281a632e4f907306eb8b3b70c438373ec78cfa0e1ac6cf0.jpeg\",\"datePublished\":\"2024-11-18T14:46:32+00:00\",\"dateModified\":\"2026-02-03T17:57:29+00:00\",\"description\":\"Treten Sie ein in zeitlose Eleganz mit diesem \u00e4therischen Ballkleid, das in ein Etuikleid mit atemberaubenden 3D-Blumen und einem wundersch\u00f6n gestalteten Dekollet\u00e9 verwandelt wurde. Es strahlt eine Aura von Romantik aus, die zu einer M\u00e4rchenhochzeit passt, und l\u00e4sst Sie sich k\u00f6niglich f\u00fchlen. Der extravagante, abnehmbare \u00dcberrock \u00fcber der schlanken Meerjungfrau-Silhouette schafft zwei atemberaubende Looks in einem - und einen perfekten \u00dcbergang von der Zeremonie zum Empfang.\",\"breadcrumb\":{\"@id\":\"https:\\\/\\\/www.koonings.com\\\/de\\\/product\\\/enzoani-udelia\\\/#breadcrumb\"},\"inLanguage\":\"de\",\"potentialAction\":[{\"@type\":\"ReadAction\",\"target\":[\"https:\\\/\\\/www.koonings.com\\\/de\\\/product\\\/enzoani-udelia\\\/\"]}]},{\"@type\":\"ImageObject\",\"inLanguage\":\"de\",\"@id\":\"https:\\\/\\\/www.koonings.com\\\/de\\\/product\\\/enzoani-udelia\\\/#primaryimage\",\"url\":\"https:\\\/\\\/www.koonings.com\\\/wp-content\\\/uploads\\\/2024\\\/11\\\/48870_ee443649f376f0f95a10f7547281a632e4f907306eb8b3b70c438373ec78cfa0e1ac6cf0.jpeg\",\"contentUrl\":\"https:\\\/\\\/www.koonings.com\\\/wp-content\\\/uploads\\\/2024\\\/11\\\/48870_ee443649f376f0f95a10f7547281a632e4f907306eb8b3b70c438373ec78cfa0e1ac6cf0.jpeg\",\"width\":1035,\"height\":1380},{\"@type\":\"BreadcrumbList\",\"@id\":\"https:\\\/\\\/www.koonings.com\\\/de\\\/product\\\/enzoani-udelia\\\/#breadcrumb\",\"itemListElement\":[{\"@type\":\"ListItem\",\"position\":1,\"name\":\"Home\",\"item\":\"https:\\\/\\\/www.koonings.com\\\/de\\\/\"},{\"@type\":\"ListItem\",\"position\":2,\"name\":\"Enzoani Udelia\"}]},{\"@type\":\"WebSite\",\"@id\":\"https:\\\/\\\/www.koonings.com\\\/de\\\/#website\",\"url\":\"https:\\\/\\\/www.koonings.com\\\/de\\\/\",\"name\":\"Koonings\",\"description\":\"De grootste bruidsmodewinkel ter wereld\",\"publisher\":{\"@id\":\"https:\\\/\\\/www.koonings.com\\\/de\\\/#organization\"},\"potentialAction\":[{\"@type\":\"SearchAction\",\"target\":{\"@type\":\"EntryPoint\",\"urlTemplate\":\"https:\\\/\\\/www.koonings.com\\\/de\\\/?s={search_term_string}\"},\"query-input\":{\"@type\":\"PropertyValueSpecification\",\"valueRequired\":true,\"valueName\":\"search_term_string\"}}],\"inLanguage\":\"de\"},{\"@type\":\"Organization\",\"@id\":\"https:\\\/\\\/www.koonings.com\\\/de\\\/#organization\",\"name\":\"Koonings\",\"url\":\"https:\\\/\\\/www.koonings.com\\\/de\\\/\",\"logo\":{\"@type\":\"ImageObject\",\"inLanguage\":\"de\",\"@id\":\"https:\\\/\\\/www.koonings.com\\\/de\\\/#\\\/schema\\\/logo\\\/image\\\/\",\"url\":\"https:\\\/\\\/www.koonings.com\\\/wp-content\\\/uploads\\\/2024\\\/07\\\/logo.png\",\"contentUrl\":\"https:\\\/\\\/www.koonings.com\\\/wp-content\\\/uploads\\\/2024\\\/07\\\/logo.png\",\"width\":600,\"height\":428,\"caption\":\"Koonings\"},\"image\":{\"@id\":\"https:\\\/\\\/www.koonings.com\\\/de\\\/#\\\/schema\\\/logo\\\/image\\\/\"},\"sameAs\":[\"https:\\\/\\\/www.facebook.com\\\/kooningstheweddingpalace\",\"https:\\\/\\\/www.instagram.com\\\/kooningstheweddingpalace\",\"https:\\\/\\\/www.pinterest.com\\\/koonings\",\"https:\\\/\\\/www.youtube.com\\\/kooningstheweddingpalace\"]}]}<\/script>\n<!-- \/ Yoast SEO plugin. -->","yoast_head_json":{"title":"Enzoani Udelia | Koonings","description":"Treten Sie ein in zeitlose Eleganz mit diesem \u00e4therischen Ballkleid, das in ein Etuikleid mit atemberaubenden 3D-Blumen und einem wundersch\u00f6n gestalteten Dekollet\u00e9 verwandelt wurde. Es strahlt eine Aura von Romantik aus, die zu einer M\u00e4rchenhochzeit passt, und l\u00e4sst Sie sich k\u00f6niglich f\u00fchlen. Der extravagante, abnehmbare \u00dcberrock \u00fcber der schlanken Meerjungfrau-Silhouette schafft zwei atemberaubende Looks in einem - und einen perfekten \u00dcbergang von der Zeremonie zum Empfang.","robots":{"index":"index","follow":"follow","max-snippet":"max-snippet:-1","max-image-preview":"max-image-preview:large","max-video-preview":"max-video-preview:-1"},"canonical":"https:\/\/www.koonings.com\/de\/product\/enzoani-udelia\/","og_locale":"de_DE","og_type":"article","og_title":"Enzoani Udelia | Koonings","og_description":"Treten Sie ein in zeitlose Eleganz mit diesem \u00e4therischen Ballkleid, das in ein Etuikleid mit atemberaubenden 3D-Blumen und einem wundersch\u00f6n gestalteten Dekollet\u00e9 verwandelt wurde. Es strahlt eine Aura von Romantik aus, die zu einer M\u00e4rchenhochzeit passt, und l\u00e4sst Sie sich k\u00f6niglich f\u00fchlen. Der extravagante, abnehmbare \u00dcberrock \u00fcber der schlanken Meerjungfrau-Silhouette schafft zwei atemberaubende Looks in einem - und einen perfekten \u00dcbergang von der Zeremonie zum Empfang.","og_url":"https:\/\/www.koonings.com\/de\/product\/enzoani-udelia\/","og_site_name":"Koonings","article_publisher":"https:\/\/www.facebook.com\/kooningstheweddingpalace","article_modified_time":"2026-02-03T17:57:29+00:00","og_image":[{"width":1035,"height":1380,"url":"https:\/\/www.koonings.com\/wp-content\/uploads\/2024\/11\/48870_ee443649f376f0f95a10f7547281a632e4f907306eb8b3b70c438373ec78cfa0e1ac6cf0.jpeg","type":"image\/jpeg"}],"twitter_card":"summary_large_image","schema":{"@context":"https:\/\/schema.org","@graph":[{"@type":"WebPage","@id":"https:\/\/www.koonings.com\/de\/product\/enzoani-udelia\/","url":"https:\/\/www.koonings.com\/de\/product\/enzoani-udelia\/","name":"Enzoani Udelia | Koonings","isPartOf":{"@id":"https:\/\/www.koonings.com\/de\/#website"},"primaryImageOfPage":{"@id":"https:\/\/www.koonings.com\/de\/product\/enzoani-udelia\/#primaryimage"},"image":{"@id":"https:\/\/www.koonings.com\/de\/product\/enzoani-udelia\/#primaryimage"},"thumbnailUrl":"https:\/\/www.koonings.com\/wp-content\/uploads\/2024\/11\/48870_ee443649f376f0f95a10f7547281a632e4f907306eb8b3b70c438373ec78cfa0e1ac6cf0.jpeg","datePublished":"2024-11-18T14:46:32+00:00","dateModified":"2026-02-03T17:57:29+00:00","description":"Treten Sie ein in zeitlose Eleganz mit diesem \u00e4therischen Ballkleid, das in ein Etuikleid mit atemberaubenden 3D-Blumen und einem wundersch\u00f6n gestalteten Dekollet\u00e9 verwandelt wurde. Es strahlt eine Aura von Romantik aus, die zu einer M\u00e4rchenhochzeit passt, und l\u00e4sst Sie sich k\u00f6niglich f\u00fchlen. Der extravagante, abnehmbare \u00dcberrock \u00fcber der schlanken Meerjungfrau-Silhouette schafft zwei atemberaubende Looks in einem - und einen perfekten \u00dcbergang von der Zeremonie zum Empfang.","breadcrumb":{"@id":"https:\/\/www.koonings.com\/de\/product\/enzoani-udelia\/#breadcrumb"},"inLanguage":"de","potentialAction":[{"@type":"ReadAction","target":["https:\/\/www.koonings.com\/de\/product\/enzoani-udelia\/"]}]},{"@type":"ImageObject","inLanguage":"de","@id":"https:\/\/www.koonings.com\/de\/product\/enzoani-udelia\/#primaryimage","url":"https:\/\/www.koonings.com\/wp-content\/uploads\/2024\/11\/48870_ee443649f376f0f95a10f7547281a632e4f907306eb8b3b70c438373ec78cfa0e1ac6cf0.jpeg","contentUrl":"https:\/\/www.koonings.com\/wp-content\/uploads\/2024\/11\/48870_ee443649f376f0f95a10f7547281a632e4f907306eb8b3b70c438373ec78cfa0e1ac6cf0.jpeg","width":1035,"height":1380},{"@type":"BreadcrumbList","@id":"https:\/\/www.koonings.com\/de\/product\/enzoani-udelia\/#breadcrumb","itemListElement":[{"@type":"ListItem","position":1,"name":"Home","item":"https:\/\/www.koonings.com\/de\/"},{"@type":"ListItem","position":2,"name":"Enzoani Udelia"}]},{"@type":"WebSite","@id":"https:\/\/www.koonings.com\/de\/#website","url":"https:\/\/www.koonings.com\/de\/","name":"Koonings","description":"De grootste bruidsmodewinkel ter wereld","publisher":{"@id":"https:\/\/www.koonings.com\/de\/#organization"},"potentialAction":[{"@type":"SearchAction","target":{"@type":"EntryPoint","urlTemplate":"https:\/\/www.koonings.com\/de\/?s={search_term_string}"},"query-input":{"@type":"PropertyValueSpecification","valueRequired":true,"valueName":"search_term_string"}}],"inLanguage":"de"},{"@type":"Organization","@id":"https:\/\/www.koonings.com\/de\/#organization","name":"Koonings","url":"https:\/\/www.koonings.com\/de\/","logo":{"@type":"ImageObject","inLanguage":"de","@id":"https:\/\/www.koonings.com\/de\/#\/schema\/logo\/image\/","url":"https:\/\/www.koonings.com\/wp-content\/uploads\/2024\/07\/logo.png","contentUrl":"https:\/\/www.koonings.com\/wp-content\/uploads\/2024\/07\/logo.png","width":600,"height":428,"caption":"Koonings"},"image":{"@id":"https:\/\/www.koonings.com\/de\/#\/schema\/logo\/image\/"},"sameAs":["https:\/\/www.facebook.com\/kooningstheweddingpalace","https:\/\/www.instagram.com\/kooningstheweddingpalace","https:\/\/www.pinterest.com\/koonings","https:\/\/www.youtube.com\/kooningstheweddingpalace"]}]}},"_links":{"self":[{"href":"https:\/\/www.koonings.com\/de\/wp-json\/wp\/v2\/product\/59360","targetHints":{"allow":["GET"]}}],"collection":[{"href":"https:\/\/www.koonings.com\/de\/wp-json\/wp\/v2\/product"}],"about":[{"href":"https:\/\/www.koonings.com\/de\/wp-json\/wp\/v2\/types\/product"}],"wp:featuredmedia":[{"embeddable":true,"href":"https:\/\/www.koonings.com\/de\/wp-json\/wp\/v2\/media\/52479"}],"wp:attachment":[{"href":"https:\/\/www.koonings.com\/de\/wp-json\/wp\/v2\/media?parent=59360"}],"wp:term":[{"taxonomy":"productdetails","embeddable":true,"href":"https:\/\/www.koonings.com\/de\/wp-json\/wp\/v2\/productdetails?post=59360"},{"taxonomy":"productneck","embeddable":true,"href":"https:\/\/www.koonings.com\/de\/wp-json\/wp\/v2\/productneck?post=59360"},{"taxonomy":"productcolor","embeddable":true,"href":"https:\/\/www.koonings.com\/de\/wp-json\/wp\/v2\/productcolor?post=59360"},{"taxonomy":"maat","embeddable":true,"href":"https:\/\/www.koonings.com\/de\/wp-json\/wp\/v2\/maat?post=59360"},{"taxonomy":"productsupplier","embeddable":true,"href":"https:\/\/www.koonings.com\/de\/wp-json\/wp\/v2\/productsupplier?post=59360"},{"taxonomy":"productsleeve","embeddable":true,"href":"https:\/\/www.koonings.com\/de\/wp-json\/wp\/v2\/productsleeve?post=59360"},{"taxonomy":"productcategory","embeddable":true,"href":"https:\/\/www.koonings.com\/de\/wp-json\/wp\/v2\/productcategory?post=59360"},{"taxonomy":"productsilhouette","embeddable":true,"href":"https:\/\/www.koonings.com\/de\/wp-json\/wp\/v2\/productsilhouette?post=59360"},{"taxonomy":"productstyle","embeddable":true,"href":"https:\/\/www.koonings.com\/de\/wp-json\/wp\/v2\/productstyle?post=59360"}],"curies":[{"name":"wp","href":"https:\/\/api.w.org\/{rel}","templated":true}]}}