{"id":59338,"date":"2024-11-18T15:46:40","date_gmt":"2024-11-18T14:46:40","guid":{"rendered":"https:\/\/www.koonings.com\/product\/ladybird-ruya-lb125am1-3\/"},"modified":"2026-02-03T18:58:47","modified_gmt":"2026-02-03T17:58:47","slug":"ladybird-ruya-lb125am1-3","status":"publish","type":"product","link":"https:\/\/www.koonings.com\/de\/product\/ladybird-ruya-lb125am1-3\/","title":{"rendered":"Marienk\u00e4fer Ruya LB125AM1"},"content":{"rendered":"<p>Verlieben Sie sich in das Modell Ruya. Ein leichter Chiffonrock mit Schlitz an der Vorderseite und ein Mieder, das mit einer handwerklich inspirierten Spitzenstickerei verziert ist. Die mit Juwelen besetzten Tr\u00e4ger befinden sich in der Mitte des R\u00fcckens und verlaufen entlang des V-Ausschnitts in drei Reihen, die in einem sch\u00f6nen Knopfverschluss enden.  <\/p>\n","protected":false},"featured_media":52696,"template":"","meta":{"_acf_changed":false,"ghostkit_customizer_options":"","ghostkit_custom_css":"","ghostkit_custom_js_head":"","ghostkit_custom_js_foot":"","ghostkit_typography":""},"productdetails":[378],"productneck":[356],"productcolor":[392],"maat":[],"productsupplier":[437],"productsleeve":[359],"productcategory":[18],"productsilhouette":[384,389],"productstyle":[371,370],"class_list":["post-59338","product","type-product","status-publish","has-post-thumbnail","hentry","productdetails-378","productneck-356","productcolor-392","productsupplier-ladybird","productsleeve-359","productcategory-trouwjurken","productsilhouette-384","productsilhouette-389","productstyle-371","productstyle-370"],"acf":[],"yoast_head":"<!-- This site is optimized with the Yoast SEO plugin v27.3 - https:\/\/yoast.com\/product\/yoast-seo-wordpress\/ -->\n<title>Marienk\u00e4fer Ruya LB125AM1 | Koonings<\/title>\n<meta name=\"description\" content=\"Verlieben Sie sich in das Modell Ruya. Ein leichter Chiffonrock mit Schlitz an der Vorderseite und ein Mieder, das mit einer handwerklich inspirierten Spitzenstickerei verziert ist. Die mit Juwelen besetzten Tr\u00e4ger befinden sich in der Mitte des R\u00fcckens und verlaufen entlang des V-Ausschnitts in drei Reihen, die in einem sch\u00f6nen Knopfverschluss enden.\" \/>\n<meta name=\"robots\" content=\"index, follow, max-snippet:-1, max-image-preview:large, max-video-preview:-1\" \/>\n<link rel=\"canonical\" href=\"https:\/\/www.koonings.com\/de\/product\/ladybird-ruya-lb125am1-3\/\" \/>\n<meta property=\"og:locale\" content=\"de_DE\" \/>\n<meta property=\"og:type\" content=\"article\" \/>\n<meta property=\"og:title\" content=\"Marienk\u00e4fer Ruya LB125AM1 | Koonings\" \/>\n<meta property=\"og:description\" content=\"Verlieben Sie sich in das Modell Ruya. Ein leichter Chiffonrock mit Schlitz an der Vorderseite und ein Mieder, das mit einer handwerklich inspirierten Spitzenstickerei verziert ist. Die mit Juwelen besetzten Tr\u00e4ger befinden sich in der Mitte des R\u00fcckens und verlaufen entlang des V-Ausschnitts in drei Reihen, die in einem sch\u00f6nen Knopfverschluss enden.\" \/>\n<meta property=\"og:url\" content=\"https:\/\/www.koonings.com\/de\/product\/ladybird-ruya-lb125am1-3\/\" \/>\n<meta property=\"og:site_name\" content=\"Koonings\" \/>\n<meta property=\"article:publisher\" content=\"https:\/\/www.facebook.com\/kooningstheweddingpalace\" \/>\n<meta property=\"article:modified_time\" content=\"2026-02-03T17:58:47+00:00\" \/>\n<meta property=\"og:image\" content=\"https:\/\/www.koonings.com\/wp-content\/uploads\/2024\/11\/48888_c201e2b2cb208e808ee876a85d9bb5eee99f7129a1719ffae1963c982debe49a68b728f0-scaled.jpeg\" \/>\n\t<meta property=\"og:image:width\" content=\"1812\" \/>\n\t<meta property=\"og:image:height\" content=\"2560\" \/>\n\t<meta property=\"og:image:type\" content=\"image\/jpeg\" \/>\n<meta name=\"twitter:card\" content=\"summary_large_image\" \/>\n<script type=\"application\/ld+json\" class=\"yoast-schema-graph\">{\"@context\":\"https:\\\/\\\/schema.org\",\"@graph\":[{\"@type\":\"WebPage\",\"@id\":\"https:\\\/\\\/www.koonings.com\\\/de\\\/product\\\/ladybird-ruya-lb125am1-3\\\/\",\"url\":\"https:\\\/\\\/www.koonings.com\\\/de\\\/product\\\/ladybird-ruya-lb125am1-3\\\/\",\"name\":\"Marienk\u00e4fer Ruya LB125AM1 | Koonings\",\"isPartOf\":{\"@id\":\"https:\\\/\\\/www.koonings.com\\\/de\\\/#website\"},\"primaryImageOfPage\":{\"@id\":\"https:\\\/\\\/www.koonings.com\\\/de\\\/product\\\/ladybird-ruya-lb125am1-3\\\/#primaryimage\"},\"image\":{\"@id\":\"https:\\\/\\\/www.koonings.com\\\/de\\\/product\\\/ladybird-ruya-lb125am1-3\\\/#primaryimage\"},\"thumbnailUrl\":\"https:\\\/\\\/www.koonings.com\\\/wp-content\\\/uploads\\\/2024\\\/11\\\/48888_c201e2b2cb208e808ee876a85d9bb5eee99f7129a1719ffae1963c982debe49a68b728f0-scaled.jpeg\",\"datePublished\":\"2024-11-18T14:46:40+00:00\",\"dateModified\":\"2026-02-03T17:58:47+00:00\",\"description\":\"Verlieben Sie sich in das Modell Ruya. Ein leichter Chiffonrock mit Schlitz an der Vorderseite und ein Mieder, das mit einer handwerklich inspirierten Spitzenstickerei verziert ist. Die mit Juwelen besetzten Tr\u00e4ger befinden sich in der Mitte des R\u00fcckens und verlaufen entlang des V-Ausschnitts in drei Reihen, die in einem sch\u00f6nen Knopfverschluss enden.\",\"breadcrumb\":{\"@id\":\"https:\\\/\\\/www.koonings.com\\\/de\\\/product\\\/ladybird-ruya-lb125am1-3\\\/#breadcrumb\"},\"inLanguage\":\"de\",\"potentialAction\":[{\"@type\":\"ReadAction\",\"target\":[\"https:\\\/\\\/www.koonings.com\\\/de\\\/product\\\/ladybird-ruya-lb125am1-3\\\/\"]}]},{\"@type\":\"ImageObject\",\"inLanguage\":\"de\",\"@id\":\"https:\\\/\\\/www.koonings.com\\\/de\\\/product\\\/ladybird-ruya-lb125am1-3\\\/#primaryimage\",\"url\":\"https:\\\/\\\/www.koonings.com\\\/wp-content\\\/uploads\\\/2024\\\/11\\\/48888_c201e2b2cb208e808ee876a85d9bb5eee99f7129a1719ffae1963c982debe49a68b728f0-scaled.jpeg\",\"contentUrl\":\"https:\\\/\\\/www.koonings.com\\\/wp-content\\\/uploads\\\/2024\\\/11\\\/48888_c201e2b2cb208e808ee876a85d9bb5eee99f7129a1719ffae1963c982debe49a68b728f0-scaled.jpeg\",\"width\":1812,\"height\":2560},{\"@type\":\"BreadcrumbList\",\"@id\":\"https:\\\/\\\/www.koonings.com\\\/de\\\/product\\\/ladybird-ruya-lb125am1-3\\\/#breadcrumb\",\"itemListElement\":[{\"@type\":\"ListItem\",\"position\":1,\"name\":\"Home\",\"item\":\"https:\\\/\\\/www.koonings.com\\\/de\\\/\"},{\"@type\":\"ListItem\",\"position\":2,\"name\":\"Marienk\u00e4fer Ruya LB125AM1\"}]},{\"@type\":\"WebSite\",\"@id\":\"https:\\\/\\\/www.koonings.com\\\/de\\\/#website\",\"url\":\"https:\\\/\\\/www.koonings.com\\\/de\\\/\",\"name\":\"Koonings\",\"description\":\"De grootste bruidsmodewinkel ter wereld\",\"publisher\":{\"@id\":\"https:\\\/\\\/www.koonings.com\\\/de\\\/#organization\"},\"potentialAction\":[{\"@type\":\"SearchAction\",\"target\":{\"@type\":\"EntryPoint\",\"urlTemplate\":\"https:\\\/\\\/www.koonings.com\\\/de\\\/?s={search_term_string}\"},\"query-input\":{\"@type\":\"PropertyValueSpecification\",\"valueRequired\":true,\"valueName\":\"search_term_string\"}}],\"inLanguage\":\"de\"},{\"@type\":\"Organization\",\"@id\":\"https:\\\/\\\/www.koonings.com\\\/de\\\/#organization\",\"name\":\"Koonings\",\"url\":\"https:\\\/\\\/www.koonings.com\\\/de\\\/\",\"logo\":{\"@type\":\"ImageObject\",\"inLanguage\":\"de\",\"@id\":\"https:\\\/\\\/www.koonings.com\\\/de\\\/#\\\/schema\\\/logo\\\/image\\\/\",\"url\":\"https:\\\/\\\/www.koonings.com\\\/wp-content\\\/uploads\\\/2024\\\/07\\\/logo.png\",\"contentUrl\":\"https:\\\/\\\/www.koonings.com\\\/wp-content\\\/uploads\\\/2024\\\/07\\\/logo.png\",\"width\":600,\"height\":428,\"caption\":\"Koonings\"},\"image\":{\"@id\":\"https:\\\/\\\/www.koonings.com\\\/de\\\/#\\\/schema\\\/logo\\\/image\\\/\"},\"sameAs\":[\"https:\\\/\\\/www.facebook.com\\\/kooningstheweddingpalace\",\"https:\\\/\\\/www.instagram.com\\\/kooningstheweddingpalace\",\"https:\\\/\\\/www.pinterest.com\\\/koonings\",\"https:\\\/\\\/www.youtube.com\\\/kooningstheweddingpalace\"]}]}<\/script>\n<!-- \/ Yoast SEO plugin. -->","yoast_head_json":{"title":"Marienk\u00e4fer Ruya LB125AM1 | Koonings","description":"Verlieben Sie sich in das Modell Ruya. Ein leichter Chiffonrock mit Schlitz an der Vorderseite und ein Mieder, das mit einer handwerklich inspirierten Spitzenstickerei verziert ist. Die mit Juwelen besetzten Tr\u00e4ger befinden sich in der Mitte des R\u00fcckens und verlaufen entlang des V-Ausschnitts in drei Reihen, die in einem sch\u00f6nen Knopfverschluss enden.","robots":{"index":"index","follow":"follow","max-snippet":"max-snippet:-1","max-image-preview":"max-image-preview:large","max-video-preview":"max-video-preview:-1"},"canonical":"https:\/\/www.koonings.com\/de\/product\/ladybird-ruya-lb125am1-3\/","og_locale":"de_DE","og_type":"article","og_title":"Marienk\u00e4fer Ruya LB125AM1 | Koonings","og_description":"Verlieben Sie sich in das Modell Ruya. Ein leichter Chiffonrock mit Schlitz an der Vorderseite und ein Mieder, das mit einer handwerklich inspirierten Spitzenstickerei verziert ist. Die mit Juwelen besetzten Tr\u00e4ger befinden sich in der Mitte des R\u00fcckens und verlaufen entlang des V-Ausschnitts in drei Reihen, die in einem sch\u00f6nen Knopfverschluss enden.","og_url":"https:\/\/www.koonings.com\/de\/product\/ladybird-ruya-lb125am1-3\/","og_site_name":"Koonings","article_publisher":"https:\/\/www.facebook.com\/kooningstheweddingpalace","article_modified_time":"2026-02-03T17:58:47+00:00","og_image":[{"width":1812,"height":2560,"url":"https:\/\/www.koonings.com\/wp-content\/uploads\/2024\/11\/48888_c201e2b2cb208e808ee876a85d9bb5eee99f7129a1719ffae1963c982debe49a68b728f0-scaled.jpeg","type":"image\/jpeg"}],"twitter_card":"summary_large_image","schema":{"@context":"https:\/\/schema.org","@graph":[{"@type":"WebPage","@id":"https:\/\/www.koonings.com\/de\/product\/ladybird-ruya-lb125am1-3\/","url":"https:\/\/www.koonings.com\/de\/product\/ladybird-ruya-lb125am1-3\/","name":"Marienk\u00e4fer Ruya LB125AM1 | Koonings","isPartOf":{"@id":"https:\/\/www.koonings.com\/de\/#website"},"primaryImageOfPage":{"@id":"https:\/\/www.koonings.com\/de\/product\/ladybird-ruya-lb125am1-3\/#primaryimage"},"image":{"@id":"https:\/\/www.koonings.com\/de\/product\/ladybird-ruya-lb125am1-3\/#primaryimage"},"thumbnailUrl":"https:\/\/www.koonings.com\/wp-content\/uploads\/2024\/11\/48888_c201e2b2cb208e808ee876a85d9bb5eee99f7129a1719ffae1963c982debe49a68b728f0-scaled.jpeg","datePublished":"2024-11-18T14:46:40+00:00","dateModified":"2026-02-03T17:58:47+00:00","description":"Verlieben Sie sich in das Modell Ruya. Ein leichter Chiffonrock mit Schlitz an der Vorderseite und ein Mieder, das mit einer handwerklich inspirierten Spitzenstickerei verziert ist. Die mit Juwelen besetzten Tr\u00e4ger befinden sich in der Mitte des R\u00fcckens und verlaufen entlang des V-Ausschnitts in drei Reihen, die in einem sch\u00f6nen Knopfverschluss enden.","breadcrumb":{"@id":"https:\/\/www.koonings.com\/de\/product\/ladybird-ruya-lb125am1-3\/#breadcrumb"},"inLanguage":"de","potentialAction":[{"@type":"ReadAction","target":["https:\/\/www.koonings.com\/de\/product\/ladybird-ruya-lb125am1-3\/"]}]},{"@type":"ImageObject","inLanguage":"de","@id":"https:\/\/www.koonings.com\/de\/product\/ladybird-ruya-lb125am1-3\/#primaryimage","url":"https:\/\/www.koonings.com\/wp-content\/uploads\/2024\/11\/48888_c201e2b2cb208e808ee876a85d9bb5eee99f7129a1719ffae1963c982debe49a68b728f0-scaled.jpeg","contentUrl":"https:\/\/www.koonings.com\/wp-content\/uploads\/2024\/11\/48888_c201e2b2cb208e808ee876a85d9bb5eee99f7129a1719ffae1963c982debe49a68b728f0-scaled.jpeg","width":1812,"height":2560},{"@type":"BreadcrumbList","@id":"https:\/\/www.koonings.com\/de\/product\/ladybird-ruya-lb125am1-3\/#breadcrumb","itemListElement":[{"@type":"ListItem","position":1,"name":"Home","item":"https:\/\/www.koonings.com\/de\/"},{"@type":"ListItem","position":2,"name":"Marienk\u00e4fer Ruya LB125AM1"}]},{"@type":"WebSite","@id":"https:\/\/www.koonings.com\/de\/#website","url":"https:\/\/www.koonings.com\/de\/","name":"Koonings","description":"De grootste bruidsmodewinkel ter wereld","publisher":{"@id":"https:\/\/www.koonings.com\/de\/#organization"},"potentialAction":[{"@type":"SearchAction","target":{"@type":"EntryPoint","urlTemplate":"https:\/\/www.koonings.com\/de\/?s={search_term_string}"},"query-input":{"@type":"PropertyValueSpecification","valueRequired":true,"valueName":"search_term_string"}}],"inLanguage":"de"},{"@type":"Organization","@id":"https:\/\/www.koonings.com\/de\/#organization","name":"Koonings","url":"https:\/\/www.koonings.com\/de\/","logo":{"@type":"ImageObject","inLanguage":"de","@id":"https:\/\/www.koonings.com\/de\/#\/schema\/logo\/image\/","url":"https:\/\/www.koonings.com\/wp-content\/uploads\/2024\/07\/logo.png","contentUrl":"https:\/\/www.koonings.com\/wp-content\/uploads\/2024\/07\/logo.png","width":600,"height":428,"caption":"Koonings"},"image":{"@id":"https:\/\/www.koonings.com\/de\/#\/schema\/logo\/image\/"},"sameAs":["https:\/\/www.facebook.com\/kooningstheweddingpalace","https:\/\/www.instagram.com\/kooningstheweddingpalace","https:\/\/www.pinterest.com\/koonings","https:\/\/www.youtube.com\/kooningstheweddingpalace"]}]}},"_links":{"self":[{"href":"https:\/\/www.koonings.com\/de\/wp-json\/wp\/v2\/product\/59338","targetHints":{"allow":["GET"]}}],"collection":[{"href":"https:\/\/www.koonings.com\/de\/wp-json\/wp\/v2\/product"}],"about":[{"href":"https:\/\/www.koonings.com\/de\/wp-json\/wp\/v2\/types\/product"}],"wp:featuredmedia":[{"embeddable":true,"href":"https:\/\/www.koonings.com\/de\/wp-json\/wp\/v2\/media\/52696"}],"wp:attachment":[{"href":"https:\/\/www.koonings.com\/de\/wp-json\/wp\/v2\/media?parent=59338"}],"wp:term":[{"taxonomy":"productdetails","embeddable":true,"href":"https:\/\/www.koonings.com\/de\/wp-json\/wp\/v2\/productdetails?post=59338"},{"taxonomy":"productneck","embeddable":true,"href":"https:\/\/www.koonings.com\/de\/wp-json\/wp\/v2\/productneck?post=59338"},{"taxonomy":"productcolor","embeddable":true,"href":"https:\/\/www.koonings.com\/de\/wp-json\/wp\/v2\/productcolor?post=59338"},{"taxonomy":"maat","embeddable":true,"href":"https:\/\/www.koonings.com\/de\/wp-json\/wp\/v2\/maat?post=59338"},{"taxonomy":"productsupplier","embeddable":true,"href":"https:\/\/www.koonings.com\/de\/wp-json\/wp\/v2\/productsupplier?post=59338"},{"taxonomy":"productsleeve","embeddable":true,"href":"https:\/\/www.koonings.com\/de\/wp-json\/wp\/v2\/productsleeve?post=59338"},{"taxonomy":"productcategory","embeddable":true,"href":"https:\/\/www.koonings.com\/de\/wp-json\/wp\/v2\/productcategory?post=59338"},{"taxonomy":"productsilhouette","embeddable":true,"href":"https:\/\/www.koonings.com\/de\/wp-json\/wp\/v2\/productsilhouette?post=59338"},{"taxonomy":"productstyle","embeddable":true,"href":"https:\/\/www.koonings.com\/de\/wp-json\/wp\/v2\/productstyle?post=59338"}],"curies":[{"name":"wp","href":"https:\/\/api.w.org\/{rel}","templated":true}]}}