{"id":59291,"date":"2025-12-15T00:38:44","date_gmt":"2025-12-14T23:38:44","guid":{"rendered":"https:\/\/www.koonings.com\/product\/ladybird-josephina-lb125cj4\/"},"modified":"2026-02-03T18:47:18","modified_gmt":"2026-02-03T17:47:18","slug":"ladybird-josephina-lb125cj4","status":"publish","type":"product","link":"https:\/\/www.koonings.com\/de\/product\/ladybird-josephina-lb125cj4\/","title":{"rendered":"Marienk\u00e4fer Josephina LB125CJ4"},"content":{"rendered":"<p>Dieses Modell aus T\u00fcll lenkt die ganze Aufmerksamkeit auf das Mieder und ist ideal f\u00fcr Br\u00e4ute, die sich einen Hauch von Glamour w\u00fcnschen. Mit einem \u00fcbersprungenen Kragen sticht die Spitzenstickerei dank der Perlenverzierungen hervor, die in einer asymmetrischen Wasserfallform elegant \u00fcber die Taille fallen. Der Rock hat einen vorderen Schlitz, der f\u00fcr Leichtigkeit und Bewegung sorgt.  <\/p>\n","protected":false},"featured_media":48620,"template":"","meta":{"_acf_changed":false,"ghostkit_customizer_options":"","ghostkit_custom_css":"","ghostkit_custom_js_head":"","ghostkit_custom_js_foot":"","ghostkit_typography":""},"productdetails":[378,381],"productneck":[356],"productcolor":[392],"maat":[],"productsupplier":[437],"productsleeve":[359],"productcategory":[18],"productsilhouette":[384,389],"productstyle":[366,370],"class_list":["post-59291","product","type-product","status-publish","has-post-thumbnail","hentry","productdetails-378","productdetails-381","productneck-356","productcolor-392","productsupplier-ladybird","productsleeve-359","productcategory-trouwjurken","productsilhouette-384","productsilhouette-389","productstyle-366","productstyle-370"],"acf":[],"yoast_head":"<!-- This site is optimized with the Yoast SEO plugin v27.3 - https:\/\/yoast.com\/product\/yoast-seo-wordpress\/ -->\n<title>Marienk\u00e4fer Josephina LB125CJ4 | Koonings<\/title>\n<meta name=\"description\" content=\"Dieses Modell aus T\u00fcll lenkt die ganze Aufmerksamkeit auf das Mieder und ist ideal f\u00fcr Br\u00e4ute, die sich einen Hauch von Glamour w\u00fcnschen. Mit einem \u00fcbersprungenen Kragen sticht die Spitzenstickerei dank der Perlenverzierungen hervor, die in einer asymmetrischen Wasserfallform elegant \u00fcber die Taille fallen. Der Rock hat einen vorderen Schlitz, der f\u00fcr Leichtigkeit und Bewegung sorgt.\" \/>\n<meta name=\"robots\" content=\"index, follow, max-snippet:-1, max-image-preview:large, max-video-preview:-1\" \/>\n<link rel=\"canonical\" href=\"https:\/\/www.koonings.com\/de\/product\/ladybird-josephina-lb125cj4\/\" \/>\n<meta property=\"og:locale\" content=\"de_DE\" \/>\n<meta property=\"og:type\" content=\"article\" \/>\n<meta property=\"og:title\" content=\"Marienk\u00e4fer Josephina LB125CJ4 | Koonings\" \/>\n<meta property=\"og:description\" content=\"Dieses Modell aus T\u00fcll lenkt die ganze Aufmerksamkeit auf das Mieder und ist ideal f\u00fcr Br\u00e4ute, die sich einen Hauch von Glamour w\u00fcnschen. Mit einem \u00fcbersprungenen Kragen sticht die Spitzenstickerei dank der Perlenverzierungen hervor, die in einer asymmetrischen Wasserfallform elegant \u00fcber die Taille fallen. Der Rock hat einen vorderen Schlitz, der f\u00fcr Leichtigkeit und Bewegung sorgt.\" \/>\n<meta property=\"og:url\" content=\"https:\/\/www.koonings.com\/de\/product\/ladybird-josephina-lb125cj4\/\" \/>\n<meta property=\"og:site_name\" content=\"Koonings\" \/>\n<meta property=\"article:publisher\" content=\"https:\/\/www.facebook.com\/kooningstheweddingpalace\" \/>\n<meta property=\"article:modified_time\" content=\"2026-02-03T17:47:18+00:00\" \/>\n<meta property=\"og:image\" content=\"https:\/\/www.koonings.com\/wp-content\/uploads\/2024\/11\/40998_c4378fc2a22664200642e1f2b76d969aafc993136d5978a2afb71bdeba654569ba15e6ce-scaled.jpeg\" \/>\n\t<meta property=\"og:image:width\" content=\"1811\" \/>\n\t<meta property=\"og:image:height\" content=\"2560\" \/>\n\t<meta property=\"og:image:type\" content=\"image\/jpeg\" \/>\n<meta name=\"twitter:card\" content=\"summary_large_image\" \/>\n<script type=\"application\/ld+json\" class=\"yoast-schema-graph\">{\"@context\":\"https:\\\/\\\/schema.org\",\"@graph\":[{\"@type\":\"WebPage\",\"@id\":\"https:\\\/\\\/www.koonings.com\\\/de\\\/product\\\/ladybird-josephina-lb125cj4\\\/\",\"url\":\"https:\\\/\\\/www.koonings.com\\\/de\\\/product\\\/ladybird-josephina-lb125cj4\\\/\",\"name\":\"Marienk\u00e4fer Josephina LB125CJ4 | Koonings\",\"isPartOf\":{\"@id\":\"https:\\\/\\\/www.koonings.com\\\/de\\\/#website\"},\"primaryImageOfPage\":{\"@id\":\"https:\\\/\\\/www.koonings.com\\\/de\\\/product\\\/ladybird-josephina-lb125cj4\\\/#primaryimage\"},\"image\":{\"@id\":\"https:\\\/\\\/www.koonings.com\\\/de\\\/product\\\/ladybird-josephina-lb125cj4\\\/#primaryimage\"},\"thumbnailUrl\":\"https:\\\/\\\/www.koonings.com\\\/wp-content\\\/uploads\\\/2024\\\/11\\\/40998_c4378fc2a22664200642e1f2b76d969aafc993136d5978a2afb71bdeba654569ba15e6ce-scaled.jpeg\",\"datePublished\":\"2025-12-14T23:38:44+00:00\",\"dateModified\":\"2026-02-03T17:47:18+00:00\",\"description\":\"Dieses Modell aus T\u00fcll lenkt die ganze Aufmerksamkeit auf das Mieder und ist ideal f\u00fcr Br\u00e4ute, die sich einen Hauch von Glamour w\u00fcnschen. Mit einem \u00fcbersprungenen Kragen sticht die Spitzenstickerei dank der Perlenverzierungen hervor, die in einer asymmetrischen Wasserfallform elegant \u00fcber die Taille fallen. Der Rock hat einen vorderen Schlitz, der f\u00fcr Leichtigkeit und Bewegung sorgt.\",\"breadcrumb\":{\"@id\":\"https:\\\/\\\/www.koonings.com\\\/de\\\/product\\\/ladybird-josephina-lb125cj4\\\/#breadcrumb\"},\"inLanguage\":\"de\",\"potentialAction\":[{\"@type\":\"ReadAction\",\"target\":[\"https:\\\/\\\/www.koonings.com\\\/de\\\/product\\\/ladybird-josephina-lb125cj4\\\/\"]}]},{\"@type\":\"ImageObject\",\"inLanguage\":\"de\",\"@id\":\"https:\\\/\\\/www.koonings.com\\\/de\\\/product\\\/ladybird-josephina-lb125cj4\\\/#primaryimage\",\"url\":\"https:\\\/\\\/www.koonings.com\\\/wp-content\\\/uploads\\\/2024\\\/11\\\/40998_c4378fc2a22664200642e1f2b76d969aafc993136d5978a2afb71bdeba654569ba15e6ce-scaled.jpeg\",\"contentUrl\":\"https:\\\/\\\/www.koonings.com\\\/wp-content\\\/uploads\\\/2024\\\/11\\\/40998_c4378fc2a22664200642e1f2b76d969aafc993136d5978a2afb71bdeba654569ba15e6ce-scaled.jpeg\",\"width\":1811,\"height\":2560},{\"@type\":\"BreadcrumbList\",\"@id\":\"https:\\\/\\\/www.koonings.com\\\/de\\\/product\\\/ladybird-josephina-lb125cj4\\\/#breadcrumb\",\"itemListElement\":[{\"@type\":\"ListItem\",\"position\":1,\"name\":\"Home\",\"item\":\"https:\\\/\\\/www.koonings.com\\\/de\\\/\"},{\"@type\":\"ListItem\",\"position\":2,\"name\":\"Marienk\u00e4fer Josephina LB125CJ4\"}]},{\"@type\":\"WebSite\",\"@id\":\"https:\\\/\\\/www.koonings.com\\\/de\\\/#website\",\"url\":\"https:\\\/\\\/www.koonings.com\\\/de\\\/\",\"name\":\"Koonings\",\"description\":\"De grootste bruidsmodewinkel ter wereld\",\"publisher\":{\"@id\":\"https:\\\/\\\/www.koonings.com\\\/de\\\/#organization\"},\"potentialAction\":[{\"@type\":\"SearchAction\",\"target\":{\"@type\":\"EntryPoint\",\"urlTemplate\":\"https:\\\/\\\/www.koonings.com\\\/de\\\/?s={search_term_string}\"},\"query-input\":{\"@type\":\"PropertyValueSpecification\",\"valueRequired\":true,\"valueName\":\"search_term_string\"}}],\"inLanguage\":\"de\"},{\"@type\":\"Organization\",\"@id\":\"https:\\\/\\\/www.koonings.com\\\/de\\\/#organization\",\"name\":\"Koonings\",\"url\":\"https:\\\/\\\/www.koonings.com\\\/de\\\/\",\"logo\":{\"@type\":\"ImageObject\",\"inLanguage\":\"de\",\"@id\":\"https:\\\/\\\/www.koonings.com\\\/de\\\/#\\\/schema\\\/logo\\\/image\\\/\",\"url\":\"https:\\\/\\\/www.koonings.com\\\/wp-content\\\/uploads\\\/2024\\\/07\\\/logo.png\",\"contentUrl\":\"https:\\\/\\\/www.koonings.com\\\/wp-content\\\/uploads\\\/2024\\\/07\\\/logo.png\",\"width\":600,\"height\":428,\"caption\":\"Koonings\"},\"image\":{\"@id\":\"https:\\\/\\\/www.koonings.com\\\/de\\\/#\\\/schema\\\/logo\\\/image\\\/\"},\"sameAs\":[\"https:\\\/\\\/www.facebook.com\\\/kooningstheweddingpalace\",\"https:\\\/\\\/www.instagram.com\\\/kooningstheweddingpalace\",\"https:\\\/\\\/www.pinterest.com\\\/koonings\",\"https:\\\/\\\/www.youtube.com\\\/kooningstheweddingpalace\"]}]}<\/script>\n<!-- \/ Yoast SEO plugin. -->","yoast_head_json":{"title":"Marienk\u00e4fer Josephina LB125CJ4 | Koonings","description":"Dieses Modell aus T\u00fcll lenkt die ganze Aufmerksamkeit auf das Mieder und ist ideal f\u00fcr Br\u00e4ute, die sich einen Hauch von Glamour w\u00fcnschen. Mit einem \u00fcbersprungenen Kragen sticht die Spitzenstickerei dank der Perlenverzierungen hervor, die in einer asymmetrischen Wasserfallform elegant \u00fcber die Taille fallen. Der Rock hat einen vorderen Schlitz, der f\u00fcr Leichtigkeit und Bewegung sorgt.","robots":{"index":"index","follow":"follow","max-snippet":"max-snippet:-1","max-image-preview":"max-image-preview:large","max-video-preview":"max-video-preview:-1"},"canonical":"https:\/\/www.koonings.com\/de\/product\/ladybird-josephina-lb125cj4\/","og_locale":"de_DE","og_type":"article","og_title":"Marienk\u00e4fer Josephina LB125CJ4 | Koonings","og_description":"Dieses Modell aus T\u00fcll lenkt die ganze Aufmerksamkeit auf das Mieder und ist ideal f\u00fcr Br\u00e4ute, die sich einen Hauch von Glamour w\u00fcnschen. Mit einem \u00fcbersprungenen Kragen sticht die Spitzenstickerei dank der Perlenverzierungen hervor, die in einer asymmetrischen Wasserfallform elegant \u00fcber die Taille fallen. Der Rock hat einen vorderen Schlitz, der f\u00fcr Leichtigkeit und Bewegung sorgt.","og_url":"https:\/\/www.koonings.com\/de\/product\/ladybird-josephina-lb125cj4\/","og_site_name":"Koonings","article_publisher":"https:\/\/www.facebook.com\/kooningstheweddingpalace","article_modified_time":"2026-02-03T17:47:18+00:00","og_image":[{"width":1811,"height":2560,"url":"https:\/\/www.koonings.com\/wp-content\/uploads\/2024\/11\/40998_c4378fc2a22664200642e1f2b76d969aafc993136d5978a2afb71bdeba654569ba15e6ce-scaled.jpeg","type":"image\/jpeg"}],"twitter_card":"summary_large_image","schema":{"@context":"https:\/\/schema.org","@graph":[{"@type":"WebPage","@id":"https:\/\/www.koonings.com\/de\/product\/ladybird-josephina-lb125cj4\/","url":"https:\/\/www.koonings.com\/de\/product\/ladybird-josephina-lb125cj4\/","name":"Marienk\u00e4fer Josephina LB125CJ4 | Koonings","isPartOf":{"@id":"https:\/\/www.koonings.com\/de\/#website"},"primaryImageOfPage":{"@id":"https:\/\/www.koonings.com\/de\/product\/ladybird-josephina-lb125cj4\/#primaryimage"},"image":{"@id":"https:\/\/www.koonings.com\/de\/product\/ladybird-josephina-lb125cj4\/#primaryimage"},"thumbnailUrl":"https:\/\/www.koonings.com\/wp-content\/uploads\/2024\/11\/40998_c4378fc2a22664200642e1f2b76d969aafc993136d5978a2afb71bdeba654569ba15e6ce-scaled.jpeg","datePublished":"2025-12-14T23:38:44+00:00","dateModified":"2026-02-03T17:47:18+00:00","description":"Dieses Modell aus T\u00fcll lenkt die ganze Aufmerksamkeit auf das Mieder und ist ideal f\u00fcr Br\u00e4ute, die sich einen Hauch von Glamour w\u00fcnschen. Mit einem \u00fcbersprungenen Kragen sticht die Spitzenstickerei dank der Perlenverzierungen hervor, die in einer asymmetrischen Wasserfallform elegant \u00fcber die Taille fallen. Der Rock hat einen vorderen Schlitz, der f\u00fcr Leichtigkeit und Bewegung sorgt.","breadcrumb":{"@id":"https:\/\/www.koonings.com\/de\/product\/ladybird-josephina-lb125cj4\/#breadcrumb"},"inLanguage":"de","potentialAction":[{"@type":"ReadAction","target":["https:\/\/www.koonings.com\/de\/product\/ladybird-josephina-lb125cj4\/"]}]},{"@type":"ImageObject","inLanguage":"de","@id":"https:\/\/www.koonings.com\/de\/product\/ladybird-josephina-lb125cj4\/#primaryimage","url":"https:\/\/www.koonings.com\/wp-content\/uploads\/2024\/11\/40998_c4378fc2a22664200642e1f2b76d969aafc993136d5978a2afb71bdeba654569ba15e6ce-scaled.jpeg","contentUrl":"https:\/\/www.koonings.com\/wp-content\/uploads\/2024\/11\/40998_c4378fc2a22664200642e1f2b76d969aafc993136d5978a2afb71bdeba654569ba15e6ce-scaled.jpeg","width":1811,"height":2560},{"@type":"BreadcrumbList","@id":"https:\/\/www.koonings.com\/de\/product\/ladybird-josephina-lb125cj4\/#breadcrumb","itemListElement":[{"@type":"ListItem","position":1,"name":"Home","item":"https:\/\/www.koonings.com\/de\/"},{"@type":"ListItem","position":2,"name":"Marienk\u00e4fer Josephina LB125CJ4"}]},{"@type":"WebSite","@id":"https:\/\/www.koonings.com\/de\/#website","url":"https:\/\/www.koonings.com\/de\/","name":"Koonings","description":"De grootste bruidsmodewinkel ter wereld","publisher":{"@id":"https:\/\/www.koonings.com\/de\/#organization"},"potentialAction":[{"@type":"SearchAction","target":{"@type":"EntryPoint","urlTemplate":"https:\/\/www.koonings.com\/de\/?s={search_term_string}"},"query-input":{"@type":"PropertyValueSpecification","valueRequired":true,"valueName":"search_term_string"}}],"inLanguage":"de"},{"@type":"Organization","@id":"https:\/\/www.koonings.com\/de\/#organization","name":"Koonings","url":"https:\/\/www.koonings.com\/de\/","logo":{"@type":"ImageObject","inLanguage":"de","@id":"https:\/\/www.koonings.com\/de\/#\/schema\/logo\/image\/","url":"https:\/\/www.koonings.com\/wp-content\/uploads\/2024\/07\/logo.png","contentUrl":"https:\/\/www.koonings.com\/wp-content\/uploads\/2024\/07\/logo.png","width":600,"height":428,"caption":"Koonings"},"image":{"@id":"https:\/\/www.koonings.com\/de\/#\/schema\/logo\/image\/"},"sameAs":["https:\/\/www.facebook.com\/kooningstheweddingpalace","https:\/\/www.instagram.com\/kooningstheweddingpalace","https:\/\/www.pinterest.com\/koonings","https:\/\/www.youtube.com\/kooningstheweddingpalace"]}]}},"_links":{"self":[{"href":"https:\/\/www.koonings.com\/de\/wp-json\/wp\/v2\/product\/59291","targetHints":{"allow":["GET"]}}],"collection":[{"href":"https:\/\/www.koonings.com\/de\/wp-json\/wp\/v2\/product"}],"about":[{"href":"https:\/\/www.koonings.com\/de\/wp-json\/wp\/v2\/types\/product"}],"wp:featuredmedia":[{"embeddable":true,"href":"https:\/\/www.koonings.com\/de\/wp-json\/wp\/v2\/media\/48620"}],"wp:attachment":[{"href":"https:\/\/www.koonings.com\/de\/wp-json\/wp\/v2\/media?parent=59291"}],"wp:term":[{"taxonomy":"productdetails","embeddable":true,"href":"https:\/\/www.koonings.com\/de\/wp-json\/wp\/v2\/productdetails?post=59291"},{"taxonomy":"productneck","embeddable":true,"href":"https:\/\/www.koonings.com\/de\/wp-json\/wp\/v2\/productneck?post=59291"},{"taxonomy":"productcolor","embeddable":true,"href":"https:\/\/www.koonings.com\/de\/wp-json\/wp\/v2\/productcolor?post=59291"},{"taxonomy":"maat","embeddable":true,"href":"https:\/\/www.koonings.com\/de\/wp-json\/wp\/v2\/maat?post=59291"},{"taxonomy":"productsupplier","embeddable":true,"href":"https:\/\/www.koonings.com\/de\/wp-json\/wp\/v2\/productsupplier?post=59291"},{"taxonomy":"productsleeve","embeddable":true,"href":"https:\/\/www.koonings.com\/de\/wp-json\/wp\/v2\/productsleeve?post=59291"},{"taxonomy":"productcategory","embeddable":true,"href":"https:\/\/www.koonings.com\/de\/wp-json\/wp\/v2\/productcategory?post=59291"},{"taxonomy":"productsilhouette","embeddable":true,"href":"https:\/\/www.koonings.com\/de\/wp-json\/wp\/v2\/productsilhouette?post=59291"},{"taxonomy":"productstyle","embeddable":true,"href":"https:\/\/www.koonings.com\/de\/wp-json\/wp\/v2\/productstyle?post=59291"}],"curies":[{"name":"wp","href":"https:\/\/api.w.org\/{rel}","templated":true}]}}