{"id":59257,"date":"2026-05-06T15:24:48","date_gmt":"2026-05-06T13:24:48","guid":{"rendered":"https:\/\/www.koonings.com\/product\/ladybird-azlin-lb125bh2\/"},"modified":"2025-06-05T13:17:20","modified_gmt":"2025-06-05T11:17:20","slug":"ladybird-azlin-lb125bh2","status":"publish","type":"product","link":"https:\/\/www.koonings.com\/de\/product\/ladybird-azlin-lb125bh2\/","title":{"rendered":"Ladybird Azlin LB125BH2"},"content":{"rendered":"<p>Entscheiden Sie sich f\u00fcr dieses lange Prinzessinnenkleid aus T\u00fcll. Das Mieder hat einen herzf\u00f6rmigen Ausschnitt, der Ihre Silhouette betont, und ist vollst\u00e4ndig mit Spitze mit Strassdetails besetzt. Es hat originelle Puff\u00e4rmel aus T\u00fcll und einen abgerundeten R\u00fccken.  <\/p>\n","protected":false},"featured_media":48872,"template":"","meta":{"_acf_changed":false,"ghostkit_customizer_options":"","ghostkit_custom_css":"","ghostkit_custom_js_head":"","ghostkit_custom_js_foot":"","ghostkit_typography":""},"productdetails":[379,381],"productneck":[354],"productcolor":[392],"maat":[],"productsupplier":[437],"productsleeve":[362],"productcategory":[18],"productsilhouette":[388],"productstyle":[372],"class_list":["post-59257","product","type-product","status-publish","has-post-thumbnail","hentry","productdetails-379","productdetails-381","productneck-354","productcolor-392","productsupplier-ladybird","productsleeve-362","productcategory-trouwjurken","productsilhouette-388","productstyle-372"],"acf":[],"yoast_head":"<!-- This site is optimized with the Yoast SEO plugin v27.3 - https:\/\/yoast.com\/product\/yoast-seo-wordpress\/ -->\n<title>Ladybird Azlin LB125BH2 | Koonings<\/title>\n<meta name=\"description\" content=\"Entscheiden Sie sich f\u00fcr dieses lange Prinzessinnenkleid aus T\u00fcll. Das Mieder hat einen herzf\u00f6rmigen Ausschnitt, der Ihre Silhouette betont, und ist vollst\u00e4ndig mit Spitze mit Strassdetails besetzt. Es hat originelle Puff\u00e4rmel aus T\u00fcll und einen abgerundeten R\u00fccken.\" \/>\n<meta name=\"robots\" content=\"index, follow, max-snippet:-1, max-image-preview:large, max-video-preview:-1\" \/>\n<link rel=\"canonical\" href=\"https:\/\/www.koonings.com\/de\/product\/ladybird-azlin-lb125bh2\/\" \/>\n<meta property=\"og:locale\" content=\"de_DE\" \/>\n<meta property=\"og:type\" content=\"article\" \/>\n<meta property=\"og:title\" content=\"Ladybird Azlin LB125BH2 | Koonings\" \/>\n<meta property=\"og:description\" content=\"Entscheiden Sie sich f\u00fcr dieses lange Prinzessinnenkleid aus T\u00fcll. Das Mieder hat einen herzf\u00f6rmigen Ausschnitt, der Ihre Silhouette betont, und ist vollst\u00e4ndig mit Spitze mit Strassdetails besetzt. Es hat originelle Puff\u00e4rmel aus T\u00fcll und einen abgerundeten R\u00fccken.\" \/>\n<meta property=\"og:url\" content=\"https:\/\/www.koonings.com\/de\/product\/ladybird-azlin-lb125bh2\/\" \/>\n<meta property=\"og:site_name\" content=\"Koonings\" \/>\n<meta property=\"article:publisher\" content=\"https:\/\/www.facebook.com\/kooningstheweddingpalace\" \/>\n<meta property=\"og:image\" content=\"https:\/\/www.koonings.com\/wp-content\/uploads\/2024\/11\/41012_8fdd4c97c054c44c92e2c74a694b09cfdc49f23cbf7498cc69d97fc05650af39a60aef19-scaled.jpeg\" \/>\n\t<meta property=\"og:image:width\" content=\"1811\" \/>\n\t<meta property=\"og:image:height\" content=\"2560\" \/>\n\t<meta property=\"og:image:type\" content=\"image\/jpeg\" \/>\n<meta name=\"twitter:card\" content=\"summary_large_image\" \/>\n<script type=\"application\/ld+json\" class=\"yoast-schema-graph\">{\"@context\":\"https:\\\/\\\/schema.org\",\"@graph\":[{\"@type\":\"WebPage\",\"@id\":\"https:\\\/\\\/www.koonings.com\\\/de\\\/product\\\/ladybird-azlin-lb125bh2\\\/\",\"url\":\"https:\\\/\\\/www.koonings.com\\\/de\\\/product\\\/ladybird-azlin-lb125bh2\\\/\",\"name\":\"Ladybird Azlin LB125BH2 | Koonings\",\"isPartOf\":{\"@id\":\"https:\\\/\\\/www.koonings.com\\\/de\\\/#website\"},\"primaryImageOfPage\":{\"@id\":\"https:\\\/\\\/www.koonings.com\\\/de\\\/product\\\/ladybird-azlin-lb125bh2\\\/#primaryimage\"},\"image\":{\"@id\":\"https:\\\/\\\/www.koonings.com\\\/de\\\/product\\\/ladybird-azlin-lb125bh2\\\/#primaryimage\"},\"thumbnailUrl\":\"https:\\\/\\\/www.koonings.com\\\/wp-content\\\/uploads\\\/2024\\\/11\\\/41012_8fdd4c97c054c44c92e2c74a694b09cfdc49f23cbf7498cc69d97fc05650af39a60aef19-scaled.jpeg\",\"datePublished\":\"2026-05-06T13:24:48+00:00\",\"description\":\"Entscheiden Sie sich f\u00fcr dieses lange Prinzessinnenkleid aus T\u00fcll. Das Mieder hat einen herzf\u00f6rmigen Ausschnitt, der Ihre Silhouette betont, und ist vollst\u00e4ndig mit Spitze mit Strassdetails besetzt. Es hat originelle Puff\u00e4rmel aus T\u00fcll und einen abgerundeten R\u00fccken.\",\"breadcrumb\":{\"@id\":\"https:\\\/\\\/www.koonings.com\\\/de\\\/product\\\/ladybird-azlin-lb125bh2\\\/#breadcrumb\"},\"inLanguage\":\"de\",\"potentialAction\":[{\"@type\":\"ReadAction\",\"target\":[\"https:\\\/\\\/www.koonings.com\\\/de\\\/product\\\/ladybird-azlin-lb125bh2\\\/\"]}]},{\"@type\":\"ImageObject\",\"inLanguage\":\"de\",\"@id\":\"https:\\\/\\\/www.koonings.com\\\/de\\\/product\\\/ladybird-azlin-lb125bh2\\\/#primaryimage\",\"url\":\"https:\\\/\\\/www.koonings.com\\\/wp-content\\\/uploads\\\/2024\\\/11\\\/41012_8fdd4c97c054c44c92e2c74a694b09cfdc49f23cbf7498cc69d97fc05650af39a60aef19-scaled.jpeg\",\"contentUrl\":\"https:\\\/\\\/www.koonings.com\\\/wp-content\\\/uploads\\\/2024\\\/11\\\/41012_8fdd4c97c054c44c92e2c74a694b09cfdc49f23cbf7498cc69d97fc05650af39a60aef19-scaled.jpeg\",\"width\":1811,\"height\":2560},{\"@type\":\"BreadcrumbList\",\"@id\":\"https:\\\/\\\/www.koonings.com\\\/de\\\/product\\\/ladybird-azlin-lb125bh2\\\/#breadcrumb\",\"itemListElement\":[{\"@type\":\"ListItem\",\"position\":1,\"name\":\"Home\",\"item\":\"https:\\\/\\\/www.koonings.com\\\/de\\\/\"},{\"@type\":\"ListItem\",\"position\":2,\"name\":\"Ladybird Azlin LB125BH2\"}]},{\"@type\":\"WebSite\",\"@id\":\"https:\\\/\\\/www.koonings.com\\\/de\\\/#website\",\"url\":\"https:\\\/\\\/www.koonings.com\\\/de\\\/\",\"name\":\"Koonings\",\"description\":\"De grootste bruidsmodewinkel ter wereld\",\"publisher\":{\"@id\":\"https:\\\/\\\/www.koonings.com\\\/de\\\/#organization\"},\"potentialAction\":[{\"@type\":\"SearchAction\",\"target\":{\"@type\":\"EntryPoint\",\"urlTemplate\":\"https:\\\/\\\/www.koonings.com\\\/de\\\/?s={search_term_string}\"},\"query-input\":{\"@type\":\"PropertyValueSpecification\",\"valueRequired\":true,\"valueName\":\"search_term_string\"}}],\"inLanguage\":\"de\"},{\"@type\":\"Organization\",\"@id\":\"https:\\\/\\\/www.koonings.com\\\/de\\\/#organization\",\"name\":\"Koonings\",\"url\":\"https:\\\/\\\/www.koonings.com\\\/de\\\/\",\"logo\":{\"@type\":\"ImageObject\",\"inLanguage\":\"de\",\"@id\":\"https:\\\/\\\/www.koonings.com\\\/de\\\/#\\\/schema\\\/logo\\\/image\\\/\",\"url\":\"https:\\\/\\\/www.koonings.com\\\/wp-content\\\/uploads\\\/2024\\\/07\\\/logo.png\",\"contentUrl\":\"https:\\\/\\\/www.koonings.com\\\/wp-content\\\/uploads\\\/2024\\\/07\\\/logo.png\",\"width\":600,\"height\":428,\"caption\":\"Koonings\"},\"image\":{\"@id\":\"https:\\\/\\\/www.koonings.com\\\/de\\\/#\\\/schema\\\/logo\\\/image\\\/\"},\"sameAs\":[\"https:\\\/\\\/www.facebook.com\\\/kooningstheweddingpalace\",\"https:\\\/\\\/www.instagram.com\\\/kooningstheweddingpalace\",\"https:\\\/\\\/www.pinterest.com\\\/koonings\",\"https:\\\/\\\/www.youtube.com\\\/kooningstheweddingpalace\"]}]}<\/script>\n<!-- \/ Yoast SEO plugin. -->","yoast_head_json":{"title":"Ladybird Azlin LB125BH2 | Koonings","description":"Entscheiden Sie sich f\u00fcr dieses lange Prinzessinnenkleid aus T\u00fcll. Das Mieder hat einen herzf\u00f6rmigen Ausschnitt, der Ihre Silhouette betont, und ist vollst\u00e4ndig mit Spitze mit Strassdetails besetzt. Es hat originelle Puff\u00e4rmel aus T\u00fcll und einen abgerundeten R\u00fccken.","robots":{"index":"index","follow":"follow","max-snippet":"max-snippet:-1","max-image-preview":"max-image-preview:large","max-video-preview":"max-video-preview:-1"},"canonical":"https:\/\/www.koonings.com\/de\/product\/ladybird-azlin-lb125bh2\/","og_locale":"de_DE","og_type":"article","og_title":"Ladybird Azlin LB125BH2 | Koonings","og_description":"Entscheiden Sie sich f\u00fcr dieses lange Prinzessinnenkleid aus T\u00fcll. Das Mieder hat einen herzf\u00f6rmigen Ausschnitt, der Ihre Silhouette betont, und ist vollst\u00e4ndig mit Spitze mit Strassdetails besetzt. Es hat originelle Puff\u00e4rmel aus T\u00fcll und einen abgerundeten R\u00fccken.","og_url":"https:\/\/www.koonings.com\/de\/product\/ladybird-azlin-lb125bh2\/","og_site_name":"Koonings","article_publisher":"https:\/\/www.facebook.com\/kooningstheweddingpalace","og_image":[{"width":1811,"height":2560,"url":"https:\/\/www.koonings.com\/wp-content\/uploads\/2024\/11\/41012_8fdd4c97c054c44c92e2c74a694b09cfdc49f23cbf7498cc69d97fc05650af39a60aef19-scaled.jpeg","type":"image\/jpeg"}],"twitter_card":"summary_large_image","schema":{"@context":"https:\/\/schema.org","@graph":[{"@type":"WebPage","@id":"https:\/\/www.koonings.com\/de\/product\/ladybird-azlin-lb125bh2\/","url":"https:\/\/www.koonings.com\/de\/product\/ladybird-azlin-lb125bh2\/","name":"Ladybird Azlin LB125BH2 | Koonings","isPartOf":{"@id":"https:\/\/www.koonings.com\/de\/#website"},"primaryImageOfPage":{"@id":"https:\/\/www.koonings.com\/de\/product\/ladybird-azlin-lb125bh2\/#primaryimage"},"image":{"@id":"https:\/\/www.koonings.com\/de\/product\/ladybird-azlin-lb125bh2\/#primaryimage"},"thumbnailUrl":"https:\/\/www.koonings.com\/wp-content\/uploads\/2024\/11\/41012_8fdd4c97c054c44c92e2c74a694b09cfdc49f23cbf7498cc69d97fc05650af39a60aef19-scaled.jpeg","datePublished":"2026-05-06T13:24:48+00:00","description":"Entscheiden Sie sich f\u00fcr dieses lange Prinzessinnenkleid aus T\u00fcll. Das Mieder hat einen herzf\u00f6rmigen Ausschnitt, der Ihre Silhouette betont, und ist vollst\u00e4ndig mit Spitze mit Strassdetails besetzt. Es hat originelle Puff\u00e4rmel aus T\u00fcll und einen abgerundeten R\u00fccken.","breadcrumb":{"@id":"https:\/\/www.koonings.com\/de\/product\/ladybird-azlin-lb125bh2\/#breadcrumb"},"inLanguage":"de","potentialAction":[{"@type":"ReadAction","target":["https:\/\/www.koonings.com\/de\/product\/ladybird-azlin-lb125bh2\/"]}]},{"@type":"ImageObject","inLanguage":"de","@id":"https:\/\/www.koonings.com\/de\/product\/ladybird-azlin-lb125bh2\/#primaryimage","url":"https:\/\/www.koonings.com\/wp-content\/uploads\/2024\/11\/41012_8fdd4c97c054c44c92e2c74a694b09cfdc49f23cbf7498cc69d97fc05650af39a60aef19-scaled.jpeg","contentUrl":"https:\/\/www.koonings.com\/wp-content\/uploads\/2024\/11\/41012_8fdd4c97c054c44c92e2c74a694b09cfdc49f23cbf7498cc69d97fc05650af39a60aef19-scaled.jpeg","width":1811,"height":2560},{"@type":"BreadcrumbList","@id":"https:\/\/www.koonings.com\/de\/product\/ladybird-azlin-lb125bh2\/#breadcrumb","itemListElement":[{"@type":"ListItem","position":1,"name":"Home","item":"https:\/\/www.koonings.com\/de\/"},{"@type":"ListItem","position":2,"name":"Ladybird Azlin LB125BH2"}]},{"@type":"WebSite","@id":"https:\/\/www.koonings.com\/de\/#website","url":"https:\/\/www.koonings.com\/de\/","name":"Koonings","description":"De grootste bruidsmodewinkel ter wereld","publisher":{"@id":"https:\/\/www.koonings.com\/de\/#organization"},"potentialAction":[{"@type":"SearchAction","target":{"@type":"EntryPoint","urlTemplate":"https:\/\/www.koonings.com\/de\/?s={search_term_string}"},"query-input":{"@type":"PropertyValueSpecification","valueRequired":true,"valueName":"search_term_string"}}],"inLanguage":"de"},{"@type":"Organization","@id":"https:\/\/www.koonings.com\/de\/#organization","name":"Koonings","url":"https:\/\/www.koonings.com\/de\/","logo":{"@type":"ImageObject","inLanguage":"de","@id":"https:\/\/www.koonings.com\/de\/#\/schema\/logo\/image\/","url":"https:\/\/www.koonings.com\/wp-content\/uploads\/2024\/07\/logo.png","contentUrl":"https:\/\/www.koonings.com\/wp-content\/uploads\/2024\/07\/logo.png","width":600,"height":428,"caption":"Koonings"},"image":{"@id":"https:\/\/www.koonings.com\/de\/#\/schema\/logo\/image\/"},"sameAs":["https:\/\/www.facebook.com\/kooningstheweddingpalace","https:\/\/www.instagram.com\/kooningstheweddingpalace","https:\/\/www.pinterest.com\/koonings","https:\/\/www.youtube.com\/kooningstheweddingpalace"]}]}},"_links":{"self":[{"href":"https:\/\/www.koonings.com\/de\/wp-json\/wp\/v2\/product\/59257","targetHints":{"allow":["GET"]}}],"collection":[{"href":"https:\/\/www.koonings.com\/de\/wp-json\/wp\/v2\/product"}],"about":[{"href":"https:\/\/www.koonings.com\/de\/wp-json\/wp\/v2\/types\/product"}],"wp:featuredmedia":[{"embeddable":true,"href":"https:\/\/www.koonings.com\/de\/wp-json\/wp\/v2\/media\/48872"}],"wp:attachment":[{"href":"https:\/\/www.koonings.com\/de\/wp-json\/wp\/v2\/media?parent=59257"}],"wp:term":[{"taxonomy":"productdetails","embeddable":true,"href":"https:\/\/www.koonings.com\/de\/wp-json\/wp\/v2\/productdetails?post=59257"},{"taxonomy":"productneck","embeddable":true,"href":"https:\/\/www.koonings.com\/de\/wp-json\/wp\/v2\/productneck?post=59257"},{"taxonomy":"productcolor","embeddable":true,"href":"https:\/\/www.koonings.com\/de\/wp-json\/wp\/v2\/productcolor?post=59257"},{"taxonomy":"maat","embeddable":true,"href":"https:\/\/www.koonings.com\/de\/wp-json\/wp\/v2\/maat?post=59257"},{"taxonomy":"productsupplier","embeddable":true,"href":"https:\/\/www.koonings.com\/de\/wp-json\/wp\/v2\/productsupplier?post=59257"},{"taxonomy":"productsleeve","embeddable":true,"href":"https:\/\/www.koonings.com\/de\/wp-json\/wp\/v2\/productsleeve?post=59257"},{"taxonomy":"productcategory","embeddable":true,"href":"https:\/\/www.koonings.com\/de\/wp-json\/wp\/v2\/productcategory?post=59257"},{"taxonomy":"productsilhouette","embeddable":true,"href":"https:\/\/www.koonings.com\/de\/wp-json\/wp\/v2\/productsilhouette?post=59257"},{"taxonomy":"productstyle","embeddable":true,"href":"https:\/\/www.koonings.com\/de\/wp-json\/wp\/v2\/productstyle?post=59257"}],"curies":[{"name":"wp","href":"https:\/\/api.w.org\/{rel}","templated":true}]}}