{"id":59187,"date":"2026-04-28T18:24:43","date_gmt":"2026-04-28T16:24:43","guid":{"rendered":"https:\/\/www.koonings.com\/product\/pronovias-fashion-group-charline-pr125cb2\/"},"modified":"2025-06-05T13:19:51","modified_gmt":"2025-06-05T11:19:51","slug":"pronovias-fashion-group-charline-pr125cb2","status":"publish","type":"product","link":"https:\/\/www.koonings.com\/de\/product\/pronovias-fashion-group-charline-pr125cb2\/","title":{"rendered":"Pronovias Fashion Group Charline PR125CB2"},"content":{"rendered":"<p>Der elegante Meerjungfrauen-Stil von CHARLINE erwacht mit einem atemberaubenden floralen Jacquard-Finish zum Leben. Das Kleid ist aus einem traditionellen Mikado-Stoff gefertigt, der f\u00fcr Struktur sorgt. Es verf\u00fcgt \u00fcber einen tiefen V-Ausschnitt auf der Vorder- und R\u00fcckseite, ein sashartes Detail an der Taille und einen Rock, der sich der Silhouette am oberen Ende des Beins anpasst und ab dem Knie offen f\u00e4llt, um einen raffinierten Effekt zu erzielen. Die abnehmbare Schleppe verleiht dem Kleid eine ganz besondere Note.  <\/p>\n","protected":false},"featured_media":49422,"template":"","meta":{"_acf_changed":false,"ghostkit_customizer_options":"","ghostkit_custom_css":"","ghostkit_custom_js_head":"","ghostkit_custom_js_foot":"","ghostkit_typography":""},"productdetails":[],"productneck":[356],"productcolor":[392],"maat":[],"productsupplier":[430],"productsleeve":[359],"productcategory":[18],"productsilhouette":[387],"productstyle":[366],"class_list":["post-59187","product","type-product","status-publish","has-post-thumbnail","hentry","productneck-356","productcolor-392","productsupplier-pronovias-fashion-group","productsleeve-359","productcategory-trouwjurken","productsilhouette-387","productstyle-366"],"acf":[],"yoast_head":"<!-- This site is optimized with the Yoast SEO plugin v27.3 - https:\/\/yoast.com\/product\/yoast-seo-wordpress\/ -->\n<title>Pronovias Fashion Group Charline PR125CB2 | Koonings<\/title>\n<meta name=\"description\" content=\"Der elegante Meerjungfrauen-Stil von CHARLINE erwacht mit einem atemberaubenden floralen Jacquard-Finish zum Leben. Das Kleid ist aus einem traditionellen Mikado-Stoff gefertigt, der f\u00fcr Struktur sorgt. Es verf\u00fcgt \u00fcber einen tiefen V-Ausschnitt auf der Vorder- und R\u00fcckseite, ein sashartes Detail an der Taille und einen Rock, der sich der Silhouette am oberen Ende des Beins anpasst und ab dem Knie offen f\u00e4llt, um einen raffinierten Effekt zu erzielen. Die abnehmbare Schleppe verleiht dem Kleid eine ganz besondere Note.\" \/>\n<meta name=\"robots\" content=\"index, follow, max-snippet:-1, max-image-preview:large, max-video-preview:-1\" \/>\n<link rel=\"canonical\" href=\"https:\/\/www.koonings.com\/de\/product\/pronovias-fashion-group-charline-pr125cb2\/\" \/>\n<meta property=\"og:locale\" content=\"de_DE\" \/>\n<meta property=\"og:type\" content=\"article\" \/>\n<meta property=\"og:title\" content=\"Pronovias Fashion Group Charline PR125CB2 | Koonings\" \/>\n<meta property=\"og:description\" content=\"Der elegante Meerjungfrauen-Stil von CHARLINE erwacht mit einem atemberaubenden floralen Jacquard-Finish zum Leben. Das Kleid ist aus einem traditionellen Mikado-Stoff gefertigt, der f\u00fcr Struktur sorgt. Es verf\u00fcgt \u00fcber einen tiefen V-Ausschnitt auf der Vorder- und R\u00fcckseite, ein sashartes Detail an der Taille und einen Rock, der sich der Silhouette am oberen Ende des Beins anpasst und ab dem Knie offen f\u00e4llt, um einen raffinierten Effekt zu erzielen. Die abnehmbare Schleppe verleiht dem Kleid eine ganz besondere Note.\" \/>\n<meta property=\"og:url\" content=\"https:\/\/www.koonings.com\/de\/product\/pronovias-fashion-group-charline-pr125cb2\/\" \/>\n<meta property=\"og:site_name\" content=\"Koonings\" \/>\n<meta property=\"article:publisher\" content=\"https:\/\/www.facebook.com\/kooningstheweddingpalace\" \/>\n<meta property=\"og:image\" content=\"https:\/\/www.koonings.com\/wp-content\/uploads\/2024\/11\/41040_19d2de757d10dd64c261dc2012c7877fbaf1f5b10dce7cc1b75f42b82d210d2379112fcf-scaled.jpeg\" \/>\n\t<meta property=\"og:image:width\" content=\"1812\" \/>\n\t<meta property=\"og:image:height\" content=\"2560\" \/>\n\t<meta property=\"og:image:type\" content=\"image\/jpeg\" \/>\n<meta name=\"twitter:card\" content=\"summary_large_image\" \/>\n<script type=\"application\/ld+json\" class=\"yoast-schema-graph\">{\"@context\":\"https:\\\/\\\/schema.org\",\"@graph\":[{\"@type\":\"WebPage\",\"@id\":\"https:\\\/\\\/www.koonings.com\\\/de\\\/product\\\/pronovias-fashion-group-charline-pr125cb2\\\/\",\"url\":\"https:\\\/\\\/www.koonings.com\\\/de\\\/product\\\/pronovias-fashion-group-charline-pr125cb2\\\/\",\"name\":\"Pronovias Fashion Group Charline PR125CB2 | Koonings\",\"isPartOf\":{\"@id\":\"https:\\\/\\\/www.koonings.com\\\/de\\\/#website\"},\"primaryImageOfPage\":{\"@id\":\"https:\\\/\\\/www.koonings.com\\\/de\\\/product\\\/pronovias-fashion-group-charline-pr125cb2\\\/#primaryimage\"},\"image\":{\"@id\":\"https:\\\/\\\/www.koonings.com\\\/de\\\/product\\\/pronovias-fashion-group-charline-pr125cb2\\\/#primaryimage\"},\"thumbnailUrl\":\"https:\\\/\\\/www.koonings.com\\\/wp-content\\\/uploads\\\/2024\\\/11\\\/41040_19d2de757d10dd64c261dc2012c7877fbaf1f5b10dce7cc1b75f42b82d210d2379112fcf-scaled.jpeg\",\"datePublished\":\"2026-04-28T16:24:43+00:00\",\"description\":\"Der elegante Meerjungfrauen-Stil von CHARLINE erwacht mit einem atemberaubenden floralen Jacquard-Finish zum Leben. Das Kleid ist aus einem traditionellen Mikado-Stoff gefertigt, der f\u00fcr Struktur sorgt. Es verf\u00fcgt \u00fcber einen tiefen V-Ausschnitt auf der Vorder- und R\u00fcckseite, ein sashartes Detail an der Taille und einen Rock, der sich der Silhouette am oberen Ende des Beins anpasst und ab dem Knie offen f\u00e4llt, um einen raffinierten Effekt zu erzielen. Die abnehmbare Schleppe verleiht dem Kleid eine ganz besondere Note.\",\"breadcrumb\":{\"@id\":\"https:\\\/\\\/www.koonings.com\\\/de\\\/product\\\/pronovias-fashion-group-charline-pr125cb2\\\/#breadcrumb\"},\"inLanguage\":\"de\",\"potentialAction\":[{\"@type\":\"ReadAction\",\"target\":[\"https:\\\/\\\/www.koonings.com\\\/de\\\/product\\\/pronovias-fashion-group-charline-pr125cb2\\\/\"]}]},{\"@type\":\"ImageObject\",\"inLanguage\":\"de\",\"@id\":\"https:\\\/\\\/www.koonings.com\\\/de\\\/product\\\/pronovias-fashion-group-charline-pr125cb2\\\/#primaryimage\",\"url\":\"https:\\\/\\\/www.koonings.com\\\/wp-content\\\/uploads\\\/2024\\\/11\\\/41040_19d2de757d10dd64c261dc2012c7877fbaf1f5b10dce7cc1b75f42b82d210d2379112fcf-scaled.jpeg\",\"contentUrl\":\"https:\\\/\\\/www.koonings.com\\\/wp-content\\\/uploads\\\/2024\\\/11\\\/41040_19d2de757d10dd64c261dc2012c7877fbaf1f5b10dce7cc1b75f42b82d210d2379112fcf-scaled.jpeg\",\"width\":1812,\"height\":2560},{\"@type\":\"BreadcrumbList\",\"@id\":\"https:\\\/\\\/www.koonings.com\\\/de\\\/product\\\/pronovias-fashion-group-charline-pr125cb2\\\/#breadcrumb\",\"itemListElement\":[{\"@type\":\"ListItem\",\"position\":1,\"name\":\"Home\",\"item\":\"https:\\\/\\\/www.koonings.com\\\/de\\\/\"},{\"@type\":\"ListItem\",\"position\":2,\"name\":\"Pronovias Fashion Group Charline PR125CB2\"}]},{\"@type\":\"WebSite\",\"@id\":\"https:\\\/\\\/www.koonings.com\\\/de\\\/#website\",\"url\":\"https:\\\/\\\/www.koonings.com\\\/de\\\/\",\"name\":\"Koonings\",\"description\":\"De grootste bruidsmodewinkel ter wereld\",\"publisher\":{\"@id\":\"https:\\\/\\\/www.koonings.com\\\/de\\\/#organization\"},\"potentialAction\":[{\"@type\":\"SearchAction\",\"target\":{\"@type\":\"EntryPoint\",\"urlTemplate\":\"https:\\\/\\\/www.koonings.com\\\/de\\\/?s={search_term_string}\"},\"query-input\":{\"@type\":\"PropertyValueSpecification\",\"valueRequired\":true,\"valueName\":\"search_term_string\"}}],\"inLanguage\":\"de\"},{\"@type\":\"Organization\",\"@id\":\"https:\\\/\\\/www.koonings.com\\\/de\\\/#organization\",\"name\":\"Koonings\",\"url\":\"https:\\\/\\\/www.koonings.com\\\/de\\\/\",\"logo\":{\"@type\":\"ImageObject\",\"inLanguage\":\"de\",\"@id\":\"https:\\\/\\\/www.koonings.com\\\/de\\\/#\\\/schema\\\/logo\\\/image\\\/\",\"url\":\"https:\\\/\\\/www.koonings.com\\\/wp-content\\\/uploads\\\/2024\\\/07\\\/logo.png\",\"contentUrl\":\"https:\\\/\\\/www.koonings.com\\\/wp-content\\\/uploads\\\/2024\\\/07\\\/logo.png\",\"width\":600,\"height\":428,\"caption\":\"Koonings\"},\"image\":{\"@id\":\"https:\\\/\\\/www.koonings.com\\\/de\\\/#\\\/schema\\\/logo\\\/image\\\/\"},\"sameAs\":[\"https:\\\/\\\/www.facebook.com\\\/kooningstheweddingpalace\",\"https:\\\/\\\/www.instagram.com\\\/kooningstheweddingpalace\",\"https:\\\/\\\/www.pinterest.com\\\/koonings\",\"https:\\\/\\\/www.youtube.com\\\/kooningstheweddingpalace\"]}]}<\/script>\n<!-- \/ Yoast SEO plugin. -->","yoast_head_json":{"title":"Pronovias Fashion Group Charline PR125CB2 | Koonings","description":"Der elegante Meerjungfrauen-Stil von CHARLINE erwacht mit einem atemberaubenden floralen Jacquard-Finish zum Leben. Das Kleid ist aus einem traditionellen Mikado-Stoff gefertigt, der f\u00fcr Struktur sorgt. Es verf\u00fcgt \u00fcber einen tiefen V-Ausschnitt auf der Vorder- und R\u00fcckseite, ein sashartes Detail an der Taille und einen Rock, der sich der Silhouette am oberen Ende des Beins anpasst und ab dem Knie offen f\u00e4llt, um einen raffinierten Effekt zu erzielen. Die abnehmbare Schleppe verleiht dem Kleid eine ganz besondere Note.","robots":{"index":"index","follow":"follow","max-snippet":"max-snippet:-1","max-image-preview":"max-image-preview:large","max-video-preview":"max-video-preview:-1"},"canonical":"https:\/\/www.koonings.com\/de\/product\/pronovias-fashion-group-charline-pr125cb2\/","og_locale":"de_DE","og_type":"article","og_title":"Pronovias Fashion Group Charline PR125CB2 | Koonings","og_description":"Der elegante Meerjungfrauen-Stil von CHARLINE erwacht mit einem atemberaubenden floralen Jacquard-Finish zum Leben. Das Kleid ist aus einem traditionellen Mikado-Stoff gefertigt, der f\u00fcr Struktur sorgt. Es verf\u00fcgt \u00fcber einen tiefen V-Ausschnitt auf der Vorder- und R\u00fcckseite, ein sashartes Detail an der Taille und einen Rock, der sich der Silhouette am oberen Ende des Beins anpasst und ab dem Knie offen f\u00e4llt, um einen raffinierten Effekt zu erzielen. Die abnehmbare Schleppe verleiht dem Kleid eine ganz besondere Note.","og_url":"https:\/\/www.koonings.com\/de\/product\/pronovias-fashion-group-charline-pr125cb2\/","og_site_name":"Koonings","article_publisher":"https:\/\/www.facebook.com\/kooningstheweddingpalace","og_image":[{"width":1812,"height":2560,"url":"https:\/\/www.koonings.com\/wp-content\/uploads\/2024\/11\/41040_19d2de757d10dd64c261dc2012c7877fbaf1f5b10dce7cc1b75f42b82d210d2379112fcf-scaled.jpeg","type":"image\/jpeg"}],"twitter_card":"summary_large_image","schema":{"@context":"https:\/\/schema.org","@graph":[{"@type":"WebPage","@id":"https:\/\/www.koonings.com\/de\/product\/pronovias-fashion-group-charline-pr125cb2\/","url":"https:\/\/www.koonings.com\/de\/product\/pronovias-fashion-group-charline-pr125cb2\/","name":"Pronovias Fashion Group Charline PR125CB2 | Koonings","isPartOf":{"@id":"https:\/\/www.koonings.com\/de\/#website"},"primaryImageOfPage":{"@id":"https:\/\/www.koonings.com\/de\/product\/pronovias-fashion-group-charline-pr125cb2\/#primaryimage"},"image":{"@id":"https:\/\/www.koonings.com\/de\/product\/pronovias-fashion-group-charline-pr125cb2\/#primaryimage"},"thumbnailUrl":"https:\/\/www.koonings.com\/wp-content\/uploads\/2024\/11\/41040_19d2de757d10dd64c261dc2012c7877fbaf1f5b10dce7cc1b75f42b82d210d2379112fcf-scaled.jpeg","datePublished":"2026-04-28T16:24:43+00:00","description":"Der elegante Meerjungfrauen-Stil von CHARLINE erwacht mit einem atemberaubenden floralen Jacquard-Finish zum Leben. Das Kleid ist aus einem traditionellen Mikado-Stoff gefertigt, der f\u00fcr Struktur sorgt. Es verf\u00fcgt \u00fcber einen tiefen V-Ausschnitt auf der Vorder- und R\u00fcckseite, ein sashartes Detail an der Taille und einen Rock, der sich der Silhouette am oberen Ende des Beins anpasst und ab dem Knie offen f\u00e4llt, um einen raffinierten Effekt zu erzielen. Die abnehmbare Schleppe verleiht dem Kleid eine ganz besondere Note.","breadcrumb":{"@id":"https:\/\/www.koonings.com\/de\/product\/pronovias-fashion-group-charline-pr125cb2\/#breadcrumb"},"inLanguage":"de","potentialAction":[{"@type":"ReadAction","target":["https:\/\/www.koonings.com\/de\/product\/pronovias-fashion-group-charline-pr125cb2\/"]}]},{"@type":"ImageObject","inLanguage":"de","@id":"https:\/\/www.koonings.com\/de\/product\/pronovias-fashion-group-charline-pr125cb2\/#primaryimage","url":"https:\/\/www.koonings.com\/wp-content\/uploads\/2024\/11\/41040_19d2de757d10dd64c261dc2012c7877fbaf1f5b10dce7cc1b75f42b82d210d2379112fcf-scaled.jpeg","contentUrl":"https:\/\/www.koonings.com\/wp-content\/uploads\/2024\/11\/41040_19d2de757d10dd64c261dc2012c7877fbaf1f5b10dce7cc1b75f42b82d210d2379112fcf-scaled.jpeg","width":1812,"height":2560},{"@type":"BreadcrumbList","@id":"https:\/\/www.koonings.com\/de\/product\/pronovias-fashion-group-charline-pr125cb2\/#breadcrumb","itemListElement":[{"@type":"ListItem","position":1,"name":"Home","item":"https:\/\/www.koonings.com\/de\/"},{"@type":"ListItem","position":2,"name":"Pronovias Fashion Group Charline PR125CB2"}]},{"@type":"WebSite","@id":"https:\/\/www.koonings.com\/de\/#website","url":"https:\/\/www.koonings.com\/de\/","name":"Koonings","description":"De grootste bruidsmodewinkel ter wereld","publisher":{"@id":"https:\/\/www.koonings.com\/de\/#organization"},"potentialAction":[{"@type":"SearchAction","target":{"@type":"EntryPoint","urlTemplate":"https:\/\/www.koonings.com\/de\/?s={search_term_string}"},"query-input":{"@type":"PropertyValueSpecification","valueRequired":true,"valueName":"search_term_string"}}],"inLanguage":"de"},{"@type":"Organization","@id":"https:\/\/www.koonings.com\/de\/#organization","name":"Koonings","url":"https:\/\/www.koonings.com\/de\/","logo":{"@type":"ImageObject","inLanguage":"de","@id":"https:\/\/www.koonings.com\/de\/#\/schema\/logo\/image\/","url":"https:\/\/www.koonings.com\/wp-content\/uploads\/2024\/07\/logo.png","contentUrl":"https:\/\/www.koonings.com\/wp-content\/uploads\/2024\/07\/logo.png","width":600,"height":428,"caption":"Koonings"},"image":{"@id":"https:\/\/www.koonings.com\/de\/#\/schema\/logo\/image\/"},"sameAs":["https:\/\/www.facebook.com\/kooningstheweddingpalace","https:\/\/www.instagram.com\/kooningstheweddingpalace","https:\/\/www.pinterest.com\/koonings","https:\/\/www.youtube.com\/kooningstheweddingpalace"]}]}},"_links":{"self":[{"href":"https:\/\/www.koonings.com\/de\/wp-json\/wp\/v2\/product\/59187","targetHints":{"allow":["GET"]}}],"collection":[{"href":"https:\/\/www.koonings.com\/de\/wp-json\/wp\/v2\/product"}],"about":[{"href":"https:\/\/www.koonings.com\/de\/wp-json\/wp\/v2\/types\/product"}],"wp:featuredmedia":[{"embeddable":true,"href":"https:\/\/www.koonings.com\/de\/wp-json\/wp\/v2\/media\/49422"}],"wp:attachment":[{"href":"https:\/\/www.koonings.com\/de\/wp-json\/wp\/v2\/media?parent=59187"}],"wp:term":[{"taxonomy":"productdetails","embeddable":true,"href":"https:\/\/www.koonings.com\/de\/wp-json\/wp\/v2\/productdetails?post=59187"},{"taxonomy":"productneck","embeddable":true,"href":"https:\/\/www.koonings.com\/de\/wp-json\/wp\/v2\/productneck?post=59187"},{"taxonomy":"productcolor","embeddable":true,"href":"https:\/\/www.koonings.com\/de\/wp-json\/wp\/v2\/productcolor?post=59187"},{"taxonomy":"maat","embeddable":true,"href":"https:\/\/www.koonings.com\/de\/wp-json\/wp\/v2\/maat?post=59187"},{"taxonomy":"productsupplier","embeddable":true,"href":"https:\/\/www.koonings.com\/de\/wp-json\/wp\/v2\/productsupplier?post=59187"},{"taxonomy":"productsleeve","embeddable":true,"href":"https:\/\/www.koonings.com\/de\/wp-json\/wp\/v2\/productsleeve?post=59187"},{"taxonomy":"productcategory","embeddable":true,"href":"https:\/\/www.koonings.com\/de\/wp-json\/wp\/v2\/productcategory?post=59187"},{"taxonomy":"productsilhouette","embeddable":true,"href":"https:\/\/www.koonings.com\/de\/wp-json\/wp\/v2\/productsilhouette?post=59187"},{"taxonomy":"productstyle","embeddable":true,"href":"https:\/\/www.koonings.com\/de\/wp-json\/wp\/v2\/productstyle?post=59187"}],"curies":[{"name":"wp","href":"https:\/\/api.w.org\/{rel}","templated":true}]}}