{"id":59181,"date":"2025-12-15T00:40:02","date_gmt":"2025-12-14T23:40:02","guid":{"rendered":"https:\/\/www.koonings.com\/product\/pronovias-fashion-group-noemie-pr125cg1\/"},"modified":"2026-02-03T18:49:38","modified_gmt":"2026-02-03T17:49:38","slug":"pronovias-fashion-group-noemie-pr125cg1","status":"publish","type":"product","link":"https:\/\/www.koonings.com\/de\/product\/pronovias-fashion-group-noemie-pr125cg1\/","title":{"rendered":"Pronovias Mode Gruppe Noemie PR125CG1"},"content":{"rendered":"<p>NOEMIE wird Br\u00e4ute begeistern, die Mode und Raffinesse lieben. Die elegante Meerjungfrauen-Silhouette aus Cr\u00eape zeichnet sich durch einen tief ausgeschnittenen V-Ausschnitt mit T\u00fclldetails in der Mitte und durchg\u00e4ngigen Strassverzierungen an den d\u00fcnnen Tr\u00e4gern und auf dem stimmungsvollen runden R\u00fccken mit durchscheinenden Details aus. Der Rock umh\u00fcllt die Figur bis zur Mitte der Wade und l\u00e4uft dann leicht aus, was zu einer sch\u00f6nen Schleppe f\u00fchrt. Das auff\u00e4lligste Merkmal des Kleides sind jedoch die volumin\u00f6sen, gebl\u00fcmten Puff\u00e4rmel, die nach Belieben an- oder abgenommen werden k\u00f6nnen.  <\/p>\n","protected":false},"featured_media":49405,"template":"","meta":{"_acf_changed":false,"ghostkit_customizer_options":"","ghostkit_custom_css":"","ghostkit_custom_js_head":"","ghostkit_custom_js_foot":"","ghostkit_typography":""},"productdetails":[],"productneck":[356],"productcolor":[392],"maat":[],"productsupplier":[430],"productsleeve":[361],"productcategory":[18],"productsilhouette":[387],"productstyle":[369,365,366],"class_list":["post-59181","product","type-product","status-publish","has-post-thumbnail","hentry","productneck-356","productcolor-392","productsupplier-pronovias-fashion-group","productsleeve-361","productcategory-trouwjurken","productsilhouette-387","productstyle-369","productstyle-365","productstyle-366"],"acf":[],"yoast_head":"<!-- This site is optimized with the Yoast SEO plugin v27.3 - https:\/\/yoast.com\/product\/yoast-seo-wordpress\/ -->\n<title>Pronovias Mode Gruppe Noemie PR125CG1 | Koonings<\/title>\n<meta name=\"description\" content=\"NOEMIE wird Br\u00e4ute begeistern, die Mode und Raffinesse lieben. Die elegante Meerjungfrauen-Silhouette aus Cr\u00eape zeichnet sich durch einen tief ausgeschnittenen V-Ausschnitt mit T\u00fclldetails in der Mitte und durchg\u00e4ngigen Strassverzierungen an den d\u00fcnnen Tr\u00e4gern und auf dem stimmungsvollen runden R\u00fccken mit durchscheinenden Details aus. Der Rock umh\u00fcllt die Figur bis zur Mitte der Wade und l\u00e4uft dann leicht aus, was zu einer sch\u00f6nen Schleppe f\u00fchrt. Das auff\u00e4lligste Merkmal des Kleides sind jedoch die volumin\u00f6sen, gebl\u00fcmten Puff\u00e4rmel, die nach Belieben an- oder abgenommen werden k\u00f6nnen.\" \/>\n<meta name=\"robots\" content=\"index, follow, max-snippet:-1, max-image-preview:large, max-video-preview:-1\" \/>\n<link rel=\"canonical\" href=\"https:\/\/www.koonings.com\/de\/product\/pronovias-fashion-group-noemie-pr125cg1\/\" \/>\n<meta property=\"og:locale\" content=\"de_DE\" \/>\n<meta property=\"og:type\" content=\"article\" \/>\n<meta property=\"og:title\" content=\"Pronovias Mode Gruppe Noemie PR125CG1 | Koonings\" \/>\n<meta property=\"og:description\" content=\"NOEMIE wird Br\u00e4ute begeistern, die Mode und Raffinesse lieben. Die elegante Meerjungfrauen-Silhouette aus Cr\u00eape zeichnet sich durch einen tief ausgeschnittenen V-Ausschnitt mit T\u00fclldetails in der Mitte und durchg\u00e4ngigen Strassverzierungen an den d\u00fcnnen Tr\u00e4gern und auf dem stimmungsvollen runden R\u00fccken mit durchscheinenden Details aus. Der Rock umh\u00fcllt die Figur bis zur Mitte der Wade und l\u00e4uft dann leicht aus, was zu einer sch\u00f6nen Schleppe f\u00fchrt. Das auff\u00e4lligste Merkmal des Kleides sind jedoch die volumin\u00f6sen, gebl\u00fcmten Puff\u00e4rmel, die nach Belieben an- oder abgenommen werden k\u00f6nnen.\" \/>\n<meta property=\"og:url\" content=\"https:\/\/www.koonings.com\/de\/product\/pronovias-fashion-group-noemie-pr125cg1\/\" \/>\n<meta property=\"og:site_name\" content=\"Koonings\" \/>\n<meta property=\"article:publisher\" content=\"https:\/\/www.facebook.com\/kooningstheweddingpalace\" \/>\n<meta property=\"article:modified_time\" content=\"2026-02-03T17:49:38+00:00\" \/>\n<meta property=\"og:image\" content=\"https:\/\/www.koonings.com\/wp-content\/uploads\/2024\/11\/41039_df25cde45b21af12636bab62e9e487c54fec963e11d12491a919d02d5374dbdf180219a5.jpeg\" \/>\n\t<meta property=\"og:image:width\" content=\"1408\" \/>\n\t<meta property=\"og:image:height\" content=\"1991\" \/>\n\t<meta property=\"og:image:type\" content=\"image\/jpeg\" \/>\n<meta name=\"twitter:card\" content=\"summary_large_image\" \/>\n<script type=\"application\/ld+json\" class=\"yoast-schema-graph\">{\"@context\":\"https:\\\/\\\/schema.org\",\"@graph\":[{\"@type\":\"WebPage\",\"@id\":\"https:\\\/\\\/www.koonings.com\\\/de\\\/product\\\/pronovias-fashion-group-noemie-pr125cg1\\\/\",\"url\":\"https:\\\/\\\/www.koonings.com\\\/de\\\/product\\\/pronovias-fashion-group-noemie-pr125cg1\\\/\",\"name\":\"Pronovias Mode Gruppe Noemie PR125CG1 | Koonings\",\"isPartOf\":{\"@id\":\"https:\\\/\\\/www.koonings.com\\\/de\\\/#website\"},\"primaryImageOfPage\":{\"@id\":\"https:\\\/\\\/www.koonings.com\\\/de\\\/product\\\/pronovias-fashion-group-noemie-pr125cg1\\\/#primaryimage\"},\"image\":{\"@id\":\"https:\\\/\\\/www.koonings.com\\\/de\\\/product\\\/pronovias-fashion-group-noemie-pr125cg1\\\/#primaryimage\"},\"thumbnailUrl\":\"https:\\\/\\\/www.koonings.com\\\/wp-content\\\/uploads\\\/2024\\\/11\\\/41039_df25cde45b21af12636bab62e9e487c54fec963e11d12491a919d02d5374dbdf180219a5.jpeg\",\"datePublished\":\"2025-12-14T23:40:02+00:00\",\"dateModified\":\"2026-02-03T17:49:38+00:00\",\"description\":\"NOEMIE wird Br\u00e4ute begeistern, die Mode und Raffinesse lieben. Die elegante Meerjungfrauen-Silhouette aus Cr\u00eape zeichnet sich durch einen tief ausgeschnittenen V-Ausschnitt mit T\u00fclldetails in der Mitte und durchg\u00e4ngigen Strassverzierungen an den d\u00fcnnen Tr\u00e4gern und auf dem stimmungsvollen runden R\u00fccken mit durchscheinenden Details aus. Der Rock umh\u00fcllt die Figur bis zur Mitte der Wade und l\u00e4uft dann leicht aus, was zu einer sch\u00f6nen Schleppe f\u00fchrt. Das auff\u00e4lligste Merkmal des Kleides sind jedoch die volumin\u00f6sen, gebl\u00fcmten Puff\u00e4rmel, die nach Belieben an- oder abgenommen werden k\u00f6nnen.\",\"breadcrumb\":{\"@id\":\"https:\\\/\\\/www.koonings.com\\\/de\\\/product\\\/pronovias-fashion-group-noemie-pr125cg1\\\/#breadcrumb\"},\"inLanguage\":\"de\",\"potentialAction\":[{\"@type\":\"ReadAction\",\"target\":[\"https:\\\/\\\/www.koonings.com\\\/de\\\/product\\\/pronovias-fashion-group-noemie-pr125cg1\\\/\"]}]},{\"@type\":\"ImageObject\",\"inLanguage\":\"de\",\"@id\":\"https:\\\/\\\/www.koonings.com\\\/de\\\/product\\\/pronovias-fashion-group-noemie-pr125cg1\\\/#primaryimage\",\"url\":\"https:\\\/\\\/www.koonings.com\\\/wp-content\\\/uploads\\\/2024\\\/11\\\/41039_df25cde45b21af12636bab62e9e487c54fec963e11d12491a919d02d5374dbdf180219a5.jpeg\",\"contentUrl\":\"https:\\\/\\\/www.koonings.com\\\/wp-content\\\/uploads\\\/2024\\\/11\\\/41039_df25cde45b21af12636bab62e9e487c54fec963e11d12491a919d02d5374dbdf180219a5.jpeg\",\"width\":1408,\"height\":1991},{\"@type\":\"BreadcrumbList\",\"@id\":\"https:\\\/\\\/www.koonings.com\\\/de\\\/product\\\/pronovias-fashion-group-noemie-pr125cg1\\\/#breadcrumb\",\"itemListElement\":[{\"@type\":\"ListItem\",\"position\":1,\"name\":\"Home\",\"item\":\"https:\\\/\\\/www.koonings.com\\\/de\\\/\"},{\"@type\":\"ListItem\",\"position\":2,\"name\":\"Pronovias Mode Gruppe Noemie PR125CG1\"}]},{\"@type\":\"WebSite\",\"@id\":\"https:\\\/\\\/www.koonings.com\\\/de\\\/#website\",\"url\":\"https:\\\/\\\/www.koonings.com\\\/de\\\/\",\"name\":\"Koonings\",\"description\":\"De grootste bruidsmodewinkel ter wereld\",\"publisher\":{\"@id\":\"https:\\\/\\\/www.koonings.com\\\/de\\\/#organization\"},\"potentialAction\":[{\"@type\":\"SearchAction\",\"target\":{\"@type\":\"EntryPoint\",\"urlTemplate\":\"https:\\\/\\\/www.koonings.com\\\/de\\\/?s={search_term_string}\"},\"query-input\":{\"@type\":\"PropertyValueSpecification\",\"valueRequired\":true,\"valueName\":\"search_term_string\"}}],\"inLanguage\":\"de\"},{\"@type\":\"Organization\",\"@id\":\"https:\\\/\\\/www.koonings.com\\\/de\\\/#organization\",\"name\":\"Koonings\",\"url\":\"https:\\\/\\\/www.koonings.com\\\/de\\\/\",\"logo\":{\"@type\":\"ImageObject\",\"inLanguage\":\"de\",\"@id\":\"https:\\\/\\\/www.koonings.com\\\/de\\\/#\\\/schema\\\/logo\\\/image\\\/\",\"url\":\"https:\\\/\\\/www.koonings.com\\\/wp-content\\\/uploads\\\/2024\\\/07\\\/logo.png\",\"contentUrl\":\"https:\\\/\\\/www.koonings.com\\\/wp-content\\\/uploads\\\/2024\\\/07\\\/logo.png\",\"width\":600,\"height\":428,\"caption\":\"Koonings\"},\"image\":{\"@id\":\"https:\\\/\\\/www.koonings.com\\\/de\\\/#\\\/schema\\\/logo\\\/image\\\/\"},\"sameAs\":[\"https:\\\/\\\/www.facebook.com\\\/kooningstheweddingpalace\",\"https:\\\/\\\/www.instagram.com\\\/kooningstheweddingpalace\",\"https:\\\/\\\/www.pinterest.com\\\/koonings\",\"https:\\\/\\\/www.youtube.com\\\/kooningstheweddingpalace\"]}]}<\/script>\n<!-- \/ Yoast SEO plugin. -->","yoast_head_json":{"title":"Pronovias Mode Gruppe Noemie PR125CG1 | Koonings","description":"NOEMIE wird Br\u00e4ute begeistern, die Mode und Raffinesse lieben. Die elegante Meerjungfrauen-Silhouette aus Cr\u00eape zeichnet sich durch einen tief ausgeschnittenen V-Ausschnitt mit T\u00fclldetails in der Mitte und durchg\u00e4ngigen Strassverzierungen an den d\u00fcnnen Tr\u00e4gern und auf dem stimmungsvollen runden R\u00fccken mit durchscheinenden Details aus. Der Rock umh\u00fcllt die Figur bis zur Mitte der Wade und l\u00e4uft dann leicht aus, was zu einer sch\u00f6nen Schleppe f\u00fchrt. Das auff\u00e4lligste Merkmal des Kleides sind jedoch die volumin\u00f6sen, gebl\u00fcmten Puff\u00e4rmel, die nach Belieben an- oder abgenommen werden k\u00f6nnen.","robots":{"index":"index","follow":"follow","max-snippet":"max-snippet:-1","max-image-preview":"max-image-preview:large","max-video-preview":"max-video-preview:-1"},"canonical":"https:\/\/www.koonings.com\/de\/product\/pronovias-fashion-group-noemie-pr125cg1\/","og_locale":"de_DE","og_type":"article","og_title":"Pronovias Mode Gruppe Noemie PR125CG1 | Koonings","og_description":"NOEMIE wird Br\u00e4ute begeistern, die Mode und Raffinesse lieben. Die elegante Meerjungfrauen-Silhouette aus Cr\u00eape zeichnet sich durch einen tief ausgeschnittenen V-Ausschnitt mit T\u00fclldetails in der Mitte und durchg\u00e4ngigen Strassverzierungen an den d\u00fcnnen Tr\u00e4gern und auf dem stimmungsvollen runden R\u00fccken mit durchscheinenden Details aus. Der Rock umh\u00fcllt die Figur bis zur Mitte der Wade und l\u00e4uft dann leicht aus, was zu einer sch\u00f6nen Schleppe f\u00fchrt. Das auff\u00e4lligste Merkmal des Kleides sind jedoch die volumin\u00f6sen, gebl\u00fcmten Puff\u00e4rmel, die nach Belieben an- oder abgenommen werden k\u00f6nnen.","og_url":"https:\/\/www.koonings.com\/de\/product\/pronovias-fashion-group-noemie-pr125cg1\/","og_site_name":"Koonings","article_publisher":"https:\/\/www.facebook.com\/kooningstheweddingpalace","article_modified_time":"2026-02-03T17:49:38+00:00","og_image":[{"width":1408,"height":1991,"url":"https:\/\/www.koonings.com\/wp-content\/uploads\/2024\/11\/41039_df25cde45b21af12636bab62e9e487c54fec963e11d12491a919d02d5374dbdf180219a5.jpeg","type":"image\/jpeg"}],"twitter_card":"summary_large_image","schema":{"@context":"https:\/\/schema.org","@graph":[{"@type":"WebPage","@id":"https:\/\/www.koonings.com\/de\/product\/pronovias-fashion-group-noemie-pr125cg1\/","url":"https:\/\/www.koonings.com\/de\/product\/pronovias-fashion-group-noemie-pr125cg1\/","name":"Pronovias Mode Gruppe Noemie PR125CG1 | Koonings","isPartOf":{"@id":"https:\/\/www.koonings.com\/de\/#website"},"primaryImageOfPage":{"@id":"https:\/\/www.koonings.com\/de\/product\/pronovias-fashion-group-noemie-pr125cg1\/#primaryimage"},"image":{"@id":"https:\/\/www.koonings.com\/de\/product\/pronovias-fashion-group-noemie-pr125cg1\/#primaryimage"},"thumbnailUrl":"https:\/\/www.koonings.com\/wp-content\/uploads\/2024\/11\/41039_df25cde45b21af12636bab62e9e487c54fec963e11d12491a919d02d5374dbdf180219a5.jpeg","datePublished":"2025-12-14T23:40:02+00:00","dateModified":"2026-02-03T17:49:38+00:00","description":"NOEMIE wird Br\u00e4ute begeistern, die Mode und Raffinesse lieben. Die elegante Meerjungfrauen-Silhouette aus Cr\u00eape zeichnet sich durch einen tief ausgeschnittenen V-Ausschnitt mit T\u00fclldetails in der Mitte und durchg\u00e4ngigen Strassverzierungen an den d\u00fcnnen Tr\u00e4gern und auf dem stimmungsvollen runden R\u00fccken mit durchscheinenden Details aus. Der Rock umh\u00fcllt die Figur bis zur Mitte der Wade und l\u00e4uft dann leicht aus, was zu einer sch\u00f6nen Schleppe f\u00fchrt. Das auff\u00e4lligste Merkmal des Kleides sind jedoch die volumin\u00f6sen, gebl\u00fcmten Puff\u00e4rmel, die nach Belieben an- oder abgenommen werden k\u00f6nnen.","breadcrumb":{"@id":"https:\/\/www.koonings.com\/de\/product\/pronovias-fashion-group-noemie-pr125cg1\/#breadcrumb"},"inLanguage":"de","potentialAction":[{"@type":"ReadAction","target":["https:\/\/www.koonings.com\/de\/product\/pronovias-fashion-group-noemie-pr125cg1\/"]}]},{"@type":"ImageObject","inLanguage":"de","@id":"https:\/\/www.koonings.com\/de\/product\/pronovias-fashion-group-noemie-pr125cg1\/#primaryimage","url":"https:\/\/www.koonings.com\/wp-content\/uploads\/2024\/11\/41039_df25cde45b21af12636bab62e9e487c54fec963e11d12491a919d02d5374dbdf180219a5.jpeg","contentUrl":"https:\/\/www.koonings.com\/wp-content\/uploads\/2024\/11\/41039_df25cde45b21af12636bab62e9e487c54fec963e11d12491a919d02d5374dbdf180219a5.jpeg","width":1408,"height":1991},{"@type":"BreadcrumbList","@id":"https:\/\/www.koonings.com\/de\/product\/pronovias-fashion-group-noemie-pr125cg1\/#breadcrumb","itemListElement":[{"@type":"ListItem","position":1,"name":"Home","item":"https:\/\/www.koonings.com\/de\/"},{"@type":"ListItem","position":2,"name":"Pronovias Mode Gruppe Noemie PR125CG1"}]},{"@type":"WebSite","@id":"https:\/\/www.koonings.com\/de\/#website","url":"https:\/\/www.koonings.com\/de\/","name":"Koonings","description":"De grootste bruidsmodewinkel ter wereld","publisher":{"@id":"https:\/\/www.koonings.com\/de\/#organization"},"potentialAction":[{"@type":"SearchAction","target":{"@type":"EntryPoint","urlTemplate":"https:\/\/www.koonings.com\/de\/?s={search_term_string}"},"query-input":{"@type":"PropertyValueSpecification","valueRequired":true,"valueName":"search_term_string"}}],"inLanguage":"de"},{"@type":"Organization","@id":"https:\/\/www.koonings.com\/de\/#organization","name":"Koonings","url":"https:\/\/www.koonings.com\/de\/","logo":{"@type":"ImageObject","inLanguage":"de","@id":"https:\/\/www.koonings.com\/de\/#\/schema\/logo\/image\/","url":"https:\/\/www.koonings.com\/wp-content\/uploads\/2024\/07\/logo.png","contentUrl":"https:\/\/www.koonings.com\/wp-content\/uploads\/2024\/07\/logo.png","width":600,"height":428,"caption":"Koonings"},"image":{"@id":"https:\/\/www.koonings.com\/de\/#\/schema\/logo\/image\/"},"sameAs":["https:\/\/www.facebook.com\/kooningstheweddingpalace","https:\/\/www.instagram.com\/kooningstheweddingpalace","https:\/\/www.pinterest.com\/koonings","https:\/\/www.youtube.com\/kooningstheweddingpalace"]}]}},"_links":{"self":[{"href":"https:\/\/www.koonings.com\/de\/wp-json\/wp\/v2\/product\/59181","targetHints":{"allow":["GET"]}}],"collection":[{"href":"https:\/\/www.koonings.com\/de\/wp-json\/wp\/v2\/product"}],"about":[{"href":"https:\/\/www.koonings.com\/de\/wp-json\/wp\/v2\/types\/product"}],"wp:featuredmedia":[{"embeddable":true,"href":"https:\/\/www.koonings.com\/de\/wp-json\/wp\/v2\/media\/49405"}],"wp:attachment":[{"href":"https:\/\/www.koonings.com\/de\/wp-json\/wp\/v2\/media?parent=59181"}],"wp:term":[{"taxonomy":"productdetails","embeddable":true,"href":"https:\/\/www.koonings.com\/de\/wp-json\/wp\/v2\/productdetails?post=59181"},{"taxonomy":"productneck","embeddable":true,"href":"https:\/\/www.koonings.com\/de\/wp-json\/wp\/v2\/productneck?post=59181"},{"taxonomy":"productcolor","embeddable":true,"href":"https:\/\/www.koonings.com\/de\/wp-json\/wp\/v2\/productcolor?post=59181"},{"taxonomy":"maat","embeddable":true,"href":"https:\/\/www.koonings.com\/de\/wp-json\/wp\/v2\/maat?post=59181"},{"taxonomy":"productsupplier","embeddable":true,"href":"https:\/\/www.koonings.com\/de\/wp-json\/wp\/v2\/productsupplier?post=59181"},{"taxonomy":"productsleeve","embeddable":true,"href":"https:\/\/www.koonings.com\/de\/wp-json\/wp\/v2\/productsleeve?post=59181"},{"taxonomy":"productcategory","embeddable":true,"href":"https:\/\/www.koonings.com\/de\/wp-json\/wp\/v2\/productcategory?post=59181"},{"taxonomy":"productsilhouette","embeddable":true,"href":"https:\/\/www.koonings.com\/de\/wp-json\/wp\/v2\/productsilhouette?post=59181"},{"taxonomy":"productstyle","embeddable":true,"href":"https:\/\/www.koonings.com\/de\/wp-json\/wp\/v2\/productstyle?post=59181"}],"curies":[{"name":"wp","href":"https:\/\/api.w.org\/{rel}","templated":true}]}}