{"id":59155,"date":"2026-04-21T18:26:24","date_gmt":"2026-04-21T16:26:24","guid":{"rendered":"https:\/\/www.koonings.com\/product\/pronovias-fashion-group-claudie-pr125dn2\/"},"modified":"2026-02-16T14:41:51","modified_gmt":"2026-02-16T13:41:51","slug":"pronovias-fashion-group-claudie-pr125dn2","status":"publish","type":"product","link":"https:\/\/www.koonings.com\/de\/product\/pronovias-fashion-group-claudie-pr125dn2\/","title":{"rendered":"Pronovias Mode Gruppe Claudie PR125DN2"},"content":{"rendered":"<p>Die Eleganz und der Glamour, die CLAUDIE auszeichnen, machen es zu einem perfekten Kleid f\u00fcr die anspruchsvollsten Br\u00e4ute. Dieses mit Chantilly-Spitze \u00fcberzogene Meerjungfrauenmodell hat ein Mieder mit tiefem V-Ausschnitt, zarten, d\u00fcnnen Tr\u00e4gern mit Strasssteinen und einem eindrucksvollen runden, tiefen R\u00fcckenausschnitt. Der Rock umschmeichelt die Figur der Braut bis zur Mitte der Oberschenkel und geht am R\u00fccken in eine wundersch\u00f6ne Schleppe \u00fcber.  <\/p>\n","protected":false},"featured_media":49611,"template":"","meta":{"_acf_changed":false,"ghostkit_customizer_options":"","ghostkit_custom_css":"","ghostkit_custom_js_head":"","ghostkit_custom_js_foot":"","ghostkit_typography":""},"productdetails":[376],"productneck":[356],"productcolor":[392],"maat":[],"productsupplier":[430],"productsleeve":[359],"productcategory":[18],"productsilhouette":[387],"productstyle":[369,366],"class_list":["post-59155","product","type-product","status-publish","has-post-thumbnail","hentry","productdetails-376","productneck-356","productcolor-392","productsupplier-pronovias-fashion-group","productsleeve-359","productcategory-trouwjurken","productsilhouette-387","productstyle-369","productstyle-366"],"acf":[],"yoast_head":"<!-- This site is optimized with the Yoast SEO plugin v27.3 - https:\/\/yoast.com\/product\/yoast-seo-wordpress\/ -->\n<title>Pronovias Mode Gruppe Claudie PR125DN2 | Koonings<\/title>\n<meta name=\"description\" content=\"Die Eleganz und der Glamour, die CLAUDIE auszeichnen, machen es zu einem perfekten Kleid f\u00fcr die anspruchsvollsten Br\u00e4ute. Dieses mit Chantilly-Spitze \u00fcberzogene Meerjungfrauenmodell hat ein Mieder mit tiefem V-Ausschnitt, zarten, d\u00fcnnen Tr\u00e4gern mit Strasssteinen und einem eindrucksvollen runden, tiefen R\u00fcckenausschnitt. Der Rock umschmeichelt die Figur der Braut bis zur Mitte der Oberschenkel und geht am R\u00fccken in eine wundersch\u00f6ne Schleppe \u00fcber.\" \/>\n<meta name=\"robots\" content=\"index, follow, max-snippet:-1, max-image-preview:large, max-video-preview:-1\" \/>\n<link rel=\"canonical\" href=\"https:\/\/www.koonings.com\/de\/product\/pronovias-fashion-group-claudie-pr125dn2\/\" \/>\n<meta property=\"og:locale\" content=\"de_DE\" \/>\n<meta property=\"og:type\" content=\"article\" \/>\n<meta property=\"og:title\" content=\"Pronovias Mode Gruppe Claudie PR125DN2 | Koonings\" \/>\n<meta property=\"og:description\" content=\"Die Eleganz und der Glamour, die CLAUDIE auszeichnen, machen es zu einem perfekten Kleid f\u00fcr die anspruchsvollsten Br\u00e4ute. Dieses mit Chantilly-Spitze \u00fcberzogene Meerjungfrauenmodell hat ein Mieder mit tiefem V-Ausschnitt, zarten, d\u00fcnnen Tr\u00e4gern mit Strasssteinen und einem eindrucksvollen runden, tiefen R\u00fcckenausschnitt. Der Rock umschmeichelt die Figur der Braut bis zur Mitte der Oberschenkel und geht am R\u00fccken in eine wundersch\u00f6ne Schleppe \u00fcber.\" \/>\n<meta property=\"og:url\" content=\"https:\/\/www.koonings.com\/de\/product\/pronovias-fashion-group-claudie-pr125dn2\/\" \/>\n<meta property=\"og:site_name\" content=\"Koonings\" \/>\n<meta property=\"article:publisher\" content=\"https:\/\/www.facebook.com\/kooningstheweddingpalace\" \/>\n<meta property=\"og:image\" content=\"https:\/\/www.koonings.com\/wp-content\/uploads\/2024\/11\/41049_4d68b4c2a49e5ac0b6803f66f74f35c1ec71a3900fc276a4a03d298df7895a17f6f3c0f8-scaled.jpeg\" \/>\n\t<meta property=\"og:image:width\" content=\"1810\" \/>\n\t<meta property=\"og:image:height\" content=\"2560\" \/>\n\t<meta property=\"og:image:type\" content=\"image\/jpeg\" \/>\n<meta name=\"twitter:card\" content=\"summary_large_image\" \/>\n<script type=\"application\/ld+json\" class=\"yoast-schema-graph\">{\"@context\":\"https:\\\/\\\/schema.org\",\"@graph\":[{\"@type\":\"WebPage\",\"@id\":\"https:\\\/\\\/www.koonings.com\\\/de\\\/product\\\/pronovias-fashion-group-claudie-pr125dn2\\\/\",\"url\":\"https:\\\/\\\/www.koonings.com\\\/de\\\/product\\\/pronovias-fashion-group-claudie-pr125dn2\\\/\",\"name\":\"Pronovias Mode Gruppe Claudie PR125DN2 | Koonings\",\"isPartOf\":{\"@id\":\"https:\\\/\\\/www.koonings.com\\\/de\\\/#website\"},\"primaryImageOfPage\":{\"@id\":\"https:\\\/\\\/www.koonings.com\\\/de\\\/product\\\/pronovias-fashion-group-claudie-pr125dn2\\\/#primaryimage\"},\"image\":{\"@id\":\"https:\\\/\\\/www.koonings.com\\\/de\\\/product\\\/pronovias-fashion-group-claudie-pr125dn2\\\/#primaryimage\"},\"thumbnailUrl\":\"https:\\\/\\\/www.koonings.com\\\/wp-content\\\/uploads\\\/2024\\\/11\\\/41049_4d68b4c2a49e5ac0b6803f66f74f35c1ec71a3900fc276a4a03d298df7895a17f6f3c0f8-scaled.jpeg\",\"datePublished\":\"2026-04-21T16:26:24+00:00\",\"description\":\"Die Eleganz und der Glamour, die CLAUDIE auszeichnen, machen es zu einem perfekten Kleid f\u00fcr die anspruchsvollsten Br\u00e4ute. Dieses mit Chantilly-Spitze \u00fcberzogene Meerjungfrauenmodell hat ein Mieder mit tiefem V-Ausschnitt, zarten, d\u00fcnnen Tr\u00e4gern mit Strasssteinen und einem eindrucksvollen runden, tiefen R\u00fcckenausschnitt. Der Rock umschmeichelt die Figur der Braut bis zur Mitte der Oberschenkel und geht am R\u00fccken in eine wundersch\u00f6ne Schleppe \u00fcber.\",\"breadcrumb\":{\"@id\":\"https:\\\/\\\/www.koonings.com\\\/de\\\/product\\\/pronovias-fashion-group-claudie-pr125dn2\\\/#breadcrumb\"},\"inLanguage\":\"de\",\"potentialAction\":[{\"@type\":\"ReadAction\",\"target\":[\"https:\\\/\\\/www.koonings.com\\\/de\\\/product\\\/pronovias-fashion-group-claudie-pr125dn2\\\/\"]}]},{\"@type\":\"ImageObject\",\"inLanguage\":\"de\",\"@id\":\"https:\\\/\\\/www.koonings.com\\\/de\\\/product\\\/pronovias-fashion-group-claudie-pr125dn2\\\/#primaryimage\",\"url\":\"https:\\\/\\\/www.koonings.com\\\/wp-content\\\/uploads\\\/2024\\\/11\\\/41049_4d68b4c2a49e5ac0b6803f66f74f35c1ec71a3900fc276a4a03d298df7895a17f6f3c0f8-scaled.jpeg\",\"contentUrl\":\"https:\\\/\\\/www.koonings.com\\\/wp-content\\\/uploads\\\/2024\\\/11\\\/41049_4d68b4c2a49e5ac0b6803f66f74f35c1ec71a3900fc276a4a03d298df7895a17f6f3c0f8-scaled.jpeg\",\"width\":1810,\"height\":2560},{\"@type\":\"BreadcrumbList\",\"@id\":\"https:\\\/\\\/www.koonings.com\\\/de\\\/product\\\/pronovias-fashion-group-claudie-pr125dn2\\\/#breadcrumb\",\"itemListElement\":[{\"@type\":\"ListItem\",\"position\":1,\"name\":\"Home\",\"item\":\"https:\\\/\\\/www.koonings.com\\\/de\\\/\"},{\"@type\":\"ListItem\",\"position\":2,\"name\":\"Pronovias Mode Gruppe Claudie PR125DN2\"}]},{\"@type\":\"WebSite\",\"@id\":\"https:\\\/\\\/www.koonings.com\\\/de\\\/#website\",\"url\":\"https:\\\/\\\/www.koonings.com\\\/de\\\/\",\"name\":\"Koonings\",\"description\":\"De grootste bruidsmodewinkel ter wereld\",\"publisher\":{\"@id\":\"https:\\\/\\\/www.koonings.com\\\/de\\\/#organization\"},\"potentialAction\":[{\"@type\":\"SearchAction\",\"target\":{\"@type\":\"EntryPoint\",\"urlTemplate\":\"https:\\\/\\\/www.koonings.com\\\/de\\\/?s={search_term_string}\"},\"query-input\":{\"@type\":\"PropertyValueSpecification\",\"valueRequired\":true,\"valueName\":\"search_term_string\"}}],\"inLanguage\":\"de\"},{\"@type\":\"Organization\",\"@id\":\"https:\\\/\\\/www.koonings.com\\\/de\\\/#organization\",\"name\":\"Koonings\",\"url\":\"https:\\\/\\\/www.koonings.com\\\/de\\\/\",\"logo\":{\"@type\":\"ImageObject\",\"inLanguage\":\"de\",\"@id\":\"https:\\\/\\\/www.koonings.com\\\/de\\\/#\\\/schema\\\/logo\\\/image\\\/\",\"url\":\"https:\\\/\\\/www.koonings.com\\\/wp-content\\\/uploads\\\/2024\\\/07\\\/logo.png\",\"contentUrl\":\"https:\\\/\\\/www.koonings.com\\\/wp-content\\\/uploads\\\/2024\\\/07\\\/logo.png\",\"width\":600,\"height\":428,\"caption\":\"Koonings\"},\"image\":{\"@id\":\"https:\\\/\\\/www.koonings.com\\\/de\\\/#\\\/schema\\\/logo\\\/image\\\/\"},\"sameAs\":[\"https:\\\/\\\/www.facebook.com\\\/kooningstheweddingpalace\",\"https:\\\/\\\/www.instagram.com\\\/kooningstheweddingpalace\",\"https:\\\/\\\/www.pinterest.com\\\/koonings\",\"https:\\\/\\\/www.youtube.com\\\/kooningstheweddingpalace\"]}]}<\/script>\n<!-- \/ Yoast SEO plugin. -->","yoast_head_json":{"title":"Pronovias Mode Gruppe Claudie PR125DN2 | Koonings","description":"Die Eleganz und der Glamour, die CLAUDIE auszeichnen, machen es zu einem perfekten Kleid f\u00fcr die anspruchsvollsten Br\u00e4ute. Dieses mit Chantilly-Spitze \u00fcberzogene Meerjungfrauenmodell hat ein Mieder mit tiefem V-Ausschnitt, zarten, d\u00fcnnen Tr\u00e4gern mit Strasssteinen und einem eindrucksvollen runden, tiefen R\u00fcckenausschnitt. Der Rock umschmeichelt die Figur der Braut bis zur Mitte der Oberschenkel und geht am R\u00fccken in eine wundersch\u00f6ne Schleppe \u00fcber.","robots":{"index":"index","follow":"follow","max-snippet":"max-snippet:-1","max-image-preview":"max-image-preview:large","max-video-preview":"max-video-preview:-1"},"canonical":"https:\/\/www.koonings.com\/de\/product\/pronovias-fashion-group-claudie-pr125dn2\/","og_locale":"de_DE","og_type":"article","og_title":"Pronovias Mode Gruppe Claudie PR125DN2 | Koonings","og_description":"Die Eleganz und der Glamour, die CLAUDIE auszeichnen, machen es zu einem perfekten Kleid f\u00fcr die anspruchsvollsten Br\u00e4ute. Dieses mit Chantilly-Spitze \u00fcberzogene Meerjungfrauenmodell hat ein Mieder mit tiefem V-Ausschnitt, zarten, d\u00fcnnen Tr\u00e4gern mit Strasssteinen und einem eindrucksvollen runden, tiefen R\u00fcckenausschnitt. Der Rock umschmeichelt die Figur der Braut bis zur Mitte der Oberschenkel und geht am R\u00fccken in eine wundersch\u00f6ne Schleppe \u00fcber.","og_url":"https:\/\/www.koonings.com\/de\/product\/pronovias-fashion-group-claudie-pr125dn2\/","og_site_name":"Koonings","article_publisher":"https:\/\/www.facebook.com\/kooningstheweddingpalace","og_image":[{"width":1810,"height":2560,"url":"https:\/\/www.koonings.com\/wp-content\/uploads\/2024\/11\/41049_4d68b4c2a49e5ac0b6803f66f74f35c1ec71a3900fc276a4a03d298df7895a17f6f3c0f8-scaled.jpeg","type":"image\/jpeg"}],"twitter_card":"summary_large_image","schema":{"@context":"https:\/\/schema.org","@graph":[{"@type":"WebPage","@id":"https:\/\/www.koonings.com\/de\/product\/pronovias-fashion-group-claudie-pr125dn2\/","url":"https:\/\/www.koonings.com\/de\/product\/pronovias-fashion-group-claudie-pr125dn2\/","name":"Pronovias Mode Gruppe Claudie PR125DN2 | Koonings","isPartOf":{"@id":"https:\/\/www.koonings.com\/de\/#website"},"primaryImageOfPage":{"@id":"https:\/\/www.koonings.com\/de\/product\/pronovias-fashion-group-claudie-pr125dn2\/#primaryimage"},"image":{"@id":"https:\/\/www.koonings.com\/de\/product\/pronovias-fashion-group-claudie-pr125dn2\/#primaryimage"},"thumbnailUrl":"https:\/\/www.koonings.com\/wp-content\/uploads\/2024\/11\/41049_4d68b4c2a49e5ac0b6803f66f74f35c1ec71a3900fc276a4a03d298df7895a17f6f3c0f8-scaled.jpeg","datePublished":"2026-04-21T16:26:24+00:00","description":"Die Eleganz und der Glamour, die CLAUDIE auszeichnen, machen es zu einem perfekten Kleid f\u00fcr die anspruchsvollsten Br\u00e4ute. Dieses mit Chantilly-Spitze \u00fcberzogene Meerjungfrauenmodell hat ein Mieder mit tiefem V-Ausschnitt, zarten, d\u00fcnnen Tr\u00e4gern mit Strasssteinen und einem eindrucksvollen runden, tiefen R\u00fcckenausschnitt. Der Rock umschmeichelt die Figur der Braut bis zur Mitte der Oberschenkel und geht am R\u00fccken in eine wundersch\u00f6ne Schleppe \u00fcber.","breadcrumb":{"@id":"https:\/\/www.koonings.com\/de\/product\/pronovias-fashion-group-claudie-pr125dn2\/#breadcrumb"},"inLanguage":"de","potentialAction":[{"@type":"ReadAction","target":["https:\/\/www.koonings.com\/de\/product\/pronovias-fashion-group-claudie-pr125dn2\/"]}]},{"@type":"ImageObject","inLanguage":"de","@id":"https:\/\/www.koonings.com\/de\/product\/pronovias-fashion-group-claudie-pr125dn2\/#primaryimage","url":"https:\/\/www.koonings.com\/wp-content\/uploads\/2024\/11\/41049_4d68b4c2a49e5ac0b6803f66f74f35c1ec71a3900fc276a4a03d298df7895a17f6f3c0f8-scaled.jpeg","contentUrl":"https:\/\/www.koonings.com\/wp-content\/uploads\/2024\/11\/41049_4d68b4c2a49e5ac0b6803f66f74f35c1ec71a3900fc276a4a03d298df7895a17f6f3c0f8-scaled.jpeg","width":1810,"height":2560},{"@type":"BreadcrumbList","@id":"https:\/\/www.koonings.com\/de\/product\/pronovias-fashion-group-claudie-pr125dn2\/#breadcrumb","itemListElement":[{"@type":"ListItem","position":1,"name":"Home","item":"https:\/\/www.koonings.com\/de\/"},{"@type":"ListItem","position":2,"name":"Pronovias Mode Gruppe Claudie PR125DN2"}]},{"@type":"WebSite","@id":"https:\/\/www.koonings.com\/de\/#website","url":"https:\/\/www.koonings.com\/de\/","name":"Koonings","description":"De grootste bruidsmodewinkel ter wereld","publisher":{"@id":"https:\/\/www.koonings.com\/de\/#organization"},"potentialAction":[{"@type":"SearchAction","target":{"@type":"EntryPoint","urlTemplate":"https:\/\/www.koonings.com\/de\/?s={search_term_string}"},"query-input":{"@type":"PropertyValueSpecification","valueRequired":true,"valueName":"search_term_string"}}],"inLanguage":"de"},{"@type":"Organization","@id":"https:\/\/www.koonings.com\/de\/#organization","name":"Koonings","url":"https:\/\/www.koonings.com\/de\/","logo":{"@type":"ImageObject","inLanguage":"de","@id":"https:\/\/www.koonings.com\/de\/#\/schema\/logo\/image\/","url":"https:\/\/www.koonings.com\/wp-content\/uploads\/2024\/07\/logo.png","contentUrl":"https:\/\/www.koonings.com\/wp-content\/uploads\/2024\/07\/logo.png","width":600,"height":428,"caption":"Koonings"},"image":{"@id":"https:\/\/www.koonings.com\/de\/#\/schema\/logo\/image\/"},"sameAs":["https:\/\/www.facebook.com\/kooningstheweddingpalace","https:\/\/www.instagram.com\/kooningstheweddingpalace","https:\/\/www.pinterest.com\/koonings","https:\/\/www.youtube.com\/kooningstheweddingpalace"]}]}},"_links":{"self":[{"href":"https:\/\/www.koonings.com\/de\/wp-json\/wp\/v2\/product\/59155","targetHints":{"allow":["GET"]}}],"collection":[{"href":"https:\/\/www.koonings.com\/de\/wp-json\/wp\/v2\/product"}],"about":[{"href":"https:\/\/www.koonings.com\/de\/wp-json\/wp\/v2\/types\/product"}],"wp:featuredmedia":[{"embeddable":true,"href":"https:\/\/www.koonings.com\/de\/wp-json\/wp\/v2\/media\/49611"}],"wp:attachment":[{"href":"https:\/\/www.koonings.com\/de\/wp-json\/wp\/v2\/media?parent=59155"}],"wp:term":[{"taxonomy":"productdetails","embeddable":true,"href":"https:\/\/www.koonings.com\/de\/wp-json\/wp\/v2\/productdetails?post=59155"},{"taxonomy":"productneck","embeddable":true,"href":"https:\/\/www.koonings.com\/de\/wp-json\/wp\/v2\/productneck?post=59155"},{"taxonomy":"productcolor","embeddable":true,"href":"https:\/\/www.koonings.com\/de\/wp-json\/wp\/v2\/productcolor?post=59155"},{"taxonomy":"maat","embeddable":true,"href":"https:\/\/www.koonings.com\/de\/wp-json\/wp\/v2\/maat?post=59155"},{"taxonomy":"productsupplier","embeddable":true,"href":"https:\/\/www.koonings.com\/de\/wp-json\/wp\/v2\/productsupplier?post=59155"},{"taxonomy":"productsleeve","embeddable":true,"href":"https:\/\/www.koonings.com\/de\/wp-json\/wp\/v2\/productsleeve?post=59155"},{"taxonomy":"productcategory","embeddable":true,"href":"https:\/\/www.koonings.com\/de\/wp-json\/wp\/v2\/productcategory?post=59155"},{"taxonomy":"productsilhouette","embeddable":true,"href":"https:\/\/www.koonings.com\/de\/wp-json\/wp\/v2\/productsilhouette?post=59155"},{"taxonomy":"productstyle","embeddable":true,"href":"https:\/\/www.koonings.com\/de\/wp-json\/wp\/v2\/productstyle?post=59155"}],"curies":[{"name":"wp","href":"https:\/\/api.w.org\/{rel}","templated":true}]}}