{"id":59147,"date":"2026-04-14T16:26:33","date_gmt":"2026-04-14T14:26:33","guid":{"rendered":"https:\/\/www.koonings.com\/product\/pronovias-fashion-group-alix-pr125dm2\/"},"modified":"2026-02-16T14:41:59","modified_gmt":"2026-02-16T13:41:59","slug":"pronovias-fashion-group-alix-pr125dm2","status":"publish","type":"product","link":"https:\/\/www.koonings.com\/de\/product\/pronovias-fashion-group-alix-pr125dm2\/","title":{"rendered":"Pronovias Mode Gruppe Alix PR125DM2"},"content":{"rendered":"<p>ALIX ist ebenso raffiniert wie verf\u00fchrerisch. Dieses Meerjungfrauenkleid hat ein Spitzenmieder mit herzf\u00f6rmigem Ausschnitt und d\u00fcnnen Tr\u00e4gern, die bis zu einem schmeichelhaften runden R\u00fccken reichen. Die Tr\u00e4ger k\u00f6nnen mit zwei eleganten, abnehmbaren Schleifen auf den Schultern versch\u00f6nert werden. Der Rock umschmeichelt die Figur der Braut bis zur Mitte der Oberschenkel und \u00f6ffnet sich leicht, um in einer eleganten 180 cm langen Schleppe zu enden.   <\/p>\n","protected":false},"featured_media":49716,"template":"","meta":{"_acf_changed":false,"ghostkit_customizer_options":"","ghostkit_custom_css":"","ghostkit_custom_js_head":"","ghostkit_custom_js_foot":"","ghostkit_typography":""},"productdetails":[],"productneck":[355],"productcolor":[392],"maat":[],"productsupplier":[430],"productsleeve":[359],"productcategory":[18],"productsilhouette":[387],"productstyle":[369,366],"class_list":["post-59147","product","type-product","status-publish","has-post-thumbnail","hentry","productneck-355","productcolor-392","productsupplier-pronovias-fashion-group","productsleeve-359","productcategory-trouwjurken","productsilhouette-387","productstyle-369","productstyle-366"],"acf":[],"yoast_head":"<!-- This site is optimized with the Yoast SEO plugin v27.3 - https:\/\/yoast.com\/product\/yoast-seo-wordpress\/ -->\n<title>Pronovias Mode Gruppe Alix PR125DM2 | Koonings<\/title>\n<meta name=\"description\" content=\"ALIX ist ebenso raffiniert wie verf\u00fchrerisch. Dieses Meerjungfrauenkleid hat ein Spitzenmieder mit herzf\u00f6rmigem Ausschnitt und d\u00fcnnen Tr\u00e4gern, die bis zu einem schmeichelhaften runden R\u00fccken reichen. Die Tr\u00e4ger k\u00f6nnen mit zwei eleganten, abnehmbaren Schleifen auf den Schultern versch\u00f6nert werden. Der Rock umschmeichelt die Figur der Braut bis zur Mitte der Oberschenkel und \u00f6ffnet sich leicht, um in einer eleganten 180 cm langen Schleppe zu enden.\" \/>\n<meta name=\"robots\" content=\"index, follow, max-snippet:-1, max-image-preview:large, max-video-preview:-1\" \/>\n<link rel=\"canonical\" href=\"https:\/\/www.koonings.com\/de\/product\/pronovias-fashion-group-alix-pr125dm2\/\" \/>\n<meta property=\"og:locale\" content=\"de_DE\" \/>\n<meta property=\"og:type\" content=\"article\" \/>\n<meta property=\"og:title\" content=\"Pronovias Mode Gruppe Alix PR125DM2 | Koonings\" \/>\n<meta property=\"og:description\" content=\"ALIX ist ebenso raffiniert wie verf\u00fchrerisch. Dieses Meerjungfrauenkleid hat ein Spitzenmieder mit herzf\u00f6rmigem Ausschnitt und d\u00fcnnen Tr\u00e4gern, die bis zu einem schmeichelhaften runden R\u00fccken reichen. Die Tr\u00e4ger k\u00f6nnen mit zwei eleganten, abnehmbaren Schleifen auf den Schultern versch\u00f6nert werden. Der Rock umschmeichelt die Figur der Braut bis zur Mitte der Oberschenkel und \u00f6ffnet sich leicht, um in einer eleganten 180 cm langen Schleppe zu enden.\" \/>\n<meta property=\"og:url\" content=\"https:\/\/www.koonings.com\/de\/product\/pronovias-fashion-group-alix-pr125dm2\/\" \/>\n<meta property=\"og:site_name\" content=\"Koonings\" \/>\n<meta property=\"article:publisher\" content=\"https:\/\/www.facebook.com\/kooningstheweddingpalace\" \/>\n<meta property=\"og:image\" content=\"https:\/\/www.koonings.com\/wp-content\/uploads\/2024\/11\/41054_3447813ccd5785a7d749bf0cea2445e8cde5effc9cdf754fa895739f818f1c13a7223bed-scaled.jpeg\" \/>\n\t<meta property=\"og:image:width\" content=\"1809\" \/>\n\t<meta property=\"og:image:height\" content=\"2560\" \/>\n\t<meta property=\"og:image:type\" content=\"image\/jpeg\" \/>\n<meta name=\"twitter:card\" content=\"summary_large_image\" \/>\n<script type=\"application\/ld+json\" class=\"yoast-schema-graph\">{\"@context\":\"https:\\\/\\\/schema.org\",\"@graph\":[{\"@type\":\"WebPage\",\"@id\":\"https:\\\/\\\/www.koonings.com\\\/de\\\/product\\\/pronovias-fashion-group-alix-pr125dm2\\\/\",\"url\":\"https:\\\/\\\/www.koonings.com\\\/de\\\/product\\\/pronovias-fashion-group-alix-pr125dm2\\\/\",\"name\":\"Pronovias Mode Gruppe Alix PR125DM2 | Koonings\",\"isPartOf\":{\"@id\":\"https:\\\/\\\/www.koonings.com\\\/de\\\/#website\"},\"primaryImageOfPage\":{\"@id\":\"https:\\\/\\\/www.koonings.com\\\/de\\\/product\\\/pronovias-fashion-group-alix-pr125dm2\\\/#primaryimage\"},\"image\":{\"@id\":\"https:\\\/\\\/www.koonings.com\\\/de\\\/product\\\/pronovias-fashion-group-alix-pr125dm2\\\/#primaryimage\"},\"thumbnailUrl\":\"https:\\\/\\\/www.koonings.com\\\/wp-content\\\/uploads\\\/2024\\\/11\\\/41054_3447813ccd5785a7d749bf0cea2445e8cde5effc9cdf754fa895739f818f1c13a7223bed-scaled.jpeg\",\"datePublished\":\"2026-04-14T14:26:33+00:00\",\"description\":\"ALIX ist ebenso raffiniert wie verf\u00fchrerisch. Dieses Meerjungfrauenkleid hat ein Spitzenmieder mit herzf\u00f6rmigem Ausschnitt und d\u00fcnnen Tr\u00e4gern, die bis zu einem schmeichelhaften runden R\u00fccken reichen. Die Tr\u00e4ger k\u00f6nnen mit zwei eleganten, abnehmbaren Schleifen auf den Schultern versch\u00f6nert werden. Der Rock umschmeichelt die Figur der Braut bis zur Mitte der Oberschenkel und \u00f6ffnet sich leicht, um in einer eleganten 180 cm langen Schleppe zu enden.\",\"breadcrumb\":{\"@id\":\"https:\\\/\\\/www.koonings.com\\\/de\\\/product\\\/pronovias-fashion-group-alix-pr125dm2\\\/#breadcrumb\"},\"inLanguage\":\"de\",\"potentialAction\":[{\"@type\":\"ReadAction\",\"target\":[\"https:\\\/\\\/www.koonings.com\\\/de\\\/product\\\/pronovias-fashion-group-alix-pr125dm2\\\/\"]}]},{\"@type\":\"ImageObject\",\"inLanguage\":\"de\",\"@id\":\"https:\\\/\\\/www.koonings.com\\\/de\\\/product\\\/pronovias-fashion-group-alix-pr125dm2\\\/#primaryimage\",\"url\":\"https:\\\/\\\/www.koonings.com\\\/wp-content\\\/uploads\\\/2024\\\/11\\\/41054_3447813ccd5785a7d749bf0cea2445e8cde5effc9cdf754fa895739f818f1c13a7223bed-scaled.jpeg\",\"contentUrl\":\"https:\\\/\\\/www.koonings.com\\\/wp-content\\\/uploads\\\/2024\\\/11\\\/41054_3447813ccd5785a7d749bf0cea2445e8cde5effc9cdf754fa895739f818f1c13a7223bed-scaled.jpeg\",\"width\":1809,\"height\":2560},{\"@type\":\"BreadcrumbList\",\"@id\":\"https:\\\/\\\/www.koonings.com\\\/de\\\/product\\\/pronovias-fashion-group-alix-pr125dm2\\\/#breadcrumb\",\"itemListElement\":[{\"@type\":\"ListItem\",\"position\":1,\"name\":\"Home\",\"item\":\"https:\\\/\\\/www.koonings.com\\\/de\\\/\"},{\"@type\":\"ListItem\",\"position\":2,\"name\":\"Pronovias Mode Gruppe Alix PR125DM2\"}]},{\"@type\":\"WebSite\",\"@id\":\"https:\\\/\\\/www.koonings.com\\\/de\\\/#website\",\"url\":\"https:\\\/\\\/www.koonings.com\\\/de\\\/\",\"name\":\"Koonings\",\"description\":\"De grootste bruidsmodewinkel ter wereld\",\"publisher\":{\"@id\":\"https:\\\/\\\/www.koonings.com\\\/de\\\/#organization\"},\"potentialAction\":[{\"@type\":\"SearchAction\",\"target\":{\"@type\":\"EntryPoint\",\"urlTemplate\":\"https:\\\/\\\/www.koonings.com\\\/de\\\/?s={search_term_string}\"},\"query-input\":{\"@type\":\"PropertyValueSpecification\",\"valueRequired\":true,\"valueName\":\"search_term_string\"}}],\"inLanguage\":\"de\"},{\"@type\":\"Organization\",\"@id\":\"https:\\\/\\\/www.koonings.com\\\/de\\\/#organization\",\"name\":\"Koonings\",\"url\":\"https:\\\/\\\/www.koonings.com\\\/de\\\/\",\"logo\":{\"@type\":\"ImageObject\",\"inLanguage\":\"de\",\"@id\":\"https:\\\/\\\/www.koonings.com\\\/de\\\/#\\\/schema\\\/logo\\\/image\\\/\",\"url\":\"https:\\\/\\\/www.koonings.com\\\/wp-content\\\/uploads\\\/2024\\\/07\\\/logo.png\",\"contentUrl\":\"https:\\\/\\\/www.koonings.com\\\/wp-content\\\/uploads\\\/2024\\\/07\\\/logo.png\",\"width\":600,\"height\":428,\"caption\":\"Koonings\"},\"image\":{\"@id\":\"https:\\\/\\\/www.koonings.com\\\/de\\\/#\\\/schema\\\/logo\\\/image\\\/\"},\"sameAs\":[\"https:\\\/\\\/www.facebook.com\\\/kooningstheweddingpalace\",\"https:\\\/\\\/www.instagram.com\\\/kooningstheweddingpalace\",\"https:\\\/\\\/www.pinterest.com\\\/koonings\",\"https:\\\/\\\/www.youtube.com\\\/kooningstheweddingpalace\"]}]}<\/script>\n<!-- \/ Yoast SEO plugin. -->","yoast_head_json":{"title":"Pronovias Mode Gruppe Alix PR125DM2 | Koonings","description":"ALIX ist ebenso raffiniert wie verf\u00fchrerisch. Dieses Meerjungfrauenkleid hat ein Spitzenmieder mit herzf\u00f6rmigem Ausschnitt und d\u00fcnnen Tr\u00e4gern, die bis zu einem schmeichelhaften runden R\u00fccken reichen. Die Tr\u00e4ger k\u00f6nnen mit zwei eleganten, abnehmbaren Schleifen auf den Schultern versch\u00f6nert werden. Der Rock umschmeichelt die Figur der Braut bis zur Mitte der Oberschenkel und \u00f6ffnet sich leicht, um in einer eleganten 180 cm langen Schleppe zu enden.","robots":{"index":"index","follow":"follow","max-snippet":"max-snippet:-1","max-image-preview":"max-image-preview:large","max-video-preview":"max-video-preview:-1"},"canonical":"https:\/\/www.koonings.com\/de\/product\/pronovias-fashion-group-alix-pr125dm2\/","og_locale":"de_DE","og_type":"article","og_title":"Pronovias Mode Gruppe Alix PR125DM2 | Koonings","og_description":"ALIX ist ebenso raffiniert wie verf\u00fchrerisch. Dieses Meerjungfrauenkleid hat ein Spitzenmieder mit herzf\u00f6rmigem Ausschnitt und d\u00fcnnen Tr\u00e4gern, die bis zu einem schmeichelhaften runden R\u00fccken reichen. Die Tr\u00e4ger k\u00f6nnen mit zwei eleganten, abnehmbaren Schleifen auf den Schultern versch\u00f6nert werden. Der Rock umschmeichelt die Figur der Braut bis zur Mitte der Oberschenkel und \u00f6ffnet sich leicht, um in einer eleganten 180 cm langen Schleppe zu enden.","og_url":"https:\/\/www.koonings.com\/de\/product\/pronovias-fashion-group-alix-pr125dm2\/","og_site_name":"Koonings","article_publisher":"https:\/\/www.facebook.com\/kooningstheweddingpalace","og_image":[{"width":1809,"height":2560,"url":"https:\/\/www.koonings.com\/wp-content\/uploads\/2024\/11\/41054_3447813ccd5785a7d749bf0cea2445e8cde5effc9cdf754fa895739f818f1c13a7223bed-scaled.jpeg","type":"image\/jpeg"}],"twitter_card":"summary_large_image","schema":{"@context":"https:\/\/schema.org","@graph":[{"@type":"WebPage","@id":"https:\/\/www.koonings.com\/de\/product\/pronovias-fashion-group-alix-pr125dm2\/","url":"https:\/\/www.koonings.com\/de\/product\/pronovias-fashion-group-alix-pr125dm2\/","name":"Pronovias Mode Gruppe Alix PR125DM2 | Koonings","isPartOf":{"@id":"https:\/\/www.koonings.com\/de\/#website"},"primaryImageOfPage":{"@id":"https:\/\/www.koonings.com\/de\/product\/pronovias-fashion-group-alix-pr125dm2\/#primaryimage"},"image":{"@id":"https:\/\/www.koonings.com\/de\/product\/pronovias-fashion-group-alix-pr125dm2\/#primaryimage"},"thumbnailUrl":"https:\/\/www.koonings.com\/wp-content\/uploads\/2024\/11\/41054_3447813ccd5785a7d749bf0cea2445e8cde5effc9cdf754fa895739f818f1c13a7223bed-scaled.jpeg","datePublished":"2026-04-14T14:26:33+00:00","description":"ALIX ist ebenso raffiniert wie verf\u00fchrerisch. Dieses Meerjungfrauenkleid hat ein Spitzenmieder mit herzf\u00f6rmigem Ausschnitt und d\u00fcnnen Tr\u00e4gern, die bis zu einem schmeichelhaften runden R\u00fccken reichen. Die Tr\u00e4ger k\u00f6nnen mit zwei eleganten, abnehmbaren Schleifen auf den Schultern versch\u00f6nert werden. Der Rock umschmeichelt die Figur der Braut bis zur Mitte der Oberschenkel und \u00f6ffnet sich leicht, um in einer eleganten 180 cm langen Schleppe zu enden.","breadcrumb":{"@id":"https:\/\/www.koonings.com\/de\/product\/pronovias-fashion-group-alix-pr125dm2\/#breadcrumb"},"inLanguage":"de","potentialAction":[{"@type":"ReadAction","target":["https:\/\/www.koonings.com\/de\/product\/pronovias-fashion-group-alix-pr125dm2\/"]}]},{"@type":"ImageObject","inLanguage":"de","@id":"https:\/\/www.koonings.com\/de\/product\/pronovias-fashion-group-alix-pr125dm2\/#primaryimage","url":"https:\/\/www.koonings.com\/wp-content\/uploads\/2024\/11\/41054_3447813ccd5785a7d749bf0cea2445e8cde5effc9cdf754fa895739f818f1c13a7223bed-scaled.jpeg","contentUrl":"https:\/\/www.koonings.com\/wp-content\/uploads\/2024\/11\/41054_3447813ccd5785a7d749bf0cea2445e8cde5effc9cdf754fa895739f818f1c13a7223bed-scaled.jpeg","width":1809,"height":2560},{"@type":"BreadcrumbList","@id":"https:\/\/www.koonings.com\/de\/product\/pronovias-fashion-group-alix-pr125dm2\/#breadcrumb","itemListElement":[{"@type":"ListItem","position":1,"name":"Home","item":"https:\/\/www.koonings.com\/de\/"},{"@type":"ListItem","position":2,"name":"Pronovias Mode Gruppe Alix PR125DM2"}]},{"@type":"WebSite","@id":"https:\/\/www.koonings.com\/de\/#website","url":"https:\/\/www.koonings.com\/de\/","name":"Koonings","description":"De grootste bruidsmodewinkel ter wereld","publisher":{"@id":"https:\/\/www.koonings.com\/de\/#organization"},"potentialAction":[{"@type":"SearchAction","target":{"@type":"EntryPoint","urlTemplate":"https:\/\/www.koonings.com\/de\/?s={search_term_string}"},"query-input":{"@type":"PropertyValueSpecification","valueRequired":true,"valueName":"search_term_string"}}],"inLanguage":"de"},{"@type":"Organization","@id":"https:\/\/www.koonings.com\/de\/#organization","name":"Koonings","url":"https:\/\/www.koonings.com\/de\/","logo":{"@type":"ImageObject","inLanguage":"de","@id":"https:\/\/www.koonings.com\/de\/#\/schema\/logo\/image\/","url":"https:\/\/www.koonings.com\/wp-content\/uploads\/2024\/07\/logo.png","contentUrl":"https:\/\/www.koonings.com\/wp-content\/uploads\/2024\/07\/logo.png","width":600,"height":428,"caption":"Koonings"},"image":{"@id":"https:\/\/www.koonings.com\/de\/#\/schema\/logo\/image\/"},"sameAs":["https:\/\/www.facebook.com\/kooningstheweddingpalace","https:\/\/www.instagram.com\/kooningstheweddingpalace","https:\/\/www.pinterest.com\/koonings","https:\/\/www.youtube.com\/kooningstheweddingpalace"]}]}},"_links":{"self":[{"href":"https:\/\/www.koonings.com\/de\/wp-json\/wp\/v2\/product\/59147","targetHints":{"allow":["GET"]}}],"collection":[{"href":"https:\/\/www.koonings.com\/de\/wp-json\/wp\/v2\/product"}],"about":[{"href":"https:\/\/www.koonings.com\/de\/wp-json\/wp\/v2\/types\/product"}],"wp:featuredmedia":[{"embeddable":true,"href":"https:\/\/www.koonings.com\/de\/wp-json\/wp\/v2\/media\/49716"}],"wp:attachment":[{"href":"https:\/\/www.koonings.com\/de\/wp-json\/wp\/v2\/media?parent=59147"}],"wp:term":[{"taxonomy":"productdetails","embeddable":true,"href":"https:\/\/www.koonings.com\/de\/wp-json\/wp\/v2\/productdetails?post=59147"},{"taxonomy":"productneck","embeddable":true,"href":"https:\/\/www.koonings.com\/de\/wp-json\/wp\/v2\/productneck?post=59147"},{"taxonomy":"productcolor","embeddable":true,"href":"https:\/\/www.koonings.com\/de\/wp-json\/wp\/v2\/productcolor?post=59147"},{"taxonomy":"maat","embeddable":true,"href":"https:\/\/www.koonings.com\/de\/wp-json\/wp\/v2\/maat?post=59147"},{"taxonomy":"productsupplier","embeddable":true,"href":"https:\/\/www.koonings.com\/de\/wp-json\/wp\/v2\/productsupplier?post=59147"},{"taxonomy":"productsleeve","embeddable":true,"href":"https:\/\/www.koonings.com\/de\/wp-json\/wp\/v2\/productsleeve?post=59147"},{"taxonomy":"productcategory","embeddable":true,"href":"https:\/\/www.koonings.com\/de\/wp-json\/wp\/v2\/productcategory?post=59147"},{"taxonomy":"productsilhouette","embeddable":true,"href":"https:\/\/www.koonings.com\/de\/wp-json\/wp\/v2\/productsilhouette?post=59147"},{"taxonomy":"productstyle","embeddable":true,"href":"https:\/\/www.koonings.com\/de\/wp-json\/wp\/v2\/productstyle?post=59147"}],"curies":[{"name":"wp","href":"https:\/\/api.w.org\/{rel}","templated":true}]}}