{"id":59142,"date":"2025-12-15T00:40:09","date_gmt":"2025-12-14T23:40:09","guid":{"rendered":"https:\/\/www.koonings.com\/product\/pronovias-fashion-group-nuage-pr125dy1\/"},"modified":"2026-02-03T18:50:20","modified_gmt":"2026-02-03T17:50:20","slug":"pronovias-fashion-group-nuage-pr125dy1","status":"publish","type":"product","link":"https:\/\/www.koonings.com\/de\/product\/pronovias-fashion-group-nuage-pr125dy1\/","title":{"rendered":"Pronovias Mode Gruppe Nuage PR125DY1"},"content":{"rendered":"<p>Das leichte und elegante NUAGE Kleid wird moderne und romantische Br\u00e4ute verzaubern. Dieses Meerjungfrauenmodell verf\u00fcgt \u00fcber ein Glitzer-Finish, einen tr\u00e4gerlosen herzf\u00f6rmigen Ausschnitt und ein gepolstertes Mieder im Korsettstil. Der schmeichelhafte Rock f\u00e4llt bis zum Knie, bevor er in eine raffinierte Schleppe ausl\u00e4uft. Die Spitzen- und Strassverzierungen schaffen Muster und Formen, die dieses Modell zu einem wahren Kunstwerk machen.   <\/p>\n","protected":false},"featured_media":49695,"template":"","meta":{"_acf_changed":false,"ghostkit_customizer_options":"","ghostkit_custom_css":"","ghostkit_custom_js_head":"","ghostkit_custom_js_foot":"","ghostkit_typography":""},"productdetails":[],"productneck":[354,355],"productcolor":[393,392],"maat":[],"productsupplier":[430],"productsleeve":[],"productcategory":[18],"productsilhouette":[387],"productstyle":[366],"class_list":["post-59142","product","type-product","status-publish","has-post-thumbnail","hentry","productneck-354","productneck-355","productcolor-393","productcolor-392","productsupplier-pronovias-fashion-group","productcategory-trouwjurken","productsilhouette-387","productstyle-366"],"acf":[],"yoast_head":"<!-- This site is optimized with the Yoast SEO plugin v27.3 - https:\/\/yoast.com\/product\/yoast-seo-wordpress\/ -->\n<title>Pronovias Mode Gruppe Nuage PR125DY1 | Koonings<\/title>\n<meta name=\"description\" content=\"Das leichte und elegante NUAGE Kleid wird moderne und romantische Br\u00e4ute verzaubern. Dieses Meerjungfrauenmodell verf\u00fcgt \u00fcber ein Glitzer-Finish, einen tr\u00e4gerlosen herzf\u00f6rmigen Ausschnitt und ein gepolstertes Mieder im Korsettstil. Der schmeichelhafte Rock f\u00e4llt bis zum Knie, bevor er in eine raffinierte Schleppe ausl\u00e4uft. Die Spitzen- und Strassverzierungen schaffen Muster und Formen, die dieses Modell zu einem wahren Kunstwerk machen.\" \/>\n<meta name=\"robots\" content=\"index, follow, max-snippet:-1, max-image-preview:large, max-video-preview:-1\" \/>\n<link rel=\"canonical\" href=\"https:\/\/www.koonings.com\/de\/product\/pronovias-fashion-group-nuage-pr125dy1\/\" \/>\n<meta property=\"og:locale\" content=\"de_DE\" \/>\n<meta property=\"og:type\" content=\"article\" \/>\n<meta property=\"og:title\" content=\"Pronovias Mode Gruppe Nuage PR125DY1 | Koonings\" \/>\n<meta property=\"og:description\" content=\"Das leichte und elegante NUAGE Kleid wird moderne und romantische Br\u00e4ute verzaubern. Dieses Meerjungfrauenmodell verf\u00fcgt \u00fcber ein Glitzer-Finish, einen tr\u00e4gerlosen herzf\u00f6rmigen Ausschnitt und ein gepolstertes Mieder im Korsettstil. Der schmeichelhafte Rock f\u00e4llt bis zum Knie, bevor er in eine raffinierte Schleppe ausl\u00e4uft. Die Spitzen- und Strassverzierungen schaffen Muster und Formen, die dieses Modell zu einem wahren Kunstwerk machen.\" \/>\n<meta property=\"og:url\" content=\"https:\/\/www.koonings.com\/de\/product\/pronovias-fashion-group-nuage-pr125dy1\/\" \/>\n<meta property=\"og:site_name\" content=\"Koonings\" \/>\n<meta property=\"article:publisher\" content=\"https:\/\/www.facebook.com\/kooningstheweddingpalace\" \/>\n<meta property=\"article:modified_time\" content=\"2026-02-03T17:50:20+00:00\" \/>\n<meta property=\"og:image\" content=\"https:\/\/www.koonings.com\/wp-content\/uploads\/2024\/11\/41053_d9fe48b9320b61672614a4d6af01879d27653366d5e2453415ce425400c614070ac438fb-scaled.jpeg\" \/>\n\t<meta property=\"og:image:width\" content=\"1812\" \/>\n\t<meta property=\"og:image:height\" content=\"2560\" \/>\n\t<meta property=\"og:image:type\" content=\"image\/jpeg\" \/>\n<meta name=\"twitter:card\" content=\"summary_large_image\" \/>\n<script type=\"application\/ld+json\" class=\"yoast-schema-graph\">{\"@context\":\"https:\\\/\\\/schema.org\",\"@graph\":[{\"@type\":\"WebPage\",\"@id\":\"https:\\\/\\\/www.koonings.com\\\/de\\\/product\\\/pronovias-fashion-group-nuage-pr125dy1\\\/\",\"url\":\"https:\\\/\\\/www.koonings.com\\\/de\\\/product\\\/pronovias-fashion-group-nuage-pr125dy1\\\/\",\"name\":\"Pronovias Mode Gruppe Nuage PR125DY1 | Koonings\",\"isPartOf\":{\"@id\":\"https:\\\/\\\/www.koonings.com\\\/de\\\/#website\"},\"primaryImageOfPage\":{\"@id\":\"https:\\\/\\\/www.koonings.com\\\/de\\\/product\\\/pronovias-fashion-group-nuage-pr125dy1\\\/#primaryimage\"},\"image\":{\"@id\":\"https:\\\/\\\/www.koonings.com\\\/de\\\/product\\\/pronovias-fashion-group-nuage-pr125dy1\\\/#primaryimage\"},\"thumbnailUrl\":\"https:\\\/\\\/www.koonings.com\\\/wp-content\\\/uploads\\\/2024\\\/11\\\/41053_d9fe48b9320b61672614a4d6af01879d27653366d5e2453415ce425400c614070ac438fb-scaled.jpeg\",\"datePublished\":\"2025-12-14T23:40:09+00:00\",\"dateModified\":\"2026-02-03T17:50:20+00:00\",\"description\":\"Das leichte und elegante NUAGE Kleid wird moderne und romantische Br\u00e4ute verzaubern. Dieses Meerjungfrauenmodell verf\u00fcgt \u00fcber ein Glitzer-Finish, einen tr\u00e4gerlosen herzf\u00f6rmigen Ausschnitt und ein gepolstertes Mieder im Korsettstil. Der schmeichelhafte Rock f\u00e4llt bis zum Knie, bevor er in eine raffinierte Schleppe ausl\u00e4uft. Die Spitzen- und Strassverzierungen schaffen Muster und Formen, die dieses Modell zu einem wahren Kunstwerk machen.\",\"breadcrumb\":{\"@id\":\"https:\\\/\\\/www.koonings.com\\\/de\\\/product\\\/pronovias-fashion-group-nuage-pr125dy1\\\/#breadcrumb\"},\"inLanguage\":\"de\",\"potentialAction\":[{\"@type\":\"ReadAction\",\"target\":[\"https:\\\/\\\/www.koonings.com\\\/de\\\/product\\\/pronovias-fashion-group-nuage-pr125dy1\\\/\"]}]},{\"@type\":\"ImageObject\",\"inLanguage\":\"de\",\"@id\":\"https:\\\/\\\/www.koonings.com\\\/de\\\/product\\\/pronovias-fashion-group-nuage-pr125dy1\\\/#primaryimage\",\"url\":\"https:\\\/\\\/www.koonings.com\\\/wp-content\\\/uploads\\\/2024\\\/11\\\/41053_d9fe48b9320b61672614a4d6af01879d27653366d5e2453415ce425400c614070ac438fb-scaled.jpeg\",\"contentUrl\":\"https:\\\/\\\/www.koonings.com\\\/wp-content\\\/uploads\\\/2024\\\/11\\\/41053_d9fe48b9320b61672614a4d6af01879d27653366d5e2453415ce425400c614070ac438fb-scaled.jpeg\",\"width\":1812,\"height\":2560},{\"@type\":\"BreadcrumbList\",\"@id\":\"https:\\\/\\\/www.koonings.com\\\/de\\\/product\\\/pronovias-fashion-group-nuage-pr125dy1\\\/#breadcrumb\",\"itemListElement\":[{\"@type\":\"ListItem\",\"position\":1,\"name\":\"Home\",\"item\":\"https:\\\/\\\/www.koonings.com\\\/de\\\/\"},{\"@type\":\"ListItem\",\"position\":2,\"name\":\"Pronovias Mode Gruppe Nuage PR125DY1\"}]},{\"@type\":\"WebSite\",\"@id\":\"https:\\\/\\\/www.koonings.com\\\/de\\\/#website\",\"url\":\"https:\\\/\\\/www.koonings.com\\\/de\\\/\",\"name\":\"Koonings\",\"description\":\"De grootste bruidsmodewinkel ter wereld\",\"publisher\":{\"@id\":\"https:\\\/\\\/www.koonings.com\\\/de\\\/#organization\"},\"potentialAction\":[{\"@type\":\"SearchAction\",\"target\":{\"@type\":\"EntryPoint\",\"urlTemplate\":\"https:\\\/\\\/www.koonings.com\\\/de\\\/?s={search_term_string}\"},\"query-input\":{\"@type\":\"PropertyValueSpecification\",\"valueRequired\":true,\"valueName\":\"search_term_string\"}}],\"inLanguage\":\"de\"},{\"@type\":\"Organization\",\"@id\":\"https:\\\/\\\/www.koonings.com\\\/de\\\/#organization\",\"name\":\"Koonings\",\"url\":\"https:\\\/\\\/www.koonings.com\\\/de\\\/\",\"logo\":{\"@type\":\"ImageObject\",\"inLanguage\":\"de\",\"@id\":\"https:\\\/\\\/www.koonings.com\\\/de\\\/#\\\/schema\\\/logo\\\/image\\\/\",\"url\":\"https:\\\/\\\/www.koonings.com\\\/wp-content\\\/uploads\\\/2024\\\/07\\\/logo.png\",\"contentUrl\":\"https:\\\/\\\/www.koonings.com\\\/wp-content\\\/uploads\\\/2024\\\/07\\\/logo.png\",\"width\":600,\"height\":428,\"caption\":\"Koonings\"},\"image\":{\"@id\":\"https:\\\/\\\/www.koonings.com\\\/de\\\/#\\\/schema\\\/logo\\\/image\\\/\"},\"sameAs\":[\"https:\\\/\\\/www.facebook.com\\\/kooningstheweddingpalace\",\"https:\\\/\\\/www.instagram.com\\\/kooningstheweddingpalace\",\"https:\\\/\\\/www.pinterest.com\\\/koonings\",\"https:\\\/\\\/www.youtube.com\\\/kooningstheweddingpalace\"]}]}<\/script>\n<!-- \/ Yoast SEO plugin. -->","yoast_head_json":{"title":"Pronovias Mode Gruppe Nuage PR125DY1 | Koonings","description":"Das leichte und elegante NUAGE Kleid wird moderne und romantische Br\u00e4ute verzaubern. Dieses Meerjungfrauenmodell verf\u00fcgt \u00fcber ein Glitzer-Finish, einen tr\u00e4gerlosen herzf\u00f6rmigen Ausschnitt und ein gepolstertes Mieder im Korsettstil. Der schmeichelhafte Rock f\u00e4llt bis zum Knie, bevor er in eine raffinierte Schleppe ausl\u00e4uft. Die Spitzen- und Strassverzierungen schaffen Muster und Formen, die dieses Modell zu einem wahren Kunstwerk machen.","robots":{"index":"index","follow":"follow","max-snippet":"max-snippet:-1","max-image-preview":"max-image-preview:large","max-video-preview":"max-video-preview:-1"},"canonical":"https:\/\/www.koonings.com\/de\/product\/pronovias-fashion-group-nuage-pr125dy1\/","og_locale":"de_DE","og_type":"article","og_title":"Pronovias Mode Gruppe Nuage PR125DY1 | Koonings","og_description":"Das leichte und elegante NUAGE Kleid wird moderne und romantische Br\u00e4ute verzaubern. Dieses Meerjungfrauenmodell verf\u00fcgt \u00fcber ein Glitzer-Finish, einen tr\u00e4gerlosen herzf\u00f6rmigen Ausschnitt und ein gepolstertes Mieder im Korsettstil. Der schmeichelhafte Rock f\u00e4llt bis zum Knie, bevor er in eine raffinierte Schleppe ausl\u00e4uft. Die Spitzen- und Strassverzierungen schaffen Muster und Formen, die dieses Modell zu einem wahren Kunstwerk machen.","og_url":"https:\/\/www.koonings.com\/de\/product\/pronovias-fashion-group-nuage-pr125dy1\/","og_site_name":"Koonings","article_publisher":"https:\/\/www.facebook.com\/kooningstheweddingpalace","article_modified_time":"2026-02-03T17:50:20+00:00","og_image":[{"width":1812,"height":2560,"url":"https:\/\/www.koonings.com\/wp-content\/uploads\/2024\/11\/41053_d9fe48b9320b61672614a4d6af01879d27653366d5e2453415ce425400c614070ac438fb-scaled.jpeg","type":"image\/jpeg"}],"twitter_card":"summary_large_image","schema":{"@context":"https:\/\/schema.org","@graph":[{"@type":"WebPage","@id":"https:\/\/www.koonings.com\/de\/product\/pronovias-fashion-group-nuage-pr125dy1\/","url":"https:\/\/www.koonings.com\/de\/product\/pronovias-fashion-group-nuage-pr125dy1\/","name":"Pronovias Mode Gruppe Nuage PR125DY1 | Koonings","isPartOf":{"@id":"https:\/\/www.koonings.com\/de\/#website"},"primaryImageOfPage":{"@id":"https:\/\/www.koonings.com\/de\/product\/pronovias-fashion-group-nuage-pr125dy1\/#primaryimage"},"image":{"@id":"https:\/\/www.koonings.com\/de\/product\/pronovias-fashion-group-nuage-pr125dy1\/#primaryimage"},"thumbnailUrl":"https:\/\/www.koonings.com\/wp-content\/uploads\/2024\/11\/41053_d9fe48b9320b61672614a4d6af01879d27653366d5e2453415ce425400c614070ac438fb-scaled.jpeg","datePublished":"2025-12-14T23:40:09+00:00","dateModified":"2026-02-03T17:50:20+00:00","description":"Das leichte und elegante NUAGE Kleid wird moderne und romantische Br\u00e4ute verzaubern. Dieses Meerjungfrauenmodell verf\u00fcgt \u00fcber ein Glitzer-Finish, einen tr\u00e4gerlosen herzf\u00f6rmigen Ausschnitt und ein gepolstertes Mieder im Korsettstil. Der schmeichelhafte Rock f\u00e4llt bis zum Knie, bevor er in eine raffinierte Schleppe ausl\u00e4uft. Die Spitzen- und Strassverzierungen schaffen Muster und Formen, die dieses Modell zu einem wahren Kunstwerk machen.","breadcrumb":{"@id":"https:\/\/www.koonings.com\/de\/product\/pronovias-fashion-group-nuage-pr125dy1\/#breadcrumb"},"inLanguage":"de","potentialAction":[{"@type":"ReadAction","target":["https:\/\/www.koonings.com\/de\/product\/pronovias-fashion-group-nuage-pr125dy1\/"]}]},{"@type":"ImageObject","inLanguage":"de","@id":"https:\/\/www.koonings.com\/de\/product\/pronovias-fashion-group-nuage-pr125dy1\/#primaryimage","url":"https:\/\/www.koonings.com\/wp-content\/uploads\/2024\/11\/41053_d9fe48b9320b61672614a4d6af01879d27653366d5e2453415ce425400c614070ac438fb-scaled.jpeg","contentUrl":"https:\/\/www.koonings.com\/wp-content\/uploads\/2024\/11\/41053_d9fe48b9320b61672614a4d6af01879d27653366d5e2453415ce425400c614070ac438fb-scaled.jpeg","width":1812,"height":2560},{"@type":"BreadcrumbList","@id":"https:\/\/www.koonings.com\/de\/product\/pronovias-fashion-group-nuage-pr125dy1\/#breadcrumb","itemListElement":[{"@type":"ListItem","position":1,"name":"Home","item":"https:\/\/www.koonings.com\/de\/"},{"@type":"ListItem","position":2,"name":"Pronovias Mode Gruppe Nuage PR125DY1"}]},{"@type":"WebSite","@id":"https:\/\/www.koonings.com\/de\/#website","url":"https:\/\/www.koonings.com\/de\/","name":"Koonings","description":"De grootste bruidsmodewinkel ter wereld","publisher":{"@id":"https:\/\/www.koonings.com\/de\/#organization"},"potentialAction":[{"@type":"SearchAction","target":{"@type":"EntryPoint","urlTemplate":"https:\/\/www.koonings.com\/de\/?s={search_term_string}"},"query-input":{"@type":"PropertyValueSpecification","valueRequired":true,"valueName":"search_term_string"}}],"inLanguage":"de"},{"@type":"Organization","@id":"https:\/\/www.koonings.com\/de\/#organization","name":"Koonings","url":"https:\/\/www.koonings.com\/de\/","logo":{"@type":"ImageObject","inLanguage":"de","@id":"https:\/\/www.koonings.com\/de\/#\/schema\/logo\/image\/","url":"https:\/\/www.koonings.com\/wp-content\/uploads\/2024\/07\/logo.png","contentUrl":"https:\/\/www.koonings.com\/wp-content\/uploads\/2024\/07\/logo.png","width":600,"height":428,"caption":"Koonings"},"image":{"@id":"https:\/\/www.koonings.com\/de\/#\/schema\/logo\/image\/"},"sameAs":["https:\/\/www.facebook.com\/kooningstheweddingpalace","https:\/\/www.instagram.com\/kooningstheweddingpalace","https:\/\/www.pinterest.com\/koonings","https:\/\/www.youtube.com\/kooningstheweddingpalace"]}]}},"_links":{"self":[{"href":"https:\/\/www.koonings.com\/de\/wp-json\/wp\/v2\/product\/59142","targetHints":{"allow":["GET"]}}],"collection":[{"href":"https:\/\/www.koonings.com\/de\/wp-json\/wp\/v2\/product"}],"about":[{"href":"https:\/\/www.koonings.com\/de\/wp-json\/wp\/v2\/types\/product"}],"wp:featuredmedia":[{"embeddable":true,"href":"https:\/\/www.koonings.com\/de\/wp-json\/wp\/v2\/media\/49695"}],"wp:attachment":[{"href":"https:\/\/www.koonings.com\/de\/wp-json\/wp\/v2\/media?parent=59142"}],"wp:term":[{"taxonomy":"productdetails","embeddable":true,"href":"https:\/\/www.koonings.com\/de\/wp-json\/wp\/v2\/productdetails?post=59142"},{"taxonomy":"productneck","embeddable":true,"href":"https:\/\/www.koonings.com\/de\/wp-json\/wp\/v2\/productneck?post=59142"},{"taxonomy":"productcolor","embeddable":true,"href":"https:\/\/www.koonings.com\/de\/wp-json\/wp\/v2\/productcolor?post=59142"},{"taxonomy":"maat","embeddable":true,"href":"https:\/\/www.koonings.com\/de\/wp-json\/wp\/v2\/maat?post=59142"},{"taxonomy":"productsupplier","embeddable":true,"href":"https:\/\/www.koonings.com\/de\/wp-json\/wp\/v2\/productsupplier?post=59142"},{"taxonomy":"productsleeve","embeddable":true,"href":"https:\/\/www.koonings.com\/de\/wp-json\/wp\/v2\/productsleeve?post=59142"},{"taxonomy":"productcategory","embeddable":true,"href":"https:\/\/www.koonings.com\/de\/wp-json\/wp\/v2\/productcategory?post=59142"},{"taxonomy":"productsilhouette","embeddable":true,"href":"https:\/\/www.koonings.com\/de\/wp-json\/wp\/v2\/productsilhouette?post=59142"},{"taxonomy":"productstyle","embeddable":true,"href":"https:\/\/www.koonings.com\/de\/wp-json\/wp\/v2\/productstyle?post=59142"}],"curies":[{"name":"wp","href":"https:\/\/api.w.org\/{rel}","templated":true}]}}